{"id":38800,"date":"2025-06-12T16:12:24","date_gmt":"2025-06-12T14:12:24","guid":{"rendered":"https:\/\/www.axiomams.eu\/produktas\/flir-scout-iii-640-termokamera-bijusi-demo"},"modified":"2026-03-25T16:58:19","modified_gmt":"2026-03-25T14:58:19","slug":"flir-scout-iii-640-termokamera-bijusi-demo","status":"publish","type":"product","link":"https:\/\/www.axiomams.eu\/lv\/produktas\/flir-scout-iii-640-termokamera-bijusi-demo","title":{"rendered":"Flir Scout III 640 termokamera (bijus\u012b demo)"},"content":{"rendered":"<p>Pateicoties nelielajam izm\u0113ram, vieglajam svaram un jaud\u012bgajai att\u0113lu ieg\u016b\u0161anai, Scout III 640 \u013cauj ilgsto\u0161i sken\u0113t pla\u0161as vides teritorijas bez roku noguruma. Vienk\u0101r\u0161a lieto\u0161ana nodro\u0161ina, ka varat pa\u013cauties uz to, lai ieg\u016btu nepiecie\u0161amo vizu\u0101lo inform\u0101ciju gan dien\u0101, gan nakt\u012b, kam\u0113r j\u016bs koncentr\u0113jaties uz svar\u012bg\u0101k\u0101m liet\u0101m.<br \/>\nT\u0101pat k\u0101 visas FLIR termokameras, ar\u012b Scout II s\u0113rijas termokameras rada att\u0113lus no siltuma, nevis gaismas, t\u0101d\u0113j\u0101di sniedzot jums taktiskas priek\u0161roc\u012bbas dab\u0101. J\u016bs varat p\u0101rvietoties pa nel\u012bdzenu apvidu, lai uzm\u0113r\u012btu &#8220;perfektu vietu&#8221; kr\u0113slas laik\u0101, pirms r\u012btausmas un pat tad, kad \u0101r\u0101 ir melns laiks. J\u016bs varat atkl\u0101t nakts dz\u012bvniekus, atrast kl\u012bsto\u0161os savas grupas biedrus, atrast pazudu\u0161os m\u0101jlopus vai paman\u012bt nokl\u012bdu\u0161u med\u012bjumu. J\u016bs varat izmantot Scout, lai pal\u012bdz\u0113tu saskat\u012bt caur vieglu miglu, d\u016bmiem vai taku putek\u013ciem, un pat izmantot to, lai pal\u012bdz\u0113tu izol\u0113t savu m\u0101ju, p\u0101rbaud\u012bt lietas, kas notiek nakt\u012b, un daudz ko citu.<\/p>\n<p>Standarta komplekt\u0101: rokas term\u0101l\u0101 nakts redzam\u012bbas kamera, rokas siksna, USB kabelis, molle soma, lietot\u0101ja rokasgr\u0101mata.<\/p>\n<h3>Tehnisk\u0101 inform\u0101cija:<\/h3>\n<ul>\n<li><a href=\"https:\/\/axiomams.eu\/importer\/export\/attachments\/en\/scout-iii-sell-sheet.pdf\" target=\"_blank\">SCOUT-III-sell-sheet.pdf<\/a><\/li>\n<\/ul>\n","protected":false},"excerpt":{"rendered":"<p>Pateicoties nelielajam izm\u0113ram, vieglajam svaram un jaud\u012bgajai att\u0113lu ieg\u016b\u0161anai, Scout III 640 \u013cauj ilgsto\u0161i sken\u0113t pla\u0161as vides teritorijas bez roku noguruma. Vienk\u0101r\u0161a lieto\u0161ana nodro\u0161ina, ka varat pa\u013cauties uz to, lai ieg\u016btu nepiecie\u0161amo vizu\u0101lo inform\u0101ciju gan dien\u0101, gan nakt\u012b, kam\u0113r j\u016bs koncentr\u0113jaties uz svar\u012bg\u0101k\u0101m liet\u0101m. T\u0101pat k\u0101 visas FLIR termokameras, ar\u012b Scout II s\u0113rijas termokameras rada&#8230;<\/p>\n","protected":false},"featured_media":41294,"comment_status":"open","ping_status":"closed","template":"","meta":{"_acf_changed":false},"product_brand":[734],"product_cat":[17733],"product_tag":[],"class_list":{"0":"post-38800","1":"product","2":"type-product","3":"status-publish","4":"has-post-thumbnail","6":"product_brand-flir","7":"product_cat-medibam-un-noverosanai","9":"first","10":"instock","11":"taxable","12":"shipping-taxable","13":"purchasable","14":"product-type-simple"},"acf":[],"yoast_head":"<!-- This site is optimized with the Yoast SEO plugin v27.0 - https:\/\/yoast.com\/product\/yoast-seo-wordpress\/ -->\n<title>Flir Scout III 640 termokamera (bijus\u012b demo) - AXIOMA MS<\/title>\n<meta name=\"robots\" content=\"index, follow, max-snippet:-1, max-image-preview:large, max-video-preview:-1\" \/>\n<link rel=\"canonical\" href=\"https:\/\/www.axiomams.eu\/lv\/produktas\/flir-scout-iii-640-termokamera-bijusi-demo\" \/>\n<meta property=\"og:locale\" content=\"lv_LV\" \/>\n<meta property=\"og:type\" content=\"article\" \/>\n<meta property=\"og:title\" content=\"Flir Scout III 640 termokamera (bijus\u012b demo) - AXIOMA MS\" \/>\n<meta property=\"og:description\" content=\"Pateicoties nelielajam izm\u0113ram, vieglajam svaram un jaud\u012bgajai att\u0113lu ieg\u016b\u0161anai, Scout III 640 \u013cauj ilgsto\u0161i sken\u0113t pla\u0161as vides teritorijas bez roku noguruma. Vienk\u0101r\u0161a lieto\u0161ana nodro\u0161ina, ka varat pa\u013cauties uz to, lai ieg\u016btu nepiecie\u0161amo vizu\u0101lo inform\u0101ciju gan dien\u0101, gan nakt\u012b, kam\u0113r j\u016bs koncentr\u0113jaties uz svar\u012bg\u0101k\u0101m liet\u0101m. T\u0101pat k\u0101 visas FLIR termokameras, ar\u012b Scout II s\u0113rijas termokameras rada...\" \/>\n<meta property=\"og:url\" content=\"https:\/\/www.axiomams.eu\/lv\/produktas\/flir-scout-iii-640-termokamera-bijusi-demo\" \/>\n<meta property=\"og:site_name\" content=\"AXIOMA MS\" \/>\n<meta property=\"article:publisher\" content=\"https:\/\/www.facebook.com\/AxiomaMS\" \/>\n<meta property=\"article:modified_time\" content=\"2026-03-25T14:58:19+00:00\" \/>\n<meta property=\"og:image\" content=\"https:\/\/www.axiomams.eu\/wp-content\/uploads\/2025\/07\/1996-3010.jpg\" \/>\n\t<meta property=\"og:image:width\" content=\"1122\" \/>\n\t<meta property=\"og:image:height\" content=\"1020\" \/>\n\t<meta property=\"og:image:type\" content=\"image\/jpeg\" \/>\n<meta name=\"twitter:card\" content=\"summary_large_image\" \/>\n<meta name=\"twitter:label1\" content=\"Est. reading time\" \/>\n\t<meta name=\"twitter:data1\" content=\"1 minute\" \/>\n<script type=\"application\/ld+json\" class=\"yoast-schema-graph\">{\"@context\":\"https:\/\/schema.org\",\"@graph\":[{\"@type\":\"WebPage\",\"@id\":\"https:\/\/www.axiomams.eu\/lv\/produktas\/flir-scout-iii-640-termokamera-bijusi-demo\",\"url\":\"https:\/\/www.axiomams.eu\/lv\/produktas\/flir-scout-iii-640-termokamera-bijusi-demo\",\"name\":\"Flir Scout III 640 termokamera (bijus\u012b demo) - AXIOMA MS\",\"isPartOf\":{\"@id\":\"https:\/\/www.axiomams.eu\/lv#website\"},\"primaryImageOfPage\":{\"@id\":\"https:\/\/www.axiomams.eu\/lv\/produktas\/flir-scout-iii-640-termokamera-bijusi-demo#primaryimage\"},\"image\":{\"@id\":\"https:\/\/www.axiomams.eu\/lv\/produktas\/flir-scout-iii-640-termokamera-bijusi-demo#primaryimage\"},\"thumbnailUrl\":\"https:\/\/www.axiomams.eu\/wp-content\/uploads\/2025\/07\/1996-3010.jpg\",\"datePublished\":\"2025-06-12T14:12:24+00:00\",\"dateModified\":\"2026-03-25T14:58:19+00:00\",\"breadcrumb\":{\"@id\":\"https:\/\/www.axiomams.eu\/lv\/produktas\/flir-scout-iii-640-termokamera-bijusi-demo#breadcrumb\"},\"inLanguage\":\"lv-LV\",\"potentialAction\":[{\"@type\":\"ReadAction\",\"target\":[\"https:\/\/www.axiomams.eu\/lv\/produktas\/flir-scout-iii-640-termokamera-bijusi-demo\"]}]},{\"@type\":\"ImageObject\",\"inLanguage\":\"lv-LV\",\"@id\":\"https:\/\/www.axiomams.eu\/lv\/produktas\/flir-scout-iii-640-termokamera-bijusi-demo#primaryimage\",\"url\":\"https:\/\/www.axiomams.eu\/wp-content\/uploads\/2025\/07\/1996-3010.jpg\",\"contentUrl\":\"https:\/\/www.axiomams.eu\/wp-content\/uploads\/2025\/07\/1996-3010.jpg\",\"width\":1122,\"height\":1020},{\"@type\":\"BreadcrumbList\",\"@id\":\"https:\/\/www.axiomams.eu\/lv\/produktas\/flir-scout-iii-640-termokamera-bijusi-demo#breadcrumb\",\"itemListElement\":[{\"@type\":\"ListItem\",\"position\":1,\"name\":\"Home\",\"item\":\"https:\/\/www.axiomams.eu\/lv\"},{\"@type\":\"ListItem\",\"position\":2,\"name\":\"Produkti\",\"item\":\"https:\/\/www.axiomams.eu\/lv\/produkti\"},{\"@type\":\"ListItem\",\"position\":3,\"name\":\"Flir Scout III 640 termokamera (bijus\u012b demo)\"}]},{\"@type\":\"WebSite\",\"@id\":\"https:\/\/www.axiomams.eu\/lv#website\",\"url\":\"https:\/\/www.axiomams.eu\/lv\",\"name\":\"AXIOMA MS\",\"description\":\"Terrmovizoriai ir matavimo \u012franga\",\"publisher\":{\"@id\":\"https:\/\/www.axiomams.eu\/lv#organization\"},\"potentialAction\":[{\"@type\":\"SearchAction\",\"target\":{\"@type\":\"EntryPoint\",\"urlTemplate\":\"https:\/\/www.axiomams.eu\/lv?s={search_term_string}\"},\"query-input\":{\"@type\":\"PropertyValueSpecification\",\"valueRequired\":true,\"valueName\":\"search_term_string\"}}],\"inLanguage\":\"lv-LV\"},{\"@type\":\"Organization\",\"@id\":\"https:\/\/www.axiomams.eu\/lv#organization\",\"name\":\"AXIOMA MS\",\"url\":\"https:\/\/www.axiomams.eu\/lv\",\"logo\":{\"@type\":\"ImageObject\",\"inLanguage\":\"lv-LV\",\"@id\":\"https:\/\/www.axiomams.eu\/lv#\/schema\/logo\/image\/\",\"url\":\"https:\/\/www.axiomams.eu\/wp-content\/uploads\/2025\/06\/axioma-logo-2.png\",\"contentUrl\":\"https:\/\/www.axiomams.eu\/wp-content\/uploads\/2025\/06\/axioma-logo-2.png\",\"width\":1200,\"height\":1200,\"caption\":\"AXIOMA MS\"},\"image\":{\"@id\":\"https:\/\/www.axiomams.eu\/lv#\/schema\/logo\/image\/\"},\"sameAs\":[\"https:\/\/www.facebook.com\/AxiomaMS\",\"https:\/\/www.linkedin.com\/company\/axiomams\/\"]}]}<\/script>\n<!-- \/ Yoast SEO plugin. -->","yoast_head_json":{"title":"Flir Scout III 640 termokamera (bijus\u012b demo) - AXIOMA MS","robots":{"index":"index","follow":"follow","max-snippet":"max-snippet:-1","max-image-preview":"max-image-preview:large","max-video-preview":"max-video-preview:-1"},"canonical":"https:\/\/www.axiomams.eu\/lv\/produktas\/flir-scout-iii-640-termokamera-bijusi-demo","og_locale":"lv_LV","og_type":"article","og_title":"Flir Scout III 640 termokamera (bijus\u012b demo) - AXIOMA MS","og_description":"Pateicoties nelielajam izm\u0113ram, vieglajam svaram un jaud\u012bgajai att\u0113lu ieg\u016b\u0161anai, Scout III 640 \u013cauj ilgsto\u0161i sken\u0113t pla\u0161as vides teritorijas bez roku noguruma. Vienk\u0101r\u0161a lieto\u0161ana nodro\u0161ina, ka varat pa\u013cauties uz to, lai ieg\u016btu nepiecie\u0161amo vizu\u0101lo inform\u0101ciju gan dien\u0101, gan nakt\u012b, kam\u0113r j\u016bs koncentr\u0113jaties uz svar\u012bg\u0101k\u0101m liet\u0101m. T\u0101pat k\u0101 visas FLIR termokameras, ar\u012b Scout II s\u0113rijas termokameras rada...","og_url":"https:\/\/www.axiomams.eu\/lv\/produktas\/flir-scout-iii-640-termokamera-bijusi-demo","og_site_name":"AXIOMA MS","article_publisher":"https:\/\/www.facebook.com\/AxiomaMS","article_modified_time":"2026-03-25T14:58:19+00:00","og_image":[{"width":1122,"height":1020,"url":"https:\/\/www.axiomams.eu\/wp-content\/uploads\/2025\/07\/1996-3010.jpg","type":"image\/jpeg"}],"twitter_card":"summary_large_image","twitter_misc":{"Est. reading time":"1 minute"},"schema":{"@context":"https:\/\/schema.org","@graph":[{"@type":"WebPage","@id":"https:\/\/www.axiomams.eu\/lv\/produktas\/flir-scout-iii-640-termokamera-bijusi-demo","url":"https:\/\/www.axiomams.eu\/lv\/produktas\/flir-scout-iii-640-termokamera-bijusi-demo","name":"Flir Scout III 640 termokamera (bijus\u012b demo) - AXIOMA MS","isPartOf":{"@id":"https:\/\/www.axiomams.eu\/lv#website"},"primaryImageOfPage":{"@id":"https:\/\/www.axiomams.eu\/lv\/produktas\/flir-scout-iii-640-termokamera-bijusi-demo#primaryimage"},"image":{"@id":"https:\/\/www.axiomams.eu\/lv\/produktas\/flir-scout-iii-640-termokamera-bijusi-demo#primaryimage"},"thumbnailUrl":"https:\/\/www.axiomams.eu\/wp-content\/uploads\/2025\/07\/1996-3010.jpg","datePublished":"2025-06-12T14:12:24+00:00","dateModified":"2026-03-25T14:58:19+00:00","breadcrumb":{"@id":"https:\/\/www.axiomams.eu\/lv\/produktas\/flir-scout-iii-640-termokamera-bijusi-demo#breadcrumb"},"inLanguage":"lv-LV","potentialAction":[{"@type":"ReadAction","target":["https:\/\/www.axiomams.eu\/lv\/produktas\/flir-scout-iii-640-termokamera-bijusi-demo"]}]},{"@type":"ImageObject","inLanguage":"lv-LV","@id":"https:\/\/www.axiomams.eu\/lv\/produktas\/flir-scout-iii-640-termokamera-bijusi-demo#primaryimage","url":"https:\/\/www.axiomams.eu\/wp-content\/uploads\/2025\/07\/1996-3010.jpg","contentUrl":"https:\/\/www.axiomams.eu\/wp-content\/uploads\/2025\/07\/1996-3010.jpg","width":1122,"height":1020},{"@type":"BreadcrumbList","@id":"https:\/\/www.axiomams.eu\/lv\/produktas\/flir-scout-iii-640-termokamera-bijusi-demo#breadcrumb","itemListElement":[{"@type":"ListItem","position":1,"name":"Home","item":"https:\/\/www.axiomams.eu\/lv"},{"@type":"ListItem","position":2,"name":"Produkti","item":"https:\/\/www.axiomams.eu\/lv\/produkti"},{"@type":"ListItem","position":3,"name":"Flir Scout III 640 termokamera (bijus\u012b demo)"}]},{"@type":"WebSite","@id":"https:\/\/www.axiomams.eu\/lv#website","url":"https:\/\/www.axiomams.eu\/lv","name":"AXIOMA MS","description":"Terrmovizoriai ir matavimo \u012franga","publisher":{"@id":"https:\/\/www.axiomams.eu\/lv#organization"},"potentialAction":[{"@type":"SearchAction","target":{"@type":"EntryPoint","urlTemplate":"https:\/\/www.axiomams.eu\/lv?s={search_term_string}"},"query-input":{"@type":"PropertyValueSpecification","valueRequired":true,"valueName":"search_term_string"}}],"inLanguage":"lv-LV"},{"@type":"Organization","@id":"https:\/\/www.axiomams.eu\/lv#organization","name":"AXIOMA MS","url":"https:\/\/www.axiomams.eu\/lv","logo":{"@type":"ImageObject","inLanguage":"lv-LV","@id":"https:\/\/www.axiomams.eu\/lv#\/schema\/logo\/image\/","url":"https:\/\/www.axiomams.eu\/wp-content\/uploads\/2025\/06\/axioma-logo-2.png","contentUrl":"https:\/\/www.axiomams.eu\/wp-content\/uploads\/2025\/06\/axioma-logo-2.png","width":1200,"height":1200,"caption":"AXIOMA MS"},"image":{"@id":"https:\/\/www.axiomams.eu\/lv#\/schema\/logo\/image\/"},"sameAs":["https:\/\/www.facebook.com\/AxiomaMS","https:\/\/www.linkedin.com\/company\/axiomams\/"]}]}},"_links":{"self":[{"href":"https:\/\/www.axiomams.eu\/lv\/wp-json\/wp\/v2\/product\/38800","targetHints":{"allow":["GET"]}}],"collection":[{"href":"https:\/\/www.axiomams.eu\/lv\/wp-json\/wp\/v2\/product"}],"about":[{"href":"https:\/\/www.axiomams.eu\/lv\/wp-json\/wp\/v2\/types\/product"}],"replies":[{"embeddable":true,"href":"https:\/\/www.axiomams.eu\/lv\/wp-json\/wp\/v2\/comments?post=38800"}],"wp:featuredmedia":[{"embeddable":true,"href":"https:\/\/www.axiomams.eu\/lv\/wp-json\/wp\/v2\/media\/41294"}],"wp:attachment":[{"href":"https:\/\/www.axiomams.eu\/lv\/wp-json\/wp\/v2\/media?parent=38800"}],"wp:term":[{"taxonomy":"product_brand","embeddable":true,"href":"https:\/\/www.axiomams.eu\/lv\/wp-json\/wp\/v2\/product_brand?post=38800"},{"taxonomy":"product_cat","embeddable":true,"href":"https:\/\/www.axiomams.eu\/lv\/wp-json\/wp\/v2\/product_cat?post=38800"},{"taxonomy":"product_tag","embeddable":true,"href":"https:\/\/www.axiomams.eu\/lv\/wp-json\/wp\/v2\/product_tag?post=38800"}],"curies":[{"name":"wp","href":"https:\/\/api.w.org\/{rel}","templated":true}]}}