{"id":38805,"date":"2025-05-15T17:55:14","date_gmt":"2025-05-15T15:55:14","guid":{"rendered":"https:\/\/www.axiomams.eu\/produktas\/metrel-mi-3114-ps-pv-testeris"},"modified":"2026-03-25T16:58:20","modified_gmt":"2026-03-25T14:58:20","slug":"metrel-mi-3114-ps-pv-testeris","status":"publish","type":"product","link":"https:\/\/www.axiomams.eu\/lv\/produktas\/metrel-mi-3114-ps-pv-testeris","title":{"rendered":"Metrel MI 3114 PS PV testeris"},"content":{"rendered":"<p>Metrel MI 3114 PV Tester ir jaud\u012bgs instruments fotoelementu (PV) sist\u0113mu test\u0113\u0161anai ar maksim\u0101lo sist\u0113mas spriegumu l\u012bdz 1500 V un maksim\u0101lo \u012bssl\u0113guma str\u0101vu 40 A. Tas atbalsta test\u0113\u0161anu saska\u0146\u0101 ar IEC 62446-1 standartu un atbalsta visas m\u0113r\u012b\u0161anas proced\u016bras, kas aptver visus 1. kategorijas testus. Tas ietver PV specifiskus m\u0113r\u012bjumus, piem\u0113ram, PV virk\u0146u izol\u0101cijas pretest\u012bbas m\u0113r\u012bjumus, Isc un Uoc m\u0113r\u012bjumus, k\u0101 ar\u012b izm\u0113r\u012bto rezult\u0101tu apr\u0113\u0137in\u0101\u0161anu l\u012bdz STC v\u0113rt\u012bb\u0101m un sal\u012bdzin\u0101\u0161anu ar PV modu\u013ca ra\u017eot\u0101ja nor\u0101d\u012btaj\u0101m nomin\u0101laj\u0101m v\u0113rt\u012bb\u0101m. Apstarojumu un \u0161\u016bnu temperat\u016bru m\u0113ra re\u0101llaik\u0101, izmantojot bezvadu t\u0101lvad\u012bbas ier\u012bci. Turkl\u0101t visi 1. kategorijas testi tiek apkopoti vien\u0101 autom\u0101tiskaj\u0101 test\u0101, kas \u013cauj lietot\u0101jam veikt visus testus ar vienu starta pogas piesk\u0101rienu. Instrumentu var vad\u012bt, izmantojot lielu kr\u0101sainu sk\u0101rienekr\u0101nu, no kura lietot\u0101js var sagatavot un s\u0101kt izv\u0113l\u0113tos testus vai m\u0113r\u012bjumus, saglab\u0101t rezult\u0101tus un tos p\u0101rskat\u012bt. Ir iesp\u0113jams ar\u012b main\u012bt iepriek\u0161 nepareizi ievad\u012btos parametrus jau veiktam m\u0113r\u012bjumam vai m\u0113r\u012bjumu grupai.<\/p>\n<p>MI 3114 Pro komplekts<br \/>\nStandarta komplekts MI 3114 ST<br \/>\nA 1785 PV t\u0101lvad\u012bbas pults<br \/>\nA 1833 PV temperat\u016bras sensors<br \/>\nA 1834 PV atskaites elements<br \/>\n2x A 1835 Skava piederumu piestiprin\u0101\u0161anai<br \/>\nA 1791 P\u0101rn\u0113s\u0101\u0161anas siksna ar savelko\u0161u spr\u0101dzi<br \/>\nS 2080 6 Uzl\u0101d\u0113jamas baterijas 1,2 V, 2100 mAh, AA tipa<br \/>\nA 1548 Baro\u0161anas adapteris 0,5A\/12V<br \/>\nA 1785 kalibr\u0113\u0161anas sertifik\u0101ts<\/p>\n<h3>Tehnisk\u0101 inform\u0101cija:<\/h3>\n<ul>\n<li><a href=\"https:\/\/axiomams.eu\/importer\/export\/attachments\/en\/metrel-mi-3114-pv.pdf\" target=\"_blank\">Metrel MI 3114 PV.pdf<\/a><\/li>\n<\/ul>\n","protected":false},"excerpt":{"rendered":"<p>Metrel MI 3114 PV Tester ir jaud\u012bgs instruments fotoelementu (PV) sist\u0113mu test\u0113\u0161anai ar maksim\u0101lo sist\u0113mas spriegumu l\u012bdz 1500 V un maksim\u0101lo \u012bssl\u0113guma str\u0101vu 40 A. Tas atbalsta test\u0113\u0161anu saska\u0146\u0101 ar IEC 62446-1 standartu un atbalsta visas m\u0113r\u012b\u0161anas proced\u016bras, kas aptver visus 1. kategorijas testus. Tas ietver PV specifiskus m\u0113r\u012bjumus, piem\u0113ram, PV virk\u0146u izol\u0101cijas pretest\u012bbas m\u0113r\u012bjumus,&#8230;<\/p>\n","protected":false},"featured_media":43605,"comment_status":"open","ping_status":"closed","template":"","meta":{"_acf_changed":false},"product_brand":[732],"product_cat":[17717],"product_tag":[],"class_list":{"0":"post-38805","1":"product","2":"type-product","3":"status-publish","4":"has-post-thumbnail","6":"product_brand-metrel","7":"product_cat-pv-testesanai","9":"first","10":"instock","11":"taxable","12":"shipping-taxable","13":"purchasable","14":"product-type-simple"},"acf":[],"yoast_head":"<!-- This site is optimized with the Yoast SEO plugin v27.0 - https:\/\/yoast.com\/product\/yoast-seo-wordpress\/ -->\n<title>Metrel MI 3114 PS PV testeris - AXIOMA MS<\/title>\n<meta name=\"robots\" content=\"index, follow, max-snippet:-1, max-image-preview:large, max-video-preview:-1\" \/>\n<link rel=\"canonical\" href=\"https:\/\/www.axiomams.eu\/lv\/produktas\/metrel-mi-3114-ps-pv-testeris\" \/>\n<meta property=\"og:locale\" content=\"lv_LV\" \/>\n<meta property=\"og:type\" content=\"article\" \/>\n<meta property=\"og:title\" content=\"Metrel MI 3114 PS PV testeris - AXIOMA MS\" \/>\n<meta property=\"og:description\" content=\"Metrel MI 3114 PV Tester ir jaud\u012bgs instruments fotoelementu (PV) sist\u0113mu test\u0113\u0161anai ar maksim\u0101lo sist\u0113mas spriegumu l\u012bdz 1500 V un maksim\u0101lo \u012bssl\u0113guma str\u0101vu 40 A. Tas atbalsta test\u0113\u0161anu saska\u0146\u0101 ar IEC 62446-1 standartu un atbalsta visas m\u0113r\u012b\u0161anas proced\u016bras, kas aptver visus 1. kategorijas testus. Tas ietver PV specifiskus m\u0113r\u012bjumus, piem\u0113ram, PV virk\u0146u izol\u0101cijas pretest\u012bbas m\u0113r\u012bjumus,...\" \/>\n<meta property=\"og:url\" content=\"https:\/\/www.axiomams.eu\/lv\/produktas\/metrel-mi-3114-ps-pv-testeris\" \/>\n<meta property=\"og:site_name\" content=\"AXIOMA MS\" \/>\n<meta property=\"article:publisher\" content=\"https:\/\/www.facebook.com\/AxiomaMS\" \/>\n<meta property=\"article:modified_time\" content=\"2026-03-25T14:58:20+00:00\" \/>\n<meta property=\"og:image\" content=\"https:\/\/www.axiomams.eu\/wp-content\/uploads\/2025\/12\/4627-5952.jpg\" \/>\n\t<meta property=\"og:image:width\" content=\"515\" \/>\n\t<meta property=\"og:image:height\" content=\"334\" \/>\n\t<meta property=\"og:image:type\" content=\"image\/jpeg\" \/>\n<meta name=\"twitter:card\" content=\"summary_large_image\" \/>\n<meta name=\"twitter:label1\" content=\"Est. reading time\" \/>\n\t<meta name=\"twitter:data1\" content=\"1 minute\" \/>\n<script type=\"application\/ld+json\" class=\"yoast-schema-graph\">{\"@context\":\"https:\/\/schema.org\",\"@graph\":[{\"@type\":\"WebPage\",\"@id\":\"https:\/\/www.axiomams.eu\/lv\/produktas\/metrel-mi-3114-ps-pv-testeris\",\"url\":\"https:\/\/www.axiomams.eu\/lv\/produktas\/metrel-mi-3114-ps-pv-testeris\",\"name\":\"Metrel MI 3114 PS PV testeris - AXIOMA MS\",\"isPartOf\":{\"@id\":\"https:\/\/www.axiomams.eu\/lv#website\"},\"primaryImageOfPage\":{\"@id\":\"https:\/\/www.axiomams.eu\/lv\/produktas\/metrel-mi-3114-ps-pv-testeris#primaryimage\"},\"image\":{\"@id\":\"https:\/\/www.axiomams.eu\/lv\/produktas\/metrel-mi-3114-ps-pv-testeris#primaryimage\"},\"thumbnailUrl\":\"https:\/\/www.axiomams.eu\/wp-content\/uploads\/2025\/12\/4627-5952.jpg\",\"datePublished\":\"2025-05-15T15:55:14+00:00\",\"dateModified\":\"2026-03-25T14:58:20+00:00\",\"breadcrumb\":{\"@id\":\"https:\/\/www.axiomams.eu\/lv\/produktas\/metrel-mi-3114-ps-pv-testeris#breadcrumb\"},\"inLanguage\":\"lv-LV\",\"potentialAction\":[{\"@type\":\"ReadAction\",\"target\":[\"https:\/\/www.axiomams.eu\/lv\/produktas\/metrel-mi-3114-ps-pv-testeris\"]}]},{\"@type\":\"ImageObject\",\"inLanguage\":\"lv-LV\",\"@id\":\"https:\/\/www.axiomams.eu\/lv\/produktas\/metrel-mi-3114-ps-pv-testeris#primaryimage\",\"url\":\"https:\/\/www.axiomams.eu\/wp-content\/uploads\/2025\/12\/4627-5952.jpg\",\"contentUrl\":\"https:\/\/www.axiomams.eu\/wp-content\/uploads\/2025\/12\/4627-5952.jpg\",\"width\":515,\"height\":334},{\"@type\":\"BreadcrumbList\",\"@id\":\"https:\/\/www.axiomams.eu\/lv\/produktas\/metrel-mi-3114-ps-pv-testeris#breadcrumb\",\"itemListElement\":[{\"@type\":\"ListItem\",\"position\":1,\"name\":\"Home\",\"item\":\"https:\/\/www.axiomams.eu\/lv\"},{\"@type\":\"ListItem\",\"position\":2,\"name\":\"Produkti\",\"item\":\"https:\/\/www.axiomams.eu\/lv\/produkti\"},{\"@type\":\"ListItem\",\"position\":3,\"name\":\"Metrel MI 3114 PS PV testeris\"}]},{\"@type\":\"WebSite\",\"@id\":\"https:\/\/www.axiomams.eu\/lv#website\",\"url\":\"https:\/\/www.axiomams.eu\/lv\",\"name\":\"AXIOMA MS\",\"description\":\"Terrmovizoriai ir matavimo \u012franga\",\"publisher\":{\"@id\":\"https:\/\/www.axiomams.eu\/lv#organization\"},\"potentialAction\":[{\"@type\":\"SearchAction\",\"target\":{\"@type\":\"EntryPoint\",\"urlTemplate\":\"https:\/\/www.axiomams.eu\/lv?s={search_term_string}\"},\"query-input\":{\"@type\":\"PropertyValueSpecification\",\"valueRequired\":true,\"valueName\":\"search_term_string\"}}],\"inLanguage\":\"lv-LV\"},{\"@type\":\"Organization\",\"@id\":\"https:\/\/www.axiomams.eu\/lv#organization\",\"name\":\"AXIOMA MS\",\"url\":\"https:\/\/www.axiomams.eu\/lv\",\"logo\":{\"@type\":\"ImageObject\",\"inLanguage\":\"lv-LV\",\"@id\":\"https:\/\/www.axiomams.eu\/lv#\/schema\/logo\/image\/\",\"url\":\"https:\/\/www.axiomams.eu\/wp-content\/uploads\/2025\/06\/axioma-logo-2.png\",\"contentUrl\":\"https:\/\/www.axiomams.eu\/wp-content\/uploads\/2025\/06\/axioma-logo-2.png\",\"width\":1200,\"height\":1200,\"caption\":\"AXIOMA MS\"},\"image\":{\"@id\":\"https:\/\/www.axiomams.eu\/lv#\/schema\/logo\/image\/\"},\"sameAs\":[\"https:\/\/www.facebook.com\/AxiomaMS\",\"https:\/\/www.linkedin.com\/company\/axiomams\/\"]}]}<\/script>\n<!-- \/ Yoast SEO plugin. -->","yoast_head_json":{"title":"Metrel MI 3114 PS PV testeris - AXIOMA MS","robots":{"index":"index","follow":"follow","max-snippet":"max-snippet:-1","max-image-preview":"max-image-preview:large","max-video-preview":"max-video-preview:-1"},"canonical":"https:\/\/www.axiomams.eu\/lv\/produktas\/metrel-mi-3114-ps-pv-testeris","og_locale":"lv_LV","og_type":"article","og_title":"Metrel MI 3114 PS PV testeris - AXIOMA MS","og_description":"Metrel MI 3114 PV Tester ir jaud\u012bgs instruments fotoelementu (PV) sist\u0113mu test\u0113\u0161anai ar maksim\u0101lo sist\u0113mas spriegumu l\u012bdz 1500 V un maksim\u0101lo \u012bssl\u0113guma str\u0101vu 40 A. Tas atbalsta test\u0113\u0161anu saska\u0146\u0101 ar IEC 62446-1 standartu un atbalsta visas m\u0113r\u012b\u0161anas proced\u016bras, kas aptver visus 1. kategorijas testus. Tas ietver PV specifiskus m\u0113r\u012bjumus, piem\u0113ram, PV virk\u0146u izol\u0101cijas pretest\u012bbas m\u0113r\u012bjumus,...","og_url":"https:\/\/www.axiomams.eu\/lv\/produktas\/metrel-mi-3114-ps-pv-testeris","og_site_name":"AXIOMA MS","article_publisher":"https:\/\/www.facebook.com\/AxiomaMS","article_modified_time":"2026-03-25T14:58:20+00:00","og_image":[{"width":515,"height":334,"url":"https:\/\/www.axiomams.eu\/wp-content\/uploads\/2025\/12\/4627-5952.jpg","type":"image\/jpeg"}],"twitter_card":"summary_large_image","twitter_misc":{"Est. reading time":"1 minute"},"schema":{"@context":"https:\/\/schema.org","@graph":[{"@type":"WebPage","@id":"https:\/\/www.axiomams.eu\/lv\/produktas\/metrel-mi-3114-ps-pv-testeris","url":"https:\/\/www.axiomams.eu\/lv\/produktas\/metrel-mi-3114-ps-pv-testeris","name":"Metrel MI 3114 PS PV testeris - AXIOMA MS","isPartOf":{"@id":"https:\/\/www.axiomams.eu\/lv#website"},"primaryImageOfPage":{"@id":"https:\/\/www.axiomams.eu\/lv\/produktas\/metrel-mi-3114-ps-pv-testeris#primaryimage"},"image":{"@id":"https:\/\/www.axiomams.eu\/lv\/produktas\/metrel-mi-3114-ps-pv-testeris#primaryimage"},"thumbnailUrl":"https:\/\/www.axiomams.eu\/wp-content\/uploads\/2025\/12\/4627-5952.jpg","datePublished":"2025-05-15T15:55:14+00:00","dateModified":"2026-03-25T14:58:20+00:00","breadcrumb":{"@id":"https:\/\/www.axiomams.eu\/lv\/produktas\/metrel-mi-3114-ps-pv-testeris#breadcrumb"},"inLanguage":"lv-LV","potentialAction":[{"@type":"ReadAction","target":["https:\/\/www.axiomams.eu\/lv\/produktas\/metrel-mi-3114-ps-pv-testeris"]}]},{"@type":"ImageObject","inLanguage":"lv-LV","@id":"https:\/\/www.axiomams.eu\/lv\/produktas\/metrel-mi-3114-ps-pv-testeris#primaryimage","url":"https:\/\/www.axiomams.eu\/wp-content\/uploads\/2025\/12\/4627-5952.jpg","contentUrl":"https:\/\/www.axiomams.eu\/wp-content\/uploads\/2025\/12\/4627-5952.jpg","width":515,"height":334},{"@type":"BreadcrumbList","@id":"https:\/\/www.axiomams.eu\/lv\/produktas\/metrel-mi-3114-ps-pv-testeris#breadcrumb","itemListElement":[{"@type":"ListItem","position":1,"name":"Home","item":"https:\/\/www.axiomams.eu\/lv"},{"@type":"ListItem","position":2,"name":"Produkti","item":"https:\/\/www.axiomams.eu\/lv\/produkti"},{"@type":"ListItem","position":3,"name":"Metrel MI 3114 PS PV testeris"}]},{"@type":"WebSite","@id":"https:\/\/www.axiomams.eu\/lv#website","url":"https:\/\/www.axiomams.eu\/lv","name":"AXIOMA MS","description":"Terrmovizoriai ir matavimo \u012franga","publisher":{"@id":"https:\/\/www.axiomams.eu\/lv#organization"},"potentialAction":[{"@type":"SearchAction","target":{"@type":"EntryPoint","urlTemplate":"https:\/\/www.axiomams.eu\/lv?s={search_term_string}"},"query-input":{"@type":"PropertyValueSpecification","valueRequired":true,"valueName":"search_term_string"}}],"inLanguage":"lv-LV"},{"@type":"Organization","@id":"https:\/\/www.axiomams.eu\/lv#organization","name":"AXIOMA MS","url":"https:\/\/www.axiomams.eu\/lv","logo":{"@type":"ImageObject","inLanguage":"lv-LV","@id":"https:\/\/www.axiomams.eu\/lv#\/schema\/logo\/image\/","url":"https:\/\/www.axiomams.eu\/wp-content\/uploads\/2025\/06\/axioma-logo-2.png","contentUrl":"https:\/\/www.axiomams.eu\/wp-content\/uploads\/2025\/06\/axioma-logo-2.png","width":1200,"height":1200,"caption":"AXIOMA MS"},"image":{"@id":"https:\/\/www.axiomams.eu\/lv#\/schema\/logo\/image\/"},"sameAs":["https:\/\/www.facebook.com\/AxiomaMS","https:\/\/www.linkedin.com\/company\/axiomams\/"]}]}},"_links":{"self":[{"href":"https:\/\/www.axiomams.eu\/lv\/wp-json\/wp\/v2\/product\/38805","targetHints":{"allow":["GET"]}}],"collection":[{"href":"https:\/\/www.axiomams.eu\/lv\/wp-json\/wp\/v2\/product"}],"about":[{"href":"https:\/\/www.axiomams.eu\/lv\/wp-json\/wp\/v2\/types\/product"}],"replies":[{"embeddable":true,"href":"https:\/\/www.axiomams.eu\/lv\/wp-json\/wp\/v2\/comments?post=38805"}],"wp:featuredmedia":[{"embeddable":true,"href":"https:\/\/www.axiomams.eu\/lv\/wp-json\/wp\/v2\/media\/43605"}],"wp:attachment":[{"href":"https:\/\/www.axiomams.eu\/lv\/wp-json\/wp\/v2\/media?parent=38805"}],"wp:term":[{"taxonomy":"product_brand","embeddable":true,"href":"https:\/\/www.axiomams.eu\/lv\/wp-json\/wp\/v2\/product_brand?post=38805"},{"taxonomy":"product_cat","embeddable":true,"href":"https:\/\/www.axiomams.eu\/lv\/wp-json\/wp\/v2\/product_cat?post=38805"},{"taxonomy":"product_tag","embeddable":true,"href":"https:\/\/www.axiomams.eu\/lv\/wp-json\/wp\/v2\/product_tag?post=38805"}],"curies":[{"name":"wp","href":"https:\/\/api.w.org\/{rel}","templated":true}]}}