{"id":38808,"date":"2025-05-15T17:55:16","date_gmt":"2025-05-15T15:55:16","guid":{"rendered":"https:\/\/www.axiomams.eu\/produktas\/flir-t865-dual-fov-termokamera"},"modified":"2026-03-25T16:58:22","modified_gmt":"2026-03-25T14:58:22","slug":"flir-t865-dual-fov-termokamera","status":"publish","type":"product","link":"https:\/\/www.axiomams.eu\/lv\/produktas\/flir-t865-dual-fov-termokamera","title":{"rendered":"Flir T865 Dual FOV termokamera"},"content":{"rendered":"<p>FLIR T865 infrasarkan\u0101 kamera ir izstr\u0101d\u0101ta, lai pal\u012bdz\u0113tu elektroapg\u0101des un citu termogr\u0101fijas pakalpojumu speci\u0101listiem \u0113rti apsekot iek\u0101rtas gan telp\u0101s, gan \u0101rpus t\u0101m un mekl\u0113t boj\u0101jumu paz\u012bmes visas dienas garum\u0101.<\/p>\n<p>Komplekt\u0101cij\u0101 ir FlexView objekt\u012bvs ar dubulto FOV. FLIR FlexView objekt\u012bvs ar vienu pogas spiedienu \u013cauj acumirkl\u012b p\u0101rsl\u0113gties no 24\u00b0 platle\u0146\u0137a skata, lai ieg\u016btu ainas kontekstu, uz 14\u00b0 telefoto objekt\u012bvu, lai veiktu prec\u012bzus temperat\u016bras m\u0113r\u012bjumus. FlexView \u013cauj efekt\u012bv\u0101k nek\u0101 jebkad p\u0101rbaud\u012bt kritiski svar\u012bgus komponentus, jo ar 1,7x optisko radiometrisko t\u0101lummai\u0146u objekt\u012bva m\u0113r\u0137is tiek att\u0113lots 2,8x pikse\u013cos.<\/p>\n<p><b>Standarta komplekts:<\/b> FLIR T840 termokamera, FlexView objekt\u012bvs ar dubulto FOV, akumulatora l\u0101d\u0113t\u0101ja baro\u0161anas avots, 15 W\/3 A baro\u0161anas avots, druk\u0101ta dokument\u0101cija, SD karte (8 GB), USB 2.0 A uz USB Type-C kabelis, USB Type-C uz HDMI un PD adapteris, B Type-C uz USB Type-C kabelis (USB 2.0 standarts), Objekt\u012bva v\u0101ci\u0146a siksni\u0146a, Objekt\u012bva t\u012br\u012b\u0161anas lupati\u0146a, Kakla siksni\u0146a, Mazais acu uzliktnis, Akumulators (2 gab.), Akumulatora l\u0101d\u0113t\u0101js, Cietais transport\u0113\u0161anas futr\u0101lis, Infrasarkan\u0101 kamera ar objekt\u012bvu, Priek\u0161\u0113jais objekt\u012bva v\u0101ci\u0146\u0161, Priek\u0161\u0113jais un aizmugur\u0113jais objekt\u012bva v\u0101ci\u0146\u0161 (tikai papildu objekt\u012bviem), programmat\u016bra.<\/p>\n<h3>Tehnisk\u0101 inform\u0101cija:<\/h3>\n<ul>\n<li><a href=\"https:\/\/axiomams.eu\/importer\/export\/attachments\/en\/flir-t840-t865.pdf\" target=\"_blank\">FLIR T840 T865.pdf<\/a><\/li>\n<\/ul>\n","protected":false},"excerpt":{"rendered":"<p>FLIR T865 infrasarkan\u0101 kamera ir izstr\u0101d\u0101ta, lai pal\u012bdz\u0113tu elektroapg\u0101des un citu termogr\u0101fijas pakalpojumu speci\u0101listiem \u0113rti apsekot iek\u0101rtas gan telp\u0101s, gan \u0101rpus t\u0101m un mekl\u0113t boj\u0101jumu paz\u012bmes visas dienas garum\u0101. Komplekt\u0101cij\u0101 ir FlexView objekt\u012bvs ar dubulto FOV. FLIR FlexView objekt\u012bvs ar vienu pogas spiedienu \u013cauj acumirkl\u012b p\u0101rsl\u0113gties no 24\u00b0 platle\u0146\u0137a skata, lai ieg\u016btu ainas kontekstu, uz&#8230;<\/p>\n","protected":false},"featured_media":41310,"comment_status":"open","ping_status":"closed","template":"","meta":{"_acf_changed":false},"product_brand":[734],"product_cat":[17729],"product_tag":[],"class_list":{"0":"post-38808","1":"product","2":"type-product","3":"status-publish","4":"has-post-thumbnail","6":"product_brand-flir","7":"product_cat-energijas-un-eku-diagnostika","9":"first","10":"instock","11":"taxable","12":"shipping-taxable","13":"product-type-simple"},"acf":[],"yoast_head":"<!-- This site is optimized with the Yoast SEO plugin v27.0 - https:\/\/yoast.com\/product\/yoast-seo-wordpress\/ -->\n<title>Flir T865 Dual FOV termokamera - AXIOMA MS<\/title>\n<meta name=\"robots\" content=\"index, follow, max-snippet:-1, max-image-preview:large, max-video-preview:-1\" \/>\n<link rel=\"canonical\" href=\"https:\/\/www.axiomams.eu\/lv\/produktas\/flir-t865-dual-fov-termokamera\" \/>\n<meta property=\"og:locale\" content=\"lv_LV\" \/>\n<meta property=\"og:type\" content=\"article\" \/>\n<meta property=\"og:title\" content=\"Flir T865 Dual FOV termokamera - AXIOMA MS\" \/>\n<meta property=\"og:description\" content=\"FLIR T865 infrasarkan\u0101 kamera ir izstr\u0101d\u0101ta, lai pal\u012bdz\u0113tu elektroapg\u0101des un citu termogr\u0101fijas pakalpojumu speci\u0101listiem \u0113rti apsekot iek\u0101rtas gan telp\u0101s, gan \u0101rpus t\u0101m un mekl\u0113t boj\u0101jumu paz\u012bmes visas dienas garum\u0101. Komplekt\u0101cij\u0101 ir FlexView objekt\u012bvs ar dubulto FOV. FLIR FlexView objekt\u012bvs ar vienu pogas spiedienu \u013cauj acumirkl\u012b p\u0101rsl\u0113gties no 24\u00b0 platle\u0146\u0137a skata, lai ieg\u016btu ainas kontekstu, uz...\" \/>\n<meta property=\"og:url\" content=\"https:\/\/www.axiomams.eu\/lv\/produktas\/flir-t865-dual-fov-termokamera\" \/>\n<meta property=\"og:site_name\" content=\"AXIOMA MS\" \/>\n<meta property=\"article:publisher\" content=\"https:\/\/www.facebook.com\/AxiomaMS\" \/>\n<meta property=\"article:modified_time\" content=\"2026-03-25T14:58:22+00:00\" \/>\n<meta property=\"og:image\" content=\"https:\/\/www.axiomams.eu\/wp-content\/uploads\/2025\/07\/3096-4467.jpg\" \/>\n\t<meta property=\"og:image:width\" content=\"1000\" \/>\n\t<meta property=\"og:image:height\" content=\"710\" \/>\n\t<meta property=\"og:image:type\" content=\"image\/jpeg\" \/>\n<meta name=\"twitter:card\" content=\"summary_large_image\" \/>\n<meta name=\"twitter:label1\" content=\"Est. reading time\" \/>\n\t<meta name=\"twitter:data1\" content=\"1 minute\" \/>\n<script type=\"application\/ld+json\" class=\"yoast-schema-graph\">{\"@context\":\"https:\/\/schema.org\",\"@graph\":[{\"@type\":\"WebPage\",\"@id\":\"https:\/\/www.axiomams.eu\/lv\/produktas\/flir-t865-dual-fov-termokamera\",\"url\":\"https:\/\/www.axiomams.eu\/lv\/produktas\/flir-t865-dual-fov-termokamera\",\"name\":\"Flir T865 Dual FOV termokamera - AXIOMA MS\",\"isPartOf\":{\"@id\":\"https:\/\/www.axiomams.eu\/lv#website\"},\"primaryImageOfPage\":{\"@id\":\"https:\/\/www.axiomams.eu\/lv\/produktas\/flir-t865-dual-fov-termokamera#primaryimage\"},\"image\":{\"@id\":\"https:\/\/www.axiomams.eu\/lv\/produktas\/flir-t865-dual-fov-termokamera#primaryimage\"},\"thumbnailUrl\":\"https:\/\/www.axiomams.eu\/wp-content\/uploads\/2025\/07\/3096-4467.jpg\",\"datePublished\":\"2025-05-15T15:55:16+00:00\",\"dateModified\":\"2026-03-25T14:58:22+00:00\",\"breadcrumb\":{\"@id\":\"https:\/\/www.axiomams.eu\/lv\/produktas\/flir-t865-dual-fov-termokamera#breadcrumb\"},\"inLanguage\":\"lv-LV\",\"potentialAction\":[{\"@type\":\"ReadAction\",\"target\":[\"https:\/\/www.axiomams.eu\/lv\/produktas\/flir-t865-dual-fov-termokamera\"]}]},{\"@type\":\"ImageObject\",\"inLanguage\":\"lv-LV\",\"@id\":\"https:\/\/www.axiomams.eu\/lv\/produktas\/flir-t865-dual-fov-termokamera#primaryimage\",\"url\":\"https:\/\/www.axiomams.eu\/wp-content\/uploads\/2025\/07\/3096-4467.jpg\",\"contentUrl\":\"https:\/\/www.axiomams.eu\/wp-content\/uploads\/2025\/07\/3096-4467.jpg\",\"width\":1000,\"height\":710},{\"@type\":\"BreadcrumbList\",\"@id\":\"https:\/\/www.axiomams.eu\/lv\/produktas\/flir-t865-dual-fov-termokamera#breadcrumb\",\"itemListElement\":[{\"@type\":\"ListItem\",\"position\":1,\"name\":\"Home\",\"item\":\"https:\/\/www.axiomams.eu\/lv\"},{\"@type\":\"ListItem\",\"position\":2,\"name\":\"Produkti\",\"item\":\"https:\/\/www.axiomams.eu\/lv\/produkti\"},{\"@type\":\"ListItem\",\"position\":3,\"name\":\"Flir T865 Dual FOV termokamera\"}]},{\"@type\":\"WebSite\",\"@id\":\"https:\/\/www.axiomams.eu\/lv#website\",\"url\":\"https:\/\/www.axiomams.eu\/lv\",\"name\":\"AXIOMA MS\",\"description\":\"Terrmovizoriai ir matavimo \u012franga\",\"publisher\":{\"@id\":\"https:\/\/www.axiomams.eu\/lv#organization\"},\"potentialAction\":[{\"@type\":\"SearchAction\",\"target\":{\"@type\":\"EntryPoint\",\"urlTemplate\":\"https:\/\/www.axiomams.eu\/lv?s={search_term_string}\"},\"query-input\":{\"@type\":\"PropertyValueSpecification\",\"valueRequired\":true,\"valueName\":\"search_term_string\"}}],\"inLanguage\":\"lv-LV\"},{\"@type\":\"Organization\",\"@id\":\"https:\/\/www.axiomams.eu\/lv#organization\",\"name\":\"AXIOMA MS\",\"url\":\"https:\/\/www.axiomams.eu\/lv\",\"logo\":{\"@type\":\"ImageObject\",\"inLanguage\":\"lv-LV\",\"@id\":\"https:\/\/www.axiomams.eu\/lv#\/schema\/logo\/image\/\",\"url\":\"https:\/\/www.axiomams.eu\/wp-content\/uploads\/2025\/06\/axioma-logo-2.png\",\"contentUrl\":\"https:\/\/www.axiomams.eu\/wp-content\/uploads\/2025\/06\/axioma-logo-2.png\",\"width\":1200,\"height\":1200,\"caption\":\"AXIOMA MS\"},\"image\":{\"@id\":\"https:\/\/www.axiomams.eu\/lv#\/schema\/logo\/image\/\"},\"sameAs\":[\"https:\/\/www.facebook.com\/AxiomaMS\",\"https:\/\/www.linkedin.com\/company\/axiomams\/\"]}]}<\/script>\n<!-- \/ Yoast SEO plugin. -->","yoast_head_json":{"title":"Flir T865 Dual FOV termokamera - AXIOMA MS","robots":{"index":"index","follow":"follow","max-snippet":"max-snippet:-1","max-image-preview":"max-image-preview:large","max-video-preview":"max-video-preview:-1"},"canonical":"https:\/\/www.axiomams.eu\/lv\/produktas\/flir-t865-dual-fov-termokamera","og_locale":"lv_LV","og_type":"article","og_title":"Flir T865 Dual FOV termokamera - AXIOMA MS","og_description":"FLIR T865 infrasarkan\u0101 kamera ir izstr\u0101d\u0101ta, lai pal\u012bdz\u0113tu elektroapg\u0101des un citu termogr\u0101fijas pakalpojumu speci\u0101listiem \u0113rti apsekot iek\u0101rtas gan telp\u0101s, gan \u0101rpus t\u0101m un mekl\u0113t boj\u0101jumu paz\u012bmes visas dienas garum\u0101. Komplekt\u0101cij\u0101 ir FlexView objekt\u012bvs ar dubulto FOV. FLIR FlexView objekt\u012bvs ar vienu pogas spiedienu \u013cauj acumirkl\u012b p\u0101rsl\u0113gties no 24\u00b0 platle\u0146\u0137a skata, lai ieg\u016btu ainas kontekstu, uz...","og_url":"https:\/\/www.axiomams.eu\/lv\/produktas\/flir-t865-dual-fov-termokamera","og_site_name":"AXIOMA MS","article_publisher":"https:\/\/www.facebook.com\/AxiomaMS","article_modified_time":"2026-03-25T14:58:22+00:00","og_image":[{"width":1000,"height":710,"url":"https:\/\/www.axiomams.eu\/wp-content\/uploads\/2025\/07\/3096-4467.jpg","type":"image\/jpeg"}],"twitter_card":"summary_large_image","twitter_misc":{"Est. reading time":"1 minute"},"schema":{"@context":"https:\/\/schema.org","@graph":[{"@type":"WebPage","@id":"https:\/\/www.axiomams.eu\/lv\/produktas\/flir-t865-dual-fov-termokamera","url":"https:\/\/www.axiomams.eu\/lv\/produktas\/flir-t865-dual-fov-termokamera","name":"Flir T865 Dual FOV termokamera - AXIOMA MS","isPartOf":{"@id":"https:\/\/www.axiomams.eu\/lv#website"},"primaryImageOfPage":{"@id":"https:\/\/www.axiomams.eu\/lv\/produktas\/flir-t865-dual-fov-termokamera#primaryimage"},"image":{"@id":"https:\/\/www.axiomams.eu\/lv\/produktas\/flir-t865-dual-fov-termokamera#primaryimage"},"thumbnailUrl":"https:\/\/www.axiomams.eu\/wp-content\/uploads\/2025\/07\/3096-4467.jpg","datePublished":"2025-05-15T15:55:16+00:00","dateModified":"2026-03-25T14:58:22+00:00","breadcrumb":{"@id":"https:\/\/www.axiomams.eu\/lv\/produktas\/flir-t865-dual-fov-termokamera#breadcrumb"},"inLanguage":"lv-LV","potentialAction":[{"@type":"ReadAction","target":["https:\/\/www.axiomams.eu\/lv\/produktas\/flir-t865-dual-fov-termokamera"]}]},{"@type":"ImageObject","inLanguage":"lv-LV","@id":"https:\/\/www.axiomams.eu\/lv\/produktas\/flir-t865-dual-fov-termokamera#primaryimage","url":"https:\/\/www.axiomams.eu\/wp-content\/uploads\/2025\/07\/3096-4467.jpg","contentUrl":"https:\/\/www.axiomams.eu\/wp-content\/uploads\/2025\/07\/3096-4467.jpg","width":1000,"height":710},{"@type":"BreadcrumbList","@id":"https:\/\/www.axiomams.eu\/lv\/produktas\/flir-t865-dual-fov-termokamera#breadcrumb","itemListElement":[{"@type":"ListItem","position":1,"name":"Home","item":"https:\/\/www.axiomams.eu\/lv"},{"@type":"ListItem","position":2,"name":"Produkti","item":"https:\/\/www.axiomams.eu\/lv\/produkti"},{"@type":"ListItem","position":3,"name":"Flir T865 Dual FOV termokamera"}]},{"@type":"WebSite","@id":"https:\/\/www.axiomams.eu\/lv#website","url":"https:\/\/www.axiomams.eu\/lv","name":"AXIOMA MS","description":"Terrmovizoriai ir matavimo \u012franga","publisher":{"@id":"https:\/\/www.axiomams.eu\/lv#organization"},"potentialAction":[{"@type":"SearchAction","target":{"@type":"EntryPoint","urlTemplate":"https:\/\/www.axiomams.eu\/lv?s={search_term_string}"},"query-input":{"@type":"PropertyValueSpecification","valueRequired":true,"valueName":"search_term_string"}}],"inLanguage":"lv-LV"},{"@type":"Organization","@id":"https:\/\/www.axiomams.eu\/lv#organization","name":"AXIOMA MS","url":"https:\/\/www.axiomams.eu\/lv","logo":{"@type":"ImageObject","inLanguage":"lv-LV","@id":"https:\/\/www.axiomams.eu\/lv#\/schema\/logo\/image\/","url":"https:\/\/www.axiomams.eu\/wp-content\/uploads\/2025\/06\/axioma-logo-2.png","contentUrl":"https:\/\/www.axiomams.eu\/wp-content\/uploads\/2025\/06\/axioma-logo-2.png","width":1200,"height":1200,"caption":"AXIOMA MS"},"image":{"@id":"https:\/\/www.axiomams.eu\/lv#\/schema\/logo\/image\/"},"sameAs":["https:\/\/www.facebook.com\/AxiomaMS","https:\/\/www.linkedin.com\/company\/axiomams\/"]}]}},"_links":{"self":[{"href":"https:\/\/www.axiomams.eu\/lv\/wp-json\/wp\/v2\/product\/38808","targetHints":{"allow":["GET"]}}],"collection":[{"href":"https:\/\/www.axiomams.eu\/lv\/wp-json\/wp\/v2\/product"}],"about":[{"href":"https:\/\/www.axiomams.eu\/lv\/wp-json\/wp\/v2\/types\/product"}],"replies":[{"embeddable":true,"href":"https:\/\/www.axiomams.eu\/lv\/wp-json\/wp\/v2\/comments?post=38808"}],"wp:featuredmedia":[{"embeddable":true,"href":"https:\/\/www.axiomams.eu\/lv\/wp-json\/wp\/v2\/media\/41310"}],"wp:attachment":[{"href":"https:\/\/www.axiomams.eu\/lv\/wp-json\/wp\/v2\/media?parent=38808"}],"wp:term":[{"taxonomy":"product_brand","embeddable":true,"href":"https:\/\/www.axiomams.eu\/lv\/wp-json\/wp\/v2\/product_brand?post=38808"},{"taxonomy":"product_cat","embeddable":true,"href":"https:\/\/www.axiomams.eu\/lv\/wp-json\/wp\/v2\/product_cat?post=38808"},{"taxonomy":"product_tag","embeddable":true,"href":"https:\/\/www.axiomams.eu\/lv\/wp-json\/wp\/v2\/product_tag?post=38808"}],"curies":[{"name":"wp","href":"https:\/\/api.w.org\/{rel}","templated":true}]}}