{"id":38809,"date":"2025-05-15T17:55:16","date_gmt":"2025-05-15T15:55:16","guid":{"rendered":"https:\/\/www.axiomams.eu\/produktas\/flir-tg268-rokas-termometrs"},"modified":"2026-03-25T16:58:22","modified_gmt":"2026-03-25T14:58:22","slug":"flir-tg268-rokas-termometrs","status":"publish","type":"product","link":"https:\/\/www.axiomams.eu\/lv\/produktas\/flir-tg268-rokas-termometrs","title":{"rendered":"Flir TG268 rokas termometrs"},"content":{"rendered":"<p>FLIR TG268 rokas infrasarkanie termometri ar ieb\u016bv\u0113tu termokameras funkciju \u013cauj redz\u0113t karstos un aukstos punktus, kas var liecin\u0101t par nopietn\u0101m probl\u0113m\u0101m. \u0100tri un prec\u012bzi p\u0101rbaudiet visu, s\u0101kot no elektriskiem savienojumiem l\u012bdz meh\u0101niskiem boj\u0101jumiem. \u0160\u012b rokas termokamera samazina diagnostikas laiku, vienlaikus vienk\u0101r\u0161ojot p\u0101rskatu sagatavo\u0161anu un iek\u0101rtu un sist\u0113mu ilgtermi\u0146a uzraudz\u012bbu vis\u0101 objekt\u0101. FLIR MSX\u00ae (Multi-Spektr\u0101l\u0101 dinamisk\u0101 att\u0113lveido\u0161ana) uzlabo att\u0113la skaidr\u012bbu, uz termogr\u0101fiskajiem att\u0113liem uzspie\u017eot vizu\u0101las ainas deta\u013cas, nodro\u0161inot papildu kontekstu, kas pal\u012bdz prec\u012bzi noteikt iesp\u0113jamos defektus un nov\u0113rst probl\u0113mas.<\/p>\n<p>Standarta komplekts: FLIR TG268 rokas termometrs, rokas siksna, siksni\u0146a, siksni\u0146a, somi\u0146a, USB C tipa kabelis, K tipa termopara, druk\u0101ta dokument\u0101cija.<\/p>\n<h3>Tehnisk\u0101 inform\u0101cija:<\/h3>\n<ul>\n<li><a href=\"https:\/\/axiomams.eu\/importer\/export\/attachments\/en\/flir-tg268-tg298.pdf\" target=\"_blank\">FLIR TG268 TG298.pdf<\/a><\/li>\n<\/ul>\n","protected":false},"excerpt":{"rendered":"<p>FLIR TG268 rokas infrasarkanie termometri ar ieb\u016bv\u0113tu termokameras funkciju \u013cauj redz\u0113t karstos un aukstos punktus, kas var liecin\u0101t par nopietn\u0101m probl\u0113m\u0101m. \u0100tri un prec\u012bzi p\u0101rbaudiet visu, s\u0101kot no elektriskiem savienojumiem l\u012bdz meh\u0101niskiem boj\u0101jumiem. \u0160\u012b rokas termokamera samazina diagnostikas laiku, vienlaikus vienk\u0101r\u0161ojot p\u0101rskatu sagatavo\u0161anu un iek\u0101rtu un sist\u0113mu ilgtermi\u0146a uzraudz\u012bbu vis\u0101 objekt\u0101. FLIR MSX\u00ae (Multi-Spektr\u0101l\u0101 dinamisk\u0101&#8230;<\/p>\n","protected":false},"featured_media":41312,"comment_status":"open","ping_status":"closed","template":"","meta":{"_acf_changed":false},"product_brand":[734],"product_cat":[17721],"product_tag":[],"class_list":{"0":"post-38809","1":"product","2":"type-product","3":"status-publish","4":"has-post-thumbnail","6":"product_brand-flir","7":"product_cat-temperaturas-mitruma-spiediena-merijumiem","9":"first","10":"instock","11":"taxable","12":"shipping-taxable","13":"purchasable","14":"product-type-simple"},"acf":[],"yoast_head":"<!-- This site is optimized with the Yoast SEO plugin v27.0 - https:\/\/yoast.com\/product\/yoast-seo-wordpress\/ -->\n<title>Flir TG268 rokas termometrs - AXIOMA MS<\/title>\n<meta name=\"robots\" content=\"index, follow, max-snippet:-1, max-image-preview:large, max-video-preview:-1\" \/>\n<link rel=\"canonical\" href=\"https:\/\/www.axiomams.eu\/lv\/produktas\/flir-tg268-rokas-termometrs\" \/>\n<meta property=\"og:locale\" content=\"lv_LV\" \/>\n<meta property=\"og:type\" content=\"article\" \/>\n<meta property=\"og:title\" content=\"Flir TG268 rokas termometrs - AXIOMA MS\" \/>\n<meta property=\"og:description\" content=\"FLIR TG268 rokas infrasarkanie termometri ar ieb\u016bv\u0113tu termokameras funkciju \u013cauj redz\u0113t karstos un aukstos punktus, kas var liecin\u0101t par nopietn\u0101m probl\u0113m\u0101m. \u0100tri un prec\u012bzi p\u0101rbaudiet visu, s\u0101kot no elektriskiem savienojumiem l\u012bdz meh\u0101niskiem boj\u0101jumiem. \u0160\u012b rokas termokamera samazina diagnostikas laiku, vienlaikus vienk\u0101r\u0161ojot p\u0101rskatu sagatavo\u0161anu un iek\u0101rtu un sist\u0113mu ilgtermi\u0146a uzraudz\u012bbu vis\u0101 objekt\u0101. FLIR MSX\u00ae (Multi-Spektr\u0101l\u0101 dinamisk\u0101...\" \/>\n<meta property=\"og:url\" content=\"https:\/\/www.axiomams.eu\/lv\/produktas\/flir-tg268-rokas-termometrs\" \/>\n<meta property=\"og:site_name\" content=\"AXIOMA MS\" \/>\n<meta property=\"article:publisher\" content=\"https:\/\/www.facebook.com\/AxiomaMS\" \/>\n<meta property=\"article:modified_time\" content=\"2026-03-25T14:58:22+00:00\" \/>\n<meta property=\"og:image\" content=\"https:\/\/www.axiomams.eu\/wp-content\/uploads\/2025\/07\/2819-5927.jpg\" \/>\n\t<meta property=\"og:image:width\" content=\"978\" \/>\n\t<meta property=\"og:image:height\" content=\"1020\" \/>\n\t<meta property=\"og:image:type\" content=\"image\/jpeg\" \/>\n<meta name=\"twitter:card\" content=\"summary_large_image\" \/>\n<meta name=\"twitter:label1\" content=\"Est. reading time\" \/>\n\t<meta name=\"twitter:data1\" content=\"1 minute\" \/>\n<script type=\"application\/ld+json\" class=\"yoast-schema-graph\">{\"@context\":\"https:\/\/schema.org\",\"@graph\":[{\"@type\":\"WebPage\",\"@id\":\"https:\/\/www.axiomams.eu\/lv\/produktas\/flir-tg268-rokas-termometrs\",\"url\":\"https:\/\/www.axiomams.eu\/lv\/produktas\/flir-tg268-rokas-termometrs\",\"name\":\"Flir TG268 rokas termometrs - AXIOMA MS\",\"isPartOf\":{\"@id\":\"https:\/\/www.axiomams.eu\/lv#website\"},\"primaryImageOfPage\":{\"@id\":\"https:\/\/www.axiomams.eu\/lv\/produktas\/flir-tg268-rokas-termometrs#primaryimage\"},\"image\":{\"@id\":\"https:\/\/www.axiomams.eu\/lv\/produktas\/flir-tg268-rokas-termometrs#primaryimage\"},\"thumbnailUrl\":\"https:\/\/www.axiomams.eu\/wp-content\/uploads\/2025\/07\/2819-5927.jpg\",\"datePublished\":\"2025-05-15T15:55:16+00:00\",\"dateModified\":\"2026-03-25T14:58:22+00:00\",\"breadcrumb\":{\"@id\":\"https:\/\/www.axiomams.eu\/lv\/produktas\/flir-tg268-rokas-termometrs#breadcrumb\"},\"inLanguage\":\"lv-LV\",\"potentialAction\":[{\"@type\":\"ReadAction\",\"target\":[\"https:\/\/www.axiomams.eu\/lv\/produktas\/flir-tg268-rokas-termometrs\"]}]},{\"@type\":\"ImageObject\",\"inLanguage\":\"lv-LV\",\"@id\":\"https:\/\/www.axiomams.eu\/lv\/produktas\/flir-tg268-rokas-termometrs#primaryimage\",\"url\":\"https:\/\/www.axiomams.eu\/wp-content\/uploads\/2025\/07\/2819-5927.jpg\",\"contentUrl\":\"https:\/\/www.axiomams.eu\/wp-content\/uploads\/2025\/07\/2819-5927.jpg\",\"width\":978,\"height\":1020},{\"@type\":\"BreadcrumbList\",\"@id\":\"https:\/\/www.axiomams.eu\/lv\/produktas\/flir-tg268-rokas-termometrs#breadcrumb\",\"itemListElement\":[{\"@type\":\"ListItem\",\"position\":1,\"name\":\"Home\",\"item\":\"https:\/\/www.axiomams.eu\/lv\"},{\"@type\":\"ListItem\",\"position\":2,\"name\":\"Produkti\",\"item\":\"https:\/\/www.axiomams.eu\/lv\/produkti\"},{\"@type\":\"ListItem\",\"position\":3,\"name\":\"Flir TG268 rokas termometrs\"}]},{\"@type\":\"WebSite\",\"@id\":\"https:\/\/www.axiomams.eu\/lv#website\",\"url\":\"https:\/\/www.axiomams.eu\/lv\",\"name\":\"AXIOMA MS\",\"description\":\"\",\"publisher\":{\"@id\":\"https:\/\/www.axiomams.eu\/lv#organization\"},\"potentialAction\":[{\"@type\":\"SearchAction\",\"target\":{\"@type\":\"EntryPoint\",\"urlTemplate\":\"https:\/\/www.axiomams.eu\/lv?s={search_term_string}\"},\"query-input\":{\"@type\":\"PropertyValueSpecification\",\"valueRequired\":true,\"valueName\":\"search_term_string\"}}],\"inLanguage\":\"lv-LV\"},{\"@type\":\"Organization\",\"@id\":\"https:\/\/www.axiomams.eu\/lv#organization\",\"name\":\"AXIOMA MS\",\"url\":\"https:\/\/www.axiomams.eu\/lv\",\"logo\":{\"@type\":\"ImageObject\",\"inLanguage\":\"lv-LV\",\"@id\":\"https:\/\/www.axiomams.eu\/lv#\/schema\/logo\/image\/\",\"url\":\"https:\/\/www.axiomams.eu\/wp-content\/uploads\/2025\/06\/axioma-logo-2.png\",\"contentUrl\":\"https:\/\/www.axiomams.eu\/wp-content\/uploads\/2025\/06\/axioma-logo-2.png\",\"width\":1200,\"height\":1200,\"caption\":\"AXIOMA MS\"},\"image\":{\"@id\":\"https:\/\/www.axiomams.eu\/lv#\/schema\/logo\/image\/\"},\"sameAs\":[\"https:\/\/www.facebook.com\/AxiomaMS\",\"https:\/\/www.linkedin.com\/company\/axiomams\/\"]}]}<\/script>\n<!-- \/ Yoast SEO plugin. -->","yoast_head_json":{"title":"Flir TG268 rokas termometrs - AXIOMA MS","robots":{"index":"index","follow":"follow","max-snippet":"max-snippet:-1","max-image-preview":"max-image-preview:large","max-video-preview":"max-video-preview:-1"},"canonical":"https:\/\/www.axiomams.eu\/lv\/produktas\/flir-tg268-rokas-termometrs","og_locale":"lv_LV","og_type":"article","og_title":"Flir TG268 rokas termometrs - AXIOMA MS","og_description":"FLIR TG268 rokas infrasarkanie termometri ar ieb\u016bv\u0113tu termokameras funkciju \u013cauj redz\u0113t karstos un aukstos punktus, kas var liecin\u0101t par nopietn\u0101m probl\u0113m\u0101m. \u0100tri un prec\u012bzi p\u0101rbaudiet visu, s\u0101kot no elektriskiem savienojumiem l\u012bdz meh\u0101niskiem boj\u0101jumiem. \u0160\u012b rokas termokamera samazina diagnostikas laiku, vienlaikus vienk\u0101r\u0161ojot p\u0101rskatu sagatavo\u0161anu un iek\u0101rtu un sist\u0113mu ilgtermi\u0146a uzraudz\u012bbu vis\u0101 objekt\u0101. FLIR MSX\u00ae (Multi-Spektr\u0101l\u0101 dinamisk\u0101...","og_url":"https:\/\/www.axiomams.eu\/lv\/produktas\/flir-tg268-rokas-termometrs","og_site_name":"AXIOMA MS","article_publisher":"https:\/\/www.facebook.com\/AxiomaMS","article_modified_time":"2026-03-25T14:58:22+00:00","og_image":[{"width":978,"height":1020,"url":"https:\/\/www.axiomams.eu\/wp-content\/uploads\/2025\/07\/2819-5927.jpg","type":"image\/jpeg"}],"twitter_card":"summary_large_image","twitter_misc":{"Est. reading time":"1 minute"},"schema":{"@context":"https:\/\/schema.org","@graph":[{"@type":"WebPage","@id":"https:\/\/www.axiomams.eu\/lv\/produktas\/flir-tg268-rokas-termometrs","url":"https:\/\/www.axiomams.eu\/lv\/produktas\/flir-tg268-rokas-termometrs","name":"Flir TG268 rokas termometrs - AXIOMA MS","isPartOf":{"@id":"https:\/\/www.axiomams.eu\/lv#website"},"primaryImageOfPage":{"@id":"https:\/\/www.axiomams.eu\/lv\/produktas\/flir-tg268-rokas-termometrs#primaryimage"},"image":{"@id":"https:\/\/www.axiomams.eu\/lv\/produktas\/flir-tg268-rokas-termometrs#primaryimage"},"thumbnailUrl":"https:\/\/www.axiomams.eu\/wp-content\/uploads\/2025\/07\/2819-5927.jpg","datePublished":"2025-05-15T15:55:16+00:00","dateModified":"2026-03-25T14:58:22+00:00","breadcrumb":{"@id":"https:\/\/www.axiomams.eu\/lv\/produktas\/flir-tg268-rokas-termometrs#breadcrumb"},"inLanguage":"lv-LV","potentialAction":[{"@type":"ReadAction","target":["https:\/\/www.axiomams.eu\/lv\/produktas\/flir-tg268-rokas-termometrs"]}]},{"@type":"ImageObject","inLanguage":"lv-LV","@id":"https:\/\/www.axiomams.eu\/lv\/produktas\/flir-tg268-rokas-termometrs#primaryimage","url":"https:\/\/www.axiomams.eu\/wp-content\/uploads\/2025\/07\/2819-5927.jpg","contentUrl":"https:\/\/www.axiomams.eu\/wp-content\/uploads\/2025\/07\/2819-5927.jpg","width":978,"height":1020},{"@type":"BreadcrumbList","@id":"https:\/\/www.axiomams.eu\/lv\/produktas\/flir-tg268-rokas-termometrs#breadcrumb","itemListElement":[{"@type":"ListItem","position":1,"name":"Home","item":"https:\/\/www.axiomams.eu\/lv"},{"@type":"ListItem","position":2,"name":"Produkti","item":"https:\/\/www.axiomams.eu\/lv\/produkti"},{"@type":"ListItem","position":3,"name":"Flir TG268 rokas termometrs"}]},{"@type":"WebSite","@id":"https:\/\/www.axiomams.eu\/lv#website","url":"https:\/\/www.axiomams.eu\/lv","name":"AXIOMA MS","description":"","publisher":{"@id":"https:\/\/www.axiomams.eu\/lv#organization"},"potentialAction":[{"@type":"SearchAction","target":{"@type":"EntryPoint","urlTemplate":"https:\/\/www.axiomams.eu\/lv?s={search_term_string}"},"query-input":{"@type":"PropertyValueSpecification","valueRequired":true,"valueName":"search_term_string"}}],"inLanguage":"lv-LV"},{"@type":"Organization","@id":"https:\/\/www.axiomams.eu\/lv#organization","name":"AXIOMA MS","url":"https:\/\/www.axiomams.eu\/lv","logo":{"@type":"ImageObject","inLanguage":"lv-LV","@id":"https:\/\/www.axiomams.eu\/lv#\/schema\/logo\/image\/","url":"https:\/\/www.axiomams.eu\/wp-content\/uploads\/2025\/06\/axioma-logo-2.png","contentUrl":"https:\/\/www.axiomams.eu\/wp-content\/uploads\/2025\/06\/axioma-logo-2.png","width":1200,"height":1200,"caption":"AXIOMA MS"},"image":{"@id":"https:\/\/www.axiomams.eu\/lv#\/schema\/logo\/image\/"},"sameAs":["https:\/\/www.facebook.com\/AxiomaMS","https:\/\/www.linkedin.com\/company\/axiomams\/"]}]}},"_links":{"self":[{"href":"https:\/\/www.axiomams.eu\/lv\/wp-json\/wp\/v2\/product\/38809","targetHints":{"allow":["GET"]}}],"collection":[{"href":"https:\/\/www.axiomams.eu\/lv\/wp-json\/wp\/v2\/product"}],"about":[{"href":"https:\/\/www.axiomams.eu\/lv\/wp-json\/wp\/v2\/types\/product"}],"replies":[{"embeddable":true,"href":"https:\/\/www.axiomams.eu\/lv\/wp-json\/wp\/v2\/comments?post=38809"}],"wp:featuredmedia":[{"embeddable":true,"href":"https:\/\/www.axiomams.eu\/lv\/wp-json\/wp\/v2\/media\/41312"}],"wp:attachment":[{"href":"https:\/\/www.axiomams.eu\/lv\/wp-json\/wp\/v2\/media?parent=38809"}],"wp:term":[{"taxonomy":"product_brand","embeddable":true,"href":"https:\/\/www.axiomams.eu\/lv\/wp-json\/wp\/v2\/product_brand?post=38809"},{"taxonomy":"product_cat","embeddable":true,"href":"https:\/\/www.axiomams.eu\/lv\/wp-json\/wp\/v2\/product_cat?post=38809"},{"taxonomy":"product_tag","embeddable":true,"href":"https:\/\/www.axiomams.eu\/lv\/wp-json\/wp\/v2\/product_tag?post=38809"}],"curies":[{"name":"wp","href":"https:\/\/api.w.org\/{rel}","templated":true}]}}