{"id":38813,"date":"2025-05-15T17:55:17","date_gmt":"2025-05-15T15:55:17","guid":{"rendered":"https:\/\/www.axiomams.eu\/produktas\/hioki-bt3554-91-akumulatoru-testeris"},"modified":"2026-03-25T16:58:23","modified_gmt":"2026-03-25T14:58:23","slug":"hioki-bt3554-91-akumulatoru-testeris","status":"publish","type":"product","link":"https:\/\/www.axiomams.eu\/lv\/produktas\/hioki-bt3554-91-akumulatoru-testeris","title":{"rendered":"HIOKI BT3554-91 Akumulatoru testeris"},"content":{"rendered":"<p>HIOKI BT3554-91 akumulatoru testeris nosaka svina-sk\u0101bes elementu vesel\u012bbu, veicot svar\u012bg\u0101ko akumulatora parametru m\u0113r\u012bjumus. BT3554 ir mazs, viegls un \u013coti \u0101trs. Pateicoties \u0161\u012bm \u012bpa\u0161\u012bb\u0101m, operators var \u0146emt testeri visur l\u012bdzi un veikt m\u0113r\u012bjumus tikai da\u017eu sekun\u017eu laik\u0101. Pateicoties Kelvina tipa zond\u0113m, m\u0113r\u012bjumi vienm\u0113r ir prec\u012bzi.<\/p>\n<p>Standarta komplekts: HIOKI BT3554-91 akumulatoru testeris, somi\u0146a, aizsargs, dro\u0161in\u0101t\u0101ju komplekts, 0 Adj plate, kakla siksna, USB kabelis, lietojumprogrammat\u016bras CD (GENNECT One), AA s\u0101rma baterija (LR6) \u00d78, lietot\u0101ja rokasgr\u0101mata, kontakta tipa vads 9465-10, bezvadu adapteris.<\/p>\n<p><iframe loading=\"lazy\" width=\"560\" height=\"315\" src=\"https:\/\/www.youtube.com\/embed\/TWjURNN7RQE?si=KIlAuhbtfc575iXa\" title=\"YouTube video atska\u0146ot\u0101js\" frameborder=\"0\" allow=\"accelerometer; autoplay; clipboard-write; encrypted-media; gyroscope; picture-in-picture; web-share\" referrerpolicy=\"strict-origin-when-cross-origin\" allowfullscreen><\/iframe><\/p>\n<h3>Tehnisk\u0101 inform\u0101cija:<\/h3>\n<ul>\n<li><a href=\"https:\/\/axiomams.eu\/importer\/export\/attachments\/en\/hioki-bt3554.pdf\" target=\"_blank\">Hioki BT3554.pdf<\/a><\/li>\n<\/ul>\n","protected":false},"excerpt":{"rendered":"<p>HIOKI BT3554-91 akumulatoru testeris nosaka svina-sk\u0101bes elementu vesel\u012bbu, veicot svar\u012bg\u0101ko akumulatora parametru m\u0113r\u012bjumus. BT3554 ir mazs, viegls un \u013coti \u0101trs. Pateicoties \u0161\u012bm \u012bpa\u0161\u012bb\u0101m, operators var \u0146emt testeri visur l\u012bdzi un veikt m\u0113r\u012bjumus tikai da\u017eu sekun\u017eu laik\u0101. Pateicoties Kelvina tipa zond\u0113m, m\u0113r\u012bjumi vienm\u0113r ir prec\u012bzi. Standarta komplekts: HIOKI BT3554-91 akumulatoru testeris, somi\u0146a, aizsargs, dro\u0161in\u0101t\u0101ju komplekts, 0&#8230;<\/p>\n","protected":false},"featured_media":41320,"comment_status":"open","ping_status":"closed","template":"","meta":{"_acf_changed":false},"product_brand":[1112],"product_cat":[17750],"product_tag":[],"class_list":{"0":"post-38813","1":"product","2":"type-product","3":"status-publish","4":"has-post-thumbnail","6":"product_brand-hioki","7":"product_cat-akumulatora-parbaudei-un-testesanai","9":"first","10":"instock","11":"taxable","12":"shipping-taxable","13":"purchasable","14":"product-type-simple"},"acf":[],"yoast_head":"<!-- This site is optimized with the Yoast SEO plugin v27.0 - https:\/\/yoast.com\/product\/yoast-seo-wordpress\/ -->\n<title>HIOKI BT3554-91 Akumulatoru testeris - AXIOMA MS<\/title>\n<meta name=\"robots\" content=\"index, follow, max-snippet:-1, max-image-preview:large, max-video-preview:-1\" \/>\n<link rel=\"canonical\" href=\"https:\/\/www.axiomams.eu\/lv\/produktas\/hioki-bt3554-91-akumulatoru-testeris\" \/>\n<meta property=\"og:locale\" content=\"lv_LV\" \/>\n<meta property=\"og:type\" content=\"article\" \/>\n<meta property=\"og:title\" content=\"HIOKI BT3554-91 Akumulatoru testeris - AXIOMA MS\" \/>\n<meta property=\"og:description\" content=\"HIOKI BT3554-91 akumulatoru testeris nosaka svina-sk\u0101bes elementu vesel\u012bbu, veicot svar\u012bg\u0101ko akumulatora parametru m\u0113r\u012bjumus. BT3554 ir mazs, viegls un \u013coti \u0101trs. Pateicoties \u0161\u012bm \u012bpa\u0161\u012bb\u0101m, operators var \u0146emt testeri visur l\u012bdzi un veikt m\u0113r\u012bjumus tikai da\u017eu sekun\u017eu laik\u0101. Pateicoties Kelvina tipa zond\u0113m, m\u0113r\u012bjumi vienm\u0113r ir prec\u012bzi. Standarta komplekts: HIOKI BT3554-91 akumulatoru testeris, somi\u0146a, aizsargs, dro\u0161in\u0101t\u0101ju komplekts, 0...\" \/>\n<meta property=\"og:url\" content=\"https:\/\/www.axiomams.eu\/lv\/produktas\/hioki-bt3554-91-akumulatoru-testeris\" \/>\n<meta property=\"og:site_name\" content=\"AXIOMA MS\" \/>\n<meta property=\"article:publisher\" content=\"https:\/\/www.facebook.com\/AxiomaMS\" \/>\n<meta property=\"article:modified_time\" content=\"2026-03-25T14:58:23+00:00\" \/>\n<meta property=\"og:image\" content=\"https:\/\/www.axiomams.eu\/wp-content\/uploads\/2025\/07\/2780-4559.jpg\" \/>\n\t<meta property=\"og:image:width\" content=\"500\" \/>\n\t<meta property=\"og:image:height\" content=\"500\" \/>\n\t<meta property=\"og:image:type\" content=\"image\/jpeg\" \/>\n<meta name=\"twitter:card\" content=\"summary_large_image\" \/>\n<meta name=\"twitter:label1\" content=\"Est. reading time\" \/>\n\t<meta name=\"twitter:data1\" content=\"1 minute\" \/>\n<script type=\"application\/ld+json\" class=\"yoast-schema-graph\">{\"@context\":\"https:\/\/schema.org\",\"@graph\":[{\"@type\":\"WebPage\",\"@id\":\"https:\/\/www.axiomams.eu\/lv\/produktas\/hioki-bt3554-91-akumulatoru-testeris\",\"url\":\"https:\/\/www.axiomams.eu\/lv\/produktas\/hioki-bt3554-91-akumulatoru-testeris\",\"name\":\"HIOKI BT3554-91 Akumulatoru testeris - AXIOMA MS\",\"isPartOf\":{\"@id\":\"https:\/\/www.axiomams.eu\/lv#website\"},\"primaryImageOfPage\":{\"@id\":\"https:\/\/www.axiomams.eu\/lv\/produktas\/hioki-bt3554-91-akumulatoru-testeris#primaryimage\"},\"image\":{\"@id\":\"https:\/\/www.axiomams.eu\/lv\/produktas\/hioki-bt3554-91-akumulatoru-testeris#primaryimage\"},\"thumbnailUrl\":\"https:\/\/www.axiomams.eu\/wp-content\/uploads\/2025\/07\/2780-4559.jpg\",\"datePublished\":\"2025-05-15T15:55:17+00:00\",\"dateModified\":\"2026-03-25T14:58:23+00:00\",\"breadcrumb\":{\"@id\":\"https:\/\/www.axiomams.eu\/lv\/produktas\/hioki-bt3554-91-akumulatoru-testeris#breadcrumb\"},\"inLanguage\":\"lv-LV\",\"potentialAction\":[{\"@type\":\"ReadAction\",\"target\":[\"https:\/\/www.axiomams.eu\/lv\/produktas\/hioki-bt3554-91-akumulatoru-testeris\"]}]},{\"@type\":\"ImageObject\",\"inLanguage\":\"lv-LV\",\"@id\":\"https:\/\/www.axiomams.eu\/lv\/produktas\/hioki-bt3554-91-akumulatoru-testeris#primaryimage\",\"url\":\"https:\/\/www.axiomams.eu\/wp-content\/uploads\/2025\/07\/2780-4559.jpg\",\"contentUrl\":\"https:\/\/www.axiomams.eu\/wp-content\/uploads\/2025\/07\/2780-4559.jpg\",\"width\":500,\"height\":500},{\"@type\":\"BreadcrumbList\",\"@id\":\"https:\/\/www.axiomams.eu\/lv\/produktas\/hioki-bt3554-91-akumulatoru-testeris#breadcrumb\",\"itemListElement\":[{\"@type\":\"ListItem\",\"position\":1,\"name\":\"Home\",\"item\":\"https:\/\/www.axiomams.eu\/lv\"},{\"@type\":\"ListItem\",\"position\":2,\"name\":\"Produkti\",\"item\":\"https:\/\/www.axiomams.eu\/lv\/produkti\"},{\"@type\":\"ListItem\",\"position\":3,\"name\":\"HIOKI BT3554-91 Akumulatoru testeris\"}]},{\"@type\":\"WebSite\",\"@id\":\"https:\/\/www.axiomams.eu\/lv#website\",\"url\":\"https:\/\/www.axiomams.eu\/lv\",\"name\":\"AXIOMA MS\",\"description\":\"Terrmovizoriai ir matavimo \u012franga\",\"publisher\":{\"@id\":\"https:\/\/www.axiomams.eu\/lv#organization\"},\"potentialAction\":[{\"@type\":\"SearchAction\",\"target\":{\"@type\":\"EntryPoint\",\"urlTemplate\":\"https:\/\/www.axiomams.eu\/lv?s={search_term_string}\"},\"query-input\":{\"@type\":\"PropertyValueSpecification\",\"valueRequired\":true,\"valueName\":\"search_term_string\"}}],\"inLanguage\":\"lv-LV\"},{\"@type\":\"Organization\",\"@id\":\"https:\/\/www.axiomams.eu\/lv#organization\",\"name\":\"AXIOMA MS\",\"url\":\"https:\/\/www.axiomams.eu\/lv\",\"logo\":{\"@type\":\"ImageObject\",\"inLanguage\":\"lv-LV\",\"@id\":\"https:\/\/www.axiomams.eu\/lv#\/schema\/logo\/image\/\",\"url\":\"https:\/\/www.axiomams.eu\/wp-content\/uploads\/2025\/06\/axioma-logo-2.png\",\"contentUrl\":\"https:\/\/www.axiomams.eu\/wp-content\/uploads\/2025\/06\/axioma-logo-2.png\",\"width\":1200,\"height\":1200,\"caption\":\"AXIOMA MS\"},\"image\":{\"@id\":\"https:\/\/www.axiomams.eu\/lv#\/schema\/logo\/image\/\"},\"sameAs\":[\"https:\/\/www.facebook.com\/AxiomaMS\",\"https:\/\/www.linkedin.com\/company\/axiomams\/\"]}]}<\/script>\n<!-- \/ Yoast SEO plugin. -->","yoast_head_json":{"title":"HIOKI BT3554-91 Akumulatoru testeris - AXIOMA MS","robots":{"index":"index","follow":"follow","max-snippet":"max-snippet:-1","max-image-preview":"max-image-preview:large","max-video-preview":"max-video-preview:-1"},"canonical":"https:\/\/www.axiomams.eu\/lv\/produktas\/hioki-bt3554-91-akumulatoru-testeris","og_locale":"lv_LV","og_type":"article","og_title":"HIOKI BT3554-91 Akumulatoru testeris - AXIOMA MS","og_description":"HIOKI BT3554-91 akumulatoru testeris nosaka svina-sk\u0101bes elementu vesel\u012bbu, veicot svar\u012bg\u0101ko akumulatora parametru m\u0113r\u012bjumus. BT3554 ir mazs, viegls un \u013coti \u0101trs. Pateicoties \u0161\u012bm \u012bpa\u0161\u012bb\u0101m, operators var \u0146emt testeri visur l\u012bdzi un veikt m\u0113r\u012bjumus tikai da\u017eu sekun\u017eu laik\u0101. Pateicoties Kelvina tipa zond\u0113m, m\u0113r\u012bjumi vienm\u0113r ir prec\u012bzi. Standarta komplekts: HIOKI BT3554-91 akumulatoru testeris, somi\u0146a, aizsargs, dro\u0161in\u0101t\u0101ju komplekts, 0...","og_url":"https:\/\/www.axiomams.eu\/lv\/produktas\/hioki-bt3554-91-akumulatoru-testeris","og_site_name":"AXIOMA MS","article_publisher":"https:\/\/www.facebook.com\/AxiomaMS","article_modified_time":"2026-03-25T14:58:23+00:00","og_image":[{"width":500,"height":500,"url":"https:\/\/www.axiomams.eu\/wp-content\/uploads\/2025\/07\/2780-4559.jpg","type":"image\/jpeg"}],"twitter_card":"summary_large_image","twitter_misc":{"Est. reading time":"1 minute"},"schema":{"@context":"https:\/\/schema.org","@graph":[{"@type":"WebPage","@id":"https:\/\/www.axiomams.eu\/lv\/produktas\/hioki-bt3554-91-akumulatoru-testeris","url":"https:\/\/www.axiomams.eu\/lv\/produktas\/hioki-bt3554-91-akumulatoru-testeris","name":"HIOKI BT3554-91 Akumulatoru testeris - AXIOMA MS","isPartOf":{"@id":"https:\/\/www.axiomams.eu\/lv#website"},"primaryImageOfPage":{"@id":"https:\/\/www.axiomams.eu\/lv\/produktas\/hioki-bt3554-91-akumulatoru-testeris#primaryimage"},"image":{"@id":"https:\/\/www.axiomams.eu\/lv\/produktas\/hioki-bt3554-91-akumulatoru-testeris#primaryimage"},"thumbnailUrl":"https:\/\/www.axiomams.eu\/wp-content\/uploads\/2025\/07\/2780-4559.jpg","datePublished":"2025-05-15T15:55:17+00:00","dateModified":"2026-03-25T14:58:23+00:00","breadcrumb":{"@id":"https:\/\/www.axiomams.eu\/lv\/produktas\/hioki-bt3554-91-akumulatoru-testeris#breadcrumb"},"inLanguage":"lv-LV","potentialAction":[{"@type":"ReadAction","target":["https:\/\/www.axiomams.eu\/lv\/produktas\/hioki-bt3554-91-akumulatoru-testeris"]}]},{"@type":"ImageObject","inLanguage":"lv-LV","@id":"https:\/\/www.axiomams.eu\/lv\/produktas\/hioki-bt3554-91-akumulatoru-testeris#primaryimage","url":"https:\/\/www.axiomams.eu\/wp-content\/uploads\/2025\/07\/2780-4559.jpg","contentUrl":"https:\/\/www.axiomams.eu\/wp-content\/uploads\/2025\/07\/2780-4559.jpg","width":500,"height":500},{"@type":"BreadcrumbList","@id":"https:\/\/www.axiomams.eu\/lv\/produktas\/hioki-bt3554-91-akumulatoru-testeris#breadcrumb","itemListElement":[{"@type":"ListItem","position":1,"name":"Home","item":"https:\/\/www.axiomams.eu\/lv"},{"@type":"ListItem","position":2,"name":"Produkti","item":"https:\/\/www.axiomams.eu\/lv\/produkti"},{"@type":"ListItem","position":3,"name":"HIOKI BT3554-91 Akumulatoru testeris"}]},{"@type":"WebSite","@id":"https:\/\/www.axiomams.eu\/lv#website","url":"https:\/\/www.axiomams.eu\/lv","name":"AXIOMA MS","description":"Terrmovizoriai ir matavimo \u012franga","publisher":{"@id":"https:\/\/www.axiomams.eu\/lv#organization"},"potentialAction":[{"@type":"SearchAction","target":{"@type":"EntryPoint","urlTemplate":"https:\/\/www.axiomams.eu\/lv?s={search_term_string}"},"query-input":{"@type":"PropertyValueSpecification","valueRequired":true,"valueName":"search_term_string"}}],"inLanguage":"lv-LV"},{"@type":"Organization","@id":"https:\/\/www.axiomams.eu\/lv#organization","name":"AXIOMA MS","url":"https:\/\/www.axiomams.eu\/lv","logo":{"@type":"ImageObject","inLanguage":"lv-LV","@id":"https:\/\/www.axiomams.eu\/lv#\/schema\/logo\/image\/","url":"https:\/\/www.axiomams.eu\/wp-content\/uploads\/2025\/06\/axioma-logo-2.png","contentUrl":"https:\/\/www.axiomams.eu\/wp-content\/uploads\/2025\/06\/axioma-logo-2.png","width":1200,"height":1200,"caption":"AXIOMA MS"},"image":{"@id":"https:\/\/www.axiomams.eu\/lv#\/schema\/logo\/image\/"},"sameAs":["https:\/\/www.facebook.com\/AxiomaMS","https:\/\/www.linkedin.com\/company\/axiomams\/"]}]}},"_links":{"self":[{"href":"https:\/\/www.axiomams.eu\/lv\/wp-json\/wp\/v2\/product\/38813","targetHints":{"allow":["GET"]}}],"collection":[{"href":"https:\/\/www.axiomams.eu\/lv\/wp-json\/wp\/v2\/product"}],"about":[{"href":"https:\/\/www.axiomams.eu\/lv\/wp-json\/wp\/v2\/types\/product"}],"replies":[{"embeddable":true,"href":"https:\/\/www.axiomams.eu\/lv\/wp-json\/wp\/v2\/comments?post=38813"}],"wp:featuredmedia":[{"embeddable":true,"href":"https:\/\/www.axiomams.eu\/lv\/wp-json\/wp\/v2\/media\/41320"}],"wp:attachment":[{"href":"https:\/\/www.axiomams.eu\/lv\/wp-json\/wp\/v2\/media?parent=38813"}],"wp:term":[{"taxonomy":"product_brand","embeddable":true,"href":"https:\/\/www.axiomams.eu\/lv\/wp-json\/wp\/v2\/product_brand?post=38813"},{"taxonomy":"product_cat","embeddable":true,"href":"https:\/\/www.axiomams.eu\/lv\/wp-json\/wp\/v2\/product_cat?post=38813"},{"taxonomy":"product_tag","embeddable":true,"href":"https:\/\/www.axiomams.eu\/lv\/wp-json\/wp\/v2\/product_tag?post=38813"}],"curies":[{"name":"wp","href":"https:\/\/api.w.org\/{rel}","templated":true}]}}