{"id":38814,"date":"2025-05-15T17:55:20","date_gmt":"2025-05-15T15:55:20","guid":{"rendered":"https:\/\/www.axiomams.eu\/produktas\/chauvin-arnoux-c-a-6418-zemes-skava"},"modified":"2026-03-25T16:58:23","modified_gmt":"2026-03-25T14:58:23","slug":"chauvin-arnoux-c-a-6418-zemes-skava","status":"publish","type":"product","link":"https:\/\/www.axiomams.eu\/lv\/produktas\/chauvin-arnoux-c-a-6418-zemes-skava","title":{"rendered":"Chauvin Arnoux C.A 6418 zemes skava"},"content":{"rendered":"<p>T\u0101s ir \u012bpa\u0161i \u0113rti lietojamas, pateicoties ergonomiskiem jaunin\u0101jumiem, piem\u0113ram, sp\u0113ka kompens\u0101cijas sist\u0113mai, kas nodro\u0161ina skavas atv\u0113r\u0161anu bez piep\u016bles, un OLED displejam, kas nodro\u0161ina redzam\u012bbu 180\u00b0 le\u0146\u0137\u012b neatkar\u012bgi no apgaismojuma apst\u0101k\u013ciem. Autom\u0101tisk\u0101 PRE-HOLD funkcija, kad skava tiek atv\u0113rta, un autom\u0101tisk\u0101 \u017eok\u013cu kalibr\u0113\u0161anas funkcija, iesl\u0113dzot str\u0101vas padevi, pal\u012bdz optimiz\u0113t skavu sniegto m\u0113r\u012bjumu apstr\u0101di.<\/p>\n<p>Standarta komplekt\u0101: somi\u0146a, baterijas, rokas siksna, CD-ROM ar lietot\u0101ja rokasgr\u0101mat\u0101m, \u0101tr\u0101s palai\u0161anas rokasgr\u0101mata, dro\u0161\u012bbas datu lapa vair\u0101k\u0101s valod\u0101s, verifik\u0101cijas sertifik\u0101ts.<\/p>\n<h3>Tehnisk\u0101 inform\u0101cija:<\/h3>\n<ul>\n<li><a href=\"https:\/\/axiomams.eu\/importer\/export\/attachments\/en\/chauvin-arnoux-c.a-6418.pdf\" target=\"_blank\">Chauvin Arnoux C.A 6418.PDF<\/a><\/li>\n<\/ul>\n","protected":false},"excerpt":{"rendered":"<p>T\u0101s ir \u012bpa\u0161i \u0113rti lietojamas, pateicoties ergonomiskiem jaunin\u0101jumiem, piem\u0113ram, sp\u0113ka kompens\u0101cijas sist\u0113mai, kas nodro\u0161ina skavas atv\u0113r\u0161anu bez piep\u016bles, un OLED displejam, kas nodro\u0161ina redzam\u012bbu 180\u00b0 le\u0146\u0137\u012b neatkar\u012bgi no apgaismojuma apst\u0101k\u013ciem. Autom\u0101tisk\u0101 PRE-HOLD funkcija, kad skava tiek atv\u0113rta, un autom\u0101tisk\u0101 \u017eok\u013cu kalibr\u0113\u0161anas funkcija, iesl\u0113dzot str\u0101vas padevi, pal\u012bdz optimiz\u0113t skavu sniegto m\u0113r\u012bjumu apstr\u0101di. Standarta komplekt\u0101: somi\u0146a, baterijas,&#8230;<\/p>\n","protected":false},"featured_media":41322,"comment_status":"open","ping_status":"closed","template":"","meta":{"_acf_changed":false},"product_brand":[729],"product_cat":[17712],"product_tag":[],"class_list":{"0":"post-38814","1":"product","2":"type-product","3":"status-publish","4":"has-post-thumbnail","6":"product_brand-chauvin-arnoux","7":"product_cat-elektroinstalacijas-parbaudei","9":"first","10":"instock","11":"taxable","12":"shipping-taxable","13":"purchasable","14":"product-type-simple"},"acf":[],"yoast_head":"<!-- This site is optimized with the Yoast SEO plugin v27.0 - https:\/\/yoast.com\/product\/yoast-seo-wordpress\/ -->\n<title>Chauvin Arnoux C.A 6418 zemes skava - AXIOMA MS<\/title>\n<meta name=\"robots\" content=\"index, follow, max-snippet:-1, max-image-preview:large, max-video-preview:-1\" \/>\n<link rel=\"canonical\" href=\"https:\/\/www.axiomams.eu\/lv\/produktas\/chauvin-arnoux-c-a-6418-zemes-skava\" \/>\n<meta property=\"og:locale\" content=\"lv_LV\" \/>\n<meta property=\"og:type\" content=\"article\" \/>\n<meta property=\"og:title\" content=\"Chauvin Arnoux C.A 6418 zemes skava - AXIOMA MS\" \/>\n<meta property=\"og:description\" content=\"T\u0101s ir \u012bpa\u0161i \u0113rti lietojamas, pateicoties ergonomiskiem jaunin\u0101jumiem, piem\u0113ram, sp\u0113ka kompens\u0101cijas sist\u0113mai, kas nodro\u0161ina skavas atv\u0113r\u0161anu bez piep\u016bles, un OLED displejam, kas nodro\u0161ina redzam\u012bbu 180\u00b0 le\u0146\u0137\u012b neatkar\u012bgi no apgaismojuma apst\u0101k\u013ciem. Autom\u0101tisk\u0101 PRE-HOLD funkcija, kad skava tiek atv\u0113rta, un autom\u0101tisk\u0101 \u017eok\u013cu kalibr\u0113\u0161anas funkcija, iesl\u0113dzot str\u0101vas padevi, pal\u012bdz optimiz\u0113t skavu sniegto m\u0113r\u012bjumu apstr\u0101di. Standarta komplekt\u0101: somi\u0146a, baterijas,...\" \/>\n<meta property=\"og:url\" content=\"https:\/\/www.axiomams.eu\/lv\/produktas\/chauvin-arnoux-c-a-6418-zemes-skava\" \/>\n<meta property=\"og:site_name\" content=\"AXIOMA MS\" \/>\n<meta property=\"article:publisher\" content=\"https:\/\/www.facebook.com\/AxiomaMS\" \/>\n<meta property=\"article:modified_time\" content=\"2026-03-25T14:58:23+00:00\" \/>\n<meta property=\"og:image\" content=\"https:\/\/www.axiomams.eu\/wp-content\/uploads\/2025\/07\/3419-4630.jpg\" \/>\n\t<meta property=\"og:image:width\" content=\"1000\" \/>\n\t<meta property=\"og:image:height\" content=\"1000\" \/>\n\t<meta property=\"og:image:type\" content=\"image\/jpeg\" \/>\n<meta name=\"twitter:card\" content=\"summary_large_image\" \/>\n<meta name=\"twitter:label1\" content=\"Est. reading time\" \/>\n\t<meta name=\"twitter:data1\" content=\"1 minute\" \/>\n<script type=\"application\/ld+json\" class=\"yoast-schema-graph\">{\"@context\":\"https:\/\/schema.org\",\"@graph\":[{\"@type\":\"WebPage\",\"@id\":\"https:\/\/www.axiomams.eu\/lv\/produktas\/chauvin-arnoux-c-a-6418-zemes-skava\",\"url\":\"https:\/\/www.axiomams.eu\/lv\/produktas\/chauvin-arnoux-c-a-6418-zemes-skava\",\"name\":\"Chauvin Arnoux C.A 6418 zemes skava - AXIOMA MS\",\"isPartOf\":{\"@id\":\"https:\/\/www.axiomams.eu\/lv#website\"},\"primaryImageOfPage\":{\"@id\":\"https:\/\/www.axiomams.eu\/lv\/produktas\/chauvin-arnoux-c-a-6418-zemes-skava#primaryimage\"},\"image\":{\"@id\":\"https:\/\/www.axiomams.eu\/lv\/produktas\/chauvin-arnoux-c-a-6418-zemes-skava#primaryimage\"},\"thumbnailUrl\":\"https:\/\/www.axiomams.eu\/wp-content\/uploads\/2025\/07\/3419-4630.jpg\",\"datePublished\":\"2025-05-15T15:55:20+00:00\",\"dateModified\":\"2026-03-25T14:58:23+00:00\",\"breadcrumb\":{\"@id\":\"https:\/\/www.axiomams.eu\/lv\/produktas\/chauvin-arnoux-c-a-6418-zemes-skava#breadcrumb\"},\"inLanguage\":\"lv-LV\",\"potentialAction\":[{\"@type\":\"ReadAction\",\"target\":[\"https:\/\/www.axiomams.eu\/lv\/produktas\/chauvin-arnoux-c-a-6418-zemes-skava\"]}]},{\"@type\":\"ImageObject\",\"inLanguage\":\"lv-LV\",\"@id\":\"https:\/\/www.axiomams.eu\/lv\/produktas\/chauvin-arnoux-c-a-6418-zemes-skava#primaryimage\",\"url\":\"https:\/\/www.axiomams.eu\/wp-content\/uploads\/2025\/07\/3419-4630.jpg\",\"contentUrl\":\"https:\/\/www.axiomams.eu\/wp-content\/uploads\/2025\/07\/3419-4630.jpg\",\"width\":1000,\"height\":1000},{\"@type\":\"BreadcrumbList\",\"@id\":\"https:\/\/www.axiomams.eu\/lv\/produktas\/chauvin-arnoux-c-a-6418-zemes-skava#breadcrumb\",\"itemListElement\":[{\"@type\":\"ListItem\",\"position\":1,\"name\":\"Home\",\"item\":\"https:\/\/www.axiomams.eu\/lv\"},{\"@type\":\"ListItem\",\"position\":2,\"name\":\"Produkti\",\"item\":\"https:\/\/www.axiomams.eu\/lv\/produkti\"},{\"@type\":\"ListItem\",\"position\":3,\"name\":\"Chauvin Arnoux C.A 6418 zemes skava\"}]},{\"@type\":\"WebSite\",\"@id\":\"https:\/\/www.axiomams.eu\/lv#website\",\"url\":\"https:\/\/www.axiomams.eu\/lv\",\"name\":\"AXIOMA MS\",\"description\":\"Terrmovizoriai ir matavimo \u012franga\",\"publisher\":{\"@id\":\"https:\/\/www.axiomams.eu\/lv#organization\"},\"potentialAction\":[{\"@type\":\"SearchAction\",\"target\":{\"@type\":\"EntryPoint\",\"urlTemplate\":\"https:\/\/www.axiomams.eu\/lv?s={search_term_string}\"},\"query-input\":{\"@type\":\"PropertyValueSpecification\",\"valueRequired\":true,\"valueName\":\"search_term_string\"}}],\"inLanguage\":\"lv-LV\"},{\"@type\":\"Organization\",\"@id\":\"https:\/\/www.axiomams.eu\/lv#organization\",\"name\":\"AXIOMA MS\",\"url\":\"https:\/\/www.axiomams.eu\/lv\",\"logo\":{\"@type\":\"ImageObject\",\"inLanguage\":\"lv-LV\",\"@id\":\"https:\/\/www.axiomams.eu\/lv#\/schema\/logo\/image\/\",\"url\":\"https:\/\/www.axiomams.eu\/wp-content\/uploads\/2025\/06\/axioma-logo-2.png\",\"contentUrl\":\"https:\/\/www.axiomams.eu\/wp-content\/uploads\/2025\/06\/axioma-logo-2.png\",\"width\":1200,\"height\":1200,\"caption\":\"AXIOMA MS\"},\"image\":{\"@id\":\"https:\/\/www.axiomams.eu\/lv#\/schema\/logo\/image\/\"},\"sameAs\":[\"https:\/\/www.facebook.com\/AxiomaMS\",\"https:\/\/www.linkedin.com\/company\/axiomams\/\"]}]}<\/script>\n<!-- \/ Yoast SEO plugin. -->","yoast_head_json":{"title":"Chauvin Arnoux C.A 6418 zemes skava - AXIOMA MS","robots":{"index":"index","follow":"follow","max-snippet":"max-snippet:-1","max-image-preview":"max-image-preview:large","max-video-preview":"max-video-preview:-1"},"canonical":"https:\/\/www.axiomams.eu\/lv\/produktas\/chauvin-arnoux-c-a-6418-zemes-skava","og_locale":"lv_LV","og_type":"article","og_title":"Chauvin Arnoux C.A 6418 zemes skava - AXIOMA MS","og_description":"T\u0101s ir \u012bpa\u0161i \u0113rti lietojamas, pateicoties ergonomiskiem jaunin\u0101jumiem, piem\u0113ram, sp\u0113ka kompens\u0101cijas sist\u0113mai, kas nodro\u0161ina skavas atv\u0113r\u0161anu bez piep\u016bles, un OLED displejam, kas nodro\u0161ina redzam\u012bbu 180\u00b0 le\u0146\u0137\u012b neatkar\u012bgi no apgaismojuma apst\u0101k\u013ciem. Autom\u0101tisk\u0101 PRE-HOLD funkcija, kad skava tiek atv\u0113rta, un autom\u0101tisk\u0101 \u017eok\u013cu kalibr\u0113\u0161anas funkcija, iesl\u0113dzot str\u0101vas padevi, pal\u012bdz optimiz\u0113t skavu sniegto m\u0113r\u012bjumu apstr\u0101di. Standarta komplekt\u0101: somi\u0146a, baterijas,...","og_url":"https:\/\/www.axiomams.eu\/lv\/produktas\/chauvin-arnoux-c-a-6418-zemes-skava","og_site_name":"AXIOMA MS","article_publisher":"https:\/\/www.facebook.com\/AxiomaMS","article_modified_time":"2026-03-25T14:58:23+00:00","og_image":[{"width":1000,"height":1000,"url":"https:\/\/www.axiomams.eu\/wp-content\/uploads\/2025\/07\/3419-4630.jpg","type":"image\/jpeg"}],"twitter_card":"summary_large_image","twitter_misc":{"Est. reading time":"1 minute"},"schema":{"@context":"https:\/\/schema.org","@graph":[{"@type":"WebPage","@id":"https:\/\/www.axiomams.eu\/lv\/produktas\/chauvin-arnoux-c-a-6418-zemes-skava","url":"https:\/\/www.axiomams.eu\/lv\/produktas\/chauvin-arnoux-c-a-6418-zemes-skava","name":"Chauvin Arnoux C.A 6418 zemes skava - AXIOMA MS","isPartOf":{"@id":"https:\/\/www.axiomams.eu\/lv#website"},"primaryImageOfPage":{"@id":"https:\/\/www.axiomams.eu\/lv\/produktas\/chauvin-arnoux-c-a-6418-zemes-skava#primaryimage"},"image":{"@id":"https:\/\/www.axiomams.eu\/lv\/produktas\/chauvin-arnoux-c-a-6418-zemes-skava#primaryimage"},"thumbnailUrl":"https:\/\/www.axiomams.eu\/wp-content\/uploads\/2025\/07\/3419-4630.jpg","datePublished":"2025-05-15T15:55:20+00:00","dateModified":"2026-03-25T14:58:23+00:00","breadcrumb":{"@id":"https:\/\/www.axiomams.eu\/lv\/produktas\/chauvin-arnoux-c-a-6418-zemes-skava#breadcrumb"},"inLanguage":"lv-LV","potentialAction":[{"@type":"ReadAction","target":["https:\/\/www.axiomams.eu\/lv\/produktas\/chauvin-arnoux-c-a-6418-zemes-skava"]}]},{"@type":"ImageObject","inLanguage":"lv-LV","@id":"https:\/\/www.axiomams.eu\/lv\/produktas\/chauvin-arnoux-c-a-6418-zemes-skava#primaryimage","url":"https:\/\/www.axiomams.eu\/wp-content\/uploads\/2025\/07\/3419-4630.jpg","contentUrl":"https:\/\/www.axiomams.eu\/wp-content\/uploads\/2025\/07\/3419-4630.jpg","width":1000,"height":1000},{"@type":"BreadcrumbList","@id":"https:\/\/www.axiomams.eu\/lv\/produktas\/chauvin-arnoux-c-a-6418-zemes-skava#breadcrumb","itemListElement":[{"@type":"ListItem","position":1,"name":"Home","item":"https:\/\/www.axiomams.eu\/lv"},{"@type":"ListItem","position":2,"name":"Produkti","item":"https:\/\/www.axiomams.eu\/lv\/produkti"},{"@type":"ListItem","position":3,"name":"Chauvin Arnoux C.A 6418 zemes skava"}]},{"@type":"WebSite","@id":"https:\/\/www.axiomams.eu\/lv#website","url":"https:\/\/www.axiomams.eu\/lv","name":"AXIOMA MS","description":"Terrmovizoriai ir matavimo \u012franga","publisher":{"@id":"https:\/\/www.axiomams.eu\/lv#organization"},"potentialAction":[{"@type":"SearchAction","target":{"@type":"EntryPoint","urlTemplate":"https:\/\/www.axiomams.eu\/lv?s={search_term_string}"},"query-input":{"@type":"PropertyValueSpecification","valueRequired":true,"valueName":"search_term_string"}}],"inLanguage":"lv-LV"},{"@type":"Organization","@id":"https:\/\/www.axiomams.eu\/lv#organization","name":"AXIOMA MS","url":"https:\/\/www.axiomams.eu\/lv","logo":{"@type":"ImageObject","inLanguage":"lv-LV","@id":"https:\/\/www.axiomams.eu\/lv#\/schema\/logo\/image\/","url":"https:\/\/www.axiomams.eu\/wp-content\/uploads\/2025\/06\/axioma-logo-2.png","contentUrl":"https:\/\/www.axiomams.eu\/wp-content\/uploads\/2025\/06\/axioma-logo-2.png","width":1200,"height":1200,"caption":"AXIOMA MS"},"image":{"@id":"https:\/\/www.axiomams.eu\/lv#\/schema\/logo\/image\/"},"sameAs":["https:\/\/www.facebook.com\/AxiomaMS","https:\/\/www.linkedin.com\/company\/axiomams\/"]}]}},"_links":{"self":[{"href":"https:\/\/www.axiomams.eu\/lv\/wp-json\/wp\/v2\/product\/38814","targetHints":{"allow":["GET"]}}],"collection":[{"href":"https:\/\/www.axiomams.eu\/lv\/wp-json\/wp\/v2\/product"}],"about":[{"href":"https:\/\/www.axiomams.eu\/lv\/wp-json\/wp\/v2\/types\/product"}],"replies":[{"embeddable":true,"href":"https:\/\/www.axiomams.eu\/lv\/wp-json\/wp\/v2\/comments?post=38814"}],"wp:featuredmedia":[{"embeddable":true,"href":"https:\/\/www.axiomams.eu\/lv\/wp-json\/wp\/v2\/media\/41322"}],"wp:attachment":[{"href":"https:\/\/www.axiomams.eu\/lv\/wp-json\/wp\/v2\/media?parent=38814"}],"wp:term":[{"taxonomy":"product_brand","embeddable":true,"href":"https:\/\/www.axiomams.eu\/lv\/wp-json\/wp\/v2\/product_brand?post=38814"},{"taxonomy":"product_cat","embeddable":true,"href":"https:\/\/www.axiomams.eu\/lv\/wp-json\/wp\/v2\/product_cat?post=38814"},{"taxonomy":"product_tag","embeddable":true,"href":"https:\/\/www.axiomams.eu\/lv\/wp-json\/wp\/v2\/product_tag?post=38814"}],"curies":[{"name":"wp","href":"https:\/\/api.w.org\/{rel}","templated":true}]}}