{"id":38815,"date":"2025-05-15T17:55:13","date_gmt":"2025-05-15T15:55:13","guid":{"rendered":"https:\/\/www.axiomams.eu\/produktas\/flir-c5-termokamera"},"modified":"2026-03-25T16:58:23","modified_gmt":"2026-03-25T14:58:23","slug":"flir-c5-termokamera","status":"publish","type":"product","link":"https:\/\/www.axiomams.eu\/lv\/produktas\/flir-c5-termokamera","title":{"rendered":"Flir C5 termokamera"},"content":{"rendered":"<p>FLIR C5 ir pilnfunkcion\u0101la kabatas izm\u0113ra termokamera, kas paredz\u0113ta b\u016bvniec\u012bbas nozares ekspertiem un darbuz\u0146\u0113m\u0113jiem. Turiet to l\u012bdzi, lai jebkur\u0101 laik\u0101 b\u016btu gatavi atrast sl\u0113pt\u0101s siltuma strukt\u016bras, kas signaliz\u0113 par ener\u0123ijas iz\u0161\u0137\u0113rd\u0113\u0161anu, konstrukcijas defektiem, santehnikas probl\u0113m\u0101m un daudz ko citu.<\/p>\n<p>Standarta komplekts: FLIR C5 termokamera, druk\u0101ta dokument\u0101cija, rokas siksnas siksni\u0146a, USB kabelis, maci\u0146\u0161.<\/p>\n<h3>Tehnisk\u0101 inform\u0101cija:<\/h3>\n<ul>\n<li><a href=\"https:\/\/axiomams.eu\/importer\/export\/attachments\/en\/flir-c5.pdf\" target=\"_blank\">FLIR C5.pdf<\/a><\/li>\n<\/ul>\n","protected":false},"excerpt":{"rendered":"<p>FLIR C5 ir pilnfunkcion\u0101la kabatas izm\u0113ra termokamera, kas paredz\u0113ta b\u016bvniec\u012bbas nozares ekspertiem un darbuz\u0146\u0113m\u0113jiem. Turiet to l\u012bdzi, lai jebkur\u0101 laik\u0101 b\u016btu gatavi atrast sl\u0113pt\u0101s siltuma strukt\u016bras, kas signaliz\u0113 par ener\u0123ijas iz\u0161\u0137\u0113rd\u0113\u0161anu, konstrukcijas defektiem, santehnikas probl\u0113m\u0101m un daudz ko citu. Standarta komplekts: FLIR C5 termokamera, druk\u0101ta dokument\u0101cija, rokas siksnas siksni\u0146a, USB kabelis, maci\u0146\u0161. Tehnisk\u0101 inform\u0101cija: FLIR&#8230;<\/p>\n","protected":false},"featured_media":41324,"comment_status":"open","ping_status":"closed","template":"","meta":{"_acf_changed":false},"product_brand":[734],"product_cat":[17729,17737,17762],"product_tag":[],"class_list":{"0":"post-38815","1":"product","2":"type-product","3":"status-publish","4":"has-post-thumbnail","6":"product_brand-flir","7":"product_cat-energijas-un-eku-diagnostika","8":"product_cat-termografiska-attelveidosana-ekam","9":"product_cat-termografiska-attelveidosana-ir-logi-profilaktiskai-diagnostikai","11":"first","12":"instock","13":"taxable","14":"shipping-taxable","15":"purchasable","16":"product-type-simple"},"acf":[],"yoast_head":"<!-- This site is optimized with the Yoast SEO plugin v27.0 - https:\/\/yoast.com\/product\/yoast-seo-wordpress\/ -->\n<title>Flir C5 termokamera - AXIOMA MS<\/title>\n<meta name=\"robots\" content=\"index, follow, max-snippet:-1, max-image-preview:large, max-video-preview:-1\" \/>\n<link rel=\"canonical\" href=\"https:\/\/www.axiomams.eu\/lv\/produktas\/flir-c5-termokamera\" \/>\n<meta property=\"og:locale\" content=\"lv_LV\" \/>\n<meta property=\"og:type\" content=\"article\" \/>\n<meta property=\"og:title\" content=\"Flir C5 termokamera - AXIOMA MS\" \/>\n<meta property=\"og:description\" content=\"FLIR C5 ir pilnfunkcion\u0101la kabatas izm\u0113ra termokamera, kas paredz\u0113ta b\u016bvniec\u012bbas nozares ekspertiem un darbuz\u0146\u0113m\u0113jiem. Turiet to l\u012bdzi, lai jebkur\u0101 laik\u0101 b\u016btu gatavi atrast sl\u0113pt\u0101s siltuma strukt\u016bras, kas signaliz\u0113 par ener\u0123ijas iz\u0161\u0137\u0113rd\u0113\u0161anu, konstrukcijas defektiem, santehnikas probl\u0113m\u0101m un daudz ko citu. Standarta komplekts: FLIR C5 termokamera, druk\u0101ta dokument\u0101cija, rokas siksnas siksni\u0146a, USB kabelis, maci\u0146\u0161. Tehnisk\u0101 inform\u0101cija: FLIR...\" \/>\n<meta property=\"og:url\" content=\"https:\/\/www.axiomams.eu\/lv\/produktas\/flir-c5-termokamera\" \/>\n<meta property=\"og:site_name\" content=\"AXIOMA MS\" \/>\n<meta property=\"article:publisher\" content=\"https:\/\/www.facebook.com\/AxiomaMS\" \/>\n<meta property=\"article:modified_time\" content=\"2026-03-25T14:58:23+00:00\" \/>\n<meta property=\"og:image\" content=\"https:\/\/www.axiomams.eu\/wp-content\/uploads\/2025\/07\/2886-3793.jpg\" \/>\n\t<meta property=\"og:image:width\" content=\"1000\" \/>\n\t<meta property=\"og:image:height\" content=\"723\" \/>\n\t<meta property=\"og:image:type\" content=\"image\/jpeg\" \/>\n<meta name=\"twitter:card\" content=\"summary_large_image\" \/>\n<script type=\"application\/ld+json\" class=\"yoast-schema-graph\">{\"@context\":\"https:\/\/schema.org\",\"@graph\":[{\"@type\":\"WebPage\",\"@id\":\"https:\/\/www.axiomams.eu\/lv\/produktas\/flir-c5-termokamera\",\"url\":\"https:\/\/www.axiomams.eu\/lv\/produktas\/flir-c5-termokamera\",\"name\":\"Flir C5 termokamera - AXIOMA MS\",\"isPartOf\":{\"@id\":\"https:\/\/www.axiomams.eu\/lv#website\"},\"primaryImageOfPage\":{\"@id\":\"https:\/\/www.axiomams.eu\/lv\/produktas\/flir-c5-termokamera#primaryimage\"},\"image\":{\"@id\":\"https:\/\/www.axiomams.eu\/lv\/produktas\/flir-c5-termokamera#primaryimage\"},\"thumbnailUrl\":\"https:\/\/www.axiomams.eu\/wp-content\/uploads\/2025\/07\/2886-3793.jpg\",\"datePublished\":\"2025-05-15T15:55:13+00:00\",\"dateModified\":\"2026-03-25T14:58:23+00:00\",\"breadcrumb\":{\"@id\":\"https:\/\/www.axiomams.eu\/lv\/produktas\/flir-c5-termokamera#breadcrumb\"},\"inLanguage\":\"lv-LV\",\"potentialAction\":[{\"@type\":\"ReadAction\",\"target\":[\"https:\/\/www.axiomams.eu\/lv\/produktas\/flir-c5-termokamera\"]}]},{\"@type\":\"ImageObject\",\"inLanguage\":\"lv-LV\",\"@id\":\"https:\/\/www.axiomams.eu\/lv\/produktas\/flir-c5-termokamera#primaryimage\",\"url\":\"https:\/\/www.axiomams.eu\/wp-content\/uploads\/2025\/07\/2886-3793.jpg\",\"contentUrl\":\"https:\/\/www.axiomams.eu\/wp-content\/uploads\/2025\/07\/2886-3793.jpg\",\"width\":1000,\"height\":723},{\"@type\":\"BreadcrumbList\",\"@id\":\"https:\/\/www.axiomams.eu\/lv\/produktas\/flir-c5-termokamera#breadcrumb\",\"itemListElement\":[{\"@type\":\"ListItem\",\"position\":1,\"name\":\"Home\",\"item\":\"https:\/\/www.axiomams.eu\/lv\"},{\"@type\":\"ListItem\",\"position\":2,\"name\":\"Produkti\",\"item\":\"https:\/\/www.axiomams.eu\/lv\/produkti\"},{\"@type\":\"ListItem\",\"position\":3,\"name\":\"Flir C5 termokamera\"}]},{\"@type\":\"WebSite\",\"@id\":\"https:\/\/www.axiomams.eu\/lv#website\",\"url\":\"https:\/\/www.axiomams.eu\/lv\",\"name\":\"AXIOMA MS\",\"description\":\"Terrmovizoriai ir matavimo \u012franga\",\"publisher\":{\"@id\":\"https:\/\/www.axiomams.eu\/lv#organization\"},\"potentialAction\":[{\"@type\":\"SearchAction\",\"target\":{\"@type\":\"EntryPoint\",\"urlTemplate\":\"https:\/\/www.axiomams.eu\/lv?s={search_term_string}\"},\"query-input\":{\"@type\":\"PropertyValueSpecification\",\"valueRequired\":true,\"valueName\":\"search_term_string\"}}],\"inLanguage\":\"lv-LV\"},{\"@type\":\"Organization\",\"@id\":\"https:\/\/www.axiomams.eu\/lv#organization\",\"name\":\"AXIOMA MS\",\"url\":\"https:\/\/www.axiomams.eu\/lv\",\"logo\":{\"@type\":\"ImageObject\",\"inLanguage\":\"lv-LV\",\"@id\":\"https:\/\/www.axiomams.eu\/lv#\/schema\/logo\/image\/\",\"url\":\"https:\/\/www.axiomams.eu\/wp-content\/uploads\/2025\/06\/axioma-logo-2.png\",\"contentUrl\":\"https:\/\/www.axiomams.eu\/wp-content\/uploads\/2025\/06\/axioma-logo-2.png\",\"width\":1200,\"height\":1200,\"caption\":\"AXIOMA MS\"},\"image\":{\"@id\":\"https:\/\/www.axiomams.eu\/lv#\/schema\/logo\/image\/\"},\"sameAs\":[\"https:\/\/www.facebook.com\/AxiomaMS\",\"https:\/\/www.linkedin.com\/company\/axiomams\/\"]}]}<\/script>\n<!-- \/ Yoast SEO plugin. -->","yoast_head_json":{"title":"Flir C5 termokamera - AXIOMA MS","robots":{"index":"index","follow":"follow","max-snippet":"max-snippet:-1","max-image-preview":"max-image-preview:large","max-video-preview":"max-video-preview:-1"},"canonical":"https:\/\/www.axiomams.eu\/lv\/produktas\/flir-c5-termokamera","og_locale":"lv_LV","og_type":"article","og_title":"Flir C5 termokamera - AXIOMA MS","og_description":"FLIR C5 ir pilnfunkcion\u0101la kabatas izm\u0113ra termokamera, kas paredz\u0113ta b\u016bvniec\u012bbas nozares ekspertiem un darbuz\u0146\u0113m\u0113jiem. Turiet to l\u012bdzi, lai jebkur\u0101 laik\u0101 b\u016btu gatavi atrast sl\u0113pt\u0101s siltuma strukt\u016bras, kas signaliz\u0113 par ener\u0123ijas iz\u0161\u0137\u0113rd\u0113\u0161anu, konstrukcijas defektiem, santehnikas probl\u0113m\u0101m un daudz ko citu. Standarta komplekts: FLIR C5 termokamera, druk\u0101ta dokument\u0101cija, rokas siksnas siksni\u0146a, USB kabelis, maci\u0146\u0161. Tehnisk\u0101 inform\u0101cija: FLIR...","og_url":"https:\/\/www.axiomams.eu\/lv\/produktas\/flir-c5-termokamera","og_site_name":"AXIOMA MS","article_publisher":"https:\/\/www.facebook.com\/AxiomaMS","article_modified_time":"2026-03-25T14:58:23+00:00","og_image":[{"width":1000,"height":723,"url":"https:\/\/www.axiomams.eu\/wp-content\/uploads\/2025\/07\/2886-3793.jpg","type":"image\/jpeg"}],"twitter_card":"summary_large_image","schema":{"@context":"https:\/\/schema.org","@graph":[{"@type":"WebPage","@id":"https:\/\/www.axiomams.eu\/lv\/produktas\/flir-c5-termokamera","url":"https:\/\/www.axiomams.eu\/lv\/produktas\/flir-c5-termokamera","name":"Flir C5 termokamera - AXIOMA MS","isPartOf":{"@id":"https:\/\/www.axiomams.eu\/lv#website"},"primaryImageOfPage":{"@id":"https:\/\/www.axiomams.eu\/lv\/produktas\/flir-c5-termokamera#primaryimage"},"image":{"@id":"https:\/\/www.axiomams.eu\/lv\/produktas\/flir-c5-termokamera#primaryimage"},"thumbnailUrl":"https:\/\/www.axiomams.eu\/wp-content\/uploads\/2025\/07\/2886-3793.jpg","datePublished":"2025-05-15T15:55:13+00:00","dateModified":"2026-03-25T14:58:23+00:00","breadcrumb":{"@id":"https:\/\/www.axiomams.eu\/lv\/produktas\/flir-c5-termokamera#breadcrumb"},"inLanguage":"lv-LV","potentialAction":[{"@type":"ReadAction","target":["https:\/\/www.axiomams.eu\/lv\/produktas\/flir-c5-termokamera"]}]},{"@type":"ImageObject","inLanguage":"lv-LV","@id":"https:\/\/www.axiomams.eu\/lv\/produktas\/flir-c5-termokamera#primaryimage","url":"https:\/\/www.axiomams.eu\/wp-content\/uploads\/2025\/07\/2886-3793.jpg","contentUrl":"https:\/\/www.axiomams.eu\/wp-content\/uploads\/2025\/07\/2886-3793.jpg","width":1000,"height":723},{"@type":"BreadcrumbList","@id":"https:\/\/www.axiomams.eu\/lv\/produktas\/flir-c5-termokamera#breadcrumb","itemListElement":[{"@type":"ListItem","position":1,"name":"Home","item":"https:\/\/www.axiomams.eu\/lv"},{"@type":"ListItem","position":2,"name":"Produkti","item":"https:\/\/www.axiomams.eu\/lv\/produkti"},{"@type":"ListItem","position":3,"name":"Flir C5 termokamera"}]},{"@type":"WebSite","@id":"https:\/\/www.axiomams.eu\/lv#website","url":"https:\/\/www.axiomams.eu\/lv","name":"AXIOMA MS","description":"Terrmovizoriai ir matavimo \u012franga","publisher":{"@id":"https:\/\/www.axiomams.eu\/lv#organization"},"potentialAction":[{"@type":"SearchAction","target":{"@type":"EntryPoint","urlTemplate":"https:\/\/www.axiomams.eu\/lv?s={search_term_string}"},"query-input":{"@type":"PropertyValueSpecification","valueRequired":true,"valueName":"search_term_string"}}],"inLanguage":"lv-LV"},{"@type":"Organization","@id":"https:\/\/www.axiomams.eu\/lv#organization","name":"AXIOMA MS","url":"https:\/\/www.axiomams.eu\/lv","logo":{"@type":"ImageObject","inLanguage":"lv-LV","@id":"https:\/\/www.axiomams.eu\/lv#\/schema\/logo\/image\/","url":"https:\/\/www.axiomams.eu\/wp-content\/uploads\/2025\/06\/axioma-logo-2.png","contentUrl":"https:\/\/www.axiomams.eu\/wp-content\/uploads\/2025\/06\/axioma-logo-2.png","width":1200,"height":1200,"caption":"AXIOMA MS"},"image":{"@id":"https:\/\/www.axiomams.eu\/lv#\/schema\/logo\/image\/"},"sameAs":["https:\/\/www.facebook.com\/AxiomaMS","https:\/\/www.linkedin.com\/company\/axiomams\/"]}]}},"_links":{"self":[{"href":"https:\/\/www.axiomams.eu\/lv\/wp-json\/wp\/v2\/product\/38815","targetHints":{"allow":["GET"]}}],"collection":[{"href":"https:\/\/www.axiomams.eu\/lv\/wp-json\/wp\/v2\/product"}],"about":[{"href":"https:\/\/www.axiomams.eu\/lv\/wp-json\/wp\/v2\/types\/product"}],"replies":[{"embeddable":true,"href":"https:\/\/www.axiomams.eu\/lv\/wp-json\/wp\/v2\/comments?post=38815"}],"wp:featuredmedia":[{"embeddable":true,"href":"https:\/\/www.axiomams.eu\/lv\/wp-json\/wp\/v2\/media\/41324"}],"wp:attachment":[{"href":"https:\/\/www.axiomams.eu\/lv\/wp-json\/wp\/v2\/media?parent=38815"}],"wp:term":[{"taxonomy":"product_brand","embeddable":true,"href":"https:\/\/www.axiomams.eu\/lv\/wp-json\/wp\/v2\/product_brand?post=38815"},{"taxonomy":"product_cat","embeddable":true,"href":"https:\/\/www.axiomams.eu\/lv\/wp-json\/wp\/v2\/product_cat?post=38815"},{"taxonomy":"product_tag","embeddable":true,"href":"https:\/\/www.axiomams.eu\/lv\/wp-json\/wp\/v2\/product_tag?post=38815"}],"curies":[{"name":"wp","href":"https:\/\/api.w.org\/{rel}","templated":true}]}}