{"id":38817,"date":"2025-05-15T17:55:21","date_gmt":"2025-05-15T15:55:21","guid":{"rendered":"https:\/\/www.axiomams.eu\/produktas\/flir-e5-pro-termokamera"},"modified":"2026-03-25T16:58:25","modified_gmt":"2026-03-25T14:58:25","slug":"flir-e5-pro-termokamera","status":"publish","type":"product","link":"https:\/\/www.axiomams.eu\/lv\/produktas\/flir-e5-pro-termokamera","title":{"rendered":"Flir E5 Pro termokamera"},"content":{"rendered":"<p>FLIR E5 Pro termokamera ir j\u016bsu oblig\u0101tais pal\u012bgr\u012bks elektrisko, meh\u0101nisko un celtniec\u012bbas probl\u0113mu lokaliz\u0113\u0161anai un diagnostic\u0113\u0161anai. \u0100tri nosakiet karstos punktus un viegli identific\u0113jiet probl\u0113mas, izmantojot spilgtus term\u0101los att\u0113lus, ko atbalsta FLIR MSX (Multi-Spectral Dynamic Imaging) uzlabojums. J\u016bsu p\u0101rbaudes b\u016bs efekt\u012bv\u0101kas, jo visu darbu var\u0113siet veikt no sk\u0101rienj\u016bt\u012bg\u0101 ekr\u0101na: sak\u0101rtot fotoatt\u0113lus, pievienot detaliz\u0113tas piez\u012bmes un aug\u0161upiel\u0101d\u0113t tos tie\u0161i FLIR Ignite m\u0101kon\u012b, lai \u0113rti piek\u013c\u016bt no jebkuras ier\u012bces. Kad b\u016bsiet gatavs kop\u012bgot att\u0113lus un veidot zi\u0146ojumus klientiem, j\u016bsu att\u0113li un piez\u012bmes jau b\u016bs pieejamas lieto\u0161anai FLIR Ignite vai FLIR Thermal Studio, lai nodro\u0161in\u0101tu visvienk\u0101r\u0161\u0101ko pieredzi.<\/p>\n<p><b>Standarta komplekts:<\/b> termokamera FLIR E5 Pro, akumulators, akumulatora l\u0101d\u0113t\u0101js, baro\u0161anas avots\/l\u0101d\u0113t\u0101js, USB kabelis, FLIR Thermal Studio Starter, druk\u0101ta dokument\u0101cija, ciets transport\u0113\u0161anas koferis.<\/p>\n<p><iframe loading=\"lazy\" width=\"560\" height=\"315\" src=\"https:\/\/www.youtube.com\/embed\/Yj0rEQu7UQQ?si=s9b8rdFPb-4tlau0\" title=\"YouTube video atska\u0146ot\u0101js\" frameborder=\"0\" allow=\"akselerometrs; autoplay; clipboard-write; encrypted-media; gyroscope; picture-in-picture; web-share\" allowfullscreen><\/iframe><\/p>\n<h3>Tehnisk\u0101 inform\u0101cija:<\/h3>\n<ul>\n<li><a href=\"https:\/\/axiomams.eu\/importer\/export\/attachments\/en\/flir-e5-pro.pdf\" target=\"_blank\">FLIR E5 Pro.pdf<\/a><\/li>\n<\/ul>\n","protected":false},"excerpt":{"rendered":"<p>FLIR E5 Pro termokamera ir j\u016bsu oblig\u0101tais pal\u012bgr\u012bks elektrisko, meh\u0101nisko un celtniec\u012bbas probl\u0113mu lokaliz\u0113\u0161anai un diagnostic\u0113\u0161anai. \u0100tri nosakiet karstos punktus un viegli identific\u0113jiet probl\u0113mas, izmantojot spilgtus term\u0101los att\u0113lus, ko atbalsta FLIR MSX (Multi-Spectral Dynamic Imaging) uzlabojums. J\u016bsu p\u0101rbaudes b\u016bs efekt\u012bv\u0101kas, jo visu darbu var\u0113siet veikt no sk\u0101rienj\u016bt\u012bg\u0101 ekr\u0101na: sak\u0101rtot fotoatt\u0113lus, pievienot detaliz\u0113tas piez\u012bmes un aug\u0161upiel\u0101d\u0113t&#8230;<\/p>\n","protected":false},"featured_media":41328,"comment_status":"open","ping_status":"closed","template":"","meta":{"_acf_changed":false},"product_brand":[734],"product_cat":[17729,17737,17762],"product_tag":[],"class_list":{"0":"post-38817","1":"product","2":"type-product","3":"status-publish","4":"has-post-thumbnail","6":"product_brand-flir","7":"product_cat-energijas-un-eku-diagnostika","8":"product_cat-termografiska-attelveidosana-ekam","9":"product_cat-termografiska-attelveidosana-ir-logi-profilaktiskai-diagnostikai","11":"first","12":"instock","13":"taxable","14":"shipping-taxable","15":"purchasable","16":"product-type-simple"},"acf":[],"yoast_head":"<!-- This site is optimized with the Yoast SEO plugin v27.0 - https:\/\/yoast.com\/product\/yoast-seo-wordpress\/ -->\n<title>Flir E5 Pro termokamera - AXIOMA MS<\/title>\n<meta name=\"robots\" content=\"index, follow, max-snippet:-1, max-image-preview:large, max-video-preview:-1\" \/>\n<link rel=\"canonical\" href=\"https:\/\/www.axiomams.eu\/lv\/produktas\/flir-e5-pro-termokamera\" \/>\n<meta property=\"og:locale\" content=\"lv_LV\" \/>\n<meta property=\"og:type\" content=\"article\" \/>\n<meta property=\"og:title\" content=\"Flir E5 Pro termokamera - AXIOMA MS\" \/>\n<meta property=\"og:description\" content=\"FLIR E5 Pro termokamera ir j\u016bsu oblig\u0101tais pal\u012bgr\u012bks elektrisko, meh\u0101nisko un celtniec\u012bbas probl\u0113mu lokaliz\u0113\u0161anai un diagnostic\u0113\u0161anai. \u0100tri nosakiet karstos punktus un viegli identific\u0113jiet probl\u0113mas, izmantojot spilgtus term\u0101los att\u0113lus, ko atbalsta FLIR MSX (Multi-Spectral Dynamic Imaging) uzlabojums. J\u016bsu p\u0101rbaudes b\u016bs efekt\u012bv\u0101kas, jo visu darbu var\u0113siet veikt no sk\u0101rienj\u016bt\u012bg\u0101 ekr\u0101na: sak\u0101rtot fotoatt\u0113lus, pievienot detaliz\u0113tas piez\u012bmes un aug\u0161upiel\u0101d\u0113t...\" \/>\n<meta property=\"og:url\" content=\"https:\/\/www.axiomams.eu\/lv\/produktas\/flir-e5-pro-termokamera\" \/>\n<meta property=\"og:site_name\" content=\"AXIOMA MS\" \/>\n<meta property=\"article:publisher\" content=\"https:\/\/www.facebook.com\/AxiomaMS\" \/>\n<meta property=\"article:modified_time\" content=\"2026-03-25T14:58:25+00:00\" \/>\n<meta property=\"og:image\" content=\"https:\/\/www.axiomams.eu\/wp-content\/uploads\/2025\/07\/3459-4648.jpg\" \/>\n\t<meta property=\"og:image:width\" content=\"600\" \/>\n\t<meta property=\"og:image:height\" content=\"625\" \/>\n\t<meta property=\"og:image:type\" content=\"image\/jpeg\" \/>\n<meta name=\"twitter:card\" content=\"summary_large_image\" \/>\n<meta name=\"twitter:label1\" content=\"Est. reading time\" \/>\n\t<meta name=\"twitter:data1\" content=\"1 minute\" \/>\n<script type=\"application\/ld+json\" class=\"yoast-schema-graph\">{\"@context\":\"https:\/\/schema.org\",\"@graph\":[{\"@type\":\"WebPage\",\"@id\":\"https:\/\/www.axiomams.eu\/lv\/produktas\/flir-e5-pro-termokamera\",\"url\":\"https:\/\/www.axiomams.eu\/lv\/produktas\/flir-e5-pro-termokamera\",\"name\":\"Flir E5 Pro termokamera - AXIOMA MS\",\"isPartOf\":{\"@id\":\"https:\/\/www.axiomams.eu\/lv#website\"},\"primaryImageOfPage\":{\"@id\":\"https:\/\/www.axiomams.eu\/lv\/produktas\/flir-e5-pro-termokamera#primaryimage\"},\"image\":{\"@id\":\"https:\/\/www.axiomams.eu\/lv\/produktas\/flir-e5-pro-termokamera#primaryimage\"},\"thumbnailUrl\":\"https:\/\/www.axiomams.eu\/wp-content\/uploads\/2025\/07\/3459-4648.jpg\",\"datePublished\":\"2025-05-15T15:55:21+00:00\",\"dateModified\":\"2026-03-25T14:58:25+00:00\",\"breadcrumb\":{\"@id\":\"https:\/\/www.axiomams.eu\/lv\/produktas\/flir-e5-pro-termokamera#breadcrumb\"},\"inLanguage\":\"lv-LV\",\"potentialAction\":[{\"@type\":\"ReadAction\",\"target\":[\"https:\/\/www.axiomams.eu\/lv\/produktas\/flir-e5-pro-termokamera\"]}]},{\"@type\":\"ImageObject\",\"inLanguage\":\"lv-LV\",\"@id\":\"https:\/\/www.axiomams.eu\/lv\/produktas\/flir-e5-pro-termokamera#primaryimage\",\"url\":\"https:\/\/www.axiomams.eu\/wp-content\/uploads\/2025\/07\/3459-4648.jpg\",\"contentUrl\":\"https:\/\/www.axiomams.eu\/wp-content\/uploads\/2025\/07\/3459-4648.jpg\",\"width\":600,\"height\":625},{\"@type\":\"BreadcrumbList\",\"@id\":\"https:\/\/www.axiomams.eu\/lv\/produktas\/flir-e5-pro-termokamera#breadcrumb\",\"itemListElement\":[{\"@type\":\"ListItem\",\"position\":1,\"name\":\"Home\",\"item\":\"https:\/\/www.axiomams.eu\/lv\"},{\"@type\":\"ListItem\",\"position\":2,\"name\":\"Produkti\",\"item\":\"https:\/\/www.axiomams.eu\/lv\/produkti\"},{\"@type\":\"ListItem\",\"position\":3,\"name\":\"Flir E5 Pro termokamera\"}]},{\"@type\":\"WebSite\",\"@id\":\"https:\/\/www.axiomams.eu\/lv#website\",\"url\":\"https:\/\/www.axiomams.eu\/lv\",\"name\":\"AXIOMA MS\",\"description\":\"Terrmovizoriai ir matavimo \u012franga\",\"publisher\":{\"@id\":\"https:\/\/www.axiomams.eu\/lv#organization\"},\"potentialAction\":[{\"@type\":\"SearchAction\",\"target\":{\"@type\":\"EntryPoint\",\"urlTemplate\":\"https:\/\/www.axiomams.eu\/lv?s={search_term_string}\"},\"query-input\":{\"@type\":\"PropertyValueSpecification\",\"valueRequired\":true,\"valueName\":\"search_term_string\"}}],\"inLanguage\":\"lv-LV\"},{\"@type\":\"Organization\",\"@id\":\"https:\/\/www.axiomams.eu\/lv#organization\",\"name\":\"AXIOMA MS\",\"url\":\"https:\/\/www.axiomams.eu\/lv\",\"logo\":{\"@type\":\"ImageObject\",\"inLanguage\":\"lv-LV\",\"@id\":\"https:\/\/www.axiomams.eu\/lv#\/schema\/logo\/image\/\",\"url\":\"https:\/\/www.axiomams.eu\/wp-content\/uploads\/2025\/06\/axioma-logo-2.png\",\"contentUrl\":\"https:\/\/www.axiomams.eu\/wp-content\/uploads\/2025\/06\/axioma-logo-2.png\",\"width\":1200,\"height\":1200,\"caption\":\"AXIOMA MS\"},\"image\":{\"@id\":\"https:\/\/www.axiomams.eu\/lv#\/schema\/logo\/image\/\"},\"sameAs\":[\"https:\/\/www.facebook.com\/AxiomaMS\",\"https:\/\/www.linkedin.com\/company\/axiomams\/\"]}]}<\/script>\n<!-- \/ Yoast SEO plugin. -->","yoast_head_json":{"title":"Flir E5 Pro termokamera - AXIOMA MS","robots":{"index":"index","follow":"follow","max-snippet":"max-snippet:-1","max-image-preview":"max-image-preview:large","max-video-preview":"max-video-preview:-1"},"canonical":"https:\/\/www.axiomams.eu\/lv\/produktas\/flir-e5-pro-termokamera","og_locale":"lv_LV","og_type":"article","og_title":"Flir E5 Pro termokamera - AXIOMA MS","og_description":"FLIR E5 Pro termokamera ir j\u016bsu oblig\u0101tais pal\u012bgr\u012bks elektrisko, meh\u0101nisko un celtniec\u012bbas probl\u0113mu lokaliz\u0113\u0161anai un diagnostic\u0113\u0161anai. \u0100tri nosakiet karstos punktus un viegli identific\u0113jiet probl\u0113mas, izmantojot spilgtus term\u0101los att\u0113lus, ko atbalsta FLIR MSX (Multi-Spectral Dynamic Imaging) uzlabojums. J\u016bsu p\u0101rbaudes b\u016bs efekt\u012bv\u0101kas, jo visu darbu var\u0113siet veikt no sk\u0101rienj\u016bt\u012bg\u0101 ekr\u0101na: sak\u0101rtot fotoatt\u0113lus, pievienot detaliz\u0113tas piez\u012bmes un aug\u0161upiel\u0101d\u0113t...","og_url":"https:\/\/www.axiomams.eu\/lv\/produktas\/flir-e5-pro-termokamera","og_site_name":"AXIOMA MS","article_publisher":"https:\/\/www.facebook.com\/AxiomaMS","article_modified_time":"2026-03-25T14:58:25+00:00","og_image":[{"width":600,"height":625,"url":"https:\/\/www.axiomams.eu\/wp-content\/uploads\/2025\/07\/3459-4648.jpg","type":"image\/jpeg"}],"twitter_card":"summary_large_image","twitter_misc":{"Est. reading time":"1 minute"},"schema":{"@context":"https:\/\/schema.org","@graph":[{"@type":"WebPage","@id":"https:\/\/www.axiomams.eu\/lv\/produktas\/flir-e5-pro-termokamera","url":"https:\/\/www.axiomams.eu\/lv\/produktas\/flir-e5-pro-termokamera","name":"Flir E5 Pro termokamera - AXIOMA MS","isPartOf":{"@id":"https:\/\/www.axiomams.eu\/lv#website"},"primaryImageOfPage":{"@id":"https:\/\/www.axiomams.eu\/lv\/produktas\/flir-e5-pro-termokamera#primaryimage"},"image":{"@id":"https:\/\/www.axiomams.eu\/lv\/produktas\/flir-e5-pro-termokamera#primaryimage"},"thumbnailUrl":"https:\/\/www.axiomams.eu\/wp-content\/uploads\/2025\/07\/3459-4648.jpg","datePublished":"2025-05-15T15:55:21+00:00","dateModified":"2026-03-25T14:58:25+00:00","breadcrumb":{"@id":"https:\/\/www.axiomams.eu\/lv\/produktas\/flir-e5-pro-termokamera#breadcrumb"},"inLanguage":"lv-LV","potentialAction":[{"@type":"ReadAction","target":["https:\/\/www.axiomams.eu\/lv\/produktas\/flir-e5-pro-termokamera"]}]},{"@type":"ImageObject","inLanguage":"lv-LV","@id":"https:\/\/www.axiomams.eu\/lv\/produktas\/flir-e5-pro-termokamera#primaryimage","url":"https:\/\/www.axiomams.eu\/wp-content\/uploads\/2025\/07\/3459-4648.jpg","contentUrl":"https:\/\/www.axiomams.eu\/wp-content\/uploads\/2025\/07\/3459-4648.jpg","width":600,"height":625},{"@type":"BreadcrumbList","@id":"https:\/\/www.axiomams.eu\/lv\/produktas\/flir-e5-pro-termokamera#breadcrumb","itemListElement":[{"@type":"ListItem","position":1,"name":"Home","item":"https:\/\/www.axiomams.eu\/lv"},{"@type":"ListItem","position":2,"name":"Produkti","item":"https:\/\/www.axiomams.eu\/lv\/produkti"},{"@type":"ListItem","position":3,"name":"Flir E5 Pro termokamera"}]},{"@type":"WebSite","@id":"https:\/\/www.axiomams.eu\/lv#website","url":"https:\/\/www.axiomams.eu\/lv","name":"AXIOMA MS","description":"Terrmovizoriai ir matavimo \u012franga","publisher":{"@id":"https:\/\/www.axiomams.eu\/lv#organization"},"potentialAction":[{"@type":"SearchAction","target":{"@type":"EntryPoint","urlTemplate":"https:\/\/www.axiomams.eu\/lv?s={search_term_string}"},"query-input":{"@type":"PropertyValueSpecification","valueRequired":true,"valueName":"search_term_string"}}],"inLanguage":"lv-LV"},{"@type":"Organization","@id":"https:\/\/www.axiomams.eu\/lv#organization","name":"AXIOMA MS","url":"https:\/\/www.axiomams.eu\/lv","logo":{"@type":"ImageObject","inLanguage":"lv-LV","@id":"https:\/\/www.axiomams.eu\/lv#\/schema\/logo\/image\/","url":"https:\/\/www.axiomams.eu\/wp-content\/uploads\/2025\/06\/axioma-logo-2.png","contentUrl":"https:\/\/www.axiomams.eu\/wp-content\/uploads\/2025\/06\/axioma-logo-2.png","width":1200,"height":1200,"caption":"AXIOMA MS"},"image":{"@id":"https:\/\/www.axiomams.eu\/lv#\/schema\/logo\/image\/"},"sameAs":["https:\/\/www.facebook.com\/AxiomaMS","https:\/\/www.linkedin.com\/company\/axiomams\/"]}]}},"_links":{"self":[{"href":"https:\/\/www.axiomams.eu\/lv\/wp-json\/wp\/v2\/product\/38817","targetHints":{"allow":["GET"]}}],"collection":[{"href":"https:\/\/www.axiomams.eu\/lv\/wp-json\/wp\/v2\/product"}],"about":[{"href":"https:\/\/www.axiomams.eu\/lv\/wp-json\/wp\/v2\/types\/product"}],"replies":[{"embeddable":true,"href":"https:\/\/www.axiomams.eu\/lv\/wp-json\/wp\/v2\/comments?post=38817"}],"wp:featuredmedia":[{"embeddable":true,"href":"https:\/\/www.axiomams.eu\/lv\/wp-json\/wp\/v2\/media\/41328"}],"wp:attachment":[{"href":"https:\/\/www.axiomams.eu\/lv\/wp-json\/wp\/v2\/media?parent=38817"}],"wp:term":[{"taxonomy":"product_brand","embeddable":true,"href":"https:\/\/www.axiomams.eu\/lv\/wp-json\/wp\/v2\/product_brand?post=38817"},{"taxonomy":"product_cat","embeddable":true,"href":"https:\/\/www.axiomams.eu\/lv\/wp-json\/wp\/v2\/product_cat?post=38817"},{"taxonomy":"product_tag","embeddable":true,"href":"https:\/\/www.axiomams.eu\/lv\/wp-json\/wp\/v2\/product_tag?post=38817"}],"curies":[{"name":"wp","href":"https:\/\/api.w.org\/{rel}","templated":true}]}}