{"id":38823,"date":"2025-06-12T16:02:22","date_gmt":"2025-06-12T14:02:22","guid":{"rendered":"https:\/\/www.axiomams.eu\/produktas\/pulsar-merger-lrf-xt50-termokamera"},"modified":"2026-03-25T16:58:26","modified_gmt":"2026-03-25T14:58:26","slug":"pulsar-merger-lrf-xt50-termokamera","status":"publish","type":"product","link":"https:\/\/www.axiomams.eu\/lv\/produktas\/pulsar-merger-lrf-xt50-termokamera","title":{"rendered":"Pulsar Merger LRF XT50 termokamera"},"content":{"rendered":"<p>Pulsar Merger LRF XT50 term\u0101l\u0101s att\u0113lveido\u0161anas binok\u013ci ir \u013coti ergonomiski un \u0113rti. Tie \u013cauj nov\u0113rot ar ab\u0101m ac\u012bm un samazina acu nogurumu. Tie ir apr\u012bkoti ar integr\u0113tu l\u0101zera t\u0101lm\u0113r\u012bt\u0101ju un augst\u0101k\u0101s klases komponentiem, kas ir Eiropas kvalit\u0101tes paraugs. Pulsar Merger LRF XT50 pied\u0101v\u0101 izcilu att\u0113la detaliz\u0101ciju, pateicoties 1280 x 1024 pikse\u013cu term\u0101lajam sensoram un jaunajam AMOLED 1280 x 960 mikrodisplejam. Merger LRF XT50 nodro\u0161ina pla\u0161u redzam\u012bbas lauku 17,5\u00b0 x 14\u00b0 un x2 &#8230; x16 palielin\u0101jumu.<\/p>\n<p><b>Detaliz\u0113ts un ass att\u0113ls ar lielu t\u0101lummai\u0146u<\/b><br \/>\nIer\u012bces optisko palielin\u0101jumu var palielin\u0101t, izmantojot digit\u0101lo t\u0101lummai\u0146u. Pat pie visliel\u0101k\u0101s t\u0101lummai\u0146as att\u0113la detaliz\u0101cija ir pietiekama, lai identific\u0113tu viss\u012bk\u0101k\u0101s objektu deta\u013cas. Uzlabotie algoritmi uzlabo att\u0113la kvalit\u0101ti un pal\u012bdz ieg\u016bt asu un detaliz\u0113tu att\u0113lu.<\/p>\n<p><b>Pla\u0161s redzam\u012bbas lauks<\/b><br \/>\nPla\u0161ais skata lauks atvieglo sken\u0113\u0161anu un karsto objektu paman\u012b\u0161anu, vienlaikus samazinot att\u0113la dreb\u0113\u0161anas ietekmi un uzlabojot situ\u0101cijas izpratni. Izcila att\u0113la detaliz\u0101cijas pak\u0101pe pie pamata palielin\u0101juma apvienojum\u0101 ar pla\u0161u redzes lauku nodro\u0161ina uzlabotu skat\u012b\u0161an\u0101s komfortu un ainas uztveri.<\/p>\n<p><b>Izcili liels noteik\u0161anas diapazons<\/b><br \/>\nJaud\u012bga optika apvienojum\u0101 ar profesion\u0101liem term\u0101l\u0101s att\u0113lveido\u0161anas sensoriem nodro\u0161ina izcilas atkl\u0101\u0161anas iesp\u0113jas. Pulsar Merger LRF XT50 var atkl\u0101t karstus objektus att\u0101lum\u0101, kas p\u0101rsniedz 2 km.<\/p>\n<p><b>Lietot\u0101ja re\u017e\u012bms<\/b><br \/>\nIzmantojiet spilgtuma un kontrasta regul\u0113\u0161anu, lai maksim\u0101li palielin\u0101tu att\u0113la detaliz\u0113t\u012bbu un informat\u012bvo v\u0113rt\u012bbu konkr\u0113tos nov\u0113ro\u0161anas apst\u0101k\u013cos. Lietot\u0101ja re\u017e\u012bma funkcija saglab\u0101 izv\u0113l\u0113tos spilgtuma un kontrasta iestat\u012bjumus ier\u012bces atmi\u0146\u0101, nodro\u0161inot optim\u0101lu att\u0113la kvalit\u0101ti n\u0101kamajam termokameras lietojumam uzreiz, bez papildu regul\u0113\u0161anas.<\/p>\n<p><b>Klasisks binokul\u0101ra dizains<\/b><br \/>\nPulsar Merger LRF XT50 term\u0101l\u0101s att\u0113lveido\u0161anas binoklis ir veidots ar klasisku dienas binok\u013ca dizainu. Pateicoties nelielajam izm\u0113ram, \u0161ie term\u0101l\u0101s att\u0113lveido\u0161anas binok\u013ci \u0113rti iek\u013caujas plaukst\u0101, ta\u010du joproj\u0101m pied\u0101v\u0101 pievilc\u012bgu \u0101r\u0113jo est\u0113tiku un priek\u0161z\u012bm\u012bgu ergonomiku. Se\u0161as funkciju pogas ir izvietotas \u0113rtas piek\u013cuves zon\u0101, un visbie\u017e\u0101k izmantot\u0101s digit\u0101l\u0101s ier\u012bces funkcijas tiek aktiviz\u0113tas ar vienu piesk\u0101rienu.<\/p>\n<p><b>Komfortabla skat\u012b\u0161an\u0101s ar ab\u0101m ac\u012bm<\/b><br \/>\nPulsar Merger LRF XT50 binok\u013ca optiskaj\u0101 dizain\u0101 ir \u0146emta v\u0113r\u0101 cilv\u0113ka redzes daba. Cilv\u0113kam ir dabiski uztvert vizu\u0101lo inform\u0101ciju pa diviem redzes kan\u0101liem vienlaikus. Skat\u012b\u0161an\u0101s ar div\u0101m ac\u012bm ir maz\u0101k nogurdino\u0161a nek\u0101 skat\u012b\u0161an\u0101s ar vienu aci. Tas noz\u012bm\u0113, ka lab\u0101k tiek paman\u012bti mazi vai v\u0101ji redzami objekti, k\u0101 ar\u012b lab\u0101k darbojas zema kontrasta apst\u0101k\u013cos nek\u0101 l\u012bdz\u012bgas monokul\u0101r\u0101s term\u0101l\u0101s att\u0113lveido\u0161anas ier\u012bces ar t\u0101du pa\u0161u tehnisko l\u012bmeni. Pulsar Merger LRF XT50 binokul\u0101rajam binoklim Pulsar Merger LRF XT50 starppupil\u0101rais att\u0101lums ir regul\u0113jams no 63 l\u012bdz 74 mm atbilsto\u0161i konkr\u0113t\u0101 lietot\u0101ja individu\u0101laj\u0101m \u012bpa\u0161\u012bb\u0101m.<\/p>\n<p><b>Prec\u012bzs l\u0101zera t\u0101lm\u0113ri<\/b><br \/>\nIzpratne par m\u0113r\u0137a att\u0101lumu ir b\u016btisks faktors, lai pie\u0146emtu pareizus l\u0113mumus. Ieb\u016bv\u0113tais l\u0101zera t\u0101lm\u0113ri \u013cauj m\u0113r\u012bt att\u0101lumus vienreiz\u0113ju m\u0113r\u012bjumu un nep\u0101rtrauktas sken\u0113\u0161anas re\u017e\u012bmos ar precizit\u0101ti \u00b1 1 metrs, lai \u0101tri un bez k\u013c\u016bd\u0101m nov\u0113rt\u0113tu situ\u0101ciju.<\/p>\n<p><b>Kombin\u0113t\u0101 divu akumulatoru sist\u0113ma<\/b><br \/>\nPulsar Merger LRF XT50 tiek darbin\u0101ts ar div\u0101m uzl\u0101d\u0113jam\u0101m baterij\u0101m: viena ieb\u016bv\u0113ta ar 4 Ah ietilp\u012bbu, otra nomain\u0101ma ar 3,2 Ah ietilp\u012bbu. Viena uzl\u0101de garant\u0113 ilgu akumulatora darb\u012bbas laiku.<\/p>\n<p><iframe loading=\"lazy\" width=\"560\" height=\"315\" src=\"https:\/\/www.youtube.com\/embed\/9BVppzIAYo0?si=ltzbXBK71SaspIsu\" title=\"YouTube video atska\u0146ot\u0101js\" frameborder=\"0\" allow=\"accelerometer; autoplay; clipboard-write; encrypted-media; gyroscope; picture-in-picture; web-share\" referrerpolicy=\"strict-origin-when-cross-origin\" allowfullscreen><\/iframe><\/p>\n","protected":false},"excerpt":{"rendered":"<p>Pulsar Merger LRF XT50 term\u0101l\u0101s att\u0113lveido\u0161anas binok\u013ci ir \u013coti ergonomiski un \u0113rti. Tie \u013cauj nov\u0113rot ar ab\u0101m ac\u012bm un samazina acu nogurumu. Tie ir apr\u012bkoti ar integr\u0113tu l\u0101zera t\u0101lm\u0113r\u012bt\u0101ju un augst\u0101k\u0101s klases komponentiem, kas ir Eiropas kvalit\u0101tes paraugs. Pulsar Merger LRF XT50 pied\u0101v\u0101 izcilu att\u0113la detaliz\u0101ciju, pateicoties 1280 x 1024 pikse\u013cu term\u0101lajam sensoram un jaunajam&#8230;<\/p>\n","protected":false},"featured_media":41340,"comment_status":"open","ping_status":"closed","template":"","meta":{"_acf_changed":false},"product_brand":[17695],"product_cat":[17733],"product_tag":[],"class_list":{"0":"post-38823","1":"product","2":"type-product","3":"status-publish","4":"has-post-thumbnail","6":"product_brand-pulsar","7":"product_cat-medibam-un-noverosanai","9":"first","10":"instock","11":"taxable","12":"shipping-taxable","13":"purchasable","14":"product-type-simple"},"acf":[],"yoast_head":"<!-- This site is optimized with the Yoast SEO plugin v27.0 - https:\/\/yoast.com\/product\/yoast-seo-wordpress\/ -->\n<title>Pulsar Merger LRF XT50 termokamera - AXIOMA MS<\/title>\n<meta name=\"robots\" content=\"index, follow, max-snippet:-1, max-image-preview:large, max-video-preview:-1\" \/>\n<link rel=\"canonical\" href=\"https:\/\/www.axiomams.eu\/lv\/produktas\/pulsar-merger-lrf-xt50-termokamera\" \/>\n<meta property=\"og:locale\" content=\"lv_LV\" \/>\n<meta property=\"og:type\" content=\"article\" \/>\n<meta property=\"og:title\" content=\"Pulsar Merger LRF XT50 termokamera - AXIOMA MS\" \/>\n<meta property=\"og:description\" content=\"Pulsar Merger LRF XT50 term\u0101l\u0101s att\u0113lveido\u0161anas binok\u013ci ir \u013coti ergonomiski un \u0113rti. Tie \u013cauj nov\u0113rot ar ab\u0101m ac\u012bm un samazina acu nogurumu. Tie ir apr\u012bkoti ar integr\u0113tu l\u0101zera t\u0101lm\u0113r\u012bt\u0101ju un augst\u0101k\u0101s klases komponentiem, kas ir Eiropas kvalit\u0101tes paraugs. Pulsar Merger LRF XT50 pied\u0101v\u0101 izcilu att\u0113la detaliz\u0101ciju, pateicoties 1280 x 1024 pikse\u013cu term\u0101lajam sensoram un jaunajam...\" \/>\n<meta property=\"og:url\" content=\"https:\/\/www.axiomams.eu\/lv\/produktas\/pulsar-merger-lrf-xt50-termokamera\" \/>\n<meta property=\"og:site_name\" content=\"AXIOMA MS\" \/>\n<meta property=\"article:publisher\" content=\"https:\/\/www.facebook.com\/AxiomaMS\" \/>\n<meta property=\"article:modified_time\" content=\"2026-03-25T14:58:26+00:00\" \/>\n<meta property=\"og:image\" content=\"https:\/\/www.axiomams.eu\/wp-content\/uploads\/2025\/07\/4601-5933.jpg\" \/>\n\t<meta property=\"og:image:width\" content=\"700\" \/>\n\t<meta property=\"og:image:height\" content=\"700\" \/>\n\t<meta property=\"og:image:type\" content=\"image\/jpeg\" \/>\n<meta name=\"twitter:card\" content=\"summary_large_image\" \/>\n<meta name=\"twitter:label1\" content=\"Est. reading time\" \/>\n\t<meta name=\"twitter:data1\" content=\"3 minutes\" \/>\n<script type=\"application\/ld+json\" class=\"yoast-schema-graph\">{\"@context\":\"https:\/\/schema.org\",\"@graph\":[{\"@type\":\"WebPage\",\"@id\":\"https:\/\/www.axiomams.eu\/lv\/produktas\/pulsar-merger-lrf-xt50-termokamera\",\"url\":\"https:\/\/www.axiomams.eu\/lv\/produktas\/pulsar-merger-lrf-xt50-termokamera\",\"name\":\"Pulsar Merger LRF XT50 termokamera - AXIOMA MS\",\"isPartOf\":{\"@id\":\"https:\/\/www.axiomams.eu\/lv#website\"},\"primaryImageOfPage\":{\"@id\":\"https:\/\/www.axiomams.eu\/lv\/produktas\/pulsar-merger-lrf-xt50-termokamera#primaryimage\"},\"image\":{\"@id\":\"https:\/\/www.axiomams.eu\/lv\/produktas\/pulsar-merger-lrf-xt50-termokamera#primaryimage\"},\"thumbnailUrl\":\"https:\/\/www.axiomams.eu\/wp-content\/uploads\/2025\/07\/4601-5933.jpg\",\"datePublished\":\"2025-06-12T14:02:22+00:00\",\"dateModified\":\"2026-03-25T14:58:26+00:00\",\"breadcrumb\":{\"@id\":\"https:\/\/www.axiomams.eu\/lv\/produktas\/pulsar-merger-lrf-xt50-termokamera#breadcrumb\"},\"inLanguage\":\"lv-LV\",\"potentialAction\":[{\"@type\":\"ReadAction\",\"target\":[\"https:\/\/www.axiomams.eu\/lv\/produktas\/pulsar-merger-lrf-xt50-termokamera\"]}]},{\"@type\":\"ImageObject\",\"inLanguage\":\"lv-LV\",\"@id\":\"https:\/\/www.axiomams.eu\/lv\/produktas\/pulsar-merger-lrf-xt50-termokamera#primaryimage\",\"url\":\"https:\/\/www.axiomams.eu\/wp-content\/uploads\/2025\/07\/4601-5933.jpg\",\"contentUrl\":\"https:\/\/www.axiomams.eu\/wp-content\/uploads\/2025\/07\/4601-5933.jpg\",\"width\":700,\"height\":700},{\"@type\":\"BreadcrumbList\",\"@id\":\"https:\/\/www.axiomams.eu\/lv\/produktas\/pulsar-merger-lrf-xt50-termokamera#breadcrumb\",\"itemListElement\":[{\"@type\":\"ListItem\",\"position\":1,\"name\":\"Home\",\"item\":\"https:\/\/www.axiomams.eu\/lv\"},{\"@type\":\"ListItem\",\"position\":2,\"name\":\"Produkti\",\"item\":\"https:\/\/www.axiomams.eu\/lv\/produkti\"},{\"@type\":\"ListItem\",\"position\":3,\"name\":\"Pulsar Merger LRF XT50 termokamera\"}]},{\"@type\":\"WebSite\",\"@id\":\"https:\/\/www.axiomams.eu\/lv#website\",\"url\":\"https:\/\/www.axiomams.eu\/lv\",\"name\":\"AXIOMA MS\",\"description\":\"Terrmovizoriai ir matavimo \u012franga\",\"publisher\":{\"@id\":\"https:\/\/www.axiomams.eu\/lv#organization\"},\"potentialAction\":[{\"@type\":\"SearchAction\",\"target\":{\"@type\":\"EntryPoint\",\"urlTemplate\":\"https:\/\/www.axiomams.eu\/lv?s={search_term_string}\"},\"query-input\":{\"@type\":\"PropertyValueSpecification\",\"valueRequired\":true,\"valueName\":\"search_term_string\"}}],\"inLanguage\":\"lv-LV\"},{\"@type\":\"Organization\",\"@id\":\"https:\/\/www.axiomams.eu\/lv#organization\",\"name\":\"AXIOMA MS\",\"url\":\"https:\/\/www.axiomams.eu\/lv\",\"logo\":{\"@type\":\"ImageObject\",\"inLanguage\":\"lv-LV\",\"@id\":\"https:\/\/www.axiomams.eu\/lv#\/schema\/logo\/image\/\",\"url\":\"https:\/\/www.axiomams.eu\/wp-content\/uploads\/2025\/06\/axioma-logo-2.png\",\"contentUrl\":\"https:\/\/www.axiomams.eu\/wp-content\/uploads\/2025\/06\/axioma-logo-2.png\",\"width\":1200,\"height\":1200,\"caption\":\"AXIOMA MS\"},\"image\":{\"@id\":\"https:\/\/www.axiomams.eu\/lv#\/schema\/logo\/image\/\"},\"sameAs\":[\"https:\/\/www.facebook.com\/AxiomaMS\",\"https:\/\/www.linkedin.com\/company\/axiomams\/\"]}]}<\/script>\n<!-- \/ Yoast SEO plugin. -->","yoast_head_json":{"title":"Pulsar Merger LRF XT50 termokamera - AXIOMA MS","robots":{"index":"index","follow":"follow","max-snippet":"max-snippet:-1","max-image-preview":"max-image-preview:large","max-video-preview":"max-video-preview:-1"},"canonical":"https:\/\/www.axiomams.eu\/lv\/produktas\/pulsar-merger-lrf-xt50-termokamera","og_locale":"lv_LV","og_type":"article","og_title":"Pulsar Merger LRF XT50 termokamera - AXIOMA MS","og_description":"Pulsar Merger LRF XT50 term\u0101l\u0101s att\u0113lveido\u0161anas binok\u013ci ir \u013coti ergonomiski un \u0113rti. Tie \u013cauj nov\u0113rot ar ab\u0101m ac\u012bm un samazina acu nogurumu. Tie ir apr\u012bkoti ar integr\u0113tu l\u0101zera t\u0101lm\u0113r\u012bt\u0101ju un augst\u0101k\u0101s klases komponentiem, kas ir Eiropas kvalit\u0101tes paraugs. Pulsar Merger LRF XT50 pied\u0101v\u0101 izcilu att\u0113la detaliz\u0101ciju, pateicoties 1280 x 1024 pikse\u013cu term\u0101lajam sensoram un jaunajam...","og_url":"https:\/\/www.axiomams.eu\/lv\/produktas\/pulsar-merger-lrf-xt50-termokamera","og_site_name":"AXIOMA MS","article_publisher":"https:\/\/www.facebook.com\/AxiomaMS","article_modified_time":"2026-03-25T14:58:26+00:00","og_image":[{"width":700,"height":700,"url":"https:\/\/www.axiomams.eu\/wp-content\/uploads\/2025\/07\/4601-5933.jpg","type":"image\/jpeg"}],"twitter_card":"summary_large_image","twitter_misc":{"Est. reading time":"3 minutes"},"schema":{"@context":"https:\/\/schema.org","@graph":[{"@type":"WebPage","@id":"https:\/\/www.axiomams.eu\/lv\/produktas\/pulsar-merger-lrf-xt50-termokamera","url":"https:\/\/www.axiomams.eu\/lv\/produktas\/pulsar-merger-lrf-xt50-termokamera","name":"Pulsar Merger LRF XT50 termokamera - AXIOMA MS","isPartOf":{"@id":"https:\/\/www.axiomams.eu\/lv#website"},"primaryImageOfPage":{"@id":"https:\/\/www.axiomams.eu\/lv\/produktas\/pulsar-merger-lrf-xt50-termokamera#primaryimage"},"image":{"@id":"https:\/\/www.axiomams.eu\/lv\/produktas\/pulsar-merger-lrf-xt50-termokamera#primaryimage"},"thumbnailUrl":"https:\/\/www.axiomams.eu\/wp-content\/uploads\/2025\/07\/4601-5933.jpg","datePublished":"2025-06-12T14:02:22+00:00","dateModified":"2026-03-25T14:58:26+00:00","breadcrumb":{"@id":"https:\/\/www.axiomams.eu\/lv\/produktas\/pulsar-merger-lrf-xt50-termokamera#breadcrumb"},"inLanguage":"lv-LV","potentialAction":[{"@type":"ReadAction","target":["https:\/\/www.axiomams.eu\/lv\/produktas\/pulsar-merger-lrf-xt50-termokamera"]}]},{"@type":"ImageObject","inLanguage":"lv-LV","@id":"https:\/\/www.axiomams.eu\/lv\/produktas\/pulsar-merger-lrf-xt50-termokamera#primaryimage","url":"https:\/\/www.axiomams.eu\/wp-content\/uploads\/2025\/07\/4601-5933.jpg","contentUrl":"https:\/\/www.axiomams.eu\/wp-content\/uploads\/2025\/07\/4601-5933.jpg","width":700,"height":700},{"@type":"BreadcrumbList","@id":"https:\/\/www.axiomams.eu\/lv\/produktas\/pulsar-merger-lrf-xt50-termokamera#breadcrumb","itemListElement":[{"@type":"ListItem","position":1,"name":"Home","item":"https:\/\/www.axiomams.eu\/lv"},{"@type":"ListItem","position":2,"name":"Produkti","item":"https:\/\/www.axiomams.eu\/lv\/produkti"},{"@type":"ListItem","position":3,"name":"Pulsar Merger LRF XT50 termokamera"}]},{"@type":"WebSite","@id":"https:\/\/www.axiomams.eu\/lv#website","url":"https:\/\/www.axiomams.eu\/lv","name":"AXIOMA MS","description":"Terrmovizoriai ir matavimo \u012franga","publisher":{"@id":"https:\/\/www.axiomams.eu\/lv#organization"},"potentialAction":[{"@type":"SearchAction","target":{"@type":"EntryPoint","urlTemplate":"https:\/\/www.axiomams.eu\/lv?s={search_term_string}"},"query-input":{"@type":"PropertyValueSpecification","valueRequired":true,"valueName":"search_term_string"}}],"inLanguage":"lv-LV"},{"@type":"Organization","@id":"https:\/\/www.axiomams.eu\/lv#organization","name":"AXIOMA MS","url":"https:\/\/www.axiomams.eu\/lv","logo":{"@type":"ImageObject","inLanguage":"lv-LV","@id":"https:\/\/www.axiomams.eu\/lv#\/schema\/logo\/image\/","url":"https:\/\/www.axiomams.eu\/wp-content\/uploads\/2025\/06\/axioma-logo-2.png","contentUrl":"https:\/\/www.axiomams.eu\/wp-content\/uploads\/2025\/06\/axioma-logo-2.png","width":1200,"height":1200,"caption":"AXIOMA MS"},"image":{"@id":"https:\/\/www.axiomams.eu\/lv#\/schema\/logo\/image\/"},"sameAs":["https:\/\/www.facebook.com\/AxiomaMS","https:\/\/www.linkedin.com\/company\/axiomams\/"]}]}},"_links":{"self":[{"href":"https:\/\/www.axiomams.eu\/lv\/wp-json\/wp\/v2\/product\/38823","targetHints":{"allow":["GET"]}}],"collection":[{"href":"https:\/\/www.axiomams.eu\/lv\/wp-json\/wp\/v2\/product"}],"about":[{"href":"https:\/\/www.axiomams.eu\/lv\/wp-json\/wp\/v2\/types\/product"}],"replies":[{"embeddable":true,"href":"https:\/\/www.axiomams.eu\/lv\/wp-json\/wp\/v2\/comments?post=38823"}],"wp:featuredmedia":[{"embeddable":true,"href":"https:\/\/www.axiomams.eu\/lv\/wp-json\/wp\/v2\/media\/41340"}],"wp:attachment":[{"href":"https:\/\/www.axiomams.eu\/lv\/wp-json\/wp\/v2\/media?parent=38823"}],"wp:term":[{"taxonomy":"product_brand","embeddable":true,"href":"https:\/\/www.axiomams.eu\/lv\/wp-json\/wp\/v2\/product_brand?post=38823"},{"taxonomy":"product_cat","embeddable":true,"href":"https:\/\/www.axiomams.eu\/lv\/wp-json\/wp\/v2\/product_cat?post=38823"},{"taxonomy":"product_tag","embeddable":true,"href":"https:\/\/www.axiomams.eu\/lv\/wp-json\/wp\/v2\/product_tag?post=38823"}],"curies":[{"name":"wp","href":"https:\/\/api.w.org\/{rel}","templated":true}]}}