{"id":38827,"date":"2025-05-15T17:55:24","date_gmt":"2025-05-15T15:55:24","guid":{"rendered":"https:\/\/www.axiomams.eu\/produktas\/metrel-mi-3102h-bt-daudzfunkcionals-elektroinstalaciju-testeris"},"modified":"2026-03-25T16:58:29","modified_gmt":"2026-03-25T14:58:29","slug":"metrel-mi-3102h-bt-daudzfunkcionals-elektroinstalaciju-testeris","status":"publish","type":"product","link":"https:\/\/www.axiomams.eu\/lv\/produktas\/metrel-mi-3102h-bt-daudzfunkcionals-elektroinstalaciju-testeris","title":{"rendered":"Metrel MI 3102H BT daudzfunkcion\u0101ls elektroinstal\u0101ciju testeris"},"content":{"rendered":"<p>Metrel MI 3102H BT EurotestXE ir daudzfunkcion\u0101ls m\u0113rinstruments, kas papildus vis\u0101m nepiecie\u0161amaj\u0101m funkcij\u0101m piln\u012bgai instal\u0101cijas dro\u0161\u012bbas p\u0101rbaudei saska\u0146\u0101 ar IEC\/EN 61557 veic izol\u0101cijas pretest\u012bbas m\u0113r\u012bjumus ar testa spriegumu l\u012bdz 2,5 kV (r\u0101d\u012bjums l\u012bdz 10 G\u03a9) un nodro\u0161ina diagnostikas testu, apr\u0113\u0137inot PI un DAR indeksus.<\/p>\n<p>Standarta komplekts: Metrel MI 3102H BT EurotestXE, 2,5 kV sprieguma testa vads 2 x 1,5 m., testa vads 3 x 1,5 m., l\u0101d\u0113t\u0101js &#8211; baro\u0161anas adapteris, 6 x AA tipa NiMH, testa zonde (3 gab.), krokodils (3 gab.), RS232 kabelis, USB kabelis, m\u012bksta somi\u0146a, m\u012bksta kakla josta, PC programmat\u016bra EuroLink PRO, lieto\u0161anas instrukcija (lietuvie\u0161u, krievu un ang\u013cu valod\u0101s), kalibr\u0113\u0161anas sertifik\u0101ts.<\/p>\n<h3>Tehnisk\u0101 inform\u0101cija:<\/h3>\n<ul>\n<li><a href=\"https:\/\/axiomams.eu\/importer\/export\/attachments\/en\/mi3102h-bt-eng.pdf\" target=\"_blank\">MI3102H BT ENG.pdf<\/a><\/li>\n<\/ul>\n","protected":false},"excerpt":{"rendered":"<p>Metrel MI 3102H BT EurotestXE ir daudzfunkcion\u0101ls m\u0113rinstruments, kas papildus vis\u0101m nepiecie\u0161amaj\u0101m funkcij\u0101m piln\u012bgai instal\u0101cijas dro\u0161\u012bbas p\u0101rbaudei saska\u0146\u0101 ar IEC\/EN 61557 veic izol\u0101cijas pretest\u012bbas m\u0113r\u012bjumus ar testa spriegumu l\u012bdz 2,5 kV (r\u0101d\u012bjums l\u012bdz 10 G\u03a9) un nodro\u0161ina diagnostikas testu, apr\u0113\u0137inot PI un DAR indeksus. Standarta komplekts: Metrel MI 3102H BT EurotestXE, 2,5 kV sprieguma testa&#8230;<\/p>\n","protected":false},"featured_media":41348,"comment_status":"open","ping_status":"closed","template":"","meta":{"_acf_changed":false},"product_brand":[732],"product_cat":[17712],"product_tag":[],"class_list":{"0":"post-38827","1":"product","2":"type-product","3":"status-publish","4":"has-post-thumbnail","6":"product_brand-metrel","7":"product_cat-elektroinstalacijas-parbaudei","9":"first","10":"instock","11":"taxable","12":"shipping-taxable","13":"purchasable","14":"product-type-simple"},"acf":[],"yoast_head":"<!-- This site is optimized with the Yoast SEO plugin v27.0 - https:\/\/yoast.com\/product\/yoast-seo-wordpress\/ -->\n<title>Metrel MI 3102H BT daudzfunkcion\u0101ls elektroinstal\u0101ciju testeris - AXIOMA MS<\/title>\n<meta name=\"robots\" content=\"index, follow, max-snippet:-1, max-image-preview:large, max-video-preview:-1\" \/>\n<link rel=\"canonical\" href=\"https:\/\/www.axiomams.eu\/lv\/produktas\/metrel-mi-3102h-bt-daudzfunkcionals-elektroinstalaciju-testeris\" \/>\n<meta property=\"og:locale\" content=\"lv_LV\" \/>\n<meta property=\"og:type\" content=\"article\" \/>\n<meta property=\"og:title\" content=\"Metrel MI 3102H BT daudzfunkcion\u0101ls elektroinstal\u0101ciju testeris - AXIOMA MS\" \/>\n<meta property=\"og:description\" content=\"Metrel MI 3102H BT EurotestXE ir daudzfunkcion\u0101ls m\u0113rinstruments, kas papildus vis\u0101m nepiecie\u0161amaj\u0101m funkcij\u0101m piln\u012bgai instal\u0101cijas dro\u0161\u012bbas p\u0101rbaudei saska\u0146\u0101 ar IEC\/EN 61557 veic izol\u0101cijas pretest\u012bbas m\u0113r\u012bjumus ar testa spriegumu l\u012bdz 2,5 kV (r\u0101d\u012bjums l\u012bdz 10 G\u03a9) un nodro\u0161ina diagnostikas testu, apr\u0113\u0137inot PI un DAR indeksus. Standarta komplekts: Metrel MI 3102H BT EurotestXE, 2,5 kV sprieguma testa...\" \/>\n<meta property=\"og:url\" content=\"https:\/\/www.axiomams.eu\/lv\/produktas\/metrel-mi-3102h-bt-daudzfunkcionals-elektroinstalaciju-testeris\" \/>\n<meta property=\"og:site_name\" content=\"AXIOMA MS\" \/>\n<meta property=\"article:publisher\" content=\"https:\/\/www.facebook.com\/AxiomaMS\" \/>\n<meta property=\"article:modified_time\" content=\"2026-03-25T14:58:29+00:00\" \/>\n<meta property=\"og:image\" content=\"https:\/\/www.axiomams.eu\/wp-content\/uploads\/2025\/07\/534-2975.jpg\" \/>\n\t<meta property=\"og:image:width\" content=\"800\" \/>\n\t<meta property=\"og:image:height\" content=\"727\" \/>\n\t<meta property=\"og:image:type\" content=\"image\/jpeg\" \/>\n<meta name=\"twitter:card\" content=\"summary_large_image\" \/>\n<meta name=\"twitter:label1\" content=\"Est. reading time\" \/>\n\t<meta name=\"twitter:data1\" content=\"1 minute\" \/>\n<script type=\"application\/ld+json\" class=\"yoast-schema-graph\">{\"@context\":\"https:\/\/schema.org\",\"@graph\":[{\"@type\":\"WebPage\",\"@id\":\"https:\/\/www.axiomams.eu\/lv\/produktas\/metrel-mi-3102h-bt-daudzfunkcionals-elektroinstalaciju-testeris\",\"url\":\"https:\/\/www.axiomams.eu\/lv\/produktas\/metrel-mi-3102h-bt-daudzfunkcionals-elektroinstalaciju-testeris\",\"name\":\"Metrel MI 3102H BT daudzfunkcion\u0101ls elektroinstal\u0101ciju testeris - AXIOMA MS\",\"isPartOf\":{\"@id\":\"https:\/\/www.axiomams.eu\/lv#website\"},\"primaryImageOfPage\":{\"@id\":\"https:\/\/www.axiomams.eu\/lv\/produktas\/metrel-mi-3102h-bt-daudzfunkcionals-elektroinstalaciju-testeris#primaryimage\"},\"image\":{\"@id\":\"https:\/\/www.axiomams.eu\/lv\/produktas\/metrel-mi-3102h-bt-daudzfunkcionals-elektroinstalaciju-testeris#primaryimage\"},\"thumbnailUrl\":\"https:\/\/www.axiomams.eu\/wp-content\/uploads\/2025\/07\/534-2975.jpg\",\"datePublished\":\"2025-05-15T15:55:24+00:00\",\"dateModified\":\"2026-03-25T14:58:29+00:00\",\"breadcrumb\":{\"@id\":\"https:\/\/www.axiomams.eu\/lv\/produktas\/metrel-mi-3102h-bt-daudzfunkcionals-elektroinstalaciju-testeris#breadcrumb\"},\"inLanguage\":\"lv-LV\",\"potentialAction\":[{\"@type\":\"ReadAction\",\"target\":[\"https:\/\/www.axiomams.eu\/lv\/produktas\/metrel-mi-3102h-bt-daudzfunkcionals-elektroinstalaciju-testeris\"]}]},{\"@type\":\"ImageObject\",\"inLanguage\":\"lv-LV\",\"@id\":\"https:\/\/www.axiomams.eu\/lv\/produktas\/metrel-mi-3102h-bt-daudzfunkcionals-elektroinstalaciju-testeris#primaryimage\",\"url\":\"https:\/\/www.axiomams.eu\/wp-content\/uploads\/2025\/07\/534-2975.jpg\",\"contentUrl\":\"https:\/\/www.axiomams.eu\/wp-content\/uploads\/2025\/07\/534-2975.jpg\",\"width\":800,\"height\":727},{\"@type\":\"BreadcrumbList\",\"@id\":\"https:\/\/www.axiomams.eu\/lv\/produktas\/metrel-mi-3102h-bt-daudzfunkcionals-elektroinstalaciju-testeris#breadcrumb\",\"itemListElement\":[{\"@type\":\"ListItem\",\"position\":1,\"name\":\"Home\",\"item\":\"https:\/\/www.axiomams.eu\/lv\"},{\"@type\":\"ListItem\",\"position\":2,\"name\":\"Produkti\",\"item\":\"https:\/\/www.axiomams.eu\/lv\/produkti\"},{\"@type\":\"ListItem\",\"position\":3,\"name\":\"Metrel MI 3102H BT daudzfunkcion\u0101ls elektroinstal\u0101ciju testeris\"}]},{\"@type\":\"WebSite\",\"@id\":\"https:\/\/www.axiomams.eu\/lv#website\",\"url\":\"https:\/\/www.axiomams.eu\/lv\",\"name\":\"AXIOMA MS\",\"description\":\"Terrmovizoriai ir matavimo \u012franga\",\"publisher\":{\"@id\":\"https:\/\/www.axiomams.eu\/lv#organization\"},\"potentialAction\":[{\"@type\":\"SearchAction\",\"target\":{\"@type\":\"EntryPoint\",\"urlTemplate\":\"https:\/\/www.axiomams.eu\/lv?s={search_term_string}\"},\"query-input\":{\"@type\":\"PropertyValueSpecification\",\"valueRequired\":true,\"valueName\":\"search_term_string\"}}],\"inLanguage\":\"lv-LV\"},{\"@type\":\"Organization\",\"@id\":\"https:\/\/www.axiomams.eu\/lv#organization\",\"name\":\"AXIOMA MS\",\"url\":\"https:\/\/www.axiomams.eu\/lv\",\"logo\":{\"@type\":\"ImageObject\",\"inLanguage\":\"lv-LV\",\"@id\":\"https:\/\/www.axiomams.eu\/lv#\/schema\/logo\/image\/\",\"url\":\"https:\/\/www.axiomams.eu\/wp-content\/uploads\/2025\/06\/axioma-logo-2.png\",\"contentUrl\":\"https:\/\/www.axiomams.eu\/wp-content\/uploads\/2025\/06\/axioma-logo-2.png\",\"width\":1200,\"height\":1200,\"caption\":\"AXIOMA MS\"},\"image\":{\"@id\":\"https:\/\/www.axiomams.eu\/lv#\/schema\/logo\/image\/\"},\"sameAs\":[\"https:\/\/www.facebook.com\/AxiomaMS\",\"https:\/\/www.linkedin.com\/company\/axiomams\/\"]}]}<\/script>\n<!-- \/ Yoast SEO plugin. -->","yoast_head_json":{"title":"Metrel MI 3102H BT daudzfunkcion\u0101ls elektroinstal\u0101ciju testeris - AXIOMA MS","robots":{"index":"index","follow":"follow","max-snippet":"max-snippet:-1","max-image-preview":"max-image-preview:large","max-video-preview":"max-video-preview:-1"},"canonical":"https:\/\/www.axiomams.eu\/lv\/produktas\/metrel-mi-3102h-bt-daudzfunkcionals-elektroinstalaciju-testeris","og_locale":"lv_LV","og_type":"article","og_title":"Metrel MI 3102H BT daudzfunkcion\u0101ls elektroinstal\u0101ciju testeris - AXIOMA MS","og_description":"Metrel MI 3102H BT EurotestXE ir daudzfunkcion\u0101ls m\u0113rinstruments, kas papildus vis\u0101m nepiecie\u0161amaj\u0101m funkcij\u0101m piln\u012bgai instal\u0101cijas dro\u0161\u012bbas p\u0101rbaudei saska\u0146\u0101 ar IEC\/EN 61557 veic izol\u0101cijas pretest\u012bbas m\u0113r\u012bjumus ar testa spriegumu l\u012bdz 2,5 kV (r\u0101d\u012bjums l\u012bdz 10 G\u03a9) un nodro\u0161ina diagnostikas testu, apr\u0113\u0137inot PI un DAR indeksus. Standarta komplekts: Metrel MI 3102H BT EurotestXE, 2,5 kV sprieguma testa...","og_url":"https:\/\/www.axiomams.eu\/lv\/produktas\/metrel-mi-3102h-bt-daudzfunkcionals-elektroinstalaciju-testeris","og_site_name":"AXIOMA MS","article_publisher":"https:\/\/www.facebook.com\/AxiomaMS","article_modified_time":"2026-03-25T14:58:29+00:00","og_image":[{"width":800,"height":727,"url":"https:\/\/www.axiomams.eu\/wp-content\/uploads\/2025\/07\/534-2975.jpg","type":"image\/jpeg"}],"twitter_card":"summary_large_image","twitter_misc":{"Est. reading time":"1 minute"},"schema":{"@context":"https:\/\/schema.org","@graph":[{"@type":"WebPage","@id":"https:\/\/www.axiomams.eu\/lv\/produktas\/metrel-mi-3102h-bt-daudzfunkcionals-elektroinstalaciju-testeris","url":"https:\/\/www.axiomams.eu\/lv\/produktas\/metrel-mi-3102h-bt-daudzfunkcionals-elektroinstalaciju-testeris","name":"Metrel MI 3102H BT daudzfunkcion\u0101ls elektroinstal\u0101ciju testeris - AXIOMA MS","isPartOf":{"@id":"https:\/\/www.axiomams.eu\/lv#website"},"primaryImageOfPage":{"@id":"https:\/\/www.axiomams.eu\/lv\/produktas\/metrel-mi-3102h-bt-daudzfunkcionals-elektroinstalaciju-testeris#primaryimage"},"image":{"@id":"https:\/\/www.axiomams.eu\/lv\/produktas\/metrel-mi-3102h-bt-daudzfunkcionals-elektroinstalaciju-testeris#primaryimage"},"thumbnailUrl":"https:\/\/www.axiomams.eu\/wp-content\/uploads\/2025\/07\/534-2975.jpg","datePublished":"2025-05-15T15:55:24+00:00","dateModified":"2026-03-25T14:58:29+00:00","breadcrumb":{"@id":"https:\/\/www.axiomams.eu\/lv\/produktas\/metrel-mi-3102h-bt-daudzfunkcionals-elektroinstalaciju-testeris#breadcrumb"},"inLanguage":"lv-LV","potentialAction":[{"@type":"ReadAction","target":["https:\/\/www.axiomams.eu\/lv\/produktas\/metrel-mi-3102h-bt-daudzfunkcionals-elektroinstalaciju-testeris"]}]},{"@type":"ImageObject","inLanguage":"lv-LV","@id":"https:\/\/www.axiomams.eu\/lv\/produktas\/metrel-mi-3102h-bt-daudzfunkcionals-elektroinstalaciju-testeris#primaryimage","url":"https:\/\/www.axiomams.eu\/wp-content\/uploads\/2025\/07\/534-2975.jpg","contentUrl":"https:\/\/www.axiomams.eu\/wp-content\/uploads\/2025\/07\/534-2975.jpg","width":800,"height":727},{"@type":"BreadcrumbList","@id":"https:\/\/www.axiomams.eu\/lv\/produktas\/metrel-mi-3102h-bt-daudzfunkcionals-elektroinstalaciju-testeris#breadcrumb","itemListElement":[{"@type":"ListItem","position":1,"name":"Home","item":"https:\/\/www.axiomams.eu\/lv"},{"@type":"ListItem","position":2,"name":"Produkti","item":"https:\/\/www.axiomams.eu\/lv\/produkti"},{"@type":"ListItem","position":3,"name":"Metrel MI 3102H BT daudzfunkcion\u0101ls elektroinstal\u0101ciju testeris"}]},{"@type":"WebSite","@id":"https:\/\/www.axiomams.eu\/lv#website","url":"https:\/\/www.axiomams.eu\/lv","name":"AXIOMA MS","description":"Terrmovizoriai ir matavimo \u012franga","publisher":{"@id":"https:\/\/www.axiomams.eu\/lv#organization"},"potentialAction":[{"@type":"SearchAction","target":{"@type":"EntryPoint","urlTemplate":"https:\/\/www.axiomams.eu\/lv?s={search_term_string}"},"query-input":{"@type":"PropertyValueSpecification","valueRequired":true,"valueName":"search_term_string"}}],"inLanguage":"lv-LV"},{"@type":"Organization","@id":"https:\/\/www.axiomams.eu\/lv#organization","name":"AXIOMA MS","url":"https:\/\/www.axiomams.eu\/lv","logo":{"@type":"ImageObject","inLanguage":"lv-LV","@id":"https:\/\/www.axiomams.eu\/lv#\/schema\/logo\/image\/","url":"https:\/\/www.axiomams.eu\/wp-content\/uploads\/2025\/06\/axioma-logo-2.png","contentUrl":"https:\/\/www.axiomams.eu\/wp-content\/uploads\/2025\/06\/axioma-logo-2.png","width":1200,"height":1200,"caption":"AXIOMA MS"},"image":{"@id":"https:\/\/www.axiomams.eu\/lv#\/schema\/logo\/image\/"},"sameAs":["https:\/\/www.facebook.com\/AxiomaMS","https:\/\/www.linkedin.com\/company\/axiomams\/"]}]}},"_links":{"self":[{"href":"https:\/\/www.axiomams.eu\/lv\/wp-json\/wp\/v2\/product\/38827","targetHints":{"allow":["GET"]}}],"collection":[{"href":"https:\/\/www.axiomams.eu\/lv\/wp-json\/wp\/v2\/product"}],"about":[{"href":"https:\/\/www.axiomams.eu\/lv\/wp-json\/wp\/v2\/types\/product"}],"replies":[{"embeddable":true,"href":"https:\/\/www.axiomams.eu\/lv\/wp-json\/wp\/v2\/comments?post=38827"}],"wp:featuredmedia":[{"embeddable":true,"href":"https:\/\/www.axiomams.eu\/lv\/wp-json\/wp\/v2\/media\/41348"}],"wp:attachment":[{"href":"https:\/\/www.axiomams.eu\/lv\/wp-json\/wp\/v2\/media?parent=38827"}],"wp:term":[{"taxonomy":"product_brand","embeddable":true,"href":"https:\/\/www.axiomams.eu\/lv\/wp-json\/wp\/v2\/product_brand?post=38827"},{"taxonomy":"product_cat","embeddable":true,"href":"https:\/\/www.axiomams.eu\/lv\/wp-json\/wp\/v2\/product_cat?post=38827"},{"taxonomy":"product_tag","embeddable":true,"href":"https:\/\/www.axiomams.eu\/lv\/wp-json\/wp\/v2\/product_tag?post=38827"}],"curies":[{"name":"wp","href":"https:\/\/api.w.org\/{rel}","templated":true}]}}