{"id":38828,"date":"2025-05-15T17:55:27","date_gmt":"2025-05-15T15:55:27","guid":{"rendered":"https:\/\/www.axiomams.eu\/produktas\/metrel-mi-3115-st-pv-testeris"},"modified":"2026-03-25T16:58:29","modified_gmt":"2026-03-25T14:58:29","slug":"metrel-mi-3115-st-pv-testeris","status":"publish","type":"product","link":"https:\/\/www.axiomams.eu\/lv\/produktas\/metrel-mi-3115-st-pv-testeris","title":{"rendered":"Metrel MI 3115 ST PV testeris"},"content":{"rendered":"<p>Metrel MI 3115 PV analizators atbalsta visus LST EN 62446-1 un LST EN 62446-2 testus. Izmanto lielu 1500 V PV staciju test\u0113\u0161anai, tehnisk\u0101s apkopes test\u0113\u0161anai, periodiskai test\u0113\u0161anai, pirm\u0101s p\u0101rbaudes test\u0113\u0161anai, nov\u0113rt\u0113\u0161anai un trauc\u0113jumu nov\u0113r\u0161anai, p\u0101rskatu sagatavo\u0161anai.<\/p>\n<p>MI 3115 PV pied\u0101v\u0101 test\u0113\u0161anu saska\u0146\u0101 ar standartu LST EN 62446:<br \/>\n&#8211; PV virk\u0146u izol\u0101cijas pretest\u012bbas m\u0113r\u012bjumus<br \/>\n&#8211; I\/U raksturlielumu m\u0113r\u012bjumus<br \/>\n&#8211; izm\u0113r\u012bto v\u0113rt\u012bbu konvert\u0113\u0161anu uz STC v\u0113rt\u012bb\u0101m<br \/>\n&#8211; sal\u012bdzin\u0101jums ar PV modu\u013cu ra\u017eot\u0101ju nor\u0101d\u012btaj\u0101m nomin\u0101laj\u0101m v\u0113rt\u012bb\u0101m.<\/p>\n<p>Apstarojumu un \u0161\u016bnu temperat\u016bru m\u0113ra re\u0101llaik\u0101, izmantojot bezvadu t\u0101lvad\u012bbas ier\u012bci.<br \/>\nMetrel ES Manager programmat\u016bra \u013cauj iepriek\u0161 sagatavot m\u0113r\u012bjumu strukt\u016bru un m\u0113r\u012bjumus, aug\u0161upiel\u0101d\u0113t vai lejupiel\u0101d\u0113t \u0161o strukt\u016bru un p\u0113c tam p\u0101rskat\u012bt rezult\u0101tus, \u013cauj veikt papla\u0161in\u0101tu I\/U l\u012bknes anal\u012bzi, PV modu\u013cu DB p\u0113tnieku un \u0123ener\u0113t profesion\u0101lu zi\u0146ojumu.<br \/>\n1500 V PV sist\u0113mu izol\u0101cijas un I\/U m\u0113r\u012bjumi vien\u0101 instrument\u0101.<br \/>\nKapacitat\u012bv\u0101 m\u0113r\u012b\u0161anas metode.<br \/>\nLST EN 62446-1 testu autom\u0101tiskais tests.<br \/>\nIepriek\u0161 nepareizi ievad\u012btu parametru labo\u0161ana jau veiktam m\u0113r\u012bjumam vai m\u0113r\u012bjumu grupai.<\/p>\n<p><b>Standarta komplekts:<\/b> Metrel MI 3115 PV analizators, bezvadu t\u0101lvad\u012bbas bloks, temperat\u016bras sensors, references elements, skava piederumu piestiprin\u0101\u0161anai, MC4 uz ban\u0101nu adapteri, testa vadu komplekts, krokodila skava, testa zondes komplekts, USB kabelis, baro\u0161anas kabelis, p\u0101rn\u0113s\u0101\u0161anas soma, baro\u0161anas bloks, p\u0101rn\u0113s\u0101\u0161anas siksna, uzl\u0101d\u0113jamas AA baterijas, kalibr\u0113\u0161anas sertifik\u0101ti, lietot\u0101ja rokasgr\u0101mata, Metrel ES Manager programmat\u016bra.<\/p>\n<h3>Tehnisk\u0101 inform\u0101cija:<\/h3>\n<ul>\n<li><a href=\"https:\/\/axiomams.eu\/importer\/export\/attachments\/en\/metrel-mi-3115-pv.pdf\" target=\"_blank\">Metrel MI 3115 PV.pdf<\/a><\/li>\n<\/ul>\n","protected":false},"excerpt":{"rendered":"<p>Metrel MI 3115 PV analizators atbalsta visus LST EN 62446-1 un LST EN 62446-2 testus. Izmanto lielu 1500 V PV staciju test\u0113\u0161anai, tehnisk\u0101s apkopes test\u0113\u0161anai, periodiskai test\u0113\u0161anai, pirm\u0101s p\u0101rbaudes test\u0113\u0161anai, nov\u0113rt\u0113\u0161anai un trauc\u0113jumu nov\u0113r\u0161anai, p\u0101rskatu sagatavo\u0161anai. MI 3115 PV pied\u0101v\u0101 test\u0113\u0161anu saska\u0146\u0101 ar standartu LST EN 62446: &#8211; PV virk\u0146u izol\u0101cijas pretest\u012bbas m\u0113r\u012bjumus &#8211; I\/U&#8230;<\/p>\n","protected":false},"featured_media":44305,"comment_status":"open","ping_status":"closed","template":"","meta":{"_acf_changed":false},"product_brand":[732],"product_cat":[17717],"product_tag":[],"class_list":{"0":"post-38828","1":"product","2":"type-product","3":"status-publish","4":"has-post-thumbnail","6":"product_brand-metrel","7":"product_cat-pv-testesanai","9":"first","10":"instock","11":"taxable","12":"shipping-taxable","13":"purchasable","14":"product-type-simple"},"acf":[],"yoast_head":"<!-- This site is optimized with the Yoast SEO plugin v27.0 - https:\/\/yoast.com\/product\/yoast-seo-wordpress\/ -->\n<title>Metrel MI 3115 ST PV testeris - AXIOMA MS<\/title>\n<meta name=\"robots\" content=\"index, follow, max-snippet:-1, max-image-preview:large, max-video-preview:-1\" \/>\n<link rel=\"canonical\" href=\"https:\/\/www.axiomams.eu\/lv\/produktas\/metrel-mi-3115-st-pv-testeris\" \/>\n<meta property=\"og:locale\" content=\"lv_LV\" \/>\n<meta property=\"og:type\" content=\"article\" \/>\n<meta property=\"og:title\" content=\"Metrel MI 3115 ST PV testeris - AXIOMA MS\" \/>\n<meta property=\"og:description\" content=\"Metrel MI 3115 PV analizators atbalsta visus LST EN 62446-1 un LST EN 62446-2 testus. Izmanto lielu 1500 V PV staciju test\u0113\u0161anai, tehnisk\u0101s apkopes test\u0113\u0161anai, periodiskai test\u0113\u0161anai, pirm\u0101s p\u0101rbaudes test\u0113\u0161anai, nov\u0113rt\u0113\u0161anai un trauc\u0113jumu nov\u0113r\u0161anai, p\u0101rskatu sagatavo\u0161anai. MI 3115 PV pied\u0101v\u0101 test\u0113\u0161anu saska\u0146\u0101 ar standartu LST EN 62446: &#8211; PV virk\u0146u izol\u0101cijas pretest\u012bbas m\u0113r\u012bjumus &#8211; I\/U...\" \/>\n<meta property=\"og:url\" content=\"https:\/\/www.axiomams.eu\/lv\/produktas\/metrel-mi-3115-st-pv-testeris\" \/>\n<meta property=\"og:site_name\" content=\"AXIOMA MS\" \/>\n<meta property=\"article:publisher\" content=\"https:\/\/www.facebook.com\/AxiomaMS\" \/>\n<meta property=\"article:modified_time\" content=\"2026-03-25T14:58:29+00:00\" \/>\n<meta property=\"og:image\" content=\"https:\/\/www.axiomams.eu\/wp-content\/uploads\/2026\/03\/3510-6246.jpg\" \/>\n\t<meta property=\"og:image:width\" content=\"1162\" \/>\n\t<meta property=\"og:image:height\" content=\"900\" \/>\n\t<meta property=\"og:image:type\" content=\"image\/jpeg\" \/>\n<meta name=\"twitter:card\" content=\"summary_large_image\" \/>\n<meta name=\"twitter:label1\" content=\"Est. reading time\" \/>\n\t<meta name=\"twitter:data1\" content=\"2 minutes\" \/>\n<script type=\"application\/ld+json\" class=\"yoast-schema-graph\">{\"@context\":\"https:\/\/schema.org\",\"@graph\":[{\"@type\":\"WebPage\",\"@id\":\"https:\/\/www.axiomams.eu\/lv\/produktas\/metrel-mi-3115-st-pv-testeris\",\"url\":\"https:\/\/www.axiomams.eu\/lv\/produktas\/metrel-mi-3115-st-pv-testeris\",\"name\":\"Metrel MI 3115 ST PV testeris - AXIOMA MS\",\"isPartOf\":{\"@id\":\"https:\/\/www.axiomams.eu\/lv#website\"},\"primaryImageOfPage\":{\"@id\":\"https:\/\/www.axiomams.eu\/lv\/produktas\/metrel-mi-3115-st-pv-testeris#primaryimage\"},\"image\":{\"@id\":\"https:\/\/www.axiomams.eu\/lv\/produktas\/metrel-mi-3115-st-pv-testeris#primaryimage\"},\"thumbnailUrl\":\"https:\/\/www.axiomams.eu\/wp-content\/uploads\/2026\/03\/3510-6246.jpg\",\"datePublished\":\"2025-05-15T15:55:27+00:00\",\"dateModified\":\"2026-03-25T14:58:29+00:00\",\"breadcrumb\":{\"@id\":\"https:\/\/www.axiomams.eu\/lv\/produktas\/metrel-mi-3115-st-pv-testeris#breadcrumb\"},\"inLanguage\":\"lv-LV\",\"potentialAction\":[{\"@type\":\"ReadAction\",\"target\":[\"https:\/\/www.axiomams.eu\/lv\/produktas\/metrel-mi-3115-st-pv-testeris\"]}]},{\"@type\":\"ImageObject\",\"inLanguage\":\"lv-LV\",\"@id\":\"https:\/\/www.axiomams.eu\/lv\/produktas\/metrel-mi-3115-st-pv-testeris#primaryimage\",\"url\":\"https:\/\/www.axiomams.eu\/wp-content\/uploads\/2026\/03\/3510-6246.jpg\",\"contentUrl\":\"https:\/\/www.axiomams.eu\/wp-content\/uploads\/2026\/03\/3510-6246.jpg\",\"width\":1162,\"height\":900,\"caption\":\"Metrel MI 3115 ST Saul\u0117s moduli\u0173 testeris\"},{\"@type\":\"BreadcrumbList\",\"@id\":\"https:\/\/www.axiomams.eu\/lv\/produktas\/metrel-mi-3115-st-pv-testeris#breadcrumb\",\"itemListElement\":[{\"@type\":\"ListItem\",\"position\":1,\"name\":\"Home\",\"item\":\"https:\/\/www.axiomams.eu\/lv\"},{\"@type\":\"ListItem\",\"position\":2,\"name\":\"Produkti\",\"item\":\"https:\/\/www.axiomams.eu\/lv\/produkti\"},{\"@type\":\"ListItem\",\"position\":3,\"name\":\"Metrel MI 3115 ST PV testeris\"}]},{\"@type\":\"WebSite\",\"@id\":\"https:\/\/www.axiomams.eu\/lv#website\",\"url\":\"https:\/\/www.axiomams.eu\/lv\",\"name\":\"AXIOMA MS\",\"description\":\"Terrmovizoriai ir matavimo \u012franga\",\"publisher\":{\"@id\":\"https:\/\/www.axiomams.eu\/lv#organization\"},\"potentialAction\":[{\"@type\":\"SearchAction\",\"target\":{\"@type\":\"EntryPoint\",\"urlTemplate\":\"https:\/\/www.axiomams.eu\/lv?s={search_term_string}\"},\"query-input\":{\"@type\":\"PropertyValueSpecification\",\"valueRequired\":true,\"valueName\":\"search_term_string\"}}],\"inLanguage\":\"lv-LV\"},{\"@type\":\"Organization\",\"@id\":\"https:\/\/www.axiomams.eu\/lv#organization\",\"name\":\"AXIOMA MS\",\"url\":\"https:\/\/www.axiomams.eu\/lv\",\"logo\":{\"@type\":\"ImageObject\",\"inLanguage\":\"lv-LV\",\"@id\":\"https:\/\/www.axiomams.eu\/lv#\/schema\/logo\/image\/\",\"url\":\"https:\/\/www.axiomams.eu\/wp-content\/uploads\/2025\/06\/axioma-logo-2.png\",\"contentUrl\":\"https:\/\/www.axiomams.eu\/wp-content\/uploads\/2025\/06\/axioma-logo-2.png\",\"width\":1200,\"height\":1200,\"caption\":\"AXIOMA MS\"},\"image\":{\"@id\":\"https:\/\/www.axiomams.eu\/lv#\/schema\/logo\/image\/\"},\"sameAs\":[\"https:\/\/www.facebook.com\/AxiomaMS\",\"https:\/\/www.linkedin.com\/company\/axiomams\/\"]}]}<\/script>\n<!-- \/ Yoast SEO plugin. -->","yoast_head_json":{"title":"Metrel MI 3115 ST PV testeris - AXIOMA MS","robots":{"index":"index","follow":"follow","max-snippet":"max-snippet:-1","max-image-preview":"max-image-preview:large","max-video-preview":"max-video-preview:-1"},"canonical":"https:\/\/www.axiomams.eu\/lv\/produktas\/metrel-mi-3115-st-pv-testeris","og_locale":"lv_LV","og_type":"article","og_title":"Metrel MI 3115 ST PV testeris - AXIOMA MS","og_description":"Metrel MI 3115 PV analizators atbalsta visus LST EN 62446-1 un LST EN 62446-2 testus. Izmanto lielu 1500 V PV staciju test\u0113\u0161anai, tehnisk\u0101s apkopes test\u0113\u0161anai, periodiskai test\u0113\u0161anai, pirm\u0101s p\u0101rbaudes test\u0113\u0161anai, nov\u0113rt\u0113\u0161anai un trauc\u0113jumu nov\u0113r\u0161anai, p\u0101rskatu sagatavo\u0161anai. MI 3115 PV pied\u0101v\u0101 test\u0113\u0161anu saska\u0146\u0101 ar standartu LST EN 62446: &#8211; PV virk\u0146u izol\u0101cijas pretest\u012bbas m\u0113r\u012bjumus &#8211; I\/U...","og_url":"https:\/\/www.axiomams.eu\/lv\/produktas\/metrel-mi-3115-st-pv-testeris","og_site_name":"AXIOMA MS","article_publisher":"https:\/\/www.facebook.com\/AxiomaMS","article_modified_time":"2026-03-25T14:58:29+00:00","og_image":[{"width":1162,"height":900,"url":"https:\/\/www.axiomams.eu\/wp-content\/uploads\/2026\/03\/3510-6246.jpg","type":"image\/jpeg"}],"twitter_card":"summary_large_image","twitter_misc":{"Est. reading time":"2 minutes"},"schema":{"@context":"https:\/\/schema.org","@graph":[{"@type":"WebPage","@id":"https:\/\/www.axiomams.eu\/lv\/produktas\/metrel-mi-3115-st-pv-testeris","url":"https:\/\/www.axiomams.eu\/lv\/produktas\/metrel-mi-3115-st-pv-testeris","name":"Metrel MI 3115 ST PV testeris - AXIOMA MS","isPartOf":{"@id":"https:\/\/www.axiomams.eu\/lv#website"},"primaryImageOfPage":{"@id":"https:\/\/www.axiomams.eu\/lv\/produktas\/metrel-mi-3115-st-pv-testeris#primaryimage"},"image":{"@id":"https:\/\/www.axiomams.eu\/lv\/produktas\/metrel-mi-3115-st-pv-testeris#primaryimage"},"thumbnailUrl":"https:\/\/www.axiomams.eu\/wp-content\/uploads\/2026\/03\/3510-6246.jpg","datePublished":"2025-05-15T15:55:27+00:00","dateModified":"2026-03-25T14:58:29+00:00","breadcrumb":{"@id":"https:\/\/www.axiomams.eu\/lv\/produktas\/metrel-mi-3115-st-pv-testeris#breadcrumb"},"inLanguage":"lv-LV","potentialAction":[{"@type":"ReadAction","target":["https:\/\/www.axiomams.eu\/lv\/produktas\/metrel-mi-3115-st-pv-testeris"]}]},{"@type":"ImageObject","inLanguage":"lv-LV","@id":"https:\/\/www.axiomams.eu\/lv\/produktas\/metrel-mi-3115-st-pv-testeris#primaryimage","url":"https:\/\/www.axiomams.eu\/wp-content\/uploads\/2026\/03\/3510-6246.jpg","contentUrl":"https:\/\/www.axiomams.eu\/wp-content\/uploads\/2026\/03\/3510-6246.jpg","width":1162,"height":900,"caption":"Metrel MI 3115 ST Saul\u0117s moduli\u0173 testeris"},{"@type":"BreadcrumbList","@id":"https:\/\/www.axiomams.eu\/lv\/produktas\/metrel-mi-3115-st-pv-testeris#breadcrumb","itemListElement":[{"@type":"ListItem","position":1,"name":"Home","item":"https:\/\/www.axiomams.eu\/lv"},{"@type":"ListItem","position":2,"name":"Produkti","item":"https:\/\/www.axiomams.eu\/lv\/produkti"},{"@type":"ListItem","position":3,"name":"Metrel MI 3115 ST PV testeris"}]},{"@type":"WebSite","@id":"https:\/\/www.axiomams.eu\/lv#website","url":"https:\/\/www.axiomams.eu\/lv","name":"AXIOMA MS","description":"Terrmovizoriai ir matavimo \u012franga","publisher":{"@id":"https:\/\/www.axiomams.eu\/lv#organization"},"potentialAction":[{"@type":"SearchAction","target":{"@type":"EntryPoint","urlTemplate":"https:\/\/www.axiomams.eu\/lv?s={search_term_string}"},"query-input":{"@type":"PropertyValueSpecification","valueRequired":true,"valueName":"search_term_string"}}],"inLanguage":"lv-LV"},{"@type":"Organization","@id":"https:\/\/www.axiomams.eu\/lv#organization","name":"AXIOMA MS","url":"https:\/\/www.axiomams.eu\/lv","logo":{"@type":"ImageObject","inLanguage":"lv-LV","@id":"https:\/\/www.axiomams.eu\/lv#\/schema\/logo\/image\/","url":"https:\/\/www.axiomams.eu\/wp-content\/uploads\/2025\/06\/axioma-logo-2.png","contentUrl":"https:\/\/www.axiomams.eu\/wp-content\/uploads\/2025\/06\/axioma-logo-2.png","width":1200,"height":1200,"caption":"AXIOMA MS"},"image":{"@id":"https:\/\/www.axiomams.eu\/lv#\/schema\/logo\/image\/"},"sameAs":["https:\/\/www.facebook.com\/AxiomaMS","https:\/\/www.linkedin.com\/company\/axiomams\/"]}]}},"_links":{"self":[{"href":"https:\/\/www.axiomams.eu\/lv\/wp-json\/wp\/v2\/product\/38828","targetHints":{"allow":["GET"]}}],"collection":[{"href":"https:\/\/www.axiomams.eu\/lv\/wp-json\/wp\/v2\/product"}],"about":[{"href":"https:\/\/www.axiomams.eu\/lv\/wp-json\/wp\/v2\/types\/product"}],"replies":[{"embeddable":true,"href":"https:\/\/www.axiomams.eu\/lv\/wp-json\/wp\/v2\/comments?post=38828"}],"wp:featuredmedia":[{"embeddable":true,"href":"https:\/\/www.axiomams.eu\/lv\/wp-json\/wp\/v2\/media\/44305"}],"wp:attachment":[{"href":"https:\/\/www.axiomams.eu\/lv\/wp-json\/wp\/v2\/media?parent=38828"}],"wp:term":[{"taxonomy":"product_brand","embeddable":true,"href":"https:\/\/www.axiomams.eu\/lv\/wp-json\/wp\/v2\/product_brand?post=38828"},{"taxonomy":"product_cat","embeddable":true,"href":"https:\/\/www.axiomams.eu\/lv\/wp-json\/wp\/v2\/product_cat?post=38828"},{"taxonomy":"product_tag","embeddable":true,"href":"https:\/\/www.axiomams.eu\/lv\/wp-json\/wp\/v2\/product_tag?post=38828"}],"curies":[{"name":"wp","href":"https:\/\/api.w.org\/{rel}","templated":true}]}}