{"id":38830,"date":"2025-05-15T17:55:28","date_gmt":"2025-05-15T15:55:28","guid":{"rendered":"https:\/\/www.axiomams.eu\/produktas\/metrel-mi-3152h-eurotestxc-daudzfunkcionals-merinstruments"},"modified":"2026-03-25T16:58:29","modified_gmt":"2026-03-25T14:58:29","slug":"metrel-mi-3152h-eurotestxc-daudzfunkcionals-merinstruments","status":"publish","type":"product","link":"https:\/\/www.axiomams.eu\/lv\/produktas\/metrel-mi-3152h-eurotestxc-daudzfunkcionals-merinstruments","title":{"rendered":"Metrel MI 3152H EurotestXC daudzfunkcion\u0101ls m\u0113rinstruments"},"content":{"rendered":"<p>Metrel MI 3152H EurotestXC 2,5 kV ir jaun\u0101s paaudzes Metrel daudzfunkcion\u0101lo m\u0113rinstrumentu instruments. Jau labi zin\u0101m\u0101s funkcijas, piem\u0113ram, piln\u012bga instal\u0101cijas dro\u0161\u012bbas test\u0113\u0161ana saska\u0146\u0101 ar LST EN 61557 un TN un TT zem\u0113juma sist\u0113mu AUTO SEQUENCE test\u0113\u0161ana, kas papla\u0161in\u0101ta ar izol\u0101cijas pretest\u012bbas m\u0113r\u012bjumiem ar testa spriegumu l\u012bdz 2,5 kV, tiek p\u0101rvald\u012btas ar piln\u012bgi jaunu lietot\u0101ja saskarni, kuras pamat\u0101 ir liels kr\u0101su sk\u0101rienj\u016bt\u012bgais ekr\u0101ns.<\/p>\n<p>Standarta komplekts: MI 3152H EurotestXC, 1,5 m, 2,5 kV testa vads, 2 x 1,5 m, testa vads, 3 x 1,5 m, baro\u0161anas adapteris + 6 NiMH uzl\u0101d\u0113jam\u0101s baterijas, AA tipa, testa zonde, 4 gab (zila, melna, za\u013ca, sarkana), krokodila skava, 4 gab (zila, melna, za\u013ca, sarkana), RS232 &#8211; PS\/2 kabelis, USB kabelis, m\u012bksta somi\u0146a, m\u012bksta kakla josta, PC programmat\u016bra Metrel ES Manager ar BASIC licences atsl\u0113gu, \u012bsa lieto\u0161anas instrukcija.<\/p>\n<p><iframe loading=\"lazy\" width=\"560\" height=\"315\" src=\"https:\/\/www.youtube.com\/embed\/tqC1rQef1Z4\" frameborder=\"0\" allow=\"accelerometer; autoplay; encrypted-media; gyroscope; picture-in-picture\" allowfullscreen><\/iframe><\/p>\n<h3>Tehnisk\u0101 inform\u0101cija:<\/h3>\n<ul>\n<li><a href=\"https:\/\/axiomams.eu\/importer\/export\/attachments\/en\/metrel-mi-3152h.pdf\" target=\"_blank\">Metrel MI 3152H.pdf<\/a><\/li>\n<\/ul>\n","protected":false},"excerpt":{"rendered":"<p>Metrel MI 3152H EurotestXC 2,5 kV ir jaun\u0101s paaudzes Metrel daudzfunkcion\u0101lo m\u0113rinstrumentu instruments. Jau labi zin\u0101m\u0101s funkcijas, piem\u0113ram, piln\u012bga instal\u0101cijas dro\u0161\u012bbas test\u0113\u0161ana saska\u0146\u0101 ar LST EN 61557 un TN un TT zem\u0113juma sist\u0113mu AUTO SEQUENCE test\u0113\u0161ana, kas papla\u0161in\u0101ta ar izol\u0101cijas pretest\u012bbas m\u0113r\u012bjumiem ar testa spriegumu l\u012bdz 2,5 kV, tiek p\u0101rvald\u012btas ar piln\u012bgi jaunu lietot\u0101ja saskarni,&#8230;<\/p>\n","protected":false},"featured_media":41354,"comment_status":"open","ping_status":"closed","template":"","meta":{"_acf_changed":false},"product_brand":[732],"product_cat":[17712],"product_tag":[],"class_list":{"0":"post-38830","1":"product","2":"type-product","3":"status-publish","4":"has-post-thumbnail","6":"product_brand-metrel","7":"product_cat-elektroinstalacijas-parbaudei","9":"first","10":"instock","11":"taxable","12":"shipping-taxable","13":"purchasable","14":"product-type-simple"},"acf":[],"yoast_head":"<!-- This site is optimized with the Yoast SEO plugin v27.0 - https:\/\/yoast.com\/product\/yoast-seo-wordpress\/ -->\n<title>Metrel MI 3152H EurotestXC daudzfunkcion\u0101ls m\u0113rinstruments - AXIOMA MS<\/title>\n<meta name=\"robots\" content=\"index, follow, max-snippet:-1, max-image-preview:large, max-video-preview:-1\" \/>\n<link rel=\"canonical\" href=\"https:\/\/www.axiomams.eu\/lv\/produktas\/metrel-mi-3152h-eurotestxc-daudzfunkcionals-merinstruments\" \/>\n<meta property=\"og:locale\" content=\"lv_LV\" \/>\n<meta property=\"og:type\" content=\"article\" \/>\n<meta property=\"og:title\" content=\"Metrel MI 3152H EurotestXC daudzfunkcion\u0101ls m\u0113rinstruments - AXIOMA MS\" \/>\n<meta property=\"og:description\" content=\"Metrel MI 3152H EurotestXC 2,5 kV ir jaun\u0101s paaudzes Metrel daudzfunkcion\u0101lo m\u0113rinstrumentu instruments. Jau labi zin\u0101m\u0101s funkcijas, piem\u0113ram, piln\u012bga instal\u0101cijas dro\u0161\u012bbas test\u0113\u0161ana saska\u0146\u0101 ar LST EN 61557 un TN un TT zem\u0113juma sist\u0113mu AUTO SEQUENCE test\u0113\u0161ana, kas papla\u0161in\u0101ta ar izol\u0101cijas pretest\u012bbas m\u0113r\u012bjumiem ar testa spriegumu l\u012bdz 2,5 kV, tiek p\u0101rvald\u012btas ar piln\u012bgi jaunu lietot\u0101ja saskarni,...\" \/>\n<meta property=\"og:url\" content=\"https:\/\/www.axiomams.eu\/lv\/produktas\/metrel-mi-3152h-eurotestxc-daudzfunkcionals-merinstruments\" \/>\n<meta property=\"og:site_name\" content=\"AXIOMA MS\" \/>\n<meta property=\"article:publisher\" content=\"https:\/\/www.facebook.com\/AxiomaMS\" \/>\n<meta property=\"article:modified_time\" content=\"2026-03-25T14:58:29+00:00\" \/>\n<meta property=\"og:image\" content=\"https:\/\/www.axiomams.eu\/wp-content\/uploads\/2025\/07\/1252-5884.jpg\" \/>\n\t<meta property=\"og:image:width\" content=\"1020\" \/>\n\t<meta property=\"og:image:height\" content=\"1020\" \/>\n\t<meta property=\"og:image:type\" content=\"image\/jpeg\" \/>\n<meta name=\"twitter:card\" content=\"summary_large_image\" \/>\n<meta name=\"twitter:label1\" content=\"Est. reading time\" \/>\n\t<meta name=\"twitter:data1\" content=\"1 minute\" \/>\n<script type=\"application\/ld+json\" class=\"yoast-schema-graph\">{\"@context\":\"https:\/\/schema.org\",\"@graph\":[{\"@type\":\"WebPage\",\"@id\":\"https:\/\/www.axiomams.eu\/lv\/produktas\/metrel-mi-3152h-eurotestxc-daudzfunkcionals-merinstruments\",\"url\":\"https:\/\/www.axiomams.eu\/lv\/produktas\/metrel-mi-3152h-eurotestxc-daudzfunkcionals-merinstruments\",\"name\":\"Metrel MI 3152H EurotestXC daudzfunkcion\u0101ls m\u0113rinstruments - AXIOMA MS\",\"isPartOf\":{\"@id\":\"https:\/\/www.axiomams.eu\/lv#website\"},\"primaryImageOfPage\":{\"@id\":\"https:\/\/www.axiomams.eu\/lv\/produktas\/metrel-mi-3152h-eurotestxc-daudzfunkcionals-merinstruments#primaryimage\"},\"image\":{\"@id\":\"https:\/\/www.axiomams.eu\/lv\/produktas\/metrel-mi-3152h-eurotestxc-daudzfunkcionals-merinstruments#primaryimage\"},\"thumbnailUrl\":\"https:\/\/www.axiomams.eu\/wp-content\/uploads\/2025\/07\/1252-5884.jpg\",\"datePublished\":\"2025-05-15T15:55:28+00:00\",\"dateModified\":\"2026-03-25T14:58:29+00:00\",\"breadcrumb\":{\"@id\":\"https:\/\/www.axiomams.eu\/lv\/produktas\/metrel-mi-3152h-eurotestxc-daudzfunkcionals-merinstruments#breadcrumb\"},\"inLanguage\":\"lv-LV\",\"potentialAction\":[{\"@type\":\"ReadAction\",\"target\":[\"https:\/\/www.axiomams.eu\/lv\/produktas\/metrel-mi-3152h-eurotestxc-daudzfunkcionals-merinstruments\"]}]},{\"@type\":\"ImageObject\",\"inLanguage\":\"lv-LV\",\"@id\":\"https:\/\/www.axiomams.eu\/lv\/produktas\/metrel-mi-3152h-eurotestxc-daudzfunkcionals-merinstruments#primaryimage\",\"url\":\"https:\/\/www.axiomams.eu\/wp-content\/uploads\/2025\/07\/1252-5884.jpg\",\"contentUrl\":\"https:\/\/www.axiomams.eu\/wp-content\/uploads\/2025\/07\/1252-5884.jpg\",\"width\":1020,\"height\":1020},{\"@type\":\"BreadcrumbList\",\"@id\":\"https:\/\/www.axiomams.eu\/lv\/produktas\/metrel-mi-3152h-eurotestxc-daudzfunkcionals-merinstruments#breadcrumb\",\"itemListElement\":[{\"@type\":\"ListItem\",\"position\":1,\"name\":\"Home\",\"item\":\"https:\/\/www.axiomams.eu\/lv\"},{\"@type\":\"ListItem\",\"position\":2,\"name\":\"Produkti\",\"item\":\"https:\/\/www.axiomams.eu\/lv\/produkti\"},{\"@type\":\"ListItem\",\"position\":3,\"name\":\"Metrel MI 3152H EurotestXC daudzfunkcion\u0101ls m\u0113rinstruments\"}]},{\"@type\":\"WebSite\",\"@id\":\"https:\/\/www.axiomams.eu\/lv#website\",\"url\":\"https:\/\/www.axiomams.eu\/lv\",\"name\":\"AXIOMA MS\",\"description\":\"Terrmovizoriai ir matavimo \u012franga\",\"publisher\":{\"@id\":\"https:\/\/www.axiomams.eu\/lv#organization\"},\"potentialAction\":[{\"@type\":\"SearchAction\",\"target\":{\"@type\":\"EntryPoint\",\"urlTemplate\":\"https:\/\/www.axiomams.eu\/lv?s={search_term_string}\"},\"query-input\":{\"@type\":\"PropertyValueSpecification\",\"valueRequired\":true,\"valueName\":\"search_term_string\"}}],\"inLanguage\":\"lv-LV\"},{\"@type\":\"Organization\",\"@id\":\"https:\/\/www.axiomams.eu\/lv#organization\",\"name\":\"AXIOMA MS\",\"url\":\"https:\/\/www.axiomams.eu\/lv\",\"logo\":{\"@type\":\"ImageObject\",\"inLanguage\":\"lv-LV\",\"@id\":\"https:\/\/www.axiomams.eu\/lv#\/schema\/logo\/image\/\",\"url\":\"https:\/\/www.axiomams.eu\/wp-content\/uploads\/2025\/06\/axioma-logo-2.png\",\"contentUrl\":\"https:\/\/www.axiomams.eu\/wp-content\/uploads\/2025\/06\/axioma-logo-2.png\",\"width\":1200,\"height\":1200,\"caption\":\"AXIOMA MS\"},\"image\":{\"@id\":\"https:\/\/www.axiomams.eu\/lv#\/schema\/logo\/image\/\"},\"sameAs\":[\"https:\/\/www.facebook.com\/AxiomaMS\",\"https:\/\/www.linkedin.com\/company\/axiomams\/\"]}]}<\/script>\n<!-- \/ Yoast SEO plugin. -->","yoast_head_json":{"title":"Metrel MI 3152H EurotestXC daudzfunkcion\u0101ls m\u0113rinstruments - AXIOMA MS","robots":{"index":"index","follow":"follow","max-snippet":"max-snippet:-1","max-image-preview":"max-image-preview:large","max-video-preview":"max-video-preview:-1"},"canonical":"https:\/\/www.axiomams.eu\/lv\/produktas\/metrel-mi-3152h-eurotestxc-daudzfunkcionals-merinstruments","og_locale":"lv_LV","og_type":"article","og_title":"Metrel MI 3152H EurotestXC daudzfunkcion\u0101ls m\u0113rinstruments - AXIOMA MS","og_description":"Metrel MI 3152H EurotestXC 2,5 kV ir jaun\u0101s paaudzes Metrel daudzfunkcion\u0101lo m\u0113rinstrumentu instruments. Jau labi zin\u0101m\u0101s funkcijas, piem\u0113ram, piln\u012bga instal\u0101cijas dro\u0161\u012bbas test\u0113\u0161ana saska\u0146\u0101 ar LST EN 61557 un TN un TT zem\u0113juma sist\u0113mu AUTO SEQUENCE test\u0113\u0161ana, kas papla\u0161in\u0101ta ar izol\u0101cijas pretest\u012bbas m\u0113r\u012bjumiem ar testa spriegumu l\u012bdz 2,5 kV, tiek p\u0101rvald\u012btas ar piln\u012bgi jaunu lietot\u0101ja saskarni,...","og_url":"https:\/\/www.axiomams.eu\/lv\/produktas\/metrel-mi-3152h-eurotestxc-daudzfunkcionals-merinstruments","og_site_name":"AXIOMA MS","article_publisher":"https:\/\/www.facebook.com\/AxiomaMS","article_modified_time":"2026-03-25T14:58:29+00:00","og_image":[{"width":1020,"height":1020,"url":"https:\/\/www.axiomams.eu\/wp-content\/uploads\/2025\/07\/1252-5884.jpg","type":"image\/jpeg"}],"twitter_card":"summary_large_image","twitter_misc":{"Est. reading time":"1 minute"},"schema":{"@context":"https:\/\/schema.org","@graph":[{"@type":"WebPage","@id":"https:\/\/www.axiomams.eu\/lv\/produktas\/metrel-mi-3152h-eurotestxc-daudzfunkcionals-merinstruments","url":"https:\/\/www.axiomams.eu\/lv\/produktas\/metrel-mi-3152h-eurotestxc-daudzfunkcionals-merinstruments","name":"Metrel MI 3152H EurotestXC daudzfunkcion\u0101ls m\u0113rinstruments - AXIOMA MS","isPartOf":{"@id":"https:\/\/www.axiomams.eu\/lv#website"},"primaryImageOfPage":{"@id":"https:\/\/www.axiomams.eu\/lv\/produktas\/metrel-mi-3152h-eurotestxc-daudzfunkcionals-merinstruments#primaryimage"},"image":{"@id":"https:\/\/www.axiomams.eu\/lv\/produktas\/metrel-mi-3152h-eurotestxc-daudzfunkcionals-merinstruments#primaryimage"},"thumbnailUrl":"https:\/\/www.axiomams.eu\/wp-content\/uploads\/2025\/07\/1252-5884.jpg","datePublished":"2025-05-15T15:55:28+00:00","dateModified":"2026-03-25T14:58:29+00:00","breadcrumb":{"@id":"https:\/\/www.axiomams.eu\/lv\/produktas\/metrel-mi-3152h-eurotestxc-daudzfunkcionals-merinstruments#breadcrumb"},"inLanguage":"lv-LV","potentialAction":[{"@type":"ReadAction","target":["https:\/\/www.axiomams.eu\/lv\/produktas\/metrel-mi-3152h-eurotestxc-daudzfunkcionals-merinstruments"]}]},{"@type":"ImageObject","inLanguage":"lv-LV","@id":"https:\/\/www.axiomams.eu\/lv\/produktas\/metrel-mi-3152h-eurotestxc-daudzfunkcionals-merinstruments#primaryimage","url":"https:\/\/www.axiomams.eu\/wp-content\/uploads\/2025\/07\/1252-5884.jpg","contentUrl":"https:\/\/www.axiomams.eu\/wp-content\/uploads\/2025\/07\/1252-5884.jpg","width":1020,"height":1020},{"@type":"BreadcrumbList","@id":"https:\/\/www.axiomams.eu\/lv\/produktas\/metrel-mi-3152h-eurotestxc-daudzfunkcionals-merinstruments#breadcrumb","itemListElement":[{"@type":"ListItem","position":1,"name":"Home","item":"https:\/\/www.axiomams.eu\/lv"},{"@type":"ListItem","position":2,"name":"Produkti","item":"https:\/\/www.axiomams.eu\/lv\/produkti"},{"@type":"ListItem","position":3,"name":"Metrel MI 3152H EurotestXC daudzfunkcion\u0101ls m\u0113rinstruments"}]},{"@type":"WebSite","@id":"https:\/\/www.axiomams.eu\/lv#website","url":"https:\/\/www.axiomams.eu\/lv","name":"AXIOMA MS","description":"Terrmovizoriai ir matavimo \u012franga","publisher":{"@id":"https:\/\/www.axiomams.eu\/lv#organization"},"potentialAction":[{"@type":"SearchAction","target":{"@type":"EntryPoint","urlTemplate":"https:\/\/www.axiomams.eu\/lv?s={search_term_string}"},"query-input":{"@type":"PropertyValueSpecification","valueRequired":true,"valueName":"search_term_string"}}],"inLanguage":"lv-LV"},{"@type":"Organization","@id":"https:\/\/www.axiomams.eu\/lv#organization","name":"AXIOMA MS","url":"https:\/\/www.axiomams.eu\/lv","logo":{"@type":"ImageObject","inLanguage":"lv-LV","@id":"https:\/\/www.axiomams.eu\/lv#\/schema\/logo\/image\/","url":"https:\/\/www.axiomams.eu\/wp-content\/uploads\/2025\/06\/axioma-logo-2.png","contentUrl":"https:\/\/www.axiomams.eu\/wp-content\/uploads\/2025\/06\/axioma-logo-2.png","width":1200,"height":1200,"caption":"AXIOMA MS"},"image":{"@id":"https:\/\/www.axiomams.eu\/lv#\/schema\/logo\/image\/"},"sameAs":["https:\/\/www.facebook.com\/AxiomaMS","https:\/\/www.linkedin.com\/company\/axiomams\/"]}]}},"_links":{"self":[{"href":"https:\/\/www.axiomams.eu\/lv\/wp-json\/wp\/v2\/product\/38830","targetHints":{"allow":["GET"]}}],"collection":[{"href":"https:\/\/www.axiomams.eu\/lv\/wp-json\/wp\/v2\/product"}],"about":[{"href":"https:\/\/www.axiomams.eu\/lv\/wp-json\/wp\/v2\/types\/product"}],"replies":[{"embeddable":true,"href":"https:\/\/www.axiomams.eu\/lv\/wp-json\/wp\/v2\/comments?post=38830"}],"wp:featuredmedia":[{"embeddable":true,"href":"https:\/\/www.axiomams.eu\/lv\/wp-json\/wp\/v2\/media\/41354"}],"wp:attachment":[{"href":"https:\/\/www.axiomams.eu\/lv\/wp-json\/wp\/v2\/media?parent=38830"}],"wp:term":[{"taxonomy":"product_brand","embeddable":true,"href":"https:\/\/www.axiomams.eu\/lv\/wp-json\/wp\/v2\/product_brand?post=38830"},{"taxonomy":"product_cat","embeddable":true,"href":"https:\/\/www.axiomams.eu\/lv\/wp-json\/wp\/v2\/product_cat?post=38830"},{"taxonomy":"product_tag","embeddable":true,"href":"https:\/\/www.axiomams.eu\/lv\/wp-json\/wp\/v2\/product_tag?post=38830"}],"curies":[{"name":"wp","href":"https:\/\/api.w.org\/{rel}","templated":true}]}}