{"id":38835,"date":"2025-05-15T17:55:31","date_gmt":"2025-05-15T15:55:31","guid":{"rendered":"https:\/\/www.axiomams.eu\/produktas\/flir-one-edge-pro-termokamera"},"modified":"2026-03-25T16:58:30","modified_gmt":"2026-03-25T14:58:30","slug":"flir-one-edge-pro-termokamera","status":"publish","type":"product","link":"https:\/\/www.axiomams.eu\/lv\/produktas\/flir-one-edge-pro-termokamera","title":{"rendered":"Flir ONE EDGE PRO termokamera"},"content":{"rendered":"<p>FLIR ONE Edge Pro ir inovat\u012bvs, iztur\u012bgs termovizors, kas bezvadu re\u017e\u012bm\u0101 savienojas ar viedier\u012bci, lai j\u016bs var\u0113tu att\u0101lin\u0101ti p\u0101rbaud\u012bt no att\u0101luma nesasniedzamus m\u0113r\u0137us, vai ar\u012b piestiprin\u0101t to pie t\u0101lru\u0146a vai plan\u0161etdatora, lai to var\u0113tu lietot ar vienu roku. Apvienojot VividIR\u2122 un FLIR MSX\u00ae, j\u016bs varat uz\u0146emt skaidrus term\u0101los att\u0113lus no jebkuras poz\u012bcijas vai le\u0146\u0137a ar dabisku satv\u0113rienu. FLIR ONE Edge Pro ir sader\u012bgs ar iOS un Android viedt\u0101lru\u0146iem un plan\u0161etdatoriem, t\u0101p\u0113c to var izmantot bez ierobe\u017eojumiem neatkar\u012bgi no operatora, oper\u0113t\u0101jsist\u0113mas, izm\u0113ra vai turpm\u0101kiem viedier\u012b\u010du atjaunin\u0101jumiem.<\/p>\n<p>Standarta komplekts: FLIR ONE Edge Pro infrasarkan\u0101 kamera, USB-C kabelis, druk\u0101ta dokument\u0101cija.<\/p>\n<p><iframe loading=\"lazy\" width=\"560\" height=\"315\" src=\"https:\/\/www.youtube.com\/embed\/jqlA5P0JZdk?si=d6rE3d7jh4JV13Rv\" title=\"YouTube video atska\u0146ot\u0101js\" frameborder=\"0\" allow=\"accelerometer; autoplay; clipboard-write; encrypted-media; gyroscope; picture-in-picture; web-share\" referrerpolicy=\"strict-origin-when-cross-origin\" allowfullscreen><\/iframe><\/p>\n<h3>Tehnisk\u0101 inform\u0101cija:<\/h3>\n<ul>\n<li><a href=\"https:\/\/axiomams.eu\/importer\/export\/attachments\/en\/flir-one-edge-pro.pdf\" target=\"_blank\">FLIR ONE Edge Pro.pdf<\/a><\/li>\n<\/ul>\n","protected":false},"excerpt":{"rendered":"<p>FLIR ONE Edge Pro ir inovat\u012bvs, iztur\u012bgs termovizors, kas bezvadu re\u017e\u012bm\u0101 savienojas ar viedier\u012bci, lai j\u016bs var\u0113tu att\u0101lin\u0101ti p\u0101rbaud\u012bt no att\u0101luma nesasniedzamus m\u0113r\u0137us, vai ar\u012b piestiprin\u0101t to pie t\u0101lru\u0146a vai plan\u0161etdatora, lai to var\u0113tu lietot ar vienu roku. Apvienojot VividIR\u2122 un FLIR MSX\u00ae, j\u016bs varat uz\u0146emt skaidrus term\u0101los att\u0113lus no jebkuras poz\u012bcijas vai le\u0146\u0137a ar&#8230;<\/p>\n","protected":false},"featured_media":41364,"comment_status":"open","ping_status":"closed","template":"","meta":{"_acf_changed":false},"product_brand":[734],"product_cat":[17729,17737,17762],"product_tag":[],"class_list":{"0":"post-38835","1":"product","2":"type-product","3":"status-publish","4":"has-post-thumbnail","6":"product_brand-flir","7":"product_cat-energijas-un-eku-diagnostika","8":"product_cat-termografiska-attelveidosana-ekam","9":"product_cat-termografiska-attelveidosana-ir-logi-profilaktiskai-diagnostikai","11":"first","12":"instock","13":"taxable","14":"shipping-taxable","15":"purchasable","16":"product-type-simple"},"acf":[],"yoast_head":"<!-- This site is optimized with the Yoast SEO plugin v27.0 - https:\/\/yoast.com\/product\/yoast-seo-wordpress\/ -->\n<title>Flir ONE EDGE PRO termokamera - AXIOMA MS<\/title>\n<meta name=\"robots\" content=\"index, follow, max-snippet:-1, max-image-preview:large, max-video-preview:-1\" \/>\n<link rel=\"canonical\" href=\"https:\/\/www.axiomams.eu\/lv\/produktas\/flir-one-edge-pro-termokamera\" \/>\n<meta property=\"og:locale\" content=\"lv_LV\" \/>\n<meta property=\"og:type\" content=\"article\" \/>\n<meta property=\"og:title\" content=\"Flir ONE EDGE PRO termokamera - AXIOMA MS\" \/>\n<meta property=\"og:description\" content=\"FLIR ONE Edge Pro ir inovat\u012bvs, iztur\u012bgs termovizors, kas bezvadu re\u017e\u012bm\u0101 savienojas ar viedier\u012bci, lai j\u016bs var\u0113tu att\u0101lin\u0101ti p\u0101rbaud\u012bt no att\u0101luma nesasniedzamus m\u0113r\u0137us, vai ar\u012b piestiprin\u0101t to pie t\u0101lru\u0146a vai plan\u0161etdatora, lai to var\u0113tu lietot ar vienu roku. Apvienojot VividIR\u2122 un FLIR MSX\u00ae, j\u016bs varat uz\u0146emt skaidrus term\u0101los att\u0113lus no jebkuras poz\u012bcijas vai le\u0146\u0137a ar...\" \/>\n<meta property=\"og:url\" content=\"https:\/\/www.axiomams.eu\/lv\/produktas\/flir-one-edge-pro-termokamera\" \/>\n<meta property=\"og:site_name\" content=\"AXIOMA MS\" \/>\n<meta property=\"article:publisher\" content=\"https:\/\/www.facebook.com\/AxiomaMS\" \/>\n<meta property=\"article:modified_time\" content=\"2026-03-25T14:58:30+00:00\" \/>\n<meta property=\"og:image\" content=\"https:\/\/www.axiomams.eu\/wp-content\/uploads\/2025\/07\/3365-4496.jpg\" \/>\n\t<meta property=\"og:image:width\" content=\"978\" \/>\n\t<meta property=\"og:image:height\" content=\"1020\" \/>\n\t<meta property=\"og:image:type\" content=\"image\/jpeg\" \/>\n<meta name=\"twitter:card\" content=\"summary_large_image\" \/>\n<meta name=\"twitter:label1\" content=\"Est. reading time\" \/>\n\t<meta name=\"twitter:data1\" content=\"1 minute\" \/>\n<script type=\"application\/ld+json\" class=\"yoast-schema-graph\">{\"@context\":\"https:\/\/schema.org\",\"@graph\":[{\"@type\":\"WebPage\",\"@id\":\"https:\/\/www.axiomams.eu\/lv\/produktas\/flir-one-edge-pro-termokamera\",\"url\":\"https:\/\/www.axiomams.eu\/lv\/produktas\/flir-one-edge-pro-termokamera\",\"name\":\"Flir ONE EDGE PRO termokamera - AXIOMA MS\",\"isPartOf\":{\"@id\":\"https:\/\/www.axiomams.eu\/lv#website\"},\"primaryImageOfPage\":{\"@id\":\"https:\/\/www.axiomams.eu\/lv\/produktas\/flir-one-edge-pro-termokamera#primaryimage\"},\"image\":{\"@id\":\"https:\/\/www.axiomams.eu\/lv\/produktas\/flir-one-edge-pro-termokamera#primaryimage\"},\"thumbnailUrl\":\"https:\/\/www.axiomams.eu\/wp-content\/uploads\/2025\/07\/3365-4496.jpg\",\"datePublished\":\"2025-05-15T15:55:31+00:00\",\"dateModified\":\"2026-03-25T14:58:30+00:00\",\"breadcrumb\":{\"@id\":\"https:\/\/www.axiomams.eu\/lv\/produktas\/flir-one-edge-pro-termokamera#breadcrumb\"},\"inLanguage\":\"lv-LV\",\"potentialAction\":[{\"@type\":\"ReadAction\",\"target\":[\"https:\/\/www.axiomams.eu\/lv\/produktas\/flir-one-edge-pro-termokamera\"]}]},{\"@type\":\"ImageObject\",\"inLanguage\":\"lv-LV\",\"@id\":\"https:\/\/www.axiomams.eu\/lv\/produktas\/flir-one-edge-pro-termokamera#primaryimage\",\"url\":\"https:\/\/www.axiomams.eu\/wp-content\/uploads\/2025\/07\/3365-4496.jpg\",\"contentUrl\":\"https:\/\/www.axiomams.eu\/wp-content\/uploads\/2025\/07\/3365-4496.jpg\",\"width\":978,\"height\":1020},{\"@type\":\"BreadcrumbList\",\"@id\":\"https:\/\/www.axiomams.eu\/lv\/produktas\/flir-one-edge-pro-termokamera#breadcrumb\",\"itemListElement\":[{\"@type\":\"ListItem\",\"position\":1,\"name\":\"Home\",\"item\":\"https:\/\/www.axiomams.eu\/lv\"},{\"@type\":\"ListItem\",\"position\":2,\"name\":\"Produkti\",\"item\":\"https:\/\/www.axiomams.eu\/lv\/produkti\"},{\"@type\":\"ListItem\",\"position\":3,\"name\":\"Flir ONE EDGE PRO termokamera\"}]},{\"@type\":\"WebSite\",\"@id\":\"https:\/\/www.axiomams.eu\/lv#website\",\"url\":\"https:\/\/www.axiomams.eu\/lv\",\"name\":\"AXIOMA MS\",\"description\":\"Terrmovizoriai ir matavimo \u012franga\",\"publisher\":{\"@id\":\"https:\/\/www.axiomams.eu\/lv#organization\"},\"potentialAction\":[{\"@type\":\"SearchAction\",\"target\":{\"@type\":\"EntryPoint\",\"urlTemplate\":\"https:\/\/www.axiomams.eu\/lv?s={search_term_string}\"},\"query-input\":{\"@type\":\"PropertyValueSpecification\",\"valueRequired\":true,\"valueName\":\"search_term_string\"}}],\"inLanguage\":\"lv-LV\"},{\"@type\":\"Organization\",\"@id\":\"https:\/\/www.axiomams.eu\/lv#organization\",\"name\":\"AXIOMA MS\",\"url\":\"https:\/\/www.axiomams.eu\/lv\",\"logo\":{\"@type\":\"ImageObject\",\"inLanguage\":\"lv-LV\",\"@id\":\"https:\/\/www.axiomams.eu\/lv#\/schema\/logo\/image\/\",\"url\":\"https:\/\/www.axiomams.eu\/wp-content\/uploads\/2025\/06\/axioma-logo-2.png\",\"contentUrl\":\"https:\/\/www.axiomams.eu\/wp-content\/uploads\/2025\/06\/axioma-logo-2.png\",\"width\":1200,\"height\":1200,\"caption\":\"AXIOMA MS\"},\"image\":{\"@id\":\"https:\/\/www.axiomams.eu\/lv#\/schema\/logo\/image\/\"},\"sameAs\":[\"https:\/\/www.facebook.com\/AxiomaMS\",\"https:\/\/www.linkedin.com\/company\/axiomams\/\"]}]}<\/script>\n<!-- \/ Yoast SEO plugin. -->","yoast_head_json":{"title":"Flir ONE EDGE PRO termokamera - AXIOMA MS","robots":{"index":"index","follow":"follow","max-snippet":"max-snippet:-1","max-image-preview":"max-image-preview:large","max-video-preview":"max-video-preview:-1"},"canonical":"https:\/\/www.axiomams.eu\/lv\/produktas\/flir-one-edge-pro-termokamera","og_locale":"lv_LV","og_type":"article","og_title":"Flir ONE EDGE PRO termokamera - AXIOMA MS","og_description":"FLIR ONE Edge Pro ir inovat\u012bvs, iztur\u012bgs termovizors, kas bezvadu re\u017e\u012bm\u0101 savienojas ar viedier\u012bci, lai j\u016bs var\u0113tu att\u0101lin\u0101ti p\u0101rbaud\u012bt no att\u0101luma nesasniedzamus m\u0113r\u0137us, vai ar\u012b piestiprin\u0101t to pie t\u0101lru\u0146a vai plan\u0161etdatora, lai to var\u0113tu lietot ar vienu roku. Apvienojot VividIR\u2122 un FLIR MSX\u00ae, j\u016bs varat uz\u0146emt skaidrus term\u0101los att\u0113lus no jebkuras poz\u012bcijas vai le\u0146\u0137a ar...","og_url":"https:\/\/www.axiomams.eu\/lv\/produktas\/flir-one-edge-pro-termokamera","og_site_name":"AXIOMA MS","article_publisher":"https:\/\/www.facebook.com\/AxiomaMS","article_modified_time":"2026-03-25T14:58:30+00:00","og_image":[{"width":978,"height":1020,"url":"https:\/\/www.axiomams.eu\/wp-content\/uploads\/2025\/07\/3365-4496.jpg","type":"image\/jpeg"}],"twitter_card":"summary_large_image","twitter_misc":{"Est. reading time":"1 minute"},"schema":{"@context":"https:\/\/schema.org","@graph":[{"@type":"WebPage","@id":"https:\/\/www.axiomams.eu\/lv\/produktas\/flir-one-edge-pro-termokamera","url":"https:\/\/www.axiomams.eu\/lv\/produktas\/flir-one-edge-pro-termokamera","name":"Flir ONE EDGE PRO termokamera - AXIOMA MS","isPartOf":{"@id":"https:\/\/www.axiomams.eu\/lv#website"},"primaryImageOfPage":{"@id":"https:\/\/www.axiomams.eu\/lv\/produktas\/flir-one-edge-pro-termokamera#primaryimage"},"image":{"@id":"https:\/\/www.axiomams.eu\/lv\/produktas\/flir-one-edge-pro-termokamera#primaryimage"},"thumbnailUrl":"https:\/\/www.axiomams.eu\/wp-content\/uploads\/2025\/07\/3365-4496.jpg","datePublished":"2025-05-15T15:55:31+00:00","dateModified":"2026-03-25T14:58:30+00:00","breadcrumb":{"@id":"https:\/\/www.axiomams.eu\/lv\/produktas\/flir-one-edge-pro-termokamera#breadcrumb"},"inLanguage":"lv-LV","potentialAction":[{"@type":"ReadAction","target":["https:\/\/www.axiomams.eu\/lv\/produktas\/flir-one-edge-pro-termokamera"]}]},{"@type":"ImageObject","inLanguage":"lv-LV","@id":"https:\/\/www.axiomams.eu\/lv\/produktas\/flir-one-edge-pro-termokamera#primaryimage","url":"https:\/\/www.axiomams.eu\/wp-content\/uploads\/2025\/07\/3365-4496.jpg","contentUrl":"https:\/\/www.axiomams.eu\/wp-content\/uploads\/2025\/07\/3365-4496.jpg","width":978,"height":1020},{"@type":"BreadcrumbList","@id":"https:\/\/www.axiomams.eu\/lv\/produktas\/flir-one-edge-pro-termokamera#breadcrumb","itemListElement":[{"@type":"ListItem","position":1,"name":"Home","item":"https:\/\/www.axiomams.eu\/lv"},{"@type":"ListItem","position":2,"name":"Produkti","item":"https:\/\/www.axiomams.eu\/lv\/produkti"},{"@type":"ListItem","position":3,"name":"Flir ONE EDGE PRO termokamera"}]},{"@type":"WebSite","@id":"https:\/\/www.axiomams.eu\/lv#website","url":"https:\/\/www.axiomams.eu\/lv","name":"AXIOMA MS","description":"Terrmovizoriai ir matavimo \u012franga","publisher":{"@id":"https:\/\/www.axiomams.eu\/lv#organization"},"potentialAction":[{"@type":"SearchAction","target":{"@type":"EntryPoint","urlTemplate":"https:\/\/www.axiomams.eu\/lv?s={search_term_string}"},"query-input":{"@type":"PropertyValueSpecification","valueRequired":true,"valueName":"search_term_string"}}],"inLanguage":"lv-LV"},{"@type":"Organization","@id":"https:\/\/www.axiomams.eu\/lv#organization","name":"AXIOMA MS","url":"https:\/\/www.axiomams.eu\/lv","logo":{"@type":"ImageObject","inLanguage":"lv-LV","@id":"https:\/\/www.axiomams.eu\/lv#\/schema\/logo\/image\/","url":"https:\/\/www.axiomams.eu\/wp-content\/uploads\/2025\/06\/axioma-logo-2.png","contentUrl":"https:\/\/www.axiomams.eu\/wp-content\/uploads\/2025\/06\/axioma-logo-2.png","width":1200,"height":1200,"caption":"AXIOMA MS"},"image":{"@id":"https:\/\/www.axiomams.eu\/lv#\/schema\/logo\/image\/"},"sameAs":["https:\/\/www.facebook.com\/AxiomaMS","https:\/\/www.linkedin.com\/company\/axiomams\/"]}]}},"_links":{"self":[{"href":"https:\/\/www.axiomams.eu\/lv\/wp-json\/wp\/v2\/product\/38835","targetHints":{"allow":["GET"]}}],"collection":[{"href":"https:\/\/www.axiomams.eu\/lv\/wp-json\/wp\/v2\/product"}],"about":[{"href":"https:\/\/www.axiomams.eu\/lv\/wp-json\/wp\/v2\/types\/product"}],"replies":[{"embeddable":true,"href":"https:\/\/www.axiomams.eu\/lv\/wp-json\/wp\/v2\/comments?post=38835"}],"wp:featuredmedia":[{"embeddable":true,"href":"https:\/\/www.axiomams.eu\/lv\/wp-json\/wp\/v2\/media\/41364"}],"wp:attachment":[{"href":"https:\/\/www.axiomams.eu\/lv\/wp-json\/wp\/v2\/media?parent=38835"}],"wp:term":[{"taxonomy":"product_brand","embeddable":true,"href":"https:\/\/www.axiomams.eu\/lv\/wp-json\/wp\/v2\/product_brand?post=38835"},{"taxonomy":"product_cat","embeddable":true,"href":"https:\/\/www.axiomams.eu\/lv\/wp-json\/wp\/v2\/product_cat?post=38835"},{"taxonomy":"product_tag","embeddable":true,"href":"https:\/\/www.axiomams.eu\/lv\/wp-json\/wp\/v2\/product_tag?post=38835"}],"curies":[{"name":"wp","href":"https:\/\/api.w.org\/{rel}","templated":true}]}}