{"id":38836,"date":"2025-05-15T17:55:32","date_gmt":"2025-05-15T15:55:32","guid":{"rendered":"https:\/\/www.axiomams.eu\/produktas\/flir-tg165-x-rokas-termometrs"},"modified":"2026-03-25T16:58:32","modified_gmt":"2026-03-25T14:58:32","slug":"flir-tg165-x-rokas-termometrs","status":"publish","type":"product","link":"https:\/\/www.axiomams.eu\/lv\/produktas\/flir-tg165-x-rokas-termometrs","title":{"rendered":"Flir TG165-X rokas termometrs"},"content":{"rendered":"<p>FLIR TG165-X iev\u0113rojami samazina p\u0101rbaudes un diagnostikas laiku, pal\u012bdzot vizu\u0101li prec\u012bzi noteikt elektrisko, meh\u0101nisko un HVAC\/R sist\u0113mu defektu avotus. T\u0101 viet\u0101, lai mekl\u0113tu temperat\u016bras anom\u0101lijas ar viena punkta infrasarkano staru termometru, \u0161is bezkontakta temperat\u016bras m\u0113r\u012b\u0161anas un att\u0113lveido\u0161anas r\u012bks par\u0101da m\u0113r\u0137a termisko att\u0113lu, tostarp karstos punktus vai aukstuma zonas, kas var\u0113tu liecin\u0101t par probl\u0113mu.<\/p>\n<p>Standarta komplekts: FLIR TG165-X, druk\u0101ta dokument\u0101cija, rokas siksni\u0146a, USB kabelis, maci\u0146\u0161.<\/p>\n<h3>Tehnisk\u0101 inform\u0101cija:<\/h3>\n<ul>\n<li><a href=\"https:\/\/axiomams.eu\/importer\/export\/attachments\/en\/flir-tg165-x.pdf\" target=\"_blank\">FLIR TG165-X.pdf<\/a><\/li>\n<\/ul>\n","protected":false},"excerpt":{"rendered":"<p>FLIR TG165-X iev\u0113rojami samazina p\u0101rbaudes un diagnostikas laiku, pal\u012bdzot vizu\u0101li prec\u012bzi noteikt elektrisko, meh\u0101nisko un HVAC\/R sist\u0113mu defektu avotus. T\u0101 viet\u0101, lai mekl\u0113tu temperat\u016bras anom\u0101lijas ar viena punkta infrasarkano staru termometru, \u0161is bezkontakta temperat\u016bras m\u0113r\u012b\u0161anas un att\u0113lveido\u0161anas r\u012bks par\u0101da m\u0113r\u0137a termisko att\u0113lu, tostarp karstos punktus vai aukstuma zonas, kas var\u0113tu liecin\u0101t par probl\u0113mu. Standarta komplekts:&#8230;<\/p>\n","protected":false},"featured_media":41366,"comment_status":"open","ping_status":"closed","template":"","meta":{"_acf_changed":false},"product_brand":[734],"product_cat":[17721],"product_tag":[],"class_list":{"0":"post-38836","1":"product","2":"type-product","3":"status-publish","4":"has-post-thumbnail","6":"product_brand-flir","7":"product_cat-temperaturas-mitruma-spiediena-merijumiem","9":"first","10":"instock","11":"taxable","12":"shipping-taxable","13":"purchasable","14":"product-type-simple"},"acf":[],"yoast_head":"<!-- This site is optimized with the Yoast SEO plugin v27.0 - https:\/\/yoast.com\/product\/yoast-seo-wordpress\/ -->\n<title>Flir TG165-X rokas termometrs - AXIOMA MS<\/title>\n<meta name=\"robots\" content=\"index, follow, max-snippet:-1, max-image-preview:large, max-video-preview:-1\" \/>\n<link rel=\"canonical\" href=\"https:\/\/www.axiomams.eu\/lv\/produktas\/flir-tg165-x-rokas-termometrs\" \/>\n<meta property=\"og:locale\" content=\"lv_LV\" \/>\n<meta property=\"og:type\" content=\"article\" \/>\n<meta property=\"og:title\" content=\"Flir TG165-X rokas termometrs - AXIOMA MS\" \/>\n<meta property=\"og:description\" content=\"FLIR TG165-X iev\u0113rojami samazina p\u0101rbaudes un diagnostikas laiku, pal\u012bdzot vizu\u0101li prec\u012bzi noteikt elektrisko, meh\u0101nisko un HVAC\/R sist\u0113mu defektu avotus. T\u0101 viet\u0101, lai mekl\u0113tu temperat\u016bras anom\u0101lijas ar viena punkta infrasarkano staru termometru, \u0161is bezkontakta temperat\u016bras m\u0113r\u012b\u0161anas un att\u0113lveido\u0161anas r\u012bks par\u0101da m\u0113r\u0137a termisko att\u0113lu, tostarp karstos punktus vai aukstuma zonas, kas var\u0113tu liecin\u0101t par probl\u0113mu. Standarta komplekts:...\" \/>\n<meta property=\"og:url\" content=\"https:\/\/www.axiomams.eu\/lv\/produktas\/flir-tg165-x-rokas-termometrs\" \/>\n<meta property=\"og:site_name\" content=\"AXIOMA MS\" \/>\n<meta property=\"article:publisher\" content=\"https:\/\/www.facebook.com\/AxiomaMS\" \/>\n<meta property=\"article:modified_time\" content=\"2026-03-25T14:58:32+00:00\" \/>\n<meta property=\"og:image\" content=\"https:\/\/www.axiomams.eu\/wp-content\/uploads\/2025\/07\/3094-6020.jpg\" \/>\n\t<meta property=\"og:image:width\" content=\"1020\" \/>\n\t<meta property=\"og:image:height\" content=\"1020\" \/>\n\t<meta property=\"og:image:type\" content=\"image\/jpeg\" \/>\n<meta name=\"twitter:card\" content=\"summary_large_image\" \/>\n<meta name=\"twitter:label1\" content=\"Est. reading time\" \/>\n\t<meta name=\"twitter:data1\" content=\"1 minute\" \/>\n<script type=\"application\/ld+json\" class=\"yoast-schema-graph\">{\"@context\":\"https:\/\/schema.org\",\"@graph\":[{\"@type\":\"WebPage\",\"@id\":\"https:\/\/www.axiomams.eu\/lv\/produktas\/flir-tg165-x-rokas-termometrs\",\"url\":\"https:\/\/www.axiomams.eu\/lv\/produktas\/flir-tg165-x-rokas-termometrs\",\"name\":\"Flir TG165-X rokas termometrs - AXIOMA MS\",\"isPartOf\":{\"@id\":\"https:\/\/www.axiomams.eu\/lv#website\"},\"primaryImageOfPage\":{\"@id\":\"https:\/\/www.axiomams.eu\/lv\/produktas\/flir-tg165-x-rokas-termometrs#primaryimage\"},\"image\":{\"@id\":\"https:\/\/www.axiomams.eu\/lv\/produktas\/flir-tg165-x-rokas-termometrs#primaryimage\"},\"thumbnailUrl\":\"https:\/\/www.axiomams.eu\/wp-content\/uploads\/2025\/07\/3094-6020.jpg\",\"datePublished\":\"2025-05-15T15:55:32+00:00\",\"dateModified\":\"2026-03-25T14:58:32+00:00\",\"breadcrumb\":{\"@id\":\"https:\/\/www.axiomams.eu\/lv\/produktas\/flir-tg165-x-rokas-termometrs#breadcrumb\"},\"inLanguage\":\"lv-LV\",\"potentialAction\":[{\"@type\":\"ReadAction\",\"target\":[\"https:\/\/www.axiomams.eu\/lv\/produktas\/flir-tg165-x-rokas-termometrs\"]}]},{\"@type\":\"ImageObject\",\"inLanguage\":\"lv-LV\",\"@id\":\"https:\/\/www.axiomams.eu\/lv\/produktas\/flir-tg165-x-rokas-termometrs#primaryimage\",\"url\":\"https:\/\/www.axiomams.eu\/wp-content\/uploads\/2025\/07\/3094-6020.jpg\",\"contentUrl\":\"https:\/\/www.axiomams.eu\/wp-content\/uploads\/2025\/07\/3094-6020.jpg\",\"width\":1020,\"height\":1020},{\"@type\":\"BreadcrumbList\",\"@id\":\"https:\/\/www.axiomams.eu\/lv\/produktas\/flir-tg165-x-rokas-termometrs#breadcrumb\",\"itemListElement\":[{\"@type\":\"ListItem\",\"position\":1,\"name\":\"Home\",\"item\":\"https:\/\/www.axiomams.eu\/lv\"},{\"@type\":\"ListItem\",\"position\":2,\"name\":\"Produkti\",\"item\":\"https:\/\/www.axiomams.eu\/lv\/produkti\"},{\"@type\":\"ListItem\",\"position\":3,\"name\":\"Flir TG165-X rokas termometrs\"}]},{\"@type\":\"WebSite\",\"@id\":\"https:\/\/www.axiomams.eu\/lv#website\",\"url\":\"https:\/\/www.axiomams.eu\/lv\",\"name\":\"AXIOMA MS\",\"description\":\"Terrmovizoriai ir matavimo \u012franga\",\"publisher\":{\"@id\":\"https:\/\/www.axiomams.eu\/lv#organization\"},\"potentialAction\":[{\"@type\":\"SearchAction\",\"target\":{\"@type\":\"EntryPoint\",\"urlTemplate\":\"https:\/\/www.axiomams.eu\/lv?s={search_term_string}\"},\"query-input\":{\"@type\":\"PropertyValueSpecification\",\"valueRequired\":true,\"valueName\":\"search_term_string\"}}],\"inLanguage\":\"lv-LV\"},{\"@type\":\"Organization\",\"@id\":\"https:\/\/www.axiomams.eu\/lv#organization\",\"name\":\"AXIOMA MS\",\"url\":\"https:\/\/www.axiomams.eu\/lv\",\"logo\":{\"@type\":\"ImageObject\",\"inLanguage\":\"lv-LV\",\"@id\":\"https:\/\/www.axiomams.eu\/lv#\/schema\/logo\/image\/\",\"url\":\"https:\/\/www.axiomams.eu\/wp-content\/uploads\/2025\/06\/axioma-logo-2.png\",\"contentUrl\":\"https:\/\/www.axiomams.eu\/wp-content\/uploads\/2025\/06\/axioma-logo-2.png\",\"width\":1200,\"height\":1200,\"caption\":\"AXIOMA MS\"},\"image\":{\"@id\":\"https:\/\/www.axiomams.eu\/lv#\/schema\/logo\/image\/\"},\"sameAs\":[\"https:\/\/www.facebook.com\/AxiomaMS\",\"https:\/\/www.linkedin.com\/company\/axiomams\/\"]}]}<\/script>\n<!-- \/ Yoast SEO plugin. -->","yoast_head_json":{"title":"Flir TG165-X rokas termometrs - AXIOMA MS","robots":{"index":"index","follow":"follow","max-snippet":"max-snippet:-1","max-image-preview":"max-image-preview:large","max-video-preview":"max-video-preview:-1"},"canonical":"https:\/\/www.axiomams.eu\/lv\/produktas\/flir-tg165-x-rokas-termometrs","og_locale":"lv_LV","og_type":"article","og_title":"Flir TG165-X rokas termometrs - AXIOMA MS","og_description":"FLIR TG165-X iev\u0113rojami samazina p\u0101rbaudes un diagnostikas laiku, pal\u012bdzot vizu\u0101li prec\u012bzi noteikt elektrisko, meh\u0101nisko un HVAC\/R sist\u0113mu defektu avotus. T\u0101 viet\u0101, lai mekl\u0113tu temperat\u016bras anom\u0101lijas ar viena punkta infrasarkano staru termometru, \u0161is bezkontakta temperat\u016bras m\u0113r\u012b\u0161anas un att\u0113lveido\u0161anas r\u012bks par\u0101da m\u0113r\u0137a termisko att\u0113lu, tostarp karstos punktus vai aukstuma zonas, kas var\u0113tu liecin\u0101t par probl\u0113mu. Standarta komplekts:...","og_url":"https:\/\/www.axiomams.eu\/lv\/produktas\/flir-tg165-x-rokas-termometrs","og_site_name":"AXIOMA MS","article_publisher":"https:\/\/www.facebook.com\/AxiomaMS","article_modified_time":"2026-03-25T14:58:32+00:00","og_image":[{"width":1020,"height":1020,"url":"https:\/\/www.axiomams.eu\/wp-content\/uploads\/2025\/07\/3094-6020.jpg","type":"image\/jpeg"}],"twitter_card":"summary_large_image","twitter_misc":{"Est. reading time":"1 minute"},"schema":{"@context":"https:\/\/schema.org","@graph":[{"@type":"WebPage","@id":"https:\/\/www.axiomams.eu\/lv\/produktas\/flir-tg165-x-rokas-termometrs","url":"https:\/\/www.axiomams.eu\/lv\/produktas\/flir-tg165-x-rokas-termometrs","name":"Flir TG165-X rokas termometrs - AXIOMA MS","isPartOf":{"@id":"https:\/\/www.axiomams.eu\/lv#website"},"primaryImageOfPage":{"@id":"https:\/\/www.axiomams.eu\/lv\/produktas\/flir-tg165-x-rokas-termometrs#primaryimage"},"image":{"@id":"https:\/\/www.axiomams.eu\/lv\/produktas\/flir-tg165-x-rokas-termometrs#primaryimage"},"thumbnailUrl":"https:\/\/www.axiomams.eu\/wp-content\/uploads\/2025\/07\/3094-6020.jpg","datePublished":"2025-05-15T15:55:32+00:00","dateModified":"2026-03-25T14:58:32+00:00","breadcrumb":{"@id":"https:\/\/www.axiomams.eu\/lv\/produktas\/flir-tg165-x-rokas-termometrs#breadcrumb"},"inLanguage":"lv-LV","potentialAction":[{"@type":"ReadAction","target":["https:\/\/www.axiomams.eu\/lv\/produktas\/flir-tg165-x-rokas-termometrs"]}]},{"@type":"ImageObject","inLanguage":"lv-LV","@id":"https:\/\/www.axiomams.eu\/lv\/produktas\/flir-tg165-x-rokas-termometrs#primaryimage","url":"https:\/\/www.axiomams.eu\/wp-content\/uploads\/2025\/07\/3094-6020.jpg","contentUrl":"https:\/\/www.axiomams.eu\/wp-content\/uploads\/2025\/07\/3094-6020.jpg","width":1020,"height":1020},{"@type":"BreadcrumbList","@id":"https:\/\/www.axiomams.eu\/lv\/produktas\/flir-tg165-x-rokas-termometrs#breadcrumb","itemListElement":[{"@type":"ListItem","position":1,"name":"Home","item":"https:\/\/www.axiomams.eu\/lv"},{"@type":"ListItem","position":2,"name":"Produkti","item":"https:\/\/www.axiomams.eu\/lv\/produkti"},{"@type":"ListItem","position":3,"name":"Flir TG165-X rokas termometrs"}]},{"@type":"WebSite","@id":"https:\/\/www.axiomams.eu\/lv#website","url":"https:\/\/www.axiomams.eu\/lv","name":"AXIOMA MS","description":"Terrmovizoriai ir matavimo \u012franga","publisher":{"@id":"https:\/\/www.axiomams.eu\/lv#organization"},"potentialAction":[{"@type":"SearchAction","target":{"@type":"EntryPoint","urlTemplate":"https:\/\/www.axiomams.eu\/lv?s={search_term_string}"},"query-input":{"@type":"PropertyValueSpecification","valueRequired":true,"valueName":"search_term_string"}}],"inLanguage":"lv-LV"},{"@type":"Organization","@id":"https:\/\/www.axiomams.eu\/lv#organization","name":"AXIOMA MS","url":"https:\/\/www.axiomams.eu\/lv","logo":{"@type":"ImageObject","inLanguage":"lv-LV","@id":"https:\/\/www.axiomams.eu\/lv#\/schema\/logo\/image\/","url":"https:\/\/www.axiomams.eu\/wp-content\/uploads\/2025\/06\/axioma-logo-2.png","contentUrl":"https:\/\/www.axiomams.eu\/wp-content\/uploads\/2025\/06\/axioma-logo-2.png","width":1200,"height":1200,"caption":"AXIOMA MS"},"image":{"@id":"https:\/\/www.axiomams.eu\/lv#\/schema\/logo\/image\/"},"sameAs":["https:\/\/www.facebook.com\/AxiomaMS","https:\/\/www.linkedin.com\/company\/axiomams\/"]}]}},"_links":{"self":[{"href":"https:\/\/www.axiomams.eu\/lv\/wp-json\/wp\/v2\/product\/38836","targetHints":{"allow":["GET"]}}],"collection":[{"href":"https:\/\/www.axiomams.eu\/lv\/wp-json\/wp\/v2\/product"}],"about":[{"href":"https:\/\/www.axiomams.eu\/lv\/wp-json\/wp\/v2\/types\/product"}],"replies":[{"embeddable":true,"href":"https:\/\/www.axiomams.eu\/lv\/wp-json\/wp\/v2\/comments?post=38836"}],"wp:featuredmedia":[{"embeddable":true,"href":"https:\/\/www.axiomams.eu\/lv\/wp-json\/wp\/v2\/media\/41366"}],"wp:attachment":[{"href":"https:\/\/www.axiomams.eu\/lv\/wp-json\/wp\/v2\/media?parent=38836"}],"wp:term":[{"taxonomy":"product_brand","embeddable":true,"href":"https:\/\/www.axiomams.eu\/lv\/wp-json\/wp\/v2\/product_brand?post=38836"},{"taxonomy":"product_cat","embeddable":true,"href":"https:\/\/www.axiomams.eu\/lv\/wp-json\/wp\/v2\/product_cat?post=38836"},{"taxonomy":"product_tag","embeddable":true,"href":"https:\/\/www.axiomams.eu\/lv\/wp-json\/wp\/v2\/product_tag?post=38836"}],"curies":[{"name":"wp","href":"https:\/\/api.w.org\/{rel}","templated":true}]}}