{"id":38838,"date":"2025-10-13T11:52:57","date_gmt":"2025-10-13T09:52:57","guid":{"rendered":"https:\/\/www.axiomams.eu\/produktas\/pulsar-axion-compact-xq19-termokamera"},"modified":"2026-03-25T16:58:32","modified_gmt":"2026-03-25T14:58:32","slug":"pulsar-axion-compact-xq19-termokamera","status":"publish","type":"product","link":"https:\/\/www.axiomams.eu\/lv\/produktas\/pulsar-axion-compact-xq19-termokamera","title":{"rendered":"Pulsar Axion Compact XQ19 termokamera"},"content":{"rendered":"<p>Pulsar Axion Compact XQ19 ir vispieejam\u0101k\u0101 un ce\u013co\u0161anai draudz\u012bg\u0101k\u0101 termokamera. \u0160\u012b kamera ir paredz\u0113ta medniekiem, kuri v\u0113las augst\u0101k\u0101s kvalit\u0101tes termisko veiktsp\u0113ju bez p\u0101rm\u0113r\u012bgiem izdevumiem, un t\u0101 apvieno p\u0101rn\u0113s\u0101jam\u012bbu, precizit\u0101ti un modernu savienojam\u012bbu. Neraugoties uz nelielajiem izm\u0113riem, t\u0101 pied\u0101v\u0101 izcilu jut\u012bbu un inteli\u0123entu att\u0113lu apstr\u0101des tehnolo\u0123iju, kas nodro\u0161ina skaidru att\u0113lu jebkur\u0101 situ\u0101cij\u0101.<\/p>\n<p><b>Eirop\u0101 ra\u017eoti term\u0101lie sensori<\/b><br \/>\nAxion Compact s\u0113rij\u0101 ir integr\u0113ti augstas kvalit\u0101tes Eirop\u0101 ra\u017eoti sensori, kas nodro\u0161ina izcilu att\u0113la skaidr\u012bbu un nemain\u012bgu veiktsp\u0113ju pat sare\u017e\u0123\u012btos laika vai apgaismojuma apst\u0101k\u013cos. T\u0101 ir lieliski piem\u0113rota ainavu sken\u0113\u0161anai un med\u012bjamo dz\u012bvnieku noteik\u0161anai da\u017e\u0101dos att\u0101lumos.<\/p>\n<p><b>Ultra viegls un kabatas izm\u0113ra dizains<\/b><br \/>\nAxion sver maz\u0101k nek\u0101 300 gramus, t\u0101p\u0113c tas viegli iek\u013caujas vien\u0101 rok\u0101 un ieb\u0101\u017eams kabat\u0101 vai ekip\u0113juma som\u0101. T\u0101 simetriskais vad\u012bbas ier\u012b\u010du izk\u0101rtojums nodro\u0161ina \u0113rtu lieto\u0161anu gan lab\u0101s, gan kreis\u0101s rokas lietot\u0101jiem, t\u0101p\u0113c tas ir ide\u0101li piem\u0113rots medniekiem, ce\u013cot\u0101jiem un \u0101ra entuziastiem, kas mekl\u0113 patiesi kompaktu term\u0101lo monokul\u0101ru.<\/p>\n<p><b>pla\u0161s redzes lauks \u0101trai sken\u0113\u0161anai<\/b><br \/>\nPla\u0161ais redzes lauks nodro\u0161ina \u0101tru sken\u0113\u0161anu un siltuma avotu atkl\u0101\u0161anu. Lietot\u0101ji var \u0101tri identific\u0113t m\u0113r\u0137us, vienlaikus paturot redzeslok\u0101 apk\u0101rt\u0113jo vidi, nodro\u0161inot efekt\u012bvu un \u0113rtu nov\u0113ro\u0161anu.<\/p>\n<p><b>Integr\u0113ta foto un video ierakst\u012b\u0161ana<\/b><br \/>\nViegli iem\u016b\u017einiet lab\u0101kos mirk\u013cus, izmantojot ieb\u016bv\u0113to ierakst\u012b\u0161anas ier\u012bci. Viena REC poga \u013cauj uzreiz film\u0113t vai uz\u0146emt fotoatt\u0113lus, bet iek\u0161\u0113j\u0101 atmi\u0146\u0101 ir pieejamas vair\u0101kas stundas video un simtiem att\u0113lu, kurus v\u0113l\u0101k var kop\u012bgot ar draugiem, \u0123imeni vai kol\u0113\u0123iem medniekiem.<\/p>\n<p><b>Iztur\u012bgs magnija sakaus\u0113juma korpuss<\/b><br \/>\nMagnija sakaus\u0113juma korpuss ir veidots t\u0101, lai iztur\u0113tu pras\u012bgu lieto\u0161anu br\u012bv\u0101 dab\u0101, un tas ir gan viegls, gan \u012bpa\u0161i iztur\u012bgs. Tas pasarg\u0101 iek\u0161\u0113jos komponentus no triecieniem, temperat\u016bras izmai\u0146\u0101m un mitruma, vienlaikus efekt\u012bvi izklied\u0113jot siltumu, lai saglab\u0101tu stabilu att\u0113la kvalit\u0101ti ilgsto\u0161u sesiju laik\u0101.<\/p>\n<p><b>Uzlabots jut\u012bbas pastiprin\u0101jums<\/b><br \/>\nTr\u012bs regul\u0113jami pastiprin\u0101juma l\u012bme\u0146i kop\u0101 ar izsmalcin\u0101tu spilgtuma un kontrasta regul\u0113\u0161anu uzlabo noteik\u0161anas iesp\u0113jas pat lietus, miglas vai augsta mitruma apst\u0101k\u013cos. \u0160ie iestat\u012bjumi nodro\u0161ina optim\u0101lu gan m\u0113r\u0137u, gan fona deta\u013cu redzam\u012bbu jebkur\u0101 ain\u0101.<\/p>\n<p><b>da\u017e\u0101das kr\u0101su paletes<\/b><br \/>\nIzv\u0113lieties k\u0101du no asto\u0146\u0101m kr\u0101su palet\u0113m, lai piel\u0101gotos da\u017e\u0101d\u0101m skat\u012b\u0161an\u0101s vajadz\u012bb\u0101m un vides apst\u0101k\u013ciem. Balt\u0101 karst\u0101, meln\u0101 karst\u0101 un sarkan\u0101 karst\u0101 re\u017e\u012bmi uzlabo objektu noteik\u0161anu; varav\u012bksnes un ultramar\u012bna kr\u0101sas uzlabo atpaz\u012b\u0161anas precizit\u0101ti; savuk\u0101rt sarkan\u0101 vienkr\u0101sain\u0101, sepijas un violet\u0101 kr\u0101sa ir vispiem\u0113rot\u0101k\u0101s ilgsto\u0161ai lieto\u0161anai nakts laik\u0101.<\/p>\n<p><b>Stream Vision 2 lietotnes savienojam\u012bba<\/b><br \/>\nAxion Compact bez probl\u0113m\u0101m savienojas ar iOS un Android ier\u012bc\u0113m, izmantojot mobilo lietotni Stream Vision 2, izmantojot Wi-Fi. \u0160\u012b funkcija nodro\u0161ina att\u0113lu straum\u0113\u0161anu tie\u0161raid\u0113, programmaparat\u016bras atjaunin\u0101jumus, t\u0101lvad\u012bbu un multivides failu glab\u0101\u0161anu m\u0101kon\u012b, papla\u0161inot funkcionalit\u0101ti un \u0113rt\u012bbas darbaviet\u0101.<\/p>\n<p><iframe loading=\"lazy\" width=\"560\" height=\"315\" src=\"https:\/\/www.youtube.com\/embed\/Q-X2kpp165U?si=tSrh3L9nI30acvYn\" title=\"YouTube video atska\u0146ot\u0101js\" frameborder=\"0\" allow=\"accelerometer; autoplay; clipboard-write; encrypted-media; gyroscope; picture-in-picture; web-share\" referrerpolicy=\"strict-origin-when-cross-origin\" allowfullscreen><\/iframe><\/p>\n","protected":false},"excerpt":{"rendered":"<p>Pulsar Axion Compact XQ19 ir vispieejam\u0101k\u0101 un ce\u013co\u0161anai draudz\u012bg\u0101k\u0101 termokamera. \u0160\u012b kamera ir paredz\u0113ta medniekiem, kuri v\u0113las augst\u0101k\u0101s kvalit\u0101tes termisko veiktsp\u0113ju bez p\u0101rm\u0113r\u012bgiem izdevumiem, un t\u0101 apvieno p\u0101rn\u0113s\u0101jam\u012bbu, precizit\u0101ti un modernu savienojam\u012bbu. Neraugoties uz nelielajiem izm\u0113riem, t\u0101 pied\u0101v\u0101 izcilu jut\u012bbu un inteli\u0123entu att\u0113lu apstr\u0101des tehnolo\u0123iju, kas nodro\u0161ina skaidru att\u0113lu jebkur\u0101 situ\u0101cij\u0101. Eirop\u0101 ra\u017eoti term\u0101lie sensori&#8230;<\/p>\n","protected":false},"featured_media":41370,"comment_status":"open","ping_status":"closed","template":"","meta":{"_acf_changed":false},"product_brand":[17695],"product_cat":[17733],"product_tag":[],"class_list":{"0":"post-38838","1":"product","2":"type-product","3":"status-publish","4":"has-post-thumbnail","6":"product_brand-pulsar","7":"product_cat-medibam-un-noverosanai","9":"first","10":"instock","11":"taxable","12":"shipping-taxable","13":"purchasable","14":"product-type-simple"},"acf":[],"yoast_head":"<!-- This site is optimized with the Yoast SEO plugin v27.0 - https:\/\/yoast.com\/product\/yoast-seo-wordpress\/ -->\n<title>Pulsar Axion Compact XQ19 termokamera - AXIOMA MS<\/title>\n<meta name=\"robots\" content=\"index, follow, max-snippet:-1, max-image-preview:large, max-video-preview:-1\" \/>\n<link rel=\"canonical\" href=\"https:\/\/www.axiomams.eu\/lv\/produktas\/pulsar-axion-compact-xq19-termokamera\" \/>\n<meta property=\"og:locale\" content=\"lv_LV\" \/>\n<meta property=\"og:type\" content=\"article\" \/>\n<meta property=\"og:title\" content=\"Pulsar Axion Compact XQ19 termokamera - AXIOMA MS\" \/>\n<meta property=\"og:description\" content=\"Pulsar Axion Compact XQ19 ir vispieejam\u0101k\u0101 un ce\u013co\u0161anai draudz\u012bg\u0101k\u0101 termokamera. \u0160\u012b kamera ir paredz\u0113ta medniekiem, kuri v\u0113las augst\u0101k\u0101s kvalit\u0101tes termisko veiktsp\u0113ju bez p\u0101rm\u0113r\u012bgiem izdevumiem, un t\u0101 apvieno p\u0101rn\u0113s\u0101jam\u012bbu, precizit\u0101ti un modernu savienojam\u012bbu. Neraugoties uz nelielajiem izm\u0113riem, t\u0101 pied\u0101v\u0101 izcilu jut\u012bbu un inteli\u0123entu att\u0113lu apstr\u0101des tehnolo\u0123iju, kas nodro\u0161ina skaidru att\u0113lu jebkur\u0101 situ\u0101cij\u0101. Eirop\u0101 ra\u017eoti term\u0101lie sensori...\" \/>\n<meta property=\"og:url\" content=\"https:\/\/www.axiomams.eu\/lv\/produktas\/pulsar-axion-compact-xq19-termokamera\" \/>\n<meta property=\"og:site_name\" content=\"AXIOMA MS\" \/>\n<meta property=\"article:publisher\" content=\"https:\/\/www.facebook.com\/AxiomaMS\" \/>\n<meta property=\"article:modified_time\" content=\"2026-03-25T14:58:32+00:00\" \/>\n<meta property=\"og:image\" content=\"https:\/\/www.axiomams.eu\/wp-content\/uploads\/2025\/10\/4683-6192.jpg\" \/>\n\t<meta property=\"og:image:width\" content=\"600\" \/>\n\t<meta property=\"og:image:height\" content=\"600\" \/>\n\t<meta property=\"og:image:type\" content=\"image\/jpeg\" \/>\n<meta name=\"twitter:card\" content=\"summary_large_image\" \/>\n<meta name=\"twitter:label1\" content=\"Est. reading time\" \/>\n\t<meta name=\"twitter:data1\" content=\"3 minutes\" \/>\n<script type=\"application\/ld+json\" class=\"yoast-schema-graph\">{\"@context\":\"https:\/\/schema.org\",\"@graph\":[{\"@type\":\"WebPage\",\"@id\":\"https:\/\/www.axiomams.eu\/lv\/produktas\/pulsar-axion-compact-xq19-termokamera\",\"url\":\"https:\/\/www.axiomams.eu\/lv\/produktas\/pulsar-axion-compact-xq19-termokamera\",\"name\":\"Pulsar Axion Compact XQ19 termokamera - AXIOMA MS\",\"isPartOf\":{\"@id\":\"https:\/\/www.axiomams.eu\/lv#website\"},\"primaryImageOfPage\":{\"@id\":\"https:\/\/www.axiomams.eu\/lv\/produktas\/pulsar-axion-compact-xq19-termokamera#primaryimage\"},\"image\":{\"@id\":\"https:\/\/www.axiomams.eu\/lv\/produktas\/pulsar-axion-compact-xq19-termokamera#primaryimage\"},\"thumbnailUrl\":\"https:\/\/www.axiomams.eu\/wp-content\/uploads\/2025\/10\/4683-6192.jpg\",\"datePublished\":\"2025-10-13T09:52:57+00:00\",\"dateModified\":\"2026-03-25T14:58:32+00:00\",\"breadcrumb\":{\"@id\":\"https:\/\/www.axiomams.eu\/lv\/produktas\/pulsar-axion-compact-xq19-termokamera#breadcrumb\"},\"inLanguage\":\"lv-LV\",\"potentialAction\":[{\"@type\":\"ReadAction\",\"target\":[\"https:\/\/www.axiomams.eu\/lv\/produktas\/pulsar-axion-compact-xq19-termokamera\"]}]},{\"@type\":\"ImageObject\",\"inLanguage\":\"lv-LV\",\"@id\":\"https:\/\/www.axiomams.eu\/lv\/produktas\/pulsar-axion-compact-xq19-termokamera#primaryimage\",\"url\":\"https:\/\/www.axiomams.eu\/wp-content\/uploads\/2025\/10\/4683-6192.jpg\",\"contentUrl\":\"https:\/\/www.axiomams.eu\/wp-content\/uploads\/2025\/10\/4683-6192.jpg\",\"width\":600,\"height\":600},{\"@type\":\"BreadcrumbList\",\"@id\":\"https:\/\/www.axiomams.eu\/lv\/produktas\/pulsar-axion-compact-xq19-termokamera#breadcrumb\",\"itemListElement\":[{\"@type\":\"ListItem\",\"position\":1,\"name\":\"Home\",\"item\":\"https:\/\/www.axiomams.eu\/lv\"},{\"@type\":\"ListItem\",\"position\":2,\"name\":\"Produkti\",\"item\":\"https:\/\/www.axiomams.eu\/lv\/produkti\"},{\"@type\":\"ListItem\",\"position\":3,\"name\":\"Pulsar Axion Compact XQ19 termokamera\"}]},{\"@type\":\"WebSite\",\"@id\":\"https:\/\/www.axiomams.eu\/lv#website\",\"url\":\"https:\/\/www.axiomams.eu\/lv\",\"name\":\"AXIOMA MS\",\"description\":\"\",\"publisher\":{\"@id\":\"https:\/\/www.axiomams.eu\/lv#organization\"},\"potentialAction\":[{\"@type\":\"SearchAction\",\"target\":{\"@type\":\"EntryPoint\",\"urlTemplate\":\"https:\/\/www.axiomams.eu\/lv?s={search_term_string}\"},\"query-input\":{\"@type\":\"PropertyValueSpecification\",\"valueRequired\":true,\"valueName\":\"search_term_string\"}}],\"inLanguage\":\"lv-LV\"},{\"@type\":\"Organization\",\"@id\":\"https:\/\/www.axiomams.eu\/lv#organization\",\"name\":\"AXIOMA MS\",\"url\":\"https:\/\/www.axiomams.eu\/lv\",\"logo\":{\"@type\":\"ImageObject\",\"inLanguage\":\"lv-LV\",\"@id\":\"https:\/\/www.axiomams.eu\/lv#\/schema\/logo\/image\/\",\"url\":\"https:\/\/www.axiomams.eu\/wp-content\/uploads\/2025\/06\/axioma-logo-2.png\",\"contentUrl\":\"https:\/\/www.axiomams.eu\/wp-content\/uploads\/2025\/06\/axioma-logo-2.png\",\"width\":1200,\"height\":1200,\"caption\":\"AXIOMA MS\"},\"image\":{\"@id\":\"https:\/\/www.axiomams.eu\/lv#\/schema\/logo\/image\/\"},\"sameAs\":[\"https:\/\/www.facebook.com\/AxiomaMS\",\"https:\/\/www.linkedin.com\/company\/axiomams\/\"]}]}<\/script>\n<!-- \/ Yoast SEO plugin. -->","yoast_head_json":{"title":"Pulsar Axion Compact XQ19 termokamera - AXIOMA MS","robots":{"index":"index","follow":"follow","max-snippet":"max-snippet:-1","max-image-preview":"max-image-preview:large","max-video-preview":"max-video-preview:-1"},"canonical":"https:\/\/www.axiomams.eu\/lv\/produktas\/pulsar-axion-compact-xq19-termokamera","og_locale":"lv_LV","og_type":"article","og_title":"Pulsar Axion Compact XQ19 termokamera - AXIOMA MS","og_description":"Pulsar Axion Compact XQ19 ir vispieejam\u0101k\u0101 un ce\u013co\u0161anai draudz\u012bg\u0101k\u0101 termokamera. \u0160\u012b kamera ir paredz\u0113ta medniekiem, kuri v\u0113las augst\u0101k\u0101s kvalit\u0101tes termisko veiktsp\u0113ju bez p\u0101rm\u0113r\u012bgiem izdevumiem, un t\u0101 apvieno p\u0101rn\u0113s\u0101jam\u012bbu, precizit\u0101ti un modernu savienojam\u012bbu. Neraugoties uz nelielajiem izm\u0113riem, t\u0101 pied\u0101v\u0101 izcilu jut\u012bbu un inteli\u0123entu att\u0113lu apstr\u0101des tehnolo\u0123iju, kas nodro\u0161ina skaidru att\u0113lu jebkur\u0101 situ\u0101cij\u0101. Eirop\u0101 ra\u017eoti term\u0101lie sensori...","og_url":"https:\/\/www.axiomams.eu\/lv\/produktas\/pulsar-axion-compact-xq19-termokamera","og_site_name":"AXIOMA MS","article_publisher":"https:\/\/www.facebook.com\/AxiomaMS","article_modified_time":"2026-03-25T14:58:32+00:00","og_image":[{"width":600,"height":600,"url":"https:\/\/www.axiomams.eu\/wp-content\/uploads\/2025\/10\/4683-6192.jpg","type":"image\/jpeg"}],"twitter_card":"summary_large_image","twitter_misc":{"Est. reading time":"3 minutes"},"schema":{"@context":"https:\/\/schema.org","@graph":[{"@type":"WebPage","@id":"https:\/\/www.axiomams.eu\/lv\/produktas\/pulsar-axion-compact-xq19-termokamera","url":"https:\/\/www.axiomams.eu\/lv\/produktas\/pulsar-axion-compact-xq19-termokamera","name":"Pulsar Axion Compact XQ19 termokamera - AXIOMA MS","isPartOf":{"@id":"https:\/\/www.axiomams.eu\/lv#website"},"primaryImageOfPage":{"@id":"https:\/\/www.axiomams.eu\/lv\/produktas\/pulsar-axion-compact-xq19-termokamera#primaryimage"},"image":{"@id":"https:\/\/www.axiomams.eu\/lv\/produktas\/pulsar-axion-compact-xq19-termokamera#primaryimage"},"thumbnailUrl":"https:\/\/www.axiomams.eu\/wp-content\/uploads\/2025\/10\/4683-6192.jpg","datePublished":"2025-10-13T09:52:57+00:00","dateModified":"2026-03-25T14:58:32+00:00","breadcrumb":{"@id":"https:\/\/www.axiomams.eu\/lv\/produktas\/pulsar-axion-compact-xq19-termokamera#breadcrumb"},"inLanguage":"lv-LV","potentialAction":[{"@type":"ReadAction","target":["https:\/\/www.axiomams.eu\/lv\/produktas\/pulsar-axion-compact-xq19-termokamera"]}]},{"@type":"ImageObject","inLanguage":"lv-LV","@id":"https:\/\/www.axiomams.eu\/lv\/produktas\/pulsar-axion-compact-xq19-termokamera#primaryimage","url":"https:\/\/www.axiomams.eu\/wp-content\/uploads\/2025\/10\/4683-6192.jpg","contentUrl":"https:\/\/www.axiomams.eu\/wp-content\/uploads\/2025\/10\/4683-6192.jpg","width":600,"height":600},{"@type":"BreadcrumbList","@id":"https:\/\/www.axiomams.eu\/lv\/produktas\/pulsar-axion-compact-xq19-termokamera#breadcrumb","itemListElement":[{"@type":"ListItem","position":1,"name":"Home","item":"https:\/\/www.axiomams.eu\/lv"},{"@type":"ListItem","position":2,"name":"Produkti","item":"https:\/\/www.axiomams.eu\/lv\/produkti"},{"@type":"ListItem","position":3,"name":"Pulsar Axion Compact XQ19 termokamera"}]},{"@type":"WebSite","@id":"https:\/\/www.axiomams.eu\/lv#website","url":"https:\/\/www.axiomams.eu\/lv","name":"AXIOMA MS","description":"","publisher":{"@id":"https:\/\/www.axiomams.eu\/lv#organization"},"potentialAction":[{"@type":"SearchAction","target":{"@type":"EntryPoint","urlTemplate":"https:\/\/www.axiomams.eu\/lv?s={search_term_string}"},"query-input":{"@type":"PropertyValueSpecification","valueRequired":true,"valueName":"search_term_string"}}],"inLanguage":"lv-LV"},{"@type":"Organization","@id":"https:\/\/www.axiomams.eu\/lv#organization","name":"AXIOMA MS","url":"https:\/\/www.axiomams.eu\/lv","logo":{"@type":"ImageObject","inLanguage":"lv-LV","@id":"https:\/\/www.axiomams.eu\/lv#\/schema\/logo\/image\/","url":"https:\/\/www.axiomams.eu\/wp-content\/uploads\/2025\/06\/axioma-logo-2.png","contentUrl":"https:\/\/www.axiomams.eu\/wp-content\/uploads\/2025\/06\/axioma-logo-2.png","width":1200,"height":1200,"caption":"AXIOMA MS"},"image":{"@id":"https:\/\/www.axiomams.eu\/lv#\/schema\/logo\/image\/"},"sameAs":["https:\/\/www.facebook.com\/AxiomaMS","https:\/\/www.linkedin.com\/company\/axiomams\/"]}]}},"_links":{"self":[{"href":"https:\/\/www.axiomams.eu\/lv\/wp-json\/wp\/v2\/product\/38838","targetHints":{"allow":["GET"]}}],"collection":[{"href":"https:\/\/www.axiomams.eu\/lv\/wp-json\/wp\/v2\/product"}],"about":[{"href":"https:\/\/www.axiomams.eu\/lv\/wp-json\/wp\/v2\/types\/product"}],"replies":[{"embeddable":true,"href":"https:\/\/www.axiomams.eu\/lv\/wp-json\/wp\/v2\/comments?post=38838"}],"wp:featuredmedia":[{"embeddable":true,"href":"https:\/\/www.axiomams.eu\/lv\/wp-json\/wp\/v2\/media\/41370"}],"wp:attachment":[{"href":"https:\/\/www.axiomams.eu\/lv\/wp-json\/wp\/v2\/media?parent=38838"}],"wp:term":[{"taxonomy":"product_brand","embeddable":true,"href":"https:\/\/www.axiomams.eu\/lv\/wp-json\/wp\/v2\/product_brand?post=38838"},{"taxonomy":"product_cat","embeddable":true,"href":"https:\/\/www.axiomams.eu\/lv\/wp-json\/wp\/v2\/product_cat?post=38838"},{"taxonomy":"product_tag","embeddable":true,"href":"https:\/\/www.axiomams.eu\/lv\/wp-json\/wp\/v2\/product_tag?post=38838"}],"curies":[{"name":"wp","href":"https:\/\/api.w.org\/{rel}","templated":true}]}}