{"id":38841,"date":"2025-09-17T01:00:28","date_gmt":"2025-09-16T23:00:28","guid":{"rendered":"https:\/\/www.axiomams.eu\/produktas\/flir-i65-termokamera"},"modified":"2026-03-25T16:58:33","modified_gmt":"2026-03-25T14:58:33","slug":"flir-i65-termokamera","status":"publish","type":"product","link":"https:\/\/www.axiomams.eu\/lv\/produktas\/flir-i65-termokamera","title":{"rendered":"Flir i65 termokamera"},"content":{"rendered":"<p>FLIR i65 nodro\u0161ina NFPA 70B pras\u012bb\u0101m atbilsto\u0161as termisk\u0101s p\u0101rbaudes visu prasmju l\u012bme\u0146u tehni\u0137iem. Tas ir izstr\u0101d\u0101ts, izmantojot jaun\u0101k\u0101s tehnolo\u0123ijas, un apvieno veiktsp\u0113ju, lietojam\u012bbu un dro\u0161\u012bbu, lai uzlabotu produktivit\u0101ti uz vietas.<\/p>\n<p><b>Smartphone l\u012bdz\u012bga pieredze ar ACE OS<\/b><br \/>\nIzmantojot jauno ACE oper\u0113t\u0101jsist\u0113mu, i65 darbojas k\u0101 termogr\u0101fijas viedt\u0101lrunis. Tas atbalsta lietotnes, ir savienojams ar m\u0101koni un viegli m\u0113rogojams komand\u0101m.<\/p>\n<p><b>Augstas iz\u0161\u0137irtsp\u0113jas att\u0113lveido\u0161ana un iztur\u012bgs dizains<\/b><br \/>\n&#8211; 480 x 640 iz\u0161\u0137irtsp\u0113ja asiem termogr\u0101fiskiem att\u0113liem<br \/>\n&#8211; 5 collu intuit\u012bvs sk\u0101rienekr\u0101ns<br \/>\n&#8211; Iztur\u012bga un cimdiem piem\u0113rota konstrukcija lieto\u0161anai uz vietas<\/p>\n<p><b>Nevainojama savienojam\u012bba jebkur\u0101 viet\u0101<\/b><br \/>\nModelim i65 ir ieb\u016bv\u0113ts LTE, kas \u013cauj tehni\u0137iem dro\u0161i aug\u0161upiel\u0101d\u0113t datus, kop\u012bgot p\u0101rskatus un sadarboties re\u0101llaik\u0101, nepa\u013caujoties uz Wi-Fi. Tas nodro\u0161ina nep\u0101rtrauktu darb\u012bbu uz lauka.<\/p>\n<p><b>Efektivit\u0101te un kiberdro\u0161\u012bba<\/b><br \/>\n&#8211; Vad\u0101m\u0101s darba pl\u016bsmas pal\u012bdz samazin\u0101t zi\u0146ojumu sagatavo\u0161anas laiku<br \/>\n&#8211; Uz\u0146\u0113muma l\u012bme\u0146a dro\u0161\u012bba ar ISO 27001 sertific\u0113tu praksi<br \/>\n&#8211; Palielina darbsp\u0113jas laiku un dod komand\u0101m iesp\u0113ju str\u0101d\u0101t efekt\u012bv\u0101k<\/p>\n<p><b>Le\u0146\u0137a lietojumprogrammu ekosist\u0113ma<\/b><br \/>\nFLIR i65 kameras atbalsta FLIR lietotnes, tre\u0161o pu\u0161u lietotnes un piel\u0101gotas lietotnes. \u0160ie r\u012bki vienk\u0101r\u0161o p\u0101rbaudes, uzlabo darba pl\u016bsmas un samazina plaisu starp datu v\u0101k\u0161anu un l\u0113mumu pie\u0146em\u0161anu.<\/p>\n<p>Standarta komplekts: FLIR i65 infrasarkan\u0101 kamera, akumulators, papildu akumulators, akumulatora l\u0101d\u0113t\u0101js, USB-C kabelis, druk\u0101t\u0101 dokument\u0101cija, cietais transport\u0113\u0161anas futr\u0101lis, rokas siksna.<\/p>\n<p><iframe loading=\"lazy\" width=\"560\" height=\"315\" src=\"https:\/\/www.youtube.com\/embed\/VOaMvnPmdik?si=j7OMYhAkHrDn2L4m\" title=\"YouTube video atska\u0146ot\u0101js\" frameborder=\"0\" allow=\"accelerometer; autoplay; clipboard-write; encrypted-media; gyroscope; picture-in-picture; web-share\" referrerpolicy=\"strict-origin-when-cross-origin\" allowfullscreen><\/iframe><\/p>\n<h3>Tehnisk\u0101 inform\u0101cija:<\/h3>\n<ul>\n<li><a href=\"https:\/\/axiomams.eu\/importer\/export\/attachments\/en\/flir-ixx.pdf\" target=\"_blank\">Flir iXX.pdf<\/a><\/li>\n<\/ul>\n","protected":false},"excerpt":{"rendered":"<p>FLIR i65 nodro\u0161ina NFPA 70B pras\u012bb\u0101m atbilsto\u0161as termisk\u0101s p\u0101rbaudes visu prasmju l\u012bme\u0146u tehni\u0137iem. Tas ir izstr\u0101d\u0101ts, izmantojot jaun\u0101k\u0101s tehnolo\u0123ijas, un apvieno veiktsp\u0113ju, lietojam\u012bbu un dro\u0161\u012bbu, lai uzlabotu produktivit\u0101ti uz vietas. Smartphone l\u012bdz\u012bga pieredze ar ACE OS Izmantojot jauno ACE oper\u0113t\u0101jsist\u0113mu, i65 darbojas k\u0101 termogr\u0101fijas viedt\u0101lrunis. Tas atbalsta lietotnes, ir savienojams ar m\u0101koni un viegli m\u0113rogojams&#8230;<\/p>\n","protected":false},"featured_media":41374,"comment_status":"open","ping_status":"closed","template":"","meta":{"_acf_changed":false},"product_brand":[734],"product_cat":[17729],"product_tag":[],"class_list":{"0":"post-38841","1":"product","2":"type-product","3":"status-publish","4":"has-post-thumbnail","6":"product_brand-flir","7":"product_cat-energijas-un-eku-diagnostika","9":"first","10":"instock","11":"taxable","12":"shipping-taxable","13":"purchasable","14":"product-type-simple"},"acf":[],"yoast_head":"<!-- This site is optimized with the Yoast SEO plugin v27.0 - https:\/\/yoast.com\/product\/yoast-seo-wordpress\/ -->\n<title>Flir i65 termokamera - AXIOMA MS<\/title>\n<meta name=\"robots\" content=\"index, follow, max-snippet:-1, max-image-preview:large, max-video-preview:-1\" \/>\n<link rel=\"canonical\" href=\"https:\/\/www.axiomams.eu\/lv\/produktas\/flir-i65-termokamera\" \/>\n<meta property=\"og:locale\" content=\"lv_LV\" \/>\n<meta property=\"og:type\" content=\"article\" \/>\n<meta property=\"og:title\" content=\"Flir i65 termokamera - AXIOMA MS\" \/>\n<meta property=\"og:description\" content=\"FLIR i65 nodro\u0161ina NFPA 70B pras\u012bb\u0101m atbilsto\u0161as termisk\u0101s p\u0101rbaudes visu prasmju l\u012bme\u0146u tehni\u0137iem. Tas ir izstr\u0101d\u0101ts, izmantojot jaun\u0101k\u0101s tehnolo\u0123ijas, un apvieno veiktsp\u0113ju, lietojam\u012bbu un dro\u0161\u012bbu, lai uzlabotu produktivit\u0101ti uz vietas. Smartphone l\u012bdz\u012bga pieredze ar ACE OS Izmantojot jauno ACE oper\u0113t\u0101jsist\u0113mu, i65 darbojas k\u0101 termogr\u0101fijas viedt\u0101lrunis. Tas atbalsta lietotnes, ir savienojams ar m\u0101koni un viegli m\u0113rogojams...\" \/>\n<meta property=\"og:url\" content=\"https:\/\/www.axiomams.eu\/lv\/produktas\/flir-i65-termokamera\" \/>\n<meta property=\"og:site_name\" content=\"AXIOMA MS\" \/>\n<meta property=\"article:publisher\" content=\"https:\/\/www.facebook.com\/AxiomaMS\" \/>\n<meta property=\"article:modified_time\" content=\"2026-03-25T14:58:33+00:00\" \/>\n<meta property=\"og:image\" content=\"https:\/\/www.axiomams.eu\/wp-content\/uploads\/2025\/09\/4671-6172.jpg\" \/>\n\t<meta property=\"og:image:width\" content=\"978\" \/>\n\t<meta property=\"og:image:height\" content=\"1020\" \/>\n\t<meta property=\"og:image:type\" content=\"image\/jpeg\" \/>\n<meta name=\"twitter:card\" content=\"summary_large_image\" \/>\n<meta name=\"twitter:label1\" content=\"Est. reading time\" \/>\n\t<meta name=\"twitter:data1\" content=\"1 minute\" \/>\n<script type=\"application\/ld+json\" class=\"yoast-schema-graph\">{\"@context\":\"https:\/\/schema.org\",\"@graph\":[{\"@type\":\"WebPage\",\"@id\":\"https:\/\/www.axiomams.eu\/lv\/produktas\/flir-i65-termokamera\",\"url\":\"https:\/\/www.axiomams.eu\/lv\/produktas\/flir-i65-termokamera\",\"name\":\"Flir i65 termokamera - AXIOMA MS\",\"isPartOf\":{\"@id\":\"https:\/\/www.axiomams.eu\/lv#website\"},\"primaryImageOfPage\":{\"@id\":\"https:\/\/www.axiomams.eu\/lv\/produktas\/flir-i65-termokamera#primaryimage\"},\"image\":{\"@id\":\"https:\/\/www.axiomams.eu\/lv\/produktas\/flir-i65-termokamera#primaryimage\"},\"thumbnailUrl\":\"https:\/\/www.axiomams.eu\/wp-content\/uploads\/2025\/09\/4671-6172.jpg\",\"datePublished\":\"2025-09-16T23:00:28+00:00\",\"dateModified\":\"2026-03-25T14:58:33+00:00\",\"breadcrumb\":{\"@id\":\"https:\/\/www.axiomams.eu\/lv\/produktas\/flir-i65-termokamera#breadcrumb\"},\"inLanguage\":\"lv-LV\",\"potentialAction\":[{\"@type\":\"ReadAction\",\"target\":[\"https:\/\/www.axiomams.eu\/lv\/produktas\/flir-i65-termokamera\"]}]},{\"@type\":\"ImageObject\",\"inLanguage\":\"lv-LV\",\"@id\":\"https:\/\/www.axiomams.eu\/lv\/produktas\/flir-i65-termokamera#primaryimage\",\"url\":\"https:\/\/www.axiomams.eu\/wp-content\/uploads\/2025\/09\/4671-6172.jpg\",\"contentUrl\":\"https:\/\/www.axiomams.eu\/wp-content\/uploads\/2025\/09\/4671-6172.jpg\",\"width\":978,\"height\":1020},{\"@type\":\"BreadcrumbList\",\"@id\":\"https:\/\/www.axiomams.eu\/lv\/produktas\/flir-i65-termokamera#breadcrumb\",\"itemListElement\":[{\"@type\":\"ListItem\",\"position\":1,\"name\":\"Home\",\"item\":\"https:\/\/www.axiomams.eu\/lv\"},{\"@type\":\"ListItem\",\"position\":2,\"name\":\"Produkti\",\"item\":\"https:\/\/www.axiomams.eu\/lv\/produkti\"},{\"@type\":\"ListItem\",\"position\":3,\"name\":\"Flir i65 termokamera\"}]},{\"@type\":\"WebSite\",\"@id\":\"https:\/\/www.axiomams.eu\/lv#website\",\"url\":\"https:\/\/www.axiomams.eu\/lv\",\"name\":\"AXIOMA MS\",\"description\":\"Terrmovizoriai ir matavimo \u012franga\",\"publisher\":{\"@id\":\"https:\/\/www.axiomams.eu\/lv#organization\"},\"potentialAction\":[{\"@type\":\"SearchAction\",\"target\":{\"@type\":\"EntryPoint\",\"urlTemplate\":\"https:\/\/www.axiomams.eu\/lv?s={search_term_string}\"},\"query-input\":{\"@type\":\"PropertyValueSpecification\",\"valueRequired\":true,\"valueName\":\"search_term_string\"}}],\"inLanguage\":\"lv-LV\"},{\"@type\":\"Organization\",\"@id\":\"https:\/\/www.axiomams.eu\/lv#organization\",\"name\":\"AXIOMA MS\",\"url\":\"https:\/\/www.axiomams.eu\/lv\",\"logo\":{\"@type\":\"ImageObject\",\"inLanguage\":\"lv-LV\",\"@id\":\"https:\/\/www.axiomams.eu\/lv#\/schema\/logo\/image\/\",\"url\":\"https:\/\/www.axiomams.eu\/wp-content\/uploads\/2025\/06\/axioma-logo-2.png\",\"contentUrl\":\"https:\/\/www.axiomams.eu\/wp-content\/uploads\/2025\/06\/axioma-logo-2.png\",\"width\":1200,\"height\":1200,\"caption\":\"AXIOMA MS\"},\"image\":{\"@id\":\"https:\/\/www.axiomams.eu\/lv#\/schema\/logo\/image\/\"},\"sameAs\":[\"https:\/\/www.facebook.com\/AxiomaMS\",\"https:\/\/www.linkedin.com\/company\/axiomams\/\"]}]}<\/script>\n<!-- \/ Yoast SEO plugin. -->","yoast_head_json":{"title":"Flir i65 termokamera - AXIOMA MS","robots":{"index":"index","follow":"follow","max-snippet":"max-snippet:-1","max-image-preview":"max-image-preview:large","max-video-preview":"max-video-preview:-1"},"canonical":"https:\/\/www.axiomams.eu\/lv\/produktas\/flir-i65-termokamera","og_locale":"lv_LV","og_type":"article","og_title":"Flir i65 termokamera - AXIOMA MS","og_description":"FLIR i65 nodro\u0161ina NFPA 70B pras\u012bb\u0101m atbilsto\u0161as termisk\u0101s p\u0101rbaudes visu prasmju l\u012bme\u0146u tehni\u0137iem. Tas ir izstr\u0101d\u0101ts, izmantojot jaun\u0101k\u0101s tehnolo\u0123ijas, un apvieno veiktsp\u0113ju, lietojam\u012bbu un dro\u0161\u012bbu, lai uzlabotu produktivit\u0101ti uz vietas. Smartphone l\u012bdz\u012bga pieredze ar ACE OS Izmantojot jauno ACE oper\u0113t\u0101jsist\u0113mu, i65 darbojas k\u0101 termogr\u0101fijas viedt\u0101lrunis. Tas atbalsta lietotnes, ir savienojams ar m\u0101koni un viegli m\u0113rogojams...","og_url":"https:\/\/www.axiomams.eu\/lv\/produktas\/flir-i65-termokamera","og_site_name":"AXIOMA MS","article_publisher":"https:\/\/www.facebook.com\/AxiomaMS","article_modified_time":"2026-03-25T14:58:33+00:00","og_image":[{"width":978,"height":1020,"url":"https:\/\/www.axiomams.eu\/wp-content\/uploads\/2025\/09\/4671-6172.jpg","type":"image\/jpeg"}],"twitter_card":"summary_large_image","twitter_misc":{"Est. reading time":"1 minute"},"schema":{"@context":"https:\/\/schema.org","@graph":[{"@type":"WebPage","@id":"https:\/\/www.axiomams.eu\/lv\/produktas\/flir-i65-termokamera","url":"https:\/\/www.axiomams.eu\/lv\/produktas\/flir-i65-termokamera","name":"Flir i65 termokamera - AXIOMA MS","isPartOf":{"@id":"https:\/\/www.axiomams.eu\/lv#website"},"primaryImageOfPage":{"@id":"https:\/\/www.axiomams.eu\/lv\/produktas\/flir-i65-termokamera#primaryimage"},"image":{"@id":"https:\/\/www.axiomams.eu\/lv\/produktas\/flir-i65-termokamera#primaryimage"},"thumbnailUrl":"https:\/\/www.axiomams.eu\/wp-content\/uploads\/2025\/09\/4671-6172.jpg","datePublished":"2025-09-16T23:00:28+00:00","dateModified":"2026-03-25T14:58:33+00:00","breadcrumb":{"@id":"https:\/\/www.axiomams.eu\/lv\/produktas\/flir-i65-termokamera#breadcrumb"},"inLanguage":"lv-LV","potentialAction":[{"@type":"ReadAction","target":["https:\/\/www.axiomams.eu\/lv\/produktas\/flir-i65-termokamera"]}]},{"@type":"ImageObject","inLanguage":"lv-LV","@id":"https:\/\/www.axiomams.eu\/lv\/produktas\/flir-i65-termokamera#primaryimage","url":"https:\/\/www.axiomams.eu\/wp-content\/uploads\/2025\/09\/4671-6172.jpg","contentUrl":"https:\/\/www.axiomams.eu\/wp-content\/uploads\/2025\/09\/4671-6172.jpg","width":978,"height":1020},{"@type":"BreadcrumbList","@id":"https:\/\/www.axiomams.eu\/lv\/produktas\/flir-i65-termokamera#breadcrumb","itemListElement":[{"@type":"ListItem","position":1,"name":"Home","item":"https:\/\/www.axiomams.eu\/lv"},{"@type":"ListItem","position":2,"name":"Produkti","item":"https:\/\/www.axiomams.eu\/lv\/produkti"},{"@type":"ListItem","position":3,"name":"Flir i65 termokamera"}]},{"@type":"WebSite","@id":"https:\/\/www.axiomams.eu\/lv#website","url":"https:\/\/www.axiomams.eu\/lv","name":"AXIOMA MS","description":"Terrmovizoriai ir matavimo \u012franga","publisher":{"@id":"https:\/\/www.axiomams.eu\/lv#organization"},"potentialAction":[{"@type":"SearchAction","target":{"@type":"EntryPoint","urlTemplate":"https:\/\/www.axiomams.eu\/lv?s={search_term_string}"},"query-input":{"@type":"PropertyValueSpecification","valueRequired":true,"valueName":"search_term_string"}}],"inLanguage":"lv-LV"},{"@type":"Organization","@id":"https:\/\/www.axiomams.eu\/lv#organization","name":"AXIOMA MS","url":"https:\/\/www.axiomams.eu\/lv","logo":{"@type":"ImageObject","inLanguage":"lv-LV","@id":"https:\/\/www.axiomams.eu\/lv#\/schema\/logo\/image\/","url":"https:\/\/www.axiomams.eu\/wp-content\/uploads\/2025\/06\/axioma-logo-2.png","contentUrl":"https:\/\/www.axiomams.eu\/wp-content\/uploads\/2025\/06\/axioma-logo-2.png","width":1200,"height":1200,"caption":"AXIOMA MS"},"image":{"@id":"https:\/\/www.axiomams.eu\/lv#\/schema\/logo\/image\/"},"sameAs":["https:\/\/www.facebook.com\/AxiomaMS","https:\/\/www.linkedin.com\/company\/axiomams\/"]}]}},"_links":{"self":[{"href":"https:\/\/www.axiomams.eu\/lv\/wp-json\/wp\/v2\/product\/38841","targetHints":{"allow":["GET"]}}],"collection":[{"href":"https:\/\/www.axiomams.eu\/lv\/wp-json\/wp\/v2\/product"}],"about":[{"href":"https:\/\/www.axiomams.eu\/lv\/wp-json\/wp\/v2\/types\/product"}],"replies":[{"embeddable":true,"href":"https:\/\/www.axiomams.eu\/lv\/wp-json\/wp\/v2\/comments?post=38841"}],"wp:featuredmedia":[{"embeddable":true,"href":"https:\/\/www.axiomams.eu\/lv\/wp-json\/wp\/v2\/media\/41374"}],"wp:attachment":[{"href":"https:\/\/www.axiomams.eu\/lv\/wp-json\/wp\/v2\/media?parent=38841"}],"wp:term":[{"taxonomy":"product_brand","embeddable":true,"href":"https:\/\/www.axiomams.eu\/lv\/wp-json\/wp\/v2\/product_brand?post=38841"},{"taxonomy":"product_cat","embeddable":true,"href":"https:\/\/www.axiomams.eu\/lv\/wp-json\/wp\/v2\/product_cat?post=38841"},{"taxonomy":"product_tag","embeddable":true,"href":"https:\/\/www.axiomams.eu\/lv\/wp-json\/wp\/v2\/product_tag?post=38841"}],"curies":[{"name":"wp","href":"https:\/\/api.w.org\/{rel}","templated":true}]}}