{"id":38842,"date":"2025-07-08T10:04:11","date_gmt":"2025-07-08T08:04:11","guid":{"rendered":"https:\/\/www.axiomams.eu\/produktas\/hioki-ir5050-izolacijas-testeris"},"modified":"2026-03-25T16:58:33","modified_gmt":"2026-03-25T14:58:33","slug":"hioki-ir5050-izolacijas-testeris","status":"publish","type":"product","link":"https:\/\/www.axiomams.eu\/lv\/produktas\/hioki-ir5050-izolacijas-testeris","title":{"rendered":"HIOKI IR5050 izol\u0101cijas testeris"},"content":{"rendered":"<p>Hioki IR5050 izol\u0101cijas testeris &#8211; augstsprieguma digit\u0101lais megom\u0113rs<\/p>\n<p>Profesion\u0101la izol\u0101cijas pretest\u012bbas p\u0101rbaude augstsprieguma iek\u0101rt\u0101m<\/p>\n<p>Hioki IR5050 ir augstas veiktsp\u0113jas digit\u0101lais izol\u0101cijas testeris, kas paredz\u0113ts transformatoru, motoru, kabe\u013cu un citu augstsprieguma iek\u0101rtu izol\u0101cijas pretest\u012bbas prec\u012bzai m\u0113r\u012b\u0161anai. Tas ir ide\u0101ls risin\u0101jums in\u017eenieriem, tehnisk\u0101s apkopes speci\u0101listiem un darbuz\u0146\u0113m\u0113jiem, kuriem nepiecie\u0161ama uzticama diagnostika uz vietas.<\/p>\n<p>Galven\u0101s funkcijas:<br \/>\n<b>Augstsprieguma test\u0113\u0161anas iesp\u0113jas<\/b><br \/>\nIesp\u0113jams izv\u0113l\u0113ties l\u012bdzstr\u0101vas test\u0113\u0161anas spriegumu no 250 V l\u012bdz 5000 V, kas piem\u0113rots da\u017e\u0101diem r\u016bpnieciskiem lietojumiem.<br \/>\n<b>pla\u0161s m\u0113r\u012bjumu diapazons<\/b><br \/>\nIzm\u0113riet izol\u0101cijas pretest\u012bbu l\u012bdz 10 T\u03a9, lai veiktu visaptvero\u0161u sist\u0113mu nov\u0113rt\u0113\u0161anu.<br \/>\n<b>Ieb\u016bv\u0113ti diagnostikas r\u012bki<\/b><br \/>\nAutom\u0101tiski apr\u0113\u0137ina polariz\u0101cijas indeksu (PI), dielektrisk\u0101s absorbcijas koeficientu (DAR) un dielektrisko izl\u0101di (DD), lai \u0101tri nov\u0113rt\u0113tu izol\u0101cijas st\u0101vokli.<br \/>\n<b>Iek\u0161\u0113j\u0101 datu re\u0123istr\u0113\u0161ana<\/b><br \/>\nIeb\u016bv\u0113t\u0101 atmi\u0146a racionaliz\u0113 datu re\u0123istr\u0113\u0161anu un zi\u0146o\u0161anu, l\u012bdz minimumam samazinot manu\u0101las k\u013c\u016bdas.<br \/>\n<b>Izv\u0113les USB un bezvadu sakari<\/b><br \/>\n\u013bauj p\u0101rs\u016bt\u012bt datus un veikt t\u0101lvad\u012bbu, ja izmanto ar papildu sakaru adapteriem.<br \/>\n<b>P\u0101rn\u0113s\u0101jams un iztur\u012bgs dizains<\/b><br \/>\nViegls un kompakts, ar iztur\u012bgu IP65 klases korpusu, kas paredz\u0113ts darbavietas apst\u0101k\u013ciem.<\/p>\n<p>Hioki IR5050 ir izstr\u0101d\u0101ts sare\u017e\u0123\u012btiem darba apst\u0101k\u013ciem, un tas apvieno precizit\u0101ti, p\u0101rn\u0113s\u0101jam\u012bbu un uzlabotas diagnostikas iesp\u0113jas vien\u0101, viegli lietojam\u0101 instrument\u0101. Neatkar\u012bgi no t\u0101, vai veicat regul\u0101ru apkopi vai nov\u0113r\u0161at probl\u0113mas, \u0161is augstsprieguma izol\u0101cijas pretest\u012bbas m\u0113r\u012bt\u0101js sniedz jums p\u0101rliec\u012bbu un datu kvalit\u0101ti, lai darbu paveiktu pareizi.<\/p>\n<p>Standarta komplekts: Hioki IR5050 izol\u0101cijas testeris, testa vadu komplekts, aligatora skavu komplekts, somi\u0146a, baterijas, lieto\u0161anas instrukcija, lieto\u0161anas instrukcija, lieto\u0161anas noteikumi.<\/p>\n<h3>Tehnisk\u0101 inform\u0101cija:<\/h3>\n<ul>\n<li><a href=\"https:\/\/axiomams.eu\/importer\/export\/attachments\/en\/hioki-ir5050.pdf\" target=\"_blank\">Hioki IR5050.pdf<\/a><\/li>\n<\/ul>\n","protected":false},"excerpt":{"rendered":"<p>Hioki IR5050 izol\u0101cijas testeris &#8211; augstsprieguma digit\u0101lais megom\u0113rs Profesion\u0101la izol\u0101cijas pretest\u012bbas p\u0101rbaude augstsprieguma iek\u0101rt\u0101m Hioki IR5050 ir augstas veiktsp\u0113jas digit\u0101lais izol\u0101cijas testeris, kas paredz\u0113ts transformatoru, motoru, kabe\u013cu un citu augstsprieguma iek\u0101rtu izol\u0101cijas pretest\u012bbas prec\u012bzai m\u0113r\u012b\u0161anai. Tas ir ide\u0101ls risin\u0101jums in\u017eenieriem, tehnisk\u0101s apkopes speci\u0101listiem un darbuz\u0146\u0113m\u0113jiem, kuriem nepiecie\u0161ama uzticama diagnostika uz vietas. Galven\u0101s funkcijas: Augstsprieguma test\u0113\u0161anas&#8230;<\/p>\n","protected":false},"featured_media":41376,"comment_status":"open","ping_status":"closed","template":"","meta":{"_acf_changed":false},"product_brand":[1112],"product_cat":[17712],"product_tag":[],"class_list":{"0":"post-38842","1":"product","2":"type-product","3":"status-publish","4":"has-post-thumbnail","6":"product_brand-hioki","7":"product_cat-elektroinstalacijas-parbaudei","9":"first","10":"instock","11":"taxable","12":"shipping-taxable","13":"purchasable","14":"product-type-simple"},"acf":[],"yoast_head":"<!-- This site is optimized with the Yoast SEO plugin v27.0 - https:\/\/yoast.com\/product\/yoast-seo-wordpress\/ -->\n<title>HIOKI IR5050 izol\u0101cijas testeris - AXIOMA MS<\/title>\n<meta name=\"robots\" content=\"index, follow, max-snippet:-1, max-image-preview:large, max-video-preview:-1\" \/>\n<link rel=\"canonical\" href=\"https:\/\/www.axiomams.eu\/lv\/produktas\/hioki-ir5050-izolacijas-testeris\" \/>\n<meta property=\"og:locale\" content=\"lv_LV\" \/>\n<meta property=\"og:type\" content=\"article\" \/>\n<meta property=\"og:title\" content=\"HIOKI IR5050 izol\u0101cijas testeris - AXIOMA MS\" \/>\n<meta property=\"og:description\" content=\"Hioki IR5050 izol\u0101cijas testeris &#8211; augstsprieguma digit\u0101lais megom\u0113rs Profesion\u0101la izol\u0101cijas pretest\u012bbas p\u0101rbaude augstsprieguma iek\u0101rt\u0101m Hioki IR5050 ir augstas veiktsp\u0113jas digit\u0101lais izol\u0101cijas testeris, kas paredz\u0113ts transformatoru, motoru, kabe\u013cu un citu augstsprieguma iek\u0101rtu izol\u0101cijas pretest\u012bbas prec\u012bzai m\u0113r\u012b\u0161anai. Tas ir ide\u0101ls risin\u0101jums in\u017eenieriem, tehnisk\u0101s apkopes speci\u0101listiem un darbuz\u0146\u0113m\u0113jiem, kuriem nepiecie\u0161ama uzticama diagnostika uz vietas. Galven\u0101s funkcijas: Augstsprieguma test\u0113\u0161anas...\" \/>\n<meta property=\"og:url\" content=\"https:\/\/www.axiomams.eu\/lv\/produktas\/hioki-ir5050-izolacijas-testeris\" \/>\n<meta property=\"og:site_name\" content=\"AXIOMA MS\" \/>\n<meta property=\"article:publisher\" content=\"https:\/\/www.facebook.com\/AxiomaMS\" \/>\n<meta property=\"article:modified_time\" content=\"2026-03-25T14:58:33+00:00\" \/>\n<meta property=\"og:image\" content=\"https:\/\/www.axiomams.eu\/wp-content\/uploads\/2025\/07\/4637-5965.jpg\" \/>\n\t<meta property=\"og:image:width\" content=\"1040\" \/>\n\t<meta property=\"og:image:height\" content=\"694\" \/>\n\t<meta property=\"og:image:type\" content=\"image\/jpeg\" \/>\n<meta name=\"twitter:card\" content=\"summary_large_image\" \/>\n<meta name=\"twitter:label1\" content=\"Est. reading time\" \/>\n\t<meta name=\"twitter:data1\" content=\"2 minutes\" \/>\n<script type=\"application\/ld+json\" class=\"yoast-schema-graph\">{\"@context\":\"https:\/\/schema.org\",\"@graph\":[{\"@type\":\"WebPage\",\"@id\":\"https:\/\/www.axiomams.eu\/lv\/produktas\/hioki-ir5050-izolacijas-testeris\",\"url\":\"https:\/\/www.axiomams.eu\/lv\/produktas\/hioki-ir5050-izolacijas-testeris\",\"name\":\"HIOKI IR5050 izol\u0101cijas testeris - AXIOMA MS\",\"isPartOf\":{\"@id\":\"https:\/\/www.axiomams.eu\/lv#website\"},\"primaryImageOfPage\":{\"@id\":\"https:\/\/www.axiomams.eu\/lv\/produktas\/hioki-ir5050-izolacijas-testeris#primaryimage\"},\"image\":{\"@id\":\"https:\/\/www.axiomams.eu\/lv\/produktas\/hioki-ir5050-izolacijas-testeris#primaryimage\"},\"thumbnailUrl\":\"https:\/\/www.axiomams.eu\/wp-content\/uploads\/2025\/07\/4637-5965.jpg\",\"datePublished\":\"2025-07-08T08:04:11+00:00\",\"dateModified\":\"2026-03-25T14:58:33+00:00\",\"breadcrumb\":{\"@id\":\"https:\/\/www.axiomams.eu\/lv\/produktas\/hioki-ir5050-izolacijas-testeris#breadcrumb\"},\"inLanguage\":\"lv-LV\",\"potentialAction\":[{\"@type\":\"ReadAction\",\"target\":[\"https:\/\/www.axiomams.eu\/lv\/produktas\/hioki-ir5050-izolacijas-testeris\"]}]},{\"@type\":\"ImageObject\",\"inLanguage\":\"lv-LV\",\"@id\":\"https:\/\/www.axiomams.eu\/lv\/produktas\/hioki-ir5050-izolacijas-testeris#primaryimage\",\"url\":\"https:\/\/www.axiomams.eu\/wp-content\/uploads\/2025\/07\/4637-5965.jpg\",\"contentUrl\":\"https:\/\/www.axiomams.eu\/wp-content\/uploads\/2025\/07\/4637-5965.jpg\",\"width\":1040,\"height\":694},{\"@type\":\"BreadcrumbList\",\"@id\":\"https:\/\/www.axiomams.eu\/lv\/produktas\/hioki-ir5050-izolacijas-testeris#breadcrumb\",\"itemListElement\":[{\"@type\":\"ListItem\",\"position\":1,\"name\":\"Home\",\"item\":\"https:\/\/www.axiomams.eu\/lv\"},{\"@type\":\"ListItem\",\"position\":2,\"name\":\"Produkti\",\"item\":\"https:\/\/www.axiomams.eu\/lv\/produkti\"},{\"@type\":\"ListItem\",\"position\":3,\"name\":\"HIOKI IR5050 izol\u0101cijas testeris\"}]},{\"@type\":\"WebSite\",\"@id\":\"https:\/\/www.axiomams.eu\/lv#website\",\"url\":\"https:\/\/www.axiomams.eu\/lv\",\"name\":\"AXIOMA MS\",\"description\":\"Terrmovizoriai ir matavimo \u012franga\",\"publisher\":{\"@id\":\"https:\/\/www.axiomams.eu\/lv#organization\"},\"potentialAction\":[{\"@type\":\"SearchAction\",\"target\":{\"@type\":\"EntryPoint\",\"urlTemplate\":\"https:\/\/www.axiomams.eu\/lv?s={search_term_string}\"},\"query-input\":{\"@type\":\"PropertyValueSpecification\",\"valueRequired\":true,\"valueName\":\"search_term_string\"}}],\"inLanguage\":\"lv-LV\"},{\"@type\":\"Organization\",\"@id\":\"https:\/\/www.axiomams.eu\/lv#organization\",\"name\":\"AXIOMA MS\",\"url\":\"https:\/\/www.axiomams.eu\/lv\",\"logo\":{\"@type\":\"ImageObject\",\"inLanguage\":\"lv-LV\",\"@id\":\"https:\/\/www.axiomams.eu\/lv#\/schema\/logo\/image\/\",\"url\":\"https:\/\/www.axiomams.eu\/wp-content\/uploads\/2025\/06\/axioma-logo-2.png\",\"contentUrl\":\"https:\/\/www.axiomams.eu\/wp-content\/uploads\/2025\/06\/axioma-logo-2.png\",\"width\":1200,\"height\":1200,\"caption\":\"AXIOMA MS\"},\"image\":{\"@id\":\"https:\/\/www.axiomams.eu\/lv#\/schema\/logo\/image\/\"},\"sameAs\":[\"https:\/\/www.facebook.com\/AxiomaMS\",\"https:\/\/www.linkedin.com\/company\/axiomams\/\"]}]}<\/script>\n<!-- \/ Yoast SEO plugin. -->","yoast_head_json":{"title":"HIOKI IR5050 izol\u0101cijas testeris - AXIOMA MS","robots":{"index":"index","follow":"follow","max-snippet":"max-snippet:-1","max-image-preview":"max-image-preview:large","max-video-preview":"max-video-preview:-1"},"canonical":"https:\/\/www.axiomams.eu\/lv\/produktas\/hioki-ir5050-izolacijas-testeris","og_locale":"lv_LV","og_type":"article","og_title":"HIOKI IR5050 izol\u0101cijas testeris - AXIOMA MS","og_description":"Hioki IR5050 izol\u0101cijas testeris &#8211; augstsprieguma digit\u0101lais megom\u0113rs Profesion\u0101la izol\u0101cijas pretest\u012bbas p\u0101rbaude augstsprieguma iek\u0101rt\u0101m Hioki IR5050 ir augstas veiktsp\u0113jas digit\u0101lais izol\u0101cijas testeris, kas paredz\u0113ts transformatoru, motoru, kabe\u013cu un citu augstsprieguma iek\u0101rtu izol\u0101cijas pretest\u012bbas prec\u012bzai m\u0113r\u012b\u0161anai. Tas ir ide\u0101ls risin\u0101jums in\u017eenieriem, tehnisk\u0101s apkopes speci\u0101listiem un darbuz\u0146\u0113m\u0113jiem, kuriem nepiecie\u0161ama uzticama diagnostika uz vietas. Galven\u0101s funkcijas: Augstsprieguma test\u0113\u0161anas...","og_url":"https:\/\/www.axiomams.eu\/lv\/produktas\/hioki-ir5050-izolacijas-testeris","og_site_name":"AXIOMA MS","article_publisher":"https:\/\/www.facebook.com\/AxiomaMS","article_modified_time":"2026-03-25T14:58:33+00:00","og_image":[{"width":1040,"height":694,"url":"https:\/\/www.axiomams.eu\/wp-content\/uploads\/2025\/07\/4637-5965.jpg","type":"image\/jpeg"}],"twitter_card":"summary_large_image","twitter_misc":{"Est. reading time":"2 minutes"},"schema":{"@context":"https:\/\/schema.org","@graph":[{"@type":"WebPage","@id":"https:\/\/www.axiomams.eu\/lv\/produktas\/hioki-ir5050-izolacijas-testeris","url":"https:\/\/www.axiomams.eu\/lv\/produktas\/hioki-ir5050-izolacijas-testeris","name":"HIOKI IR5050 izol\u0101cijas testeris - AXIOMA MS","isPartOf":{"@id":"https:\/\/www.axiomams.eu\/lv#website"},"primaryImageOfPage":{"@id":"https:\/\/www.axiomams.eu\/lv\/produktas\/hioki-ir5050-izolacijas-testeris#primaryimage"},"image":{"@id":"https:\/\/www.axiomams.eu\/lv\/produktas\/hioki-ir5050-izolacijas-testeris#primaryimage"},"thumbnailUrl":"https:\/\/www.axiomams.eu\/wp-content\/uploads\/2025\/07\/4637-5965.jpg","datePublished":"2025-07-08T08:04:11+00:00","dateModified":"2026-03-25T14:58:33+00:00","breadcrumb":{"@id":"https:\/\/www.axiomams.eu\/lv\/produktas\/hioki-ir5050-izolacijas-testeris#breadcrumb"},"inLanguage":"lv-LV","potentialAction":[{"@type":"ReadAction","target":["https:\/\/www.axiomams.eu\/lv\/produktas\/hioki-ir5050-izolacijas-testeris"]}]},{"@type":"ImageObject","inLanguage":"lv-LV","@id":"https:\/\/www.axiomams.eu\/lv\/produktas\/hioki-ir5050-izolacijas-testeris#primaryimage","url":"https:\/\/www.axiomams.eu\/wp-content\/uploads\/2025\/07\/4637-5965.jpg","contentUrl":"https:\/\/www.axiomams.eu\/wp-content\/uploads\/2025\/07\/4637-5965.jpg","width":1040,"height":694},{"@type":"BreadcrumbList","@id":"https:\/\/www.axiomams.eu\/lv\/produktas\/hioki-ir5050-izolacijas-testeris#breadcrumb","itemListElement":[{"@type":"ListItem","position":1,"name":"Home","item":"https:\/\/www.axiomams.eu\/lv"},{"@type":"ListItem","position":2,"name":"Produkti","item":"https:\/\/www.axiomams.eu\/lv\/produkti"},{"@type":"ListItem","position":3,"name":"HIOKI IR5050 izol\u0101cijas testeris"}]},{"@type":"WebSite","@id":"https:\/\/www.axiomams.eu\/lv#website","url":"https:\/\/www.axiomams.eu\/lv","name":"AXIOMA MS","description":"Terrmovizoriai ir matavimo \u012franga","publisher":{"@id":"https:\/\/www.axiomams.eu\/lv#organization"},"potentialAction":[{"@type":"SearchAction","target":{"@type":"EntryPoint","urlTemplate":"https:\/\/www.axiomams.eu\/lv?s={search_term_string}"},"query-input":{"@type":"PropertyValueSpecification","valueRequired":true,"valueName":"search_term_string"}}],"inLanguage":"lv-LV"},{"@type":"Organization","@id":"https:\/\/www.axiomams.eu\/lv#organization","name":"AXIOMA MS","url":"https:\/\/www.axiomams.eu\/lv","logo":{"@type":"ImageObject","inLanguage":"lv-LV","@id":"https:\/\/www.axiomams.eu\/lv#\/schema\/logo\/image\/","url":"https:\/\/www.axiomams.eu\/wp-content\/uploads\/2025\/06\/axioma-logo-2.png","contentUrl":"https:\/\/www.axiomams.eu\/wp-content\/uploads\/2025\/06\/axioma-logo-2.png","width":1200,"height":1200,"caption":"AXIOMA MS"},"image":{"@id":"https:\/\/www.axiomams.eu\/lv#\/schema\/logo\/image\/"},"sameAs":["https:\/\/www.facebook.com\/AxiomaMS","https:\/\/www.linkedin.com\/company\/axiomams\/"]}]}},"_links":{"self":[{"href":"https:\/\/www.axiomams.eu\/lv\/wp-json\/wp\/v2\/product\/38842","targetHints":{"allow":["GET"]}}],"collection":[{"href":"https:\/\/www.axiomams.eu\/lv\/wp-json\/wp\/v2\/product"}],"about":[{"href":"https:\/\/www.axiomams.eu\/lv\/wp-json\/wp\/v2\/types\/product"}],"replies":[{"embeddable":true,"href":"https:\/\/www.axiomams.eu\/lv\/wp-json\/wp\/v2\/comments?post=38842"}],"wp:featuredmedia":[{"embeddable":true,"href":"https:\/\/www.axiomams.eu\/lv\/wp-json\/wp\/v2\/media\/41376"}],"wp:attachment":[{"href":"https:\/\/www.axiomams.eu\/lv\/wp-json\/wp\/v2\/media?parent=38842"}],"wp:term":[{"taxonomy":"product_brand","embeddable":true,"href":"https:\/\/www.axiomams.eu\/lv\/wp-json\/wp\/v2\/product_brand?post=38842"},{"taxonomy":"product_cat","embeddable":true,"href":"https:\/\/www.axiomams.eu\/lv\/wp-json\/wp\/v2\/product_cat?post=38842"},{"taxonomy":"product_tag","embeddable":true,"href":"https:\/\/www.axiomams.eu\/lv\/wp-json\/wp\/v2\/product_tag?post=38842"}],"curies":[{"name":"wp","href":"https:\/\/api.w.org\/{rel}","templated":true}]}}