{"id":38845,"date":"2025-05-15T17:55:36","date_gmt":"2025-05-15T15:55:36","guid":{"rendered":"https:\/\/www.axiomams.eu\/produktas\/metrel-mi-3288-zemejuma-un-izolacijas-testeris"},"modified":"2026-03-25T16:58:33","modified_gmt":"2026-03-25T14:58:33","slug":"metrel-mi-3288-zemejuma-un-izolacijas-testeris","status":"publish","type":"product","link":"https:\/\/www.axiomams.eu\/lv\/produktas\/metrel-mi-3288-zemejuma-un-izolacijas-testeris","title":{"rendered":"Metrel MI 3288 zem\u0113juma un izol\u0101cijas testeris"},"content":{"rendered":"<p>Metrel MI 3288 Zemes izol\u0101cijas testeris ir p\u0101rn\u0113s\u0101jams, ar akumulatoru darbin\u0101ms test\u0113\u0161anas instruments ar lielisku IP aizsardz\u012bbu un paredz\u0113ts darbam liel\u0101 augstum\u0101 (300 V CAT III 4000 m augstum\u0101). Ar to var izm\u0113r\u012bt da\u017e\u0101du ener\u0123\u0113tisko un neener\u0123\u0113tisko objektu zem\u0113juma pretest\u012bbu, \u012bpatn\u0113jo zem\u0113juma pretest\u012bbu, zem\u0113juma potenci\u0101lu, so\u013ca un piesk\u0101riena spriegumu, izol\u0101cijas pretest\u012bbu un aizsardz\u012bbas vadu nep\u0101rtraukt\u012bbu. MI 3288 Zemes izol\u0101cijas testeris atbalsta ar\u012b 4 vadu zem\u0113juma pretest\u012bbas m\u0113r\u012b\u0161anas metodi kombin\u0101cij\u0101 ar vienu skavu, divu skavu zem\u0113juma pretest\u012bbas m\u0113r\u012b\u0161anu, 4 vadu specifisk\u0101s zem\u0113juma pretest\u012bbas m\u0113r\u012b\u0161anu un TRMS str\u0101vas m\u0113r\u012b\u0161anu.<\/p>\n<p>Audio Nr.: 2-2704:2023<\/p>\n<p>Standarta komplekts: Metrel MI3288 Zemes izol\u0101cijas testeris, 7,2 V 4400 mAh akumulators, 12 V\/3 A baro\u0161anas adapteris, 2,5 kV testa vads, 2 x 1,5 m, za\u013c\u0161 testa vads, 1,5 m, za\u013c\u0161 testa vads, 1,5 m, testa vads, 4 x 1 m, testa zonde, 2 gab (sarkana, melna), krokodila skava, 4 gab (melna, zila, za\u013ca, sarkana), m\u012bksta somi\u0146a, m\u012bksta kakla josta, USB kabelis, PC SW Metrel ES Manager BASIC licence, \u012bsa lieto\u0161anas instrukcija, lieto\u0161anas instrukcija (CD), kalibr\u0101cijas sertifik\u0101ts<\/p>\n<h3>Tehnisk\u0101 inform\u0101cija:<\/h3>\n<ul>\n<li><a href=\"https:\/\/axiomams.eu\/importer\/export\/attachments\/en\/metrel-mi-3288.pdf\" target=\"_blank\">Metrel MI 3288.pdf<\/a><\/li>\n<\/ul>\n","protected":false},"excerpt":{"rendered":"<p>Metrel MI 3288 Zemes izol\u0101cijas testeris ir p\u0101rn\u0113s\u0101jams, ar akumulatoru darbin\u0101ms test\u0113\u0161anas instruments ar lielisku IP aizsardz\u012bbu un paredz\u0113ts darbam liel\u0101 augstum\u0101 (300 V CAT III 4000 m augstum\u0101). Ar to var izm\u0113r\u012bt da\u017e\u0101du ener\u0123\u0113tisko un neener\u0123\u0113tisko objektu zem\u0113juma pretest\u012bbu, \u012bpatn\u0113jo zem\u0113juma pretest\u012bbu, zem\u0113juma potenci\u0101lu, so\u013ca un piesk\u0101riena spriegumu, izol\u0101cijas pretest\u012bbu un aizsardz\u012bbas vadu nep\u0101rtraukt\u012bbu&#8230;.<\/p>\n","protected":false},"featured_media":41382,"comment_status":"open","ping_status":"closed","template":"","meta":{"_acf_changed":false},"product_brand":[732],"product_cat":[17712],"product_tag":[],"class_list":{"0":"post-38845","1":"product","2":"type-product","3":"status-publish","4":"has-post-thumbnail","6":"product_brand-metrel","7":"product_cat-elektroinstalacijas-parbaudei","9":"first","10":"instock","11":"taxable","12":"shipping-taxable","13":"purchasable","14":"product-type-simple"},"acf":[],"yoast_head":"<!-- This site is optimized with the Yoast SEO plugin v27.0 - https:\/\/yoast.com\/product\/yoast-seo-wordpress\/ -->\n<title>Metrel MI 3288 zem\u0113juma un izol\u0101cijas testeris - AXIOMA MS<\/title>\n<meta name=\"robots\" content=\"index, follow, max-snippet:-1, max-image-preview:large, max-video-preview:-1\" \/>\n<link rel=\"canonical\" href=\"https:\/\/www.axiomams.eu\/lv\/produktas\/metrel-mi-3288-zemejuma-un-izolacijas-testeris\" \/>\n<meta property=\"og:locale\" content=\"lv_LV\" \/>\n<meta property=\"og:type\" content=\"article\" \/>\n<meta property=\"og:title\" content=\"Metrel MI 3288 zem\u0113juma un izol\u0101cijas testeris - AXIOMA MS\" \/>\n<meta property=\"og:description\" content=\"Metrel MI 3288 Zemes izol\u0101cijas testeris ir p\u0101rn\u0113s\u0101jams, ar akumulatoru darbin\u0101ms test\u0113\u0161anas instruments ar lielisku IP aizsardz\u012bbu un paredz\u0113ts darbam liel\u0101 augstum\u0101 (300 V CAT III 4000 m augstum\u0101). Ar to var izm\u0113r\u012bt da\u017e\u0101du ener\u0123\u0113tisko un neener\u0123\u0113tisko objektu zem\u0113juma pretest\u012bbu, \u012bpatn\u0113jo zem\u0113juma pretest\u012bbu, zem\u0113juma potenci\u0101lu, so\u013ca un piesk\u0101riena spriegumu, izol\u0101cijas pretest\u012bbu un aizsardz\u012bbas vadu nep\u0101rtraukt\u012bbu....\" \/>\n<meta property=\"og:url\" content=\"https:\/\/www.axiomams.eu\/lv\/produktas\/metrel-mi-3288-zemejuma-un-izolacijas-testeris\" \/>\n<meta property=\"og:site_name\" content=\"AXIOMA MS\" \/>\n<meta property=\"article:publisher\" content=\"https:\/\/www.facebook.com\/AxiomaMS\" \/>\n<meta property=\"article:modified_time\" content=\"2026-03-25T14:58:33+00:00\" \/>\n<meta property=\"og:image\" content=\"https:\/\/www.axiomams.eu\/wp-content\/uploads\/2025\/07\/3266-4820.jpg\" \/>\n\t<meta property=\"og:image:width\" content=\"1020\" \/>\n\t<meta property=\"og:image:height\" content=\"1020\" \/>\n\t<meta property=\"og:image:type\" content=\"image\/jpeg\" \/>\n<meta name=\"twitter:card\" content=\"summary_large_image\" \/>\n<meta name=\"twitter:label1\" content=\"Est. reading time\" \/>\n\t<meta name=\"twitter:data1\" content=\"1 minute\" \/>\n<script type=\"application\/ld+json\" class=\"yoast-schema-graph\">{\"@context\":\"https:\/\/schema.org\",\"@graph\":[{\"@type\":\"WebPage\",\"@id\":\"https:\/\/www.axiomams.eu\/lv\/produktas\/metrel-mi-3288-zemejuma-un-izolacijas-testeris\",\"url\":\"https:\/\/www.axiomams.eu\/lv\/produktas\/metrel-mi-3288-zemejuma-un-izolacijas-testeris\",\"name\":\"Metrel MI 3288 zem\u0113juma un izol\u0101cijas testeris - AXIOMA MS\",\"isPartOf\":{\"@id\":\"https:\/\/www.axiomams.eu\/lv#website\"},\"primaryImageOfPage\":{\"@id\":\"https:\/\/www.axiomams.eu\/lv\/produktas\/metrel-mi-3288-zemejuma-un-izolacijas-testeris#primaryimage\"},\"image\":{\"@id\":\"https:\/\/www.axiomams.eu\/lv\/produktas\/metrel-mi-3288-zemejuma-un-izolacijas-testeris#primaryimage\"},\"thumbnailUrl\":\"https:\/\/www.axiomams.eu\/wp-content\/uploads\/2025\/07\/3266-4820.jpg\",\"datePublished\":\"2025-05-15T15:55:36+00:00\",\"dateModified\":\"2026-03-25T14:58:33+00:00\",\"breadcrumb\":{\"@id\":\"https:\/\/www.axiomams.eu\/lv\/produktas\/metrel-mi-3288-zemejuma-un-izolacijas-testeris#breadcrumb\"},\"inLanguage\":\"lv-LV\",\"potentialAction\":[{\"@type\":\"ReadAction\",\"target\":[\"https:\/\/www.axiomams.eu\/lv\/produktas\/metrel-mi-3288-zemejuma-un-izolacijas-testeris\"]}]},{\"@type\":\"ImageObject\",\"inLanguage\":\"lv-LV\",\"@id\":\"https:\/\/www.axiomams.eu\/lv\/produktas\/metrel-mi-3288-zemejuma-un-izolacijas-testeris#primaryimage\",\"url\":\"https:\/\/www.axiomams.eu\/wp-content\/uploads\/2025\/07\/3266-4820.jpg\",\"contentUrl\":\"https:\/\/www.axiomams.eu\/wp-content\/uploads\/2025\/07\/3266-4820.jpg\",\"width\":1020,\"height\":1020},{\"@type\":\"BreadcrumbList\",\"@id\":\"https:\/\/www.axiomams.eu\/lv\/produktas\/metrel-mi-3288-zemejuma-un-izolacijas-testeris#breadcrumb\",\"itemListElement\":[{\"@type\":\"ListItem\",\"position\":1,\"name\":\"Home\",\"item\":\"https:\/\/www.axiomams.eu\/lv\"},{\"@type\":\"ListItem\",\"position\":2,\"name\":\"Produkti\",\"item\":\"https:\/\/www.axiomams.eu\/lv\/produkti\"},{\"@type\":\"ListItem\",\"position\":3,\"name\":\"Metrel MI 3288 zem\u0113juma un izol\u0101cijas testeris\"}]},{\"@type\":\"WebSite\",\"@id\":\"https:\/\/www.axiomams.eu\/lv#website\",\"url\":\"https:\/\/www.axiomams.eu\/lv\",\"name\":\"AXIOMA MS\",\"description\":\"Terrmovizoriai ir matavimo \u012franga\",\"publisher\":{\"@id\":\"https:\/\/www.axiomams.eu\/lv#organization\"},\"potentialAction\":[{\"@type\":\"SearchAction\",\"target\":{\"@type\":\"EntryPoint\",\"urlTemplate\":\"https:\/\/www.axiomams.eu\/lv?s={search_term_string}\"},\"query-input\":{\"@type\":\"PropertyValueSpecification\",\"valueRequired\":true,\"valueName\":\"search_term_string\"}}],\"inLanguage\":\"lv-LV\"},{\"@type\":\"Organization\",\"@id\":\"https:\/\/www.axiomams.eu\/lv#organization\",\"name\":\"AXIOMA MS\",\"url\":\"https:\/\/www.axiomams.eu\/lv\",\"logo\":{\"@type\":\"ImageObject\",\"inLanguage\":\"lv-LV\",\"@id\":\"https:\/\/www.axiomams.eu\/lv#\/schema\/logo\/image\/\",\"url\":\"https:\/\/www.axiomams.eu\/wp-content\/uploads\/2025\/06\/axioma-logo-2.png\",\"contentUrl\":\"https:\/\/www.axiomams.eu\/wp-content\/uploads\/2025\/06\/axioma-logo-2.png\",\"width\":1200,\"height\":1200,\"caption\":\"AXIOMA MS\"},\"image\":{\"@id\":\"https:\/\/www.axiomams.eu\/lv#\/schema\/logo\/image\/\"},\"sameAs\":[\"https:\/\/www.facebook.com\/AxiomaMS\",\"https:\/\/www.linkedin.com\/company\/axiomams\/\"]}]}<\/script>\n<!-- \/ Yoast SEO plugin. -->","yoast_head_json":{"title":"Metrel MI 3288 zem\u0113juma un izol\u0101cijas testeris - AXIOMA MS","robots":{"index":"index","follow":"follow","max-snippet":"max-snippet:-1","max-image-preview":"max-image-preview:large","max-video-preview":"max-video-preview:-1"},"canonical":"https:\/\/www.axiomams.eu\/lv\/produktas\/metrel-mi-3288-zemejuma-un-izolacijas-testeris","og_locale":"lv_LV","og_type":"article","og_title":"Metrel MI 3288 zem\u0113juma un izol\u0101cijas testeris - AXIOMA MS","og_description":"Metrel MI 3288 Zemes izol\u0101cijas testeris ir p\u0101rn\u0113s\u0101jams, ar akumulatoru darbin\u0101ms test\u0113\u0161anas instruments ar lielisku IP aizsardz\u012bbu un paredz\u0113ts darbam liel\u0101 augstum\u0101 (300 V CAT III 4000 m augstum\u0101). Ar to var izm\u0113r\u012bt da\u017e\u0101du ener\u0123\u0113tisko un neener\u0123\u0113tisko objektu zem\u0113juma pretest\u012bbu, \u012bpatn\u0113jo zem\u0113juma pretest\u012bbu, zem\u0113juma potenci\u0101lu, so\u013ca un piesk\u0101riena spriegumu, izol\u0101cijas pretest\u012bbu un aizsardz\u012bbas vadu nep\u0101rtraukt\u012bbu....","og_url":"https:\/\/www.axiomams.eu\/lv\/produktas\/metrel-mi-3288-zemejuma-un-izolacijas-testeris","og_site_name":"AXIOMA MS","article_publisher":"https:\/\/www.facebook.com\/AxiomaMS","article_modified_time":"2026-03-25T14:58:33+00:00","og_image":[{"width":1020,"height":1020,"url":"https:\/\/www.axiomams.eu\/wp-content\/uploads\/2025\/07\/3266-4820.jpg","type":"image\/jpeg"}],"twitter_card":"summary_large_image","twitter_misc":{"Est. reading time":"1 minute"},"schema":{"@context":"https:\/\/schema.org","@graph":[{"@type":"WebPage","@id":"https:\/\/www.axiomams.eu\/lv\/produktas\/metrel-mi-3288-zemejuma-un-izolacijas-testeris","url":"https:\/\/www.axiomams.eu\/lv\/produktas\/metrel-mi-3288-zemejuma-un-izolacijas-testeris","name":"Metrel MI 3288 zem\u0113juma un izol\u0101cijas testeris - AXIOMA MS","isPartOf":{"@id":"https:\/\/www.axiomams.eu\/lv#website"},"primaryImageOfPage":{"@id":"https:\/\/www.axiomams.eu\/lv\/produktas\/metrel-mi-3288-zemejuma-un-izolacijas-testeris#primaryimage"},"image":{"@id":"https:\/\/www.axiomams.eu\/lv\/produktas\/metrel-mi-3288-zemejuma-un-izolacijas-testeris#primaryimage"},"thumbnailUrl":"https:\/\/www.axiomams.eu\/wp-content\/uploads\/2025\/07\/3266-4820.jpg","datePublished":"2025-05-15T15:55:36+00:00","dateModified":"2026-03-25T14:58:33+00:00","breadcrumb":{"@id":"https:\/\/www.axiomams.eu\/lv\/produktas\/metrel-mi-3288-zemejuma-un-izolacijas-testeris#breadcrumb"},"inLanguage":"lv-LV","potentialAction":[{"@type":"ReadAction","target":["https:\/\/www.axiomams.eu\/lv\/produktas\/metrel-mi-3288-zemejuma-un-izolacijas-testeris"]}]},{"@type":"ImageObject","inLanguage":"lv-LV","@id":"https:\/\/www.axiomams.eu\/lv\/produktas\/metrel-mi-3288-zemejuma-un-izolacijas-testeris#primaryimage","url":"https:\/\/www.axiomams.eu\/wp-content\/uploads\/2025\/07\/3266-4820.jpg","contentUrl":"https:\/\/www.axiomams.eu\/wp-content\/uploads\/2025\/07\/3266-4820.jpg","width":1020,"height":1020},{"@type":"BreadcrumbList","@id":"https:\/\/www.axiomams.eu\/lv\/produktas\/metrel-mi-3288-zemejuma-un-izolacijas-testeris#breadcrumb","itemListElement":[{"@type":"ListItem","position":1,"name":"Home","item":"https:\/\/www.axiomams.eu\/lv"},{"@type":"ListItem","position":2,"name":"Produkti","item":"https:\/\/www.axiomams.eu\/lv\/produkti"},{"@type":"ListItem","position":3,"name":"Metrel MI 3288 zem\u0113juma un izol\u0101cijas testeris"}]},{"@type":"WebSite","@id":"https:\/\/www.axiomams.eu\/lv#website","url":"https:\/\/www.axiomams.eu\/lv","name":"AXIOMA MS","description":"Terrmovizoriai ir matavimo \u012franga","publisher":{"@id":"https:\/\/www.axiomams.eu\/lv#organization"},"potentialAction":[{"@type":"SearchAction","target":{"@type":"EntryPoint","urlTemplate":"https:\/\/www.axiomams.eu\/lv?s={search_term_string}"},"query-input":{"@type":"PropertyValueSpecification","valueRequired":true,"valueName":"search_term_string"}}],"inLanguage":"lv-LV"},{"@type":"Organization","@id":"https:\/\/www.axiomams.eu\/lv#organization","name":"AXIOMA MS","url":"https:\/\/www.axiomams.eu\/lv","logo":{"@type":"ImageObject","inLanguage":"lv-LV","@id":"https:\/\/www.axiomams.eu\/lv#\/schema\/logo\/image\/","url":"https:\/\/www.axiomams.eu\/wp-content\/uploads\/2025\/06\/axioma-logo-2.png","contentUrl":"https:\/\/www.axiomams.eu\/wp-content\/uploads\/2025\/06\/axioma-logo-2.png","width":1200,"height":1200,"caption":"AXIOMA MS"},"image":{"@id":"https:\/\/www.axiomams.eu\/lv#\/schema\/logo\/image\/"},"sameAs":["https:\/\/www.facebook.com\/AxiomaMS","https:\/\/www.linkedin.com\/company\/axiomams\/"]}]}},"_links":{"self":[{"href":"https:\/\/www.axiomams.eu\/lv\/wp-json\/wp\/v2\/product\/38845","targetHints":{"allow":["GET"]}}],"collection":[{"href":"https:\/\/www.axiomams.eu\/lv\/wp-json\/wp\/v2\/product"}],"about":[{"href":"https:\/\/www.axiomams.eu\/lv\/wp-json\/wp\/v2\/types\/product"}],"replies":[{"embeddable":true,"href":"https:\/\/www.axiomams.eu\/lv\/wp-json\/wp\/v2\/comments?post=38845"}],"wp:featuredmedia":[{"embeddable":true,"href":"https:\/\/www.axiomams.eu\/lv\/wp-json\/wp\/v2\/media\/41382"}],"wp:attachment":[{"href":"https:\/\/www.axiomams.eu\/lv\/wp-json\/wp\/v2\/media?parent=38845"}],"wp:term":[{"taxonomy":"product_brand","embeddable":true,"href":"https:\/\/www.axiomams.eu\/lv\/wp-json\/wp\/v2\/product_brand?post=38845"},{"taxonomy":"product_cat","embeddable":true,"href":"https:\/\/www.axiomams.eu\/lv\/wp-json\/wp\/v2\/product_cat?post=38845"},{"taxonomy":"product_tag","embeddable":true,"href":"https:\/\/www.axiomams.eu\/lv\/wp-json\/wp\/v2\/product_tag?post=38845"}],"curies":[{"name":"wp","href":"https:\/\/api.w.org\/{rel}","templated":true}]}}