{"id":38846,"date":"2025-07-14T10:07:21","date_gmt":"2025-07-14T08:07:21","guid":{"rendered":"https:\/\/www.axiomams.eu\/produktas\/hioki-mr8848-ierakstisanas-ierice"},"modified":"2026-03-25T16:58:35","modified_gmt":"2026-03-25T14:58:35","slug":"hioki-mr8848-ierakstisanas-ierice","status":"publish","type":"product","link":"https:\/\/www.axiomams.eu\/lv\/produktas\/hioki-mr8848-ierakstisanas-ierice","title":{"rendered":"HIOKI MR8848 ierakst\u012b\u0161anas ier\u012bce"},"content":{"rendered":"<p>Hioki MR8848 Memory HiCorder ir iztur\u012bga, \u0101trdarb\u012bga datu ieguves sist\u0113ma, kas ir ide\u0101li piem\u0113rota kritisk\u0101s infrastrukt\u016bras uzraudz\u012bbai elektrostacij\u0101s, dzelzce\u013cos un r\u016bpniec\u012bb\u0101. T\u0101 ir izstr\u0101d\u0101ta, lai nodro\u0161in\u0101tu uzticam\u012bbu, un tai ir izol\u0113ti kan\u0101li, kas nodro\u0161ina dro\u0161u, vienlaic\u012bgu vair\u0101ku sign\u0101lu m\u0113r\u012b\u0161anu bez \u012bssavienojumu riska.<\/p>\n<p>T\u0101s iztur\u012bg\u0101, triecieniztur\u012bg\u0101 konstrukcija nodro\u0161ina veiktsp\u0113ju skarb\u0101s vid\u0113s, savuk\u0101rt lielas ietilp\u012bbas atmi\u0146a \u013cauj ilgsto\u0161i ierakst\u012bt \u012bslaic\u012bgus notikumus. Ar l\u012bdz 32 analogajiem un 64 lo\u0123iskajiem kan\u0101liem tas ir lieliski piem\u0113rots sare\u017e\u0123\u012btu probl\u0113mu nov\u0113r\u0161anai, vi\u013c\u0146u formas anal\u012bzei un sprieguma, str\u0101vas, vibr\u0101cijas un citu datu korel\u0101cijai.<\/p>\n<p>Iesp\u0113jam\u0101 druk\u0101\u0161ana uz vietas nodro\u0161ina dro\u0161u dokument\u0101ciju, padarot MR8848 par daudzpus\u012bgu instrumentu tehnisk\u0101s apkopes un nov\u0113rt\u0113\u0161anas test\u0113\u0161anai.<\/p>\n<p><b>Standarta komplekts:<\/b> Hioki MR8848 ierakst\u012b\u0161anas ier\u012bce, palai\u0161anas rokasgr\u0101mata, lieto\u0161anas piesardz\u012bbas pas\u0101kumi, ieejas vada eti\u0137ete, baro\u0161anas vads.<\/p>\n<p><iframe loading=\"lazy\" width=\"560\" height=\"315\" src=\"https:\/\/www.youtube.com\/embed\/sKsJZxtxz4M?si=0XGtLcQYXBqNHOz4\" title=\"YouTube video atska\u0146ot\u0101js\" frameborder=\"0\" allow=\"accelerometer; autoplay; clipboard-write; encrypted-media; gyroscope; picture-in-picture; web-share\" referrerpolicy=\"strict-origin-when-cross-origin\" allowfullscreen><\/iframe><\/p>\n<h3>Tehnisk\u0101 inform\u0101cija:<\/h3>\n<ul>\n<li><a href=\"https:\/\/axiomams.eu\/importer\/export\/attachments\/en\/hioki-mr8848.pdf\" target=\"_blank\">Hioki MR8848.pdf<\/a><\/li>\n<\/ul>\n","protected":false},"excerpt":{"rendered":"<p>Hioki MR8848 Memory HiCorder ir iztur\u012bga, \u0101trdarb\u012bga datu ieguves sist\u0113ma, kas ir ide\u0101li piem\u0113rota kritisk\u0101s infrastrukt\u016bras uzraudz\u012bbai elektrostacij\u0101s, dzelzce\u013cos un r\u016bpniec\u012bb\u0101. T\u0101 ir izstr\u0101d\u0101ta, lai nodro\u0161in\u0101tu uzticam\u012bbu, un tai ir izol\u0113ti kan\u0101li, kas nodro\u0161ina dro\u0161u, vienlaic\u012bgu vair\u0101ku sign\u0101lu m\u0113r\u012b\u0161anu bez \u012bssavienojumu riska. T\u0101s iztur\u012bg\u0101, triecieniztur\u012bg\u0101 konstrukcija nodro\u0161ina veiktsp\u0113ju skarb\u0101s vid\u0113s, savuk\u0101rt lielas ietilp\u012bbas atmi\u0146a \u013cauj&#8230;<\/p>\n","protected":false},"featured_media":41384,"comment_status":"open","ping_status":"closed","template":"","meta":{"_acf_changed":false},"product_brand":[1112],"product_cat":[17725],"product_tag":[],"class_list":{"0":"post-38846","1":"product","2":"type-product","3":"status-publish","4":"has-post-thumbnail","6":"product_brand-hioki","7":"product_cat-datu-registretaji","9":"first","10":"instock","11":"taxable","12":"shipping-taxable","13":"product-type-simple"},"acf":[],"yoast_head":"<!-- This site is optimized with the Yoast SEO plugin v27.0 - https:\/\/yoast.com\/product\/yoast-seo-wordpress\/ -->\n<title>HIOKI MR8848 ierakst\u012b\u0161anas ier\u012bce - AXIOMA MS<\/title>\n<meta name=\"robots\" content=\"index, follow, max-snippet:-1, max-image-preview:large, max-video-preview:-1\" \/>\n<link rel=\"canonical\" href=\"https:\/\/www.axiomams.eu\/lv\/produktas\/hioki-mr8848-ierakstisanas-ierice\" \/>\n<meta property=\"og:locale\" content=\"lv_LV\" \/>\n<meta property=\"og:type\" content=\"article\" \/>\n<meta property=\"og:title\" content=\"HIOKI MR8848 ierakst\u012b\u0161anas ier\u012bce - AXIOMA MS\" \/>\n<meta property=\"og:description\" content=\"Hioki MR8848 Memory HiCorder ir iztur\u012bga, \u0101trdarb\u012bga datu ieguves sist\u0113ma, kas ir ide\u0101li piem\u0113rota kritisk\u0101s infrastrukt\u016bras uzraudz\u012bbai elektrostacij\u0101s, dzelzce\u013cos un r\u016bpniec\u012bb\u0101. T\u0101 ir izstr\u0101d\u0101ta, lai nodro\u0161in\u0101tu uzticam\u012bbu, un tai ir izol\u0113ti kan\u0101li, kas nodro\u0161ina dro\u0161u, vienlaic\u012bgu vair\u0101ku sign\u0101lu m\u0113r\u012b\u0161anu bez \u012bssavienojumu riska. T\u0101s iztur\u012bg\u0101, triecieniztur\u012bg\u0101 konstrukcija nodro\u0161ina veiktsp\u0113ju skarb\u0101s vid\u0113s, savuk\u0101rt lielas ietilp\u012bbas atmi\u0146a \u013cauj...\" \/>\n<meta property=\"og:url\" content=\"https:\/\/www.axiomams.eu\/lv\/produktas\/hioki-mr8848-ierakstisanas-ierice\" \/>\n<meta property=\"og:site_name\" content=\"AXIOMA MS\" \/>\n<meta property=\"article:publisher\" content=\"https:\/\/www.facebook.com\/AxiomaMS\" \/>\n<meta property=\"article:modified_time\" content=\"2026-03-25T14:58:35+00:00\" \/>\n<meta property=\"og:image\" content=\"https:\/\/www.axiomams.eu\/wp-content\/uploads\/2025\/07\/4643-6051.jpg\" \/>\n\t<meta property=\"og:image:width\" content=\"1020\" \/>\n\t<meta property=\"og:image:height\" content=\"1020\" \/>\n\t<meta property=\"og:image:type\" content=\"image\/jpeg\" \/>\n<meta name=\"twitter:card\" content=\"summary_large_image\" \/>\n<meta name=\"twitter:label1\" content=\"Est. reading time\" \/>\n\t<meta name=\"twitter:data1\" content=\"1 minute\" \/>\n<script type=\"application\/ld+json\" class=\"yoast-schema-graph\">{\"@context\":\"https:\/\/schema.org\",\"@graph\":[{\"@type\":\"WebPage\",\"@id\":\"https:\/\/www.axiomams.eu\/lv\/produktas\/hioki-mr8848-ierakstisanas-ierice\",\"url\":\"https:\/\/www.axiomams.eu\/lv\/produktas\/hioki-mr8848-ierakstisanas-ierice\",\"name\":\"HIOKI MR8848 ierakst\u012b\u0161anas ier\u012bce - AXIOMA MS\",\"isPartOf\":{\"@id\":\"https:\/\/www.axiomams.eu\/lv#website\"},\"primaryImageOfPage\":{\"@id\":\"https:\/\/www.axiomams.eu\/lv\/produktas\/hioki-mr8848-ierakstisanas-ierice#primaryimage\"},\"image\":{\"@id\":\"https:\/\/www.axiomams.eu\/lv\/produktas\/hioki-mr8848-ierakstisanas-ierice#primaryimage\"},\"thumbnailUrl\":\"https:\/\/www.axiomams.eu\/wp-content\/uploads\/2025\/07\/4643-6051.jpg\",\"datePublished\":\"2025-07-14T08:07:21+00:00\",\"dateModified\":\"2026-03-25T14:58:35+00:00\",\"breadcrumb\":{\"@id\":\"https:\/\/www.axiomams.eu\/lv\/produktas\/hioki-mr8848-ierakstisanas-ierice#breadcrumb\"},\"inLanguage\":\"lv-LV\",\"potentialAction\":[{\"@type\":\"ReadAction\",\"target\":[\"https:\/\/www.axiomams.eu\/lv\/produktas\/hioki-mr8848-ierakstisanas-ierice\"]}]},{\"@type\":\"ImageObject\",\"inLanguage\":\"lv-LV\",\"@id\":\"https:\/\/www.axiomams.eu\/lv\/produktas\/hioki-mr8848-ierakstisanas-ierice#primaryimage\",\"url\":\"https:\/\/www.axiomams.eu\/wp-content\/uploads\/2025\/07\/4643-6051.jpg\",\"contentUrl\":\"https:\/\/www.axiomams.eu\/wp-content\/uploads\/2025\/07\/4643-6051.jpg\",\"width\":1020,\"height\":1020},{\"@type\":\"BreadcrumbList\",\"@id\":\"https:\/\/www.axiomams.eu\/lv\/produktas\/hioki-mr8848-ierakstisanas-ierice#breadcrumb\",\"itemListElement\":[{\"@type\":\"ListItem\",\"position\":1,\"name\":\"Home\",\"item\":\"https:\/\/www.axiomams.eu\/lv\"},{\"@type\":\"ListItem\",\"position\":2,\"name\":\"Produkti\",\"item\":\"https:\/\/www.axiomams.eu\/lv\/produkti\"},{\"@type\":\"ListItem\",\"position\":3,\"name\":\"HIOKI MR8848 ierakst\u012b\u0161anas ier\u012bce\"}]},{\"@type\":\"WebSite\",\"@id\":\"https:\/\/www.axiomams.eu\/lv#website\",\"url\":\"https:\/\/www.axiomams.eu\/lv\",\"name\":\"AXIOMA MS\",\"description\":\"Terrmovizoriai ir matavimo \u012franga\",\"publisher\":{\"@id\":\"https:\/\/www.axiomams.eu\/lv#organization\"},\"potentialAction\":[{\"@type\":\"SearchAction\",\"target\":{\"@type\":\"EntryPoint\",\"urlTemplate\":\"https:\/\/www.axiomams.eu\/lv?s={search_term_string}\"},\"query-input\":{\"@type\":\"PropertyValueSpecification\",\"valueRequired\":true,\"valueName\":\"search_term_string\"}}],\"inLanguage\":\"lv-LV\"},{\"@type\":\"Organization\",\"@id\":\"https:\/\/www.axiomams.eu\/lv#organization\",\"name\":\"AXIOMA MS\",\"url\":\"https:\/\/www.axiomams.eu\/lv\",\"logo\":{\"@type\":\"ImageObject\",\"inLanguage\":\"lv-LV\",\"@id\":\"https:\/\/www.axiomams.eu\/lv#\/schema\/logo\/image\/\",\"url\":\"https:\/\/www.axiomams.eu\/wp-content\/uploads\/2025\/06\/axioma-logo-2.png\",\"contentUrl\":\"https:\/\/www.axiomams.eu\/wp-content\/uploads\/2025\/06\/axioma-logo-2.png\",\"width\":1200,\"height\":1200,\"caption\":\"AXIOMA MS\"},\"image\":{\"@id\":\"https:\/\/www.axiomams.eu\/lv#\/schema\/logo\/image\/\"},\"sameAs\":[\"https:\/\/www.facebook.com\/AxiomaMS\",\"https:\/\/www.linkedin.com\/company\/axiomams\/\"]}]}<\/script>\n<!-- \/ Yoast SEO plugin. -->","yoast_head_json":{"title":"HIOKI MR8848 ierakst\u012b\u0161anas ier\u012bce - AXIOMA MS","robots":{"index":"index","follow":"follow","max-snippet":"max-snippet:-1","max-image-preview":"max-image-preview:large","max-video-preview":"max-video-preview:-1"},"canonical":"https:\/\/www.axiomams.eu\/lv\/produktas\/hioki-mr8848-ierakstisanas-ierice","og_locale":"lv_LV","og_type":"article","og_title":"HIOKI MR8848 ierakst\u012b\u0161anas ier\u012bce - AXIOMA MS","og_description":"Hioki MR8848 Memory HiCorder ir iztur\u012bga, \u0101trdarb\u012bga datu ieguves sist\u0113ma, kas ir ide\u0101li piem\u0113rota kritisk\u0101s infrastrukt\u016bras uzraudz\u012bbai elektrostacij\u0101s, dzelzce\u013cos un r\u016bpniec\u012bb\u0101. T\u0101 ir izstr\u0101d\u0101ta, lai nodro\u0161in\u0101tu uzticam\u012bbu, un tai ir izol\u0113ti kan\u0101li, kas nodro\u0161ina dro\u0161u, vienlaic\u012bgu vair\u0101ku sign\u0101lu m\u0113r\u012b\u0161anu bez \u012bssavienojumu riska. T\u0101s iztur\u012bg\u0101, triecieniztur\u012bg\u0101 konstrukcija nodro\u0161ina veiktsp\u0113ju skarb\u0101s vid\u0113s, savuk\u0101rt lielas ietilp\u012bbas atmi\u0146a \u013cauj...","og_url":"https:\/\/www.axiomams.eu\/lv\/produktas\/hioki-mr8848-ierakstisanas-ierice","og_site_name":"AXIOMA MS","article_publisher":"https:\/\/www.facebook.com\/AxiomaMS","article_modified_time":"2026-03-25T14:58:35+00:00","og_image":[{"width":1020,"height":1020,"url":"https:\/\/www.axiomams.eu\/wp-content\/uploads\/2025\/07\/4643-6051.jpg","type":"image\/jpeg"}],"twitter_card":"summary_large_image","twitter_misc":{"Est. reading time":"1 minute"},"schema":{"@context":"https:\/\/schema.org","@graph":[{"@type":"WebPage","@id":"https:\/\/www.axiomams.eu\/lv\/produktas\/hioki-mr8848-ierakstisanas-ierice","url":"https:\/\/www.axiomams.eu\/lv\/produktas\/hioki-mr8848-ierakstisanas-ierice","name":"HIOKI MR8848 ierakst\u012b\u0161anas ier\u012bce - AXIOMA MS","isPartOf":{"@id":"https:\/\/www.axiomams.eu\/lv#website"},"primaryImageOfPage":{"@id":"https:\/\/www.axiomams.eu\/lv\/produktas\/hioki-mr8848-ierakstisanas-ierice#primaryimage"},"image":{"@id":"https:\/\/www.axiomams.eu\/lv\/produktas\/hioki-mr8848-ierakstisanas-ierice#primaryimage"},"thumbnailUrl":"https:\/\/www.axiomams.eu\/wp-content\/uploads\/2025\/07\/4643-6051.jpg","datePublished":"2025-07-14T08:07:21+00:00","dateModified":"2026-03-25T14:58:35+00:00","breadcrumb":{"@id":"https:\/\/www.axiomams.eu\/lv\/produktas\/hioki-mr8848-ierakstisanas-ierice#breadcrumb"},"inLanguage":"lv-LV","potentialAction":[{"@type":"ReadAction","target":["https:\/\/www.axiomams.eu\/lv\/produktas\/hioki-mr8848-ierakstisanas-ierice"]}]},{"@type":"ImageObject","inLanguage":"lv-LV","@id":"https:\/\/www.axiomams.eu\/lv\/produktas\/hioki-mr8848-ierakstisanas-ierice#primaryimage","url":"https:\/\/www.axiomams.eu\/wp-content\/uploads\/2025\/07\/4643-6051.jpg","contentUrl":"https:\/\/www.axiomams.eu\/wp-content\/uploads\/2025\/07\/4643-6051.jpg","width":1020,"height":1020},{"@type":"BreadcrumbList","@id":"https:\/\/www.axiomams.eu\/lv\/produktas\/hioki-mr8848-ierakstisanas-ierice#breadcrumb","itemListElement":[{"@type":"ListItem","position":1,"name":"Home","item":"https:\/\/www.axiomams.eu\/lv"},{"@type":"ListItem","position":2,"name":"Produkti","item":"https:\/\/www.axiomams.eu\/lv\/produkti"},{"@type":"ListItem","position":3,"name":"HIOKI MR8848 ierakst\u012b\u0161anas ier\u012bce"}]},{"@type":"WebSite","@id":"https:\/\/www.axiomams.eu\/lv#website","url":"https:\/\/www.axiomams.eu\/lv","name":"AXIOMA MS","description":"Terrmovizoriai ir matavimo \u012franga","publisher":{"@id":"https:\/\/www.axiomams.eu\/lv#organization"},"potentialAction":[{"@type":"SearchAction","target":{"@type":"EntryPoint","urlTemplate":"https:\/\/www.axiomams.eu\/lv?s={search_term_string}"},"query-input":{"@type":"PropertyValueSpecification","valueRequired":true,"valueName":"search_term_string"}}],"inLanguage":"lv-LV"},{"@type":"Organization","@id":"https:\/\/www.axiomams.eu\/lv#organization","name":"AXIOMA MS","url":"https:\/\/www.axiomams.eu\/lv","logo":{"@type":"ImageObject","inLanguage":"lv-LV","@id":"https:\/\/www.axiomams.eu\/lv#\/schema\/logo\/image\/","url":"https:\/\/www.axiomams.eu\/wp-content\/uploads\/2025\/06\/axioma-logo-2.png","contentUrl":"https:\/\/www.axiomams.eu\/wp-content\/uploads\/2025\/06\/axioma-logo-2.png","width":1200,"height":1200,"caption":"AXIOMA MS"},"image":{"@id":"https:\/\/www.axiomams.eu\/lv#\/schema\/logo\/image\/"},"sameAs":["https:\/\/www.facebook.com\/AxiomaMS","https:\/\/www.linkedin.com\/company\/axiomams\/"]}]}},"_links":{"self":[{"href":"https:\/\/www.axiomams.eu\/lv\/wp-json\/wp\/v2\/product\/38846","targetHints":{"allow":["GET"]}}],"collection":[{"href":"https:\/\/www.axiomams.eu\/lv\/wp-json\/wp\/v2\/product"}],"about":[{"href":"https:\/\/www.axiomams.eu\/lv\/wp-json\/wp\/v2\/types\/product"}],"replies":[{"embeddable":true,"href":"https:\/\/www.axiomams.eu\/lv\/wp-json\/wp\/v2\/comments?post=38846"}],"wp:featuredmedia":[{"embeddable":true,"href":"https:\/\/www.axiomams.eu\/lv\/wp-json\/wp\/v2\/media\/41384"}],"wp:attachment":[{"href":"https:\/\/www.axiomams.eu\/lv\/wp-json\/wp\/v2\/media?parent=38846"}],"wp:term":[{"taxonomy":"product_brand","embeddable":true,"href":"https:\/\/www.axiomams.eu\/lv\/wp-json\/wp\/v2\/product_brand?post=38846"},{"taxonomy":"product_cat","embeddable":true,"href":"https:\/\/www.axiomams.eu\/lv\/wp-json\/wp\/v2\/product_cat?post=38846"},{"taxonomy":"product_tag","embeddable":true,"href":"https:\/\/www.axiomams.eu\/lv\/wp-json\/wp\/v2\/product_tag?post=38846"}],"curies":[{"name":"wp","href":"https:\/\/api.w.org\/{rel}","templated":true}]}}