{"id":38847,"date":"2025-05-15T17:55:37","date_gmt":"2025-05-15T15:55:37","guid":{"rendered":"https:\/\/www.axiomams.eu\/produktas\/flir-si1-ld-akustiska-attelu-kamera"},"modified":"2026-03-25T16:58:35","modified_gmt":"2026-03-25T14:58:35","slug":"flir-si1-ld-akustiska-attelu-kamera","status":"publish","type":"product","link":"https:\/\/www.axiomams.eu\/lv\/produktas\/flir-si1-ld-akustiska-attelu-kamera","title":{"rendered":"Flir Si1-LD &#8211; akustisk\u0101 att\u0113lu kamera"},"content":{"rendered":"<p>FLIR Si1-LD ir viegli lietojama akustisk\u0101s att\u0113lveido\u0161anas kamera, kas \u013cauj atrast un kvantitat\u012bvi noteikt herm\u0113tiskas nopl\u016bdes saspiest\u0101 gaisa sist\u0113m\u0101s. \u0160\u012b viegl\u0101, ar vienu roku lietojam\u0101 kamera ir izstr\u0101d\u0101ta, lai pal\u012bdz\u0113tu tehnisk\u0101s apkopes, ra\u017eo\u0161anas un in\u017eeniertehnisko darbu speci\u0101listiem noteikt gaisa nopl\u016bdes \u0101tr\u0101k nek\u0101 ar tradicion\u0101laj\u0101m metod\u0113m.<\/p>\n<p>Kamera Si1-LD ir veidota ar r\u016bp\u012bgi konstru\u0113tu MEMS mikrofonu mas\u012bvu, kas nodro\u0161ina augstu jut\u012bbu, un t\u0101 rada prec\u012bzu akustisko att\u0113lu, kas vizu\u0101li att\u0113lo ultraska\u0146as inform\u0101ciju pat ska\u013c\u0101, r\u016bpniecisk\u0101 vid\u0113.<\/p>\n<p>Akustiskais att\u0113ls re\u0101llaik\u0101 tiek p\u0101rkl\u0101ts ar digit\u0101lo att\u0113lu, \u013caujot prec\u012bzi noteikt ska\u0146as avotu, un ieb\u016bv\u0113ta anal\u012btika, kas kvantitat\u012bvi nosaka radu\u0161os zudumus.<\/p>\n<p>Si1-LD ir apr\u012bkots ar spraudni, kas \u013cauj import\u0113t akustiskos att\u0113lus uz FLIR Thermal Studio komplektu, lai tos redi\u0123\u0113tu bezsaist\u0113, analiz\u0113tu un veidotu uzlabotas atskaites. Lauka anal\u012bzi un p\u0101rskatu sagatavo\u0161anu var veikt ar\u012b, izmantojot FLIR Acoustic Camera Viewer m\u0101ko\u0146pakalpojumu.<\/p>\n<p>Att\u0113lu p\u0101rs\u016bt\u012b\u0161anu var veikt, izmantojot atmi\u0146as karti vai USB datu kabeli.<\/p>\n<p>Standarta komplekts: FLIR Si1-LD akustisk\u0101 kamera, akumulators, akumulatora l\u0101d\u0113t\u0101js, baro\u0161anas kabelis, kakla siksna, ciets transport\u0113\u0161anas futr\u0101lis, programmat\u016bras licences karte, druk\u0101ta dokument\u0101cija, USB atmi\u0146as karte.<\/p>\n<h3>Tehnisk\u0101 inform\u0101cija:<\/h3>\n<ul>\n<li><a href=\"https:\/\/axiomams.eu\/importer\/export\/attachments\/en\/flir-si1-ld.pdf\" target=\"_blank\">FLIR Si1-LD.pdf<\/a><\/li>\n<\/ul>\n","protected":false},"excerpt":{"rendered":"<p>FLIR Si1-LD ir viegli lietojama akustisk\u0101s att\u0113lveido\u0161anas kamera, kas \u013cauj atrast un kvantitat\u012bvi noteikt herm\u0113tiskas nopl\u016bdes saspiest\u0101 gaisa sist\u0113m\u0101s. \u0160\u012b viegl\u0101, ar vienu roku lietojam\u0101 kamera ir izstr\u0101d\u0101ta, lai pal\u012bdz\u0113tu tehnisk\u0101s apkopes, ra\u017eo\u0161anas un in\u017eeniertehnisko darbu speci\u0101listiem noteikt gaisa nopl\u016bdes \u0101tr\u0101k nek\u0101 ar tradicion\u0101laj\u0101m metod\u0113m. Kamera Si1-LD ir veidota ar r\u016bp\u012bgi konstru\u0113tu MEMS mikrofonu mas\u012bvu,&#8230;<\/p>\n","protected":false},"featured_media":41386,"comment_status":"open","ping_status":"closed","template":"","meta":{"_acf_changed":false},"product_brand":[734],"product_cat":[17767,17749],"product_tag":[],"class_list":{"0":"post-38847","1":"product","2":"type-product","3":"status-publish","4":"has-post-thumbnail","6":"product_brand-flir","7":"product_cat-akustiskas-un-ultraskanas-kameras","8":"product_cat-saspiesta-gaisa-nopludes-meklesana","10":"first","11":"instock","12":"taxable","13":"shipping-taxable","14":"purchasable","15":"product-type-simple"},"acf":[],"yoast_head":"<!-- This site is optimized with the Yoast SEO plugin v27.0 - https:\/\/yoast.com\/product\/yoast-seo-wordpress\/ -->\n<title>Flir Si1-LD - akustisk\u0101 att\u0113lu kamera - AXIOMA MS<\/title>\n<meta name=\"robots\" content=\"index, follow, max-snippet:-1, max-image-preview:large, max-video-preview:-1\" \/>\n<link rel=\"canonical\" href=\"https:\/\/www.axiomams.eu\/lv\/produktas\/flir-si1-ld-akustiska-attelu-kamera\" \/>\n<meta property=\"og:locale\" content=\"lv_LV\" \/>\n<meta property=\"og:type\" content=\"article\" \/>\n<meta property=\"og:title\" content=\"Flir Si1-LD - akustisk\u0101 att\u0113lu kamera - AXIOMA MS\" \/>\n<meta property=\"og:description\" content=\"FLIR Si1-LD ir viegli lietojama akustisk\u0101s att\u0113lveido\u0161anas kamera, kas \u013cauj atrast un kvantitat\u012bvi noteikt herm\u0113tiskas nopl\u016bdes saspiest\u0101 gaisa sist\u0113m\u0101s. \u0160\u012b viegl\u0101, ar vienu roku lietojam\u0101 kamera ir izstr\u0101d\u0101ta, lai pal\u012bdz\u0113tu tehnisk\u0101s apkopes, ra\u017eo\u0161anas un in\u017eeniertehnisko darbu speci\u0101listiem noteikt gaisa nopl\u016bdes \u0101tr\u0101k nek\u0101 ar tradicion\u0101laj\u0101m metod\u0113m. Kamera Si1-LD ir veidota ar r\u016bp\u012bgi konstru\u0113tu MEMS mikrofonu mas\u012bvu,...\" \/>\n<meta property=\"og:url\" content=\"https:\/\/www.axiomams.eu\/lv\/produktas\/flir-si1-ld-akustiska-attelu-kamera\" \/>\n<meta property=\"og:site_name\" content=\"AXIOMA MS\" \/>\n<meta property=\"article:publisher\" content=\"https:\/\/www.facebook.com\/AxiomaMS\" \/>\n<meta property=\"article:modified_time\" content=\"2026-03-25T14:58:35+00:00\" \/>\n<meta property=\"og:image\" content=\"https:\/\/www.axiomams.eu\/wp-content\/uploads\/2025\/07\/4603-5921.jpg\" \/>\n\t<meta property=\"og:image:width\" content=\"978\" \/>\n\t<meta property=\"og:image:height\" content=\"1020\" \/>\n\t<meta property=\"og:image:type\" content=\"image\/jpeg\" \/>\n<meta name=\"twitter:card\" content=\"summary_large_image\" \/>\n<meta name=\"twitter:label1\" content=\"Est. reading time\" \/>\n\t<meta name=\"twitter:data1\" content=\"1 minute\" \/>\n<script type=\"application\/ld+json\" class=\"yoast-schema-graph\">{\"@context\":\"https:\/\/schema.org\",\"@graph\":[{\"@type\":\"WebPage\",\"@id\":\"https:\/\/www.axiomams.eu\/lv\/produktas\/flir-si1-ld-akustiska-attelu-kamera\",\"url\":\"https:\/\/www.axiomams.eu\/lv\/produktas\/flir-si1-ld-akustiska-attelu-kamera\",\"name\":\"Flir Si1-LD - akustisk\u0101 att\u0113lu kamera - AXIOMA MS\",\"isPartOf\":{\"@id\":\"https:\/\/www.axiomams.eu\/lv#website\"},\"primaryImageOfPage\":{\"@id\":\"https:\/\/www.axiomams.eu\/lv\/produktas\/flir-si1-ld-akustiska-attelu-kamera#primaryimage\"},\"image\":{\"@id\":\"https:\/\/www.axiomams.eu\/lv\/produktas\/flir-si1-ld-akustiska-attelu-kamera#primaryimage\"},\"thumbnailUrl\":\"https:\/\/www.axiomams.eu\/wp-content\/uploads\/2025\/07\/4603-5921.jpg\",\"datePublished\":\"2025-05-15T15:55:37+00:00\",\"dateModified\":\"2026-03-25T14:58:35+00:00\",\"breadcrumb\":{\"@id\":\"https:\/\/www.axiomams.eu\/lv\/produktas\/flir-si1-ld-akustiska-attelu-kamera#breadcrumb\"},\"inLanguage\":\"lv-LV\",\"potentialAction\":[{\"@type\":\"ReadAction\",\"target\":[\"https:\/\/www.axiomams.eu\/lv\/produktas\/flir-si1-ld-akustiska-attelu-kamera\"]}]},{\"@type\":\"ImageObject\",\"inLanguage\":\"lv-LV\",\"@id\":\"https:\/\/www.axiomams.eu\/lv\/produktas\/flir-si1-ld-akustiska-attelu-kamera#primaryimage\",\"url\":\"https:\/\/www.axiomams.eu\/wp-content\/uploads\/2025\/07\/4603-5921.jpg\",\"contentUrl\":\"https:\/\/www.axiomams.eu\/wp-content\/uploads\/2025\/07\/4603-5921.jpg\",\"width\":978,\"height\":1020},{\"@type\":\"BreadcrumbList\",\"@id\":\"https:\/\/www.axiomams.eu\/lv\/produktas\/flir-si1-ld-akustiska-attelu-kamera#breadcrumb\",\"itemListElement\":[{\"@type\":\"ListItem\",\"position\":1,\"name\":\"Home\",\"item\":\"https:\/\/www.axiomams.eu\/lv\"},{\"@type\":\"ListItem\",\"position\":2,\"name\":\"Produkti\",\"item\":\"https:\/\/www.axiomams.eu\/lv\/produkti\"},{\"@type\":\"ListItem\",\"position\":3,\"name\":\"Flir Si1-LD &#8211; akustisk\u0101 att\u0113lu kamera\"}]},{\"@type\":\"WebSite\",\"@id\":\"https:\/\/www.axiomams.eu\/lv#website\",\"url\":\"https:\/\/www.axiomams.eu\/lv\",\"name\":\"AXIOMA MS\",\"description\":\"Terrmovizoriai ir matavimo \u012franga\",\"publisher\":{\"@id\":\"https:\/\/www.axiomams.eu\/lv#organization\"},\"potentialAction\":[{\"@type\":\"SearchAction\",\"target\":{\"@type\":\"EntryPoint\",\"urlTemplate\":\"https:\/\/www.axiomams.eu\/lv?s={search_term_string}\"},\"query-input\":{\"@type\":\"PropertyValueSpecification\",\"valueRequired\":true,\"valueName\":\"search_term_string\"}}],\"inLanguage\":\"lv-LV\"},{\"@type\":\"Organization\",\"@id\":\"https:\/\/www.axiomams.eu\/lv#organization\",\"name\":\"AXIOMA MS\",\"url\":\"https:\/\/www.axiomams.eu\/lv\",\"logo\":{\"@type\":\"ImageObject\",\"inLanguage\":\"lv-LV\",\"@id\":\"https:\/\/www.axiomams.eu\/lv#\/schema\/logo\/image\/\",\"url\":\"https:\/\/www.axiomams.eu\/wp-content\/uploads\/2025\/06\/axioma-logo-2.png\",\"contentUrl\":\"https:\/\/www.axiomams.eu\/wp-content\/uploads\/2025\/06\/axioma-logo-2.png\",\"width\":1200,\"height\":1200,\"caption\":\"AXIOMA MS\"},\"image\":{\"@id\":\"https:\/\/www.axiomams.eu\/lv#\/schema\/logo\/image\/\"},\"sameAs\":[\"https:\/\/www.facebook.com\/AxiomaMS\",\"https:\/\/www.linkedin.com\/company\/axiomams\/\"]}]}<\/script>\n<!-- \/ Yoast SEO plugin. -->","yoast_head_json":{"title":"Flir Si1-LD - akustisk\u0101 att\u0113lu kamera - AXIOMA MS","robots":{"index":"index","follow":"follow","max-snippet":"max-snippet:-1","max-image-preview":"max-image-preview:large","max-video-preview":"max-video-preview:-1"},"canonical":"https:\/\/www.axiomams.eu\/lv\/produktas\/flir-si1-ld-akustiska-attelu-kamera","og_locale":"lv_LV","og_type":"article","og_title":"Flir Si1-LD - akustisk\u0101 att\u0113lu kamera - AXIOMA MS","og_description":"FLIR Si1-LD ir viegli lietojama akustisk\u0101s att\u0113lveido\u0161anas kamera, kas \u013cauj atrast un kvantitat\u012bvi noteikt herm\u0113tiskas nopl\u016bdes saspiest\u0101 gaisa sist\u0113m\u0101s. \u0160\u012b viegl\u0101, ar vienu roku lietojam\u0101 kamera ir izstr\u0101d\u0101ta, lai pal\u012bdz\u0113tu tehnisk\u0101s apkopes, ra\u017eo\u0161anas un in\u017eeniertehnisko darbu speci\u0101listiem noteikt gaisa nopl\u016bdes \u0101tr\u0101k nek\u0101 ar tradicion\u0101laj\u0101m metod\u0113m. Kamera Si1-LD ir veidota ar r\u016bp\u012bgi konstru\u0113tu MEMS mikrofonu mas\u012bvu,...","og_url":"https:\/\/www.axiomams.eu\/lv\/produktas\/flir-si1-ld-akustiska-attelu-kamera","og_site_name":"AXIOMA MS","article_publisher":"https:\/\/www.facebook.com\/AxiomaMS","article_modified_time":"2026-03-25T14:58:35+00:00","og_image":[{"width":978,"height":1020,"url":"https:\/\/www.axiomams.eu\/wp-content\/uploads\/2025\/07\/4603-5921.jpg","type":"image\/jpeg"}],"twitter_card":"summary_large_image","twitter_misc":{"Est. reading time":"1 minute"},"schema":{"@context":"https:\/\/schema.org","@graph":[{"@type":"WebPage","@id":"https:\/\/www.axiomams.eu\/lv\/produktas\/flir-si1-ld-akustiska-attelu-kamera","url":"https:\/\/www.axiomams.eu\/lv\/produktas\/flir-si1-ld-akustiska-attelu-kamera","name":"Flir Si1-LD - akustisk\u0101 att\u0113lu kamera - AXIOMA MS","isPartOf":{"@id":"https:\/\/www.axiomams.eu\/lv#website"},"primaryImageOfPage":{"@id":"https:\/\/www.axiomams.eu\/lv\/produktas\/flir-si1-ld-akustiska-attelu-kamera#primaryimage"},"image":{"@id":"https:\/\/www.axiomams.eu\/lv\/produktas\/flir-si1-ld-akustiska-attelu-kamera#primaryimage"},"thumbnailUrl":"https:\/\/www.axiomams.eu\/wp-content\/uploads\/2025\/07\/4603-5921.jpg","datePublished":"2025-05-15T15:55:37+00:00","dateModified":"2026-03-25T14:58:35+00:00","breadcrumb":{"@id":"https:\/\/www.axiomams.eu\/lv\/produktas\/flir-si1-ld-akustiska-attelu-kamera#breadcrumb"},"inLanguage":"lv-LV","potentialAction":[{"@type":"ReadAction","target":["https:\/\/www.axiomams.eu\/lv\/produktas\/flir-si1-ld-akustiska-attelu-kamera"]}]},{"@type":"ImageObject","inLanguage":"lv-LV","@id":"https:\/\/www.axiomams.eu\/lv\/produktas\/flir-si1-ld-akustiska-attelu-kamera#primaryimage","url":"https:\/\/www.axiomams.eu\/wp-content\/uploads\/2025\/07\/4603-5921.jpg","contentUrl":"https:\/\/www.axiomams.eu\/wp-content\/uploads\/2025\/07\/4603-5921.jpg","width":978,"height":1020},{"@type":"BreadcrumbList","@id":"https:\/\/www.axiomams.eu\/lv\/produktas\/flir-si1-ld-akustiska-attelu-kamera#breadcrumb","itemListElement":[{"@type":"ListItem","position":1,"name":"Home","item":"https:\/\/www.axiomams.eu\/lv"},{"@type":"ListItem","position":2,"name":"Produkti","item":"https:\/\/www.axiomams.eu\/lv\/produkti"},{"@type":"ListItem","position":3,"name":"Flir Si1-LD &#8211; akustisk\u0101 att\u0113lu kamera"}]},{"@type":"WebSite","@id":"https:\/\/www.axiomams.eu\/lv#website","url":"https:\/\/www.axiomams.eu\/lv","name":"AXIOMA MS","description":"Terrmovizoriai ir matavimo \u012franga","publisher":{"@id":"https:\/\/www.axiomams.eu\/lv#organization"},"potentialAction":[{"@type":"SearchAction","target":{"@type":"EntryPoint","urlTemplate":"https:\/\/www.axiomams.eu\/lv?s={search_term_string}"},"query-input":{"@type":"PropertyValueSpecification","valueRequired":true,"valueName":"search_term_string"}}],"inLanguage":"lv-LV"},{"@type":"Organization","@id":"https:\/\/www.axiomams.eu\/lv#organization","name":"AXIOMA MS","url":"https:\/\/www.axiomams.eu\/lv","logo":{"@type":"ImageObject","inLanguage":"lv-LV","@id":"https:\/\/www.axiomams.eu\/lv#\/schema\/logo\/image\/","url":"https:\/\/www.axiomams.eu\/wp-content\/uploads\/2025\/06\/axioma-logo-2.png","contentUrl":"https:\/\/www.axiomams.eu\/wp-content\/uploads\/2025\/06\/axioma-logo-2.png","width":1200,"height":1200,"caption":"AXIOMA MS"},"image":{"@id":"https:\/\/www.axiomams.eu\/lv#\/schema\/logo\/image\/"},"sameAs":["https:\/\/www.facebook.com\/AxiomaMS","https:\/\/www.linkedin.com\/company\/axiomams\/"]}]}},"_links":{"self":[{"href":"https:\/\/www.axiomams.eu\/lv\/wp-json\/wp\/v2\/product\/38847","targetHints":{"allow":["GET"]}}],"collection":[{"href":"https:\/\/www.axiomams.eu\/lv\/wp-json\/wp\/v2\/product"}],"about":[{"href":"https:\/\/www.axiomams.eu\/lv\/wp-json\/wp\/v2\/types\/product"}],"replies":[{"embeddable":true,"href":"https:\/\/www.axiomams.eu\/lv\/wp-json\/wp\/v2\/comments?post=38847"}],"wp:featuredmedia":[{"embeddable":true,"href":"https:\/\/www.axiomams.eu\/lv\/wp-json\/wp\/v2\/media\/41386"}],"wp:attachment":[{"href":"https:\/\/www.axiomams.eu\/lv\/wp-json\/wp\/v2\/media?parent=38847"}],"wp:term":[{"taxonomy":"product_brand","embeddable":true,"href":"https:\/\/www.axiomams.eu\/lv\/wp-json\/wp\/v2\/product_brand?post=38847"},{"taxonomy":"product_cat","embeddable":true,"href":"https:\/\/www.axiomams.eu\/lv\/wp-json\/wp\/v2\/product_cat?post=38847"},{"taxonomy":"product_tag","embeddable":true,"href":"https:\/\/www.axiomams.eu\/lv\/wp-json\/wp\/v2\/product_tag?post=38847"}],"curies":[{"name":"wp","href":"https:\/\/api.w.org\/{rel}","templated":true}]}}