{"id":38849,"date":"2025-05-15T17:55:37","date_gmt":"2025-05-15T15:55:37","guid":{"rendered":"https:\/\/www.axiomams.eu\/produktas\/flir-si2-pd-akustiskas-attelveidosanas-kamera"},"modified":"2026-03-25T16:58:36","modified_gmt":"2026-03-25T14:58:36","slug":"flir-si2-pd-akustiskas-attelveidosanas-kamera","status":"publish","type":"product","link":"https:\/\/www.axiomams.eu\/lv\/produktas\/flir-si2-pd-akustiskas-attelveidosanas-kamera","title":{"rendered":"Flir Si2-PD akustisk\u0101s att\u0113lveido\u0161anas kamera"},"content":{"rendered":"<p>FLIR Si2-PD akustisk\u0101s att\u0113lveido\u0161anas kamera \u013cauj prec\u012bzi atkl\u0101t, lokaliz\u0113t un klasific\u0113t da\u013c\u0113jas un koron\u0101ras izl\u0101des. Identific\u0113jiet un kvantific\u0113jiet gan nelielas, gan gr\u016bti paman\u0101mas probl\u0113mas no att\u0101luma l\u012bdz pat 200 m &#8211; palielinot darb\u012bbas efektivit\u0101ti un nodro\u0161inot dro\u0161\u012bbu.<br \/>\nNodro\u0161iniet optim\u0101lu iek\u0101rtu izmanto\u0161anu un apkopi liela m\u0113roga r\u016bpnieciskos apst\u0101k\u013cos, izmantojot autoparka p\u0101rvald\u012bbu, autom\u0101tisku uz m\u0101ksl\u012bgo intelektu balst\u012btu nopietn\u012bbas nov\u0113rt\u0113jumu, tostarp ieteikt\u0101s darb\u012bbas kamer\u0101, m\u0101ko\u0146datu integr\u0101ciju un OTA programmat\u016bras atjaunin\u0101jumus. Apvienot akustisko un termisko att\u0113lu vien\u0101 zi\u0146ojum\u0101.<\/p>\n<p><b>Standarta komplekts:<\/b> FLIR Si2-PD akustisk\u0101s att\u0113lveido\u0161anas kamera, akumulators (2 gab.), akumulatora l\u0101d\u0113t\u0101js, baro\u0161anas kabelis (4 gab.), kakla siksna, ciets transport\u0113\u0161anas futr\u0101lis, programmat\u016bras licence, druk\u0101ta dokument\u0101cija, USB atmi\u0146as karte.<\/p>\n<p><iframe loading=\"lazy\" width=\"560\" height=\"315\" src=\"https:\/\/www.youtube.com\/embed\/Rq2EFqxoN-4?si=fHOYf7uOTz8NUWa2\" title=\"YouTube video atska\u0146ot\u0101js\" frameborder=\"0\" allow=\"akselerometrs; autoplay; clipboard-write; encrypted-media; gyroscope; picture-in-picture; web-share\" allowfullscreen><\/iframe><\/p>\n<h3>Tehnisk\u0101 inform\u0101cija:<\/h3>\n<ul>\n<li><a href=\"https:\/\/axiomams.eu\/importer\/export\/attachments\/en\/flir-si2-pd.pdf\" target=\"_blank\">FLIR Si2-PD.pdf<\/a><\/li>\n<\/ul>\n","protected":false},"excerpt":{"rendered":"<p>FLIR Si2-PD akustisk\u0101s att\u0113lveido\u0161anas kamera \u013cauj prec\u012bzi atkl\u0101t, lokaliz\u0113t un klasific\u0113t da\u013c\u0113jas un koron\u0101ras izl\u0101des. Identific\u0113jiet un kvantific\u0113jiet gan nelielas, gan gr\u016bti paman\u0101mas probl\u0113mas no att\u0101luma l\u012bdz pat 200 m &#8211; palielinot darb\u012bbas efektivit\u0101ti un nodro\u0161inot dro\u0161\u012bbu. Nodro\u0161iniet optim\u0101lu iek\u0101rtu izmanto\u0161anu un apkopi liela m\u0113roga r\u016bpnieciskos apst\u0101k\u013cos, izmantojot autoparka p\u0101rvald\u012bbu, autom\u0101tisku uz m\u0101ksl\u012bgo intelektu balst\u012btu&#8230;<\/p>\n","protected":false},"featured_media":41390,"comment_status":"open","ping_status":"closed","template":"","meta":{"_acf_changed":false},"product_brand":[734],"product_cat":[17767],"product_tag":[],"class_list":{"0":"post-38849","1":"product","2":"type-product","3":"status-publish","4":"has-post-thumbnail","6":"product_brand-flir","7":"product_cat-akustiskas-un-ultraskanas-kameras","9":"first","10":"instock","11":"taxable","12":"shipping-taxable","13":"product-type-simple"},"acf":[],"yoast_head":"<!-- This site is optimized with the Yoast SEO plugin v27.0 - https:\/\/yoast.com\/product\/yoast-seo-wordpress\/ -->\n<title>Flir Si2-PD akustisk\u0101s att\u0113lveido\u0161anas kamera - AXIOMA MS<\/title>\n<meta name=\"robots\" content=\"index, follow, max-snippet:-1, max-image-preview:large, max-video-preview:-1\" \/>\n<link rel=\"canonical\" href=\"https:\/\/www.axiomams.eu\/lv\/produktas\/flir-si2-pd-akustiskas-attelveidosanas-kamera\" \/>\n<meta property=\"og:locale\" content=\"lv_LV\" \/>\n<meta property=\"og:type\" content=\"article\" \/>\n<meta property=\"og:title\" content=\"Flir Si2-PD akustisk\u0101s att\u0113lveido\u0161anas kamera - AXIOMA MS\" \/>\n<meta property=\"og:description\" content=\"FLIR Si2-PD akustisk\u0101s att\u0113lveido\u0161anas kamera \u013cauj prec\u012bzi atkl\u0101t, lokaliz\u0113t un klasific\u0113t da\u013c\u0113jas un koron\u0101ras izl\u0101des. Identific\u0113jiet un kvantific\u0113jiet gan nelielas, gan gr\u016bti paman\u0101mas probl\u0113mas no att\u0101luma l\u012bdz pat 200 m &#8211; palielinot darb\u012bbas efektivit\u0101ti un nodro\u0161inot dro\u0161\u012bbu. Nodro\u0161iniet optim\u0101lu iek\u0101rtu izmanto\u0161anu un apkopi liela m\u0113roga r\u016bpnieciskos apst\u0101k\u013cos, izmantojot autoparka p\u0101rvald\u012bbu, autom\u0101tisku uz m\u0101ksl\u012bgo intelektu balst\u012btu...\" \/>\n<meta property=\"og:url\" content=\"https:\/\/www.axiomams.eu\/lv\/produktas\/flir-si2-pd-akustiskas-attelveidosanas-kamera\" \/>\n<meta property=\"og:site_name\" content=\"AXIOMA MS\" \/>\n<meta property=\"article:publisher\" content=\"https:\/\/www.facebook.com\/AxiomaMS\" \/>\n<meta property=\"article:modified_time\" content=\"2026-03-25T14:58:36+00:00\" \/>\n<meta property=\"og:image\" content=\"https:\/\/www.axiomams.eu\/wp-content\/uploads\/2025\/07\/4581-5893.jpg\" \/>\n\t<meta property=\"og:image:width\" content=\"978\" \/>\n\t<meta property=\"og:image:height\" content=\"1020\" \/>\n\t<meta property=\"og:image:type\" content=\"image\/jpeg\" \/>\n<meta name=\"twitter:card\" content=\"summary_large_image\" \/>\n<meta name=\"twitter:label1\" content=\"Est. reading time\" \/>\n\t<meta name=\"twitter:data1\" content=\"1 minute\" \/>\n<script type=\"application\/ld+json\" class=\"yoast-schema-graph\">{\"@context\":\"https:\/\/schema.org\",\"@graph\":[{\"@type\":\"WebPage\",\"@id\":\"https:\/\/www.axiomams.eu\/lv\/produktas\/flir-si2-pd-akustiskas-attelveidosanas-kamera\",\"url\":\"https:\/\/www.axiomams.eu\/lv\/produktas\/flir-si2-pd-akustiskas-attelveidosanas-kamera\",\"name\":\"Flir Si2-PD akustisk\u0101s att\u0113lveido\u0161anas kamera - AXIOMA MS\",\"isPartOf\":{\"@id\":\"https:\/\/www.axiomams.eu\/lv#website\"},\"primaryImageOfPage\":{\"@id\":\"https:\/\/www.axiomams.eu\/lv\/produktas\/flir-si2-pd-akustiskas-attelveidosanas-kamera#primaryimage\"},\"image\":{\"@id\":\"https:\/\/www.axiomams.eu\/lv\/produktas\/flir-si2-pd-akustiskas-attelveidosanas-kamera#primaryimage\"},\"thumbnailUrl\":\"https:\/\/www.axiomams.eu\/wp-content\/uploads\/2025\/07\/4581-5893.jpg\",\"datePublished\":\"2025-05-15T15:55:37+00:00\",\"dateModified\":\"2026-03-25T14:58:36+00:00\",\"breadcrumb\":{\"@id\":\"https:\/\/www.axiomams.eu\/lv\/produktas\/flir-si2-pd-akustiskas-attelveidosanas-kamera#breadcrumb\"},\"inLanguage\":\"lv-LV\",\"potentialAction\":[{\"@type\":\"ReadAction\",\"target\":[\"https:\/\/www.axiomams.eu\/lv\/produktas\/flir-si2-pd-akustiskas-attelveidosanas-kamera\"]}]},{\"@type\":\"ImageObject\",\"inLanguage\":\"lv-LV\",\"@id\":\"https:\/\/www.axiomams.eu\/lv\/produktas\/flir-si2-pd-akustiskas-attelveidosanas-kamera#primaryimage\",\"url\":\"https:\/\/www.axiomams.eu\/wp-content\/uploads\/2025\/07\/4581-5893.jpg\",\"contentUrl\":\"https:\/\/www.axiomams.eu\/wp-content\/uploads\/2025\/07\/4581-5893.jpg\",\"width\":978,\"height\":1020},{\"@type\":\"BreadcrumbList\",\"@id\":\"https:\/\/www.axiomams.eu\/lv\/produktas\/flir-si2-pd-akustiskas-attelveidosanas-kamera#breadcrumb\",\"itemListElement\":[{\"@type\":\"ListItem\",\"position\":1,\"name\":\"Home\",\"item\":\"https:\/\/www.axiomams.eu\/lv\"},{\"@type\":\"ListItem\",\"position\":2,\"name\":\"Produkti\",\"item\":\"https:\/\/www.axiomams.eu\/lv\/produkti\"},{\"@type\":\"ListItem\",\"position\":3,\"name\":\"Flir Si2-PD akustisk\u0101s att\u0113lveido\u0161anas kamera\"}]},{\"@type\":\"WebSite\",\"@id\":\"https:\/\/www.axiomams.eu\/lv#website\",\"url\":\"https:\/\/www.axiomams.eu\/lv\",\"name\":\"AXIOMA MS\",\"description\":\"Terrmovizoriai ir matavimo \u012franga\",\"publisher\":{\"@id\":\"https:\/\/www.axiomams.eu\/lv#organization\"},\"potentialAction\":[{\"@type\":\"SearchAction\",\"target\":{\"@type\":\"EntryPoint\",\"urlTemplate\":\"https:\/\/www.axiomams.eu\/lv?s={search_term_string}\"},\"query-input\":{\"@type\":\"PropertyValueSpecification\",\"valueRequired\":true,\"valueName\":\"search_term_string\"}}],\"inLanguage\":\"lv-LV\"},{\"@type\":\"Organization\",\"@id\":\"https:\/\/www.axiomams.eu\/lv#organization\",\"name\":\"AXIOMA MS\",\"url\":\"https:\/\/www.axiomams.eu\/lv\",\"logo\":{\"@type\":\"ImageObject\",\"inLanguage\":\"lv-LV\",\"@id\":\"https:\/\/www.axiomams.eu\/lv#\/schema\/logo\/image\/\",\"url\":\"https:\/\/www.axiomams.eu\/wp-content\/uploads\/2025\/06\/axioma-logo-2.png\",\"contentUrl\":\"https:\/\/www.axiomams.eu\/wp-content\/uploads\/2025\/06\/axioma-logo-2.png\",\"width\":1200,\"height\":1200,\"caption\":\"AXIOMA MS\"},\"image\":{\"@id\":\"https:\/\/www.axiomams.eu\/lv#\/schema\/logo\/image\/\"},\"sameAs\":[\"https:\/\/www.facebook.com\/AxiomaMS\",\"https:\/\/www.linkedin.com\/company\/axiomams\/\"]}]}<\/script>\n<!-- \/ Yoast SEO plugin. -->","yoast_head_json":{"title":"Flir Si2-PD akustisk\u0101s att\u0113lveido\u0161anas kamera - AXIOMA MS","robots":{"index":"index","follow":"follow","max-snippet":"max-snippet:-1","max-image-preview":"max-image-preview:large","max-video-preview":"max-video-preview:-1"},"canonical":"https:\/\/www.axiomams.eu\/lv\/produktas\/flir-si2-pd-akustiskas-attelveidosanas-kamera","og_locale":"lv_LV","og_type":"article","og_title":"Flir Si2-PD akustisk\u0101s att\u0113lveido\u0161anas kamera - AXIOMA MS","og_description":"FLIR Si2-PD akustisk\u0101s att\u0113lveido\u0161anas kamera \u013cauj prec\u012bzi atkl\u0101t, lokaliz\u0113t un klasific\u0113t da\u013c\u0113jas un koron\u0101ras izl\u0101des. Identific\u0113jiet un kvantific\u0113jiet gan nelielas, gan gr\u016bti paman\u0101mas probl\u0113mas no att\u0101luma l\u012bdz pat 200 m &#8211; palielinot darb\u012bbas efektivit\u0101ti un nodro\u0161inot dro\u0161\u012bbu. Nodro\u0161iniet optim\u0101lu iek\u0101rtu izmanto\u0161anu un apkopi liela m\u0113roga r\u016bpnieciskos apst\u0101k\u013cos, izmantojot autoparka p\u0101rvald\u012bbu, autom\u0101tisku uz m\u0101ksl\u012bgo intelektu balst\u012btu...","og_url":"https:\/\/www.axiomams.eu\/lv\/produktas\/flir-si2-pd-akustiskas-attelveidosanas-kamera","og_site_name":"AXIOMA MS","article_publisher":"https:\/\/www.facebook.com\/AxiomaMS","article_modified_time":"2026-03-25T14:58:36+00:00","og_image":[{"width":978,"height":1020,"url":"https:\/\/www.axiomams.eu\/wp-content\/uploads\/2025\/07\/4581-5893.jpg","type":"image\/jpeg"}],"twitter_card":"summary_large_image","twitter_misc":{"Est. reading time":"1 minute"},"schema":{"@context":"https:\/\/schema.org","@graph":[{"@type":"WebPage","@id":"https:\/\/www.axiomams.eu\/lv\/produktas\/flir-si2-pd-akustiskas-attelveidosanas-kamera","url":"https:\/\/www.axiomams.eu\/lv\/produktas\/flir-si2-pd-akustiskas-attelveidosanas-kamera","name":"Flir Si2-PD akustisk\u0101s att\u0113lveido\u0161anas kamera - AXIOMA MS","isPartOf":{"@id":"https:\/\/www.axiomams.eu\/lv#website"},"primaryImageOfPage":{"@id":"https:\/\/www.axiomams.eu\/lv\/produktas\/flir-si2-pd-akustiskas-attelveidosanas-kamera#primaryimage"},"image":{"@id":"https:\/\/www.axiomams.eu\/lv\/produktas\/flir-si2-pd-akustiskas-attelveidosanas-kamera#primaryimage"},"thumbnailUrl":"https:\/\/www.axiomams.eu\/wp-content\/uploads\/2025\/07\/4581-5893.jpg","datePublished":"2025-05-15T15:55:37+00:00","dateModified":"2026-03-25T14:58:36+00:00","breadcrumb":{"@id":"https:\/\/www.axiomams.eu\/lv\/produktas\/flir-si2-pd-akustiskas-attelveidosanas-kamera#breadcrumb"},"inLanguage":"lv-LV","potentialAction":[{"@type":"ReadAction","target":["https:\/\/www.axiomams.eu\/lv\/produktas\/flir-si2-pd-akustiskas-attelveidosanas-kamera"]}]},{"@type":"ImageObject","inLanguage":"lv-LV","@id":"https:\/\/www.axiomams.eu\/lv\/produktas\/flir-si2-pd-akustiskas-attelveidosanas-kamera#primaryimage","url":"https:\/\/www.axiomams.eu\/wp-content\/uploads\/2025\/07\/4581-5893.jpg","contentUrl":"https:\/\/www.axiomams.eu\/wp-content\/uploads\/2025\/07\/4581-5893.jpg","width":978,"height":1020},{"@type":"BreadcrumbList","@id":"https:\/\/www.axiomams.eu\/lv\/produktas\/flir-si2-pd-akustiskas-attelveidosanas-kamera#breadcrumb","itemListElement":[{"@type":"ListItem","position":1,"name":"Home","item":"https:\/\/www.axiomams.eu\/lv"},{"@type":"ListItem","position":2,"name":"Produkti","item":"https:\/\/www.axiomams.eu\/lv\/produkti"},{"@type":"ListItem","position":3,"name":"Flir Si2-PD akustisk\u0101s att\u0113lveido\u0161anas kamera"}]},{"@type":"WebSite","@id":"https:\/\/www.axiomams.eu\/lv#website","url":"https:\/\/www.axiomams.eu\/lv","name":"AXIOMA MS","description":"Terrmovizoriai ir matavimo \u012franga","publisher":{"@id":"https:\/\/www.axiomams.eu\/lv#organization"},"potentialAction":[{"@type":"SearchAction","target":{"@type":"EntryPoint","urlTemplate":"https:\/\/www.axiomams.eu\/lv?s={search_term_string}"},"query-input":{"@type":"PropertyValueSpecification","valueRequired":true,"valueName":"search_term_string"}}],"inLanguage":"lv-LV"},{"@type":"Organization","@id":"https:\/\/www.axiomams.eu\/lv#organization","name":"AXIOMA MS","url":"https:\/\/www.axiomams.eu\/lv","logo":{"@type":"ImageObject","inLanguage":"lv-LV","@id":"https:\/\/www.axiomams.eu\/lv#\/schema\/logo\/image\/","url":"https:\/\/www.axiomams.eu\/wp-content\/uploads\/2025\/06\/axioma-logo-2.png","contentUrl":"https:\/\/www.axiomams.eu\/wp-content\/uploads\/2025\/06\/axioma-logo-2.png","width":1200,"height":1200,"caption":"AXIOMA MS"},"image":{"@id":"https:\/\/www.axiomams.eu\/lv#\/schema\/logo\/image\/"},"sameAs":["https:\/\/www.facebook.com\/AxiomaMS","https:\/\/www.linkedin.com\/company\/axiomams\/"]}]}},"_links":{"self":[{"href":"https:\/\/www.axiomams.eu\/lv\/wp-json\/wp\/v2\/product\/38849","targetHints":{"allow":["GET"]}}],"collection":[{"href":"https:\/\/www.axiomams.eu\/lv\/wp-json\/wp\/v2\/product"}],"about":[{"href":"https:\/\/www.axiomams.eu\/lv\/wp-json\/wp\/v2\/types\/product"}],"replies":[{"embeddable":true,"href":"https:\/\/www.axiomams.eu\/lv\/wp-json\/wp\/v2\/comments?post=38849"}],"wp:featuredmedia":[{"embeddable":true,"href":"https:\/\/www.axiomams.eu\/lv\/wp-json\/wp\/v2\/media\/41390"}],"wp:attachment":[{"href":"https:\/\/www.axiomams.eu\/lv\/wp-json\/wp\/v2\/media?parent=38849"}],"wp:term":[{"taxonomy":"product_brand","embeddable":true,"href":"https:\/\/www.axiomams.eu\/lv\/wp-json\/wp\/v2\/product_brand?post=38849"},{"taxonomy":"product_cat","embeddable":true,"href":"https:\/\/www.axiomams.eu\/lv\/wp-json\/wp\/v2\/product_cat?post=38849"},{"taxonomy":"product_tag","embeddable":true,"href":"https:\/\/www.axiomams.eu\/lv\/wp-json\/wp\/v2\/product_tag?post=38849"}],"curies":[{"name":"wp","href":"https:\/\/api.w.org\/{rel}","templated":true}]}}