{"id":38852,"date":"2025-05-15T17:55:39","date_gmt":"2025-05-15T15:55:39","guid":{"rendered":"https:\/\/www.axiomams.eu\/produktas\/flir-sv88-kit-vibracijas-un-temperaturas-monitoringa-sistema"},"modified":"2026-03-25T16:58:36","modified_gmt":"2026-03-25T14:58:36","slug":"flir-sv88-kit-vibracijas-un-temperaturas-monitoringa-sistema","status":"publish","type":"product","link":"https:\/\/www.axiomams.eu\/lv\/produktas\/flir-sv88-kit-vibracijas-un-temperaturas-monitoringa-sistema","title":{"rendered":"Flir SV88-KIT vibr\u0101cijas un temperat\u016bras monitoringa sist\u0113ma"},"content":{"rendered":"<p>FLIR SV88-KIT ir bezvadu savienots sensora risin\u0101jums, kas paredz\u0113ts nep\u0101rtrauktai vibr\u0101cijas un temperat\u016bras kontrolei. Vibr\u0101cijas tenden\u010du noteik\u0161ana un anal\u012bze var pal\u012bdz\u0113t atkl\u0101t nopietnas probl\u0113mas r\u016bpnieciskaj\u0101s iek\u0101rt\u0101s ilgi pirms boj\u0101jumu paman\u012b\u0161anas, t\u0101p\u0113c SV88-KIT ir ide\u0101li piem\u0113rots ra\u017eo\u0161anas vid\u0113m, kur\u0101s izmanto rot\u0113jo\u0161as iek\u0101rtas, r\u016bpnieciskos s\u016bk\u0146us, ventilatorus, reduktorus un motorus.<\/p>\n<p>Komplekt\u0101 iek\u013cautais att\u0101lin\u0101t\u0101s uzraudz\u012bbas v\u0101rtsargs saglab\u0101 sensoru datus un bezvadu re\u017e\u012bm\u0101 p\u0101rraida r\u0101d\u012bjumus re\u0101llaik\u0101 uz mobilo ier\u012bci vai datoru. Tas \u013cauj speci\u0101listiem pie\u0146emt zino\u0161us l\u0113mumus par ma\u0161\u012bnu darb\u012bbu un apkopi, negaidot n\u0101kamo manu\u0101lo p\u0101rbaudi &#8211; samazinot nepl\u0101notas d\u012bkst\u0101ves, samazinot darb\u012bbas izmaksas un uzlabojot rentabilit\u0101ti.<\/p>\n<p><iframe loading=\"lazy\" width=\"560\" height=\"315\" src=\"https:\/\/www.youtube.com\/embed\/_ZTtUj2slVw?si=fgkM1jteLKNylVt_\" title=\"YouTube video atska\u0146ot\u0101js\" frameborder=\"0\" allow=\"accelerometer; autoplay; clipboard-write; encrypted-media; gyroscope; picture-in-picture; web-share\" referrerpolicy=\"strict-origin-when-cross-origin\" allowfullscreen><\/iframe><\/p>\n<h3>Tehnisk\u0101 inform\u0101cija:<\/h3>\n<ul>\n<li><a href=\"https:\/\/axiomams.eu\/importer\/export\/attachments\/en\/flir-sv88.pdf\" target=\"_blank\">FLIR SV88.pdf<\/a><\/li>\n<\/ul>\n","protected":false},"excerpt":{"rendered":"<p>FLIR SV88-KIT ir bezvadu savienots sensora risin\u0101jums, kas paredz\u0113ts nep\u0101rtrauktai vibr\u0101cijas un temperat\u016bras kontrolei. Vibr\u0101cijas tenden\u010du noteik\u0161ana un anal\u012bze var pal\u012bdz\u0113t atkl\u0101t nopietnas probl\u0113mas r\u016bpnieciskaj\u0101s iek\u0101rt\u0101s ilgi pirms boj\u0101jumu paman\u012b\u0161anas, t\u0101p\u0113c SV88-KIT ir ide\u0101li piem\u0113rots ra\u017eo\u0161anas vid\u0113m, kur\u0101s izmanto rot\u0113jo\u0161as iek\u0101rtas, r\u016bpnieciskos s\u016bk\u0146us, ventilatorus, reduktorus un motorus. Komplekt\u0101 iek\u013cautais att\u0101lin\u0101t\u0101s uzraudz\u012bbas v\u0101rtsargs saglab\u0101 sensoru datus&#8230;<\/p>\n","protected":false},"featured_media":41396,"comment_status":"open","ping_status":"closed","template":"","meta":{"_acf_changed":false},"product_brand":[734],"product_cat":[17776],"product_tag":[],"class_list":{"0":"post-38852","1":"product","2":"type-product","3":"status-publish","4":"has-post-thumbnail","6":"product_brand-flir","7":"product_cat-vibracijas-merijumiem","9":"first","10":"instock","11":"taxable","12":"shipping-taxable","13":"purchasable","14":"product-type-simple"},"acf":[],"yoast_head":"<!-- This site is optimized with the Yoast SEO plugin v27.0 - https:\/\/yoast.com\/product\/yoast-seo-wordpress\/ -->\n<title>Flir SV88-KIT vibr\u0101cijas un temperat\u016bras monitoringa sist\u0113ma - AXIOMA MS<\/title>\n<meta name=\"robots\" content=\"index, follow, max-snippet:-1, max-image-preview:large, max-video-preview:-1\" \/>\n<link rel=\"canonical\" href=\"https:\/\/www.axiomams.eu\/lv\/produktas\/flir-sv88-kit-vibracijas-un-temperaturas-monitoringa-sistema\" \/>\n<meta property=\"og:locale\" content=\"lv_LV\" \/>\n<meta property=\"og:type\" content=\"article\" \/>\n<meta property=\"og:title\" content=\"Flir SV88-KIT vibr\u0101cijas un temperat\u016bras monitoringa sist\u0113ma - AXIOMA MS\" \/>\n<meta property=\"og:description\" content=\"FLIR SV88-KIT ir bezvadu savienots sensora risin\u0101jums, kas paredz\u0113ts nep\u0101rtrauktai vibr\u0101cijas un temperat\u016bras kontrolei. Vibr\u0101cijas tenden\u010du noteik\u0161ana un anal\u012bze var pal\u012bdz\u0113t atkl\u0101t nopietnas probl\u0113mas r\u016bpnieciskaj\u0101s iek\u0101rt\u0101s ilgi pirms boj\u0101jumu paman\u012b\u0161anas, t\u0101p\u0113c SV88-KIT ir ide\u0101li piem\u0113rots ra\u017eo\u0161anas vid\u0113m, kur\u0101s izmanto rot\u0113jo\u0161as iek\u0101rtas, r\u016bpnieciskos s\u016bk\u0146us, ventilatorus, reduktorus un motorus. Komplekt\u0101 iek\u013cautais att\u0101lin\u0101t\u0101s uzraudz\u012bbas v\u0101rtsargs saglab\u0101 sensoru datus...\" \/>\n<meta property=\"og:url\" content=\"https:\/\/www.axiomams.eu\/lv\/produktas\/flir-sv88-kit-vibracijas-un-temperaturas-monitoringa-sistema\" \/>\n<meta property=\"og:site_name\" content=\"AXIOMA MS\" \/>\n<meta property=\"article:publisher\" content=\"https:\/\/www.facebook.com\/AxiomaMS\" \/>\n<meta property=\"article:modified_time\" content=\"2026-03-25T14:58:36+00:00\" \/>\n<meta property=\"og:image\" content=\"https:\/\/www.axiomams.eu\/wp-content\/uploads\/2025\/07\/3545-4811.jpg\" \/>\n\t<meta property=\"og:image:width\" content=\"600\" \/>\n\t<meta property=\"og:image:height\" content=\"625\" \/>\n\t<meta property=\"og:image:type\" content=\"image\/jpeg\" \/>\n<meta name=\"twitter:card\" content=\"summary_large_image\" \/>\n<meta name=\"twitter:label1\" content=\"Est. reading time\" \/>\n\t<meta name=\"twitter:data1\" content=\"1 minute\" \/>\n<script type=\"application\/ld+json\" class=\"yoast-schema-graph\">{\"@context\":\"https:\/\/schema.org\",\"@graph\":[{\"@type\":\"WebPage\",\"@id\":\"https:\/\/www.axiomams.eu\/lv\/produktas\/flir-sv88-kit-vibracijas-un-temperaturas-monitoringa-sistema\",\"url\":\"https:\/\/www.axiomams.eu\/lv\/produktas\/flir-sv88-kit-vibracijas-un-temperaturas-monitoringa-sistema\",\"name\":\"Flir SV88-KIT vibr\u0101cijas un temperat\u016bras monitoringa sist\u0113ma - AXIOMA MS\",\"isPartOf\":{\"@id\":\"https:\/\/www.axiomams.eu\/lv#website\"},\"primaryImageOfPage\":{\"@id\":\"https:\/\/www.axiomams.eu\/lv\/produktas\/flir-sv88-kit-vibracijas-un-temperaturas-monitoringa-sistema#primaryimage\"},\"image\":{\"@id\":\"https:\/\/www.axiomams.eu\/lv\/produktas\/flir-sv88-kit-vibracijas-un-temperaturas-monitoringa-sistema#primaryimage\"},\"thumbnailUrl\":\"https:\/\/www.axiomams.eu\/wp-content\/uploads\/2025\/07\/3545-4811.jpg\",\"datePublished\":\"2025-05-15T15:55:39+00:00\",\"dateModified\":\"2026-03-25T14:58:36+00:00\",\"breadcrumb\":{\"@id\":\"https:\/\/www.axiomams.eu\/lv\/produktas\/flir-sv88-kit-vibracijas-un-temperaturas-monitoringa-sistema#breadcrumb\"},\"inLanguage\":\"lv-LV\",\"potentialAction\":[{\"@type\":\"ReadAction\",\"target\":[\"https:\/\/www.axiomams.eu\/lv\/produktas\/flir-sv88-kit-vibracijas-un-temperaturas-monitoringa-sistema\"]}]},{\"@type\":\"ImageObject\",\"inLanguage\":\"lv-LV\",\"@id\":\"https:\/\/www.axiomams.eu\/lv\/produktas\/flir-sv88-kit-vibracijas-un-temperaturas-monitoringa-sistema#primaryimage\",\"url\":\"https:\/\/www.axiomams.eu\/wp-content\/uploads\/2025\/07\/3545-4811.jpg\",\"contentUrl\":\"https:\/\/www.axiomams.eu\/wp-content\/uploads\/2025\/07\/3545-4811.jpg\",\"width\":600,\"height\":625},{\"@type\":\"BreadcrumbList\",\"@id\":\"https:\/\/www.axiomams.eu\/lv\/produktas\/flir-sv88-kit-vibracijas-un-temperaturas-monitoringa-sistema#breadcrumb\",\"itemListElement\":[{\"@type\":\"ListItem\",\"position\":1,\"name\":\"Home\",\"item\":\"https:\/\/www.axiomams.eu\/lv\"},{\"@type\":\"ListItem\",\"position\":2,\"name\":\"Produkti\",\"item\":\"https:\/\/www.axiomams.eu\/lv\/produkti\"},{\"@type\":\"ListItem\",\"position\":3,\"name\":\"Flir SV88-KIT vibr\u0101cijas un temperat\u016bras monitoringa sist\u0113ma\"}]},{\"@type\":\"WebSite\",\"@id\":\"https:\/\/www.axiomams.eu\/lv#website\",\"url\":\"https:\/\/www.axiomams.eu\/lv\",\"name\":\"AXIOMA MS\",\"description\":\"Terrmovizoriai ir matavimo \u012franga\",\"publisher\":{\"@id\":\"https:\/\/www.axiomams.eu\/lv#organization\"},\"potentialAction\":[{\"@type\":\"SearchAction\",\"target\":{\"@type\":\"EntryPoint\",\"urlTemplate\":\"https:\/\/www.axiomams.eu\/lv?s={search_term_string}\"},\"query-input\":{\"@type\":\"PropertyValueSpecification\",\"valueRequired\":true,\"valueName\":\"search_term_string\"}}],\"inLanguage\":\"lv-LV\"},{\"@type\":\"Organization\",\"@id\":\"https:\/\/www.axiomams.eu\/lv#organization\",\"name\":\"AXIOMA MS\",\"url\":\"https:\/\/www.axiomams.eu\/lv\",\"logo\":{\"@type\":\"ImageObject\",\"inLanguage\":\"lv-LV\",\"@id\":\"https:\/\/www.axiomams.eu\/lv#\/schema\/logo\/image\/\",\"url\":\"https:\/\/www.axiomams.eu\/wp-content\/uploads\/2025\/06\/axioma-logo-2.png\",\"contentUrl\":\"https:\/\/www.axiomams.eu\/wp-content\/uploads\/2025\/06\/axioma-logo-2.png\",\"width\":1200,\"height\":1200,\"caption\":\"AXIOMA MS\"},\"image\":{\"@id\":\"https:\/\/www.axiomams.eu\/lv#\/schema\/logo\/image\/\"},\"sameAs\":[\"https:\/\/www.facebook.com\/AxiomaMS\",\"https:\/\/www.linkedin.com\/company\/axiomams\/\"]}]}<\/script>\n<!-- \/ Yoast SEO plugin. -->","yoast_head_json":{"title":"Flir SV88-KIT vibr\u0101cijas un temperat\u016bras monitoringa sist\u0113ma - AXIOMA MS","robots":{"index":"index","follow":"follow","max-snippet":"max-snippet:-1","max-image-preview":"max-image-preview:large","max-video-preview":"max-video-preview:-1"},"canonical":"https:\/\/www.axiomams.eu\/lv\/produktas\/flir-sv88-kit-vibracijas-un-temperaturas-monitoringa-sistema","og_locale":"lv_LV","og_type":"article","og_title":"Flir SV88-KIT vibr\u0101cijas un temperat\u016bras monitoringa sist\u0113ma - AXIOMA MS","og_description":"FLIR SV88-KIT ir bezvadu savienots sensora risin\u0101jums, kas paredz\u0113ts nep\u0101rtrauktai vibr\u0101cijas un temperat\u016bras kontrolei. Vibr\u0101cijas tenden\u010du noteik\u0161ana un anal\u012bze var pal\u012bdz\u0113t atkl\u0101t nopietnas probl\u0113mas r\u016bpnieciskaj\u0101s iek\u0101rt\u0101s ilgi pirms boj\u0101jumu paman\u012b\u0161anas, t\u0101p\u0113c SV88-KIT ir ide\u0101li piem\u0113rots ra\u017eo\u0161anas vid\u0113m, kur\u0101s izmanto rot\u0113jo\u0161as iek\u0101rtas, r\u016bpnieciskos s\u016bk\u0146us, ventilatorus, reduktorus un motorus. Komplekt\u0101 iek\u013cautais att\u0101lin\u0101t\u0101s uzraudz\u012bbas v\u0101rtsargs saglab\u0101 sensoru datus...","og_url":"https:\/\/www.axiomams.eu\/lv\/produktas\/flir-sv88-kit-vibracijas-un-temperaturas-monitoringa-sistema","og_site_name":"AXIOMA MS","article_publisher":"https:\/\/www.facebook.com\/AxiomaMS","article_modified_time":"2026-03-25T14:58:36+00:00","og_image":[{"width":600,"height":625,"url":"https:\/\/www.axiomams.eu\/wp-content\/uploads\/2025\/07\/3545-4811.jpg","type":"image\/jpeg"}],"twitter_card":"summary_large_image","twitter_misc":{"Est. reading time":"1 minute"},"schema":{"@context":"https:\/\/schema.org","@graph":[{"@type":"WebPage","@id":"https:\/\/www.axiomams.eu\/lv\/produktas\/flir-sv88-kit-vibracijas-un-temperaturas-monitoringa-sistema","url":"https:\/\/www.axiomams.eu\/lv\/produktas\/flir-sv88-kit-vibracijas-un-temperaturas-monitoringa-sistema","name":"Flir SV88-KIT vibr\u0101cijas un temperat\u016bras monitoringa sist\u0113ma - AXIOMA MS","isPartOf":{"@id":"https:\/\/www.axiomams.eu\/lv#website"},"primaryImageOfPage":{"@id":"https:\/\/www.axiomams.eu\/lv\/produktas\/flir-sv88-kit-vibracijas-un-temperaturas-monitoringa-sistema#primaryimage"},"image":{"@id":"https:\/\/www.axiomams.eu\/lv\/produktas\/flir-sv88-kit-vibracijas-un-temperaturas-monitoringa-sistema#primaryimage"},"thumbnailUrl":"https:\/\/www.axiomams.eu\/wp-content\/uploads\/2025\/07\/3545-4811.jpg","datePublished":"2025-05-15T15:55:39+00:00","dateModified":"2026-03-25T14:58:36+00:00","breadcrumb":{"@id":"https:\/\/www.axiomams.eu\/lv\/produktas\/flir-sv88-kit-vibracijas-un-temperaturas-monitoringa-sistema#breadcrumb"},"inLanguage":"lv-LV","potentialAction":[{"@type":"ReadAction","target":["https:\/\/www.axiomams.eu\/lv\/produktas\/flir-sv88-kit-vibracijas-un-temperaturas-monitoringa-sistema"]}]},{"@type":"ImageObject","inLanguage":"lv-LV","@id":"https:\/\/www.axiomams.eu\/lv\/produktas\/flir-sv88-kit-vibracijas-un-temperaturas-monitoringa-sistema#primaryimage","url":"https:\/\/www.axiomams.eu\/wp-content\/uploads\/2025\/07\/3545-4811.jpg","contentUrl":"https:\/\/www.axiomams.eu\/wp-content\/uploads\/2025\/07\/3545-4811.jpg","width":600,"height":625},{"@type":"BreadcrumbList","@id":"https:\/\/www.axiomams.eu\/lv\/produktas\/flir-sv88-kit-vibracijas-un-temperaturas-monitoringa-sistema#breadcrumb","itemListElement":[{"@type":"ListItem","position":1,"name":"Home","item":"https:\/\/www.axiomams.eu\/lv"},{"@type":"ListItem","position":2,"name":"Produkti","item":"https:\/\/www.axiomams.eu\/lv\/produkti"},{"@type":"ListItem","position":3,"name":"Flir SV88-KIT vibr\u0101cijas un temperat\u016bras monitoringa sist\u0113ma"}]},{"@type":"WebSite","@id":"https:\/\/www.axiomams.eu\/lv#website","url":"https:\/\/www.axiomams.eu\/lv","name":"AXIOMA MS","description":"Terrmovizoriai ir matavimo \u012franga","publisher":{"@id":"https:\/\/www.axiomams.eu\/lv#organization"},"potentialAction":[{"@type":"SearchAction","target":{"@type":"EntryPoint","urlTemplate":"https:\/\/www.axiomams.eu\/lv?s={search_term_string}"},"query-input":{"@type":"PropertyValueSpecification","valueRequired":true,"valueName":"search_term_string"}}],"inLanguage":"lv-LV"},{"@type":"Organization","@id":"https:\/\/www.axiomams.eu\/lv#organization","name":"AXIOMA MS","url":"https:\/\/www.axiomams.eu\/lv","logo":{"@type":"ImageObject","inLanguage":"lv-LV","@id":"https:\/\/www.axiomams.eu\/lv#\/schema\/logo\/image\/","url":"https:\/\/www.axiomams.eu\/wp-content\/uploads\/2025\/06\/axioma-logo-2.png","contentUrl":"https:\/\/www.axiomams.eu\/wp-content\/uploads\/2025\/06\/axioma-logo-2.png","width":1200,"height":1200,"caption":"AXIOMA MS"},"image":{"@id":"https:\/\/www.axiomams.eu\/lv#\/schema\/logo\/image\/"},"sameAs":["https:\/\/www.facebook.com\/AxiomaMS","https:\/\/www.linkedin.com\/company\/axiomams\/"]}]}},"_links":{"self":[{"href":"https:\/\/www.axiomams.eu\/lv\/wp-json\/wp\/v2\/product\/38852","targetHints":{"allow":["GET"]}}],"collection":[{"href":"https:\/\/www.axiomams.eu\/lv\/wp-json\/wp\/v2\/product"}],"about":[{"href":"https:\/\/www.axiomams.eu\/lv\/wp-json\/wp\/v2\/types\/product"}],"replies":[{"embeddable":true,"href":"https:\/\/www.axiomams.eu\/lv\/wp-json\/wp\/v2\/comments?post=38852"}],"wp:featuredmedia":[{"embeddable":true,"href":"https:\/\/www.axiomams.eu\/lv\/wp-json\/wp\/v2\/media\/41396"}],"wp:attachment":[{"href":"https:\/\/www.axiomams.eu\/lv\/wp-json\/wp\/v2\/media?parent=38852"}],"wp:term":[{"taxonomy":"product_brand","embeddable":true,"href":"https:\/\/www.axiomams.eu\/lv\/wp-json\/wp\/v2\/product_brand?post=38852"},{"taxonomy":"product_cat","embeddable":true,"href":"https:\/\/www.axiomams.eu\/lv\/wp-json\/wp\/v2\/product_cat?post=38852"},{"taxonomy":"product_tag","embeddable":true,"href":"https:\/\/www.axiomams.eu\/lv\/wp-json\/wp\/v2\/product_tag?post=38852"}],"curies":[{"name":"wp","href":"https:\/\/api.w.org\/{rel}","templated":true}]}}