{"id":38854,"date":"2025-05-15T18:07:58","date_gmt":"2025-05-15T16:07:58","guid":{"rendered":"https:\/\/www.axiomams.eu\/produktas\/flir-e96-termokamera"},"modified":"2026-03-25T16:58:36","modified_gmt":"2026-03-25T14:58:36","slug":"flir-e96-termokamera","status":"publish","type":"product","link":"https:\/\/www.axiomams.eu\/lv\/produktas\/flir-e96-termokamera","title":{"rendered":"Flir E96 termokamera"},"content":{"rendered":"<p align=\"justify\">Termokamera FLIR E96 &#8211; maza un viegla termokamera, kas apr\u012bkota ar augstas veiktsp\u0113jas funkcij\u0101m, kas nepiecie\u0161amas, lai \u0101tri atkl\u0101tu un zi\u0146otu par sl\u0113ptiem \u0113kas tr\u016bkumiem: izcila temperat\u016bras jut\u012bba, spilgti, spilgti, trekni att\u0113li uz ekr\u0101na, asa fokus\u0113\u0161an\u0101s un \u0101tras reakcijas lietot\u0101ja saskarne.<\/p>\n<p align=\"justify\"><b>Standarta komplekts:<\/b> termokamera FLIR E96, akumulatora l\u0101d\u0113t\u0101js, baro\u0161anas avots, 15 W\/3 A, druk\u0101ta dokument\u0101cija, SD karte (8 GB), USB 2.0 A l\u012bdz USB Type-C kabelis, 1,0 m, USB Type-C l\u012bdz HDMI adapteris, standarta specifik\u0101cija UH311, USB Type-C l\u012bdz USB Type-C kabelis (USB 2.0 standarts), 1.0 m, Priek\u0161\u0113j\u0101s aizsardz\u012bbas stiprin\u0101jums, Rokas siksnas kron\u0161teins, kreisais, Rokas siksnas kron\u0161teins, labais, Skr\u016bves, Torx T10 uzgrie\u017e\u0146u atsl\u0113ga, Karab\u012bnes \u0101\u0137is, Priek\u0161\u0113j\u0101 aizsardz\u012bba, Rokas siksna, Kakla siksna, kameras siksna, Objekt\u012bva v\u0101ci\u0146a siksna, Rotas siksna, Akumulators (2 gab.), Akumulatora l\u0101d\u0113t\u0101js, FLIR Thermal Studio Starter, Cietais transport\u0113\u0161anas futr\u0101lis, Objekt\u012bva v\u0101ci\u0146\u0161, priek\u0161\u0113jais.<\/p>\n<h3>Tehnisk\u0101 inform\u0101cija:<\/h3>\n<ul>\n<li><a href=\"https:\/\/axiomams.eu\/importer\/export\/attachments\/en\/flir-e96.pdf\" target=\"_blank\">FLIR E96.pdf<\/a><\/li>\n<\/ul>\n","protected":false},"excerpt":{"rendered":"<p>Termokamera FLIR E96 &#8211; maza un viegla termokamera, kas apr\u012bkota ar augstas veiktsp\u0113jas funkcij\u0101m, kas nepiecie\u0161amas, lai \u0101tri atkl\u0101tu un zi\u0146otu par sl\u0113ptiem \u0113kas tr\u016bkumiem: izcila temperat\u016bras jut\u012bba, spilgti, spilgti, trekni att\u0113li uz ekr\u0101na, asa fokus\u0113\u0161an\u0101s un \u0101tras reakcijas lietot\u0101ja saskarne. Standarta komplekts: termokamera FLIR E96, akumulatora l\u0101d\u0113t\u0101js, baro\u0161anas avots, 15 W\/3 A, druk\u0101ta dokument\u0101cija,&#8230;<\/p>\n","protected":false},"featured_media":41400,"comment_status":"open","ping_status":"closed","template":"","meta":{"_acf_changed":false},"product_brand":[734],"product_cat":[17729,17737],"product_tag":[],"class_list":{"0":"post-38854","1":"product","2":"type-product","3":"status-publish","4":"has-post-thumbnail","6":"product_brand-flir","7":"product_cat-energijas-un-eku-diagnostika","8":"product_cat-termografiska-attelveidosana-ekam","10":"first","11":"instock","12":"taxable","13":"shipping-taxable","14":"product-type-simple"},"acf":[],"yoast_head":"<!-- This site is optimized with the Yoast SEO plugin v27.0 - https:\/\/yoast.com\/product\/yoast-seo-wordpress\/ -->\n<title>Flir E96 termokamera - AXIOMA MS<\/title>\n<meta name=\"robots\" content=\"index, follow, max-snippet:-1, max-image-preview:large, max-video-preview:-1\" \/>\n<link rel=\"canonical\" href=\"https:\/\/www.axiomams.eu\/lv\/produktas\/flir-e96-termokamera\" \/>\n<meta property=\"og:locale\" content=\"lv_LV\" \/>\n<meta property=\"og:type\" content=\"article\" \/>\n<meta property=\"og:title\" content=\"Flir E96 termokamera - AXIOMA MS\" \/>\n<meta property=\"og:description\" content=\"Termokamera FLIR E96 &#8211; maza un viegla termokamera, kas apr\u012bkota ar augstas veiktsp\u0113jas funkcij\u0101m, kas nepiecie\u0161amas, lai \u0101tri atkl\u0101tu un zi\u0146otu par sl\u0113ptiem \u0113kas tr\u016bkumiem: izcila temperat\u016bras jut\u012bba, spilgti, spilgti, trekni att\u0113li uz ekr\u0101na, asa fokus\u0113\u0161an\u0101s un \u0101tras reakcijas lietot\u0101ja saskarne. Standarta komplekts: termokamera FLIR E96, akumulatora l\u0101d\u0113t\u0101js, baro\u0161anas avots, 15 W\/3 A, druk\u0101ta dokument\u0101cija,...\" \/>\n<meta property=\"og:url\" content=\"https:\/\/www.axiomams.eu\/lv\/produktas\/flir-e96-termokamera\" \/>\n<meta property=\"og:site_name\" content=\"AXIOMA MS\" \/>\n<meta property=\"article:publisher\" content=\"https:\/\/www.facebook.com\/AxiomaMS\" \/>\n<meta property=\"article:modified_time\" content=\"2026-03-25T14:58:36+00:00\" \/>\n<meta property=\"og:image\" content=\"https:\/\/www.axiomams.eu\/wp-content\/uploads\/2025\/07\/2957-3897.jpg\" \/>\n\t<meta property=\"og:image:width\" content=\"600\" \/>\n\t<meta property=\"og:image:height\" content=\"625\" \/>\n\t<meta property=\"og:image:type\" content=\"image\/jpeg\" \/>\n<meta name=\"twitter:card\" content=\"summary_large_image\" \/>\n<meta name=\"twitter:label1\" content=\"Est. reading time\" \/>\n\t<meta name=\"twitter:data1\" content=\"1 minute\" \/>\n<script type=\"application\/ld+json\" class=\"yoast-schema-graph\">{\"@context\":\"https:\/\/schema.org\",\"@graph\":[{\"@type\":\"WebPage\",\"@id\":\"https:\/\/www.axiomams.eu\/lv\/produktas\/flir-e96-termokamera\",\"url\":\"https:\/\/www.axiomams.eu\/lv\/produktas\/flir-e96-termokamera\",\"name\":\"Flir E96 termokamera - AXIOMA MS\",\"isPartOf\":{\"@id\":\"https:\/\/www.axiomams.eu\/lv#website\"},\"primaryImageOfPage\":{\"@id\":\"https:\/\/www.axiomams.eu\/lv\/produktas\/flir-e96-termokamera#primaryimage\"},\"image\":{\"@id\":\"https:\/\/www.axiomams.eu\/lv\/produktas\/flir-e96-termokamera#primaryimage\"},\"thumbnailUrl\":\"https:\/\/www.axiomams.eu\/wp-content\/uploads\/2025\/07\/2957-3897.jpg\",\"datePublished\":\"2025-05-15T16:07:58+00:00\",\"dateModified\":\"2026-03-25T14:58:36+00:00\",\"breadcrumb\":{\"@id\":\"https:\/\/www.axiomams.eu\/lv\/produktas\/flir-e96-termokamera#breadcrumb\"},\"inLanguage\":\"lv-LV\",\"potentialAction\":[{\"@type\":\"ReadAction\",\"target\":[\"https:\/\/www.axiomams.eu\/lv\/produktas\/flir-e96-termokamera\"]}]},{\"@type\":\"ImageObject\",\"inLanguage\":\"lv-LV\",\"@id\":\"https:\/\/www.axiomams.eu\/lv\/produktas\/flir-e96-termokamera#primaryimage\",\"url\":\"https:\/\/www.axiomams.eu\/wp-content\/uploads\/2025\/07\/2957-3897.jpg\",\"contentUrl\":\"https:\/\/www.axiomams.eu\/wp-content\/uploads\/2025\/07\/2957-3897.jpg\",\"width\":600,\"height\":625},{\"@type\":\"BreadcrumbList\",\"@id\":\"https:\/\/www.axiomams.eu\/lv\/produktas\/flir-e96-termokamera#breadcrumb\",\"itemListElement\":[{\"@type\":\"ListItem\",\"position\":1,\"name\":\"Home\",\"item\":\"https:\/\/www.axiomams.eu\/lv\"},{\"@type\":\"ListItem\",\"position\":2,\"name\":\"Produkti\",\"item\":\"https:\/\/www.axiomams.eu\/lv\/produkti\"},{\"@type\":\"ListItem\",\"position\":3,\"name\":\"Flir E96 termokamera\"}]},{\"@type\":\"WebSite\",\"@id\":\"https:\/\/www.axiomams.eu\/lv#website\",\"url\":\"https:\/\/www.axiomams.eu\/lv\",\"name\":\"AXIOMA MS\",\"description\":\"Terrmovizoriai ir matavimo \u012franga\",\"publisher\":{\"@id\":\"https:\/\/www.axiomams.eu\/lv#organization\"},\"potentialAction\":[{\"@type\":\"SearchAction\",\"target\":{\"@type\":\"EntryPoint\",\"urlTemplate\":\"https:\/\/www.axiomams.eu\/lv?s={search_term_string}\"},\"query-input\":{\"@type\":\"PropertyValueSpecification\",\"valueRequired\":true,\"valueName\":\"search_term_string\"}}],\"inLanguage\":\"lv-LV\"},{\"@type\":\"Organization\",\"@id\":\"https:\/\/www.axiomams.eu\/lv#organization\",\"name\":\"AXIOMA MS\",\"url\":\"https:\/\/www.axiomams.eu\/lv\",\"logo\":{\"@type\":\"ImageObject\",\"inLanguage\":\"lv-LV\",\"@id\":\"https:\/\/www.axiomams.eu\/lv#\/schema\/logo\/image\/\",\"url\":\"https:\/\/www.axiomams.eu\/wp-content\/uploads\/2025\/06\/axioma-logo-2.png\",\"contentUrl\":\"https:\/\/www.axiomams.eu\/wp-content\/uploads\/2025\/06\/axioma-logo-2.png\",\"width\":1200,\"height\":1200,\"caption\":\"AXIOMA MS\"},\"image\":{\"@id\":\"https:\/\/www.axiomams.eu\/lv#\/schema\/logo\/image\/\"},\"sameAs\":[\"https:\/\/www.facebook.com\/AxiomaMS\",\"https:\/\/www.linkedin.com\/company\/axiomams\/\"]}]}<\/script>\n<!-- \/ Yoast SEO plugin. -->","yoast_head_json":{"title":"Flir E96 termokamera - AXIOMA MS","robots":{"index":"index","follow":"follow","max-snippet":"max-snippet:-1","max-image-preview":"max-image-preview:large","max-video-preview":"max-video-preview:-1"},"canonical":"https:\/\/www.axiomams.eu\/lv\/produktas\/flir-e96-termokamera","og_locale":"lv_LV","og_type":"article","og_title":"Flir E96 termokamera - AXIOMA MS","og_description":"Termokamera FLIR E96 &#8211; maza un viegla termokamera, kas apr\u012bkota ar augstas veiktsp\u0113jas funkcij\u0101m, kas nepiecie\u0161amas, lai \u0101tri atkl\u0101tu un zi\u0146otu par sl\u0113ptiem \u0113kas tr\u016bkumiem: izcila temperat\u016bras jut\u012bba, spilgti, spilgti, trekni att\u0113li uz ekr\u0101na, asa fokus\u0113\u0161an\u0101s un \u0101tras reakcijas lietot\u0101ja saskarne. Standarta komplekts: termokamera FLIR E96, akumulatora l\u0101d\u0113t\u0101js, baro\u0161anas avots, 15 W\/3 A, druk\u0101ta dokument\u0101cija,...","og_url":"https:\/\/www.axiomams.eu\/lv\/produktas\/flir-e96-termokamera","og_site_name":"AXIOMA MS","article_publisher":"https:\/\/www.facebook.com\/AxiomaMS","article_modified_time":"2026-03-25T14:58:36+00:00","og_image":[{"width":600,"height":625,"url":"https:\/\/www.axiomams.eu\/wp-content\/uploads\/2025\/07\/2957-3897.jpg","type":"image\/jpeg"}],"twitter_card":"summary_large_image","twitter_misc":{"Est. reading time":"1 minute"},"schema":{"@context":"https:\/\/schema.org","@graph":[{"@type":"WebPage","@id":"https:\/\/www.axiomams.eu\/lv\/produktas\/flir-e96-termokamera","url":"https:\/\/www.axiomams.eu\/lv\/produktas\/flir-e96-termokamera","name":"Flir E96 termokamera - AXIOMA MS","isPartOf":{"@id":"https:\/\/www.axiomams.eu\/lv#website"},"primaryImageOfPage":{"@id":"https:\/\/www.axiomams.eu\/lv\/produktas\/flir-e96-termokamera#primaryimage"},"image":{"@id":"https:\/\/www.axiomams.eu\/lv\/produktas\/flir-e96-termokamera#primaryimage"},"thumbnailUrl":"https:\/\/www.axiomams.eu\/wp-content\/uploads\/2025\/07\/2957-3897.jpg","datePublished":"2025-05-15T16:07:58+00:00","dateModified":"2026-03-25T14:58:36+00:00","breadcrumb":{"@id":"https:\/\/www.axiomams.eu\/lv\/produktas\/flir-e96-termokamera#breadcrumb"},"inLanguage":"lv-LV","potentialAction":[{"@type":"ReadAction","target":["https:\/\/www.axiomams.eu\/lv\/produktas\/flir-e96-termokamera"]}]},{"@type":"ImageObject","inLanguage":"lv-LV","@id":"https:\/\/www.axiomams.eu\/lv\/produktas\/flir-e96-termokamera#primaryimage","url":"https:\/\/www.axiomams.eu\/wp-content\/uploads\/2025\/07\/2957-3897.jpg","contentUrl":"https:\/\/www.axiomams.eu\/wp-content\/uploads\/2025\/07\/2957-3897.jpg","width":600,"height":625},{"@type":"BreadcrumbList","@id":"https:\/\/www.axiomams.eu\/lv\/produktas\/flir-e96-termokamera#breadcrumb","itemListElement":[{"@type":"ListItem","position":1,"name":"Home","item":"https:\/\/www.axiomams.eu\/lv"},{"@type":"ListItem","position":2,"name":"Produkti","item":"https:\/\/www.axiomams.eu\/lv\/produkti"},{"@type":"ListItem","position":3,"name":"Flir E96 termokamera"}]},{"@type":"WebSite","@id":"https:\/\/www.axiomams.eu\/lv#website","url":"https:\/\/www.axiomams.eu\/lv","name":"AXIOMA MS","description":"Terrmovizoriai ir matavimo \u012franga","publisher":{"@id":"https:\/\/www.axiomams.eu\/lv#organization"},"potentialAction":[{"@type":"SearchAction","target":{"@type":"EntryPoint","urlTemplate":"https:\/\/www.axiomams.eu\/lv?s={search_term_string}"},"query-input":{"@type":"PropertyValueSpecification","valueRequired":true,"valueName":"search_term_string"}}],"inLanguage":"lv-LV"},{"@type":"Organization","@id":"https:\/\/www.axiomams.eu\/lv#organization","name":"AXIOMA MS","url":"https:\/\/www.axiomams.eu\/lv","logo":{"@type":"ImageObject","inLanguage":"lv-LV","@id":"https:\/\/www.axiomams.eu\/lv#\/schema\/logo\/image\/","url":"https:\/\/www.axiomams.eu\/wp-content\/uploads\/2025\/06\/axioma-logo-2.png","contentUrl":"https:\/\/www.axiomams.eu\/wp-content\/uploads\/2025\/06\/axioma-logo-2.png","width":1200,"height":1200,"caption":"AXIOMA MS"},"image":{"@id":"https:\/\/www.axiomams.eu\/lv#\/schema\/logo\/image\/"},"sameAs":["https:\/\/www.facebook.com\/AxiomaMS","https:\/\/www.linkedin.com\/company\/axiomams\/"]}]}},"_links":{"self":[{"href":"https:\/\/www.axiomams.eu\/lv\/wp-json\/wp\/v2\/product\/38854","targetHints":{"allow":["GET"]}}],"collection":[{"href":"https:\/\/www.axiomams.eu\/lv\/wp-json\/wp\/v2\/product"}],"about":[{"href":"https:\/\/www.axiomams.eu\/lv\/wp-json\/wp\/v2\/types\/product"}],"replies":[{"embeddable":true,"href":"https:\/\/www.axiomams.eu\/lv\/wp-json\/wp\/v2\/comments?post=38854"}],"wp:featuredmedia":[{"embeddable":true,"href":"https:\/\/www.axiomams.eu\/lv\/wp-json\/wp\/v2\/media\/41400"}],"wp:attachment":[{"href":"https:\/\/www.axiomams.eu\/lv\/wp-json\/wp\/v2\/media?parent=38854"}],"wp:term":[{"taxonomy":"product_brand","embeddable":true,"href":"https:\/\/www.axiomams.eu\/lv\/wp-json\/wp\/v2\/product_brand?post=38854"},{"taxonomy":"product_cat","embeddable":true,"href":"https:\/\/www.axiomams.eu\/lv\/wp-json\/wp\/v2\/product_cat?post=38854"},{"taxonomy":"product_tag","embeddable":true,"href":"https:\/\/www.axiomams.eu\/lv\/wp-json\/wp\/v2\/product_tag?post=38854"}],"curies":[{"name":"wp","href":"https:\/\/api.w.org\/{rel}","templated":true}]}}