{"id":38855,"date":"2025-09-24T01:00:26","date_gmt":"2025-09-23T23:00:26","guid":{"rendered":"https:\/\/www.axiomams.eu\/produktas\/testo-108-termometrs-0563-1080"},"modified":"2026-03-25T16:58:37","modified_gmt":"2026-03-25T14:58:37","slug":"testo-108-termometrs-0563-1080","status":"publish","type":"product","link":"https:\/\/www.axiomams.eu\/lv\/produktas\/testo-108-termometrs-0563-1080","title":{"rendered":"Testo 108 termometrs (0563 1080)"},"content":{"rendered":"<p>Testo 108 ir \u016bdensiztur\u012bgs digit\u0101lais p\u0101rtikas termometrs, kas paredz\u0113ts \u0101trai un uzticamai temperat\u016bras m\u0113r\u012b\u0161anai p\u0101rtikas produktu ra\u017eo\u0161anas, apstr\u0101des un uzglab\u0101\u0161anas laik\u0101. Tas nodro\u0161ina kvalit\u0101tes kontroli vis\u0101s p\u0101rtikas r\u016bpniec\u012bbas jom\u0101s.<\/p>\n<p><b>Pamatfunkcijas<\/b><br \/>\n&#8211; Paredz\u0113ts temperat\u016bras p\u0101rbaud\u0113m vis\u0101s p\u0101rtikas r\u016bpniec\u012bbas nozar\u0113s.<br \/>\n&#8211; Komplekt\u0101 ir viens sensors; var pievienot papildu K un T tipa sensorus.<br \/>\n&#8211; Digit\u0101ls un \u016bdensiztur\u012bgs ar IP67 aizsardz\u012bbu<br \/>\n&#8211; Komplekt\u0101 ietilpst aizsargv\u0101ci\u0146\u0161 un T tipa termop\u0101ru zonde<br \/>\n&#8211; Nodro\u0161ina \u0101trus un prec\u012bzus r\u0101d\u012bjumus<br \/>\n&#8211; Lietot\u0101jam draudz\u012bgs ar intuit\u012bviem tausti\u0146iem un lielu, viegli salas\u0101mu displeju.<br \/>\n&#8211; Higi\u0113nisks dizains; termometru un sensoru var t\u012br\u012bt zem teko\u0161a \u016bdens.<br \/>\n&#8211; Atbilst HACCP un EN 13485 standartiem.<\/p>\n<p><b>Pielietojumi<\/b><br \/>\nIde\u0101li piem\u0113rots izmanto\u0161anai p\u0101rtikas transport\u0113\u0161anas un uzglab\u0101\u0161anas laik\u0101, restor\u0101nos, \u0113dn\u012bcu virtuv\u0113s un \u0113din\u0101\u0161anas sist\u0113m\u0101s. Ar testo 108 temperat\u016bras m\u0113r\u012bjumus var viegli integr\u0113t ikdienas rut\u012bn\u0101, vienlaikus nodro\u0161inot p\u0101rtikas kvalit\u0101tes atbilst\u012bbu HACCP noteikumiem.<\/p>\n<p>Standarta komplekts: testo 108 \u016bdensnecaurlaid\u012bgs temperat\u016bras m\u0113rinstruments, iespie\u0161anas temperat\u016bras zonde (TC tipa T), m\u012bkstais apvalks, baterijas, kalibr\u0113\u0161anas protokols.<br \/>\nKods: 0563 1080<\/p>\n<h3>Tehnisk\u0101 inform\u0101cija:<\/h3>\n<ul>\n<li><a href=\"https:\/\/axiomams.eu\/importer\/export\/attachments\/en\/testo-108.pdf\" target=\"_blank\">testo 108.pdf<\/a><\/li>\n<\/ul>\n","protected":false},"excerpt":{"rendered":"<p>Testo 108 ir \u016bdensiztur\u012bgs digit\u0101lais p\u0101rtikas termometrs, kas paredz\u0113ts \u0101trai un uzticamai temperat\u016bras m\u0113r\u012b\u0161anai p\u0101rtikas produktu ra\u017eo\u0161anas, apstr\u0101des un uzglab\u0101\u0161anas laik\u0101. Tas nodro\u0161ina kvalit\u0101tes kontroli vis\u0101s p\u0101rtikas r\u016bpniec\u012bbas jom\u0101s. Pamatfunkcijas &#8211; Paredz\u0113ts temperat\u016bras p\u0101rbaud\u0113m vis\u0101s p\u0101rtikas r\u016bpniec\u012bbas nozar\u0113s. &#8211; Komplekt\u0101 ir viens sensors; var pievienot papildu K un T tipa sensorus. &#8211; Digit\u0101ls un \u016bdensiztur\u012bgs&#8230;<\/p>\n","protected":false},"featured_media":41404,"comment_status":"open","ping_status":"closed","template":"","meta":{"_acf_changed":false},"product_brand":[735],"product_cat":[17759],"product_tag":[],"class_list":{"0":"post-38855","1":"product","2":"type-product","3":"status-publish","4":"has-post-thumbnail","6":"product_brand-testo","7":"product_cat-materiali-analizei","9":"first","10":"instock","11":"taxable","12":"shipping-taxable","13":"product-type-simple"},"acf":[],"yoast_head":"<!-- This site is optimized with the Yoast SEO plugin v27.0 - https:\/\/yoast.com\/product\/yoast-seo-wordpress\/ -->\n<title>Testo 108 termometrs (0563 1080) - AXIOMA MS<\/title>\n<meta name=\"robots\" content=\"index, follow, max-snippet:-1, max-image-preview:large, max-video-preview:-1\" \/>\n<link rel=\"canonical\" href=\"https:\/\/www.axiomams.eu\/lv\/produktas\/testo-108-termometrs-0563-1080\" \/>\n<meta property=\"og:locale\" content=\"lv_LV\" \/>\n<meta property=\"og:type\" content=\"article\" \/>\n<meta property=\"og:title\" content=\"Testo 108 termometrs (0563 1080) - AXIOMA MS\" \/>\n<meta property=\"og:description\" content=\"Testo 108 ir \u016bdensiztur\u012bgs digit\u0101lais p\u0101rtikas termometrs, kas paredz\u0113ts \u0101trai un uzticamai temperat\u016bras m\u0113r\u012b\u0161anai p\u0101rtikas produktu ra\u017eo\u0161anas, apstr\u0101des un uzglab\u0101\u0161anas laik\u0101. Tas nodro\u0161ina kvalit\u0101tes kontroli vis\u0101s p\u0101rtikas r\u016bpniec\u012bbas jom\u0101s. Pamatfunkcijas &#8211; Paredz\u0113ts temperat\u016bras p\u0101rbaud\u0113m vis\u0101s p\u0101rtikas r\u016bpniec\u012bbas nozar\u0113s. &#8211; Komplekt\u0101 ir viens sensors; var pievienot papildu K un T tipa sensorus. &#8211; Digit\u0101ls un \u016bdensiztur\u012bgs...\" \/>\n<meta property=\"og:url\" content=\"https:\/\/www.axiomams.eu\/lv\/produktas\/testo-108-termometrs-0563-1080\" \/>\n<meta property=\"og:site_name\" content=\"AXIOMA MS\" \/>\n<meta property=\"article:publisher\" content=\"https:\/\/www.facebook.com\/AxiomaMS\" \/>\n<meta property=\"article:modified_time\" content=\"2026-03-25T14:58:37+00:00\" \/>\n<meta property=\"og:image\" content=\"https:\/\/www.axiomams.eu\/wp-content\/uploads\/2025\/09\/4674-6181.jpg\" \/>\n\t<meta property=\"og:image:width\" content=\"800\" \/>\n\t<meta property=\"og:image:height\" content=\"800\" \/>\n\t<meta property=\"og:image:type\" content=\"image\/jpeg\" \/>\n<meta name=\"twitter:card\" content=\"summary_large_image\" \/>\n<meta name=\"twitter:label1\" content=\"Est. reading time\" \/>\n\t<meta name=\"twitter:data1\" content=\"1 minute\" \/>\n<script type=\"application\/ld+json\" class=\"yoast-schema-graph\">{\"@context\":\"https:\/\/schema.org\",\"@graph\":[{\"@type\":\"WebPage\",\"@id\":\"https:\/\/www.axiomams.eu\/lv\/produktas\/testo-108-termometrs-0563-1080\",\"url\":\"https:\/\/www.axiomams.eu\/lv\/produktas\/testo-108-termometrs-0563-1080\",\"name\":\"Testo 108 termometrs (0563 1080) - AXIOMA MS\",\"isPartOf\":{\"@id\":\"https:\/\/www.axiomams.eu\/lv#website\"},\"primaryImageOfPage\":{\"@id\":\"https:\/\/www.axiomams.eu\/lv\/produktas\/testo-108-termometrs-0563-1080#primaryimage\"},\"image\":{\"@id\":\"https:\/\/www.axiomams.eu\/lv\/produktas\/testo-108-termometrs-0563-1080#primaryimage\"},\"thumbnailUrl\":\"https:\/\/www.axiomams.eu\/wp-content\/uploads\/2025\/09\/4674-6181.jpg\",\"datePublished\":\"2025-09-23T23:00:26+00:00\",\"dateModified\":\"2026-03-25T14:58:37+00:00\",\"breadcrumb\":{\"@id\":\"https:\/\/www.axiomams.eu\/lv\/produktas\/testo-108-termometrs-0563-1080#breadcrumb\"},\"inLanguage\":\"lv-LV\",\"potentialAction\":[{\"@type\":\"ReadAction\",\"target\":[\"https:\/\/www.axiomams.eu\/lv\/produktas\/testo-108-termometrs-0563-1080\"]}]},{\"@type\":\"ImageObject\",\"inLanguage\":\"lv-LV\",\"@id\":\"https:\/\/www.axiomams.eu\/lv\/produktas\/testo-108-termometrs-0563-1080#primaryimage\",\"url\":\"https:\/\/www.axiomams.eu\/wp-content\/uploads\/2025\/09\/4674-6181.jpg\",\"contentUrl\":\"https:\/\/www.axiomams.eu\/wp-content\/uploads\/2025\/09\/4674-6181.jpg\",\"width\":800,\"height\":800},{\"@type\":\"BreadcrumbList\",\"@id\":\"https:\/\/www.axiomams.eu\/lv\/produktas\/testo-108-termometrs-0563-1080#breadcrumb\",\"itemListElement\":[{\"@type\":\"ListItem\",\"position\":1,\"name\":\"Home\",\"item\":\"https:\/\/www.axiomams.eu\/lv\"},{\"@type\":\"ListItem\",\"position\":2,\"name\":\"Produkti\",\"item\":\"https:\/\/www.axiomams.eu\/lv\/produkti\"},{\"@type\":\"ListItem\",\"position\":3,\"name\":\"Testo 108 termometrs (0563 1080)\"}]},{\"@type\":\"WebSite\",\"@id\":\"https:\/\/www.axiomams.eu\/lv#website\",\"url\":\"https:\/\/www.axiomams.eu\/lv\",\"name\":\"AXIOMA MS\",\"description\":\"Terrmovizoriai ir matavimo \u012franga\",\"publisher\":{\"@id\":\"https:\/\/www.axiomams.eu\/lv#organization\"},\"potentialAction\":[{\"@type\":\"SearchAction\",\"target\":{\"@type\":\"EntryPoint\",\"urlTemplate\":\"https:\/\/www.axiomams.eu\/lv?s={search_term_string}\"},\"query-input\":{\"@type\":\"PropertyValueSpecification\",\"valueRequired\":true,\"valueName\":\"search_term_string\"}}],\"inLanguage\":\"lv-LV\"},{\"@type\":\"Organization\",\"@id\":\"https:\/\/www.axiomams.eu\/lv#organization\",\"name\":\"AXIOMA MS\",\"url\":\"https:\/\/www.axiomams.eu\/lv\",\"logo\":{\"@type\":\"ImageObject\",\"inLanguage\":\"lv-LV\",\"@id\":\"https:\/\/www.axiomams.eu\/lv#\/schema\/logo\/image\/\",\"url\":\"https:\/\/www.axiomams.eu\/wp-content\/uploads\/2025\/06\/axioma-logo-2.png\",\"contentUrl\":\"https:\/\/www.axiomams.eu\/wp-content\/uploads\/2025\/06\/axioma-logo-2.png\",\"width\":1200,\"height\":1200,\"caption\":\"AXIOMA MS\"},\"image\":{\"@id\":\"https:\/\/www.axiomams.eu\/lv#\/schema\/logo\/image\/\"},\"sameAs\":[\"https:\/\/www.facebook.com\/AxiomaMS\",\"https:\/\/www.linkedin.com\/company\/axiomams\/\"]}]}<\/script>\n<!-- \/ Yoast SEO plugin. -->","yoast_head_json":{"title":"Testo 108 termometrs (0563 1080) - AXIOMA MS","robots":{"index":"index","follow":"follow","max-snippet":"max-snippet:-1","max-image-preview":"max-image-preview:large","max-video-preview":"max-video-preview:-1"},"canonical":"https:\/\/www.axiomams.eu\/lv\/produktas\/testo-108-termometrs-0563-1080","og_locale":"lv_LV","og_type":"article","og_title":"Testo 108 termometrs (0563 1080) - AXIOMA MS","og_description":"Testo 108 ir \u016bdensiztur\u012bgs digit\u0101lais p\u0101rtikas termometrs, kas paredz\u0113ts \u0101trai un uzticamai temperat\u016bras m\u0113r\u012b\u0161anai p\u0101rtikas produktu ra\u017eo\u0161anas, apstr\u0101des un uzglab\u0101\u0161anas laik\u0101. Tas nodro\u0161ina kvalit\u0101tes kontroli vis\u0101s p\u0101rtikas r\u016bpniec\u012bbas jom\u0101s. Pamatfunkcijas &#8211; Paredz\u0113ts temperat\u016bras p\u0101rbaud\u0113m vis\u0101s p\u0101rtikas r\u016bpniec\u012bbas nozar\u0113s. &#8211; Komplekt\u0101 ir viens sensors; var pievienot papildu K un T tipa sensorus. &#8211; Digit\u0101ls un \u016bdensiztur\u012bgs...","og_url":"https:\/\/www.axiomams.eu\/lv\/produktas\/testo-108-termometrs-0563-1080","og_site_name":"AXIOMA MS","article_publisher":"https:\/\/www.facebook.com\/AxiomaMS","article_modified_time":"2026-03-25T14:58:37+00:00","og_image":[{"width":800,"height":800,"url":"https:\/\/www.axiomams.eu\/wp-content\/uploads\/2025\/09\/4674-6181.jpg","type":"image\/jpeg"}],"twitter_card":"summary_large_image","twitter_misc":{"Est. reading time":"1 minute"},"schema":{"@context":"https:\/\/schema.org","@graph":[{"@type":"WebPage","@id":"https:\/\/www.axiomams.eu\/lv\/produktas\/testo-108-termometrs-0563-1080","url":"https:\/\/www.axiomams.eu\/lv\/produktas\/testo-108-termometrs-0563-1080","name":"Testo 108 termometrs (0563 1080) - AXIOMA MS","isPartOf":{"@id":"https:\/\/www.axiomams.eu\/lv#website"},"primaryImageOfPage":{"@id":"https:\/\/www.axiomams.eu\/lv\/produktas\/testo-108-termometrs-0563-1080#primaryimage"},"image":{"@id":"https:\/\/www.axiomams.eu\/lv\/produktas\/testo-108-termometrs-0563-1080#primaryimage"},"thumbnailUrl":"https:\/\/www.axiomams.eu\/wp-content\/uploads\/2025\/09\/4674-6181.jpg","datePublished":"2025-09-23T23:00:26+00:00","dateModified":"2026-03-25T14:58:37+00:00","breadcrumb":{"@id":"https:\/\/www.axiomams.eu\/lv\/produktas\/testo-108-termometrs-0563-1080#breadcrumb"},"inLanguage":"lv-LV","potentialAction":[{"@type":"ReadAction","target":["https:\/\/www.axiomams.eu\/lv\/produktas\/testo-108-termometrs-0563-1080"]}]},{"@type":"ImageObject","inLanguage":"lv-LV","@id":"https:\/\/www.axiomams.eu\/lv\/produktas\/testo-108-termometrs-0563-1080#primaryimage","url":"https:\/\/www.axiomams.eu\/wp-content\/uploads\/2025\/09\/4674-6181.jpg","contentUrl":"https:\/\/www.axiomams.eu\/wp-content\/uploads\/2025\/09\/4674-6181.jpg","width":800,"height":800},{"@type":"BreadcrumbList","@id":"https:\/\/www.axiomams.eu\/lv\/produktas\/testo-108-termometrs-0563-1080#breadcrumb","itemListElement":[{"@type":"ListItem","position":1,"name":"Home","item":"https:\/\/www.axiomams.eu\/lv"},{"@type":"ListItem","position":2,"name":"Produkti","item":"https:\/\/www.axiomams.eu\/lv\/produkti"},{"@type":"ListItem","position":3,"name":"Testo 108 termometrs (0563 1080)"}]},{"@type":"WebSite","@id":"https:\/\/www.axiomams.eu\/lv#website","url":"https:\/\/www.axiomams.eu\/lv","name":"AXIOMA MS","description":"Terrmovizoriai ir matavimo \u012franga","publisher":{"@id":"https:\/\/www.axiomams.eu\/lv#organization"},"potentialAction":[{"@type":"SearchAction","target":{"@type":"EntryPoint","urlTemplate":"https:\/\/www.axiomams.eu\/lv?s={search_term_string}"},"query-input":{"@type":"PropertyValueSpecification","valueRequired":true,"valueName":"search_term_string"}}],"inLanguage":"lv-LV"},{"@type":"Organization","@id":"https:\/\/www.axiomams.eu\/lv#organization","name":"AXIOMA MS","url":"https:\/\/www.axiomams.eu\/lv","logo":{"@type":"ImageObject","inLanguage":"lv-LV","@id":"https:\/\/www.axiomams.eu\/lv#\/schema\/logo\/image\/","url":"https:\/\/www.axiomams.eu\/wp-content\/uploads\/2025\/06\/axioma-logo-2.png","contentUrl":"https:\/\/www.axiomams.eu\/wp-content\/uploads\/2025\/06\/axioma-logo-2.png","width":1200,"height":1200,"caption":"AXIOMA MS"},"image":{"@id":"https:\/\/www.axiomams.eu\/lv#\/schema\/logo\/image\/"},"sameAs":["https:\/\/www.facebook.com\/AxiomaMS","https:\/\/www.linkedin.com\/company\/axiomams\/"]}]}},"_links":{"self":[{"href":"https:\/\/www.axiomams.eu\/lv\/wp-json\/wp\/v2\/product\/38855","targetHints":{"allow":["GET"]}}],"collection":[{"href":"https:\/\/www.axiomams.eu\/lv\/wp-json\/wp\/v2\/product"}],"about":[{"href":"https:\/\/www.axiomams.eu\/lv\/wp-json\/wp\/v2\/types\/product"}],"replies":[{"embeddable":true,"href":"https:\/\/www.axiomams.eu\/lv\/wp-json\/wp\/v2\/comments?post=38855"}],"wp:featuredmedia":[{"embeddable":true,"href":"https:\/\/www.axiomams.eu\/lv\/wp-json\/wp\/v2\/media\/41404"}],"wp:attachment":[{"href":"https:\/\/www.axiomams.eu\/lv\/wp-json\/wp\/v2\/media?parent=38855"}],"wp:term":[{"taxonomy":"product_brand","embeddable":true,"href":"https:\/\/www.axiomams.eu\/lv\/wp-json\/wp\/v2\/product_brand?post=38855"},{"taxonomy":"product_cat","embeddable":true,"href":"https:\/\/www.axiomams.eu\/lv\/wp-json\/wp\/v2\/product_cat?post=38855"},{"taxonomy":"product_tag","embeddable":true,"href":"https:\/\/www.axiomams.eu\/lv\/wp-json\/wp\/v2\/product_tag?post=38855"}],"curies":[{"name":"wp","href":"https:\/\/api.w.org\/{rel}","templated":true}]}}