{"id":38860,"date":"2025-09-12T01:00:24","date_gmt":"2025-09-11T23:00:24","guid":{"rendered":"https:\/\/www.axiomams.eu\/produktas\/testo-175-h1-termohigrometrs-0572-1754"},"modified":"2026-03-25T16:58:39","modified_gmt":"2026-03-25T14:58:39","slug":"testo-175-h1-termohigrometrs-0572-1754","status":"publish","type":"product","link":"https:\/\/www.axiomams.eu\/lv\/produktas\/testo-175-h1-termohigrometrs-0572-1754","title":{"rendered":"Testo 175 H1 termohigrometrs (0572 1754)"},"content":{"rendered":"<p>Lai sasniegtu optim\u0101lus rezult\u0101tus ener\u0123ijas taup\u012b\u0161anas, pre\u010du uzglab\u0101\u0161anas vai iek\u0161telpu klimata p\u0101rvald\u012bbas jom\u0101, ir nepiecie\u0161ama prec\u012bza temperat\u016bras un mitruma anal\u012bze. Testo 175 H1 ir izstr\u0101d\u0101ts, lai nodro\u0161in\u0101tu uzticamus ilgtermi\u0146a m\u0113r\u012bjumus un prec\u012bzi re\u0123istr\u0113tu svar\u012bgus datus.<\/p>\n<p><b>Pamatfunkcijas<\/b><br \/>\n&#8211; \u0100tra reakcija ar \u0101r\u0113jo mitruma sensoru prec\u012bziem r\u0101d\u012bjumiem.<br \/>\n&#8211; Nep\u0101rtraukta temperat\u016bras, relat\u012bv\u0101 mitruma un rasas punkta re\u0123istr\u0113\u0161ana.<br \/>\n&#8211; Lielas ietilp\u012bbas atmi\u0146a saglab\u0101 l\u012bdz pat 1 miljonam nolas\u012bjumu ar 3 gadu akumulatora darb\u012bbas laiku.<br \/>\n&#8211; Bezmaksas programmat\u016bras lejupiel\u0101de (ComSoft Basic) \u0113rtai datu anal\u012bzei.<\/p>\n<p><b>Funkcijas un priek\u0161roc\u012bbas<\/b><br \/>\nTesto 175 H1 uzrauga un re\u0123istr\u0113 gan temperat\u016bru, gan mitrumu sl\u0113gt\u0101s telp\u0101s un \u0113k\u0101s. Tas ir apr\u012bkots ar \u0101r\u0113jo mitruma sensoru (stubl\u0101js), kas nodro\u0161ina \u0101tr\u0101ku reakcijas laiku. Turkl\u0101t ieb\u016bv\u0113t\u0101 sl\u0113dzene nodro\u0161ina aizsardz\u012bbu pret z\u0101dz\u012bbu un viltojumiem. Papildus pa\u0161reiz\u0113jiem temperat\u016bras un mitruma r\u0101d\u012bjumiem ier\u012bce uzr\u0101da ar\u012b rasas punkta v\u0113rt\u012bbas. Robe\u017ev\u0113rt\u012bbas, p\u0101rk\u0101pumus un atliku\u0161o akumulatora darb\u012bbas laiku var uzraudz\u012bt uz liela, viegli salas\u0101ma displeja.<\/p>\n<p><b>Iztur\u012bba un veiktsp\u0113ja<\/b><br \/>\nPateicoties lielajai atmi\u0146as ietilp\u012bbai, Testo 175 H1 var saglab\u0101t l\u012bdz pat 1 miljonam nolas\u012bjumu. T\u0101 k\u0101 akumulatora darb\u012bbas laiks ir l\u012bdz 3 gadiem, ier\u012bce nodro\u0161ina ilgtermi\u0146a uzraudz\u012bbu, samazinot nepiecie\u0161am\u012bbu bie\u017ei lejupiel\u0101d\u0113t datus. T\u0101s AAA baterijas lietot\u0101js var viegli nomain\u012bt.<\/p>\n<p><b>Pielietojumi<\/b><br \/>\nTesto 175 H1 ir ide\u0101li piem\u0113rots diennakts temperat\u016bras un mitruma uzraudz\u012bbai kontrol\u0113t\u0101 vid\u0113, piem\u0113ram, noliktav\u0101s, arh\u012bvos un birojos. \u0100r\u0113jais mitruma sensors, kas savienojams tie\u0161i ar ier\u012bces korpusu, nodro\u0161ina \u0101tr\u0101ku reakcijas laiku efekt\u012bvai klimata p\u0101rvald\u012bbai.<\/p>\n<p>Standarta komplekts: testo 175 H1 termohigrometrs, sienas kron\u0161teins, sl\u0113dzene, baterijas, kalibr\u0113\u0161anas protokols.<br \/>\nKods: 0572 1754<\/p>\n<h3>Tehnisk\u0101 inform\u0101cija:<\/h3>\n<ul>\n<li><a href=\"https:\/\/axiomams.eu\/importer\/export\/attachments\/en\/testo-175-h1.pdf\" target=\"_blank\">testo 175 h1.pdf<\/a><\/li>\n<\/ul>\n","protected":false},"excerpt":{"rendered":"<p>Lai sasniegtu optim\u0101lus rezult\u0101tus ener\u0123ijas taup\u012b\u0161anas, pre\u010du uzglab\u0101\u0161anas vai iek\u0161telpu klimata p\u0101rvald\u012bbas jom\u0101, ir nepiecie\u0161ama prec\u012bza temperat\u016bras un mitruma anal\u012bze. Testo 175 H1 ir izstr\u0101d\u0101ts, lai nodro\u0161in\u0101tu uzticamus ilgtermi\u0146a m\u0113r\u012bjumus un prec\u012bzi re\u0123istr\u0113tu svar\u012bgus datus. Pamatfunkcijas &#8211; \u0100tra reakcija ar \u0101r\u0113jo mitruma sensoru prec\u012bziem r\u0101d\u012bjumiem. &#8211; Nep\u0101rtraukta temperat\u016bras, relat\u012bv\u0101 mitruma un rasas punkta re\u0123istr\u0113\u0161ana. &#8211;&#8230;<\/p>\n","protected":false},"featured_media":41422,"comment_status":"open","ping_status":"closed","template":"","meta":{"_acf_changed":false},"product_brand":[735],"product_cat":[17725],"product_tag":[],"class_list":{"0":"post-38860","1":"product","2":"type-product","3":"status-publish","4":"has-post-thumbnail","6":"product_brand-testo","7":"product_cat-datu-registretaji","9":"first","10":"instock","11":"taxable","12":"shipping-taxable","13":"product-type-simple"},"acf":[],"yoast_head":"<!-- This site is optimized with the Yoast SEO plugin v27.0 - https:\/\/yoast.com\/product\/yoast-seo-wordpress\/ -->\n<title>Testo 175 H1 termohigrometrs (0572 1754) - AXIOMA MS<\/title>\n<meta name=\"robots\" content=\"index, follow, max-snippet:-1, max-image-preview:large, max-video-preview:-1\" \/>\n<link rel=\"canonical\" href=\"https:\/\/www.axiomams.eu\/lv\/produktas\/testo-175-h1-termohigrometrs-0572-1754\" \/>\n<meta property=\"og:locale\" content=\"lv_LV\" \/>\n<meta property=\"og:type\" content=\"article\" \/>\n<meta property=\"og:title\" content=\"Testo 175 H1 termohigrometrs (0572 1754) - AXIOMA MS\" \/>\n<meta property=\"og:description\" content=\"Lai sasniegtu optim\u0101lus rezult\u0101tus ener\u0123ijas taup\u012b\u0161anas, pre\u010du uzglab\u0101\u0161anas vai iek\u0161telpu klimata p\u0101rvald\u012bbas jom\u0101, ir nepiecie\u0161ama prec\u012bza temperat\u016bras un mitruma anal\u012bze. Testo 175 H1 ir izstr\u0101d\u0101ts, lai nodro\u0161in\u0101tu uzticamus ilgtermi\u0146a m\u0113r\u012bjumus un prec\u012bzi re\u0123istr\u0113tu svar\u012bgus datus. Pamatfunkcijas &#8211; \u0100tra reakcija ar \u0101r\u0113jo mitruma sensoru prec\u012bziem r\u0101d\u012bjumiem. &#8211; Nep\u0101rtraukta temperat\u016bras, relat\u012bv\u0101 mitruma un rasas punkta re\u0123istr\u0113\u0161ana. &#8211;...\" \/>\n<meta property=\"og:url\" content=\"https:\/\/www.axiomams.eu\/lv\/produktas\/testo-175-h1-termohigrometrs-0572-1754\" \/>\n<meta property=\"og:site_name\" content=\"AXIOMA MS\" \/>\n<meta property=\"article:publisher\" content=\"https:\/\/www.facebook.com\/AxiomaMS\" \/>\n<meta property=\"article:modified_time\" content=\"2026-03-25T14:58:39+00:00\" \/>\n<meta property=\"og:image\" content=\"https:\/\/www.axiomams.eu\/wp-content\/uploads\/2025\/09\/4666-6167.jpg\" \/>\n\t<meta property=\"og:image:width\" content=\"800\" \/>\n\t<meta property=\"og:image:height\" content=\"800\" \/>\n\t<meta property=\"og:image:type\" content=\"image\/jpeg\" \/>\n<meta name=\"twitter:card\" content=\"summary_large_image\" \/>\n<meta name=\"twitter:label1\" content=\"Est. reading time\" \/>\n\t<meta name=\"twitter:data1\" content=\"2 minutes\" \/>\n<script type=\"application\/ld+json\" class=\"yoast-schema-graph\">{\"@context\":\"https:\/\/schema.org\",\"@graph\":[{\"@type\":\"WebPage\",\"@id\":\"https:\/\/www.axiomams.eu\/lv\/produktas\/testo-175-h1-termohigrometrs-0572-1754\",\"url\":\"https:\/\/www.axiomams.eu\/lv\/produktas\/testo-175-h1-termohigrometrs-0572-1754\",\"name\":\"Testo 175 H1 termohigrometrs (0572 1754) - AXIOMA MS\",\"isPartOf\":{\"@id\":\"https:\/\/www.axiomams.eu\/lv#website\"},\"primaryImageOfPage\":{\"@id\":\"https:\/\/www.axiomams.eu\/lv\/produktas\/testo-175-h1-termohigrometrs-0572-1754#primaryimage\"},\"image\":{\"@id\":\"https:\/\/www.axiomams.eu\/lv\/produktas\/testo-175-h1-termohigrometrs-0572-1754#primaryimage\"},\"thumbnailUrl\":\"https:\/\/www.axiomams.eu\/wp-content\/uploads\/2025\/09\/4666-6167.jpg\",\"datePublished\":\"2025-09-11T23:00:24+00:00\",\"dateModified\":\"2026-03-25T14:58:39+00:00\",\"breadcrumb\":{\"@id\":\"https:\/\/www.axiomams.eu\/lv\/produktas\/testo-175-h1-termohigrometrs-0572-1754#breadcrumb\"},\"inLanguage\":\"lv-LV\",\"potentialAction\":[{\"@type\":\"ReadAction\",\"target\":[\"https:\/\/www.axiomams.eu\/lv\/produktas\/testo-175-h1-termohigrometrs-0572-1754\"]}]},{\"@type\":\"ImageObject\",\"inLanguage\":\"lv-LV\",\"@id\":\"https:\/\/www.axiomams.eu\/lv\/produktas\/testo-175-h1-termohigrometrs-0572-1754#primaryimage\",\"url\":\"https:\/\/www.axiomams.eu\/wp-content\/uploads\/2025\/09\/4666-6167.jpg\",\"contentUrl\":\"https:\/\/www.axiomams.eu\/wp-content\/uploads\/2025\/09\/4666-6167.jpg\",\"width\":800,\"height\":800},{\"@type\":\"BreadcrumbList\",\"@id\":\"https:\/\/www.axiomams.eu\/lv\/produktas\/testo-175-h1-termohigrometrs-0572-1754#breadcrumb\",\"itemListElement\":[{\"@type\":\"ListItem\",\"position\":1,\"name\":\"Home\",\"item\":\"https:\/\/www.axiomams.eu\/lv\"},{\"@type\":\"ListItem\",\"position\":2,\"name\":\"Produkti\",\"item\":\"https:\/\/www.axiomams.eu\/lv\/produkti\"},{\"@type\":\"ListItem\",\"position\":3,\"name\":\"Testo 175 H1 termohigrometrs (0572 1754)\"}]},{\"@type\":\"WebSite\",\"@id\":\"https:\/\/www.axiomams.eu\/lv#website\",\"url\":\"https:\/\/www.axiomams.eu\/lv\",\"name\":\"AXIOMA MS\",\"description\":\"Terrmovizoriai ir matavimo \u012franga\",\"publisher\":{\"@id\":\"https:\/\/www.axiomams.eu\/lv#organization\"},\"potentialAction\":[{\"@type\":\"SearchAction\",\"target\":{\"@type\":\"EntryPoint\",\"urlTemplate\":\"https:\/\/www.axiomams.eu\/lv?s={search_term_string}\"},\"query-input\":{\"@type\":\"PropertyValueSpecification\",\"valueRequired\":true,\"valueName\":\"search_term_string\"}}],\"inLanguage\":\"lv-LV\"},{\"@type\":\"Organization\",\"@id\":\"https:\/\/www.axiomams.eu\/lv#organization\",\"name\":\"AXIOMA MS\",\"url\":\"https:\/\/www.axiomams.eu\/lv\",\"logo\":{\"@type\":\"ImageObject\",\"inLanguage\":\"lv-LV\",\"@id\":\"https:\/\/www.axiomams.eu\/lv#\/schema\/logo\/image\/\",\"url\":\"https:\/\/www.axiomams.eu\/wp-content\/uploads\/2025\/06\/axioma-logo-2.png\",\"contentUrl\":\"https:\/\/www.axiomams.eu\/wp-content\/uploads\/2025\/06\/axioma-logo-2.png\",\"width\":1200,\"height\":1200,\"caption\":\"AXIOMA MS\"},\"image\":{\"@id\":\"https:\/\/www.axiomams.eu\/lv#\/schema\/logo\/image\/\"},\"sameAs\":[\"https:\/\/www.facebook.com\/AxiomaMS\",\"https:\/\/www.linkedin.com\/company\/axiomams\/\"]}]}<\/script>\n<!-- \/ Yoast SEO plugin. -->","yoast_head_json":{"title":"Testo 175 H1 termohigrometrs (0572 1754) - AXIOMA MS","robots":{"index":"index","follow":"follow","max-snippet":"max-snippet:-1","max-image-preview":"max-image-preview:large","max-video-preview":"max-video-preview:-1"},"canonical":"https:\/\/www.axiomams.eu\/lv\/produktas\/testo-175-h1-termohigrometrs-0572-1754","og_locale":"lv_LV","og_type":"article","og_title":"Testo 175 H1 termohigrometrs (0572 1754) - AXIOMA MS","og_description":"Lai sasniegtu optim\u0101lus rezult\u0101tus ener\u0123ijas taup\u012b\u0161anas, pre\u010du uzglab\u0101\u0161anas vai iek\u0161telpu klimata p\u0101rvald\u012bbas jom\u0101, ir nepiecie\u0161ama prec\u012bza temperat\u016bras un mitruma anal\u012bze. Testo 175 H1 ir izstr\u0101d\u0101ts, lai nodro\u0161in\u0101tu uzticamus ilgtermi\u0146a m\u0113r\u012bjumus un prec\u012bzi re\u0123istr\u0113tu svar\u012bgus datus. Pamatfunkcijas &#8211; \u0100tra reakcija ar \u0101r\u0113jo mitruma sensoru prec\u012bziem r\u0101d\u012bjumiem. &#8211; Nep\u0101rtraukta temperat\u016bras, relat\u012bv\u0101 mitruma un rasas punkta re\u0123istr\u0113\u0161ana. &#8211;...","og_url":"https:\/\/www.axiomams.eu\/lv\/produktas\/testo-175-h1-termohigrometrs-0572-1754","og_site_name":"AXIOMA MS","article_publisher":"https:\/\/www.facebook.com\/AxiomaMS","article_modified_time":"2026-03-25T14:58:39+00:00","og_image":[{"width":800,"height":800,"url":"https:\/\/www.axiomams.eu\/wp-content\/uploads\/2025\/09\/4666-6167.jpg","type":"image\/jpeg"}],"twitter_card":"summary_large_image","twitter_misc":{"Est. reading time":"2 minutes"},"schema":{"@context":"https:\/\/schema.org","@graph":[{"@type":"WebPage","@id":"https:\/\/www.axiomams.eu\/lv\/produktas\/testo-175-h1-termohigrometrs-0572-1754","url":"https:\/\/www.axiomams.eu\/lv\/produktas\/testo-175-h1-termohigrometrs-0572-1754","name":"Testo 175 H1 termohigrometrs (0572 1754) - AXIOMA MS","isPartOf":{"@id":"https:\/\/www.axiomams.eu\/lv#website"},"primaryImageOfPage":{"@id":"https:\/\/www.axiomams.eu\/lv\/produktas\/testo-175-h1-termohigrometrs-0572-1754#primaryimage"},"image":{"@id":"https:\/\/www.axiomams.eu\/lv\/produktas\/testo-175-h1-termohigrometrs-0572-1754#primaryimage"},"thumbnailUrl":"https:\/\/www.axiomams.eu\/wp-content\/uploads\/2025\/09\/4666-6167.jpg","datePublished":"2025-09-11T23:00:24+00:00","dateModified":"2026-03-25T14:58:39+00:00","breadcrumb":{"@id":"https:\/\/www.axiomams.eu\/lv\/produktas\/testo-175-h1-termohigrometrs-0572-1754#breadcrumb"},"inLanguage":"lv-LV","potentialAction":[{"@type":"ReadAction","target":["https:\/\/www.axiomams.eu\/lv\/produktas\/testo-175-h1-termohigrometrs-0572-1754"]}]},{"@type":"ImageObject","inLanguage":"lv-LV","@id":"https:\/\/www.axiomams.eu\/lv\/produktas\/testo-175-h1-termohigrometrs-0572-1754#primaryimage","url":"https:\/\/www.axiomams.eu\/wp-content\/uploads\/2025\/09\/4666-6167.jpg","contentUrl":"https:\/\/www.axiomams.eu\/wp-content\/uploads\/2025\/09\/4666-6167.jpg","width":800,"height":800},{"@type":"BreadcrumbList","@id":"https:\/\/www.axiomams.eu\/lv\/produktas\/testo-175-h1-termohigrometrs-0572-1754#breadcrumb","itemListElement":[{"@type":"ListItem","position":1,"name":"Home","item":"https:\/\/www.axiomams.eu\/lv"},{"@type":"ListItem","position":2,"name":"Produkti","item":"https:\/\/www.axiomams.eu\/lv\/produkti"},{"@type":"ListItem","position":3,"name":"Testo 175 H1 termohigrometrs (0572 1754)"}]},{"@type":"WebSite","@id":"https:\/\/www.axiomams.eu\/lv#website","url":"https:\/\/www.axiomams.eu\/lv","name":"AXIOMA MS","description":"Terrmovizoriai ir matavimo \u012franga","publisher":{"@id":"https:\/\/www.axiomams.eu\/lv#organization"},"potentialAction":[{"@type":"SearchAction","target":{"@type":"EntryPoint","urlTemplate":"https:\/\/www.axiomams.eu\/lv?s={search_term_string}"},"query-input":{"@type":"PropertyValueSpecification","valueRequired":true,"valueName":"search_term_string"}}],"inLanguage":"lv-LV"},{"@type":"Organization","@id":"https:\/\/www.axiomams.eu\/lv#organization","name":"AXIOMA MS","url":"https:\/\/www.axiomams.eu\/lv","logo":{"@type":"ImageObject","inLanguage":"lv-LV","@id":"https:\/\/www.axiomams.eu\/lv#\/schema\/logo\/image\/","url":"https:\/\/www.axiomams.eu\/wp-content\/uploads\/2025\/06\/axioma-logo-2.png","contentUrl":"https:\/\/www.axiomams.eu\/wp-content\/uploads\/2025\/06\/axioma-logo-2.png","width":1200,"height":1200,"caption":"AXIOMA MS"},"image":{"@id":"https:\/\/www.axiomams.eu\/lv#\/schema\/logo\/image\/"},"sameAs":["https:\/\/www.facebook.com\/AxiomaMS","https:\/\/www.linkedin.com\/company\/axiomams\/"]}]}},"_links":{"self":[{"href":"https:\/\/www.axiomams.eu\/lv\/wp-json\/wp\/v2\/product\/38860","targetHints":{"allow":["GET"]}}],"collection":[{"href":"https:\/\/www.axiomams.eu\/lv\/wp-json\/wp\/v2\/product"}],"about":[{"href":"https:\/\/www.axiomams.eu\/lv\/wp-json\/wp\/v2\/types\/product"}],"replies":[{"embeddable":true,"href":"https:\/\/www.axiomams.eu\/lv\/wp-json\/wp\/v2\/comments?post=38860"}],"wp:featuredmedia":[{"embeddable":true,"href":"https:\/\/www.axiomams.eu\/lv\/wp-json\/wp\/v2\/media\/41422"}],"wp:attachment":[{"href":"https:\/\/www.axiomams.eu\/lv\/wp-json\/wp\/v2\/media?parent=38860"}],"wp:term":[{"taxonomy":"product_brand","embeddable":true,"href":"https:\/\/www.axiomams.eu\/lv\/wp-json\/wp\/v2\/product_brand?post=38860"},{"taxonomy":"product_cat","embeddable":true,"href":"https:\/\/www.axiomams.eu\/lv\/wp-json\/wp\/v2\/product_cat?post=38860"},{"taxonomy":"product_tag","embeddable":true,"href":"https:\/\/www.axiomams.eu\/lv\/wp-json\/wp\/v2\/product_tag?post=38860"}],"curies":[{"name":"wp","href":"https:\/\/api.w.org\/{rel}","templated":true}]}}