{"id":38861,"date":"2025-05-15T17:55:44","date_gmt":"2025-05-15T15:55:44","guid":{"rendered":"https:\/\/www.axiomams.eu\/produktas\/testo-205-ph-meritajs-0563-2051"},"modified":"2026-03-25T16:58:40","modified_gmt":"2026-03-25T14:58:40","slug":"testo-205-ph-meritajs-0563-2051","status":"publish","type":"product","link":"https:\/\/www.axiomams.eu\/lv\/produktas\/testo-205-ph-meritajs-0563-2051","title":{"rendered":"Testo 205 pH m\u0113r\u012bt\u0101js (0563 2051)"},"content":{"rendered":"<p>testo 205 pH m\u0113r\u012bt\u0101js &#8211; vienlaikus m\u0113ra gan pH v\u0113rt\u012bbu, gan temperat\u016bru pusciet\u0101 vid\u0113. T\u0101 k\u0101 pH\/temperat\u016bras m\u0113rinstruments ir \u013coti iztur\u012bgs, jo \u012bpa\u0161i pH m\u0113r\u012b\u0161anas uzgalis, testo 205 bie\u017ei tiek izmantots ga\u013cas kvalit\u0101tes un nogatavin\u0101\u0161anas pak\u0101pes kontrolei. Piem\u0113ram, ga\u013cas veikalos, kautuv\u0113s un ga\u013cas p\u0101rstr\u0101des r\u016bpniec\u012bb\u0101.<\/p>\n<p>Vied\u0101 m\u0113r\u012b\u0161anas tehnolo\u0123ija &#8211; testo 205 priek\u0161roc\u012bbas pH v\u0113rt\u012bbas un temperat\u016bras m\u0113r\u012b\u0161an\u0101<br \/>\n&#8211; Ar testo 205 var veikt pH m\u0113r\u012bjumus pusciet\u0101 vid\u0113. Integr\u0113tais temperat\u016bras sensors nodro\u0161ina prec\u012bzu temperat\u016bras kompens\u0101ciju un l\u012bdz ar to ar\u012b prec\u012bzus pH m\u0113r\u012bjumus.<br \/>\n&#8211; pH zondei nav nepiecie\u0161ama apkope, t\u0101 ir herm\u0113tiska un nejut\u012bga pret net\u012brumiem, pateicoties zond\u0113 eso\u0161ajam g\u0113la elektrol\u012btam.<br \/>\n&#8211; pH zondes diafragma ar caurumiem nodro\u0161ina \u0101trus un uzticamus pH m\u0113r\u012bjumus.<br \/>\n&#8211; Kombin\u0113to pH m\u0113r\u012b\u0161anas uzgal\u012bti ar temperat\u016bras zondi var nomain\u012bt lietot\u0101js. Tas \u013cauj ietaup\u012bt izmaksas, kas saist\u012btas ar jauna m\u0113rinstrumenta ieg\u0101di.<\/p>\n<p><b>Standarta komplekts:<\/b> testo 205 pH temperat\u016bras m\u0113rinstruments, uzglab\u0101\u0161anas v\u0101ci\u0146\u0161 ar gelu, selt\/ sienas kron\u0161teins.<\/p>\n<p><iframe loading=\"lazy\" width=\"560\" height=\"315\" src=\"https:\/\/www.youtube.com\/embed\/nt85bhoPQn4?si=2DNPK_VAH_J2S2oS\" title=\"YouTube video atska\u0146ot\u0101js\" frameborder=\"0\" allow=\"accelerometer; autoplay; clipboard-write; encrypted-media; gyroscope; picture-in-picture; web-share\" referrerpolicy=\"strict-origin-when-cross-origin\" allowfullscreen><\/iframe><\/p>\n<h3>Tehnisk\u0101 inform\u0101cija:<\/h3>\n<ul>\n<li><a href=\"https:\/\/axiomams.eu\/importer\/export\/attachments\/en\/testo-205.pdf\" target=\"_blank\">testo 205.pdf<\/a><\/li>\n<\/ul>\n","protected":false},"excerpt":{"rendered":"<p>testo 205 pH m\u0113r\u012bt\u0101js &#8211; vienlaikus m\u0113ra gan pH v\u0113rt\u012bbu, gan temperat\u016bru pusciet\u0101 vid\u0113. T\u0101 k\u0101 pH\/temperat\u016bras m\u0113rinstruments ir \u013coti iztur\u012bgs, jo \u012bpa\u0161i pH m\u0113r\u012b\u0161anas uzgalis, testo 205 bie\u017ei tiek izmantots ga\u013cas kvalit\u0101tes un nogatavin\u0101\u0161anas pak\u0101pes kontrolei. Piem\u0113ram, ga\u013cas veikalos, kautuv\u0113s un ga\u013cas p\u0101rstr\u0101des r\u016bpniec\u012bb\u0101. Vied\u0101 m\u0113r\u012b\u0161anas tehnolo\u0123ija &#8211; testo 205 priek\u0161roc\u012bbas pH v\u0113rt\u012bbas un&#8230;<\/p>\n","protected":false},"featured_media":41424,"comment_status":"open","ping_status":"closed","template":"","meta":{"_acf_changed":false},"product_brand":[735],"product_cat":[17759],"product_tag":[],"class_list":{"0":"post-38861","1":"product","2":"type-product","3":"status-publish","4":"has-post-thumbnail","6":"product_brand-testo","7":"product_cat-materiali-analizei","9":"first","10":"instock","11":"taxable","12":"shipping-taxable","13":"purchasable","14":"product-type-simple"},"acf":[],"yoast_head":"<!-- This site is optimized with the Yoast SEO plugin v27.0 - https:\/\/yoast.com\/product\/yoast-seo-wordpress\/ -->\n<title>Testo 205 pH m\u0113r\u012bt\u0101js (0563 2051) - AXIOMA MS<\/title>\n<meta name=\"robots\" content=\"index, follow, max-snippet:-1, max-image-preview:large, max-video-preview:-1\" \/>\n<link rel=\"canonical\" href=\"https:\/\/www.axiomams.eu\/lv\/produktas\/testo-205-ph-meritajs-0563-2051\" \/>\n<meta property=\"og:locale\" content=\"lv_LV\" \/>\n<meta property=\"og:type\" content=\"article\" \/>\n<meta property=\"og:title\" content=\"Testo 205 pH m\u0113r\u012bt\u0101js (0563 2051) - AXIOMA MS\" \/>\n<meta property=\"og:description\" content=\"testo 205 pH m\u0113r\u012bt\u0101js &#8211; vienlaikus m\u0113ra gan pH v\u0113rt\u012bbu, gan temperat\u016bru pusciet\u0101 vid\u0113. T\u0101 k\u0101 pH\/temperat\u016bras m\u0113rinstruments ir \u013coti iztur\u012bgs, jo \u012bpa\u0161i pH m\u0113r\u012b\u0161anas uzgalis, testo 205 bie\u017ei tiek izmantots ga\u013cas kvalit\u0101tes un nogatavin\u0101\u0161anas pak\u0101pes kontrolei. Piem\u0113ram, ga\u013cas veikalos, kautuv\u0113s un ga\u013cas p\u0101rstr\u0101des r\u016bpniec\u012bb\u0101. Vied\u0101 m\u0113r\u012b\u0161anas tehnolo\u0123ija &#8211; testo 205 priek\u0161roc\u012bbas pH v\u0113rt\u012bbas un...\" \/>\n<meta property=\"og:url\" content=\"https:\/\/www.axiomams.eu\/lv\/produktas\/testo-205-ph-meritajs-0563-2051\" \/>\n<meta property=\"og:site_name\" content=\"AXIOMA MS\" \/>\n<meta property=\"article:publisher\" content=\"https:\/\/www.facebook.com\/AxiomaMS\" \/>\n<meta property=\"article:modified_time\" content=\"2026-03-25T14:58:40+00:00\" \/>\n<meta property=\"og:image\" content=\"https:\/\/www.axiomams.eu\/wp-content\/uploads\/2025\/07\/3565-4861.jpg\" \/>\n\t<meta property=\"og:image:width\" content=\"800\" \/>\n\t<meta property=\"og:image:height\" content=\"800\" \/>\n\t<meta property=\"og:image:type\" content=\"image\/jpeg\" \/>\n<meta name=\"twitter:card\" content=\"summary_large_image\" \/>\n<meta name=\"twitter:label1\" content=\"Est. reading time\" \/>\n\t<meta name=\"twitter:data1\" content=\"1 minute\" \/>\n<script type=\"application\/ld+json\" class=\"yoast-schema-graph\">{\"@context\":\"https:\/\/schema.org\",\"@graph\":[{\"@type\":\"WebPage\",\"@id\":\"https:\/\/www.axiomams.eu\/lv\/produktas\/testo-205-ph-meritajs-0563-2051\",\"url\":\"https:\/\/www.axiomams.eu\/lv\/produktas\/testo-205-ph-meritajs-0563-2051\",\"name\":\"Testo 205 pH m\u0113r\u012bt\u0101js (0563 2051) - AXIOMA MS\",\"isPartOf\":{\"@id\":\"https:\/\/www.axiomams.eu\/lv#website\"},\"primaryImageOfPage\":{\"@id\":\"https:\/\/www.axiomams.eu\/lv\/produktas\/testo-205-ph-meritajs-0563-2051#primaryimage\"},\"image\":{\"@id\":\"https:\/\/www.axiomams.eu\/lv\/produktas\/testo-205-ph-meritajs-0563-2051#primaryimage\"},\"thumbnailUrl\":\"https:\/\/www.axiomams.eu\/wp-content\/uploads\/2025\/07\/3565-4861.jpg\",\"datePublished\":\"2025-05-15T15:55:44+00:00\",\"dateModified\":\"2026-03-25T14:58:40+00:00\",\"breadcrumb\":{\"@id\":\"https:\/\/www.axiomams.eu\/lv\/produktas\/testo-205-ph-meritajs-0563-2051#breadcrumb\"},\"inLanguage\":\"lv-LV\",\"potentialAction\":[{\"@type\":\"ReadAction\",\"target\":[\"https:\/\/www.axiomams.eu\/lv\/produktas\/testo-205-ph-meritajs-0563-2051\"]}]},{\"@type\":\"ImageObject\",\"inLanguage\":\"lv-LV\",\"@id\":\"https:\/\/www.axiomams.eu\/lv\/produktas\/testo-205-ph-meritajs-0563-2051#primaryimage\",\"url\":\"https:\/\/www.axiomams.eu\/wp-content\/uploads\/2025\/07\/3565-4861.jpg\",\"contentUrl\":\"https:\/\/www.axiomams.eu\/wp-content\/uploads\/2025\/07\/3565-4861.jpg\",\"width\":800,\"height\":800},{\"@type\":\"BreadcrumbList\",\"@id\":\"https:\/\/www.axiomams.eu\/lv\/produktas\/testo-205-ph-meritajs-0563-2051#breadcrumb\",\"itemListElement\":[{\"@type\":\"ListItem\",\"position\":1,\"name\":\"Home\",\"item\":\"https:\/\/www.axiomams.eu\/lv\"},{\"@type\":\"ListItem\",\"position\":2,\"name\":\"Produkti\",\"item\":\"https:\/\/www.axiomams.eu\/lv\/produkti\"},{\"@type\":\"ListItem\",\"position\":3,\"name\":\"Testo 205 pH m\u0113r\u012bt\u0101js (0563 2051)\"}]},{\"@type\":\"WebSite\",\"@id\":\"https:\/\/www.axiomams.eu\/lv#website\",\"url\":\"https:\/\/www.axiomams.eu\/lv\",\"name\":\"AXIOMA MS\",\"description\":\"Terrmovizoriai ir matavimo \u012franga\",\"publisher\":{\"@id\":\"https:\/\/www.axiomams.eu\/lv#organization\"},\"potentialAction\":[{\"@type\":\"SearchAction\",\"target\":{\"@type\":\"EntryPoint\",\"urlTemplate\":\"https:\/\/www.axiomams.eu\/lv?s={search_term_string}\"},\"query-input\":{\"@type\":\"PropertyValueSpecification\",\"valueRequired\":true,\"valueName\":\"search_term_string\"}}],\"inLanguage\":\"lv-LV\"},{\"@type\":\"Organization\",\"@id\":\"https:\/\/www.axiomams.eu\/lv#organization\",\"name\":\"AXIOMA MS\",\"url\":\"https:\/\/www.axiomams.eu\/lv\",\"logo\":{\"@type\":\"ImageObject\",\"inLanguage\":\"lv-LV\",\"@id\":\"https:\/\/www.axiomams.eu\/lv#\/schema\/logo\/image\/\",\"url\":\"https:\/\/www.axiomams.eu\/wp-content\/uploads\/2025\/06\/axioma-logo-2.png\",\"contentUrl\":\"https:\/\/www.axiomams.eu\/wp-content\/uploads\/2025\/06\/axioma-logo-2.png\",\"width\":1200,\"height\":1200,\"caption\":\"AXIOMA MS\"},\"image\":{\"@id\":\"https:\/\/www.axiomams.eu\/lv#\/schema\/logo\/image\/\"},\"sameAs\":[\"https:\/\/www.facebook.com\/AxiomaMS\",\"https:\/\/www.linkedin.com\/company\/axiomams\/\"]}]}<\/script>\n<!-- \/ Yoast SEO plugin. -->","yoast_head_json":{"title":"Testo 205 pH m\u0113r\u012bt\u0101js (0563 2051) - AXIOMA MS","robots":{"index":"index","follow":"follow","max-snippet":"max-snippet:-1","max-image-preview":"max-image-preview:large","max-video-preview":"max-video-preview:-1"},"canonical":"https:\/\/www.axiomams.eu\/lv\/produktas\/testo-205-ph-meritajs-0563-2051","og_locale":"lv_LV","og_type":"article","og_title":"Testo 205 pH m\u0113r\u012bt\u0101js (0563 2051) - AXIOMA MS","og_description":"testo 205 pH m\u0113r\u012bt\u0101js &#8211; vienlaikus m\u0113ra gan pH v\u0113rt\u012bbu, gan temperat\u016bru pusciet\u0101 vid\u0113. T\u0101 k\u0101 pH\/temperat\u016bras m\u0113rinstruments ir \u013coti iztur\u012bgs, jo \u012bpa\u0161i pH m\u0113r\u012b\u0161anas uzgalis, testo 205 bie\u017ei tiek izmantots ga\u013cas kvalit\u0101tes un nogatavin\u0101\u0161anas pak\u0101pes kontrolei. Piem\u0113ram, ga\u013cas veikalos, kautuv\u0113s un ga\u013cas p\u0101rstr\u0101des r\u016bpniec\u012bb\u0101. Vied\u0101 m\u0113r\u012b\u0161anas tehnolo\u0123ija &#8211; testo 205 priek\u0161roc\u012bbas pH v\u0113rt\u012bbas un...","og_url":"https:\/\/www.axiomams.eu\/lv\/produktas\/testo-205-ph-meritajs-0563-2051","og_site_name":"AXIOMA MS","article_publisher":"https:\/\/www.facebook.com\/AxiomaMS","article_modified_time":"2026-03-25T14:58:40+00:00","og_image":[{"width":800,"height":800,"url":"https:\/\/www.axiomams.eu\/wp-content\/uploads\/2025\/07\/3565-4861.jpg","type":"image\/jpeg"}],"twitter_card":"summary_large_image","twitter_misc":{"Est. reading time":"1 minute"},"schema":{"@context":"https:\/\/schema.org","@graph":[{"@type":"WebPage","@id":"https:\/\/www.axiomams.eu\/lv\/produktas\/testo-205-ph-meritajs-0563-2051","url":"https:\/\/www.axiomams.eu\/lv\/produktas\/testo-205-ph-meritajs-0563-2051","name":"Testo 205 pH m\u0113r\u012bt\u0101js (0563 2051) - AXIOMA MS","isPartOf":{"@id":"https:\/\/www.axiomams.eu\/lv#website"},"primaryImageOfPage":{"@id":"https:\/\/www.axiomams.eu\/lv\/produktas\/testo-205-ph-meritajs-0563-2051#primaryimage"},"image":{"@id":"https:\/\/www.axiomams.eu\/lv\/produktas\/testo-205-ph-meritajs-0563-2051#primaryimage"},"thumbnailUrl":"https:\/\/www.axiomams.eu\/wp-content\/uploads\/2025\/07\/3565-4861.jpg","datePublished":"2025-05-15T15:55:44+00:00","dateModified":"2026-03-25T14:58:40+00:00","breadcrumb":{"@id":"https:\/\/www.axiomams.eu\/lv\/produktas\/testo-205-ph-meritajs-0563-2051#breadcrumb"},"inLanguage":"lv-LV","potentialAction":[{"@type":"ReadAction","target":["https:\/\/www.axiomams.eu\/lv\/produktas\/testo-205-ph-meritajs-0563-2051"]}]},{"@type":"ImageObject","inLanguage":"lv-LV","@id":"https:\/\/www.axiomams.eu\/lv\/produktas\/testo-205-ph-meritajs-0563-2051#primaryimage","url":"https:\/\/www.axiomams.eu\/wp-content\/uploads\/2025\/07\/3565-4861.jpg","contentUrl":"https:\/\/www.axiomams.eu\/wp-content\/uploads\/2025\/07\/3565-4861.jpg","width":800,"height":800},{"@type":"BreadcrumbList","@id":"https:\/\/www.axiomams.eu\/lv\/produktas\/testo-205-ph-meritajs-0563-2051#breadcrumb","itemListElement":[{"@type":"ListItem","position":1,"name":"Home","item":"https:\/\/www.axiomams.eu\/lv"},{"@type":"ListItem","position":2,"name":"Produkti","item":"https:\/\/www.axiomams.eu\/lv\/produkti"},{"@type":"ListItem","position":3,"name":"Testo 205 pH m\u0113r\u012bt\u0101js (0563 2051)"}]},{"@type":"WebSite","@id":"https:\/\/www.axiomams.eu\/lv#website","url":"https:\/\/www.axiomams.eu\/lv","name":"AXIOMA MS","description":"Terrmovizoriai ir matavimo \u012franga","publisher":{"@id":"https:\/\/www.axiomams.eu\/lv#organization"},"potentialAction":[{"@type":"SearchAction","target":{"@type":"EntryPoint","urlTemplate":"https:\/\/www.axiomams.eu\/lv?s={search_term_string}"},"query-input":{"@type":"PropertyValueSpecification","valueRequired":true,"valueName":"search_term_string"}}],"inLanguage":"lv-LV"},{"@type":"Organization","@id":"https:\/\/www.axiomams.eu\/lv#organization","name":"AXIOMA MS","url":"https:\/\/www.axiomams.eu\/lv","logo":{"@type":"ImageObject","inLanguage":"lv-LV","@id":"https:\/\/www.axiomams.eu\/lv#\/schema\/logo\/image\/","url":"https:\/\/www.axiomams.eu\/wp-content\/uploads\/2025\/06\/axioma-logo-2.png","contentUrl":"https:\/\/www.axiomams.eu\/wp-content\/uploads\/2025\/06\/axioma-logo-2.png","width":1200,"height":1200,"caption":"AXIOMA MS"},"image":{"@id":"https:\/\/www.axiomams.eu\/lv#\/schema\/logo\/image\/"},"sameAs":["https:\/\/www.facebook.com\/AxiomaMS","https:\/\/www.linkedin.com\/company\/axiomams\/"]}]}},"_links":{"self":[{"href":"https:\/\/www.axiomams.eu\/lv\/wp-json\/wp\/v2\/product\/38861","targetHints":{"allow":["GET"]}}],"collection":[{"href":"https:\/\/www.axiomams.eu\/lv\/wp-json\/wp\/v2\/product"}],"about":[{"href":"https:\/\/www.axiomams.eu\/lv\/wp-json\/wp\/v2\/types\/product"}],"replies":[{"embeddable":true,"href":"https:\/\/www.axiomams.eu\/lv\/wp-json\/wp\/v2\/comments?post=38861"}],"wp:featuredmedia":[{"embeddable":true,"href":"https:\/\/www.axiomams.eu\/lv\/wp-json\/wp\/v2\/media\/41424"}],"wp:attachment":[{"href":"https:\/\/www.axiomams.eu\/lv\/wp-json\/wp\/v2\/media?parent=38861"}],"wp:term":[{"taxonomy":"product_brand","embeddable":true,"href":"https:\/\/www.axiomams.eu\/lv\/wp-json\/wp\/v2\/product_brand?post=38861"},{"taxonomy":"product_cat","embeddable":true,"href":"https:\/\/www.axiomams.eu\/lv\/wp-json\/wp\/v2\/product_cat?post=38861"},{"taxonomy":"product_tag","embeddable":true,"href":"https:\/\/www.axiomams.eu\/lv\/wp-json\/wp\/v2\/product_tag?post=38861"}],"curies":[{"name":"wp","href":"https:\/\/api.w.org\/{rel}","templated":true}]}}