{"id":38862,"date":"2025-05-15T18:01:00","date_gmt":"2025-05-15T16:01:00","guid":{"rendered":"https:\/\/www.axiomams.eu\/produktas\/sew-230-hd-sprieguma-detektors"},"modified":"2026-03-25T16:58:40","modified_gmt":"2026-03-25T14:58:40","slug":"sew-230-hd-sprieguma-detektors","status":"publish","type":"product","link":"https:\/\/www.axiomams.eu\/lv\/produktas\/sew-230-hd-sprieguma-detektors","title":{"rendered":"SEW 230 HD Sprieguma detektors"},"content":{"rendered":"<p>Augstsprieguma detektors. SEW230 HD nosaka augstu un \u012bpa\u0161i augstu spriegumu mai\u0146str\u0101vas l\u012bnij\u0101s. Pagarin\u0101tie izol\u0101cijas stie\u0146i \u013cauj p\u0101rbaud\u012bt augstsprieguma \u0137\u0113des no dro\u0161a darba att\u0101luma. \u0112rti teleskopiskie stie\u0146i padara \u0161os detektorus kompaktus, vieglus un viegli lietojamus.<\/p>\n<p>&#8211; Teleskopiski, kompakti, viegli<br \/>\n&#8211; Augstsprieguma noteik\u0161ana<br \/>\n&#8211; Pa\u0161p\u0101rbaudes pogas funkcija<br \/>\n&#8211; Viegli atpaz\u012bstama indik\u0101cija<br \/>\n&#8211; Augstas intensit\u0101tes sarkanais LED un p\u0101rtraukta ska\u0146as signaliz\u0101cija, kas nodro\u0161ina vieglu atpaz\u012b\u0161anu piln\u0101 saules gaism\u0101 un trok\u0161\u0146ain\u0101 vid\u0113.<br \/>\n&#8211; Waterproo<\/p>\n","protected":false},"excerpt":{"rendered":"<p>Augstsprieguma detektors. SEW230 HD nosaka augstu un \u012bpa\u0161i augstu spriegumu mai\u0146str\u0101vas l\u012bnij\u0101s. Pagarin\u0101tie izol\u0101cijas stie\u0146i \u013cauj p\u0101rbaud\u012bt augstsprieguma \u0137\u0113des no dro\u0161a darba att\u0101luma. \u0112rti teleskopiskie stie\u0146i padara \u0161os detektorus kompaktus, vieglus un viegli lietojamus. &#8211; Teleskopiski, kompakti, viegli &#8211; Augstsprieguma noteik\u0161ana &#8211; Pa\u0161p\u0101rbaudes pogas funkcija &#8211; Viegli atpaz\u012bstama indik\u0101cija &#8211; Augstas intensit\u0101tes sarkanais LED un&#8230;<\/p>\n","protected":false},"featured_media":41426,"comment_status":"open","ping_status":"closed","template":"","meta":{"_acf_changed":false},"product_brand":[737],"product_cat":[17718],"product_tag":[],"class_list":{"0":"post-38862","1":"product","2":"type-product","3":"status-publish","4":"has-post-thumbnail","6":"product_brand-sew","7":"product_cat-par-elektrisko-drosibu","9":"first","10":"instock","11":"taxable","12":"shipping-taxable","13":"purchasable","14":"product-type-simple"},"acf":[],"yoast_head":"<!-- This site is optimized with the Yoast SEO plugin v27.0 - https:\/\/yoast.com\/product\/yoast-seo-wordpress\/ -->\n<title>SEW 230 HD Sprieguma detektors - AXIOMA MS<\/title>\n<meta name=\"robots\" content=\"index, follow, max-snippet:-1, max-image-preview:large, max-video-preview:-1\" \/>\n<link rel=\"canonical\" href=\"https:\/\/www.axiomams.eu\/lv\/produktas\/sew-230-hd-sprieguma-detektors\" \/>\n<meta property=\"og:locale\" content=\"lv_LV\" \/>\n<meta property=\"og:type\" content=\"article\" \/>\n<meta property=\"og:title\" content=\"SEW 230 HD Sprieguma detektors - AXIOMA MS\" \/>\n<meta property=\"og:description\" content=\"Augstsprieguma detektors. SEW230 HD nosaka augstu un \u012bpa\u0161i augstu spriegumu mai\u0146str\u0101vas l\u012bnij\u0101s. Pagarin\u0101tie izol\u0101cijas stie\u0146i \u013cauj p\u0101rbaud\u012bt augstsprieguma \u0137\u0113des no dro\u0161a darba att\u0101luma. \u0112rti teleskopiskie stie\u0146i padara \u0161os detektorus kompaktus, vieglus un viegli lietojamus. &#8211; Teleskopiski, kompakti, viegli &#8211; Augstsprieguma noteik\u0161ana &#8211; Pa\u0161p\u0101rbaudes pogas funkcija &#8211; Viegli atpaz\u012bstama indik\u0101cija &#8211; Augstas intensit\u0101tes sarkanais LED un...\" \/>\n<meta property=\"og:url\" content=\"https:\/\/www.axiomams.eu\/lv\/produktas\/sew-230-hd-sprieguma-detektors\" \/>\n<meta property=\"og:site_name\" content=\"AXIOMA MS\" \/>\n<meta property=\"article:publisher\" content=\"https:\/\/www.facebook.com\/AxiomaMS\" \/>\n<meta property=\"article:modified_time\" content=\"2026-03-25T14:58:40+00:00\" \/>\n<meta property=\"og:image\" content=\"https:\/\/www.axiomams.eu\/wp-content\/uploads\/2025\/07\/3003-3973.jpg\" \/>\n\t<meta property=\"og:image:width\" content=\"241\" \/>\n\t<meta property=\"og:image:height\" content=\"699\" \/>\n\t<meta property=\"og:image:type\" content=\"image\/jpeg\" \/>\n<meta name=\"twitter:card\" content=\"summary_large_image\" \/>\n<script type=\"application\/ld+json\" class=\"yoast-schema-graph\">{\"@context\":\"https:\/\/schema.org\",\"@graph\":[{\"@type\":\"WebPage\",\"@id\":\"https:\/\/www.axiomams.eu\/lv\/produktas\/sew-230-hd-sprieguma-detektors\",\"url\":\"https:\/\/www.axiomams.eu\/lv\/produktas\/sew-230-hd-sprieguma-detektors\",\"name\":\"SEW 230 HD Sprieguma detektors - AXIOMA MS\",\"isPartOf\":{\"@id\":\"https:\/\/www.axiomams.eu\/lv#website\"},\"primaryImageOfPage\":{\"@id\":\"https:\/\/www.axiomams.eu\/lv\/produktas\/sew-230-hd-sprieguma-detektors#primaryimage\"},\"image\":{\"@id\":\"https:\/\/www.axiomams.eu\/lv\/produktas\/sew-230-hd-sprieguma-detektors#primaryimage\"},\"thumbnailUrl\":\"https:\/\/www.axiomams.eu\/wp-content\/uploads\/2025\/07\/3003-3973.jpg\",\"datePublished\":\"2025-05-15T16:01:00+00:00\",\"dateModified\":\"2026-03-25T14:58:40+00:00\",\"breadcrumb\":{\"@id\":\"https:\/\/www.axiomams.eu\/lv\/produktas\/sew-230-hd-sprieguma-detektors#breadcrumb\"},\"inLanguage\":\"lv-LV\",\"potentialAction\":[{\"@type\":\"ReadAction\",\"target\":[\"https:\/\/www.axiomams.eu\/lv\/produktas\/sew-230-hd-sprieguma-detektors\"]}]},{\"@type\":\"ImageObject\",\"inLanguage\":\"lv-LV\",\"@id\":\"https:\/\/www.axiomams.eu\/lv\/produktas\/sew-230-hd-sprieguma-detektors#primaryimage\",\"url\":\"https:\/\/www.axiomams.eu\/wp-content\/uploads\/2025\/07\/3003-3973.jpg\",\"contentUrl\":\"https:\/\/www.axiomams.eu\/wp-content\/uploads\/2025\/07\/3003-3973.jpg\",\"width\":241,\"height\":699},{\"@type\":\"BreadcrumbList\",\"@id\":\"https:\/\/www.axiomams.eu\/lv\/produktas\/sew-230-hd-sprieguma-detektors#breadcrumb\",\"itemListElement\":[{\"@type\":\"ListItem\",\"position\":1,\"name\":\"Home\",\"item\":\"https:\/\/www.axiomams.eu\/lv\"},{\"@type\":\"ListItem\",\"position\":2,\"name\":\"Produkti\",\"item\":\"https:\/\/www.axiomams.eu\/lv\/produkti\"},{\"@type\":\"ListItem\",\"position\":3,\"name\":\"SEW 230 HD Sprieguma detektors\"}]},{\"@type\":\"WebSite\",\"@id\":\"https:\/\/www.axiomams.eu\/lv#website\",\"url\":\"https:\/\/www.axiomams.eu\/lv\",\"name\":\"AXIOMA MS\",\"description\":\"Terrmovizoriai ir matavimo \u012franga\",\"publisher\":{\"@id\":\"https:\/\/www.axiomams.eu\/lv#organization\"},\"potentialAction\":[{\"@type\":\"SearchAction\",\"target\":{\"@type\":\"EntryPoint\",\"urlTemplate\":\"https:\/\/www.axiomams.eu\/lv?s={search_term_string}\"},\"query-input\":{\"@type\":\"PropertyValueSpecification\",\"valueRequired\":true,\"valueName\":\"search_term_string\"}}],\"inLanguage\":\"lv-LV\"},{\"@type\":\"Organization\",\"@id\":\"https:\/\/www.axiomams.eu\/lv#organization\",\"name\":\"AXIOMA MS\",\"url\":\"https:\/\/www.axiomams.eu\/lv\",\"logo\":{\"@type\":\"ImageObject\",\"inLanguage\":\"lv-LV\",\"@id\":\"https:\/\/www.axiomams.eu\/lv#\/schema\/logo\/image\/\",\"url\":\"https:\/\/www.axiomams.eu\/wp-content\/uploads\/2025\/06\/axioma-logo-2.png\",\"contentUrl\":\"https:\/\/www.axiomams.eu\/wp-content\/uploads\/2025\/06\/axioma-logo-2.png\",\"width\":1200,\"height\":1200,\"caption\":\"AXIOMA MS\"},\"image\":{\"@id\":\"https:\/\/www.axiomams.eu\/lv#\/schema\/logo\/image\/\"},\"sameAs\":[\"https:\/\/www.facebook.com\/AxiomaMS\",\"https:\/\/www.linkedin.com\/company\/axiomams\/\"]}]}<\/script>\n<!-- \/ Yoast SEO plugin. -->","yoast_head_json":{"title":"SEW 230 HD Sprieguma detektors - AXIOMA MS","robots":{"index":"index","follow":"follow","max-snippet":"max-snippet:-1","max-image-preview":"max-image-preview:large","max-video-preview":"max-video-preview:-1"},"canonical":"https:\/\/www.axiomams.eu\/lv\/produktas\/sew-230-hd-sprieguma-detektors","og_locale":"lv_LV","og_type":"article","og_title":"SEW 230 HD Sprieguma detektors - AXIOMA MS","og_description":"Augstsprieguma detektors. SEW230 HD nosaka augstu un \u012bpa\u0161i augstu spriegumu mai\u0146str\u0101vas l\u012bnij\u0101s. Pagarin\u0101tie izol\u0101cijas stie\u0146i \u013cauj p\u0101rbaud\u012bt augstsprieguma \u0137\u0113des no dro\u0161a darba att\u0101luma. \u0112rti teleskopiskie stie\u0146i padara \u0161os detektorus kompaktus, vieglus un viegli lietojamus. &#8211; Teleskopiski, kompakti, viegli &#8211; Augstsprieguma noteik\u0161ana &#8211; Pa\u0161p\u0101rbaudes pogas funkcija &#8211; Viegli atpaz\u012bstama indik\u0101cija &#8211; Augstas intensit\u0101tes sarkanais LED un...","og_url":"https:\/\/www.axiomams.eu\/lv\/produktas\/sew-230-hd-sprieguma-detektors","og_site_name":"AXIOMA MS","article_publisher":"https:\/\/www.facebook.com\/AxiomaMS","article_modified_time":"2026-03-25T14:58:40+00:00","og_image":[{"width":241,"height":699,"url":"https:\/\/www.axiomams.eu\/wp-content\/uploads\/2025\/07\/3003-3973.jpg","type":"image\/jpeg"}],"twitter_card":"summary_large_image","schema":{"@context":"https:\/\/schema.org","@graph":[{"@type":"WebPage","@id":"https:\/\/www.axiomams.eu\/lv\/produktas\/sew-230-hd-sprieguma-detektors","url":"https:\/\/www.axiomams.eu\/lv\/produktas\/sew-230-hd-sprieguma-detektors","name":"SEW 230 HD Sprieguma detektors - AXIOMA MS","isPartOf":{"@id":"https:\/\/www.axiomams.eu\/lv#website"},"primaryImageOfPage":{"@id":"https:\/\/www.axiomams.eu\/lv\/produktas\/sew-230-hd-sprieguma-detektors#primaryimage"},"image":{"@id":"https:\/\/www.axiomams.eu\/lv\/produktas\/sew-230-hd-sprieguma-detektors#primaryimage"},"thumbnailUrl":"https:\/\/www.axiomams.eu\/wp-content\/uploads\/2025\/07\/3003-3973.jpg","datePublished":"2025-05-15T16:01:00+00:00","dateModified":"2026-03-25T14:58:40+00:00","breadcrumb":{"@id":"https:\/\/www.axiomams.eu\/lv\/produktas\/sew-230-hd-sprieguma-detektors#breadcrumb"},"inLanguage":"lv-LV","potentialAction":[{"@type":"ReadAction","target":["https:\/\/www.axiomams.eu\/lv\/produktas\/sew-230-hd-sprieguma-detektors"]}]},{"@type":"ImageObject","inLanguage":"lv-LV","@id":"https:\/\/www.axiomams.eu\/lv\/produktas\/sew-230-hd-sprieguma-detektors#primaryimage","url":"https:\/\/www.axiomams.eu\/wp-content\/uploads\/2025\/07\/3003-3973.jpg","contentUrl":"https:\/\/www.axiomams.eu\/wp-content\/uploads\/2025\/07\/3003-3973.jpg","width":241,"height":699},{"@type":"BreadcrumbList","@id":"https:\/\/www.axiomams.eu\/lv\/produktas\/sew-230-hd-sprieguma-detektors#breadcrumb","itemListElement":[{"@type":"ListItem","position":1,"name":"Home","item":"https:\/\/www.axiomams.eu\/lv"},{"@type":"ListItem","position":2,"name":"Produkti","item":"https:\/\/www.axiomams.eu\/lv\/produkti"},{"@type":"ListItem","position":3,"name":"SEW 230 HD Sprieguma detektors"}]},{"@type":"WebSite","@id":"https:\/\/www.axiomams.eu\/lv#website","url":"https:\/\/www.axiomams.eu\/lv","name":"AXIOMA MS","description":"Terrmovizoriai ir matavimo \u012franga","publisher":{"@id":"https:\/\/www.axiomams.eu\/lv#organization"},"potentialAction":[{"@type":"SearchAction","target":{"@type":"EntryPoint","urlTemplate":"https:\/\/www.axiomams.eu\/lv?s={search_term_string}"},"query-input":{"@type":"PropertyValueSpecification","valueRequired":true,"valueName":"search_term_string"}}],"inLanguage":"lv-LV"},{"@type":"Organization","@id":"https:\/\/www.axiomams.eu\/lv#organization","name":"AXIOMA MS","url":"https:\/\/www.axiomams.eu\/lv","logo":{"@type":"ImageObject","inLanguage":"lv-LV","@id":"https:\/\/www.axiomams.eu\/lv#\/schema\/logo\/image\/","url":"https:\/\/www.axiomams.eu\/wp-content\/uploads\/2025\/06\/axioma-logo-2.png","contentUrl":"https:\/\/www.axiomams.eu\/wp-content\/uploads\/2025\/06\/axioma-logo-2.png","width":1200,"height":1200,"caption":"AXIOMA MS"},"image":{"@id":"https:\/\/www.axiomams.eu\/lv#\/schema\/logo\/image\/"},"sameAs":["https:\/\/www.facebook.com\/AxiomaMS","https:\/\/www.linkedin.com\/company\/axiomams\/"]}]}},"_links":{"self":[{"href":"https:\/\/www.axiomams.eu\/lv\/wp-json\/wp\/v2\/product\/38862","targetHints":{"allow":["GET"]}}],"collection":[{"href":"https:\/\/www.axiomams.eu\/lv\/wp-json\/wp\/v2\/product"}],"about":[{"href":"https:\/\/www.axiomams.eu\/lv\/wp-json\/wp\/v2\/types\/product"}],"replies":[{"embeddable":true,"href":"https:\/\/www.axiomams.eu\/lv\/wp-json\/wp\/v2\/comments?post=38862"}],"wp:featuredmedia":[{"embeddable":true,"href":"https:\/\/www.axiomams.eu\/lv\/wp-json\/wp\/v2\/media\/41426"}],"wp:attachment":[{"href":"https:\/\/www.axiomams.eu\/lv\/wp-json\/wp\/v2\/media?parent=38862"}],"wp:term":[{"taxonomy":"product_brand","embeddable":true,"href":"https:\/\/www.axiomams.eu\/lv\/wp-json\/wp\/v2\/product_brand?post=38862"},{"taxonomy":"product_cat","embeddable":true,"href":"https:\/\/www.axiomams.eu\/lv\/wp-json\/wp\/v2\/product_cat?post=38862"},{"taxonomy":"product_tag","embeddable":true,"href":"https:\/\/www.axiomams.eu\/lv\/wp-json\/wp\/v2\/product_tag?post=38862"}],"curies":[{"name":"wp","href":"https:\/\/api.w.org\/{rel}","templated":true}]}}