{"id":38864,"date":"2025-09-25T01:00:28","date_gmt":"2025-09-24T23:00:28","guid":{"rendered":"https:\/\/www.axiomams.eu\/produktas\/testo-270-bt-ellas-testeris-0563-2770"},"modified":"2026-03-25T16:58:40","modified_gmt":"2026-03-25T14:58:40","slug":"testo-270-bt-ellas-testeris-0563-2770","status":"publish","type":"product","link":"https:\/\/www.axiomams.eu\/lv\/produktas\/testo-270-bt-ellas-testeris-0563-2770","title":{"rendered":"Testo 270 BT e\u013c\u013cas testeris (0563 2770)"},"content":{"rendered":"<p>Testo 270 cepam\u0101s e\u013c\u013cas testeris \u013cauj restor\u0101nu \u0137\u0113d\u0113m un komerci\u0101laj\u0101m virtuv\u0113m nomain\u012bt e\u013c\u013cu tikai tad, kad tiek sasniegtas kritisk\u0101s TPM v\u0113rt\u012bbas, t\u0101d\u0113j\u0101di samazinot nevajadz\u012bgu e\u013c\u013cas mai\u0146u un palielinot izmaksu efektivit\u0101ti.<\/p>\n<p><b>Testo 270 galven\u0101s funkcijas<\/b><br \/>\n&#8211; Kapacitat\u012bvais e\u013c\u013cas sensors \u013cauj veikt prec\u012bzus m\u0113r\u012bjumus tie\u0161i karst\u0101 e\u013c\u013c\u0101, vienlaikus pasarg\u0101jot lietot\u0101jus no karstuma.<br \/>\n&#8211; IP65 kategorija nodro\u0161ina aizsardz\u012bbu pret \u016bdens str\u016bklu, un nav nepiecie\u0161ams p\u0101rsegs.<br \/>\n&#8211; Labi saskat\u0101ms signaliz\u0101cijas fona apgaismojums skaidri signaliz\u0113 rezult\u0101tus ar luksofora gaismas kr\u0101s\u0101m.<br \/>\n&#8211; No\u0146emams, mazg\u0101jams korpuss higi\u0113niskai uzglab\u0101\u0161anai lieto\u0161anas viet\u0101.<br \/>\n&#8211; Vienk\u0101r\u0161a 3 pogu darb\u012bba atvieglo uzraudz\u012bbu.<br \/>\n&#8211; Nesalau\u017eams e\u013c\u013cas sensors, kas iestr\u0101d\u0101ts iztur\u012bg\u0101 met\u0101la korpus\u0101.<br \/>\n&#8211; Stikla \u0161\u0137iedras korpuss nodro\u0161ina izcilu triecieniztur\u012bbu.<\/p>\n<p><b>Vlaic\u012bgas e\u013c\u013cas p\u0101rvald\u012bbas priek\u0161roc\u012bbas<\/b><br \/>\n&#8211; Mainiet cepamo e\u013c\u013cu tie\u0161i tad, kad ir sasniegtas TPM robe\u017eas, ietaupot izmaksas un nodro\u0161inot augstas kvalit\u0101tes cep\u0161anu.<br \/>\n&#8211; T\u016bl\u012bt\u0113ji m\u0113r\u012bjumi da\u017e\u0101d\u0101s frit\u0113tav\u0101s, negaidot, kam\u0113r e\u013c\u013ca atdziest.<br \/>\n&#8211; Iepriek\u0161 iestat\u012bt\u0101s TPM robe\u017eas var nodro\u0161in\u0101t ar PIN kodu, lai nov\u0113rstu nejau\u0161as izmai\u0146as.<br \/>\n&#8211; Displejs mirgo, l\u012bdz tiek ieg\u016bts stabils r\u0101d\u012bjums, par\u0101dot %TPM un luksofora sign\u0101lus (sarkans, dzeltens, za\u013c\u0161).<br \/>\n&#8211; Aiztur\u0113\u0161anas un autom\u0101tisk\u0101s aiztur\u0113\u0161anas funkcijas \u013cauj elast\u012bgi nolas\u012bt r\u0101d\u012bjumus darb\u012bbas laik\u0101.<br \/>\n&#8211; Kalibr\u0113\u0161ana uz vietas ir iesp\u0113jama, izmantojot standarta e\u013c\u013cu, lai nodro\u0161in\u0101tu nemain\u012bgu precizit\u0101ti.<\/p>\n<p><b>Pielietojums un uzticam\u012bba<\/b><br \/>\nTesto 270 ir ide\u0101li piem\u0113rots restor\u0101niem, komerci\u0101l\u0101m virtuv\u0113m, \u0113din\u0101\u0161anas pakalpojumiem, p\u0101rtikas p\u0101rbaudei, kvalit\u0101tes nodro\u0161in\u0101\u0161anai un p\u0101rtikas ra\u017eo\u0161anai. T\u0101 ergonomiskais dizains nodro\u0161ina lietot\u0101ja dro\u0161\u012bbu, vienlaikus nodro\u0161inot uzticamus un prec\u012bzus m\u0113r\u012bjumus. Ar testo 270 cepam\u0101s e\u013c\u013cas kontrole k\u013c\u016bst intuit\u012bva, efekt\u012bva un \u013coti uzticama, garant\u0113jot optim\u0101lu kvalit\u0101ti cep\u0161anas procesos.<\/p>\n<p>Standarta komplekts: testo 270 cepam\u0101s e\u013c\u013cas testeris, standarta e\u013c\u013ca, plastmasas futr\u0101lis, kalibr\u0113\u0161anas protokols, m\u0101c\u012bbu karte, lieto\u0161anas instrukcija, baterijas.<br \/>\nKods: 0563 2770<\/p>\n<h3>Tehnisk\u0101 inform\u0101cija:<\/h3>\n<ul>\n<li><a href=\"https:\/\/axiomams.eu\/importer\/export\/attachments\/en\/testo-270.pdf\" target=\"_blank\">testo 270.pdf<\/a><\/li>\n<\/ul>\n","protected":false},"excerpt":{"rendered":"<p>Testo 270 cepam\u0101s e\u013c\u013cas testeris \u013cauj restor\u0101nu \u0137\u0113d\u0113m un komerci\u0101laj\u0101m virtuv\u0113m nomain\u012bt e\u013c\u013cu tikai tad, kad tiek sasniegtas kritisk\u0101s TPM v\u0113rt\u012bbas, t\u0101d\u0113j\u0101di samazinot nevajadz\u012bgu e\u013c\u013cas mai\u0146u un palielinot izmaksu efektivit\u0101ti. Testo 270 galven\u0101s funkcijas &#8211; Kapacitat\u012bvais e\u013c\u013cas sensors \u013cauj veikt prec\u012bzus m\u0113r\u012bjumus tie\u0161i karst\u0101 e\u013c\u013c\u0101, vienlaikus pasarg\u0101jot lietot\u0101jus no karstuma. &#8211; IP65 kategorija nodro\u0161ina aizsardz\u012bbu&#8230;<\/p>\n","protected":false},"featured_media":41430,"comment_status":"open","ping_status":"closed","template":"","meta":{"_acf_changed":false},"product_brand":[735],"product_cat":[17759],"product_tag":[],"class_list":{"0":"post-38864","1":"product","2":"type-product","3":"status-publish","4":"has-post-thumbnail","6":"product_brand-testo","7":"product_cat-materiali-analizei","9":"first","10":"instock","11":"taxable","12":"shipping-taxable","13":"product-type-simple"},"acf":[],"yoast_head":"<!-- This site is optimized with the Yoast SEO plugin v27.0 - https:\/\/yoast.com\/product\/yoast-seo-wordpress\/ -->\n<title>Testo 270 BT e\u013c\u013cas testeris (0563 2770) - AXIOMA MS<\/title>\n<meta name=\"robots\" content=\"index, follow, max-snippet:-1, max-image-preview:large, max-video-preview:-1\" \/>\n<link rel=\"canonical\" href=\"https:\/\/www.axiomams.eu\/lv\/produktas\/testo-270-bt-ellas-testeris-0563-2770\" \/>\n<meta property=\"og:locale\" content=\"lv_LV\" \/>\n<meta property=\"og:type\" content=\"article\" \/>\n<meta property=\"og:title\" content=\"Testo 270 BT e\u013c\u013cas testeris (0563 2770) - AXIOMA MS\" \/>\n<meta property=\"og:description\" content=\"Testo 270 cepam\u0101s e\u013c\u013cas testeris \u013cauj restor\u0101nu \u0137\u0113d\u0113m un komerci\u0101laj\u0101m virtuv\u0113m nomain\u012bt e\u013c\u013cu tikai tad, kad tiek sasniegtas kritisk\u0101s TPM v\u0113rt\u012bbas, t\u0101d\u0113j\u0101di samazinot nevajadz\u012bgu e\u013c\u013cas mai\u0146u un palielinot izmaksu efektivit\u0101ti. Testo 270 galven\u0101s funkcijas &#8211; Kapacitat\u012bvais e\u013c\u013cas sensors \u013cauj veikt prec\u012bzus m\u0113r\u012bjumus tie\u0161i karst\u0101 e\u013c\u013c\u0101, vienlaikus pasarg\u0101jot lietot\u0101jus no karstuma. &#8211; IP65 kategorija nodro\u0161ina aizsardz\u012bbu...\" \/>\n<meta property=\"og:url\" content=\"https:\/\/www.axiomams.eu\/lv\/produktas\/testo-270-bt-ellas-testeris-0563-2770\" \/>\n<meta property=\"og:site_name\" content=\"AXIOMA MS\" \/>\n<meta property=\"article:publisher\" content=\"https:\/\/www.facebook.com\/AxiomaMS\" \/>\n<meta property=\"article:modified_time\" content=\"2026-03-25T14:58:40+00:00\" \/>\n<meta property=\"og:image\" content=\"https:\/\/www.axiomams.eu\/wp-content\/uploads\/2025\/09\/4675-6182.jpg\" \/>\n\t<meta property=\"og:image:width\" content=\"800\" \/>\n\t<meta property=\"og:image:height\" content=\"800\" \/>\n\t<meta property=\"og:image:type\" content=\"image\/jpeg\" \/>\n<meta name=\"twitter:card\" content=\"summary_large_image\" \/>\n<meta name=\"twitter:label1\" content=\"Est. reading time\" \/>\n\t<meta name=\"twitter:data1\" content=\"2 minutes\" \/>\n<script type=\"application\/ld+json\" class=\"yoast-schema-graph\">{\"@context\":\"https:\/\/schema.org\",\"@graph\":[{\"@type\":\"WebPage\",\"@id\":\"https:\/\/www.axiomams.eu\/lv\/produktas\/testo-270-bt-ellas-testeris-0563-2770\",\"url\":\"https:\/\/www.axiomams.eu\/lv\/produktas\/testo-270-bt-ellas-testeris-0563-2770\",\"name\":\"Testo 270 BT e\u013c\u013cas testeris (0563 2770) - AXIOMA MS\",\"isPartOf\":{\"@id\":\"https:\/\/www.axiomams.eu\/lv#website\"},\"primaryImageOfPage\":{\"@id\":\"https:\/\/www.axiomams.eu\/lv\/produktas\/testo-270-bt-ellas-testeris-0563-2770#primaryimage\"},\"image\":{\"@id\":\"https:\/\/www.axiomams.eu\/lv\/produktas\/testo-270-bt-ellas-testeris-0563-2770#primaryimage\"},\"thumbnailUrl\":\"https:\/\/www.axiomams.eu\/wp-content\/uploads\/2025\/09\/4675-6182.jpg\",\"datePublished\":\"2025-09-24T23:00:28+00:00\",\"dateModified\":\"2026-03-25T14:58:40+00:00\",\"breadcrumb\":{\"@id\":\"https:\/\/www.axiomams.eu\/lv\/produktas\/testo-270-bt-ellas-testeris-0563-2770#breadcrumb\"},\"inLanguage\":\"lv-LV\",\"potentialAction\":[{\"@type\":\"ReadAction\",\"target\":[\"https:\/\/www.axiomams.eu\/lv\/produktas\/testo-270-bt-ellas-testeris-0563-2770\"]}]},{\"@type\":\"ImageObject\",\"inLanguage\":\"lv-LV\",\"@id\":\"https:\/\/www.axiomams.eu\/lv\/produktas\/testo-270-bt-ellas-testeris-0563-2770#primaryimage\",\"url\":\"https:\/\/www.axiomams.eu\/wp-content\/uploads\/2025\/09\/4675-6182.jpg\",\"contentUrl\":\"https:\/\/www.axiomams.eu\/wp-content\/uploads\/2025\/09\/4675-6182.jpg\",\"width\":800,\"height\":800},{\"@type\":\"BreadcrumbList\",\"@id\":\"https:\/\/www.axiomams.eu\/lv\/produktas\/testo-270-bt-ellas-testeris-0563-2770#breadcrumb\",\"itemListElement\":[{\"@type\":\"ListItem\",\"position\":1,\"name\":\"Home\",\"item\":\"https:\/\/www.axiomams.eu\/lv\"},{\"@type\":\"ListItem\",\"position\":2,\"name\":\"Produkti\",\"item\":\"https:\/\/www.axiomams.eu\/lv\/produkti\"},{\"@type\":\"ListItem\",\"position\":3,\"name\":\"Testo 270 BT e\u013c\u013cas testeris (0563 2770)\"}]},{\"@type\":\"WebSite\",\"@id\":\"https:\/\/www.axiomams.eu\/lv#website\",\"url\":\"https:\/\/www.axiomams.eu\/lv\",\"name\":\"AXIOMA MS\",\"description\":\"Terrmovizoriai ir matavimo \u012franga\",\"publisher\":{\"@id\":\"https:\/\/www.axiomams.eu\/lv#organization\"},\"potentialAction\":[{\"@type\":\"SearchAction\",\"target\":{\"@type\":\"EntryPoint\",\"urlTemplate\":\"https:\/\/www.axiomams.eu\/lv?s={search_term_string}\"},\"query-input\":{\"@type\":\"PropertyValueSpecification\",\"valueRequired\":true,\"valueName\":\"search_term_string\"}}],\"inLanguage\":\"lv-LV\"},{\"@type\":\"Organization\",\"@id\":\"https:\/\/www.axiomams.eu\/lv#organization\",\"name\":\"AXIOMA MS\",\"url\":\"https:\/\/www.axiomams.eu\/lv\",\"logo\":{\"@type\":\"ImageObject\",\"inLanguage\":\"lv-LV\",\"@id\":\"https:\/\/www.axiomams.eu\/lv#\/schema\/logo\/image\/\",\"url\":\"https:\/\/www.axiomams.eu\/wp-content\/uploads\/2025\/06\/axioma-logo-2.png\",\"contentUrl\":\"https:\/\/www.axiomams.eu\/wp-content\/uploads\/2025\/06\/axioma-logo-2.png\",\"width\":1200,\"height\":1200,\"caption\":\"AXIOMA MS\"},\"image\":{\"@id\":\"https:\/\/www.axiomams.eu\/lv#\/schema\/logo\/image\/\"},\"sameAs\":[\"https:\/\/www.facebook.com\/AxiomaMS\",\"https:\/\/www.linkedin.com\/company\/axiomams\/\"]}]}<\/script>\n<!-- \/ Yoast SEO plugin. -->","yoast_head_json":{"title":"Testo 270 BT e\u013c\u013cas testeris (0563 2770) - AXIOMA MS","robots":{"index":"index","follow":"follow","max-snippet":"max-snippet:-1","max-image-preview":"max-image-preview:large","max-video-preview":"max-video-preview:-1"},"canonical":"https:\/\/www.axiomams.eu\/lv\/produktas\/testo-270-bt-ellas-testeris-0563-2770","og_locale":"lv_LV","og_type":"article","og_title":"Testo 270 BT e\u013c\u013cas testeris (0563 2770) - AXIOMA MS","og_description":"Testo 270 cepam\u0101s e\u013c\u013cas testeris \u013cauj restor\u0101nu \u0137\u0113d\u0113m un komerci\u0101laj\u0101m virtuv\u0113m nomain\u012bt e\u013c\u013cu tikai tad, kad tiek sasniegtas kritisk\u0101s TPM v\u0113rt\u012bbas, t\u0101d\u0113j\u0101di samazinot nevajadz\u012bgu e\u013c\u013cas mai\u0146u un palielinot izmaksu efektivit\u0101ti. Testo 270 galven\u0101s funkcijas &#8211; Kapacitat\u012bvais e\u013c\u013cas sensors \u013cauj veikt prec\u012bzus m\u0113r\u012bjumus tie\u0161i karst\u0101 e\u013c\u013c\u0101, vienlaikus pasarg\u0101jot lietot\u0101jus no karstuma. &#8211; IP65 kategorija nodro\u0161ina aizsardz\u012bbu...","og_url":"https:\/\/www.axiomams.eu\/lv\/produktas\/testo-270-bt-ellas-testeris-0563-2770","og_site_name":"AXIOMA MS","article_publisher":"https:\/\/www.facebook.com\/AxiomaMS","article_modified_time":"2026-03-25T14:58:40+00:00","og_image":[{"width":800,"height":800,"url":"https:\/\/www.axiomams.eu\/wp-content\/uploads\/2025\/09\/4675-6182.jpg","type":"image\/jpeg"}],"twitter_card":"summary_large_image","twitter_misc":{"Est. reading time":"2 minutes"},"schema":{"@context":"https:\/\/schema.org","@graph":[{"@type":"WebPage","@id":"https:\/\/www.axiomams.eu\/lv\/produktas\/testo-270-bt-ellas-testeris-0563-2770","url":"https:\/\/www.axiomams.eu\/lv\/produktas\/testo-270-bt-ellas-testeris-0563-2770","name":"Testo 270 BT e\u013c\u013cas testeris (0563 2770) - AXIOMA MS","isPartOf":{"@id":"https:\/\/www.axiomams.eu\/lv#website"},"primaryImageOfPage":{"@id":"https:\/\/www.axiomams.eu\/lv\/produktas\/testo-270-bt-ellas-testeris-0563-2770#primaryimage"},"image":{"@id":"https:\/\/www.axiomams.eu\/lv\/produktas\/testo-270-bt-ellas-testeris-0563-2770#primaryimage"},"thumbnailUrl":"https:\/\/www.axiomams.eu\/wp-content\/uploads\/2025\/09\/4675-6182.jpg","datePublished":"2025-09-24T23:00:28+00:00","dateModified":"2026-03-25T14:58:40+00:00","breadcrumb":{"@id":"https:\/\/www.axiomams.eu\/lv\/produktas\/testo-270-bt-ellas-testeris-0563-2770#breadcrumb"},"inLanguage":"lv-LV","potentialAction":[{"@type":"ReadAction","target":["https:\/\/www.axiomams.eu\/lv\/produktas\/testo-270-bt-ellas-testeris-0563-2770"]}]},{"@type":"ImageObject","inLanguage":"lv-LV","@id":"https:\/\/www.axiomams.eu\/lv\/produktas\/testo-270-bt-ellas-testeris-0563-2770#primaryimage","url":"https:\/\/www.axiomams.eu\/wp-content\/uploads\/2025\/09\/4675-6182.jpg","contentUrl":"https:\/\/www.axiomams.eu\/wp-content\/uploads\/2025\/09\/4675-6182.jpg","width":800,"height":800},{"@type":"BreadcrumbList","@id":"https:\/\/www.axiomams.eu\/lv\/produktas\/testo-270-bt-ellas-testeris-0563-2770#breadcrumb","itemListElement":[{"@type":"ListItem","position":1,"name":"Home","item":"https:\/\/www.axiomams.eu\/lv"},{"@type":"ListItem","position":2,"name":"Produkti","item":"https:\/\/www.axiomams.eu\/lv\/produkti"},{"@type":"ListItem","position":3,"name":"Testo 270 BT e\u013c\u013cas testeris (0563 2770)"}]},{"@type":"WebSite","@id":"https:\/\/www.axiomams.eu\/lv#website","url":"https:\/\/www.axiomams.eu\/lv","name":"AXIOMA MS","description":"Terrmovizoriai ir matavimo \u012franga","publisher":{"@id":"https:\/\/www.axiomams.eu\/lv#organization"},"potentialAction":[{"@type":"SearchAction","target":{"@type":"EntryPoint","urlTemplate":"https:\/\/www.axiomams.eu\/lv?s={search_term_string}"},"query-input":{"@type":"PropertyValueSpecification","valueRequired":true,"valueName":"search_term_string"}}],"inLanguage":"lv-LV"},{"@type":"Organization","@id":"https:\/\/www.axiomams.eu\/lv#organization","name":"AXIOMA MS","url":"https:\/\/www.axiomams.eu\/lv","logo":{"@type":"ImageObject","inLanguage":"lv-LV","@id":"https:\/\/www.axiomams.eu\/lv#\/schema\/logo\/image\/","url":"https:\/\/www.axiomams.eu\/wp-content\/uploads\/2025\/06\/axioma-logo-2.png","contentUrl":"https:\/\/www.axiomams.eu\/wp-content\/uploads\/2025\/06\/axioma-logo-2.png","width":1200,"height":1200,"caption":"AXIOMA MS"},"image":{"@id":"https:\/\/www.axiomams.eu\/lv#\/schema\/logo\/image\/"},"sameAs":["https:\/\/www.facebook.com\/AxiomaMS","https:\/\/www.linkedin.com\/company\/axiomams\/"]}]}},"_links":{"self":[{"href":"https:\/\/www.axiomams.eu\/lv\/wp-json\/wp\/v2\/product\/38864","targetHints":{"allow":["GET"]}}],"collection":[{"href":"https:\/\/www.axiomams.eu\/lv\/wp-json\/wp\/v2\/product"}],"about":[{"href":"https:\/\/www.axiomams.eu\/lv\/wp-json\/wp\/v2\/types\/product"}],"replies":[{"embeddable":true,"href":"https:\/\/www.axiomams.eu\/lv\/wp-json\/wp\/v2\/comments?post=38864"}],"wp:featuredmedia":[{"embeddable":true,"href":"https:\/\/www.axiomams.eu\/lv\/wp-json\/wp\/v2\/media\/41430"}],"wp:attachment":[{"href":"https:\/\/www.axiomams.eu\/lv\/wp-json\/wp\/v2\/media?parent=38864"}],"wp:term":[{"taxonomy":"product_brand","embeddable":true,"href":"https:\/\/www.axiomams.eu\/lv\/wp-json\/wp\/v2\/product_brand?post=38864"},{"taxonomy":"product_cat","embeddable":true,"href":"https:\/\/www.axiomams.eu\/lv\/wp-json\/wp\/v2\/product_cat?post=38864"},{"taxonomy":"product_tag","embeddable":true,"href":"https:\/\/www.axiomams.eu\/lv\/wp-json\/wp\/v2\/product_tag?post=38864"}],"curies":[{"name":"wp","href":"https:\/\/api.w.org\/{rel}","templated":true}]}}