{"id":38865,"date":"2025-05-15T17:55:45","date_gmt":"2025-05-15T15:55:45","guid":{"rendered":"https:\/\/www.axiomams.eu\/produktas\/sew-276-hd-sprieguma-indikators"},"modified":"2026-03-25T16:58:40","modified_gmt":"2026-03-25T14:58:40","slug":"sew-276-hd-sprieguma-indikators","status":"publish","type":"product","link":"https:\/\/www.axiomams.eu\/lv\/produktas\/sew-276-hd-sprieguma-indikators","title":{"rendered":"SEW 276 HD sprieguma indikators"},"content":{"rendered":"<p>SEW 276 HD sprieguma indikators &#8211; nosaka sprieguma kl\u0101tb\u016btni mai\u0146str\u0101vas l\u012bnij\u0101s. Teleskopiskais izol\u0101cijas stienis \u013cauj lietot\u0101jiem veikt sprieguma p\u0101rbaudes augstsprieguma \u0137\u0113d\u0113s dro\u0161\u0101 att\u0101lum\u0101. Iek\u0101rta ir kompakta, viegla un viegli lietojama. To var izmantot ar\u012b sprieguma p\u0101rbaudei zemsprieguma \u0137\u0113d\u0113s.<\/p>\n<h3>Tehnisk\u0101 inform\u0101cija:<\/h3>\n<ul>\n<li><a href=\"https:\/\/axiomams.eu\/importer\/export\/attachments\/en\/sew-276-hd-276s-hd.pdf\" target=\"_blank\">SEW 276 HD 276S HD.pdf<\/a><\/li>\n<\/ul>\n","protected":false},"excerpt":{"rendered":"<p>SEW 276 HD sprieguma indikators &#8211; nosaka sprieguma kl\u0101tb\u016btni mai\u0146str\u0101vas l\u012bnij\u0101s. Teleskopiskais izol\u0101cijas stienis \u013cauj lietot\u0101jiem veikt sprieguma p\u0101rbaudes augstsprieguma \u0137\u0113d\u0113s dro\u0161\u0101 att\u0101lum\u0101. Iek\u0101rta ir kompakta, viegla un viegli lietojama. To var izmantot ar\u012b sprieguma p\u0101rbaudei zemsprieguma \u0137\u0113d\u0113s. Tehnisk\u0101 inform\u0101cija: SEW 276 HD 276S HD.pdf<\/p>\n","protected":false},"featured_media":41432,"comment_status":"open","ping_status":"closed","template":"","meta":{"_acf_changed":false},"product_brand":[737],"product_cat":[17718],"product_tag":[],"class_list":{"0":"post-38865","1":"product","2":"type-product","3":"status-publish","4":"has-post-thumbnail","6":"product_brand-sew","7":"product_cat-par-elektrisko-drosibu","9":"first","10":"instock","11":"taxable","12":"shipping-taxable","13":"purchasable","14":"product-type-simple"},"acf":[],"yoast_head":"<!-- This site is optimized with the Yoast SEO plugin v27.0 - https:\/\/yoast.com\/product\/yoast-seo-wordpress\/ -->\n<title>SEW 276 HD sprieguma indikators - AXIOMA MS<\/title>\n<meta name=\"robots\" content=\"index, follow, max-snippet:-1, max-image-preview:large, max-video-preview:-1\" \/>\n<link rel=\"canonical\" href=\"https:\/\/www.axiomams.eu\/lv\/produktas\/sew-276-hd-sprieguma-indikators\" \/>\n<meta property=\"og:locale\" content=\"lv_LV\" \/>\n<meta property=\"og:type\" content=\"article\" \/>\n<meta property=\"og:title\" content=\"SEW 276 HD sprieguma indikators - AXIOMA MS\" \/>\n<meta property=\"og:description\" content=\"SEW 276 HD sprieguma indikators &#8211; nosaka sprieguma kl\u0101tb\u016btni mai\u0146str\u0101vas l\u012bnij\u0101s. Teleskopiskais izol\u0101cijas stienis \u013cauj lietot\u0101jiem veikt sprieguma p\u0101rbaudes augstsprieguma \u0137\u0113d\u0113s dro\u0161\u0101 att\u0101lum\u0101. Iek\u0101rta ir kompakta, viegla un viegli lietojama. To var izmantot ar\u012b sprieguma p\u0101rbaudei zemsprieguma \u0137\u0113d\u0113s. Tehnisk\u0101 inform\u0101cija: SEW 276 HD 276S HD.pdf\" \/>\n<meta property=\"og:url\" content=\"https:\/\/www.axiomams.eu\/lv\/produktas\/sew-276-hd-sprieguma-indikators\" \/>\n<meta property=\"og:site_name\" content=\"AXIOMA MS\" \/>\n<meta property=\"article:publisher\" content=\"https:\/\/www.facebook.com\/AxiomaMS\" \/>\n<meta property=\"article:modified_time\" content=\"2026-03-25T14:58:40+00:00\" \/>\n<meta property=\"og:image\" content=\"https:\/\/www.axiomams.eu\/wp-content\/uploads\/2025\/07\/154-3105.jpg\" \/>\n\t<meta property=\"og:image:width\" content=\"800\" \/>\n\t<meta property=\"og:image:height\" content=\"800\" \/>\n\t<meta property=\"og:image:type\" content=\"image\/jpeg\" \/>\n<meta name=\"twitter:card\" content=\"summary_large_image\" \/>\n<script type=\"application\/ld+json\" class=\"yoast-schema-graph\">{\"@context\":\"https:\/\/schema.org\",\"@graph\":[{\"@type\":\"WebPage\",\"@id\":\"https:\/\/www.axiomams.eu\/lv\/produktas\/sew-276-hd-sprieguma-indikators\",\"url\":\"https:\/\/www.axiomams.eu\/lv\/produktas\/sew-276-hd-sprieguma-indikators\",\"name\":\"SEW 276 HD sprieguma indikators - AXIOMA MS\",\"isPartOf\":{\"@id\":\"https:\/\/www.axiomams.eu\/lv#website\"},\"primaryImageOfPage\":{\"@id\":\"https:\/\/www.axiomams.eu\/lv\/produktas\/sew-276-hd-sprieguma-indikators#primaryimage\"},\"image\":{\"@id\":\"https:\/\/www.axiomams.eu\/lv\/produktas\/sew-276-hd-sprieguma-indikators#primaryimage\"},\"thumbnailUrl\":\"https:\/\/www.axiomams.eu\/wp-content\/uploads\/2025\/07\/154-3105.jpg\",\"datePublished\":\"2025-05-15T15:55:45+00:00\",\"dateModified\":\"2026-03-25T14:58:40+00:00\",\"breadcrumb\":{\"@id\":\"https:\/\/www.axiomams.eu\/lv\/produktas\/sew-276-hd-sprieguma-indikators#breadcrumb\"},\"inLanguage\":\"lv-LV\",\"potentialAction\":[{\"@type\":\"ReadAction\",\"target\":[\"https:\/\/www.axiomams.eu\/lv\/produktas\/sew-276-hd-sprieguma-indikators\"]}]},{\"@type\":\"ImageObject\",\"inLanguage\":\"lv-LV\",\"@id\":\"https:\/\/www.axiomams.eu\/lv\/produktas\/sew-276-hd-sprieguma-indikators#primaryimage\",\"url\":\"https:\/\/www.axiomams.eu\/wp-content\/uploads\/2025\/07\/154-3105.jpg\",\"contentUrl\":\"https:\/\/www.axiomams.eu\/wp-content\/uploads\/2025\/07\/154-3105.jpg\",\"width\":800,\"height\":800},{\"@type\":\"BreadcrumbList\",\"@id\":\"https:\/\/www.axiomams.eu\/lv\/produktas\/sew-276-hd-sprieguma-indikators#breadcrumb\",\"itemListElement\":[{\"@type\":\"ListItem\",\"position\":1,\"name\":\"Home\",\"item\":\"https:\/\/www.axiomams.eu\/lv\"},{\"@type\":\"ListItem\",\"position\":2,\"name\":\"Produkti\",\"item\":\"https:\/\/www.axiomams.eu\/lv\/produkti\"},{\"@type\":\"ListItem\",\"position\":3,\"name\":\"SEW 276 HD sprieguma indikators\"}]},{\"@type\":\"WebSite\",\"@id\":\"https:\/\/www.axiomams.eu\/lv#website\",\"url\":\"https:\/\/www.axiomams.eu\/lv\",\"name\":\"AXIOMA MS\",\"description\":\"Terrmovizoriai ir matavimo \u012franga\",\"publisher\":{\"@id\":\"https:\/\/www.axiomams.eu\/lv#organization\"},\"potentialAction\":[{\"@type\":\"SearchAction\",\"target\":{\"@type\":\"EntryPoint\",\"urlTemplate\":\"https:\/\/www.axiomams.eu\/lv?s={search_term_string}\"},\"query-input\":{\"@type\":\"PropertyValueSpecification\",\"valueRequired\":true,\"valueName\":\"search_term_string\"}}],\"inLanguage\":\"lv-LV\"},{\"@type\":\"Organization\",\"@id\":\"https:\/\/www.axiomams.eu\/lv#organization\",\"name\":\"AXIOMA MS\",\"url\":\"https:\/\/www.axiomams.eu\/lv\",\"logo\":{\"@type\":\"ImageObject\",\"inLanguage\":\"lv-LV\",\"@id\":\"https:\/\/www.axiomams.eu\/lv#\/schema\/logo\/image\/\",\"url\":\"https:\/\/www.axiomams.eu\/wp-content\/uploads\/2025\/06\/axioma-logo-2.png\",\"contentUrl\":\"https:\/\/www.axiomams.eu\/wp-content\/uploads\/2025\/06\/axioma-logo-2.png\",\"width\":1200,\"height\":1200,\"caption\":\"AXIOMA MS\"},\"image\":{\"@id\":\"https:\/\/www.axiomams.eu\/lv#\/schema\/logo\/image\/\"},\"sameAs\":[\"https:\/\/www.facebook.com\/AxiomaMS\",\"https:\/\/www.linkedin.com\/company\/axiomams\/\"]}]}<\/script>\n<!-- \/ Yoast SEO plugin. -->","yoast_head_json":{"title":"SEW 276 HD sprieguma indikators - AXIOMA MS","robots":{"index":"index","follow":"follow","max-snippet":"max-snippet:-1","max-image-preview":"max-image-preview:large","max-video-preview":"max-video-preview:-1"},"canonical":"https:\/\/www.axiomams.eu\/lv\/produktas\/sew-276-hd-sprieguma-indikators","og_locale":"lv_LV","og_type":"article","og_title":"SEW 276 HD sprieguma indikators - AXIOMA MS","og_description":"SEW 276 HD sprieguma indikators &#8211; nosaka sprieguma kl\u0101tb\u016btni mai\u0146str\u0101vas l\u012bnij\u0101s. Teleskopiskais izol\u0101cijas stienis \u013cauj lietot\u0101jiem veikt sprieguma p\u0101rbaudes augstsprieguma \u0137\u0113d\u0113s dro\u0161\u0101 att\u0101lum\u0101. Iek\u0101rta ir kompakta, viegla un viegli lietojama. To var izmantot ar\u012b sprieguma p\u0101rbaudei zemsprieguma \u0137\u0113d\u0113s. Tehnisk\u0101 inform\u0101cija: SEW 276 HD 276S HD.pdf","og_url":"https:\/\/www.axiomams.eu\/lv\/produktas\/sew-276-hd-sprieguma-indikators","og_site_name":"AXIOMA MS","article_publisher":"https:\/\/www.facebook.com\/AxiomaMS","article_modified_time":"2026-03-25T14:58:40+00:00","og_image":[{"width":800,"height":800,"url":"https:\/\/www.axiomams.eu\/wp-content\/uploads\/2025\/07\/154-3105.jpg","type":"image\/jpeg"}],"twitter_card":"summary_large_image","schema":{"@context":"https:\/\/schema.org","@graph":[{"@type":"WebPage","@id":"https:\/\/www.axiomams.eu\/lv\/produktas\/sew-276-hd-sprieguma-indikators","url":"https:\/\/www.axiomams.eu\/lv\/produktas\/sew-276-hd-sprieguma-indikators","name":"SEW 276 HD sprieguma indikators - AXIOMA MS","isPartOf":{"@id":"https:\/\/www.axiomams.eu\/lv#website"},"primaryImageOfPage":{"@id":"https:\/\/www.axiomams.eu\/lv\/produktas\/sew-276-hd-sprieguma-indikators#primaryimage"},"image":{"@id":"https:\/\/www.axiomams.eu\/lv\/produktas\/sew-276-hd-sprieguma-indikators#primaryimage"},"thumbnailUrl":"https:\/\/www.axiomams.eu\/wp-content\/uploads\/2025\/07\/154-3105.jpg","datePublished":"2025-05-15T15:55:45+00:00","dateModified":"2026-03-25T14:58:40+00:00","breadcrumb":{"@id":"https:\/\/www.axiomams.eu\/lv\/produktas\/sew-276-hd-sprieguma-indikators#breadcrumb"},"inLanguage":"lv-LV","potentialAction":[{"@type":"ReadAction","target":["https:\/\/www.axiomams.eu\/lv\/produktas\/sew-276-hd-sprieguma-indikators"]}]},{"@type":"ImageObject","inLanguage":"lv-LV","@id":"https:\/\/www.axiomams.eu\/lv\/produktas\/sew-276-hd-sprieguma-indikators#primaryimage","url":"https:\/\/www.axiomams.eu\/wp-content\/uploads\/2025\/07\/154-3105.jpg","contentUrl":"https:\/\/www.axiomams.eu\/wp-content\/uploads\/2025\/07\/154-3105.jpg","width":800,"height":800},{"@type":"BreadcrumbList","@id":"https:\/\/www.axiomams.eu\/lv\/produktas\/sew-276-hd-sprieguma-indikators#breadcrumb","itemListElement":[{"@type":"ListItem","position":1,"name":"Home","item":"https:\/\/www.axiomams.eu\/lv"},{"@type":"ListItem","position":2,"name":"Produkti","item":"https:\/\/www.axiomams.eu\/lv\/produkti"},{"@type":"ListItem","position":3,"name":"SEW 276 HD sprieguma indikators"}]},{"@type":"WebSite","@id":"https:\/\/www.axiomams.eu\/lv#website","url":"https:\/\/www.axiomams.eu\/lv","name":"AXIOMA MS","description":"Terrmovizoriai ir matavimo \u012franga","publisher":{"@id":"https:\/\/www.axiomams.eu\/lv#organization"},"potentialAction":[{"@type":"SearchAction","target":{"@type":"EntryPoint","urlTemplate":"https:\/\/www.axiomams.eu\/lv?s={search_term_string}"},"query-input":{"@type":"PropertyValueSpecification","valueRequired":true,"valueName":"search_term_string"}}],"inLanguage":"lv-LV"},{"@type":"Organization","@id":"https:\/\/www.axiomams.eu\/lv#organization","name":"AXIOMA MS","url":"https:\/\/www.axiomams.eu\/lv","logo":{"@type":"ImageObject","inLanguage":"lv-LV","@id":"https:\/\/www.axiomams.eu\/lv#\/schema\/logo\/image\/","url":"https:\/\/www.axiomams.eu\/wp-content\/uploads\/2025\/06\/axioma-logo-2.png","contentUrl":"https:\/\/www.axiomams.eu\/wp-content\/uploads\/2025\/06\/axioma-logo-2.png","width":1200,"height":1200,"caption":"AXIOMA MS"},"image":{"@id":"https:\/\/www.axiomams.eu\/lv#\/schema\/logo\/image\/"},"sameAs":["https:\/\/www.facebook.com\/AxiomaMS","https:\/\/www.linkedin.com\/company\/axiomams\/"]}]}},"_links":{"self":[{"href":"https:\/\/www.axiomams.eu\/lv\/wp-json\/wp\/v2\/product\/38865","targetHints":{"allow":["GET"]}}],"collection":[{"href":"https:\/\/www.axiomams.eu\/lv\/wp-json\/wp\/v2\/product"}],"about":[{"href":"https:\/\/www.axiomams.eu\/lv\/wp-json\/wp\/v2\/types\/product"}],"replies":[{"embeddable":true,"href":"https:\/\/www.axiomams.eu\/lv\/wp-json\/wp\/v2\/comments?post=38865"}],"wp:featuredmedia":[{"embeddable":true,"href":"https:\/\/www.axiomams.eu\/lv\/wp-json\/wp\/v2\/media\/41432"}],"wp:attachment":[{"href":"https:\/\/www.axiomams.eu\/lv\/wp-json\/wp\/v2\/media?parent=38865"}],"wp:term":[{"taxonomy":"product_brand","embeddable":true,"href":"https:\/\/www.axiomams.eu\/lv\/wp-json\/wp\/v2\/product_brand?post=38865"},{"taxonomy":"product_cat","embeddable":true,"href":"https:\/\/www.axiomams.eu\/lv\/wp-json\/wp\/v2\/product_cat?post=38865"},{"taxonomy":"product_tag","embeddable":true,"href":"https:\/\/www.axiomams.eu\/lv\/wp-json\/wp\/v2\/product_tag?post=38865"}],"curies":[{"name":"wp","href":"https:\/\/api.w.org\/{rel}","templated":true}]}}