{"id":38867,"date":"2025-05-15T17:55:51","date_gmt":"2025-05-15T15:55:51","guid":{"rendered":"https:\/\/www.axiomams.eu\/produktas\/testo-405-termiskais-anemometrs-0560-4053"},"modified":"2026-03-25T16:58:42","modified_gmt":"2026-03-25T14:58:42","slug":"testo-405-termiskais-anemometrs-0560-4053","status":"publish","type":"product","link":"https:\/\/www.axiomams.eu\/lv\/produktas\/testo-405-termiskais-anemometrs-0560-4053","title":{"rendered":"Testo 405 termiskais anemometrs (0560 4053)"},"content":{"rendered":"<p>Testo 405 ir termiskais anemometrs. Tas \u013cauj prec\u012bzi izm\u0113r\u012bt gaisa pl\u016bsmas \u0101trumu, tilpuma pl\u016bsmu un temperat\u016bru. Pateicoties pagarin\u0101majam teleskopam (l\u012bdz 300 mm), testo 405 ir \u012bpa\u0161i piem\u0113rots pl\u016bsmas \u0101truma m\u0113r\u012b\u0161anai cauru\u013cvados.<br \/>\nTesto 405 m\u0113ra \u012bpa\u0161i prec\u012bzi 0 un 2 m\/s diapazon\u0101. T\u0101d\u0113j\u0101di var prec\u012bzi lokaliz\u0113t un \u0101rk\u0101rt\u012bgi prec\u012bzi izm\u0113r\u012bt mazus gaisa pl\u016bsmas \u0101trumus, piem\u0113ram, pie caurv\u0113ja logiem.<\/p>\n<p>Standarta komplekts: testo 405 termiskais anemometrs, kan\u0101la tur\u0113t\u0101js, stiprin\u0101juma klips, baterijas.<\/p>\n<h3>Tehnisk\u0101 inform\u0101cija:<\/h3>\n<ul>\n<li><a href=\"https:\/\/axiomams.eu\/importer\/export\/attachments\/en\/testo-405.pdf\" target=\"_blank\">testo 405.pdf<\/a><\/li>\n<\/ul>\n","protected":false},"excerpt":{"rendered":"<p>Testo 405 ir termiskais anemometrs. Tas \u013cauj prec\u012bzi izm\u0113r\u012bt gaisa pl\u016bsmas \u0101trumu, tilpuma pl\u016bsmu un temperat\u016bru. Pateicoties pagarin\u0101majam teleskopam (l\u012bdz 300 mm), testo 405 ir \u012bpa\u0161i piem\u0113rots pl\u016bsmas \u0101truma m\u0113r\u012b\u0161anai cauru\u013cvados. Testo 405 m\u0113ra \u012bpa\u0161i prec\u012bzi 0 un 2 m\/s diapazon\u0101. T\u0101d\u0113j\u0101di var prec\u012bzi lokaliz\u0113t un \u0101rk\u0101rt\u012bgi prec\u012bzi izm\u0113r\u012bt mazus gaisa pl\u016bsmas \u0101trumus, piem\u0113ram, pie&#8230;<\/p>\n","protected":false},"featured_media":41436,"comment_status":"open","ping_status":"closed","template":"","meta":{"_acf_changed":false},"product_brand":[735],"product_cat":[17722],"product_tag":[],"class_list":{"0":"post-38867","1":"product","2":"type-product","3":"status-publish","4":"has-post-thumbnail","6":"product_brand-testo","7":"product_cat-apgaismojuma-troksna-gaisa-plusmas-merisanai","9":"first","10":"instock","11":"taxable","12":"shipping-taxable","13":"purchasable","14":"product-type-simple"},"acf":[],"yoast_head":"<!-- This site is optimized with the Yoast SEO plugin v27.0 - https:\/\/yoast.com\/product\/yoast-seo-wordpress\/ -->\n<title>Testo 405 termiskais anemometrs (0560 4053) - AXIOMA MS<\/title>\n<meta name=\"robots\" content=\"index, follow, max-snippet:-1, max-image-preview:large, max-video-preview:-1\" \/>\n<link rel=\"canonical\" href=\"https:\/\/www.axiomams.eu\/lv\/produktas\/testo-405-termiskais-anemometrs-0560-4053\" \/>\n<meta property=\"og:locale\" content=\"lv_LV\" \/>\n<meta property=\"og:type\" content=\"article\" \/>\n<meta property=\"og:title\" content=\"Testo 405 termiskais anemometrs (0560 4053) - AXIOMA MS\" \/>\n<meta property=\"og:description\" content=\"Testo 405 ir termiskais anemometrs. Tas \u013cauj prec\u012bzi izm\u0113r\u012bt gaisa pl\u016bsmas \u0101trumu, tilpuma pl\u016bsmu un temperat\u016bru. Pateicoties pagarin\u0101majam teleskopam (l\u012bdz 300 mm), testo 405 ir \u012bpa\u0161i piem\u0113rots pl\u016bsmas \u0101truma m\u0113r\u012b\u0161anai cauru\u013cvados. Testo 405 m\u0113ra \u012bpa\u0161i prec\u012bzi 0 un 2 m\/s diapazon\u0101. T\u0101d\u0113j\u0101di var prec\u012bzi lokaliz\u0113t un \u0101rk\u0101rt\u012bgi prec\u012bzi izm\u0113r\u012bt mazus gaisa pl\u016bsmas \u0101trumus, piem\u0113ram, pie...\" \/>\n<meta property=\"og:url\" content=\"https:\/\/www.axiomams.eu\/lv\/produktas\/testo-405-termiskais-anemometrs-0560-4053\" \/>\n<meta property=\"og:site_name\" content=\"AXIOMA MS\" \/>\n<meta property=\"article:publisher\" content=\"https:\/\/www.facebook.com\/AxiomaMS\" \/>\n<meta property=\"article:modified_time\" content=\"2026-03-25T14:58:42+00:00\" \/>\n<meta property=\"og:image\" content=\"https:\/\/www.axiomams.eu\/wp-content\/uploads\/2025\/07\/3504-4723.jpg\" \/>\n\t<meta property=\"og:image:width\" content=\"800\" \/>\n\t<meta property=\"og:image:height\" content=\"800\" \/>\n\t<meta property=\"og:image:type\" content=\"image\/jpeg\" \/>\n<meta name=\"twitter:card\" content=\"summary_large_image\" \/>\n<meta name=\"twitter:label1\" content=\"Est. reading time\" \/>\n\t<meta name=\"twitter:data1\" content=\"1 minute\" \/>\n<script type=\"application\/ld+json\" class=\"yoast-schema-graph\">{\"@context\":\"https:\/\/schema.org\",\"@graph\":[{\"@type\":\"WebPage\",\"@id\":\"https:\/\/www.axiomams.eu\/lv\/produktas\/testo-405-termiskais-anemometrs-0560-4053\",\"url\":\"https:\/\/www.axiomams.eu\/lv\/produktas\/testo-405-termiskais-anemometrs-0560-4053\",\"name\":\"Testo 405 termiskais anemometrs (0560 4053) - AXIOMA MS\",\"isPartOf\":{\"@id\":\"https:\/\/www.axiomams.eu\/lv#website\"},\"primaryImageOfPage\":{\"@id\":\"https:\/\/www.axiomams.eu\/lv\/produktas\/testo-405-termiskais-anemometrs-0560-4053#primaryimage\"},\"image\":{\"@id\":\"https:\/\/www.axiomams.eu\/lv\/produktas\/testo-405-termiskais-anemometrs-0560-4053#primaryimage\"},\"thumbnailUrl\":\"https:\/\/www.axiomams.eu\/wp-content\/uploads\/2025\/07\/3504-4723.jpg\",\"datePublished\":\"2025-05-15T15:55:51+00:00\",\"dateModified\":\"2026-03-25T14:58:42+00:00\",\"breadcrumb\":{\"@id\":\"https:\/\/www.axiomams.eu\/lv\/produktas\/testo-405-termiskais-anemometrs-0560-4053#breadcrumb\"},\"inLanguage\":\"lv-LV\",\"potentialAction\":[{\"@type\":\"ReadAction\",\"target\":[\"https:\/\/www.axiomams.eu\/lv\/produktas\/testo-405-termiskais-anemometrs-0560-4053\"]}]},{\"@type\":\"ImageObject\",\"inLanguage\":\"lv-LV\",\"@id\":\"https:\/\/www.axiomams.eu\/lv\/produktas\/testo-405-termiskais-anemometrs-0560-4053#primaryimage\",\"url\":\"https:\/\/www.axiomams.eu\/wp-content\/uploads\/2025\/07\/3504-4723.jpg\",\"contentUrl\":\"https:\/\/www.axiomams.eu\/wp-content\/uploads\/2025\/07\/3504-4723.jpg\",\"width\":800,\"height\":800},{\"@type\":\"BreadcrumbList\",\"@id\":\"https:\/\/www.axiomams.eu\/lv\/produktas\/testo-405-termiskais-anemometrs-0560-4053#breadcrumb\",\"itemListElement\":[{\"@type\":\"ListItem\",\"position\":1,\"name\":\"Home\",\"item\":\"https:\/\/www.axiomams.eu\/lv\"},{\"@type\":\"ListItem\",\"position\":2,\"name\":\"Produkti\",\"item\":\"https:\/\/www.axiomams.eu\/lv\/produkti\"},{\"@type\":\"ListItem\",\"position\":3,\"name\":\"Testo 405 termiskais anemometrs (0560 4053)\"}]},{\"@type\":\"WebSite\",\"@id\":\"https:\/\/www.axiomams.eu\/lv#website\",\"url\":\"https:\/\/www.axiomams.eu\/lv\",\"name\":\"AXIOMA MS\",\"description\":\"Terrmovizoriai ir matavimo \u012franga\",\"publisher\":{\"@id\":\"https:\/\/www.axiomams.eu\/lv#organization\"},\"potentialAction\":[{\"@type\":\"SearchAction\",\"target\":{\"@type\":\"EntryPoint\",\"urlTemplate\":\"https:\/\/www.axiomams.eu\/lv?s={search_term_string}\"},\"query-input\":{\"@type\":\"PropertyValueSpecification\",\"valueRequired\":true,\"valueName\":\"search_term_string\"}}],\"inLanguage\":\"lv-LV\"},{\"@type\":\"Organization\",\"@id\":\"https:\/\/www.axiomams.eu\/lv#organization\",\"name\":\"AXIOMA MS\",\"url\":\"https:\/\/www.axiomams.eu\/lv\",\"logo\":{\"@type\":\"ImageObject\",\"inLanguage\":\"lv-LV\",\"@id\":\"https:\/\/www.axiomams.eu\/lv#\/schema\/logo\/image\/\",\"url\":\"https:\/\/www.axiomams.eu\/wp-content\/uploads\/2025\/06\/axioma-logo-2.png\",\"contentUrl\":\"https:\/\/www.axiomams.eu\/wp-content\/uploads\/2025\/06\/axioma-logo-2.png\",\"width\":1200,\"height\":1200,\"caption\":\"AXIOMA MS\"},\"image\":{\"@id\":\"https:\/\/www.axiomams.eu\/lv#\/schema\/logo\/image\/\"},\"sameAs\":[\"https:\/\/www.facebook.com\/AxiomaMS\",\"https:\/\/www.linkedin.com\/company\/axiomams\/\"]}]}<\/script>\n<!-- \/ Yoast SEO plugin. -->","yoast_head_json":{"title":"Testo 405 termiskais anemometrs (0560 4053) - AXIOMA MS","robots":{"index":"index","follow":"follow","max-snippet":"max-snippet:-1","max-image-preview":"max-image-preview:large","max-video-preview":"max-video-preview:-1"},"canonical":"https:\/\/www.axiomams.eu\/lv\/produktas\/testo-405-termiskais-anemometrs-0560-4053","og_locale":"lv_LV","og_type":"article","og_title":"Testo 405 termiskais anemometrs (0560 4053) - AXIOMA MS","og_description":"Testo 405 ir termiskais anemometrs. Tas \u013cauj prec\u012bzi izm\u0113r\u012bt gaisa pl\u016bsmas \u0101trumu, tilpuma pl\u016bsmu un temperat\u016bru. Pateicoties pagarin\u0101majam teleskopam (l\u012bdz 300 mm), testo 405 ir \u012bpa\u0161i piem\u0113rots pl\u016bsmas \u0101truma m\u0113r\u012b\u0161anai cauru\u013cvados. Testo 405 m\u0113ra \u012bpa\u0161i prec\u012bzi 0 un 2 m\/s diapazon\u0101. T\u0101d\u0113j\u0101di var prec\u012bzi lokaliz\u0113t un \u0101rk\u0101rt\u012bgi prec\u012bzi izm\u0113r\u012bt mazus gaisa pl\u016bsmas \u0101trumus, piem\u0113ram, pie...","og_url":"https:\/\/www.axiomams.eu\/lv\/produktas\/testo-405-termiskais-anemometrs-0560-4053","og_site_name":"AXIOMA MS","article_publisher":"https:\/\/www.facebook.com\/AxiomaMS","article_modified_time":"2026-03-25T14:58:42+00:00","og_image":[{"width":800,"height":800,"url":"https:\/\/www.axiomams.eu\/wp-content\/uploads\/2025\/07\/3504-4723.jpg","type":"image\/jpeg"}],"twitter_card":"summary_large_image","twitter_misc":{"Est. reading time":"1 minute"},"schema":{"@context":"https:\/\/schema.org","@graph":[{"@type":"WebPage","@id":"https:\/\/www.axiomams.eu\/lv\/produktas\/testo-405-termiskais-anemometrs-0560-4053","url":"https:\/\/www.axiomams.eu\/lv\/produktas\/testo-405-termiskais-anemometrs-0560-4053","name":"Testo 405 termiskais anemometrs (0560 4053) - AXIOMA MS","isPartOf":{"@id":"https:\/\/www.axiomams.eu\/lv#website"},"primaryImageOfPage":{"@id":"https:\/\/www.axiomams.eu\/lv\/produktas\/testo-405-termiskais-anemometrs-0560-4053#primaryimage"},"image":{"@id":"https:\/\/www.axiomams.eu\/lv\/produktas\/testo-405-termiskais-anemometrs-0560-4053#primaryimage"},"thumbnailUrl":"https:\/\/www.axiomams.eu\/wp-content\/uploads\/2025\/07\/3504-4723.jpg","datePublished":"2025-05-15T15:55:51+00:00","dateModified":"2026-03-25T14:58:42+00:00","breadcrumb":{"@id":"https:\/\/www.axiomams.eu\/lv\/produktas\/testo-405-termiskais-anemometrs-0560-4053#breadcrumb"},"inLanguage":"lv-LV","potentialAction":[{"@type":"ReadAction","target":["https:\/\/www.axiomams.eu\/lv\/produktas\/testo-405-termiskais-anemometrs-0560-4053"]}]},{"@type":"ImageObject","inLanguage":"lv-LV","@id":"https:\/\/www.axiomams.eu\/lv\/produktas\/testo-405-termiskais-anemometrs-0560-4053#primaryimage","url":"https:\/\/www.axiomams.eu\/wp-content\/uploads\/2025\/07\/3504-4723.jpg","contentUrl":"https:\/\/www.axiomams.eu\/wp-content\/uploads\/2025\/07\/3504-4723.jpg","width":800,"height":800},{"@type":"BreadcrumbList","@id":"https:\/\/www.axiomams.eu\/lv\/produktas\/testo-405-termiskais-anemometrs-0560-4053#breadcrumb","itemListElement":[{"@type":"ListItem","position":1,"name":"Home","item":"https:\/\/www.axiomams.eu\/lv"},{"@type":"ListItem","position":2,"name":"Produkti","item":"https:\/\/www.axiomams.eu\/lv\/produkti"},{"@type":"ListItem","position":3,"name":"Testo 405 termiskais anemometrs (0560 4053)"}]},{"@type":"WebSite","@id":"https:\/\/www.axiomams.eu\/lv#website","url":"https:\/\/www.axiomams.eu\/lv","name":"AXIOMA MS","description":"Terrmovizoriai ir matavimo \u012franga","publisher":{"@id":"https:\/\/www.axiomams.eu\/lv#organization"},"potentialAction":[{"@type":"SearchAction","target":{"@type":"EntryPoint","urlTemplate":"https:\/\/www.axiomams.eu\/lv?s={search_term_string}"},"query-input":{"@type":"PropertyValueSpecification","valueRequired":true,"valueName":"search_term_string"}}],"inLanguage":"lv-LV"},{"@type":"Organization","@id":"https:\/\/www.axiomams.eu\/lv#organization","name":"AXIOMA MS","url":"https:\/\/www.axiomams.eu\/lv","logo":{"@type":"ImageObject","inLanguage":"lv-LV","@id":"https:\/\/www.axiomams.eu\/lv#\/schema\/logo\/image\/","url":"https:\/\/www.axiomams.eu\/wp-content\/uploads\/2025\/06\/axioma-logo-2.png","contentUrl":"https:\/\/www.axiomams.eu\/wp-content\/uploads\/2025\/06\/axioma-logo-2.png","width":1200,"height":1200,"caption":"AXIOMA MS"},"image":{"@id":"https:\/\/www.axiomams.eu\/lv#\/schema\/logo\/image\/"},"sameAs":["https:\/\/www.facebook.com\/AxiomaMS","https:\/\/www.linkedin.com\/company\/axiomams\/"]}]}},"_links":{"self":[{"href":"https:\/\/www.axiomams.eu\/lv\/wp-json\/wp\/v2\/product\/38867","targetHints":{"allow":["GET"]}}],"collection":[{"href":"https:\/\/www.axiomams.eu\/lv\/wp-json\/wp\/v2\/product"}],"about":[{"href":"https:\/\/www.axiomams.eu\/lv\/wp-json\/wp\/v2\/types\/product"}],"replies":[{"embeddable":true,"href":"https:\/\/www.axiomams.eu\/lv\/wp-json\/wp\/v2\/comments?post=38867"}],"wp:featuredmedia":[{"embeddable":true,"href":"https:\/\/www.axiomams.eu\/lv\/wp-json\/wp\/v2\/media\/41436"}],"wp:attachment":[{"href":"https:\/\/www.axiomams.eu\/lv\/wp-json\/wp\/v2\/media?parent=38867"}],"wp:term":[{"taxonomy":"product_brand","embeddable":true,"href":"https:\/\/www.axiomams.eu\/lv\/wp-json\/wp\/v2\/product_brand?post=38867"},{"taxonomy":"product_cat","embeddable":true,"href":"https:\/\/www.axiomams.eu\/lv\/wp-json\/wp\/v2\/product_cat?post=38867"},{"taxonomy":"product_tag","embeddable":true,"href":"https:\/\/www.axiomams.eu\/lv\/wp-json\/wp\/v2\/product_tag?post=38867"}],"curies":[{"name":"wp","href":"https:\/\/api.w.org\/{rel}","templated":true}]}}