{"id":38868,"date":"2025-09-10T15:29:42","date_gmt":"2025-09-10T13:29:42","guid":{"rendered":"https:\/\/www.axiomams.eu\/produktas\/testo-405i-anemometrs-0560-1405"},"modified":"2026-03-25T16:58:43","modified_gmt":"2026-03-25T14:58:43","slug":"testo-405i-anemometrs-0560-1405","status":"publish","type":"product","link":"https:\/\/www.axiomams.eu\/lv\/produktas\/testo-405i-anemometrs-0560-1405","title":{"rendered":"Testo 405i anemometrs (0560 1405)"},"content":{"rendered":"<p>&#8211; Ide\u0101li piem\u0113rots gaisa \u0101truma, tilpuma pl\u016bsmas un temperat\u016bras m\u0113r\u012b\u0161anai.<br \/>\n&#8211; Viegla kan\u0101la izm\u0113ra un formas iestat\u012b\u0161ana, lai prec\u012bzi apr\u0113\u0137in\u0101tu tilpuma pl\u016bsmu.<br \/>\n&#8211; Ide\u0101li piem\u0113rots izmanto\u0161anai ventil\u0101cijas sist\u0113m\u0101s &#8211; apr\u012bkots ar teleskopisko zondi, ko var pagarin\u0101t l\u012bdz 400 mm.<br \/>\n&#8211; Viegla lieto\u0161ana ar testo Smart App &#8211; skatiet tie\u0161os r\u0101d\u012bjumus, sekojiet datu tendenc\u0113m un viegli re\u0123istr\u0113jiet m\u0113r\u012bjumus.<\/p>\n<p>Testo 405i karsto vadu anemometrs pied\u0101v\u0101 prec\u012bzus gaisa \u0101truma, gaisa pl\u016bsmas un temperat\u016bras m\u0113r\u012bjumus. Pateicoties Bluetooth savienojam\u012bbai, visi dati tiek nos\u016bt\u012bti tie\u0161i uz testo Smart App viedt\u0101lrun\u012b vai plan\u0161etdator\u0101. \u0160\u012b lietotne nodro\u0161ina \u0113rtu uzraudz\u012bbu, visaptvero\u0161u datu anal\u012bzi un piek\u013cuvi viedaj\u0101m funkcij\u0101m, kas paredz\u0113tas, lai racionaliz\u0113tu HVAC un ventil\u0101cijas diagnostiku.<\/p>\n<p>Standarta komplekts: testo 405i anemometrs, pagarin\u0101mais teleskops, baterijas, kalibr\u0113\u0161anas protokols.<br \/>\nKods: 0560 1405<\/p>\n<p><iframe loading=\"lazy\" width=\"560\" height=\"315\" src=\"https:\/\/www.youtube.com\/embed\/gV1_znc5nsM?si=Kuve0JaD4sNkQbj5\" title=\"YouTube video atska\u0146ot\u0101js\" frameborder=\"0\" allow=\"accelerometer; autoplay; clipboard-write; encrypted-media; gyroscope; picture-in-picture; web-share\" referrerpolicy=\"strict-origin-when-cross-origin\" allowfullscreen><\/iframe><\/p>\n<h3>Tehnisk\u0101 inform\u0101cija:<\/h3>\n<ul>\n<li><a href=\"https:\/\/axiomams.eu\/importer\/export\/attachments\/en\/testo-405i.pdf\" target=\"_blank\">testo 405i.pdf<\/a><\/li>\n<\/ul>\n","protected":false},"excerpt":{"rendered":"<p>&#8211; Ide\u0101li piem\u0113rots gaisa \u0101truma, tilpuma pl\u016bsmas un temperat\u016bras m\u0113r\u012b\u0161anai. &#8211; Viegla kan\u0101la izm\u0113ra un formas iestat\u012b\u0161ana, lai prec\u012bzi apr\u0113\u0137in\u0101tu tilpuma pl\u016bsmu. &#8211; Ide\u0101li piem\u0113rots izmanto\u0161anai ventil\u0101cijas sist\u0113m\u0101s &#8211; apr\u012bkots ar teleskopisko zondi, ko var pagarin\u0101t l\u012bdz 400 mm. &#8211; Viegla lieto\u0161ana ar testo Smart App &#8211; skatiet tie\u0161os r\u0101d\u012bjumus, sekojiet datu tendenc\u0113m un viegli&#8230;<\/p>\n","protected":false},"featured_media":41438,"comment_status":"open","ping_status":"closed","template":"","meta":{"_acf_changed":false},"product_brand":[735],"product_cat":[17722],"product_tag":[],"class_list":{"0":"post-38868","1":"product","2":"type-product","3":"status-publish","4":"has-post-thumbnail","6":"product_brand-testo","7":"product_cat-apgaismojuma-troksna-gaisa-plusmas-merisanai","9":"first","10":"instock","11":"taxable","12":"shipping-taxable","13":"purchasable","14":"product-type-simple"},"acf":[],"yoast_head":"<!-- This site is optimized with the Yoast SEO plugin v27.0 - https:\/\/yoast.com\/product\/yoast-seo-wordpress\/ -->\n<title>Testo 405i anemometrs (0560 1405) - AXIOMA MS<\/title>\n<meta name=\"robots\" content=\"index, follow, max-snippet:-1, max-image-preview:large, max-video-preview:-1\" \/>\n<link rel=\"canonical\" href=\"https:\/\/www.axiomams.eu\/lv\/produktas\/testo-405i-anemometrs-0560-1405\" \/>\n<meta property=\"og:locale\" content=\"lv_LV\" \/>\n<meta property=\"og:type\" content=\"article\" \/>\n<meta property=\"og:title\" content=\"Testo 405i anemometrs (0560 1405) - AXIOMA MS\" \/>\n<meta property=\"og:description\" content=\"&#8211; Ide\u0101li piem\u0113rots gaisa \u0101truma, tilpuma pl\u016bsmas un temperat\u016bras m\u0113r\u012b\u0161anai. &#8211; Viegla kan\u0101la izm\u0113ra un formas iestat\u012b\u0161ana, lai prec\u012bzi apr\u0113\u0137in\u0101tu tilpuma pl\u016bsmu. &#8211; Ide\u0101li piem\u0113rots izmanto\u0161anai ventil\u0101cijas sist\u0113m\u0101s &#8211; apr\u012bkots ar teleskopisko zondi, ko var pagarin\u0101t l\u012bdz 400 mm. &#8211; Viegla lieto\u0161ana ar testo Smart App &#8211; skatiet tie\u0161os r\u0101d\u012bjumus, sekojiet datu tendenc\u0113m un viegli...\" \/>\n<meta property=\"og:url\" content=\"https:\/\/www.axiomams.eu\/lv\/produktas\/testo-405i-anemometrs-0560-1405\" \/>\n<meta property=\"og:site_name\" content=\"AXIOMA MS\" \/>\n<meta property=\"article:publisher\" content=\"https:\/\/www.facebook.com\/AxiomaMS\" \/>\n<meta property=\"article:modified_time\" content=\"2026-03-25T14:58:43+00:00\" \/>\n<meta property=\"og:image\" content=\"https:\/\/www.axiomams.eu\/wp-content\/uploads\/2025\/09\/4662-6163.jpg\" \/>\n\t<meta property=\"og:image:width\" content=\"792\" \/>\n\t<meta property=\"og:image:height\" content=\"800\" \/>\n\t<meta property=\"og:image:type\" content=\"image\/jpeg\" \/>\n<meta name=\"twitter:card\" content=\"summary_large_image\" \/>\n<meta name=\"twitter:label1\" content=\"Est. reading time\" \/>\n\t<meta name=\"twitter:data1\" content=\"1 minute\" \/>\n<script type=\"application\/ld+json\" class=\"yoast-schema-graph\">{\"@context\":\"https:\/\/schema.org\",\"@graph\":[{\"@type\":\"WebPage\",\"@id\":\"https:\/\/www.axiomams.eu\/lv\/produktas\/testo-405i-anemometrs-0560-1405\",\"url\":\"https:\/\/www.axiomams.eu\/lv\/produktas\/testo-405i-anemometrs-0560-1405\",\"name\":\"Testo 405i anemometrs (0560 1405) - AXIOMA MS\",\"isPartOf\":{\"@id\":\"https:\/\/www.axiomams.eu\/lv#website\"},\"primaryImageOfPage\":{\"@id\":\"https:\/\/www.axiomams.eu\/lv\/produktas\/testo-405i-anemometrs-0560-1405#primaryimage\"},\"image\":{\"@id\":\"https:\/\/www.axiomams.eu\/lv\/produktas\/testo-405i-anemometrs-0560-1405#primaryimage\"},\"thumbnailUrl\":\"https:\/\/www.axiomams.eu\/wp-content\/uploads\/2025\/09\/4662-6163.jpg\",\"datePublished\":\"2025-09-10T13:29:42+00:00\",\"dateModified\":\"2026-03-25T14:58:43+00:00\",\"breadcrumb\":{\"@id\":\"https:\/\/www.axiomams.eu\/lv\/produktas\/testo-405i-anemometrs-0560-1405#breadcrumb\"},\"inLanguage\":\"lv-LV\",\"potentialAction\":[{\"@type\":\"ReadAction\",\"target\":[\"https:\/\/www.axiomams.eu\/lv\/produktas\/testo-405i-anemometrs-0560-1405\"]}]},{\"@type\":\"ImageObject\",\"inLanguage\":\"lv-LV\",\"@id\":\"https:\/\/www.axiomams.eu\/lv\/produktas\/testo-405i-anemometrs-0560-1405#primaryimage\",\"url\":\"https:\/\/www.axiomams.eu\/wp-content\/uploads\/2025\/09\/4662-6163.jpg\",\"contentUrl\":\"https:\/\/www.axiomams.eu\/wp-content\/uploads\/2025\/09\/4662-6163.jpg\",\"width\":792,\"height\":800},{\"@type\":\"BreadcrumbList\",\"@id\":\"https:\/\/www.axiomams.eu\/lv\/produktas\/testo-405i-anemometrs-0560-1405#breadcrumb\",\"itemListElement\":[{\"@type\":\"ListItem\",\"position\":1,\"name\":\"Home\",\"item\":\"https:\/\/www.axiomams.eu\/lv\"},{\"@type\":\"ListItem\",\"position\":2,\"name\":\"Produkti\",\"item\":\"https:\/\/www.axiomams.eu\/lv\/produkti\"},{\"@type\":\"ListItem\",\"position\":3,\"name\":\"Testo 405i anemometrs (0560 1405)\"}]},{\"@type\":\"WebSite\",\"@id\":\"https:\/\/www.axiomams.eu\/lv#website\",\"url\":\"https:\/\/www.axiomams.eu\/lv\",\"name\":\"AXIOMA MS\",\"description\":\"Terrmovizoriai ir matavimo \u012franga\",\"publisher\":{\"@id\":\"https:\/\/www.axiomams.eu\/lv#organization\"},\"potentialAction\":[{\"@type\":\"SearchAction\",\"target\":{\"@type\":\"EntryPoint\",\"urlTemplate\":\"https:\/\/www.axiomams.eu\/lv?s={search_term_string}\"},\"query-input\":{\"@type\":\"PropertyValueSpecification\",\"valueRequired\":true,\"valueName\":\"search_term_string\"}}],\"inLanguage\":\"lv-LV\"},{\"@type\":\"Organization\",\"@id\":\"https:\/\/www.axiomams.eu\/lv#organization\",\"name\":\"AXIOMA MS\",\"url\":\"https:\/\/www.axiomams.eu\/lv\",\"logo\":{\"@type\":\"ImageObject\",\"inLanguage\":\"lv-LV\",\"@id\":\"https:\/\/www.axiomams.eu\/lv#\/schema\/logo\/image\/\",\"url\":\"https:\/\/www.axiomams.eu\/wp-content\/uploads\/2025\/06\/axioma-logo-2.png\",\"contentUrl\":\"https:\/\/www.axiomams.eu\/wp-content\/uploads\/2025\/06\/axioma-logo-2.png\",\"width\":1200,\"height\":1200,\"caption\":\"AXIOMA MS\"},\"image\":{\"@id\":\"https:\/\/www.axiomams.eu\/lv#\/schema\/logo\/image\/\"},\"sameAs\":[\"https:\/\/www.facebook.com\/AxiomaMS\",\"https:\/\/www.linkedin.com\/company\/axiomams\/\"]}]}<\/script>\n<!-- \/ Yoast SEO plugin. -->","yoast_head_json":{"title":"Testo 405i anemometrs (0560 1405) - AXIOMA MS","robots":{"index":"index","follow":"follow","max-snippet":"max-snippet:-1","max-image-preview":"max-image-preview:large","max-video-preview":"max-video-preview:-1"},"canonical":"https:\/\/www.axiomams.eu\/lv\/produktas\/testo-405i-anemometrs-0560-1405","og_locale":"lv_LV","og_type":"article","og_title":"Testo 405i anemometrs (0560 1405) - AXIOMA MS","og_description":"&#8211; Ide\u0101li piem\u0113rots gaisa \u0101truma, tilpuma pl\u016bsmas un temperat\u016bras m\u0113r\u012b\u0161anai. &#8211; Viegla kan\u0101la izm\u0113ra un formas iestat\u012b\u0161ana, lai prec\u012bzi apr\u0113\u0137in\u0101tu tilpuma pl\u016bsmu. &#8211; Ide\u0101li piem\u0113rots izmanto\u0161anai ventil\u0101cijas sist\u0113m\u0101s &#8211; apr\u012bkots ar teleskopisko zondi, ko var pagarin\u0101t l\u012bdz 400 mm. &#8211; Viegla lieto\u0161ana ar testo Smart App &#8211; skatiet tie\u0161os r\u0101d\u012bjumus, sekojiet datu tendenc\u0113m un viegli...","og_url":"https:\/\/www.axiomams.eu\/lv\/produktas\/testo-405i-anemometrs-0560-1405","og_site_name":"AXIOMA MS","article_publisher":"https:\/\/www.facebook.com\/AxiomaMS","article_modified_time":"2026-03-25T14:58:43+00:00","og_image":[{"width":792,"height":800,"url":"https:\/\/www.axiomams.eu\/wp-content\/uploads\/2025\/09\/4662-6163.jpg","type":"image\/jpeg"}],"twitter_card":"summary_large_image","twitter_misc":{"Est. reading time":"1 minute"},"schema":{"@context":"https:\/\/schema.org","@graph":[{"@type":"WebPage","@id":"https:\/\/www.axiomams.eu\/lv\/produktas\/testo-405i-anemometrs-0560-1405","url":"https:\/\/www.axiomams.eu\/lv\/produktas\/testo-405i-anemometrs-0560-1405","name":"Testo 405i anemometrs (0560 1405) - AXIOMA MS","isPartOf":{"@id":"https:\/\/www.axiomams.eu\/lv#website"},"primaryImageOfPage":{"@id":"https:\/\/www.axiomams.eu\/lv\/produktas\/testo-405i-anemometrs-0560-1405#primaryimage"},"image":{"@id":"https:\/\/www.axiomams.eu\/lv\/produktas\/testo-405i-anemometrs-0560-1405#primaryimage"},"thumbnailUrl":"https:\/\/www.axiomams.eu\/wp-content\/uploads\/2025\/09\/4662-6163.jpg","datePublished":"2025-09-10T13:29:42+00:00","dateModified":"2026-03-25T14:58:43+00:00","breadcrumb":{"@id":"https:\/\/www.axiomams.eu\/lv\/produktas\/testo-405i-anemometrs-0560-1405#breadcrumb"},"inLanguage":"lv-LV","potentialAction":[{"@type":"ReadAction","target":["https:\/\/www.axiomams.eu\/lv\/produktas\/testo-405i-anemometrs-0560-1405"]}]},{"@type":"ImageObject","inLanguage":"lv-LV","@id":"https:\/\/www.axiomams.eu\/lv\/produktas\/testo-405i-anemometrs-0560-1405#primaryimage","url":"https:\/\/www.axiomams.eu\/wp-content\/uploads\/2025\/09\/4662-6163.jpg","contentUrl":"https:\/\/www.axiomams.eu\/wp-content\/uploads\/2025\/09\/4662-6163.jpg","width":792,"height":800},{"@type":"BreadcrumbList","@id":"https:\/\/www.axiomams.eu\/lv\/produktas\/testo-405i-anemometrs-0560-1405#breadcrumb","itemListElement":[{"@type":"ListItem","position":1,"name":"Home","item":"https:\/\/www.axiomams.eu\/lv"},{"@type":"ListItem","position":2,"name":"Produkti","item":"https:\/\/www.axiomams.eu\/lv\/produkti"},{"@type":"ListItem","position":3,"name":"Testo 405i anemometrs (0560 1405)"}]},{"@type":"WebSite","@id":"https:\/\/www.axiomams.eu\/lv#website","url":"https:\/\/www.axiomams.eu\/lv","name":"AXIOMA MS","description":"Terrmovizoriai ir matavimo \u012franga","publisher":{"@id":"https:\/\/www.axiomams.eu\/lv#organization"},"potentialAction":[{"@type":"SearchAction","target":{"@type":"EntryPoint","urlTemplate":"https:\/\/www.axiomams.eu\/lv?s={search_term_string}"},"query-input":{"@type":"PropertyValueSpecification","valueRequired":true,"valueName":"search_term_string"}}],"inLanguage":"lv-LV"},{"@type":"Organization","@id":"https:\/\/www.axiomams.eu\/lv#organization","name":"AXIOMA MS","url":"https:\/\/www.axiomams.eu\/lv","logo":{"@type":"ImageObject","inLanguage":"lv-LV","@id":"https:\/\/www.axiomams.eu\/lv#\/schema\/logo\/image\/","url":"https:\/\/www.axiomams.eu\/wp-content\/uploads\/2025\/06\/axioma-logo-2.png","contentUrl":"https:\/\/www.axiomams.eu\/wp-content\/uploads\/2025\/06\/axioma-logo-2.png","width":1200,"height":1200,"caption":"AXIOMA MS"},"image":{"@id":"https:\/\/www.axiomams.eu\/lv#\/schema\/logo\/image\/"},"sameAs":["https:\/\/www.facebook.com\/AxiomaMS","https:\/\/www.linkedin.com\/company\/axiomams\/"]}]}},"_links":{"self":[{"href":"https:\/\/www.axiomams.eu\/lv\/wp-json\/wp\/v2\/product\/38868","targetHints":{"allow":["GET"]}}],"collection":[{"href":"https:\/\/www.axiomams.eu\/lv\/wp-json\/wp\/v2\/product"}],"about":[{"href":"https:\/\/www.axiomams.eu\/lv\/wp-json\/wp\/v2\/types\/product"}],"replies":[{"embeddable":true,"href":"https:\/\/www.axiomams.eu\/lv\/wp-json\/wp\/v2\/comments?post=38868"}],"wp:featuredmedia":[{"embeddable":true,"href":"https:\/\/www.axiomams.eu\/lv\/wp-json\/wp\/v2\/media\/41438"}],"wp:attachment":[{"href":"https:\/\/www.axiomams.eu\/lv\/wp-json\/wp\/v2\/media?parent=38868"}],"wp:term":[{"taxonomy":"product_brand","embeddable":true,"href":"https:\/\/www.axiomams.eu\/lv\/wp-json\/wp\/v2\/product_brand?post=38868"},{"taxonomy":"product_cat","embeddable":true,"href":"https:\/\/www.axiomams.eu\/lv\/wp-json\/wp\/v2\/product_cat?post=38868"},{"taxonomy":"product_tag","embeddable":true,"href":"https:\/\/www.axiomams.eu\/lv\/wp-json\/wp\/v2\/product_tag?post=38868"}],"curies":[{"name":"wp","href":"https:\/\/api.w.org\/{rel}","templated":true}]}}