{"id":38870,"date":"2025-07-29T01:00:25","date_gmt":"2025-07-28T23:00:25","guid":{"rendered":"https:\/\/www.axiomams.eu\/produktas\/testo-410-2-lapstinu-anemometrs-0560-4102"},"modified":"2026-03-25T16:58:43","modified_gmt":"2026-03-25T14:58:43","slug":"testo-410-2-lapstinu-anemometrs-0560-4102","status":"publish","type":"product","link":"https:\/\/www.axiomams.eu\/lv\/produktas\/testo-410-2-lapstinu-anemometrs-0560-4102","title":{"rendered":"Testo 410-2 l\u0101psti\u0146u anemometrs (0560 4102)"},"content":{"rendered":"<p>Testo 410-2 l\u0101psti\u0146u anemometrs m\u0113ra gaisa \u0101trumu, gaisa temperat\u016bru un mitrumu. Izmantojiet to \u0101triem m\u0113r\u012bjumiem pie ventil\u0101cijas re\u017e\u0123iem (gaisa izpl\u016bdes atver\u0113m).<\/p>\n<p>L\u0101psti\u0146u anemometrs &#8220;Testo 410-2&#8221;:<br \/>\n    Ar past\u0101v\u012bgi uzst\u0101d\u012btu 30 mm l\u0101psti\u0146u.<br \/>\n    M\u0113ra gaisa \u0101trumu, gaisa temperat\u016bru un mitrumu.<br \/>\n    Piem\u0113rots maziem pl\u016bsmas \u0101trumiem ar m\u0113r\u012bjumu diapazonu no 0,4 l\u012bdz 20 m\/s.<br \/>\n    Apr\u0113\u0137ina rasas punktu, mitr\u0101 termometra temperat\u016bru, v\u0113ja aukstumu un Boforta v\u0113ja sp\u0113ku.<br \/>\n    Ietver vid\u0113j\u0101s, maksim\u0101l\u0101s un minim\u0101l\u0101s v\u0113rt\u012bbas un &#8220;aiztur\u0113\u0161anas&#8221; funkcijas.<\/p>\n<p>Standarta komplekts: Testo 410-2 l\u0101psti\u0146u anemometrs gaisa \u0101truma, mitruma un gaisa temperat\u016bras m\u0113r\u012b\u0161anai, ieskaitot aizsargv\u0101ci\u0146u, rokas siksnu, kalibr\u0113\u0161anas protokolu un baterijas.<br \/>\nProdukta kods: 0560 4102<\/p>\n<h3>Tehnisk\u0101 inform\u0101cija:<\/h3>\n<ul>\n<li><a href=\"https:\/\/axiomams.eu\/importer\/export\/attachments\/en\/testo-410.pdf\" target=\"_blank\">testo 410.pdf<\/a><\/li>\n<\/ul>\n","protected":false},"excerpt":{"rendered":"<p>Testo 410-2 l\u0101psti\u0146u anemometrs m\u0113ra gaisa \u0101trumu, gaisa temperat\u016bru un mitrumu. Izmantojiet to \u0101triem m\u0113r\u012bjumiem pie ventil\u0101cijas re\u017e\u0123iem (gaisa izpl\u016bdes atver\u0113m). L\u0101psti\u0146u anemometrs &#8220;Testo 410-2&#8221;: Ar past\u0101v\u012bgi uzst\u0101d\u012btu 30 mm l\u0101psti\u0146u. M\u0113ra gaisa \u0101trumu, gaisa temperat\u016bru un mitrumu. Piem\u0113rots maziem pl\u016bsmas \u0101trumiem ar m\u0113r\u012bjumu diapazonu no 0,4 l\u012bdz 20 m\/s. Apr\u0113\u0137ina rasas punktu, mitr\u0101 termometra&#8230;<\/p>\n","protected":false},"featured_media":41442,"comment_status":"open","ping_status":"closed","template":"","meta":{"_acf_changed":false},"product_brand":[735],"product_cat":[17722],"product_tag":[],"class_list":{"0":"post-38870","1":"product","2":"type-product","3":"status-publish","4":"has-post-thumbnail","6":"product_brand-testo","7":"product_cat-apgaismojuma-troksna-gaisa-plusmas-merisanai","9":"first","10":"instock","11":"taxable","12":"shipping-taxable","13":"purchasable","14":"product-type-simple"},"acf":[],"yoast_head":"<!-- This site is optimized with the Yoast SEO plugin v27.0 - https:\/\/yoast.com\/product\/yoast-seo-wordpress\/ -->\n<title>Testo 410-2 l\u0101psti\u0146u anemometrs (0560 4102) - AXIOMA MS<\/title>\n<meta name=\"robots\" content=\"index, follow, max-snippet:-1, max-image-preview:large, max-video-preview:-1\" \/>\n<link rel=\"canonical\" href=\"https:\/\/www.axiomams.eu\/lv\/produktas\/testo-410-2-lapstinu-anemometrs-0560-4102\" \/>\n<meta property=\"og:locale\" content=\"lv_LV\" \/>\n<meta property=\"og:type\" content=\"article\" \/>\n<meta property=\"og:title\" content=\"Testo 410-2 l\u0101psti\u0146u anemometrs (0560 4102) - AXIOMA MS\" \/>\n<meta property=\"og:description\" content=\"Testo 410-2 l\u0101psti\u0146u anemometrs m\u0113ra gaisa \u0101trumu, gaisa temperat\u016bru un mitrumu. Izmantojiet to \u0101triem m\u0113r\u012bjumiem pie ventil\u0101cijas re\u017e\u0123iem (gaisa izpl\u016bdes atver\u0113m). L\u0101psti\u0146u anemometrs &#8220;Testo 410-2&#8221;: Ar past\u0101v\u012bgi uzst\u0101d\u012btu 30 mm l\u0101psti\u0146u. M\u0113ra gaisa \u0101trumu, gaisa temperat\u016bru un mitrumu. Piem\u0113rots maziem pl\u016bsmas \u0101trumiem ar m\u0113r\u012bjumu diapazonu no 0,4 l\u012bdz 20 m\/s. Apr\u0113\u0137ina rasas punktu, mitr\u0101 termometra...\" \/>\n<meta property=\"og:url\" content=\"https:\/\/www.axiomams.eu\/lv\/produktas\/testo-410-2-lapstinu-anemometrs-0560-4102\" \/>\n<meta property=\"og:site_name\" content=\"AXIOMA MS\" \/>\n<meta property=\"article:publisher\" content=\"https:\/\/www.facebook.com\/AxiomaMS\" \/>\n<meta property=\"article:modified_time\" content=\"2026-03-25T14:58:43+00:00\" \/>\n<meta property=\"og:image\" content=\"https:\/\/www.axiomams.eu\/wp-content\/uploads\/2025\/07\/4652-6136.jpg\" \/>\n\t<meta property=\"og:image:width\" content=\"1000\" \/>\n\t<meta property=\"og:image:height\" content=\"880\" \/>\n\t<meta property=\"og:image:type\" content=\"image\/jpeg\" \/>\n<meta name=\"twitter:card\" content=\"summary_large_image\" \/>\n<meta name=\"twitter:label1\" content=\"Est. reading time\" \/>\n\t<meta name=\"twitter:data1\" content=\"1 minute\" \/>\n<script type=\"application\/ld+json\" class=\"yoast-schema-graph\">{\"@context\":\"https:\/\/schema.org\",\"@graph\":[{\"@type\":\"WebPage\",\"@id\":\"https:\/\/www.axiomams.eu\/lv\/produktas\/testo-410-2-lapstinu-anemometrs-0560-4102\",\"url\":\"https:\/\/www.axiomams.eu\/lv\/produktas\/testo-410-2-lapstinu-anemometrs-0560-4102\",\"name\":\"Testo 410-2 l\u0101psti\u0146u anemometrs (0560 4102) - AXIOMA MS\",\"isPartOf\":{\"@id\":\"https:\/\/www.axiomams.eu\/lv#website\"},\"primaryImageOfPage\":{\"@id\":\"https:\/\/www.axiomams.eu\/lv\/produktas\/testo-410-2-lapstinu-anemometrs-0560-4102#primaryimage\"},\"image\":{\"@id\":\"https:\/\/www.axiomams.eu\/lv\/produktas\/testo-410-2-lapstinu-anemometrs-0560-4102#primaryimage\"},\"thumbnailUrl\":\"https:\/\/www.axiomams.eu\/wp-content\/uploads\/2025\/07\/4652-6136.jpg\",\"datePublished\":\"2025-07-28T23:00:25+00:00\",\"dateModified\":\"2026-03-25T14:58:43+00:00\",\"breadcrumb\":{\"@id\":\"https:\/\/www.axiomams.eu\/lv\/produktas\/testo-410-2-lapstinu-anemometrs-0560-4102#breadcrumb\"},\"inLanguage\":\"lv-LV\",\"potentialAction\":[{\"@type\":\"ReadAction\",\"target\":[\"https:\/\/www.axiomams.eu\/lv\/produktas\/testo-410-2-lapstinu-anemometrs-0560-4102\"]}]},{\"@type\":\"ImageObject\",\"inLanguage\":\"lv-LV\",\"@id\":\"https:\/\/www.axiomams.eu\/lv\/produktas\/testo-410-2-lapstinu-anemometrs-0560-4102#primaryimage\",\"url\":\"https:\/\/www.axiomams.eu\/wp-content\/uploads\/2025\/07\/4652-6136.jpg\",\"contentUrl\":\"https:\/\/www.axiomams.eu\/wp-content\/uploads\/2025\/07\/4652-6136.jpg\",\"width\":1000,\"height\":880},{\"@type\":\"BreadcrumbList\",\"@id\":\"https:\/\/www.axiomams.eu\/lv\/produktas\/testo-410-2-lapstinu-anemometrs-0560-4102#breadcrumb\",\"itemListElement\":[{\"@type\":\"ListItem\",\"position\":1,\"name\":\"Home\",\"item\":\"https:\/\/www.axiomams.eu\/lv\"},{\"@type\":\"ListItem\",\"position\":2,\"name\":\"Produkti\",\"item\":\"https:\/\/www.axiomams.eu\/lv\/produkti\"},{\"@type\":\"ListItem\",\"position\":3,\"name\":\"Testo 410-2 l\u0101psti\u0146u anemometrs (0560 4102)\"}]},{\"@type\":\"WebSite\",\"@id\":\"https:\/\/www.axiomams.eu\/lv#website\",\"url\":\"https:\/\/www.axiomams.eu\/lv\",\"name\":\"AXIOMA MS\",\"description\":\"Terrmovizoriai ir matavimo \u012franga\",\"publisher\":{\"@id\":\"https:\/\/www.axiomams.eu\/lv#organization\"},\"potentialAction\":[{\"@type\":\"SearchAction\",\"target\":{\"@type\":\"EntryPoint\",\"urlTemplate\":\"https:\/\/www.axiomams.eu\/lv?s={search_term_string}\"},\"query-input\":{\"@type\":\"PropertyValueSpecification\",\"valueRequired\":true,\"valueName\":\"search_term_string\"}}],\"inLanguage\":\"lv-LV\"},{\"@type\":\"Organization\",\"@id\":\"https:\/\/www.axiomams.eu\/lv#organization\",\"name\":\"AXIOMA MS\",\"url\":\"https:\/\/www.axiomams.eu\/lv\",\"logo\":{\"@type\":\"ImageObject\",\"inLanguage\":\"lv-LV\",\"@id\":\"https:\/\/www.axiomams.eu\/lv#\/schema\/logo\/image\/\",\"url\":\"https:\/\/www.axiomams.eu\/wp-content\/uploads\/2025\/06\/axioma-logo-2.png\",\"contentUrl\":\"https:\/\/www.axiomams.eu\/wp-content\/uploads\/2025\/06\/axioma-logo-2.png\",\"width\":1200,\"height\":1200,\"caption\":\"AXIOMA MS\"},\"image\":{\"@id\":\"https:\/\/www.axiomams.eu\/lv#\/schema\/logo\/image\/\"},\"sameAs\":[\"https:\/\/www.facebook.com\/AxiomaMS\",\"https:\/\/www.linkedin.com\/company\/axiomams\/\"]}]}<\/script>\n<!-- \/ Yoast SEO plugin. -->","yoast_head_json":{"title":"Testo 410-2 l\u0101psti\u0146u anemometrs (0560 4102) - AXIOMA MS","robots":{"index":"index","follow":"follow","max-snippet":"max-snippet:-1","max-image-preview":"max-image-preview:large","max-video-preview":"max-video-preview:-1"},"canonical":"https:\/\/www.axiomams.eu\/lv\/produktas\/testo-410-2-lapstinu-anemometrs-0560-4102","og_locale":"lv_LV","og_type":"article","og_title":"Testo 410-2 l\u0101psti\u0146u anemometrs (0560 4102) - AXIOMA MS","og_description":"Testo 410-2 l\u0101psti\u0146u anemometrs m\u0113ra gaisa \u0101trumu, gaisa temperat\u016bru un mitrumu. Izmantojiet to \u0101triem m\u0113r\u012bjumiem pie ventil\u0101cijas re\u017e\u0123iem (gaisa izpl\u016bdes atver\u0113m). L\u0101psti\u0146u anemometrs &#8220;Testo 410-2&#8221;: Ar past\u0101v\u012bgi uzst\u0101d\u012btu 30 mm l\u0101psti\u0146u. M\u0113ra gaisa \u0101trumu, gaisa temperat\u016bru un mitrumu. Piem\u0113rots maziem pl\u016bsmas \u0101trumiem ar m\u0113r\u012bjumu diapazonu no 0,4 l\u012bdz 20 m\/s. Apr\u0113\u0137ina rasas punktu, mitr\u0101 termometra...","og_url":"https:\/\/www.axiomams.eu\/lv\/produktas\/testo-410-2-lapstinu-anemometrs-0560-4102","og_site_name":"AXIOMA MS","article_publisher":"https:\/\/www.facebook.com\/AxiomaMS","article_modified_time":"2026-03-25T14:58:43+00:00","og_image":[{"width":1000,"height":880,"url":"https:\/\/www.axiomams.eu\/wp-content\/uploads\/2025\/07\/4652-6136.jpg","type":"image\/jpeg"}],"twitter_card":"summary_large_image","twitter_misc":{"Est. reading time":"1 minute"},"schema":{"@context":"https:\/\/schema.org","@graph":[{"@type":"WebPage","@id":"https:\/\/www.axiomams.eu\/lv\/produktas\/testo-410-2-lapstinu-anemometrs-0560-4102","url":"https:\/\/www.axiomams.eu\/lv\/produktas\/testo-410-2-lapstinu-anemometrs-0560-4102","name":"Testo 410-2 l\u0101psti\u0146u anemometrs (0560 4102) - AXIOMA MS","isPartOf":{"@id":"https:\/\/www.axiomams.eu\/lv#website"},"primaryImageOfPage":{"@id":"https:\/\/www.axiomams.eu\/lv\/produktas\/testo-410-2-lapstinu-anemometrs-0560-4102#primaryimage"},"image":{"@id":"https:\/\/www.axiomams.eu\/lv\/produktas\/testo-410-2-lapstinu-anemometrs-0560-4102#primaryimage"},"thumbnailUrl":"https:\/\/www.axiomams.eu\/wp-content\/uploads\/2025\/07\/4652-6136.jpg","datePublished":"2025-07-28T23:00:25+00:00","dateModified":"2026-03-25T14:58:43+00:00","breadcrumb":{"@id":"https:\/\/www.axiomams.eu\/lv\/produktas\/testo-410-2-lapstinu-anemometrs-0560-4102#breadcrumb"},"inLanguage":"lv-LV","potentialAction":[{"@type":"ReadAction","target":["https:\/\/www.axiomams.eu\/lv\/produktas\/testo-410-2-lapstinu-anemometrs-0560-4102"]}]},{"@type":"ImageObject","inLanguage":"lv-LV","@id":"https:\/\/www.axiomams.eu\/lv\/produktas\/testo-410-2-lapstinu-anemometrs-0560-4102#primaryimage","url":"https:\/\/www.axiomams.eu\/wp-content\/uploads\/2025\/07\/4652-6136.jpg","contentUrl":"https:\/\/www.axiomams.eu\/wp-content\/uploads\/2025\/07\/4652-6136.jpg","width":1000,"height":880},{"@type":"BreadcrumbList","@id":"https:\/\/www.axiomams.eu\/lv\/produktas\/testo-410-2-lapstinu-anemometrs-0560-4102#breadcrumb","itemListElement":[{"@type":"ListItem","position":1,"name":"Home","item":"https:\/\/www.axiomams.eu\/lv"},{"@type":"ListItem","position":2,"name":"Produkti","item":"https:\/\/www.axiomams.eu\/lv\/produkti"},{"@type":"ListItem","position":3,"name":"Testo 410-2 l\u0101psti\u0146u anemometrs (0560 4102)"}]},{"@type":"WebSite","@id":"https:\/\/www.axiomams.eu\/lv#website","url":"https:\/\/www.axiomams.eu\/lv","name":"AXIOMA MS","description":"Terrmovizoriai ir matavimo \u012franga","publisher":{"@id":"https:\/\/www.axiomams.eu\/lv#organization"},"potentialAction":[{"@type":"SearchAction","target":{"@type":"EntryPoint","urlTemplate":"https:\/\/www.axiomams.eu\/lv?s={search_term_string}"},"query-input":{"@type":"PropertyValueSpecification","valueRequired":true,"valueName":"search_term_string"}}],"inLanguage":"lv-LV"},{"@type":"Organization","@id":"https:\/\/www.axiomams.eu\/lv#organization","name":"AXIOMA MS","url":"https:\/\/www.axiomams.eu\/lv","logo":{"@type":"ImageObject","inLanguage":"lv-LV","@id":"https:\/\/www.axiomams.eu\/lv#\/schema\/logo\/image\/","url":"https:\/\/www.axiomams.eu\/wp-content\/uploads\/2025\/06\/axioma-logo-2.png","contentUrl":"https:\/\/www.axiomams.eu\/wp-content\/uploads\/2025\/06\/axioma-logo-2.png","width":1200,"height":1200,"caption":"AXIOMA MS"},"image":{"@id":"https:\/\/www.axiomams.eu\/lv#\/schema\/logo\/image\/"},"sameAs":["https:\/\/www.facebook.com\/AxiomaMS","https:\/\/www.linkedin.com\/company\/axiomams\/"]}]}},"_links":{"self":[{"href":"https:\/\/www.axiomams.eu\/lv\/wp-json\/wp\/v2\/product\/38870","targetHints":{"allow":["GET"]}}],"collection":[{"href":"https:\/\/www.axiomams.eu\/lv\/wp-json\/wp\/v2\/product"}],"about":[{"href":"https:\/\/www.axiomams.eu\/lv\/wp-json\/wp\/v2\/types\/product"}],"replies":[{"embeddable":true,"href":"https:\/\/www.axiomams.eu\/lv\/wp-json\/wp\/v2\/comments?post=38870"}],"wp:featuredmedia":[{"embeddable":true,"href":"https:\/\/www.axiomams.eu\/lv\/wp-json\/wp\/v2\/media\/41442"}],"wp:attachment":[{"href":"https:\/\/www.axiomams.eu\/lv\/wp-json\/wp\/v2\/media?parent=38870"}],"wp:term":[{"taxonomy":"product_brand","embeddable":true,"href":"https:\/\/www.axiomams.eu\/lv\/wp-json\/wp\/v2\/product_brand?post=38870"},{"taxonomy":"product_cat","embeddable":true,"href":"https:\/\/www.axiomams.eu\/lv\/wp-json\/wp\/v2\/product_cat?post=38870"},{"taxonomy":"product_tag","embeddable":true,"href":"https:\/\/www.axiomams.eu\/lv\/wp-json\/wp\/v2\/product_tag?post=38870"}],"curies":[{"name":"wp","href":"https:\/\/api.w.org\/{rel}","templated":true}]}}