{"id":38872,"date":"2025-07-29T01:00:28","date_gmt":"2025-07-28T23:00:28","guid":{"rendered":"https:\/\/www.axiomams.eu\/produktas\/testo-410i-lapstinu-anemometrs-0560-1410"},"modified":"2026-03-25T16:58:44","modified_gmt":"2026-03-25T14:58:44","slug":"testo-410i-lapstinu-anemometrs-0560-1410","status":"publish","type":"product","link":"https:\/\/www.axiomams.eu\/lv\/produktas\/testo-410i-lapstinu-anemometrs-0560-1410","title":{"rendered":"Testo 410i l\u0101psti\u0146u anemometrs (0560 1410)"},"content":{"rendered":"<p>Testo 410i l\u0101psti\u0146u anemometrs ir paredz\u0113ts \u0101triem un uzticamiem m\u0113r\u012bjumiem gaisa izpl\u016bdes atver\u0113s, lai p\u0101rbaud\u012btu gaisa tilpuma, \u0101truma un temperat\u016bras parametrus. Testo 410i ir kompakta izm\u0113ra, bet ar to var veikt m\u0113r\u012bjumus da\u017e\u0101da lieluma telp\u0101s.<\/p>\n<p>L\u0101psti\u0146u anemometrs &#8220;Testo 410i&#8221;:<br \/>\n    M\u0113ra gaisa \u0101trumu, gaisa tilpumu un temperat\u016bru.<br \/>\n    Par\u0101da pl\u016bsmas apjomu da\u017e\u0101d\u0101s viet\u0101s, t\u0101d\u0113j\u0101di atvieglojot sist\u0113mu regul\u0113\u0161anu.<br \/>\n    Var izv\u0113l\u0113ties izejas parametrus (izm\u0113ri, \u0123eometrija).<br \/>\n    Par\u0101da m\u0113r\u012bjumu rezult\u0101tus viedt\u0101lrun\u012b vai plan\u0161etdator\u0101, izmantojot lietotni &#8220;Testo Smart Probes App&#8221;.<\/p>\n<p>Testo Smart Probes lietotne att\u0113lo visus m\u0113r\u012bjumu datus diagrammu vai tabulu veid\u0101. Tos var papildin\u0101t ar darba, objekta vai m\u0113r\u0101m\u0101 punkta fotoatt\u0113lu. Visu m\u0113r\u012bjumu inform\u0101ciju var \u0113rti nos\u016bt\u012bt pa e-pastu, PDF vai Excel form\u0101t\u0101.<\/p>\n<p>Sist\u0113mas pras\u012bbas: iOS 8.3 un jaun\u0101ka versija, Android 4.3 un jaun\u0101ka versija, Bluetooth 4.0.<\/p>\n<p>Standarta komplekts: Testo 410i l\u0101psti\u0146u anemometrs ar viedt\u0101lru\u0146a darb\u012bbu, ieskaitot aizsargv\u0101ci\u0146u, baterijas un kalibr\u0113\u0161anas protokolu.<br \/>\nProdukta kods: 0560 1410<\/p>\n<p><iframe loading=\"lazy\" width=\"560\" height=\"315\" src=\"https:\/\/www.youtube.com\/embed\/gV1_znc5nsM?si=zhQwXGEKwrWCAsJO\" title=\"YouTube video atska\u0146ot\u0101js\" frameborder=\"0\" allow=\"accelerometer; autoplay; clipboard-write; encrypted-media; gyroscope; picture-in-picture; web-share\" referrerpolicy=\"strict-origin-when-cross-origin\" allowfullscreen><\/iframe><\/p>\n<h3>Tehnisk\u0101 inform\u0101cija:<\/h3>\n<ul>\n<li><a href=\"https:\/\/axiomams.eu\/importer\/export\/attachments\/en\/testo-410i.pdf\" target=\"_blank\">testo 410i.pdf<\/a><\/li>\n<\/ul>\n","protected":false},"excerpt":{"rendered":"<p>Testo 410i l\u0101psti\u0146u anemometrs ir paredz\u0113ts \u0101triem un uzticamiem m\u0113r\u012bjumiem gaisa izpl\u016bdes atver\u0113s, lai p\u0101rbaud\u012btu gaisa tilpuma, \u0101truma un temperat\u016bras parametrus. Testo 410i ir kompakta izm\u0113ra, bet ar to var veikt m\u0113r\u012bjumus da\u017e\u0101da lieluma telp\u0101s. L\u0101psti\u0146u anemometrs &#8220;Testo 410i&#8221;: M\u0113ra gaisa \u0101trumu, gaisa tilpumu un temperat\u016bru. Par\u0101da pl\u016bsmas apjomu da\u017e\u0101d\u0101s viet\u0101s, t\u0101d\u0113j\u0101di atvieglojot sist\u0113mu regul\u0113\u0161anu&#8230;.<\/p>\n","protected":false},"featured_media":41446,"comment_status":"open","ping_status":"closed","template":"","meta":{"_acf_changed":false},"product_brand":[735],"product_cat":[17722],"product_tag":[],"class_list":{"0":"post-38872","1":"product","2":"type-product","3":"status-publish","4":"has-post-thumbnail","6":"product_brand-testo","7":"product_cat-apgaismojuma-troksna-gaisa-plusmas-merisanai","9":"first","10":"instock","11":"taxable","12":"shipping-taxable","13":"purchasable","14":"product-type-simple"},"acf":[],"yoast_head":"<!-- This site is optimized with the Yoast SEO plugin v27.0 - https:\/\/yoast.com\/product\/yoast-seo-wordpress\/ -->\n<title>Testo 410i l\u0101psti\u0146u anemometrs (0560 1410) - AXIOMA MS<\/title>\n<meta name=\"robots\" content=\"index, follow, max-snippet:-1, max-image-preview:large, max-video-preview:-1\" \/>\n<link rel=\"canonical\" href=\"https:\/\/www.axiomams.eu\/lv\/produktas\/testo-410i-lapstinu-anemometrs-0560-1410\" \/>\n<meta property=\"og:locale\" content=\"lv_LV\" \/>\n<meta property=\"og:type\" content=\"article\" \/>\n<meta property=\"og:title\" content=\"Testo 410i l\u0101psti\u0146u anemometrs (0560 1410) - AXIOMA MS\" \/>\n<meta property=\"og:description\" content=\"Testo 410i l\u0101psti\u0146u anemometrs ir paredz\u0113ts \u0101triem un uzticamiem m\u0113r\u012bjumiem gaisa izpl\u016bdes atver\u0113s, lai p\u0101rbaud\u012btu gaisa tilpuma, \u0101truma un temperat\u016bras parametrus. Testo 410i ir kompakta izm\u0113ra, bet ar to var veikt m\u0113r\u012bjumus da\u017e\u0101da lieluma telp\u0101s. L\u0101psti\u0146u anemometrs &#8220;Testo 410i&#8221;: M\u0113ra gaisa \u0101trumu, gaisa tilpumu un temperat\u016bru. Par\u0101da pl\u016bsmas apjomu da\u017e\u0101d\u0101s viet\u0101s, t\u0101d\u0113j\u0101di atvieglojot sist\u0113mu regul\u0113\u0161anu....\" \/>\n<meta property=\"og:url\" content=\"https:\/\/www.axiomams.eu\/lv\/produktas\/testo-410i-lapstinu-anemometrs-0560-1410\" \/>\n<meta property=\"og:site_name\" content=\"AXIOMA MS\" \/>\n<meta property=\"article:publisher\" content=\"https:\/\/www.facebook.com\/AxiomaMS\" \/>\n<meta property=\"article:modified_time\" content=\"2026-03-25T14:58:44+00:00\" \/>\n<meta property=\"og:image\" content=\"https:\/\/www.axiomams.eu\/wp-content\/uploads\/2025\/07\/4654-6138.jpg\" \/>\n\t<meta property=\"og:image:width\" content=\"1000\" \/>\n\t<meta property=\"og:image:height\" content=\"880\" \/>\n\t<meta property=\"og:image:type\" content=\"image\/jpeg\" \/>\n<meta name=\"twitter:card\" content=\"summary_large_image\" \/>\n<meta name=\"twitter:label1\" content=\"Est. reading time\" \/>\n\t<meta name=\"twitter:data1\" content=\"1 minute\" \/>\n<script type=\"application\/ld+json\" class=\"yoast-schema-graph\">{\"@context\":\"https:\/\/schema.org\",\"@graph\":[{\"@type\":\"WebPage\",\"@id\":\"https:\/\/www.axiomams.eu\/lv\/produktas\/testo-410i-lapstinu-anemometrs-0560-1410\",\"url\":\"https:\/\/www.axiomams.eu\/lv\/produktas\/testo-410i-lapstinu-anemometrs-0560-1410\",\"name\":\"Testo 410i l\u0101psti\u0146u anemometrs (0560 1410) - AXIOMA MS\",\"isPartOf\":{\"@id\":\"https:\/\/www.axiomams.eu\/lv#website\"},\"primaryImageOfPage\":{\"@id\":\"https:\/\/www.axiomams.eu\/lv\/produktas\/testo-410i-lapstinu-anemometrs-0560-1410#primaryimage\"},\"image\":{\"@id\":\"https:\/\/www.axiomams.eu\/lv\/produktas\/testo-410i-lapstinu-anemometrs-0560-1410#primaryimage\"},\"thumbnailUrl\":\"https:\/\/www.axiomams.eu\/wp-content\/uploads\/2025\/07\/4654-6138.jpg\",\"datePublished\":\"2025-07-28T23:00:28+00:00\",\"dateModified\":\"2026-03-25T14:58:44+00:00\",\"breadcrumb\":{\"@id\":\"https:\/\/www.axiomams.eu\/lv\/produktas\/testo-410i-lapstinu-anemometrs-0560-1410#breadcrumb\"},\"inLanguage\":\"lv-LV\",\"potentialAction\":[{\"@type\":\"ReadAction\",\"target\":[\"https:\/\/www.axiomams.eu\/lv\/produktas\/testo-410i-lapstinu-anemometrs-0560-1410\"]}]},{\"@type\":\"ImageObject\",\"inLanguage\":\"lv-LV\",\"@id\":\"https:\/\/www.axiomams.eu\/lv\/produktas\/testo-410i-lapstinu-anemometrs-0560-1410#primaryimage\",\"url\":\"https:\/\/www.axiomams.eu\/wp-content\/uploads\/2025\/07\/4654-6138.jpg\",\"contentUrl\":\"https:\/\/www.axiomams.eu\/wp-content\/uploads\/2025\/07\/4654-6138.jpg\",\"width\":1000,\"height\":880},{\"@type\":\"BreadcrumbList\",\"@id\":\"https:\/\/www.axiomams.eu\/lv\/produktas\/testo-410i-lapstinu-anemometrs-0560-1410#breadcrumb\",\"itemListElement\":[{\"@type\":\"ListItem\",\"position\":1,\"name\":\"Home\",\"item\":\"https:\/\/www.axiomams.eu\/lv\"},{\"@type\":\"ListItem\",\"position\":2,\"name\":\"Produkti\",\"item\":\"https:\/\/www.axiomams.eu\/lv\/produkti\"},{\"@type\":\"ListItem\",\"position\":3,\"name\":\"Testo 410i l\u0101psti\u0146u anemometrs (0560 1410)\"}]},{\"@type\":\"WebSite\",\"@id\":\"https:\/\/www.axiomams.eu\/lv#website\",\"url\":\"https:\/\/www.axiomams.eu\/lv\",\"name\":\"AXIOMA MS\",\"description\":\"Terrmovizoriai ir matavimo \u012franga\",\"publisher\":{\"@id\":\"https:\/\/www.axiomams.eu\/lv#organization\"},\"potentialAction\":[{\"@type\":\"SearchAction\",\"target\":{\"@type\":\"EntryPoint\",\"urlTemplate\":\"https:\/\/www.axiomams.eu\/lv?s={search_term_string}\"},\"query-input\":{\"@type\":\"PropertyValueSpecification\",\"valueRequired\":true,\"valueName\":\"search_term_string\"}}],\"inLanguage\":\"lv-LV\"},{\"@type\":\"Organization\",\"@id\":\"https:\/\/www.axiomams.eu\/lv#organization\",\"name\":\"AXIOMA MS\",\"url\":\"https:\/\/www.axiomams.eu\/lv\",\"logo\":{\"@type\":\"ImageObject\",\"inLanguage\":\"lv-LV\",\"@id\":\"https:\/\/www.axiomams.eu\/lv#\/schema\/logo\/image\/\",\"url\":\"https:\/\/www.axiomams.eu\/wp-content\/uploads\/2025\/06\/axioma-logo-2.png\",\"contentUrl\":\"https:\/\/www.axiomams.eu\/wp-content\/uploads\/2025\/06\/axioma-logo-2.png\",\"width\":1200,\"height\":1200,\"caption\":\"AXIOMA MS\"},\"image\":{\"@id\":\"https:\/\/www.axiomams.eu\/lv#\/schema\/logo\/image\/\"},\"sameAs\":[\"https:\/\/www.facebook.com\/AxiomaMS\",\"https:\/\/www.linkedin.com\/company\/axiomams\/\"]}]}<\/script>\n<!-- \/ Yoast SEO plugin. -->","yoast_head_json":{"title":"Testo 410i l\u0101psti\u0146u anemometrs (0560 1410) - AXIOMA MS","robots":{"index":"index","follow":"follow","max-snippet":"max-snippet:-1","max-image-preview":"max-image-preview:large","max-video-preview":"max-video-preview:-1"},"canonical":"https:\/\/www.axiomams.eu\/lv\/produktas\/testo-410i-lapstinu-anemometrs-0560-1410","og_locale":"lv_LV","og_type":"article","og_title":"Testo 410i l\u0101psti\u0146u anemometrs (0560 1410) - AXIOMA MS","og_description":"Testo 410i l\u0101psti\u0146u anemometrs ir paredz\u0113ts \u0101triem un uzticamiem m\u0113r\u012bjumiem gaisa izpl\u016bdes atver\u0113s, lai p\u0101rbaud\u012btu gaisa tilpuma, \u0101truma un temperat\u016bras parametrus. Testo 410i ir kompakta izm\u0113ra, bet ar to var veikt m\u0113r\u012bjumus da\u017e\u0101da lieluma telp\u0101s. L\u0101psti\u0146u anemometrs &#8220;Testo 410i&#8221;: M\u0113ra gaisa \u0101trumu, gaisa tilpumu un temperat\u016bru. Par\u0101da pl\u016bsmas apjomu da\u017e\u0101d\u0101s viet\u0101s, t\u0101d\u0113j\u0101di atvieglojot sist\u0113mu regul\u0113\u0161anu....","og_url":"https:\/\/www.axiomams.eu\/lv\/produktas\/testo-410i-lapstinu-anemometrs-0560-1410","og_site_name":"AXIOMA MS","article_publisher":"https:\/\/www.facebook.com\/AxiomaMS","article_modified_time":"2026-03-25T14:58:44+00:00","og_image":[{"width":1000,"height":880,"url":"https:\/\/www.axiomams.eu\/wp-content\/uploads\/2025\/07\/4654-6138.jpg","type":"image\/jpeg"}],"twitter_card":"summary_large_image","twitter_misc":{"Est. reading time":"1 minute"},"schema":{"@context":"https:\/\/schema.org","@graph":[{"@type":"WebPage","@id":"https:\/\/www.axiomams.eu\/lv\/produktas\/testo-410i-lapstinu-anemometrs-0560-1410","url":"https:\/\/www.axiomams.eu\/lv\/produktas\/testo-410i-lapstinu-anemometrs-0560-1410","name":"Testo 410i l\u0101psti\u0146u anemometrs (0560 1410) - AXIOMA MS","isPartOf":{"@id":"https:\/\/www.axiomams.eu\/lv#website"},"primaryImageOfPage":{"@id":"https:\/\/www.axiomams.eu\/lv\/produktas\/testo-410i-lapstinu-anemometrs-0560-1410#primaryimage"},"image":{"@id":"https:\/\/www.axiomams.eu\/lv\/produktas\/testo-410i-lapstinu-anemometrs-0560-1410#primaryimage"},"thumbnailUrl":"https:\/\/www.axiomams.eu\/wp-content\/uploads\/2025\/07\/4654-6138.jpg","datePublished":"2025-07-28T23:00:28+00:00","dateModified":"2026-03-25T14:58:44+00:00","breadcrumb":{"@id":"https:\/\/www.axiomams.eu\/lv\/produktas\/testo-410i-lapstinu-anemometrs-0560-1410#breadcrumb"},"inLanguage":"lv-LV","potentialAction":[{"@type":"ReadAction","target":["https:\/\/www.axiomams.eu\/lv\/produktas\/testo-410i-lapstinu-anemometrs-0560-1410"]}]},{"@type":"ImageObject","inLanguage":"lv-LV","@id":"https:\/\/www.axiomams.eu\/lv\/produktas\/testo-410i-lapstinu-anemometrs-0560-1410#primaryimage","url":"https:\/\/www.axiomams.eu\/wp-content\/uploads\/2025\/07\/4654-6138.jpg","contentUrl":"https:\/\/www.axiomams.eu\/wp-content\/uploads\/2025\/07\/4654-6138.jpg","width":1000,"height":880},{"@type":"BreadcrumbList","@id":"https:\/\/www.axiomams.eu\/lv\/produktas\/testo-410i-lapstinu-anemometrs-0560-1410#breadcrumb","itemListElement":[{"@type":"ListItem","position":1,"name":"Home","item":"https:\/\/www.axiomams.eu\/lv"},{"@type":"ListItem","position":2,"name":"Produkti","item":"https:\/\/www.axiomams.eu\/lv\/produkti"},{"@type":"ListItem","position":3,"name":"Testo 410i l\u0101psti\u0146u anemometrs (0560 1410)"}]},{"@type":"WebSite","@id":"https:\/\/www.axiomams.eu\/lv#website","url":"https:\/\/www.axiomams.eu\/lv","name":"AXIOMA MS","description":"Terrmovizoriai ir matavimo \u012franga","publisher":{"@id":"https:\/\/www.axiomams.eu\/lv#organization"},"potentialAction":[{"@type":"SearchAction","target":{"@type":"EntryPoint","urlTemplate":"https:\/\/www.axiomams.eu\/lv?s={search_term_string}"},"query-input":{"@type":"PropertyValueSpecification","valueRequired":true,"valueName":"search_term_string"}}],"inLanguage":"lv-LV"},{"@type":"Organization","@id":"https:\/\/www.axiomams.eu\/lv#organization","name":"AXIOMA MS","url":"https:\/\/www.axiomams.eu\/lv","logo":{"@type":"ImageObject","inLanguage":"lv-LV","@id":"https:\/\/www.axiomams.eu\/lv#\/schema\/logo\/image\/","url":"https:\/\/www.axiomams.eu\/wp-content\/uploads\/2025\/06\/axioma-logo-2.png","contentUrl":"https:\/\/www.axiomams.eu\/wp-content\/uploads\/2025\/06\/axioma-logo-2.png","width":1200,"height":1200,"caption":"AXIOMA MS"},"image":{"@id":"https:\/\/www.axiomams.eu\/lv#\/schema\/logo\/image\/"},"sameAs":["https:\/\/www.facebook.com\/AxiomaMS","https:\/\/www.linkedin.com\/company\/axiomams\/"]}]}},"_links":{"self":[{"href":"https:\/\/www.axiomams.eu\/lv\/wp-json\/wp\/v2\/product\/38872","targetHints":{"allow":["GET"]}}],"collection":[{"href":"https:\/\/www.axiomams.eu\/lv\/wp-json\/wp\/v2\/product"}],"about":[{"href":"https:\/\/www.axiomams.eu\/lv\/wp-json\/wp\/v2\/types\/product"}],"replies":[{"embeddable":true,"href":"https:\/\/www.axiomams.eu\/lv\/wp-json\/wp\/v2\/comments?post=38872"}],"wp:featuredmedia":[{"embeddable":true,"href":"https:\/\/www.axiomams.eu\/lv\/wp-json\/wp\/v2\/media\/41446"}],"wp:attachment":[{"href":"https:\/\/www.axiomams.eu\/lv\/wp-json\/wp\/v2\/media?parent=38872"}],"wp:term":[{"taxonomy":"product_brand","embeddable":true,"href":"https:\/\/www.axiomams.eu\/lv\/wp-json\/wp\/v2\/product_brand?post=38872"},{"taxonomy":"product_cat","embeddable":true,"href":"https:\/\/www.axiomams.eu\/lv\/wp-json\/wp\/v2\/product_cat?post=38872"},{"taxonomy":"product_tag","embeddable":true,"href":"https:\/\/www.axiomams.eu\/lv\/wp-json\/wp\/v2\/product_tag?post=38872"}],"curies":[{"name":"wp","href":"https:\/\/api.w.org\/{rel}","templated":true}]}}