{"id":38874,"date":"2025-09-10T01:00:39","date_gmt":"2025-09-09T23:00:39","guid":{"rendered":"https:\/\/www.axiomams.eu\/produktas\/testo-417-anemometrs-0563-0417"},"modified":"2026-03-25T16:58:44","modified_gmt":"2026-03-25T14:58:44","slug":"testo-417-anemometrs-0563-0417","status":"publish","type":"product","link":"https:\/\/www.axiomams.eu\/lv\/produktas\/testo-417-anemometrs-0563-0417","title":{"rendered":"Testo 417 anemometrs (0563 0417)"},"content":{"rendered":"<p>Testo 417 kompaktais l\u0101psti\u0146veida anemometrs ir paredz\u0113ts, lai vienk\u0101r\u0161otu gaisa pl\u016bsmas m\u0113r\u012bjumus HVAC, gaisa kondicion\u0113\u0161anas un ventil\u0101cijas sist\u0113mu gaisa iepl\u016bdes un izpl\u016bdes viet\u0101s. \u0160\u012b rokas ier\u012bce ar ieb\u016bv\u0113tu 100 mm l\u0101psti\u0146u nodro\u0161ina \u0101trus un prec\u012bzus gaisa pl\u016bsmas r\u0101d\u012bjumus, lai pal\u012bdz\u0113tu HVAC speci\u0101listiem, tehni\u0137iem un uzst\u0101d\u012bt\u0101jiem efekt\u012bvi nov\u0113rt\u0113t sist\u0113mas darb\u012bbu.<\/p>\n<p>Testo 417 autom\u0101tiski apr\u0113\u0137ina laika un punktu vid\u0113j\u0101s v\u0113rt\u012bbas, k\u0101 ar\u012b tilpuma pl\u016bsmu, un visus b\u016btiskos datus skaidri par\u0101da uz ekr\u0101na. Tas padara to par ide\u0101lu r\u012bku \u0101trai un prec\u012bzai dz\u012bvojamo \u0113ku ventil\u0101cijas sist\u0113mu optimiz\u0101cijai un balans\u0113\u0161anai.<\/p>\n<p>Savienojum\u0101 ar testo Smart App, instruments nodro\u0161ina nevainojamu dokument\u0101ciju un atskai\u0161u sagatavo\u0161anu. Lietojumprogramma atbalsta vieglu ier\u012bces iestat\u012b\u0161anu, re\u0101llaika displeju, datu glab\u0101\u0161anu un autom\u0101tisku gaisa pl\u016bsmas m\u0113r\u012bjumu dokument\u0113\u0161anu. Turkl\u0101t t\u0101 p\u0101rv\u0113r\u0161 viedt\u0101lruni par \u0113rtu otru displeju, lai uzlabotu lietojam\u012bbu uz vietas.<\/p>\n<p>Standarta komplekts: testo 417 anemometrs, transport\u0113\u0161anas soma, kalibr\u0113\u0161anas protokols, baterijas.<\/p>\n<p><iframe loading=\"lazy\" width=\"560\" height=\"315\" src=\"https:\/\/www.youtube.com\/embed\/iZ3_4xtbtmU?si=fe8-Z7OnHLRU9K1B\" title=\"YouTube video atska\u0146ot\u0101js\" frameborder=\"0\" allow=\"accelerometer; autoplay; clipboard-write; encrypted-media; gyroscope; picture-in-picture; web-share\" referrerpolicy=\"strict-origin-when-cross-origin\" allowfullscreen><\/iframe><\/p>\n<h3>Tehnisk\u0101 inform\u0101cija:<\/h3>\n<ul>\n<li><a href=\"https:\/\/axiomams.eu\/importer\/export\/attachments\/en\/testo-417.pdf\" target=\"_blank\">testo 417.pdf<\/a><\/li>\n<\/ul>\n","protected":false},"excerpt":{"rendered":"<p>Testo 417 kompaktais l\u0101psti\u0146veida anemometrs ir paredz\u0113ts, lai vienk\u0101r\u0161otu gaisa pl\u016bsmas m\u0113r\u012bjumus HVAC, gaisa kondicion\u0113\u0161anas un ventil\u0101cijas sist\u0113mu gaisa iepl\u016bdes un izpl\u016bdes viet\u0101s. \u0160\u012b rokas ier\u012bce ar ieb\u016bv\u0113tu 100 mm l\u0101psti\u0146u nodro\u0161ina \u0101trus un prec\u012bzus gaisa pl\u016bsmas r\u0101d\u012bjumus, lai pal\u012bdz\u0113tu HVAC speci\u0101listiem, tehni\u0137iem un uzst\u0101d\u012bt\u0101jiem efekt\u012bvi nov\u0113rt\u0113t sist\u0113mas darb\u012bbu. Testo 417 autom\u0101tiski apr\u0113\u0137ina laika un&#8230;<\/p>\n","protected":false},"featured_media":41450,"comment_status":"open","ping_status":"closed","template":"","meta":{"_acf_changed":false},"product_brand":[735],"product_cat":[17722],"product_tag":[],"class_list":{"0":"post-38874","1":"product","2":"type-product","3":"status-publish","4":"has-post-thumbnail","6":"product_brand-testo","7":"product_cat-apgaismojuma-troksna-gaisa-plusmas-merisanai","9":"first","10":"instock","11":"taxable","12":"shipping-taxable","13":"purchasable","14":"product-type-simple"},"acf":[],"yoast_head":"<!-- This site is optimized with the Yoast SEO plugin v27.0 - https:\/\/yoast.com\/product\/yoast-seo-wordpress\/ -->\n<title>Testo 417 anemometrs (0563 0417) - AXIOMA MS<\/title>\n<meta name=\"robots\" content=\"index, follow, max-snippet:-1, max-image-preview:large, max-video-preview:-1\" \/>\n<link rel=\"canonical\" href=\"https:\/\/www.axiomams.eu\/lv\/produktas\/testo-417-anemometrs-0563-0417\" \/>\n<meta property=\"og:locale\" content=\"lv_LV\" \/>\n<meta property=\"og:type\" content=\"article\" \/>\n<meta property=\"og:title\" content=\"Testo 417 anemometrs (0563 0417) - AXIOMA MS\" \/>\n<meta property=\"og:description\" content=\"Testo 417 kompaktais l\u0101psti\u0146veida anemometrs ir paredz\u0113ts, lai vienk\u0101r\u0161otu gaisa pl\u016bsmas m\u0113r\u012bjumus HVAC, gaisa kondicion\u0113\u0161anas un ventil\u0101cijas sist\u0113mu gaisa iepl\u016bdes un izpl\u016bdes viet\u0101s. \u0160\u012b rokas ier\u012bce ar ieb\u016bv\u0113tu 100 mm l\u0101psti\u0146u nodro\u0161ina \u0101trus un prec\u012bzus gaisa pl\u016bsmas r\u0101d\u012bjumus, lai pal\u012bdz\u0113tu HVAC speci\u0101listiem, tehni\u0137iem un uzst\u0101d\u012bt\u0101jiem efekt\u012bvi nov\u0113rt\u0113t sist\u0113mas darb\u012bbu. Testo 417 autom\u0101tiski apr\u0113\u0137ina laika un...\" \/>\n<meta property=\"og:url\" content=\"https:\/\/www.axiomams.eu\/lv\/produktas\/testo-417-anemometrs-0563-0417\" \/>\n<meta property=\"og:site_name\" content=\"AXIOMA MS\" \/>\n<meta property=\"article:publisher\" content=\"https:\/\/www.facebook.com\/AxiomaMS\" \/>\n<meta property=\"article:modified_time\" content=\"2026-03-25T14:58:44+00:00\" \/>\n<meta property=\"og:image\" content=\"https:\/\/www.axiomams.eu\/wp-content\/uploads\/2025\/09\/2704-6162.jpg\" \/>\n\t<meta property=\"og:image:width\" content=\"800\" \/>\n\t<meta property=\"og:image:height\" content=\"800\" \/>\n\t<meta property=\"og:image:type\" content=\"image\/jpeg\" \/>\n<meta name=\"twitter:card\" content=\"summary_large_image\" \/>\n<meta name=\"twitter:label1\" content=\"Est. reading time\" \/>\n\t<meta name=\"twitter:data1\" content=\"1 minute\" \/>\n<script type=\"application\/ld+json\" class=\"yoast-schema-graph\">{\"@context\":\"https:\/\/schema.org\",\"@graph\":[{\"@type\":\"WebPage\",\"@id\":\"https:\/\/www.axiomams.eu\/lv\/produktas\/testo-417-anemometrs-0563-0417\",\"url\":\"https:\/\/www.axiomams.eu\/lv\/produktas\/testo-417-anemometrs-0563-0417\",\"name\":\"Testo 417 anemometrs (0563 0417) - AXIOMA MS\",\"isPartOf\":{\"@id\":\"https:\/\/www.axiomams.eu\/lv#website\"},\"primaryImageOfPage\":{\"@id\":\"https:\/\/www.axiomams.eu\/lv\/produktas\/testo-417-anemometrs-0563-0417#primaryimage\"},\"image\":{\"@id\":\"https:\/\/www.axiomams.eu\/lv\/produktas\/testo-417-anemometrs-0563-0417#primaryimage\"},\"thumbnailUrl\":\"https:\/\/www.axiomams.eu\/wp-content\/uploads\/2025\/09\/2704-6162.jpg\",\"datePublished\":\"2025-09-09T23:00:39+00:00\",\"dateModified\":\"2026-03-25T14:58:44+00:00\",\"breadcrumb\":{\"@id\":\"https:\/\/www.axiomams.eu\/lv\/produktas\/testo-417-anemometrs-0563-0417#breadcrumb\"},\"inLanguage\":\"lv-LV\",\"potentialAction\":[{\"@type\":\"ReadAction\",\"target\":[\"https:\/\/www.axiomams.eu\/lv\/produktas\/testo-417-anemometrs-0563-0417\"]}]},{\"@type\":\"ImageObject\",\"inLanguage\":\"lv-LV\",\"@id\":\"https:\/\/www.axiomams.eu\/lv\/produktas\/testo-417-anemometrs-0563-0417#primaryimage\",\"url\":\"https:\/\/www.axiomams.eu\/wp-content\/uploads\/2025\/09\/2704-6162.jpg\",\"contentUrl\":\"https:\/\/www.axiomams.eu\/wp-content\/uploads\/2025\/09\/2704-6162.jpg\",\"width\":800,\"height\":800},{\"@type\":\"BreadcrumbList\",\"@id\":\"https:\/\/www.axiomams.eu\/lv\/produktas\/testo-417-anemometrs-0563-0417#breadcrumb\",\"itemListElement\":[{\"@type\":\"ListItem\",\"position\":1,\"name\":\"Home\",\"item\":\"https:\/\/www.axiomams.eu\/lv\"},{\"@type\":\"ListItem\",\"position\":2,\"name\":\"Produkti\",\"item\":\"https:\/\/www.axiomams.eu\/lv\/produkti\"},{\"@type\":\"ListItem\",\"position\":3,\"name\":\"Testo 417 anemometrs (0563 0417)\"}]},{\"@type\":\"WebSite\",\"@id\":\"https:\/\/www.axiomams.eu\/lv#website\",\"url\":\"https:\/\/www.axiomams.eu\/lv\",\"name\":\"AXIOMA MS\",\"description\":\"Terrmovizoriai ir matavimo \u012franga\",\"publisher\":{\"@id\":\"https:\/\/www.axiomams.eu\/lv#organization\"},\"potentialAction\":[{\"@type\":\"SearchAction\",\"target\":{\"@type\":\"EntryPoint\",\"urlTemplate\":\"https:\/\/www.axiomams.eu\/lv?s={search_term_string}\"},\"query-input\":{\"@type\":\"PropertyValueSpecification\",\"valueRequired\":true,\"valueName\":\"search_term_string\"}}],\"inLanguage\":\"lv-LV\"},{\"@type\":\"Organization\",\"@id\":\"https:\/\/www.axiomams.eu\/lv#organization\",\"name\":\"AXIOMA MS\",\"url\":\"https:\/\/www.axiomams.eu\/lv\",\"logo\":{\"@type\":\"ImageObject\",\"inLanguage\":\"lv-LV\",\"@id\":\"https:\/\/www.axiomams.eu\/lv#\/schema\/logo\/image\/\",\"url\":\"https:\/\/www.axiomams.eu\/wp-content\/uploads\/2025\/06\/axioma-logo-2.png\",\"contentUrl\":\"https:\/\/www.axiomams.eu\/wp-content\/uploads\/2025\/06\/axioma-logo-2.png\",\"width\":1200,\"height\":1200,\"caption\":\"AXIOMA MS\"},\"image\":{\"@id\":\"https:\/\/www.axiomams.eu\/lv#\/schema\/logo\/image\/\"},\"sameAs\":[\"https:\/\/www.facebook.com\/AxiomaMS\",\"https:\/\/www.linkedin.com\/company\/axiomams\/\"]}]}<\/script>\n<!-- \/ Yoast SEO plugin. -->","yoast_head_json":{"title":"Testo 417 anemometrs (0563 0417) - AXIOMA MS","robots":{"index":"index","follow":"follow","max-snippet":"max-snippet:-1","max-image-preview":"max-image-preview:large","max-video-preview":"max-video-preview:-1"},"canonical":"https:\/\/www.axiomams.eu\/lv\/produktas\/testo-417-anemometrs-0563-0417","og_locale":"lv_LV","og_type":"article","og_title":"Testo 417 anemometrs (0563 0417) - AXIOMA MS","og_description":"Testo 417 kompaktais l\u0101psti\u0146veida anemometrs ir paredz\u0113ts, lai vienk\u0101r\u0161otu gaisa pl\u016bsmas m\u0113r\u012bjumus HVAC, gaisa kondicion\u0113\u0161anas un ventil\u0101cijas sist\u0113mu gaisa iepl\u016bdes un izpl\u016bdes viet\u0101s. \u0160\u012b rokas ier\u012bce ar ieb\u016bv\u0113tu 100 mm l\u0101psti\u0146u nodro\u0161ina \u0101trus un prec\u012bzus gaisa pl\u016bsmas r\u0101d\u012bjumus, lai pal\u012bdz\u0113tu HVAC speci\u0101listiem, tehni\u0137iem un uzst\u0101d\u012bt\u0101jiem efekt\u012bvi nov\u0113rt\u0113t sist\u0113mas darb\u012bbu. Testo 417 autom\u0101tiski apr\u0113\u0137ina laika un...","og_url":"https:\/\/www.axiomams.eu\/lv\/produktas\/testo-417-anemometrs-0563-0417","og_site_name":"AXIOMA MS","article_publisher":"https:\/\/www.facebook.com\/AxiomaMS","article_modified_time":"2026-03-25T14:58:44+00:00","og_image":[{"width":800,"height":800,"url":"https:\/\/www.axiomams.eu\/wp-content\/uploads\/2025\/09\/2704-6162.jpg","type":"image\/jpeg"}],"twitter_card":"summary_large_image","twitter_misc":{"Est. reading time":"1 minute"},"schema":{"@context":"https:\/\/schema.org","@graph":[{"@type":"WebPage","@id":"https:\/\/www.axiomams.eu\/lv\/produktas\/testo-417-anemometrs-0563-0417","url":"https:\/\/www.axiomams.eu\/lv\/produktas\/testo-417-anemometrs-0563-0417","name":"Testo 417 anemometrs (0563 0417) - AXIOMA MS","isPartOf":{"@id":"https:\/\/www.axiomams.eu\/lv#website"},"primaryImageOfPage":{"@id":"https:\/\/www.axiomams.eu\/lv\/produktas\/testo-417-anemometrs-0563-0417#primaryimage"},"image":{"@id":"https:\/\/www.axiomams.eu\/lv\/produktas\/testo-417-anemometrs-0563-0417#primaryimage"},"thumbnailUrl":"https:\/\/www.axiomams.eu\/wp-content\/uploads\/2025\/09\/2704-6162.jpg","datePublished":"2025-09-09T23:00:39+00:00","dateModified":"2026-03-25T14:58:44+00:00","breadcrumb":{"@id":"https:\/\/www.axiomams.eu\/lv\/produktas\/testo-417-anemometrs-0563-0417#breadcrumb"},"inLanguage":"lv-LV","potentialAction":[{"@type":"ReadAction","target":["https:\/\/www.axiomams.eu\/lv\/produktas\/testo-417-anemometrs-0563-0417"]}]},{"@type":"ImageObject","inLanguage":"lv-LV","@id":"https:\/\/www.axiomams.eu\/lv\/produktas\/testo-417-anemometrs-0563-0417#primaryimage","url":"https:\/\/www.axiomams.eu\/wp-content\/uploads\/2025\/09\/2704-6162.jpg","contentUrl":"https:\/\/www.axiomams.eu\/wp-content\/uploads\/2025\/09\/2704-6162.jpg","width":800,"height":800},{"@type":"BreadcrumbList","@id":"https:\/\/www.axiomams.eu\/lv\/produktas\/testo-417-anemometrs-0563-0417#breadcrumb","itemListElement":[{"@type":"ListItem","position":1,"name":"Home","item":"https:\/\/www.axiomams.eu\/lv"},{"@type":"ListItem","position":2,"name":"Produkti","item":"https:\/\/www.axiomams.eu\/lv\/produkti"},{"@type":"ListItem","position":3,"name":"Testo 417 anemometrs (0563 0417)"}]},{"@type":"WebSite","@id":"https:\/\/www.axiomams.eu\/lv#website","url":"https:\/\/www.axiomams.eu\/lv","name":"AXIOMA MS","description":"Terrmovizoriai ir matavimo \u012franga","publisher":{"@id":"https:\/\/www.axiomams.eu\/lv#organization"},"potentialAction":[{"@type":"SearchAction","target":{"@type":"EntryPoint","urlTemplate":"https:\/\/www.axiomams.eu\/lv?s={search_term_string}"},"query-input":{"@type":"PropertyValueSpecification","valueRequired":true,"valueName":"search_term_string"}}],"inLanguage":"lv-LV"},{"@type":"Organization","@id":"https:\/\/www.axiomams.eu\/lv#organization","name":"AXIOMA MS","url":"https:\/\/www.axiomams.eu\/lv","logo":{"@type":"ImageObject","inLanguage":"lv-LV","@id":"https:\/\/www.axiomams.eu\/lv#\/schema\/logo\/image\/","url":"https:\/\/www.axiomams.eu\/wp-content\/uploads\/2025\/06\/axioma-logo-2.png","contentUrl":"https:\/\/www.axiomams.eu\/wp-content\/uploads\/2025\/06\/axioma-logo-2.png","width":1200,"height":1200,"caption":"AXIOMA MS"},"image":{"@id":"https:\/\/www.axiomams.eu\/lv#\/schema\/logo\/image\/"},"sameAs":["https:\/\/www.facebook.com\/AxiomaMS","https:\/\/www.linkedin.com\/company\/axiomams\/"]}]}},"_links":{"self":[{"href":"https:\/\/www.axiomams.eu\/lv\/wp-json\/wp\/v2\/product\/38874","targetHints":{"allow":["GET"]}}],"collection":[{"href":"https:\/\/www.axiomams.eu\/lv\/wp-json\/wp\/v2\/product"}],"about":[{"href":"https:\/\/www.axiomams.eu\/lv\/wp-json\/wp\/v2\/types\/product"}],"replies":[{"embeddable":true,"href":"https:\/\/www.axiomams.eu\/lv\/wp-json\/wp\/v2\/comments?post=38874"}],"wp:featuredmedia":[{"embeddable":true,"href":"https:\/\/www.axiomams.eu\/lv\/wp-json\/wp\/v2\/media\/41450"}],"wp:attachment":[{"href":"https:\/\/www.axiomams.eu\/lv\/wp-json\/wp\/v2\/media?parent=38874"}],"wp:term":[{"taxonomy":"product_brand","embeddable":true,"href":"https:\/\/www.axiomams.eu\/lv\/wp-json\/wp\/v2\/product_brand?post=38874"},{"taxonomy":"product_cat","embeddable":true,"href":"https:\/\/www.axiomams.eu\/lv\/wp-json\/wp\/v2\/product_cat?post=38874"},{"taxonomy":"product_tag","embeddable":true,"href":"https:\/\/www.axiomams.eu\/lv\/wp-json\/wp\/v2\/product_tag?post=38874"}],"curies":[{"name":"wp","href":"https:\/\/api.w.org\/{rel}","templated":true}]}}