{"id":38875,"date":"2025-09-25T01:00:32","date_gmt":"2025-09-24T23:00:32","guid":{"rendered":"https:\/\/www.axiomams.eu\/produktas\/testo-420-tilpuma-plusmas-nosucejs-0563-4200"},"modified":"2026-03-25T16:58:44","modified_gmt":"2026-03-25T14:58:44","slug":"testo-420-tilpuma-plusmas-nosucejs-0563-4200","status":"publish","type":"product","link":"https:\/\/www.axiomams.eu\/lv\/produktas\/testo-420-tilpuma-plusmas-nosucejs-0563-4200","title":{"rendered":"Testo 420 tilpuma pl\u016bsmas nos\u016bc\u0113js (0563 4200)"},"content":{"rendered":"<p><b>Testo 420 tilpuma pl\u016bsmas nos\u016bc\u0113js lieliem griestu gaisa izvadiem<\/b><br \/>\nNodro\u0161iniet prec\u012bzus un efekt\u012bvus HVAC m\u0113r\u012bjumus ar testo 420 tilpuma pl\u016bsmas nos\u016bc\u0113ju, kas paredz\u0113ts liel\u0101k\u0101m griestu gaisa iepl\u016bdes un izpl\u016bdes atver\u0113m, vienlaikus pied\u0101v\u0101jot vair\u0101kas apkopes priek\u0161roc\u012bbas.<\/p>\n<p><b>Kop\u0161\u0101k\u0101s funkcijas un priek\u0161roc\u012bbas<\/b><br \/>\n&#8211; Nodro\u0161ina prec\u012bzus tilpuma pl\u016bsmas apr\u0113\u0137inus virpu\u013cveida izpl\u016bdes atver\u0113s, samazinot m\u0113r\u012bjumu k\u013c\u016bdas, ko izraisa turbulents gaiss.<br \/>\n&#8211; Integr\u0113ts tilpuma pl\u016bsmas iztaisnot\u0101js rada vienm\u0113r\u012bgu gaisa pl\u016bsmu, atbalstot m\u0113r\u012bjumus no 80 l\u012bdz 3 500 m3\/h.<br \/>\n&#8211; Atbalsta atbilst\u012bbu higi\u0113nas standartiem un iek\u0161telpu gaisa kvalit\u0101tes pras\u012bb\u0101m slimn\u012bc\u0101s, birojos un komerci\u0101l\u0101s \u0113k\u0101s.<\/p>\n<p><b>Ergonomisks dizains un p\u0101rn\u0113s\u0101jam\u012bba<\/b><br \/>\n&#8211; Viegla konstrukcija, kas sver maz\u0101k par 2,9 kg, \u0113rtai lieto\u0161anai augstum\u0101 vai liel\u0101s telp\u0101s<br \/>\n&#8211; Ergonomiski rokturi un nolok\u0101ms displejs uzlabo lietojam\u012bbu<br \/>\n&#8211; Liela m\u0113r\u012bjumu poga nodro\u0161ina \u0113rtu datu re\u0123istr\u0113\u0161anu<\/p>\n<p><b>Kausa izm\u0113ri un piederumi<\/b><br \/>\n&#8211; Kapuces izm\u0113rs: 610 x 610 mm<br \/>\n&#8211; P\u0113c izv\u0113les pieejami papildu p\u0101rsegi papildu griestu izvadiem.<br \/>\n&#8211; Stat\u012bva roku var pagarin\u0101t l\u012bdz 3,3 metriem, lai veiktu m\u0113r\u012bjumus pie augstiem griestiem.<br \/>\n&#8211; \u0100tra uzst\u0101d\u012b\u0161ana ar spriego\u0161anas stie\u0146iem; dro\u0161a transport\u0113\u0161ana, izmantojot komplekt\u0101 iek\u013cautos rati\u0146us.<\/p>\n<p><b>Integr\u0101cija ar viedo lietotni<\/b><br \/>\n&#8211; Savienojums, izmantojot Bluetooth, ar testo Smart lietotni viedt\u0101lru\u0146os vai plan\u0161etdatoros<br \/>\n&#8211; Izmantojiet k\u0101 sekund\u0101ro displeju, p\u0101rvaldiet klientu un m\u0113r\u012bjumu datus un t\u0101lvad\u012bbas ier\u012bci.<br \/>\n&#8211; Veiciet tie\u0161os m\u0113r\u012bjumus HVAC sist\u0113m\u0101s ar palai\u0161anas un aptur\u0113\u0161anas funkcij\u0101m<br \/>\n&#8211; Veidojiet m\u0113r\u012bjumu p\u0101rskatus uz vietas un eksport\u0113jiet tos PDF, Excel vai JSON failu form\u0101t\u0101.<\/p>\n<p><b>Papla\u0161in\u0101ts m\u0113rinstruments<\/b><br \/>\n&#8211; No\u0146emams un nolok\u0101ms instruments \u0113rtai nolas\u012b\u0161anai<br \/>\n&#8211; M\u0113ra pl\u016bsmas \u0101trumu, tilpuma pl\u016bsmu, absol\u016bto spiedienu, temperat\u016bru un relat\u012bvo mitrumu.<br \/>\n&#8211; Autom\u0101tiska nulles iestat\u012b\u0161ana uzlabo precizit\u0101ti pie zema spiediena.<br \/>\n&#8211; Apgaismots displejs skaidriem r\u0101d\u012bjumiem<br \/>\n&#8211; Datu saglab\u0101\u0161ana uz vietas un m\u0113r\u012bjumu protokolu p\u0101rvald\u012bba, izmantojot &#8220;plug &#038; play&#8221; funkciju dator\u0101.<\/p>\n<p><b>Papla\u0161in\u0101tas funkcijas m\u0113r\u012bjumiem kan\u0101los<\/b><br \/>\n&#8211; Ar no\u0146emamu instrumentu var veikt m\u0113r\u012bjumus cauru\u013cvados, izmantojot papildu Pitota cauruli un \u0161\u013c\u016btenes.<br \/>\n&#8211; Atbalsta laika un daudzpunktu vid\u0113jo v\u0113rt\u012bbu apr\u0113\u0137inus ar kan\u0101la \u0123eometrijas ievades datiem.<br \/>\n&#8211; Sader\u012bgs ar testo 400 VAC daudzfunkcion\u0101lo instrumentu, izmantojot Bluetooth, lai nodro\u0161in\u0101tu piln\u012bgu klienta un objekta p\u0101rvald\u012bbu.<\/p>\n<p>Testo 420 tilpuma pl\u016bsmas nos\u016bc\u0113js apvieno precizit\u0101ti, p\u0101rn\u0113s\u0101jam\u012bbu un gudru funkcionalit\u0101ti, padarot to ide\u0101li piem\u0113rotu HVAC sist\u0113m\u0101m liel\u0101s telp\u0101s un augstos griestos, vienlaikus samazinot nepiecie\u0161am\u012bbu p\u0113c papildu m\u0113rinstrumentiem.<\/p>\n<p>Standarta komplekts: testo 420 tilpuma pl\u016bsmas nos\u016bc\u0113js, spriegojuma stie\u0146i, USB kabelis, baterijas, rati\u0146i, kalibr\u0113\u0161anas protokols.<\/p>\n<p><iframe loading=\"lazy\" width=\"560\" height=\"315\" src=\"https:\/\/www.youtube.com\/embed\/J4EgJEs2KX0?si=DIZlop1BQRAyUa-3\" title=\"YouTube video atska\u0146ot\u0101js\" frameborder=\"0\" allow=\"accelerometer; autoplay; clipboard-write; encrypted-media; gyroscope; picture-in-picture; web-share\" referrerpolicy=\"strict-origin-when-cross-origin\" allowfullscreen><\/iframe><\/p>\n<h3>Tehnisk\u0101 inform\u0101cija:<\/h3>\n<ul>\n<li><a href=\"https:\/\/axiomams.eu\/importer\/export\/attachments\/en\/testo-420.pdf\" target=\"_blank\">testo 420.pdf<\/a><\/li>\n<\/ul>\n","protected":false},"excerpt":{"rendered":"<p>Testo 420 tilpuma pl\u016bsmas nos\u016bc\u0113js lieliem griestu gaisa izvadiem Nodro\u0161iniet prec\u012bzus un efekt\u012bvus HVAC m\u0113r\u012bjumus ar testo 420 tilpuma pl\u016bsmas nos\u016bc\u0113ju, kas paredz\u0113ts liel\u0101k\u0101m griestu gaisa iepl\u016bdes un izpl\u016bdes atver\u0113m, vienlaikus pied\u0101v\u0101jot vair\u0101kas apkopes priek\u0161roc\u012bbas. Kop\u0161\u0101k\u0101s funkcijas un priek\u0161roc\u012bbas &#8211; Nodro\u0161ina prec\u012bzus tilpuma pl\u016bsmas apr\u0113\u0137inus virpu\u013cveida izpl\u016bdes atver\u0113s, samazinot m\u0113r\u012bjumu k\u013c\u016bdas, ko izraisa turbulents gaiss&#8230;.<\/p>\n","protected":false},"featured_media":41452,"comment_status":"open","ping_status":"closed","template":"","meta":{"_acf_changed":false},"product_brand":[735],"product_cat":[17726],"product_tag":[],"class_list":{"0":"post-38875","1":"product","2":"type-product","3":"status-publish","4":"has-post-thumbnail","6":"product_brand-testo","7":"product_cat-universalie-merinstrumenti","9":"first","10":"instock","11":"taxable","12":"shipping-taxable","13":"purchasable","14":"product-type-simple"},"acf":[],"yoast_head":"<!-- This site is optimized with the Yoast SEO plugin v27.0 - https:\/\/yoast.com\/product\/yoast-seo-wordpress\/ -->\n<title>Testo 420 tilpuma pl\u016bsmas nos\u016bc\u0113js (0563 4200) - AXIOMA MS<\/title>\n<meta name=\"robots\" content=\"index, follow, max-snippet:-1, max-image-preview:large, max-video-preview:-1\" \/>\n<link rel=\"canonical\" href=\"https:\/\/www.axiomams.eu\/lv\/produktas\/testo-420-tilpuma-plusmas-nosucejs-0563-4200\" \/>\n<meta property=\"og:locale\" content=\"lv_LV\" \/>\n<meta property=\"og:type\" content=\"article\" \/>\n<meta property=\"og:title\" content=\"Testo 420 tilpuma pl\u016bsmas nos\u016bc\u0113js (0563 4200) - AXIOMA MS\" \/>\n<meta property=\"og:description\" content=\"Testo 420 tilpuma pl\u016bsmas nos\u016bc\u0113js lieliem griestu gaisa izvadiem Nodro\u0161iniet prec\u012bzus un efekt\u012bvus HVAC m\u0113r\u012bjumus ar testo 420 tilpuma pl\u016bsmas nos\u016bc\u0113ju, kas paredz\u0113ts liel\u0101k\u0101m griestu gaisa iepl\u016bdes un izpl\u016bdes atver\u0113m, vienlaikus pied\u0101v\u0101jot vair\u0101kas apkopes priek\u0161roc\u012bbas. Kop\u0161\u0101k\u0101s funkcijas un priek\u0161roc\u012bbas &#8211; Nodro\u0161ina prec\u012bzus tilpuma pl\u016bsmas apr\u0113\u0137inus virpu\u013cveida izpl\u016bdes atver\u0113s, samazinot m\u0113r\u012bjumu k\u013c\u016bdas, ko izraisa turbulents gaiss....\" \/>\n<meta property=\"og:url\" content=\"https:\/\/www.axiomams.eu\/lv\/produktas\/testo-420-tilpuma-plusmas-nosucejs-0563-4200\" \/>\n<meta property=\"og:site_name\" content=\"AXIOMA MS\" \/>\n<meta property=\"article:publisher\" content=\"https:\/\/www.facebook.com\/AxiomaMS\" \/>\n<meta property=\"article:modified_time\" content=\"2026-03-25T14:58:44+00:00\" \/>\n<meta property=\"og:image\" content=\"https:\/\/www.axiomams.eu\/wp-content\/uploads\/2025\/09\/4676-6183.jpg\" \/>\n\t<meta property=\"og:image:width\" content=\"800\" \/>\n\t<meta property=\"og:image:height\" content=\"800\" \/>\n\t<meta property=\"og:image:type\" content=\"image\/jpeg\" \/>\n<meta name=\"twitter:card\" content=\"summary_large_image\" \/>\n<meta name=\"twitter:label1\" content=\"Est. reading time\" \/>\n\t<meta name=\"twitter:data1\" content=\"3 minutes\" \/>\n<script type=\"application\/ld+json\" class=\"yoast-schema-graph\">{\"@context\":\"https:\/\/schema.org\",\"@graph\":[{\"@type\":\"WebPage\",\"@id\":\"https:\/\/www.axiomams.eu\/lv\/produktas\/testo-420-tilpuma-plusmas-nosucejs-0563-4200\",\"url\":\"https:\/\/www.axiomams.eu\/lv\/produktas\/testo-420-tilpuma-plusmas-nosucejs-0563-4200\",\"name\":\"Testo 420 tilpuma pl\u016bsmas nos\u016bc\u0113js (0563 4200) - AXIOMA MS\",\"isPartOf\":{\"@id\":\"https:\/\/www.axiomams.eu\/lv#website\"},\"primaryImageOfPage\":{\"@id\":\"https:\/\/www.axiomams.eu\/lv\/produktas\/testo-420-tilpuma-plusmas-nosucejs-0563-4200#primaryimage\"},\"image\":{\"@id\":\"https:\/\/www.axiomams.eu\/lv\/produktas\/testo-420-tilpuma-plusmas-nosucejs-0563-4200#primaryimage\"},\"thumbnailUrl\":\"https:\/\/www.axiomams.eu\/wp-content\/uploads\/2025\/09\/4676-6183.jpg\",\"datePublished\":\"2025-09-24T23:00:32+00:00\",\"dateModified\":\"2026-03-25T14:58:44+00:00\",\"breadcrumb\":{\"@id\":\"https:\/\/www.axiomams.eu\/lv\/produktas\/testo-420-tilpuma-plusmas-nosucejs-0563-4200#breadcrumb\"},\"inLanguage\":\"lv-LV\",\"potentialAction\":[{\"@type\":\"ReadAction\",\"target\":[\"https:\/\/www.axiomams.eu\/lv\/produktas\/testo-420-tilpuma-plusmas-nosucejs-0563-4200\"]}]},{\"@type\":\"ImageObject\",\"inLanguage\":\"lv-LV\",\"@id\":\"https:\/\/www.axiomams.eu\/lv\/produktas\/testo-420-tilpuma-plusmas-nosucejs-0563-4200#primaryimage\",\"url\":\"https:\/\/www.axiomams.eu\/wp-content\/uploads\/2025\/09\/4676-6183.jpg\",\"contentUrl\":\"https:\/\/www.axiomams.eu\/wp-content\/uploads\/2025\/09\/4676-6183.jpg\",\"width\":800,\"height\":800},{\"@type\":\"BreadcrumbList\",\"@id\":\"https:\/\/www.axiomams.eu\/lv\/produktas\/testo-420-tilpuma-plusmas-nosucejs-0563-4200#breadcrumb\",\"itemListElement\":[{\"@type\":\"ListItem\",\"position\":1,\"name\":\"Home\",\"item\":\"https:\/\/www.axiomams.eu\/lv\"},{\"@type\":\"ListItem\",\"position\":2,\"name\":\"Produkti\",\"item\":\"https:\/\/www.axiomams.eu\/lv\/produkti\"},{\"@type\":\"ListItem\",\"position\":3,\"name\":\"Testo 420 tilpuma pl\u016bsmas nos\u016bc\u0113js (0563 4200)\"}]},{\"@type\":\"WebSite\",\"@id\":\"https:\/\/www.axiomams.eu\/lv#website\",\"url\":\"https:\/\/www.axiomams.eu\/lv\",\"name\":\"AXIOMA MS\",\"description\":\"Terrmovizoriai ir matavimo \u012franga\",\"publisher\":{\"@id\":\"https:\/\/www.axiomams.eu\/lv#organization\"},\"potentialAction\":[{\"@type\":\"SearchAction\",\"target\":{\"@type\":\"EntryPoint\",\"urlTemplate\":\"https:\/\/www.axiomams.eu\/lv?s={search_term_string}\"},\"query-input\":{\"@type\":\"PropertyValueSpecification\",\"valueRequired\":true,\"valueName\":\"search_term_string\"}}],\"inLanguage\":\"lv-LV\"},{\"@type\":\"Organization\",\"@id\":\"https:\/\/www.axiomams.eu\/lv#organization\",\"name\":\"AXIOMA MS\",\"url\":\"https:\/\/www.axiomams.eu\/lv\",\"logo\":{\"@type\":\"ImageObject\",\"inLanguage\":\"lv-LV\",\"@id\":\"https:\/\/www.axiomams.eu\/lv#\/schema\/logo\/image\/\",\"url\":\"https:\/\/www.axiomams.eu\/wp-content\/uploads\/2025\/06\/axioma-logo-2.png\",\"contentUrl\":\"https:\/\/www.axiomams.eu\/wp-content\/uploads\/2025\/06\/axioma-logo-2.png\",\"width\":1200,\"height\":1200,\"caption\":\"AXIOMA MS\"},\"image\":{\"@id\":\"https:\/\/www.axiomams.eu\/lv#\/schema\/logo\/image\/\"},\"sameAs\":[\"https:\/\/www.facebook.com\/AxiomaMS\",\"https:\/\/www.linkedin.com\/company\/axiomams\/\"]}]}<\/script>\n<!-- \/ Yoast SEO plugin. -->","yoast_head_json":{"title":"Testo 420 tilpuma pl\u016bsmas nos\u016bc\u0113js (0563 4200) - AXIOMA MS","robots":{"index":"index","follow":"follow","max-snippet":"max-snippet:-1","max-image-preview":"max-image-preview:large","max-video-preview":"max-video-preview:-1"},"canonical":"https:\/\/www.axiomams.eu\/lv\/produktas\/testo-420-tilpuma-plusmas-nosucejs-0563-4200","og_locale":"lv_LV","og_type":"article","og_title":"Testo 420 tilpuma pl\u016bsmas nos\u016bc\u0113js (0563 4200) - AXIOMA MS","og_description":"Testo 420 tilpuma pl\u016bsmas nos\u016bc\u0113js lieliem griestu gaisa izvadiem Nodro\u0161iniet prec\u012bzus un efekt\u012bvus HVAC m\u0113r\u012bjumus ar testo 420 tilpuma pl\u016bsmas nos\u016bc\u0113ju, kas paredz\u0113ts liel\u0101k\u0101m griestu gaisa iepl\u016bdes un izpl\u016bdes atver\u0113m, vienlaikus pied\u0101v\u0101jot vair\u0101kas apkopes priek\u0161roc\u012bbas. Kop\u0161\u0101k\u0101s funkcijas un priek\u0161roc\u012bbas &#8211; Nodro\u0161ina prec\u012bzus tilpuma pl\u016bsmas apr\u0113\u0137inus virpu\u013cveida izpl\u016bdes atver\u0113s, samazinot m\u0113r\u012bjumu k\u013c\u016bdas, ko izraisa turbulents gaiss....","og_url":"https:\/\/www.axiomams.eu\/lv\/produktas\/testo-420-tilpuma-plusmas-nosucejs-0563-4200","og_site_name":"AXIOMA MS","article_publisher":"https:\/\/www.facebook.com\/AxiomaMS","article_modified_time":"2026-03-25T14:58:44+00:00","og_image":[{"width":800,"height":800,"url":"https:\/\/www.axiomams.eu\/wp-content\/uploads\/2025\/09\/4676-6183.jpg","type":"image\/jpeg"}],"twitter_card":"summary_large_image","twitter_misc":{"Est. reading time":"3 minutes"},"schema":{"@context":"https:\/\/schema.org","@graph":[{"@type":"WebPage","@id":"https:\/\/www.axiomams.eu\/lv\/produktas\/testo-420-tilpuma-plusmas-nosucejs-0563-4200","url":"https:\/\/www.axiomams.eu\/lv\/produktas\/testo-420-tilpuma-plusmas-nosucejs-0563-4200","name":"Testo 420 tilpuma pl\u016bsmas nos\u016bc\u0113js (0563 4200) - AXIOMA MS","isPartOf":{"@id":"https:\/\/www.axiomams.eu\/lv#website"},"primaryImageOfPage":{"@id":"https:\/\/www.axiomams.eu\/lv\/produktas\/testo-420-tilpuma-plusmas-nosucejs-0563-4200#primaryimage"},"image":{"@id":"https:\/\/www.axiomams.eu\/lv\/produktas\/testo-420-tilpuma-plusmas-nosucejs-0563-4200#primaryimage"},"thumbnailUrl":"https:\/\/www.axiomams.eu\/wp-content\/uploads\/2025\/09\/4676-6183.jpg","datePublished":"2025-09-24T23:00:32+00:00","dateModified":"2026-03-25T14:58:44+00:00","breadcrumb":{"@id":"https:\/\/www.axiomams.eu\/lv\/produktas\/testo-420-tilpuma-plusmas-nosucejs-0563-4200#breadcrumb"},"inLanguage":"lv-LV","potentialAction":[{"@type":"ReadAction","target":["https:\/\/www.axiomams.eu\/lv\/produktas\/testo-420-tilpuma-plusmas-nosucejs-0563-4200"]}]},{"@type":"ImageObject","inLanguage":"lv-LV","@id":"https:\/\/www.axiomams.eu\/lv\/produktas\/testo-420-tilpuma-plusmas-nosucejs-0563-4200#primaryimage","url":"https:\/\/www.axiomams.eu\/wp-content\/uploads\/2025\/09\/4676-6183.jpg","contentUrl":"https:\/\/www.axiomams.eu\/wp-content\/uploads\/2025\/09\/4676-6183.jpg","width":800,"height":800},{"@type":"BreadcrumbList","@id":"https:\/\/www.axiomams.eu\/lv\/produktas\/testo-420-tilpuma-plusmas-nosucejs-0563-4200#breadcrumb","itemListElement":[{"@type":"ListItem","position":1,"name":"Home","item":"https:\/\/www.axiomams.eu\/lv"},{"@type":"ListItem","position":2,"name":"Produkti","item":"https:\/\/www.axiomams.eu\/lv\/produkti"},{"@type":"ListItem","position":3,"name":"Testo 420 tilpuma pl\u016bsmas nos\u016bc\u0113js (0563 4200)"}]},{"@type":"WebSite","@id":"https:\/\/www.axiomams.eu\/lv#website","url":"https:\/\/www.axiomams.eu\/lv","name":"AXIOMA MS","description":"Terrmovizoriai ir matavimo \u012franga","publisher":{"@id":"https:\/\/www.axiomams.eu\/lv#organization"},"potentialAction":[{"@type":"SearchAction","target":{"@type":"EntryPoint","urlTemplate":"https:\/\/www.axiomams.eu\/lv?s={search_term_string}"},"query-input":{"@type":"PropertyValueSpecification","valueRequired":true,"valueName":"search_term_string"}}],"inLanguage":"lv-LV"},{"@type":"Organization","@id":"https:\/\/www.axiomams.eu\/lv#organization","name":"AXIOMA MS","url":"https:\/\/www.axiomams.eu\/lv","logo":{"@type":"ImageObject","inLanguage":"lv-LV","@id":"https:\/\/www.axiomams.eu\/lv#\/schema\/logo\/image\/","url":"https:\/\/www.axiomams.eu\/wp-content\/uploads\/2025\/06\/axioma-logo-2.png","contentUrl":"https:\/\/www.axiomams.eu\/wp-content\/uploads\/2025\/06\/axioma-logo-2.png","width":1200,"height":1200,"caption":"AXIOMA MS"},"image":{"@id":"https:\/\/www.axiomams.eu\/lv#\/schema\/logo\/image\/"},"sameAs":["https:\/\/www.facebook.com\/AxiomaMS","https:\/\/www.linkedin.com\/company\/axiomams\/"]}]}},"_links":{"self":[{"href":"https:\/\/www.axiomams.eu\/lv\/wp-json\/wp\/v2\/product\/38875","targetHints":{"allow":["GET"]}}],"collection":[{"href":"https:\/\/www.axiomams.eu\/lv\/wp-json\/wp\/v2\/product"}],"about":[{"href":"https:\/\/www.axiomams.eu\/lv\/wp-json\/wp\/v2\/types\/product"}],"replies":[{"embeddable":true,"href":"https:\/\/www.axiomams.eu\/lv\/wp-json\/wp\/v2\/comments?post=38875"}],"wp:featuredmedia":[{"embeddable":true,"href":"https:\/\/www.axiomams.eu\/lv\/wp-json\/wp\/v2\/media\/41452"}],"wp:attachment":[{"href":"https:\/\/www.axiomams.eu\/lv\/wp-json\/wp\/v2\/media?parent=38875"}],"wp:term":[{"taxonomy":"product_brand","embeddable":true,"href":"https:\/\/www.axiomams.eu\/lv\/wp-json\/wp\/v2\/product_brand?post=38875"},{"taxonomy":"product_cat","embeddable":true,"href":"https:\/\/www.axiomams.eu\/lv\/wp-json\/wp\/v2\/product_cat?post=38875"},{"taxonomy":"product_tag","embeddable":true,"href":"https:\/\/www.axiomams.eu\/lv\/wp-json\/wp\/v2\/product_tag?post=38875"}],"curies":[{"name":"wp","href":"https:\/\/api.w.org\/{rel}","templated":true}]}}