{"id":38876,"date":"2025-09-24T01:00:33","date_gmt":"2025-09-23T23:00:33","guid":{"rendered":"https:\/\/www.axiomams.eu\/produktas\/testo-425-anemometrs-0563-0425"},"modified":"2026-03-25T16:58:46","modified_gmt":"2026-03-25T14:58:46","slug":"testo-425-anemometrs-0563-0425","status":"publish","type":"product","link":"https:\/\/www.axiomams.eu\/lv\/produktas\/testo-425-anemometrs-0563-0425","title":{"rendered":"Testo 425 anemometrs (0563 0425)"},"content":{"rendered":"<p>Testo 425 ir kompakts karst\u0101s stieples anemometrs ar teleskopisku zondi, kas \u012bpa\u0161i izstr\u0101d\u0101ts prec\u012bziem un efekt\u012bviem gaisa \u0101truma, temperat\u016bras un pl\u016bsmas apjoma m\u0113r\u012bjumiem ventil\u0101cijas kan\u0101los. T\u0101 iztur\u012bg\u0101 konstrukcija un netrauc\u0113tais savienojums ar testo Smart App padara to par b\u016btisku instrumentu HVAC speci\u0101listiem.<\/p>\n<p><b>Kop\u0161\u0101k\u0101s funkcijas<\/b><br \/>\n&#8211; Prec\u012bzs gaisa \u0101truma, temperat\u016bras un pl\u016bsmas m\u0113r\u012bjums.<br \/>\n&#8211; Autom\u0101tiska laika un punktu vid\u0113jo v\u0113rt\u012bbu apr\u0113\u0137in\u0101\u0161ana<br \/>\n&#8211; Ar kabeli savienots teleskopiskais zondes izvelkamais garums l\u012bdz 820 mm.<br \/>\n&#8211; Elast\u012bgs m\u0113r\u012bjumiem virs galvas un liela diametra cauru\u013cvados<br \/>\n&#8211; Intuit\u012bva konfigur\u0113\u0161ana un m\u0113r\u012bjumu saglab\u0101\u0161ana, izmantojot testo Smart App.<br \/>\n&#8211; Grafiku v\u0113sture, otr\u0101 ekr\u0101na opcija un datu atmi\u0146a lietotn\u0113.<\/p>\n<p><b>Testo 425 lieto\u0161anas priek\u0161roc\u012bbas<\/b><br \/>\n&#8211; Kompakta un iztur\u012bga konstrukcija ikdienas profesion\u0101lai lieto\u0161anai<br \/>\n&#8211; \u0100tri, viegli un \u013coti prec\u012bzi r\u0101d\u012bjumi<br \/>\n&#8211; Pagarin\u0101ts zondes garums sare\u017e\u0123\u012btiem cauru\u013cvadu apst\u0101k\u013ciem<br \/>\n&#8211; Smart App integr\u0101cija vieglai konfigur\u0113\u0161anai, att\u0113lo\u0161anai un dokument\u0113\u0161anai.<\/p>\n<p>Testo 425 apvieno prec\u012bzu in\u017eeniertehniku un digit\u0101lu \u0113rt\u012bbu, padarot to par jaud\u012bgu r\u012bku efekt\u012bvu un uzticamu HVAC sist\u0113mu uztur\u0113\u0161anai.<\/p>\n<p>Standarta komplekts: testo 425 anemometrs, transport\u0113\u0161anas soma, kalibr\u0113\u0161anas protokols, baterijas.<br \/>\nKods: 0563 0425<\/p>\n<h3>Tehnisk\u0101 inform\u0101cija:<\/h3>\n<ul>\n<li><a href=\"https:\/\/axiomams.eu\/importer\/export\/attachments\/en\/testo-425.pdf\" target=\"_blank\">testo 425.pdf<\/a><\/li>\n<\/ul>\n","protected":false},"excerpt":{"rendered":"<p>Testo 425 ir kompakts karst\u0101s stieples anemometrs ar teleskopisku zondi, kas \u012bpa\u0161i izstr\u0101d\u0101ts prec\u012bziem un efekt\u012bviem gaisa \u0101truma, temperat\u016bras un pl\u016bsmas apjoma m\u0113r\u012bjumiem ventil\u0101cijas kan\u0101los. T\u0101 iztur\u012bg\u0101 konstrukcija un netrauc\u0113tais savienojums ar testo Smart App padara to par b\u016btisku instrumentu HVAC speci\u0101listiem. Kop\u0161\u0101k\u0101s funkcijas &#8211; Prec\u012bzs gaisa \u0101truma, temperat\u016bras un pl\u016bsmas m\u0113r\u012bjums. &#8211; Autom\u0101tiska laika&#8230;<\/p>\n","protected":false},"featured_media":41454,"comment_status":"open","ping_status":"closed","template":"","meta":{"_acf_changed":false},"product_brand":[735],"product_cat":[17722],"product_tag":[],"class_list":{"0":"post-38876","1":"product","2":"type-product","3":"status-publish","4":"has-post-thumbnail","6":"product_brand-testo","7":"product_cat-apgaismojuma-troksna-gaisa-plusmas-merisanai","9":"first","10":"instock","11":"taxable","12":"shipping-taxable","13":"purchasable","14":"product-type-simple"},"acf":[],"yoast_head":"<!-- This site is optimized with the Yoast SEO plugin v27.0 - https:\/\/yoast.com\/product\/yoast-seo-wordpress\/ -->\n<title>Testo 425 anemometrs (0563 0425) - AXIOMA MS<\/title>\n<meta name=\"robots\" content=\"index, follow, max-snippet:-1, max-image-preview:large, max-video-preview:-1\" \/>\n<link rel=\"canonical\" href=\"https:\/\/www.axiomams.eu\/lv\/produktas\/testo-425-anemometrs-0563-0425\" \/>\n<meta property=\"og:locale\" content=\"lv_LV\" \/>\n<meta property=\"og:type\" content=\"article\" \/>\n<meta property=\"og:title\" content=\"Testo 425 anemometrs (0563 0425) - AXIOMA MS\" \/>\n<meta property=\"og:description\" content=\"Testo 425 ir kompakts karst\u0101s stieples anemometrs ar teleskopisku zondi, kas \u012bpa\u0161i izstr\u0101d\u0101ts prec\u012bziem un efekt\u012bviem gaisa \u0101truma, temperat\u016bras un pl\u016bsmas apjoma m\u0113r\u012bjumiem ventil\u0101cijas kan\u0101los. T\u0101 iztur\u012bg\u0101 konstrukcija un netrauc\u0113tais savienojums ar testo Smart App padara to par b\u016btisku instrumentu HVAC speci\u0101listiem. Kop\u0161\u0101k\u0101s funkcijas &#8211; Prec\u012bzs gaisa \u0101truma, temperat\u016bras un pl\u016bsmas m\u0113r\u012bjums. &#8211; Autom\u0101tiska laika...\" \/>\n<meta property=\"og:url\" content=\"https:\/\/www.axiomams.eu\/lv\/produktas\/testo-425-anemometrs-0563-0425\" \/>\n<meta property=\"og:site_name\" content=\"AXIOMA MS\" \/>\n<meta property=\"article:publisher\" content=\"https:\/\/www.facebook.com\/AxiomaMS\" \/>\n<meta property=\"article:modified_time\" content=\"2026-03-25T14:58:46+00:00\" \/>\n<meta property=\"og:image\" content=\"https:\/\/www.axiomams.eu\/wp-content\/uploads\/2025\/09\/4673-6180.jpg\" \/>\n\t<meta property=\"og:image:width\" content=\"800\" \/>\n\t<meta property=\"og:image:height\" content=\"800\" \/>\n\t<meta property=\"og:image:type\" content=\"image\/jpeg\" \/>\n<meta name=\"twitter:card\" content=\"summary_large_image\" \/>\n<meta name=\"twitter:label1\" content=\"Est. reading time\" \/>\n\t<meta name=\"twitter:data1\" content=\"1 minute\" \/>\n<script type=\"application\/ld+json\" class=\"yoast-schema-graph\">{\"@context\":\"https:\/\/schema.org\",\"@graph\":[{\"@type\":\"WebPage\",\"@id\":\"https:\/\/www.axiomams.eu\/lv\/produktas\/testo-425-anemometrs-0563-0425\",\"url\":\"https:\/\/www.axiomams.eu\/lv\/produktas\/testo-425-anemometrs-0563-0425\",\"name\":\"Testo 425 anemometrs (0563 0425) - AXIOMA MS\",\"isPartOf\":{\"@id\":\"https:\/\/www.axiomams.eu\/lv#website\"},\"primaryImageOfPage\":{\"@id\":\"https:\/\/www.axiomams.eu\/lv\/produktas\/testo-425-anemometrs-0563-0425#primaryimage\"},\"image\":{\"@id\":\"https:\/\/www.axiomams.eu\/lv\/produktas\/testo-425-anemometrs-0563-0425#primaryimage\"},\"thumbnailUrl\":\"https:\/\/www.axiomams.eu\/wp-content\/uploads\/2025\/09\/4673-6180.jpg\",\"datePublished\":\"2025-09-23T23:00:33+00:00\",\"dateModified\":\"2026-03-25T14:58:46+00:00\",\"breadcrumb\":{\"@id\":\"https:\/\/www.axiomams.eu\/lv\/produktas\/testo-425-anemometrs-0563-0425#breadcrumb\"},\"inLanguage\":\"lv-LV\",\"potentialAction\":[{\"@type\":\"ReadAction\",\"target\":[\"https:\/\/www.axiomams.eu\/lv\/produktas\/testo-425-anemometrs-0563-0425\"]}]},{\"@type\":\"ImageObject\",\"inLanguage\":\"lv-LV\",\"@id\":\"https:\/\/www.axiomams.eu\/lv\/produktas\/testo-425-anemometrs-0563-0425#primaryimage\",\"url\":\"https:\/\/www.axiomams.eu\/wp-content\/uploads\/2025\/09\/4673-6180.jpg\",\"contentUrl\":\"https:\/\/www.axiomams.eu\/wp-content\/uploads\/2025\/09\/4673-6180.jpg\",\"width\":800,\"height\":800},{\"@type\":\"BreadcrumbList\",\"@id\":\"https:\/\/www.axiomams.eu\/lv\/produktas\/testo-425-anemometrs-0563-0425#breadcrumb\",\"itemListElement\":[{\"@type\":\"ListItem\",\"position\":1,\"name\":\"Home\",\"item\":\"https:\/\/www.axiomams.eu\/lv\"},{\"@type\":\"ListItem\",\"position\":2,\"name\":\"Produkti\",\"item\":\"https:\/\/www.axiomams.eu\/lv\/produkti\"},{\"@type\":\"ListItem\",\"position\":3,\"name\":\"Testo 425 anemometrs (0563 0425)\"}]},{\"@type\":\"WebSite\",\"@id\":\"https:\/\/www.axiomams.eu\/lv#website\",\"url\":\"https:\/\/www.axiomams.eu\/lv\",\"name\":\"AXIOMA MS\",\"description\":\"Terrmovizoriai ir matavimo \u012franga\",\"publisher\":{\"@id\":\"https:\/\/www.axiomams.eu\/lv#organization\"},\"potentialAction\":[{\"@type\":\"SearchAction\",\"target\":{\"@type\":\"EntryPoint\",\"urlTemplate\":\"https:\/\/www.axiomams.eu\/lv?s={search_term_string}\"},\"query-input\":{\"@type\":\"PropertyValueSpecification\",\"valueRequired\":true,\"valueName\":\"search_term_string\"}}],\"inLanguage\":\"lv-LV\"},{\"@type\":\"Organization\",\"@id\":\"https:\/\/www.axiomams.eu\/lv#organization\",\"name\":\"AXIOMA MS\",\"url\":\"https:\/\/www.axiomams.eu\/lv\",\"logo\":{\"@type\":\"ImageObject\",\"inLanguage\":\"lv-LV\",\"@id\":\"https:\/\/www.axiomams.eu\/lv#\/schema\/logo\/image\/\",\"url\":\"https:\/\/www.axiomams.eu\/wp-content\/uploads\/2025\/06\/axioma-logo-2.png\",\"contentUrl\":\"https:\/\/www.axiomams.eu\/wp-content\/uploads\/2025\/06\/axioma-logo-2.png\",\"width\":1200,\"height\":1200,\"caption\":\"AXIOMA MS\"},\"image\":{\"@id\":\"https:\/\/www.axiomams.eu\/lv#\/schema\/logo\/image\/\"},\"sameAs\":[\"https:\/\/www.facebook.com\/AxiomaMS\",\"https:\/\/www.linkedin.com\/company\/axiomams\/\"]}]}<\/script>\n<!-- \/ Yoast SEO plugin. -->","yoast_head_json":{"title":"Testo 425 anemometrs (0563 0425) - AXIOMA MS","robots":{"index":"index","follow":"follow","max-snippet":"max-snippet:-1","max-image-preview":"max-image-preview:large","max-video-preview":"max-video-preview:-1"},"canonical":"https:\/\/www.axiomams.eu\/lv\/produktas\/testo-425-anemometrs-0563-0425","og_locale":"lv_LV","og_type":"article","og_title":"Testo 425 anemometrs (0563 0425) - AXIOMA MS","og_description":"Testo 425 ir kompakts karst\u0101s stieples anemometrs ar teleskopisku zondi, kas \u012bpa\u0161i izstr\u0101d\u0101ts prec\u012bziem un efekt\u012bviem gaisa \u0101truma, temperat\u016bras un pl\u016bsmas apjoma m\u0113r\u012bjumiem ventil\u0101cijas kan\u0101los. T\u0101 iztur\u012bg\u0101 konstrukcija un netrauc\u0113tais savienojums ar testo Smart App padara to par b\u016btisku instrumentu HVAC speci\u0101listiem. Kop\u0161\u0101k\u0101s funkcijas &#8211; Prec\u012bzs gaisa \u0101truma, temperat\u016bras un pl\u016bsmas m\u0113r\u012bjums. &#8211; Autom\u0101tiska laika...","og_url":"https:\/\/www.axiomams.eu\/lv\/produktas\/testo-425-anemometrs-0563-0425","og_site_name":"AXIOMA MS","article_publisher":"https:\/\/www.facebook.com\/AxiomaMS","article_modified_time":"2026-03-25T14:58:46+00:00","og_image":[{"width":800,"height":800,"url":"https:\/\/www.axiomams.eu\/wp-content\/uploads\/2025\/09\/4673-6180.jpg","type":"image\/jpeg"}],"twitter_card":"summary_large_image","twitter_misc":{"Est. reading time":"1 minute"},"schema":{"@context":"https:\/\/schema.org","@graph":[{"@type":"WebPage","@id":"https:\/\/www.axiomams.eu\/lv\/produktas\/testo-425-anemometrs-0563-0425","url":"https:\/\/www.axiomams.eu\/lv\/produktas\/testo-425-anemometrs-0563-0425","name":"Testo 425 anemometrs (0563 0425) - AXIOMA MS","isPartOf":{"@id":"https:\/\/www.axiomams.eu\/lv#website"},"primaryImageOfPage":{"@id":"https:\/\/www.axiomams.eu\/lv\/produktas\/testo-425-anemometrs-0563-0425#primaryimage"},"image":{"@id":"https:\/\/www.axiomams.eu\/lv\/produktas\/testo-425-anemometrs-0563-0425#primaryimage"},"thumbnailUrl":"https:\/\/www.axiomams.eu\/wp-content\/uploads\/2025\/09\/4673-6180.jpg","datePublished":"2025-09-23T23:00:33+00:00","dateModified":"2026-03-25T14:58:46+00:00","breadcrumb":{"@id":"https:\/\/www.axiomams.eu\/lv\/produktas\/testo-425-anemometrs-0563-0425#breadcrumb"},"inLanguage":"lv-LV","potentialAction":[{"@type":"ReadAction","target":["https:\/\/www.axiomams.eu\/lv\/produktas\/testo-425-anemometrs-0563-0425"]}]},{"@type":"ImageObject","inLanguage":"lv-LV","@id":"https:\/\/www.axiomams.eu\/lv\/produktas\/testo-425-anemometrs-0563-0425#primaryimage","url":"https:\/\/www.axiomams.eu\/wp-content\/uploads\/2025\/09\/4673-6180.jpg","contentUrl":"https:\/\/www.axiomams.eu\/wp-content\/uploads\/2025\/09\/4673-6180.jpg","width":800,"height":800},{"@type":"BreadcrumbList","@id":"https:\/\/www.axiomams.eu\/lv\/produktas\/testo-425-anemometrs-0563-0425#breadcrumb","itemListElement":[{"@type":"ListItem","position":1,"name":"Home","item":"https:\/\/www.axiomams.eu\/lv"},{"@type":"ListItem","position":2,"name":"Produkti","item":"https:\/\/www.axiomams.eu\/lv\/produkti"},{"@type":"ListItem","position":3,"name":"Testo 425 anemometrs (0563 0425)"}]},{"@type":"WebSite","@id":"https:\/\/www.axiomams.eu\/lv#website","url":"https:\/\/www.axiomams.eu\/lv","name":"AXIOMA MS","description":"Terrmovizoriai ir matavimo \u012franga","publisher":{"@id":"https:\/\/www.axiomams.eu\/lv#organization"},"potentialAction":[{"@type":"SearchAction","target":{"@type":"EntryPoint","urlTemplate":"https:\/\/www.axiomams.eu\/lv?s={search_term_string}"},"query-input":{"@type":"PropertyValueSpecification","valueRequired":true,"valueName":"search_term_string"}}],"inLanguage":"lv-LV"},{"@type":"Organization","@id":"https:\/\/www.axiomams.eu\/lv#organization","name":"AXIOMA MS","url":"https:\/\/www.axiomams.eu\/lv","logo":{"@type":"ImageObject","inLanguage":"lv-LV","@id":"https:\/\/www.axiomams.eu\/lv#\/schema\/logo\/image\/","url":"https:\/\/www.axiomams.eu\/wp-content\/uploads\/2025\/06\/axioma-logo-2.png","contentUrl":"https:\/\/www.axiomams.eu\/wp-content\/uploads\/2025\/06\/axioma-logo-2.png","width":1200,"height":1200,"caption":"AXIOMA MS"},"image":{"@id":"https:\/\/www.axiomams.eu\/lv#\/schema\/logo\/image\/"},"sameAs":["https:\/\/www.facebook.com\/AxiomaMS","https:\/\/www.linkedin.com\/company\/axiomams\/"]}]}},"_links":{"self":[{"href":"https:\/\/www.axiomams.eu\/lv\/wp-json\/wp\/v2\/product\/38876","targetHints":{"allow":["GET"]}}],"collection":[{"href":"https:\/\/www.axiomams.eu\/lv\/wp-json\/wp\/v2\/product"}],"about":[{"href":"https:\/\/www.axiomams.eu\/lv\/wp-json\/wp\/v2\/types\/product"}],"replies":[{"embeddable":true,"href":"https:\/\/www.axiomams.eu\/lv\/wp-json\/wp\/v2\/comments?post=38876"}],"wp:featuredmedia":[{"embeddable":true,"href":"https:\/\/www.axiomams.eu\/lv\/wp-json\/wp\/v2\/media\/41454"}],"wp:attachment":[{"href":"https:\/\/www.axiomams.eu\/lv\/wp-json\/wp\/v2\/media?parent=38876"}],"wp:term":[{"taxonomy":"product_brand","embeddable":true,"href":"https:\/\/www.axiomams.eu\/lv\/wp-json\/wp\/v2\/product_brand?post=38876"},{"taxonomy":"product_cat","embeddable":true,"href":"https:\/\/www.axiomams.eu\/lv\/wp-json\/wp\/v2\/product_cat?post=38876"},{"taxonomy":"product_tag","embeddable":true,"href":"https:\/\/www.axiomams.eu\/lv\/wp-json\/wp\/v2\/product_tag?post=38876"}],"curies":[{"name":"wp","href":"https:\/\/api.w.org\/{rel}","templated":true}]}}