{"id":38879,"date":"2025-09-12T01:00:32","date_gmt":"2025-09-11T23:00:32","guid":{"rendered":"https:\/\/www.axiomams.eu\/produktas\/testo-440-dp-gaisa-atruma-un-iaq-merinstruments-ieskaitot-diferenciala-spiediena-sensoru"},"modified":"2026-03-25T16:58:47","modified_gmt":"2026-03-25T14:58:47","slug":"testo-440-dp-gaisa-atruma-un-iaq-merinstruments-ieskaitot-diferenciala-spiediena-sensoru","status":"publish","type":"product","link":"https:\/\/www.axiomams.eu\/lv\/produktas\/testo-440-dp-gaisa-atruma-un-iaq-merinstruments-ieskaitot-diferenciala-spiediena-sensoru","title":{"rendered":"Testo 440 dP &#8211; gaisa \u0101truma un IAQ m\u0113rinstruments, ieskaitot diferenci\u0101l\u0101 spiediena sensoru"},"content":{"rendered":"<p>Testo 440 dP apvieno kompaktas rokas ier\u012bces priek\u0161roc\u012bbas ar intuit\u012bvu m\u0113r\u012bjumu izv\u0113lni un pla\u0161u gaisa \u0101truma un IAQ zondes izv\u0113li. Tas noz\u012bm\u0113, ka j\u016bs varat dro\u0161i kontrol\u0113t visus gaisa kondicion\u0113\u0161anas un ventil\u0101cijas sist\u0113mu m\u0113r\u012b\u0161anas uzdevumus.<\/p>\n<p>Testo 440 dP gaisa \u0101truma un IAQ m\u0113rinstrumentu var pievienot vai nu pla\u0161am digit\u0101lo zondju kl\u0101stam, Testo Smart Probes, vai daudziem Testo temperat\u016bras zond\u0113m.<\/p>\n<p>Skaidri struktur\u0113tas izv\u0113lnes \u013cauj \u0101tr\u0101k, efekt\u012bv\u0101k un uzticam\u0101k izpild\u012bt attiec\u012bgo m\u0113r\u012bjumu uzdevumu. P\u0101rskatus var eksport\u0113t k\u0101 Excel failus, izmantojot USB interfeisu, vai izdruk\u0101t uz vietas.<\/p>\n<h3>Tehnisk\u0101 inform\u0101cija:<\/h3>\n<ul>\n<li><a href=\"https:\/\/axiomams.eu\/importer\/export\/attachments\/en\/testo-440-dp.pdf\" target=\"_blank\">TESTO 440 dP.pdf<\/a><\/li>\n<\/ul>\n","protected":false},"excerpt":{"rendered":"<p>Testo 440 dP apvieno kompaktas rokas ier\u012bces priek\u0161roc\u012bbas ar intuit\u012bvu m\u0113r\u012bjumu izv\u0113lni un pla\u0161u gaisa \u0101truma un IAQ zondes izv\u0113li. Tas noz\u012bm\u0113, ka j\u016bs varat dro\u0161i kontrol\u0113t visus gaisa kondicion\u0113\u0161anas un ventil\u0101cijas sist\u0113mu m\u0113r\u012b\u0161anas uzdevumus. Testo 440 dP gaisa \u0101truma un IAQ m\u0113rinstrumentu var pievienot vai nu pla\u0161am digit\u0101lo zondju kl\u0101stam, Testo Smart Probes, vai&#8230;<\/p>\n","protected":false},"featured_media":41458,"comment_status":"open","ping_status":"closed","template":"","meta":{"_acf_changed":false},"product_brand":[735],"product_cat":[17726],"product_tag":[],"class_list":{"0":"post-38879","1":"product","2":"type-product","3":"status-publish","4":"has-post-thumbnail","6":"product_brand-testo","7":"product_cat-universalie-merinstrumenti","9":"first","10":"instock","11":"taxable","12":"shipping-taxable","13":"purchasable","14":"product-type-simple"},"acf":[],"yoast_head":"<!-- This site is optimized with the Yoast SEO plugin v27.0 - https:\/\/yoast.com\/product\/yoast-seo-wordpress\/ -->\n<title>Testo 440 dP - gaisa \u0101truma un IAQ m\u0113rinstruments, ieskaitot diferenci\u0101l\u0101 spiediena sensoru - AXIOMA MS<\/title>\n<meta name=\"robots\" content=\"index, follow, max-snippet:-1, max-image-preview:large, max-video-preview:-1\" \/>\n<link rel=\"canonical\" href=\"https:\/\/www.axiomams.eu\/lv\/produktas\/testo-440-dp-gaisa-atruma-un-iaq-merinstruments-ieskaitot-diferenciala-spiediena-sensoru\" \/>\n<meta property=\"og:locale\" content=\"lv_LV\" \/>\n<meta property=\"og:type\" content=\"article\" \/>\n<meta property=\"og:title\" content=\"Testo 440 dP - gaisa \u0101truma un IAQ m\u0113rinstruments, ieskaitot diferenci\u0101l\u0101 spiediena sensoru - AXIOMA MS\" \/>\n<meta property=\"og:description\" content=\"Testo 440 dP apvieno kompaktas rokas ier\u012bces priek\u0161roc\u012bbas ar intuit\u012bvu m\u0113r\u012bjumu izv\u0113lni un pla\u0161u gaisa \u0101truma un IAQ zondes izv\u0113li. Tas noz\u012bm\u0113, ka j\u016bs varat dro\u0161i kontrol\u0113t visus gaisa kondicion\u0113\u0161anas un ventil\u0101cijas sist\u0113mu m\u0113r\u012b\u0161anas uzdevumus. Testo 440 dP gaisa \u0101truma un IAQ m\u0113rinstrumentu var pievienot vai nu pla\u0161am digit\u0101lo zondju kl\u0101stam, Testo Smart Probes, vai...\" \/>\n<meta property=\"og:url\" content=\"https:\/\/www.axiomams.eu\/lv\/produktas\/testo-440-dp-gaisa-atruma-un-iaq-merinstruments-ieskaitot-diferenciala-spiediena-sensoru\" \/>\n<meta property=\"og:site_name\" content=\"AXIOMA MS\" \/>\n<meta property=\"article:publisher\" content=\"https:\/\/www.facebook.com\/AxiomaMS\" \/>\n<meta property=\"article:modified_time\" content=\"2026-03-25T14:58:47+00:00\" \/>\n<meta property=\"og:image\" content=\"https:\/\/www.axiomams.eu\/wp-content\/uploads\/2025\/09\/3521-4762.jpg\" \/>\n\t<meta property=\"og:image:width\" content=\"416\" \/>\n\t<meta property=\"og:image:height\" content=\"416\" \/>\n\t<meta property=\"og:image:type\" content=\"image\/jpeg\" \/>\n<meta name=\"twitter:card\" content=\"summary_large_image\" \/>\n<meta name=\"twitter:label1\" content=\"Est. reading time\" \/>\n\t<meta name=\"twitter:data1\" content=\"1 minute\" \/>\n<script type=\"application\/ld+json\" class=\"yoast-schema-graph\">{\"@context\":\"https:\/\/schema.org\",\"@graph\":[{\"@type\":\"WebPage\",\"@id\":\"https:\/\/www.axiomams.eu\/lv\/produktas\/testo-440-dp-gaisa-atruma-un-iaq-merinstruments-ieskaitot-diferenciala-spiediena-sensoru\",\"url\":\"https:\/\/www.axiomams.eu\/lv\/produktas\/testo-440-dp-gaisa-atruma-un-iaq-merinstruments-ieskaitot-diferenciala-spiediena-sensoru\",\"name\":\"Testo 440 dP - gaisa \u0101truma un IAQ m\u0113rinstruments, ieskaitot diferenci\u0101l\u0101 spiediena sensoru - AXIOMA MS\",\"isPartOf\":{\"@id\":\"https:\/\/www.axiomams.eu\/lv#website\"},\"primaryImageOfPage\":{\"@id\":\"https:\/\/www.axiomams.eu\/lv\/produktas\/testo-440-dp-gaisa-atruma-un-iaq-merinstruments-ieskaitot-diferenciala-spiediena-sensoru#primaryimage\"},\"image\":{\"@id\":\"https:\/\/www.axiomams.eu\/lv\/produktas\/testo-440-dp-gaisa-atruma-un-iaq-merinstruments-ieskaitot-diferenciala-spiediena-sensoru#primaryimage\"},\"thumbnailUrl\":\"https:\/\/www.axiomams.eu\/wp-content\/uploads\/2025\/09\/3521-4762.jpg\",\"datePublished\":\"2025-09-11T23:00:32+00:00\",\"dateModified\":\"2026-03-25T14:58:47+00:00\",\"breadcrumb\":{\"@id\":\"https:\/\/www.axiomams.eu\/lv\/produktas\/testo-440-dp-gaisa-atruma-un-iaq-merinstruments-ieskaitot-diferenciala-spiediena-sensoru#breadcrumb\"},\"inLanguage\":\"lv-LV\",\"potentialAction\":[{\"@type\":\"ReadAction\",\"target\":[\"https:\/\/www.axiomams.eu\/lv\/produktas\/testo-440-dp-gaisa-atruma-un-iaq-merinstruments-ieskaitot-diferenciala-spiediena-sensoru\"]}]},{\"@type\":\"ImageObject\",\"inLanguage\":\"lv-LV\",\"@id\":\"https:\/\/www.axiomams.eu\/lv\/produktas\/testo-440-dp-gaisa-atruma-un-iaq-merinstruments-ieskaitot-diferenciala-spiediena-sensoru#primaryimage\",\"url\":\"https:\/\/www.axiomams.eu\/wp-content\/uploads\/2025\/09\/3521-4762.jpg\",\"contentUrl\":\"https:\/\/www.axiomams.eu\/wp-content\/uploads\/2025\/09\/3521-4762.jpg\",\"width\":416,\"height\":416},{\"@type\":\"BreadcrumbList\",\"@id\":\"https:\/\/www.axiomams.eu\/lv\/produktas\/testo-440-dp-gaisa-atruma-un-iaq-merinstruments-ieskaitot-diferenciala-spiediena-sensoru#breadcrumb\",\"itemListElement\":[{\"@type\":\"ListItem\",\"position\":1,\"name\":\"Home\",\"item\":\"https:\/\/www.axiomams.eu\/lv\"},{\"@type\":\"ListItem\",\"position\":2,\"name\":\"Produkti\",\"item\":\"https:\/\/www.axiomams.eu\/lv\/produkti\"},{\"@type\":\"ListItem\",\"position\":3,\"name\":\"Testo 440 dP &#8211; gaisa \u0101truma un IAQ m\u0113rinstruments, ieskaitot diferenci\u0101l\u0101 spiediena sensoru\"}]},{\"@type\":\"WebSite\",\"@id\":\"https:\/\/www.axiomams.eu\/lv#website\",\"url\":\"https:\/\/www.axiomams.eu\/lv\",\"name\":\"AXIOMA MS\",\"description\":\"Terrmovizoriai ir matavimo \u012franga\",\"publisher\":{\"@id\":\"https:\/\/www.axiomams.eu\/lv#organization\"},\"potentialAction\":[{\"@type\":\"SearchAction\",\"target\":{\"@type\":\"EntryPoint\",\"urlTemplate\":\"https:\/\/www.axiomams.eu\/lv?s={search_term_string}\"},\"query-input\":{\"@type\":\"PropertyValueSpecification\",\"valueRequired\":true,\"valueName\":\"search_term_string\"}}],\"inLanguage\":\"lv-LV\"},{\"@type\":\"Organization\",\"@id\":\"https:\/\/www.axiomams.eu\/lv#organization\",\"name\":\"AXIOMA MS\",\"url\":\"https:\/\/www.axiomams.eu\/lv\",\"logo\":{\"@type\":\"ImageObject\",\"inLanguage\":\"lv-LV\",\"@id\":\"https:\/\/www.axiomams.eu\/lv#\/schema\/logo\/image\/\",\"url\":\"https:\/\/www.axiomams.eu\/wp-content\/uploads\/2025\/06\/axioma-logo-2.png\",\"contentUrl\":\"https:\/\/www.axiomams.eu\/wp-content\/uploads\/2025\/06\/axioma-logo-2.png\",\"width\":1200,\"height\":1200,\"caption\":\"AXIOMA MS\"},\"image\":{\"@id\":\"https:\/\/www.axiomams.eu\/lv#\/schema\/logo\/image\/\"},\"sameAs\":[\"https:\/\/www.facebook.com\/AxiomaMS\",\"https:\/\/www.linkedin.com\/company\/axiomams\/\"]}]}<\/script>\n<!-- \/ Yoast SEO plugin. -->","yoast_head_json":{"title":"Testo 440 dP - gaisa \u0101truma un IAQ m\u0113rinstruments, ieskaitot diferenci\u0101l\u0101 spiediena sensoru - AXIOMA MS","robots":{"index":"index","follow":"follow","max-snippet":"max-snippet:-1","max-image-preview":"max-image-preview:large","max-video-preview":"max-video-preview:-1"},"canonical":"https:\/\/www.axiomams.eu\/lv\/produktas\/testo-440-dp-gaisa-atruma-un-iaq-merinstruments-ieskaitot-diferenciala-spiediena-sensoru","og_locale":"lv_LV","og_type":"article","og_title":"Testo 440 dP - gaisa \u0101truma un IAQ m\u0113rinstruments, ieskaitot diferenci\u0101l\u0101 spiediena sensoru - AXIOMA MS","og_description":"Testo 440 dP apvieno kompaktas rokas ier\u012bces priek\u0161roc\u012bbas ar intuit\u012bvu m\u0113r\u012bjumu izv\u0113lni un pla\u0161u gaisa \u0101truma un IAQ zondes izv\u0113li. Tas noz\u012bm\u0113, ka j\u016bs varat dro\u0161i kontrol\u0113t visus gaisa kondicion\u0113\u0161anas un ventil\u0101cijas sist\u0113mu m\u0113r\u012b\u0161anas uzdevumus. Testo 440 dP gaisa \u0101truma un IAQ m\u0113rinstrumentu var pievienot vai nu pla\u0161am digit\u0101lo zondju kl\u0101stam, Testo Smart Probes, vai...","og_url":"https:\/\/www.axiomams.eu\/lv\/produktas\/testo-440-dp-gaisa-atruma-un-iaq-merinstruments-ieskaitot-diferenciala-spiediena-sensoru","og_site_name":"AXIOMA MS","article_publisher":"https:\/\/www.facebook.com\/AxiomaMS","article_modified_time":"2026-03-25T14:58:47+00:00","og_image":[{"width":416,"height":416,"url":"https:\/\/www.axiomams.eu\/wp-content\/uploads\/2025\/09\/3521-4762.jpg","type":"image\/jpeg"}],"twitter_card":"summary_large_image","twitter_misc":{"Est. reading time":"1 minute"},"schema":{"@context":"https:\/\/schema.org","@graph":[{"@type":"WebPage","@id":"https:\/\/www.axiomams.eu\/lv\/produktas\/testo-440-dp-gaisa-atruma-un-iaq-merinstruments-ieskaitot-diferenciala-spiediena-sensoru","url":"https:\/\/www.axiomams.eu\/lv\/produktas\/testo-440-dp-gaisa-atruma-un-iaq-merinstruments-ieskaitot-diferenciala-spiediena-sensoru","name":"Testo 440 dP - gaisa \u0101truma un IAQ m\u0113rinstruments, ieskaitot diferenci\u0101l\u0101 spiediena sensoru - AXIOMA MS","isPartOf":{"@id":"https:\/\/www.axiomams.eu\/lv#website"},"primaryImageOfPage":{"@id":"https:\/\/www.axiomams.eu\/lv\/produktas\/testo-440-dp-gaisa-atruma-un-iaq-merinstruments-ieskaitot-diferenciala-spiediena-sensoru#primaryimage"},"image":{"@id":"https:\/\/www.axiomams.eu\/lv\/produktas\/testo-440-dp-gaisa-atruma-un-iaq-merinstruments-ieskaitot-diferenciala-spiediena-sensoru#primaryimage"},"thumbnailUrl":"https:\/\/www.axiomams.eu\/wp-content\/uploads\/2025\/09\/3521-4762.jpg","datePublished":"2025-09-11T23:00:32+00:00","dateModified":"2026-03-25T14:58:47+00:00","breadcrumb":{"@id":"https:\/\/www.axiomams.eu\/lv\/produktas\/testo-440-dp-gaisa-atruma-un-iaq-merinstruments-ieskaitot-diferenciala-spiediena-sensoru#breadcrumb"},"inLanguage":"lv-LV","potentialAction":[{"@type":"ReadAction","target":["https:\/\/www.axiomams.eu\/lv\/produktas\/testo-440-dp-gaisa-atruma-un-iaq-merinstruments-ieskaitot-diferenciala-spiediena-sensoru"]}]},{"@type":"ImageObject","inLanguage":"lv-LV","@id":"https:\/\/www.axiomams.eu\/lv\/produktas\/testo-440-dp-gaisa-atruma-un-iaq-merinstruments-ieskaitot-diferenciala-spiediena-sensoru#primaryimage","url":"https:\/\/www.axiomams.eu\/wp-content\/uploads\/2025\/09\/3521-4762.jpg","contentUrl":"https:\/\/www.axiomams.eu\/wp-content\/uploads\/2025\/09\/3521-4762.jpg","width":416,"height":416},{"@type":"BreadcrumbList","@id":"https:\/\/www.axiomams.eu\/lv\/produktas\/testo-440-dp-gaisa-atruma-un-iaq-merinstruments-ieskaitot-diferenciala-spiediena-sensoru#breadcrumb","itemListElement":[{"@type":"ListItem","position":1,"name":"Home","item":"https:\/\/www.axiomams.eu\/lv"},{"@type":"ListItem","position":2,"name":"Produkti","item":"https:\/\/www.axiomams.eu\/lv\/produkti"},{"@type":"ListItem","position":3,"name":"Testo 440 dP &#8211; gaisa \u0101truma un IAQ m\u0113rinstruments, ieskaitot diferenci\u0101l\u0101 spiediena sensoru"}]},{"@type":"WebSite","@id":"https:\/\/www.axiomams.eu\/lv#website","url":"https:\/\/www.axiomams.eu\/lv","name":"AXIOMA MS","description":"Terrmovizoriai ir matavimo \u012franga","publisher":{"@id":"https:\/\/www.axiomams.eu\/lv#organization"},"potentialAction":[{"@type":"SearchAction","target":{"@type":"EntryPoint","urlTemplate":"https:\/\/www.axiomams.eu\/lv?s={search_term_string}"},"query-input":{"@type":"PropertyValueSpecification","valueRequired":true,"valueName":"search_term_string"}}],"inLanguage":"lv-LV"},{"@type":"Organization","@id":"https:\/\/www.axiomams.eu\/lv#organization","name":"AXIOMA MS","url":"https:\/\/www.axiomams.eu\/lv","logo":{"@type":"ImageObject","inLanguage":"lv-LV","@id":"https:\/\/www.axiomams.eu\/lv#\/schema\/logo\/image\/","url":"https:\/\/www.axiomams.eu\/wp-content\/uploads\/2025\/06\/axioma-logo-2.png","contentUrl":"https:\/\/www.axiomams.eu\/wp-content\/uploads\/2025\/06\/axioma-logo-2.png","width":1200,"height":1200,"caption":"AXIOMA MS"},"image":{"@id":"https:\/\/www.axiomams.eu\/lv#\/schema\/logo\/image\/"},"sameAs":["https:\/\/www.facebook.com\/AxiomaMS","https:\/\/www.linkedin.com\/company\/axiomams\/"]}]}},"_links":{"self":[{"href":"https:\/\/www.axiomams.eu\/lv\/wp-json\/wp\/v2\/product\/38879","targetHints":{"allow":["GET"]}}],"collection":[{"href":"https:\/\/www.axiomams.eu\/lv\/wp-json\/wp\/v2\/product"}],"about":[{"href":"https:\/\/www.axiomams.eu\/lv\/wp-json\/wp\/v2\/types\/product"}],"replies":[{"embeddable":true,"href":"https:\/\/www.axiomams.eu\/lv\/wp-json\/wp\/v2\/comments?post=38879"}],"wp:featuredmedia":[{"embeddable":true,"href":"https:\/\/www.axiomams.eu\/lv\/wp-json\/wp\/v2\/media\/41458"}],"wp:attachment":[{"href":"https:\/\/www.axiomams.eu\/lv\/wp-json\/wp\/v2\/media?parent=38879"}],"wp:term":[{"taxonomy":"product_brand","embeddable":true,"href":"https:\/\/www.axiomams.eu\/lv\/wp-json\/wp\/v2\/product_brand?post=38879"},{"taxonomy":"product_cat","embeddable":true,"href":"https:\/\/www.axiomams.eu\/lv\/wp-json\/wp\/v2\/product_cat?post=38879"},{"taxonomy":"product_tag","embeddable":true,"href":"https:\/\/www.axiomams.eu\/lv\/wp-json\/wp\/v2\/product_tag?post=38879"}],"curies":[{"name":"wp","href":"https:\/\/api.w.org\/{rel}","templated":true}]}}