{"id":38880,"date":"2025-05-15T17:55:53","date_gmt":"2025-05-15T15:55:53","guid":{"rendered":"https:\/\/www.axiomams.eu\/produktas\/qnix-4600-parklajuma-biezuma-merisanas-ierice"},"modified":"2026-03-25T16:58:47","modified_gmt":"2026-03-25T14:58:47","slug":"qnix-4600-parklajuma-biezuma-merisanas-ierice","status":"publish","type":"product","link":"https:\/\/www.axiomams.eu\/lv\/produktas\/qnix-4600-parklajuma-biezuma-merisanas-ierice","title":{"rendered":"Qnix 4600 p\u0101rkl\u0101juma biezuma m\u0113r\u012b\u0161anas ier\u012bce"},"content":{"rendered":"<p>Qnix 4600 p\u0101rkl\u0101juma biezuma m\u0113r\u012b\u0161anas ier\u012bce ir izstr\u0101d\u0101ta pla\u0161am pielietojuma spektram automobi\u013cu un kr\u0101so\u0161anas nozar\u0113. \u0160is kompaktais m\u0113rinstruments \u013cauj veikt \u013coti prec\u012bzus kr\u0101sas un pretkorozijas aizsardz\u012bbas biezuma m\u0113r\u012bjumus gan uz t\u0113rauda un dzelzs, gan ar\u012b uz t\u0101diem kr\u0101sainajiem met\u0101liem k\u0101 alum\u012bnijs, cinks vai var\u0161.<\/p>\n<h3>Tehnisk\u0101 inform\u0101cija:<\/h3>\n<ul>\n<li><a href=\"https:\/\/axiomams.eu\/importer\/export\/attachments\/en\/qnix-4600.pdf\" target=\"_blank\">QNix 4600.pdf<\/a><\/li>\n<\/ul>\n","protected":false},"excerpt":{"rendered":"<p>Qnix 4600 p\u0101rkl\u0101juma biezuma m\u0113r\u012b\u0161anas ier\u012bce ir izstr\u0101d\u0101ta pla\u0161am pielietojuma spektram automobi\u013cu un kr\u0101so\u0161anas nozar\u0113. \u0160is kompaktais m\u0113rinstruments \u013cauj veikt \u013coti prec\u012bzus kr\u0101sas un pretkorozijas aizsardz\u012bbas biezuma m\u0113r\u012bjumus gan uz t\u0113rauda un dzelzs, gan ar\u012b uz t\u0101diem kr\u0101sainajiem met\u0101liem k\u0101 alum\u012bnijs, cinks vai var\u0161. Tehnisk\u0101 inform\u0101cija: QNix 4600.pdf<\/p>\n","protected":false},"featured_media":41462,"comment_status":"open","ping_status":"closed","template":"","meta":{"_acf_changed":false},"product_brand":[7405],"product_cat":[17748],"product_tag":[],"class_list":{"0":"post-38880","1":"product","2":"type-product","3":"status-publish","4":"has-post-thumbnail","6":"product_brand-qnix","7":"product_cat-parklajuma-un-sienas-biezuma-merisanai","9":"first","10":"instock","11":"taxable","12":"shipping-taxable","13":"product-type-simple"},"acf":[],"yoast_head":"<!-- This site is optimized with the Yoast SEO plugin v27.0 - https:\/\/yoast.com\/product\/yoast-seo-wordpress\/ -->\n<title>Qnix 4600 p\u0101rkl\u0101juma biezuma m\u0113r\u012b\u0161anas ier\u012bce - AXIOMA MS<\/title>\n<meta name=\"robots\" content=\"index, follow, max-snippet:-1, max-image-preview:large, max-video-preview:-1\" \/>\n<link rel=\"canonical\" href=\"https:\/\/www.axiomams.eu\/lv\/produktas\/qnix-4600-parklajuma-biezuma-merisanas-ierice\" \/>\n<meta property=\"og:locale\" content=\"lv_LV\" \/>\n<meta property=\"og:type\" content=\"article\" \/>\n<meta property=\"og:title\" content=\"Qnix 4600 p\u0101rkl\u0101juma biezuma m\u0113r\u012b\u0161anas ier\u012bce - AXIOMA MS\" \/>\n<meta property=\"og:description\" content=\"Qnix 4600 p\u0101rkl\u0101juma biezuma m\u0113r\u012b\u0161anas ier\u012bce ir izstr\u0101d\u0101ta pla\u0161am pielietojuma spektram automobi\u013cu un kr\u0101so\u0161anas nozar\u0113. \u0160is kompaktais m\u0113rinstruments \u013cauj veikt \u013coti prec\u012bzus kr\u0101sas un pretkorozijas aizsardz\u012bbas biezuma m\u0113r\u012bjumus gan uz t\u0113rauda un dzelzs, gan ar\u012b uz t\u0101diem kr\u0101sainajiem met\u0101liem k\u0101 alum\u012bnijs, cinks vai var\u0161. Tehnisk\u0101 inform\u0101cija: QNix 4600.pdf\" \/>\n<meta property=\"og:url\" content=\"https:\/\/www.axiomams.eu\/lv\/produktas\/qnix-4600-parklajuma-biezuma-merisanas-ierice\" \/>\n<meta property=\"og:site_name\" content=\"AXIOMA MS\" \/>\n<meta property=\"article:publisher\" content=\"https:\/\/www.facebook.com\/AxiomaMS\" \/>\n<meta property=\"article:modified_time\" content=\"2026-03-25T14:58:47+00:00\" \/>\n<meta property=\"og:image\" content=\"https:\/\/www.axiomams.eu\/wp-content\/uploads\/2025\/08\/292-6157.png\" \/>\n\t<meta property=\"og:image:width\" content=\"1020\" \/>\n\t<meta property=\"og:image:height\" content=\"1020\" \/>\n\t<meta property=\"og:image:type\" content=\"image\/png\" \/>\n<meta name=\"twitter:card\" content=\"summary_large_image\" \/>\n<script type=\"application\/ld+json\" class=\"yoast-schema-graph\">{\"@context\":\"https:\/\/schema.org\",\"@graph\":[{\"@type\":\"WebPage\",\"@id\":\"https:\/\/www.axiomams.eu\/lv\/produktas\/qnix-4600-parklajuma-biezuma-merisanas-ierice\",\"url\":\"https:\/\/www.axiomams.eu\/lv\/produktas\/qnix-4600-parklajuma-biezuma-merisanas-ierice\",\"name\":\"Qnix 4600 p\u0101rkl\u0101juma biezuma m\u0113r\u012b\u0161anas ier\u012bce - AXIOMA MS\",\"isPartOf\":{\"@id\":\"https:\/\/www.axiomams.eu\/lv#website\"},\"primaryImageOfPage\":{\"@id\":\"https:\/\/www.axiomams.eu\/lv\/produktas\/qnix-4600-parklajuma-biezuma-merisanas-ierice#primaryimage\"},\"image\":{\"@id\":\"https:\/\/www.axiomams.eu\/lv\/produktas\/qnix-4600-parklajuma-biezuma-merisanas-ierice#primaryimage\"},\"thumbnailUrl\":\"https:\/\/www.axiomams.eu\/wp-content\/uploads\/2025\/08\/292-6157.png\",\"datePublished\":\"2025-05-15T15:55:53+00:00\",\"dateModified\":\"2026-03-25T14:58:47+00:00\",\"breadcrumb\":{\"@id\":\"https:\/\/www.axiomams.eu\/lv\/produktas\/qnix-4600-parklajuma-biezuma-merisanas-ierice#breadcrumb\"},\"inLanguage\":\"lv-LV\",\"potentialAction\":[{\"@type\":\"ReadAction\",\"target\":[\"https:\/\/www.axiomams.eu\/lv\/produktas\/qnix-4600-parklajuma-biezuma-merisanas-ierice\"]}]},{\"@type\":\"ImageObject\",\"inLanguage\":\"lv-LV\",\"@id\":\"https:\/\/www.axiomams.eu\/lv\/produktas\/qnix-4600-parklajuma-biezuma-merisanas-ierice#primaryimage\",\"url\":\"https:\/\/www.axiomams.eu\/wp-content\/uploads\/2025\/08\/292-6157.png\",\"contentUrl\":\"https:\/\/www.axiomams.eu\/wp-content\/uploads\/2025\/08\/292-6157.png\",\"width\":1020,\"height\":1020},{\"@type\":\"BreadcrumbList\",\"@id\":\"https:\/\/www.axiomams.eu\/lv\/produktas\/qnix-4600-parklajuma-biezuma-merisanas-ierice#breadcrumb\",\"itemListElement\":[{\"@type\":\"ListItem\",\"position\":1,\"name\":\"Home\",\"item\":\"https:\/\/www.axiomams.eu\/lv\"},{\"@type\":\"ListItem\",\"position\":2,\"name\":\"Produkti\",\"item\":\"https:\/\/www.axiomams.eu\/lv\/produkti\"},{\"@type\":\"ListItem\",\"position\":3,\"name\":\"Qnix 4600 p\u0101rkl\u0101juma biezuma m\u0113r\u012b\u0161anas ier\u012bce\"}]},{\"@type\":\"WebSite\",\"@id\":\"https:\/\/www.axiomams.eu\/lv#website\",\"url\":\"https:\/\/www.axiomams.eu\/lv\",\"name\":\"AXIOMA MS\",\"description\":\"Terrmovizoriai ir matavimo \u012franga\",\"publisher\":{\"@id\":\"https:\/\/www.axiomams.eu\/lv#organization\"},\"potentialAction\":[{\"@type\":\"SearchAction\",\"target\":{\"@type\":\"EntryPoint\",\"urlTemplate\":\"https:\/\/www.axiomams.eu\/lv?s={search_term_string}\"},\"query-input\":{\"@type\":\"PropertyValueSpecification\",\"valueRequired\":true,\"valueName\":\"search_term_string\"}}],\"inLanguage\":\"lv-LV\"},{\"@type\":\"Organization\",\"@id\":\"https:\/\/www.axiomams.eu\/lv#organization\",\"name\":\"AXIOMA MS\",\"url\":\"https:\/\/www.axiomams.eu\/lv\",\"logo\":{\"@type\":\"ImageObject\",\"inLanguage\":\"lv-LV\",\"@id\":\"https:\/\/www.axiomams.eu\/lv#\/schema\/logo\/image\/\",\"url\":\"https:\/\/www.axiomams.eu\/wp-content\/uploads\/2025\/06\/axioma-logo-2.png\",\"contentUrl\":\"https:\/\/www.axiomams.eu\/wp-content\/uploads\/2025\/06\/axioma-logo-2.png\",\"width\":1200,\"height\":1200,\"caption\":\"AXIOMA MS\"},\"image\":{\"@id\":\"https:\/\/www.axiomams.eu\/lv#\/schema\/logo\/image\/\"},\"sameAs\":[\"https:\/\/www.facebook.com\/AxiomaMS\",\"https:\/\/www.linkedin.com\/company\/axiomams\/\"]}]}<\/script>\n<!-- \/ Yoast SEO plugin. -->","yoast_head_json":{"title":"Qnix 4600 p\u0101rkl\u0101juma biezuma m\u0113r\u012b\u0161anas ier\u012bce - AXIOMA MS","robots":{"index":"index","follow":"follow","max-snippet":"max-snippet:-1","max-image-preview":"max-image-preview:large","max-video-preview":"max-video-preview:-1"},"canonical":"https:\/\/www.axiomams.eu\/lv\/produktas\/qnix-4600-parklajuma-biezuma-merisanas-ierice","og_locale":"lv_LV","og_type":"article","og_title":"Qnix 4600 p\u0101rkl\u0101juma biezuma m\u0113r\u012b\u0161anas ier\u012bce - AXIOMA MS","og_description":"Qnix 4600 p\u0101rkl\u0101juma biezuma m\u0113r\u012b\u0161anas ier\u012bce ir izstr\u0101d\u0101ta pla\u0161am pielietojuma spektram automobi\u013cu un kr\u0101so\u0161anas nozar\u0113. \u0160is kompaktais m\u0113rinstruments \u013cauj veikt \u013coti prec\u012bzus kr\u0101sas un pretkorozijas aizsardz\u012bbas biezuma m\u0113r\u012bjumus gan uz t\u0113rauda un dzelzs, gan ar\u012b uz t\u0101diem kr\u0101sainajiem met\u0101liem k\u0101 alum\u012bnijs, cinks vai var\u0161. Tehnisk\u0101 inform\u0101cija: QNix 4600.pdf","og_url":"https:\/\/www.axiomams.eu\/lv\/produktas\/qnix-4600-parklajuma-biezuma-merisanas-ierice","og_site_name":"AXIOMA MS","article_publisher":"https:\/\/www.facebook.com\/AxiomaMS","article_modified_time":"2026-03-25T14:58:47+00:00","og_image":[{"width":1020,"height":1020,"url":"https:\/\/www.axiomams.eu\/wp-content\/uploads\/2025\/08\/292-6157.png","type":"image\/png"}],"twitter_card":"summary_large_image","schema":{"@context":"https:\/\/schema.org","@graph":[{"@type":"WebPage","@id":"https:\/\/www.axiomams.eu\/lv\/produktas\/qnix-4600-parklajuma-biezuma-merisanas-ierice","url":"https:\/\/www.axiomams.eu\/lv\/produktas\/qnix-4600-parklajuma-biezuma-merisanas-ierice","name":"Qnix 4600 p\u0101rkl\u0101juma biezuma m\u0113r\u012b\u0161anas ier\u012bce - AXIOMA MS","isPartOf":{"@id":"https:\/\/www.axiomams.eu\/lv#website"},"primaryImageOfPage":{"@id":"https:\/\/www.axiomams.eu\/lv\/produktas\/qnix-4600-parklajuma-biezuma-merisanas-ierice#primaryimage"},"image":{"@id":"https:\/\/www.axiomams.eu\/lv\/produktas\/qnix-4600-parklajuma-biezuma-merisanas-ierice#primaryimage"},"thumbnailUrl":"https:\/\/www.axiomams.eu\/wp-content\/uploads\/2025\/08\/292-6157.png","datePublished":"2025-05-15T15:55:53+00:00","dateModified":"2026-03-25T14:58:47+00:00","breadcrumb":{"@id":"https:\/\/www.axiomams.eu\/lv\/produktas\/qnix-4600-parklajuma-biezuma-merisanas-ierice#breadcrumb"},"inLanguage":"lv-LV","potentialAction":[{"@type":"ReadAction","target":["https:\/\/www.axiomams.eu\/lv\/produktas\/qnix-4600-parklajuma-biezuma-merisanas-ierice"]}]},{"@type":"ImageObject","inLanguage":"lv-LV","@id":"https:\/\/www.axiomams.eu\/lv\/produktas\/qnix-4600-parklajuma-biezuma-merisanas-ierice#primaryimage","url":"https:\/\/www.axiomams.eu\/wp-content\/uploads\/2025\/08\/292-6157.png","contentUrl":"https:\/\/www.axiomams.eu\/wp-content\/uploads\/2025\/08\/292-6157.png","width":1020,"height":1020},{"@type":"BreadcrumbList","@id":"https:\/\/www.axiomams.eu\/lv\/produktas\/qnix-4600-parklajuma-biezuma-merisanas-ierice#breadcrumb","itemListElement":[{"@type":"ListItem","position":1,"name":"Home","item":"https:\/\/www.axiomams.eu\/lv"},{"@type":"ListItem","position":2,"name":"Produkti","item":"https:\/\/www.axiomams.eu\/lv\/produkti"},{"@type":"ListItem","position":3,"name":"Qnix 4600 p\u0101rkl\u0101juma biezuma m\u0113r\u012b\u0161anas ier\u012bce"}]},{"@type":"WebSite","@id":"https:\/\/www.axiomams.eu\/lv#website","url":"https:\/\/www.axiomams.eu\/lv","name":"AXIOMA MS","description":"Terrmovizoriai ir matavimo \u012franga","publisher":{"@id":"https:\/\/www.axiomams.eu\/lv#organization"},"potentialAction":[{"@type":"SearchAction","target":{"@type":"EntryPoint","urlTemplate":"https:\/\/www.axiomams.eu\/lv?s={search_term_string}"},"query-input":{"@type":"PropertyValueSpecification","valueRequired":true,"valueName":"search_term_string"}}],"inLanguage":"lv-LV"},{"@type":"Organization","@id":"https:\/\/www.axiomams.eu\/lv#organization","name":"AXIOMA MS","url":"https:\/\/www.axiomams.eu\/lv","logo":{"@type":"ImageObject","inLanguage":"lv-LV","@id":"https:\/\/www.axiomams.eu\/lv#\/schema\/logo\/image\/","url":"https:\/\/www.axiomams.eu\/wp-content\/uploads\/2025\/06\/axioma-logo-2.png","contentUrl":"https:\/\/www.axiomams.eu\/wp-content\/uploads\/2025\/06\/axioma-logo-2.png","width":1200,"height":1200,"caption":"AXIOMA MS"},"image":{"@id":"https:\/\/www.axiomams.eu\/lv#\/schema\/logo\/image\/"},"sameAs":["https:\/\/www.facebook.com\/AxiomaMS","https:\/\/www.linkedin.com\/company\/axiomams\/"]}]}},"_links":{"self":[{"href":"https:\/\/www.axiomams.eu\/lv\/wp-json\/wp\/v2\/product\/38880","targetHints":{"allow":["GET"]}}],"collection":[{"href":"https:\/\/www.axiomams.eu\/lv\/wp-json\/wp\/v2\/product"}],"about":[{"href":"https:\/\/www.axiomams.eu\/lv\/wp-json\/wp\/v2\/types\/product"}],"replies":[{"embeddable":true,"href":"https:\/\/www.axiomams.eu\/lv\/wp-json\/wp\/v2\/comments?post=38880"}],"wp:featuredmedia":[{"embeddable":true,"href":"https:\/\/www.axiomams.eu\/lv\/wp-json\/wp\/v2\/media\/41462"}],"wp:attachment":[{"href":"https:\/\/www.axiomams.eu\/lv\/wp-json\/wp\/v2\/media?parent=38880"}],"wp:term":[{"taxonomy":"product_brand","embeddable":true,"href":"https:\/\/www.axiomams.eu\/lv\/wp-json\/wp\/v2\/product_brand?post=38880"},{"taxonomy":"product_cat","embeddable":true,"href":"https:\/\/www.axiomams.eu\/lv\/wp-json\/wp\/v2\/product_cat?post=38880"},{"taxonomy":"product_tag","embeddable":true,"href":"https:\/\/www.axiomams.eu\/lv\/wp-json\/wp\/v2\/product_tag?post=38880"}],"curies":[{"name":"wp","href":"https:\/\/api.w.org\/{rel}","templated":true}]}}