{"id":38890,"date":"2025-05-15T17:56:02","date_gmt":"2025-05-15T15:56:02","guid":{"rendered":"https:\/\/www.axiomams.eu\/produktas\/testo-535-digitalais-co2-merinstruments-ar-app-savienojumu-0563-0535"},"modified":"2026-03-25T16:58:51","modified_gmt":"2026-03-25T14:58:51","slug":"testo-535-digitalais-co2-merinstruments-ar-app-savienojumu-0563-0535","status":"publish","type":"product","link":"https:\/\/www.axiomams.eu\/lv\/produktas\/testo-535-digitalais-co2-merinstruments-ar-app-savienojumu-0563-0535","title":{"rendered":"Testo 535 &#8211; Digit\u0101lais CO2 m\u0113rinstruments ar App savienojumu (0563 0535)"},"content":{"rendered":"<p>CO2 m\u0113rinstruments testo 535 ir ide\u0101li piem\u0113rots vienk\u0101r\u0161ai, \u0101trai un prec\u012bzai oglek\u013ca dioks\u012bda satura noteik\u0161anai, lai nodro\u0161in\u0101tu iek\u0161telpu gaisa kvalit\u0101ti un l\u012bdz ar to ar\u012b vesel\u012bbu un veiktsp\u0113ju. Savienojums ar testo Smart App \u013cauj konfigur\u0113t, att\u0113lot (ar\u012b k\u0101 otru ekr\u0101nu) un saglab\u0101t, k\u0101 ar\u012b dokument\u0113t izm\u0113r\u012bt\u0101s v\u0113rt\u012bbas tie\u0161i lietotn\u0113.<\/p>\n<p><b>Standarta komplekts:<\/b> testo 535 Co2 m\u0113rinstruments, transport\u0113\u0161anas soma, kalibr\u0113\u0161anas protokols, baterijas.<\/p>\n<p><iframe loading=\"lazy\" width=\"560\" height=\"315\" src=\"https:\/\/www.youtube.com\/embed\/iZ3_4xtbtmU?si=UCdEonQk5BF1oXTU\" title=\"YouTube video atska\u0146ot\u0101js\" frameborder=\"0\" allow=\"accelerometer; autoplay; clipboard-write; encrypted-media; gyroscope; picture-in-picture; web-share\" referrerpolicy=\"strict-origin-when-cross-origin\" allowfullscreen><\/iframe><\/p>\n<h3>Tehnisk\u0101 inform\u0101cija:<\/h3>\n<ul>\n<li><a href=\"https:\/\/axiomams.eu\/importer\/export\/attachments\/en\/testo-535.pdf\" target=\"_blank\">testo 535.pdf<\/a><\/li>\n<\/ul>\n","protected":false},"excerpt":{"rendered":"<p>CO2 m\u0113rinstruments testo 535 ir ide\u0101li piem\u0113rots vienk\u0101r\u0161ai, \u0101trai un prec\u012bzai oglek\u013ca dioks\u012bda satura noteik\u0161anai, lai nodro\u0161in\u0101tu iek\u0161telpu gaisa kvalit\u0101ti un l\u012bdz ar to ar\u012b vesel\u012bbu un veiktsp\u0113ju. Savienojums ar testo Smart App \u013cauj konfigur\u0113t, att\u0113lot (ar\u012b k\u0101 otru ekr\u0101nu) un saglab\u0101t, k\u0101 ar\u012b dokument\u0113t izm\u0113r\u012bt\u0101s v\u0113rt\u012bbas tie\u0161i lietotn\u0113. Standarta komplekts: testo 535 Co2 m\u0113rinstruments,&#8230;<\/p>\n","protected":false},"featured_media":41482,"comment_status":"open","ping_status":"closed","template":"","meta":{"_acf_changed":false},"product_brand":[735],"product_cat":[17726],"product_tag":[],"class_list":{"0":"post-38890","1":"product","2":"type-product","3":"status-publish","4":"has-post-thumbnail","6":"product_brand-testo","7":"product_cat-universalie-merinstrumenti","9":"first","10":"instock","11":"taxable","12":"shipping-taxable","13":"purchasable","14":"product-type-simple"},"acf":[],"yoast_head":"<!-- This site is optimized with the Yoast SEO plugin v27.0 - https:\/\/yoast.com\/product\/yoast-seo-wordpress\/ -->\n<title>Testo 535 - Digit\u0101lais CO2 m\u0113rinstruments ar App savienojumu (0563 0535) - AXIOMA MS<\/title>\n<meta name=\"robots\" content=\"index, follow, max-snippet:-1, max-image-preview:large, max-video-preview:-1\" \/>\n<link rel=\"canonical\" href=\"https:\/\/www.axiomams.eu\/lv\/produktas\/testo-535-digitalais-co2-merinstruments-ar-app-savienojumu-0563-0535\" \/>\n<meta property=\"og:locale\" content=\"lv_LV\" \/>\n<meta property=\"og:type\" content=\"article\" \/>\n<meta property=\"og:title\" content=\"Testo 535 - Digit\u0101lais CO2 m\u0113rinstruments ar App savienojumu (0563 0535) - AXIOMA MS\" \/>\n<meta property=\"og:description\" content=\"CO2 m\u0113rinstruments testo 535 ir ide\u0101li piem\u0113rots vienk\u0101r\u0161ai, \u0101trai un prec\u012bzai oglek\u013ca dioks\u012bda satura noteik\u0161anai, lai nodro\u0161in\u0101tu iek\u0161telpu gaisa kvalit\u0101ti un l\u012bdz ar to ar\u012b vesel\u012bbu un veiktsp\u0113ju. Savienojums ar testo Smart App \u013cauj konfigur\u0113t, att\u0113lot (ar\u012b k\u0101 otru ekr\u0101nu) un saglab\u0101t, k\u0101 ar\u012b dokument\u0113t izm\u0113r\u012bt\u0101s v\u0113rt\u012bbas tie\u0161i lietotn\u0113. Standarta komplekts: testo 535 Co2 m\u0113rinstruments,...\" \/>\n<meta property=\"og:url\" content=\"https:\/\/www.axiomams.eu\/lv\/produktas\/testo-535-digitalais-co2-merinstruments-ar-app-savienojumu-0563-0535\" \/>\n<meta property=\"og:site_name\" content=\"AXIOMA MS\" \/>\n<meta property=\"article:publisher\" content=\"https:\/\/www.facebook.com\/AxiomaMS\" \/>\n<meta property=\"article:modified_time\" content=\"2026-03-25T14:58:51+00:00\" \/>\n<meta property=\"og:image\" content=\"https:\/\/www.axiomams.eu\/wp-content\/uploads\/2025\/07\/3561-4856.jpg\" \/>\n\t<meta property=\"og:image:width\" content=\"800\" \/>\n\t<meta property=\"og:image:height\" content=\"800\" \/>\n\t<meta property=\"og:image:type\" content=\"image\/jpeg\" \/>\n<meta name=\"twitter:card\" content=\"summary_large_image\" \/>\n<script type=\"application\/ld+json\" class=\"yoast-schema-graph\">{\"@context\":\"https:\/\/schema.org\",\"@graph\":[{\"@type\":\"WebPage\",\"@id\":\"https:\/\/www.axiomams.eu\/lv\/produktas\/testo-535-digitalais-co2-merinstruments-ar-app-savienojumu-0563-0535\",\"url\":\"https:\/\/www.axiomams.eu\/lv\/produktas\/testo-535-digitalais-co2-merinstruments-ar-app-savienojumu-0563-0535\",\"name\":\"Testo 535 - Digit\u0101lais CO2 m\u0113rinstruments ar App savienojumu (0563 0535) - AXIOMA MS\",\"isPartOf\":{\"@id\":\"https:\/\/www.axiomams.eu\/lv#website\"},\"primaryImageOfPage\":{\"@id\":\"https:\/\/www.axiomams.eu\/lv\/produktas\/testo-535-digitalais-co2-merinstruments-ar-app-savienojumu-0563-0535#primaryimage\"},\"image\":{\"@id\":\"https:\/\/www.axiomams.eu\/lv\/produktas\/testo-535-digitalais-co2-merinstruments-ar-app-savienojumu-0563-0535#primaryimage\"},\"thumbnailUrl\":\"https:\/\/www.axiomams.eu\/wp-content\/uploads\/2025\/07\/3561-4856.jpg\",\"datePublished\":\"2025-05-15T15:56:02+00:00\",\"dateModified\":\"2026-03-25T14:58:51+00:00\",\"breadcrumb\":{\"@id\":\"https:\/\/www.axiomams.eu\/lv\/produktas\/testo-535-digitalais-co2-merinstruments-ar-app-savienojumu-0563-0535#breadcrumb\"},\"inLanguage\":\"lv-LV\",\"potentialAction\":[{\"@type\":\"ReadAction\",\"target\":[\"https:\/\/www.axiomams.eu\/lv\/produktas\/testo-535-digitalais-co2-merinstruments-ar-app-savienojumu-0563-0535\"]}]},{\"@type\":\"ImageObject\",\"inLanguage\":\"lv-LV\",\"@id\":\"https:\/\/www.axiomams.eu\/lv\/produktas\/testo-535-digitalais-co2-merinstruments-ar-app-savienojumu-0563-0535#primaryimage\",\"url\":\"https:\/\/www.axiomams.eu\/wp-content\/uploads\/2025\/07\/3561-4856.jpg\",\"contentUrl\":\"https:\/\/www.axiomams.eu\/wp-content\/uploads\/2025\/07\/3561-4856.jpg\",\"width\":800,\"height\":800},{\"@type\":\"BreadcrumbList\",\"@id\":\"https:\/\/www.axiomams.eu\/lv\/produktas\/testo-535-digitalais-co2-merinstruments-ar-app-savienojumu-0563-0535#breadcrumb\",\"itemListElement\":[{\"@type\":\"ListItem\",\"position\":1,\"name\":\"Home\",\"item\":\"https:\/\/www.axiomams.eu\/lv\"},{\"@type\":\"ListItem\",\"position\":2,\"name\":\"Produkti\",\"item\":\"https:\/\/www.axiomams.eu\/lv\/produkti\"},{\"@type\":\"ListItem\",\"position\":3,\"name\":\"Testo 535 &#8211; Digit\u0101lais CO2 m\u0113rinstruments ar App savienojumu (0563 0535)\"}]},{\"@type\":\"WebSite\",\"@id\":\"https:\/\/www.axiomams.eu\/lv#website\",\"url\":\"https:\/\/www.axiomams.eu\/lv\",\"name\":\"AXIOMA MS\",\"description\":\"Terrmovizoriai ir matavimo \u012franga\",\"publisher\":{\"@id\":\"https:\/\/www.axiomams.eu\/lv#organization\"},\"potentialAction\":[{\"@type\":\"SearchAction\",\"target\":{\"@type\":\"EntryPoint\",\"urlTemplate\":\"https:\/\/www.axiomams.eu\/lv?s={search_term_string}\"},\"query-input\":{\"@type\":\"PropertyValueSpecification\",\"valueRequired\":true,\"valueName\":\"search_term_string\"}}],\"inLanguage\":\"lv-LV\"},{\"@type\":\"Organization\",\"@id\":\"https:\/\/www.axiomams.eu\/lv#organization\",\"name\":\"AXIOMA MS\",\"url\":\"https:\/\/www.axiomams.eu\/lv\",\"logo\":{\"@type\":\"ImageObject\",\"inLanguage\":\"lv-LV\",\"@id\":\"https:\/\/www.axiomams.eu\/lv#\/schema\/logo\/image\/\",\"url\":\"https:\/\/www.axiomams.eu\/wp-content\/uploads\/2025\/06\/axioma-logo-2.png\",\"contentUrl\":\"https:\/\/www.axiomams.eu\/wp-content\/uploads\/2025\/06\/axioma-logo-2.png\",\"width\":1200,\"height\":1200,\"caption\":\"AXIOMA MS\"},\"image\":{\"@id\":\"https:\/\/www.axiomams.eu\/lv#\/schema\/logo\/image\/\"},\"sameAs\":[\"https:\/\/www.facebook.com\/AxiomaMS\",\"https:\/\/www.linkedin.com\/company\/axiomams\/\"]}]}<\/script>\n<!-- \/ Yoast SEO plugin. -->","yoast_head_json":{"title":"Testo 535 - Digit\u0101lais CO2 m\u0113rinstruments ar App savienojumu (0563 0535) - AXIOMA MS","robots":{"index":"index","follow":"follow","max-snippet":"max-snippet:-1","max-image-preview":"max-image-preview:large","max-video-preview":"max-video-preview:-1"},"canonical":"https:\/\/www.axiomams.eu\/lv\/produktas\/testo-535-digitalais-co2-merinstruments-ar-app-savienojumu-0563-0535","og_locale":"lv_LV","og_type":"article","og_title":"Testo 535 - Digit\u0101lais CO2 m\u0113rinstruments ar App savienojumu (0563 0535) - AXIOMA MS","og_description":"CO2 m\u0113rinstruments testo 535 ir ide\u0101li piem\u0113rots vienk\u0101r\u0161ai, \u0101trai un prec\u012bzai oglek\u013ca dioks\u012bda satura noteik\u0161anai, lai nodro\u0161in\u0101tu iek\u0161telpu gaisa kvalit\u0101ti un l\u012bdz ar to ar\u012b vesel\u012bbu un veiktsp\u0113ju. Savienojums ar testo Smart App \u013cauj konfigur\u0113t, att\u0113lot (ar\u012b k\u0101 otru ekr\u0101nu) un saglab\u0101t, k\u0101 ar\u012b dokument\u0113t izm\u0113r\u012bt\u0101s v\u0113rt\u012bbas tie\u0161i lietotn\u0113. Standarta komplekts: testo 535 Co2 m\u0113rinstruments,...","og_url":"https:\/\/www.axiomams.eu\/lv\/produktas\/testo-535-digitalais-co2-merinstruments-ar-app-savienojumu-0563-0535","og_site_name":"AXIOMA MS","article_publisher":"https:\/\/www.facebook.com\/AxiomaMS","article_modified_time":"2026-03-25T14:58:51+00:00","og_image":[{"width":800,"height":800,"url":"https:\/\/www.axiomams.eu\/wp-content\/uploads\/2025\/07\/3561-4856.jpg","type":"image\/jpeg"}],"twitter_card":"summary_large_image","schema":{"@context":"https:\/\/schema.org","@graph":[{"@type":"WebPage","@id":"https:\/\/www.axiomams.eu\/lv\/produktas\/testo-535-digitalais-co2-merinstruments-ar-app-savienojumu-0563-0535","url":"https:\/\/www.axiomams.eu\/lv\/produktas\/testo-535-digitalais-co2-merinstruments-ar-app-savienojumu-0563-0535","name":"Testo 535 - Digit\u0101lais CO2 m\u0113rinstruments ar App savienojumu (0563 0535) - AXIOMA MS","isPartOf":{"@id":"https:\/\/www.axiomams.eu\/lv#website"},"primaryImageOfPage":{"@id":"https:\/\/www.axiomams.eu\/lv\/produktas\/testo-535-digitalais-co2-merinstruments-ar-app-savienojumu-0563-0535#primaryimage"},"image":{"@id":"https:\/\/www.axiomams.eu\/lv\/produktas\/testo-535-digitalais-co2-merinstruments-ar-app-savienojumu-0563-0535#primaryimage"},"thumbnailUrl":"https:\/\/www.axiomams.eu\/wp-content\/uploads\/2025\/07\/3561-4856.jpg","datePublished":"2025-05-15T15:56:02+00:00","dateModified":"2026-03-25T14:58:51+00:00","breadcrumb":{"@id":"https:\/\/www.axiomams.eu\/lv\/produktas\/testo-535-digitalais-co2-merinstruments-ar-app-savienojumu-0563-0535#breadcrumb"},"inLanguage":"lv-LV","potentialAction":[{"@type":"ReadAction","target":["https:\/\/www.axiomams.eu\/lv\/produktas\/testo-535-digitalais-co2-merinstruments-ar-app-savienojumu-0563-0535"]}]},{"@type":"ImageObject","inLanguage":"lv-LV","@id":"https:\/\/www.axiomams.eu\/lv\/produktas\/testo-535-digitalais-co2-merinstruments-ar-app-savienojumu-0563-0535#primaryimage","url":"https:\/\/www.axiomams.eu\/wp-content\/uploads\/2025\/07\/3561-4856.jpg","contentUrl":"https:\/\/www.axiomams.eu\/wp-content\/uploads\/2025\/07\/3561-4856.jpg","width":800,"height":800},{"@type":"BreadcrumbList","@id":"https:\/\/www.axiomams.eu\/lv\/produktas\/testo-535-digitalais-co2-merinstruments-ar-app-savienojumu-0563-0535#breadcrumb","itemListElement":[{"@type":"ListItem","position":1,"name":"Home","item":"https:\/\/www.axiomams.eu\/lv"},{"@type":"ListItem","position":2,"name":"Produkti","item":"https:\/\/www.axiomams.eu\/lv\/produkti"},{"@type":"ListItem","position":3,"name":"Testo 535 &#8211; Digit\u0101lais CO2 m\u0113rinstruments ar App savienojumu (0563 0535)"}]},{"@type":"WebSite","@id":"https:\/\/www.axiomams.eu\/lv#website","url":"https:\/\/www.axiomams.eu\/lv","name":"AXIOMA MS","description":"Terrmovizoriai ir matavimo \u012franga","publisher":{"@id":"https:\/\/www.axiomams.eu\/lv#organization"},"potentialAction":[{"@type":"SearchAction","target":{"@type":"EntryPoint","urlTemplate":"https:\/\/www.axiomams.eu\/lv?s={search_term_string}"},"query-input":{"@type":"PropertyValueSpecification","valueRequired":true,"valueName":"search_term_string"}}],"inLanguage":"lv-LV"},{"@type":"Organization","@id":"https:\/\/www.axiomams.eu\/lv#organization","name":"AXIOMA MS","url":"https:\/\/www.axiomams.eu\/lv","logo":{"@type":"ImageObject","inLanguage":"lv-LV","@id":"https:\/\/www.axiomams.eu\/lv#\/schema\/logo\/image\/","url":"https:\/\/www.axiomams.eu\/wp-content\/uploads\/2025\/06\/axioma-logo-2.png","contentUrl":"https:\/\/www.axiomams.eu\/wp-content\/uploads\/2025\/06\/axioma-logo-2.png","width":1200,"height":1200,"caption":"AXIOMA MS"},"image":{"@id":"https:\/\/www.axiomams.eu\/lv#\/schema\/logo\/image\/"},"sameAs":["https:\/\/www.facebook.com\/AxiomaMS","https:\/\/www.linkedin.com\/company\/axiomams\/"]}]}},"_links":{"self":[{"href":"https:\/\/www.axiomams.eu\/lv\/wp-json\/wp\/v2\/product\/38890","targetHints":{"allow":["GET"]}}],"collection":[{"href":"https:\/\/www.axiomams.eu\/lv\/wp-json\/wp\/v2\/product"}],"about":[{"href":"https:\/\/www.axiomams.eu\/lv\/wp-json\/wp\/v2\/types\/product"}],"replies":[{"embeddable":true,"href":"https:\/\/www.axiomams.eu\/lv\/wp-json\/wp\/v2\/comments?post=38890"}],"wp:featuredmedia":[{"embeddable":true,"href":"https:\/\/www.axiomams.eu\/lv\/wp-json\/wp\/v2\/media\/41482"}],"wp:attachment":[{"href":"https:\/\/www.axiomams.eu\/lv\/wp-json\/wp\/v2\/media?parent=38890"}],"wp:term":[{"taxonomy":"product_brand","embeddable":true,"href":"https:\/\/www.axiomams.eu\/lv\/wp-json\/wp\/v2\/product_brand?post=38890"},{"taxonomy":"product_cat","embeddable":true,"href":"https:\/\/www.axiomams.eu\/lv\/wp-json\/wp\/v2\/product_cat?post=38890"},{"taxonomy":"product_tag","embeddable":true,"href":"https:\/\/www.axiomams.eu\/lv\/wp-json\/wp\/v2\/product_tag?post=38890"}],"curies":[{"name":"wp","href":"https:\/\/api.w.org\/{rel}","templated":true}]}}