{"id":38893,"date":"2025-07-29T01:00:33","date_gmt":"2025-07-28T23:00:33","guid":{"rendered":"https:\/\/www.axiomams.eu\/produktas\/testo-606-2-mitruma-meritajs-0560-6062"},"modified":"2026-03-25T16:58:51","modified_gmt":"2026-03-25T14:58:51","slug":"testo-606-2-mitruma-meritajs-0560-6062","status":"publish","type":"product","link":"https:\/\/www.axiomams.eu\/lv\/produktas\/testo-606-2-mitruma-meritajs-0560-6062","title":{"rendered":"Testo 606-2 mitruma m\u0113r\u012bt\u0101js (0560 6062)"},"content":{"rendered":"<p>Testo 606-2 mitruma m\u0113r\u012bt\u0101js nosaka mitruma saturu koksn\u0113 un b\u016bvmateri\u0101los, k\u0101 ar\u012b temperat\u016bru un mitrumu telp\u0101s.<\/p>\n<p>Mitruma m\u0113r\u012bt\u0101js Testo 606-2:<br \/>\n    Izv\u0113l\u0113ties no 8 da\u017e\u0101diem koksnes veidiem: ozols, priede, k\u013cava, osis, egle, egle, lapegle, b\u0113rzs, \u0137irsis.<br \/>\n    Iesp\u0113jams izv\u0113l\u0113ties no t\u0101diem b\u016bvmateri\u0101liem k\u0101 betons, apmetums, \u0137ie\u0123e\u013ci, \u0123ip\u0161kartons.<br \/>\n    Var m\u0113r\u012bt apk\u0101rt\u0113j\u0101s vides temperat\u016bru un mitrumu<\/p>\n<p>Standarta komplekts: Testo 606-2 mitruma m\u0113r\u012bt\u0101js, aizsargv\u0101ci\u0146\u0161, jostas soma, kalibr\u0113\u0161anas protokols, baterijas.<br \/>\nProdukta kods: 0560 6062<\/p>\n<h3>Tehnisk\u0101 inform\u0101cija:<\/h3>\n<ul>\n<li><a href=\"https:\/\/axiomams.eu\/importer\/export\/attachments\/en\/testo-606.pdf\" target=\"_blank\">testo 606.pdf<\/a><\/li>\n<\/ul>\n","protected":false},"excerpt":{"rendered":"<p>Testo 606-2 mitruma m\u0113r\u012bt\u0101js nosaka mitruma saturu koksn\u0113 un b\u016bvmateri\u0101los, k\u0101 ar\u012b temperat\u016bru un mitrumu telp\u0101s. Mitruma m\u0113r\u012bt\u0101js Testo 606-2: Izv\u0113l\u0113ties no 8 da\u017e\u0101diem koksnes veidiem: ozols, priede, k\u013cava, osis, egle, egle, lapegle, b\u0113rzs, \u0137irsis. Iesp\u0113jams izv\u0113l\u0113ties no t\u0101diem b\u016bvmateri\u0101liem k\u0101 betons, apmetums, \u0137ie\u0123e\u013ci, \u0123ip\u0161kartons. Var m\u0113r\u012bt apk\u0101rt\u0113j\u0101s vides temperat\u016bru un mitrumu Standarta komplekts: Testo&#8230;<\/p>\n","protected":false},"featured_media":41490,"comment_status":"open","ping_status":"closed","template":"","meta":{"_acf_changed":false},"product_brand":[735],"product_cat":[17721],"product_tag":[],"class_list":{"0":"post-38893","1":"product","2":"type-product","3":"status-publish","4":"has-post-thumbnail","6":"product_brand-testo","7":"product_cat-temperaturas-mitruma-spiediena-merijumiem","9":"first","10":"instock","11":"taxable","12":"shipping-taxable","13":"purchasable","14":"product-type-simple"},"acf":[],"yoast_head":"<!-- This site is optimized with the Yoast SEO plugin v27.0 - https:\/\/yoast.com\/product\/yoast-seo-wordpress\/ -->\n<title>Testo 606-2 mitruma m\u0113r\u012bt\u0101js (0560 6062) - AXIOMA MS<\/title>\n<meta name=\"robots\" content=\"index, follow, max-snippet:-1, max-image-preview:large, max-video-preview:-1\" \/>\n<link rel=\"canonical\" href=\"https:\/\/www.axiomams.eu\/lv\/produktas\/testo-606-2-mitruma-meritajs-0560-6062\" \/>\n<meta property=\"og:locale\" content=\"lv_LV\" \/>\n<meta property=\"og:type\" content=\"article\" \/>\n<meta property=\"og:title\" content=\"Testo 606-2 mitruma m\u0113r\u012bt\u0101js (0560 6062) - AXIOMA MS\" \/>\n<meta property=\"og:description\" content=\"Testo 606-2 mitruma m\u0113r\u012bt\u0101js nosaka mitruma saturu koksn\u0113 un b\u016bvmateri\u0101los, k\u0101 ar\u012b temperat\u016bru un mitrumu telp\u0101s. Mitruma m\u0113r\u012bt\u0101js Testo 606-2: Izv\u0113l\u0113ties no 8 da\u017e\u0101diem koksnes veidiem: ozols, priede, k\u013cava, osis, egle, egle, lapegle, b\u0113rzs, \u0137irsis. Iesp\u0113jams izv\u0113l\u0113ties no t\u0101diem b\u016bvmateri\u0101liem k\u0101 betons, apmetums, \u0137ie\u0123e\u013ci, \u0123ip\u0161kartons. Var m\u0113r\u012bt apk\u0101rt\u0113j\u0101s vides temperat\u016bru un mitrumu Standarta komplekts: Testo...\" \/>\n<meta property=\"og:url\" content=\"https:\/\/www.axiomams.eu\/lv\/produktas\/testo-606-2-mitruma-meritajs-0560-6062\" \/>\n<meta property=\"og:site_name\" content=\"AXIOMA MS\" \/>\n<meta property=\"article:publisher\" content=\"https:\/\/www.facebook.com\/AxiomaMS\" \/>\n<meta property=\"article:modified_time\" content=\"2026-03-25T14:58:51+00:00\" \/>\n<meta property=\"og:image\" content=\"https:\/\/www.axiomams.eu\/wp-content\/uploads\/2025\/07\/2402-3096.jpg\" \/>\n\t<meta property=\"og:image:width\" content=\"600\" \/>\n\t<meta property=\"og:image:height\" content=\"336\" \/>\n\t<meta property=\"og:image:type\" content=\"image\/jpeg\" \/>\n<meta name=\"twitter:card\" content=\"summary_large_image\" \/>\n<meta name=\"twitter:label1\" content=\"Est. reading time\" \/>\n\t<meta name=\"twitter:data1\" content=\"1 minute\" \/>\n<script type=\"application\/ld+json\" class=\"yoast-schema-graph\">{\"@context\":\"https:\/\/schema.org\",\"@graph\":[{\"@type\":\"WebPage\",\"@id\":\"https:\/\/www.axiomams.eu\/lv\/produktas\/testo-606-2-mitruma-meritajs-0560-6062\",\"url\":\"https:\/\/www.axiomams.eu\/lv\/produktas\/testo-606-2-mitruma-meritajs-0560-6062\",\"name\":\"Testo 606-2 mitruma m\u0113r\u012bt\u0101js (0560 6062) - AXIOMA MS\",\"isPartOf\":{\"@id\":\"https:\/\/www.axiomams.eu\/lv#website\"},\"primaryImageOfPage\":{\"@id\":\"https:\/\/www.axiomams.eu\/lv\/produktas\/testo-606-2-mitruma-meritajs-0560-6062#primaryimage\"},\"image\":{\"@id\":\"https:\/\/www.axiomams.eu\/lv\/produktas\/testo-606-2-mitruma-meritajs-0560-6062#primaryimage\"},\"thumbnailUrl\":\"https:\/\/www.axiomams.eu\/wp-content\/uploads\/2025\/07\/2402-3096.jpg\",\"datePublished\":\"2025-07-28T23:00:33+00:00\",\"dateModified\":\"2026-03-25T14:58:51+00:00\",\"breadcrumb\":{\"@id\":\"https:\/\/www.axiomams.eu\/lv\/produktas\/testo-606-2-mitruma-meritajs-0560-6062#breadcrumb\"},\"inLanguage\":\"lv-LV\",\"potentialAction\":[{\"@type\":\"ReadAction\",\"target\":[\"https:\/\/www.axiomams.eu\/lv\/produktas\/testo-606-2-mitruma-meritajs-0560-6062\"]}]},{\"@type\":\"ImageObject\",\"inLanguage\":\"lv-LV\",\"@id\":\"https:\/\/www.axiomams.eu\/lv\/produktas\/testo-606-2-mitruma-meritajs-0560-6062#primaryimage\",\"url\":\"https:\/\/www.axiomams.eu\/wp-content\/uploads\/2025\/07\/2402-3096.jpg\",\"contentUrl\":\"https:\/\/www.axiomams.eu\/wp-content\/uploads\/2025\/07\/2402-3096.jpg\",\"width\":600,\"height\":336},{\"@type\":\"BreadcrumbList\",\"@id\":\"https:\/\/www.axiomams.eu\/lv\/produktas\/testo-606-2-mitruma-meritajs-0560-6062#breadcrumb\",\"itemListElement\":[{\"@type\":\"ListItem\",\"position\":1,\"name\":\"Home\",\"item\":\"https:\/\/www.axiomams.eu\/lv\"},{\"@type\":\"ListItem\",\"position\":2,\"name\":\"Produkti\",\"item\":\"https:\/\/www.axiomams.eu\/lv\/produkti\"},{\"@type\":\"ListItem\",\"position\":3,\"name\":\"Testo 606-2 mitruma m\u0113r\u012bt\u0101js (0560 6062)\"}]},{\"@type\":\"WebSite\",\"@id\":\"https:\/\/www.axiomams.eu\/lv#website\",\"url\":\"https:\/\/www.axiomams.eu\/lv\",\"name\":\"AXIOMA MS\",\"description\":\"Terrmovizoriai ir matavimo \u012franga\",\"publisher\":{\"@id\":\"https:\/\/www.axiomams.eu\/lv#organization\"},\"potentialAction\":[{\"@type\":\"SearchAction\",\"target\":{\"@type\":\"EntryPoint\",\"urlTemplate\":\"https:\/\/www.axiomams.eu\/lv?s={search_term_string}\"},\"query-input\":{\"@type\":\"PropertyValueSpecification\",\"valueRequired\":true,\"valueName\":\"search_term_string\"}}],\"inLanguage\":\"lv-LV\"},{\"@type\":\"Organization\",\"@id\":\"https:\/\/www.axiomams.eu\/lv#organization\",\"name\":\"AXIOMA MS\",\"url\":\"https:\/\/www.axiomams.eu\/lv\",\"logo\":{\"@type\":\"ImageObject\",\"inLanguage\":\"lv-LV\",\"@id\":\"https:\/\/www.axiomams.eu\/lv#\/schema\/logo\/image\/\",\"url\":\"https:\/\/www.axiomams.eu\/wp-content\/uploads\/2025\/06\/axioma-logo-2.png\",\"contentUrl\":\"https:\/\/www.axiomams.eu\/wp-content\/uploads\/2025\/06\/axioma-logo-2.png\",\"width\":1200,\"height\":1200,\"caption\":\"AXIOMA MS\"},\"image\":{\"@id\":\"https:\/\/www.axiomams.eu\/lv#\/schema\/logo\/image\/\"},\"sameAs\":[\"https:\/\/www.facebook.com\/AxiomaMS\",\"https:\/\/www.linkedin.com\/company\/axiomams\/\"]}]}<\/script>\n<!-- \/ Yoast SEO plugin. -->","yoast_head_json":{"title":"Testo 606-2 mitruma m\u0113r\u012bt\u0101js (0560 6062) - AXIOMA MS","robots":{"index":"index","follow":"follow","max-snippet":"max-snippet:-1","max-image-preview":"max-image-preview:large","max-video-preview":"max-video-preview:-1"},"canonical":"https:\/\/www.axiomams.eu\/lv\/produktas\/testo-606-2-mitruma-meritajs-0560-6062","og_locale":"lv_LV","og_type":"article","og_title":"Testo 606-2 mitruma m\u0113r\u012bt\u0101js (0560 6062) - AXIOMA MS","og_description":"Testo 606-2 mitruma m\u0113r\u012bt\u0101js nosaka mitruma saturu koksn\u0113 un b\u016bvmateri\u0101los, k\u0101 ar\u012b temperat\u016bru un mitrumu telp\u0101s. Mitruma m\u0113r\u012bt\u0101js Testo 606-2: Izv\u0113l\u0113ties no 8 da\u017e\u0101diem koksnes veidiem: ozols, priede, k\u013cava, osis, egle, egle, lapegle, b\u0113rzs, \u0137irsis. Iesp\u0113jams izv\u0113l\u0113ties no t\u0101diem b\u016bvmateri\u0101liem k\u0101 betons, apmetums, \u0137ie\u0123e\u013ci, \u0123ip\u0161kartons. Var m\u0113r\u012bt apk\u0101rt\u0113j\u0101s vides temperat\u016bru un mitrumu Standarta komplekts: Testo...","og_url":"https:\/\/www.axiomams.eu\/lv\/produktas\/testo-606-2-mitruma-meritajs-0560-6062","og_site_name":"AXIOMA MS","article_publisher":"https:\/\/www.facebook.com\/AxiomaMS","article_modified_time":"2026-03-25T14:58:51+00:00","og_image":[{"width":600,"height":336,"url":"https:\/\/www.axiomams.eu\/wp-content\/uploads\/2025\/07\/2402-3096.jpg","type":"image\/jpeg"}],"twitter_card":"summary_large_image","twitter_misc":{"Est. reading time":"1 minute"},"schema":{"@context":"https:\/\/schema.org","@graph":[{"@type":"WebPage","@id":"https:\/\/www.axiomams.eu\/lv\/produktas\/testo-606-2-mitruma-meritajs-0560-6062","url":"https:\/\/www.axiomams.eu\/lv\/produktas\/testo-606-2-mitruma-meritajs-0560-6062","name":"Testo 606-2 mitruma m\u0113r\u012bt\u0101js (0560 6062) - AXIOMA MS","isPartOf":{"@id":"https:\/\/www.axiomams.eu\/lv#website"},"primaryImageOfPage":{"@id":"https:\/\/www.axiomams.eu\/lv\/produktas\/testo-606-2-mitruma-meritajs-0560-6062#primaryimage"},"image":{"@id":"https:\/\/www.axiomams.eu\/lv\/produktas\/testo-606-2-mitruma-meritajs-0560-6062#primaryimage"},"thumbnailUrl":"https:\/\/www.axiomams.eu\/wp-content\/uploads\/2025\/07\/2402-3096.jpg","datePublished":"2025-07-28T23:00:33+00:00","dateModified":"2026-03-25T14:58:51+00:00","breadcrumb":{"@id":"https:\/\/www.axiomams.eu\/lv\/produktas\/testo-606-2-mitruma-meritajs-0560-6062#breadcrumb"},"inLanguage":"lv-LV","potentialAction":[{"@type":"ReadAction","target":["https:\/\/www.axiomams.eu\/lv\/produktas\/testo-606-2-mitruma-meritajs-0560-6062"]}]},{"@type":"ImageObject","inLanguage":"lv-LV","@id":"https:\/\/www.axiomams.eu\/lv\/produktas\/testo-606-2-mitruma-meritajs-0560-6062#primaryimage","url":"https:\/\/www.axiomams.eu\/wp-content\/uploads\/2025\/07\/2402-3096.jpg","contentUrl":"https:\/\/www.axiomams.eu\/wp-content\/uploads\/2025\/07\/2402-3096.jpg","width":600,"height":336},{"@type":"BreadcrumbList","@id":"https:\/\/www.axiomams.eu\/lv\/produktas\/testo-606-2-mitruma-meritajs-0560-6062#breadcrumb","itemListElement":[{"@type":"ListItem","position":1,"name":"Home","item":"https:\/\/www.axiomams.eu\/lv"},{"@type":"ListItem","position":2,"name":"Produkti","item":"https:\/\/www.axiomams.eu\/lv\/produkti"},{"@type":"ListItem","position":3,"name":"Testo 606-2 mitruma m\u0113r\u012bt\u0101js (0560 6062)"}]},{"@type":"WebSite","@id":"https:\/\/www.axiomams.eu\/lv#website","url":"https:\/\/www.axiomams.eu\/lv","name":"AXIOMA MS","description":"Terrmovizoriai ir matavimo \u012franga","publisher":{"@id":"https:\/\/www.axiomams.eu\/lv#organization"},"potentialAction":[{"@type":"SearchAction","target":{"@type":"EntryPoint","urlTemplate":"https:\/\/www.axiomams.eu\/lv?s={search_term_string}"},"query-input":{"@type":"PropertyValueSpecification","valueRequired":true,"valueName":"search_term_string"}}],"inLanguage":"lv-LV"},{"@type":"Organization","@id":"https:\/\/www.axiomams.eu\/lv#organization","name":"AXIOMA MS","url":"https:\/\/www.axiomams.eu\/lv","logo":{"@type":"ImageObject","inLanguage":"lv-LV","@id":"https:\/\/www.axiomams.eu\/lv#\/schema\/logo\/image\/","url":"https:\/\/www.axiomams.eu\/wp-content\/uploads\/2025\/06\/axioma-logo-2.png","contentUrl":"https:\/\/www.axiomams.eu\/wp-content\/uploads\/2025\/06\/axioma-logo-2.png","width":1200,"height":1200,"caption":"AXIOMA MS"},"image":{"@id":"https:\/\/www.axiomams.eu\/lv#\/schema\/logo\/image\/"},"sameAs":["https:\/\/www.facebook.com\/AxiomaMS","https:\/\/www.linkedin.com\/company\/axiomams\/"]}]}},"_links":{"self":[{"href":"https:\/\/www.axiomams.eu\/lv\/wp-json\/wp\/v2\/product\/38893","targetHints":{"allow":["GET"]}}],"collection":[{"href":"https:\/\/www.axiomams.eu\/lv\/wp-json\/wp\/v2\/product"}],"about":[{"href":"https:\/\/www.axiomams.eu\/lv\/wp-json\/wp\/v2\/types\/product"}],"replies":[{"embeddable":true,"href":"https:\/\/www.axiomams.eu\/lv\/wp-json\/wp\/v2\/comments?post=38893"}],"wp:featuredmedia":[{"embeddable":true,"href":"https:\/\/www.axiomams.eu\/lv\/wp-json\/wp\/v2\/media\/41490"}],"wp:attachment":[{"href":"https:\/\/www.axiomams.eu\/lv\/wp-json\/wp\/v2\/media?parent=38893"}],"wp:term":[{"taxonomy":"product_brand","embeddable":true,"href":"https:\/\/www.axiomams.eu\/lv\/wp-json\/wp\/v2\/product_brand?post=38893"},{"taxonomy":"product_cat","embeddable":true,"href":"https:\/\/www.axiomams.eu\/lv\/wp-json\/wp\/v2\/product_cat?post=38893"},{"taxonomy":"product_tag","embeddable":true,"href":"https:\/\/www.axiomams.eu\/lv\/wp-json\/wp\/v2\/product_tag?post=38893"}],"curies":[{"name":"wp","href":"https:\/\/api.w.org\/{rel}","templated":true}]}}