{"id":38896,"date":"2025-09-13T01:00:42","date_gmt":"2025-09-12T23:00:42","guid":{"rendered":"https:\/\/www.axiomams.eu\/produktas\/testo-616-mitruma-meritajs-0560-6160"},"modified":"2026-03-25T16:58:55","modified_gmt":"2026-03-25T14:58:55","slug":"testo-616-mitruma-meritajs-0560-6160","status":"publish","type":"product","link":"https:\/\/www.axiomams.eu\/lv\/produktas\/testo-616-mitruma-meritajs-0560-6160","title":{"rendered":"Testo 616 mitruma m\u0113r\u012bt\u0101js (0560 6160)"},"content":{"rendered":"<p>Profesion\u0101lais mitruma m\u0113r\u012bt\u0101js testo 616 pied\u0101v\u0101 \u0101tru, uzticamu un neinvaz\u012bvu metodi mitruma l\u012bme\u0146a noteik\u0161anai koksn\u0113 un da\u017e\u0101dos b\u016bvmateri\u0101los. Tas ir ide\u0101li piem\u0113rots b\u016bvniec\u012bbas profesion\u0101\u013ciem, restaur\u0101cijas speci\u0101listiem un kokapstr\u0101des meistariem, jo nodro\u0161ina prec\u012bzus r\u0101d\u012bjumus, neboj\u0101jot p\u0101rbaud\u0101mo materi\u0101lu.<\/p>\n<p><b>Vilguma m\u0113r\u012bt\u0101ja testo 616 galven\u0101s funkcijas:<\/b><br \/>\n&#8211; \u0100tri un prec\u012bzi nov\u0113rt\u0113 mitrumu koksn\u0113 un b\u016bvmateri\u0101los.<br \/>\n&#8211; Veic m\u0113r\u012bjumus l\u012bdz 5 cm dzi\u013cum\u0101, neboj\u0101jot virsmas<br \/>\n&#8211; Apr\u012bkots ar 10 iepriek\u0161 iestat\u012bt\u0101m materi\u0101lam specifisk\u0101m raksturl\u012bkn\u0113m<br \/>\n&#8211; Displejs ar aizmugur\u0113jo apgaismojumu, kas nodro\u0161ina vieglu nolas\u0101m\u012bbu v\u0101j\u0101 apgaismojum\u0101<br \/>\n&#8211; Aiztur\u0113\u0161anas funkcija un min\/max atmi\u0146a efekt\u012bvai datu ieg\u016b\u0161anai<br \/>\n&#8211; Ergonomisks dizains \u0113rtai lieto\u0161anai<\/p>\n<p><b>K\u0101 tas darbojas:<\/b><br \/>\nIzv\u0113lieties savam materi\u0101lam piem\u0113rotu raksturl\u012bkni, p\u0113c tam novietojiet m\u0113r\u012b\u0161anas sp\u012bli pret virsmu. Ier\u012bce par\u0101da mitruma saturu procentos attiec\u012bb\u0101 pret materi\u0101la sauso svaru. M\u0113r\u012bjumus var saglab\u0101t, nospie\u017eot vienu pogu.<\/p>\n<p><b>Praktiski lietojumi:<\/b><br \/>\n&#8211; Mitruma boj\u0101jumu noteik\u0161ana sien\u0101s un gr\u012bd\u0101s, izmantojot nesagraujo\u0161u metodi.<br \/>\n&#8211; Iz\u017e\u016b\u0161anas procesa uzraudz\u012bba p\u0113c \u016bdens boj\u0101jumiem, tostarp b\u016bvniec\u012bbas un atjauno\u0161anas darbos.<br \/>\n&#8211; Mitruma l\u012bme\u0146a p\u0101rbaude uzglab\u0101taj\u0101 koksn\u0113 pirms apstr\u0101des galdniec\u012bb\u0101 vai galdniec\u012bb\u0101.<\/p>\n<p>Standarta komplekts: testo 616 mitruma m\u0113r\u012bt\u0101js, kalibr\u0113\u0161anas protokols, baterijas.<br \/>\nKods: 0560 6160<\/p>\n<h3>Tehnisk\u0101 inform\u0101cija:<\/h3>\n<ul>\n<li><a href=\"https:\/\/axiomams.eu\/importer\/export\/attachments\/en\/testo-616.pdf\" target=\"_blank\">testo 616.pdf<\/a><\/li>\n<\/ul>\n","protected":false},"excerpt":{"rendered":"<p>Profesion\u0101lais mitruma m\u0113r\u012bt\u0101js testo 616 pied\u0101v\u0101 \u0101tru, uzticamu un neinvaz\u012bvu metodi mitruma l\u012bme\u0146a noteik\u0161anai koksn\u0113 un da\u017e\u0101dos b\u016bvmateri\u0101los. Tas ir ide\u0101li piem\u0113rots b\u016bvniec\u012bbas profesion\u0101\u013ciem, restaur\u0101cijas speci\u0101listiem un kokapstr\u0101des meistariem, jo nodro\u0161ina prec\u012bzus r\u0101d\u012bjumus, neboj\u0101jot p\u0101rbaud\u0101mo materi\u0101lu. Vilguma m\u0113r\u012bt\u0101ja testo 616 galven\u0101s funkcijas: &#8211; \u0100tri un prec\u012bzi nov\u0113rt\u0113 mitrumu koksn\u0113 un b\u016bvmateri\u0101los. &#8211; Veic m\u0113r\u012bjumus l\u012bdz&#8230;<\/p>\n","protected":false},"featured_media":41496,"comment_status":"open","ping_status":"closed","template":"","meta":{"_acf_changed":false},"product_brand":[735],"product_cat":[17742],"product_tag":[],"class_list":{"0":"post-38896","1":"product","2":"type-product","3":"status-publish","4":"has-post-thumbnail","6":"product_brand-testo","7":"product_cat-materialu-mitruma-merisanai","9":"first","10":"instock","11":"taxable","12":"shipping-taxable","13":"purchasable","14":"product-type-simple"},"acf":[],"yoast_head":"<!-- This site is optimized with the Yoast SEO plugin v27.0 - https:\/\/yoast.com\/product\/yoast-seo-wordpress\/ -->\n<title>Testo 616 mitruma m\u0113r\u012bt\u0101js (0560 6160) - AXIOMA MS<\/title>\n<meta name=\"robots\" content=\"index, follow, max-snippet:-1, max-image-preview:large, max-video-preview:-1\" \/>\n<link rel=\"canonical\" href=\"https:\/\/www.axiomams.eu\/lv\/produktas\/testo-616-mitruma-meritajs-0560-6160\" \/>\n<meta property=\"og:locale\" content=\"lv_LV\" \/>\n<meta property=\"og:type\" content=\"article\" \/>\n<meta property=\"og:title\" content=\"Testo 616 mitruma m\u0113r\u012bt\u0101js (0560 6160) - AXIOMA MS\" \/>\n<meta property=\"og:description\" content=\"Profesion\u0101lais mitruma m\u0113r\u012bt\u0101js testo 616 pied\u0101v\u0101 \u0101tru, uzticamu un neinvaz\u012bvu metodi mitruma l\u012bme\u0146a noteik\u0161anai koksn\u0113 un da\u017e\u0101dos b\u016bvmateri\u0101los. Tas ir ide\u0101li piem\u0113rots b\u016bvniec\u012bbas profesion\u0101\u013ciem, restaur\u0101cijas speci\u0101listiem un kokapstr\u0101des meistariem, jo nodro\u0161ina prec\u012bzus r\u0101d\u012bjumus, neboj\u0101jot p\u0101rbaud\u0101mo materi\u0101lu. Vilguma m\u0113r\u012bt\u0101ja testo 616 galven\u0101s funkcijas: &#8211; \u0100tri un prec\u012bzi nov\u0113rt\u0113 mitrumu koksn\u0113 un b\u016bvmateri\u0101los. &#8211; Veic m\u0113r\u012bjumus l\u012bdz...\" \/>\n<meta property=\"og:url\" content=\"https:\/\/www.axiomams.eu\/lv\/produktas\/testo-616-mitruma-meritajs-0560-6160\" \/>\n<meta property=\"og:site_name\" content=\"AXIOMA MS\" \/>\n<meta property=\"article:publisher\" content=\"https:\/\/www.facebook.com\/AxiomaMS\" \/>\n<meta property=\"article:modified_time\" content=\"2026-03-25T14:58:55+00:00\" \/>\n<meta property=\"og:image\" content=\"https:\/\/www.axiomams.eu\/wp-content\/uploads\/2025\/09\/4667-6168.jpg\" \/>\n\t<meta property=\"og:image:width\" content=\"800\" \/>\n\t<meta property=\"og:image:height\" content=\"800\" \/>\n\t<meta property=\"og:image:type\" content=\"image\/jpeg\" \/>\n<meta name=\"twitter:card\" content=\"summary_large_image\" \/>\n<meta name=\"twitter:label1\" content=\"Est. reading time\" \/>\n\t<meta name=\"twitter:data1\" content=\"1 minute\" \/>\n<script type=\"application\/ld+json\" class=\"yoast-schema-graph\">{\"@context\":\"https:\/\/schema.org\",\"@graph\":[{\"@type\":\"WebPage\",\"@id\":\"https:\/\/www.axiomams.eu\/lv\/produktas\/testo-616-mitruma-meritajs-0560-6160\",\"url\":\"https:\/\/www.axiomams.eu\/lv\/produktas\/testo-616-mitruma-meritajs-0560-6160\",\"name\":\"Testo 616 mitruma m\u0113r\u012bt\u0101js (0560 6160) - AXIOMA MS\",\"isPartOf\":{\"@id\":\"https:\/\/www.axiomams.eu\/lv#website\"},\"primaryImageOfPage\":{\"@id\":\"https:\/\/www.axiomams.eu\/lv\/produktas\/testo-616-mitruma-meritajs-0560-6160#primaryimage\"},\"image\":{\"@id\":\"https:\/\/www.axiomams.eu\/lv\/produktas\/testo-616-mitruma-meritajs-0560-6160#primaryimage\"},\"thumbnailUrl\":\"https:\/\/www.axiomams.eu\/wp-content\/uploads\/2025\/09\/4667-6168.jpg\",\"datePublished\":\"2025-09-12T23:00:42+00:00\",\"dateModified\":\"2026-03-25T14:58:55+00:00\",\"breadcrumb\":{\"@id\":\"https:\/\/www.axiomams.eu\/lv\/produktas\/testo-616-mitruma-meritajs-0560-6160#breadcrumb\"},\"inLanguage\":\"lv-LV\",\"potentialAction\":[{\"@type\":\"ReadAction\",\"target\":[\"https:\/\/www.axiomams.eu\/lv\/produktas\/testo-616-mitruma-meritajs-0560-6160\"]}]},{\"@type\":\"ImageObject\",\"inLanguage\":\"lv-LV\",\"@id\":\"https:\/\/www.axiomams.eu\/lv\/produktas\/testo-616-mitruma-meritajs-0560-6160#primaryimage\",\"url\":\"https:\/\/www.axiomams.eu\/wp-content\/uploads\/2025\/09\/4667-6168.jpg\",\"contentUrl\":\"https:\/\/www.axiomams.eu\/wp-content\/uploads\/2025\/09\/4667-6168.jpg\",\"width\":800,\"height\":800},{\"@type\":\"BreadcrumbList\",\"@id\":\"https:\/\/www.axiomams.eu\/lv\/produktas\/testo-616-mitruma-meritajs-0560-6160#breadcrumb\",\"itemListElement\":[{\"@type\":\"ListItem\",\"position\":1,\"name\":\"Home\",\"item\":\"https:\/\/www.axiomams.eu\/lv\"},{\"@type\":\"ListItem\",\"position\":2,\"name\":\"Produkti\",\"item\":\"https:\/\/www.axiomams.eu\/lv\/produkti\"},{\"@type\":\"ListItem\",\"position\":3,\"name\":\"Testo 616 mitruma m\u0113r\u012bt\u0101js (0560 6160)\"}]},{\"@type\":\"WebSite\",\"@id\":\"https:\/\/www.axiomams.eu\/lv#website\",\"url\":\"https:\/\/www.axiomams.eu\/lv\",\"name\":\"AXIOMA MS\",\"description\":\"Terrmovizoriai ir matavimo \u012franga\",\"publisher\":{\"@id\":\"https:\/\/www.axiomams.eu\/lv#organization\"},\"potentialAction\":[{\"@type\":\"SearchAction\",\"target\":{\"@type\":\"EntryPoint\",\"urlTemplate\":\"https:\/\/www.axiomams.eu\/lv?s={search_term_string}\"},\"query-input\":{\"@type\":\"PropertyValueSpecification\",\"valueRequired\":true,\"valueName\":\"search_term_string\"}}],\"inLanguage\":\"lv-LV\"},{\"@type\":\"Organization\",\"@id\":\"https:\/\/www.axiomams.eu\/lv#organization\",\"name\":\"AXIOMA MS\",\"url\":\"https:\/\/www.axiomams.eu\/lv\",\"logo\":{\"@type\":\"ImageObject\",\"inLanguage\":\"lv-LV\",\"@id\":\"https:\/\/www.axiomams.eu\/lv#\/schema\/logo\/image\/\",\"url\":\"https:\/\/www.axiomams.eu\/wp-content\/uploads\/2025\/06\/axioma-logo-2.png\",\"contentUrl\":\"https:\/\/www.axiomams.eu\/wp-content\/uploads\/2025\/06\/axioma-logo-2.png\",\"width\":1200,\"height\":1200,\"caption\":\"AXIOMA MS\"},\"image\":{\"@id\":\"https:\/\/www.axiomams.eu\/lv#\/schema\/logo\/image\/\"},\"sameAs\":[\"https:\/\/www.facebook.com\/AxiomaMS\",\"https:\/\/www.linkedin.com\/company\/axiomams\/\"]}]}<\/script>\n<!-- \/ Yoast SEO plugin. -->","yoast_head_json":{"title":"Testo 616 mitruma m\u0113r\u012bt\u0101js (0560 6160) - AXIOMA MS","robots":{"index":"index","follow":"follow","max-snippet":"max-snippet:-1","max-image-preview":"max-image-preview:large","max-video-preview":"max-video-preview:-1"},"canonical":"https:\/\/www.axiomams.eu\/lv\/produktas\/testo-616-mitruma-meritajs-0560-6160","og_locale":"lv_LV","og_type":"article","og_title":"Testo 616 mitruma m\u0113r\u012bt\u0101js (0560 6160) - AXIOMA MS","og_description":"Profesion\u0101lais mitruma m\u0113r\u012bt\u0101js testo 616 pied\u0101v\u0101 \u0101tru, uzticamu un neinvaz\u012bvu metodi mitruma l\u012bme\u0146a noteik\u0161anai koksn\u0113 un da\u017e\u0101dos b\u016bvmateri\u0101los. Tas ir ide\u0101li piem\u0113rots b\u016bvniec\u012bbas profesion\u0101\u013ciem, restaur\u0101cijas speci\u0101listiem un kokapstr\u0101des meistariem, jo nodro\u0161ina prec\u012bzus r\u0101d\u012bjumus, neboj\u0101jot p\u0101rbaud\u0101mo materi\u0101lu. Vilguma m\u0113r\u012bt\u0101ja testo 616 galven\u0101s funkcijas: &#8211; \u0100tri un prec\u012bzi nov\u0113rt\u0113 mitrumu koksn\u0113 un b\u016bvmateri\u0101los. &#8211; Veic m\u0113r\u012bjumus l\u012bdz...","og_url":"https:\/\/www.axiomams.eu\/lv\/produktas\/testo-616-mitruma-meritajs-0560-6160","og_site_name":"AXIOMA MS","article_publisher":"https:\/\/www.facebook.com\/AxiomaMS","article_modified_time":"2026-03-25T14:58:55+00:00","og_image":[{"width":800,"height":800,"url":"https:\/\/www.axiomams.eu\/wp-content\/uploads\/2025\/09\/4667-6168.jpg","type":"image\/jpeg"}],"twitter_card":"summary_large_image","twitter_misc":{"Est. reading time":"1 minute"},"schema":{"@context":"https:\/\/schema.org","@graph":[{"@type":"WebPage","@id":"https:\/\/www.axiomams.eu\/lv\/produktas\/testo-616-mitruma-meritajs-0560-6160","url":"https:\/\/www.axiomams.eu\/lv\/produktas\/testo-616-mitruma-meritajs-0560-6160","name":"Testo 616 mitruma m\u0113r\u012bt\u0101js (0560 6160) - AXIOMA MS","isPartOf":{"@id":"https:\/\/www.axiomams.eu\/lv#website"},"primaryImageOfPage":{"@id":"https:\/\/www.axiomams.eu\/lv\/produktas\/testo-616-mitruma-meritajs-0560-6160#primaryimage"},"image":{"@id":"https:\/\/www.axiomams.eu\/lv\/produktas\/testo-616-mitruma-meritajs-0560-6160#primaryimage"},"thumbnailUrl":"https:\/\/www.axiomams.eu\/wp-content\/uploads\/2025\/09\/4667-6168.jpg","datePublished":"2025-09-12T23:00:42+00:00","dateModified":"2026-03-25T14:58:55+00:00","breadcrumb":{"@id":"https:\/\/www.axiomams.eu\/lv\/produktas\/testo-616-mitruma-meritajs-0560-6160#breadcrumb"},"inLanguage":"lv-LV","potentialAction":[{"@type":"ReadAction","target":["https:\/\/www.axiomams.eu\/lv\/produktas\/testo-616-mitruma-meritajs-0560-6160"]}]},{"@type":"ImageObject","inLanguage":"lv-LV","@id":"https:\/\/www.axiomams.eu\/lv\/produktas\/testo-616-mitruma-meritajs-0560-6160#primaryimage","url":"https:\/\/www.axiomams.eu\/wp-content\/uploads\/2025\/09\/4667-6168.jpg","contentUrl":"https:\/\/www.axiomams.eu\/wp-content\/uploads\/2025\/09\/4667-6168.jpg","width":800,"height":800},{"@type":"BreadcrumbList","@id":"https:\/\/www.axiomams.eu\/lv\/produktas\/testo-616-mitruma-meritajs-0560-6160#breadcrumb","itemListElement":[{"@type":"ListItem","position":1,"name":"Home","item":"https:\/\/www.axiomams.eu\/lv"},{"@type":"ListItem","position":2,"name":"Produkti","item":"https:\/\/www.axiomams.eu\/lv\/produkti"},{"@type":"ListItem","position":3,"name":"Testo 616 mitruma m\u0113r\u012bt\u0101js (0560 6160)"}]},{"@type":"WebSite","@id":"https:\/\/www.axiomams.eu\/lv#website","url":"https:\/\/www.axiomams.eu\/lv","name":"AXIOMA MS","description":"Terrmovizoriai ir matavimo \u012franga","publisher":{"@id":"https:\/\/www.axiomams.eu\/lv#organization"},"potentialAction":[{"@type":"SearchAction","target":{"@type":"EntryPoint","urlTemplate":"https:\/\/www.axiomams.eu\/lv?s={search_term_string}"},"query-input":{"@type":"PropertyValueSpecification","valueRequired":true,"valueName":"search_term_string"}}],"inLanguage":"lv-LV"},{"@type":"Organization","@id":"https:\/\/www.axiomams.eu\/lv#organization","name":"AXIOMA MS","url":"https:\/\/www.axiomams.eu\/lv","logo":{"@type":"ImageObject","inLanguage":"lv-LV","@id":"https:\/\/www.axiomams.eu\/lv#\/schema\/logo\/image\/","url":"https:\/\/www.axiomams.eu\/wp-content\/uploads\/2025\/06\/axioma-logo-2.png","contentUrl":"https:\/\/www.axiomams.eu\/wp-content\/uploads\/2025\/06\/axioma-logo-2.png","width":1200,"height":1200,"caption":"AXIOMA MS"},"image":{"@id":"https:\/\/www.axiomams.eu\/lv#\/schema\/logo\/image\/"},"sameAs":["https:\/\/www.facebook.com\/AxiomaMS","https:\/\/www.linkedin.com\/company\/axiomams\/"]}]}},"_links":{"self":[{"href":"https:\/\/www.axiomams.eu\/lv\/wp-json\/wp\/v2\/product\/38896","targetHints":{"allow":["GET"]}}],"collection":[{"href":"https:\/\/www.axiomams.eu\/lv\/wp-json\/wp\/v2\/product"}],"about":[{"href":"https:\/\/www.axiomams.eu\/lv\/wp-json\/wp\/v2\/types\/product"}],"replies":[{"embeddable":true,"href":"https:\/\/www.axiomams.eu\/lv\/wp-json\/wp\/v2\/comments?post=38896"}],"wp:featuredmedia":[{"embeddable":true,"href":"https:\/\/www.axiomams.eu\/lv\/wp-json\/wp\/v2\/media\/41496"}],"wp:attachment":[{"href":"https:\/\/www.axiomams.eu\/lv\/wp-json\/wp\/v2\/media?parent=38896"}],"wp:term":[{"taxonomy":"product_brand","embeddable":true,"href":"https:\/\/www.axiomams.eu\/lv\/wp-json\/wp\/v2\/product_brand?post=38896"},{"taxonomy":"product_cat","embeddable":true,"href":"https:\/\/www.axiomams.eu\/lv\/wp-json\/wp\/v2\/product_cat?post=38896"},{"taxonomy":"product_tag","embeddable":true,"href":"https:\/\/www.axiomams.eu\/lv\/wp-json\/wp\/v2\/product_tag?post=38896"}],"curies":[{"name":"wp","href":"https:\/\/api.w.org\/{rel}","templated":true}]}}