{"id":38898,"date":"2025-09-13T01:00:45","date_gmt":"2025-09-12T23:00:45","guid":{"rendered":"https:\/\/www.axiomams.eu\/produktas\/testo-625-termohigrometrs-0563-1625"},"modified":"2026-03-25T16:58:55","modified_gmt":"2026-03-25T14:58:55","slug":"testo-625-termohigrometrs-0563-1625","status":"publish","type":"product","link":"https:\/\/www.axiomams.eu\/lv\/produktas\/testo-625-termohigrometrs-0563-1625","title":{"rendered":"Testo 625 termohigrometrs (0563 1625)"},"content":{"rendered":"<p>Kompaktais termohigrometrs testo 625 nodro\u0161ina \u0101trus, prec\u012bzus un lietot\u0101jam \u0113rtus gaisa temperat\u016bras un relat\u012bv\u0101 mitruma m\u0113r\u012bjumus, t\u0101p\u0113c tas ir ide\u0101li piem\u0113rots iek\u0161telpu gaisa kvalit\u0101tes nov\u0113rt\u0113\u0161anai vai atbilsto\u0161u vides apst\u0101k\u013cu uztur\u0113\u0161anai noliktav\u0101s.<\/p>\n<p><b>termohigrometra testo 625 galven\u0101s funkcijas:<\/b><br \/>\n&#8211; Prec\u012bzi un \u0101tri m\u0113ra gaisa temperat\u016bru un relat\u012bvo mitrumu.<br \/>\n&#8211; Autom\u0101tiski apr\u0113\u0137ina rasas punktu un mitr\u0101 termometra temperat\u016bru<br \/>\n&#8211; R\u0101da laika un punktu vid\u0113jos r\u0101d\u012bjumus<br \/>\n&#8211; Ska\u0146as sign\u0101ls br\u012bdina, ja tiek p\u0101rsniegtas iestat\u012bt\u0101s robe\u017ev\u0113rt\u012bbas<\/p>\n<p><b>Papla\u0161in\u0101tas funkcijas ar testo Smart App:<\/b><br \/>\n&#8211; Viegli iestatiet un konfigur\u0113jiet m\u0113rinstrumentu<br \/>\n&#8211; Skat\u012bt re\u0101llaika m\u0113r\u012bjumu grafikus k\u0101 otru ekr\u0101nu<br \/>\n&#8211; \u0112rti uzglab\u0101jiet un p\u0101rvaldiet visus m\u0113r\u012bjumu datus<br \/>\n&#8211; Efekt\u012bvi organiz\u0113t klienta un objekta inform\u0101ciju<br \/>\n&#8211; \u0122ener\u0113t un dokument\u0113t m\u0113r\u012bjumu rezult\u0101tus tie\u0161i uz vietas<br \/>\n&#8211; Uzreiz nos\u016btiet profesion\u0101lus zi\u0146ojumus pa e-pastu<\/p>\n<p>Standarta komplekts: testo 625 termohigrometrs, transport\u0113\u0161anas soma, kalibr\u0113\u0161anas protokols, baterijas.<br \/>\nKods: 0563 1625<\/p>\n<p><iframe loading=\"lazy\" width=\"560\" height=\"315\" src=\"https:\/\/www.youtube.com\/embed\/iZ3_4xtbtmU?si=GRoiU2TTfHqVoEMR\" title=\"YouTube video atska\u0146ot\u0101js\" frameborder=\"0\" allow=\"accelerometer; autoplay; clipboard-write; encrypted-media; gyroscope; picture-in-picture; web-share\" referrerpolicy=\"strict-origin-when-cross-origin\" allowfullscreen><\/iframe><\/p>\n<h3>Tehnisk\u0101 inform\u0101cija:<\/h3>\n<ul>\n<li><a href=\"https:\/\/axiomams.eu\/importer\/export\/attachments\/en\/testo-625.pdf\" target=\"_blank\">testo 625.pdf<\/a><\/li>\n<\/ul>\n","protected":false},"excerpt":{"rendered":"<p>Kompaktais termohigrometrs testo 625 nodro\u0161ina \u0101trus, prec\u012bzus un lietot\u0101jam \u0113rtus gaisa temperat\u016bras un relat\u012bv\u0101 mitruma m\u0113r\u012bjumus, t\u0101p\u0113c tas ir ide\u0101li piem\u0113rots iek\u0161telpu gaisa kvalit\u0101tes nov\u0113rt\u0113\u0161anai vai atbilsto\u0161u vides apst\u0101k\u013cu uztur\u0113\u0161anai noliktav\u0101s. termohigrometra testo 625 galven\u0101s funkcijas: &#8211; Prec\u012bzi un \u0101tri m\u0113ra gaisa temperat\u016bru un relat\u012bvo mitrumu. &#8211; Autom\u0101tiski apr\u0113\u0137ina rasas punktu un mitr\u0101 termometra temperat\u016bru&#8230;<\/p>\n","protected":false},"featured_media":41500,"comment_status":"open","ping_status":"closed","template":"","meta":{"_acf_changed":false},"product_brand":[735],"product_cat":[17725],"product_tag":[],"class_list":{"0":"post-38898","1":"product","2":"type-product","3":"status-publish","4":"has-post-thumbnail","6":"product_brand-testo","7":"product_cat-datu-registretaji","9":"first","10":"instock","11":"taxable","12":"shipping-taxable","13":"purchasable","14":"product-type-simple"},"acf":[],"yoast_head":"<!-- This site is optimized with the Yoast SEO plugin v27.0 - https:\/\/yoast.com\/product\/yoast-seo-wordpress\/ -->\n<title>Testo 625 termohigrometrs (0563 1625) - AXIOMA MS<\/title>\n<meta name=\"robots\" content=\"index, follow, max-snippet:-1, max-image-preview:large, max-video-preview:-1\" \/>\n<link rel=\"canonical\" href=\"https:\/\/www.axiomams.eu\/lv\/produktas\/testo-625-termohigrometrs-0563-1625\" \/>\n<meta property=\"og:locale\" content=\"lv_LV\" \/>\n<meta property=\"og:type\" content=\"article\" \/>\n<meta property=\"og:title\" content=\"Testo 625 termohigrometrs (0563 1625) - AXIOMA MS\" \/>\n<meta property=\"og:description\" content=\"Kompaktais termohigrometrs testo 625 nodro\u0161ina \u0101trus, prec\u012bzus un lietot\u0101jam \u0113rtus gaisa temperat\u016bras un relat\u012bv\u0101 mitruma m\u0113r\u012bjumus, t\u0101p\u0113c tas ir ide\u0101li piem\u0113rots iek\u0161telpu gaisa kvalit\u0101tes nov\u0113rt\u0113\u0161anai vai atbilsto\u0161u vides apst\u0101k\u013cu uztur\u0113\u0161anai noliktav\u0101s. termohigrometra testo 625 galven\u0101s funkcijas: &#8211; Prec\u012bzi un \u0101tri m\u0113ra gaisa temperat\u016bru un relat\u012bvo mitrumu. &#8211; Autom\u0101tiski apr\u0113\u0137ina rasas punktu un mitr\u0101 termometra temperat\u016bru...\" \/>\n<meta property=\"og:url\" content=\"https:\/\/www.axiomams.eu\/lv\/produktas\/testo-625-termohigrometrs-0563-1625\" \/>\n<meta property=\"og:site_name\" content=\"AXIOMA MS\" \/>\n<meta property=\"article:publisher\" content=\"https:\/\/www.facebook.com\/AxiomaMS\" \/>\n<meta property=\"article:modified_time\" content=\"2026-03-25T14:58:55+00:00\" \/>\n<meta property=\"og:image\" content=\"https:\/\/www.axiomams.eu\/wp-content\/uploads\/2025\/09\/4668-6169.jpg\" \/>\n\t<meta property=\"og:image:width\" content=\"800\" \/>\n\t<meta property=\"og:image:height\" content=\"800\" \/>\n\t<meta property=\"og:image:type\" content=\"image\/jpeg\" \/>\n<meta name=\"twitter:card\" content=\"summary_large_image\" \/>\n<meta name=\"twitter:label1\" content=\"Est. reading time\" \/>\n\t<meta name=\"twitter:data1\" content=\"1 minute\" \/>\n<script type=\"application\/ld+json\" class=\"yoast-schema-graph\">{\"@context\":\"https:\/\/schema.org\",\"@graph\":[{\"@type\":\"WebPage\",\"@id\":\"https:\/\/www.axiomams.eu\/lv\/produktas\/testo-625-termohigrometrs-0563-1625\",\"url\":\"https:\/\/www.axiomams.eu\/lv\/produktas\/testo-625-termohigrometrs-0563-1625\",\"name\":\"Testo 625 termohigrometrs (0563 1625) - AXIOMA MS\",\"isPartOf\":{\"@id\":\"https:\/\/www.axiomams.eu\/lv#website\"},\"primaryImageOfPage\":{\"@id\":\"https:\/\/www.axiomams.eu\/lv\/produktas\/testo-625-termohigrometrs-0563-1625#primaryimage\"},\"image\":{\"@id\":\"https:\/\/www.axiomams.eu\/lv\/produktas\/testo-625-termohigrometrs-0563-1625#primaryimage\"},\"thumbnailUrl\":\"https:\/\/www.axiomams.eu\/wp-content\/uploads\/2025\/09\/4668-6169.jpg\",\"datePublished\":\"2025-09-12T23:00:45+00:00\",\"dateModified\":\"2026-03-25T14:58:55+00:00\",\"breadcrumb\":{\"@id\":\"https:\/\/www.axiomams.eu\/lv\/produktas\/testo-625-termohigrometrs-0563-1625#breadcrumb\"},\"inLanguage\":\"lv-LV\",\"potentialAction\":[{\"@type\":\"ReadAction\",\"target\":[\"https:\/\/www.axiomams.eu\/lv\/produktas\/testo-625-termohigrometrs-0563-1625\"]}]},{\"@type\":\"ImageObject\",\"inLanguage\":\"lv-LV\",\"@id\":\"https:\/\/www.axiomams.eu\/lv\/produktas\/testo-625-termohigrometrs-0563-1625#primaryimage\",\"url\":\"https:\/\/www.axiomams.eu\/wp-content\/uploads\/2025\/09\/4668-6169.jpg\",\"contentUrl\":\"https:\/\/www.axiomams.eu\/wp-content\/uploads\/2025\/09\/4668-6169.jpg\",\"width\":800,\"height\":800},{\"@type\":\"BreadcrumbList\",\"@id\":\"https:\/\/www.axiomams.eu\/lv\/produktas\/testo-625-termohigrometrs-0563-1625#breadcrumb\",\"itemListElement\":[{\"@type\":\"ListItem\",\"position\":1,\"name\":\"Home\",\"item\":\"https:\/\/www.axiomams.eu\/lv\"},{\"@type\":\"ListItem\",\"position\":2,\"name\":\"Produkti\",\"item\":\"https:\/\/www.axiomams.eu\/lv\/produkti\"},{\"@type\":\"ListItem\",\"position\":3,\"name\":\"Testo 625 termohigrometrs (0563 1625)\"}]},{\"@type\":\"WebSite\",\"@id\":\"https:\/\/www.axiomams.eu\/lv#website\",\"url\":\"https:\/\/www.axiomams.eu\/lv\",\"name\":\"AXIOMA MS\",\"description\":\"Terrmovizoriai ir matavimo \u012franga\",\"publisher\":{\"@id\":\"https:\/\/www.axiomams.eu\/lv#organization\"},\"potentialAction\":[{\"@type\":\"SearchAction\",\"target\":{\"@type\":\"EntryPoint\",\"urlTemplate\":\"https:\/\/www.axiomams.eu\/lv?s={search_term_string}\"},\"query-input\":{\"@type\":\"PropertyValueSpecification\",\"valueRequired\":true,\"valueName\":\"search_term_string\"}}],\"inLanguage\":\"lv-LV\"},{\"@type\":\"Organization\",\"@id\":\"https:\/\/www.axiomams.eu\/lv#organization\",\"name\":\"AXIOMA MS\",\"url\":\"https:\/\/www.axiomams.eu\/lv\",\"logo\":{\"@type\":\"ImageObject\",\"inLanguage\":\"lv-LV\",\"@id\":\"https:\/\/www.axiomams.eu\/lv#\/schema\/logo\/image\/\",\"url\":\"https:\/\/www.axiomams.eu\/wp-content\/uploads\/2025\/06\/axioma-logo-2.png\",\"contentUrl\":\"https:\/\/www.axiomams.eu\/wp-content\/uploads\/2025\/06\/axioma-logo-2.png\",\"width\":1200,\"height\":1200,\"caption\":\"AXIOMA MS\"},\"image\":{\"@id\":\"https:\/\/www.axiomams.eu\/lv#\/schema\/logo\/image\/\"},\"sameAs\":[\"https:\/\/www.facebook.com\/AxiomaMS\",\"https:\/\/www.linkedin.com\/company\/axiomams\/\"]}]}<\/script>\n<!-- \/ Yoast SEO plugin. -->","yoast_head_json":{"title":"Testo 625 termohigrometrs (0563 1625) - AXIOMA MS","robots":{"index":"index","follow":"follow","max-snippet":"max-snippet:-1","max-image-preview":"max-image-preview:large","max-video-preview":"max-video-preview:-1"},"canonical":"https:\/\/www.axiomams.eu\/lv\/produktas\/testo-625-termohigrometrs-0563-1625","og_locale":"lv_LV","og_type":"article","og_title":"Testo 625 termohigrometrs (0563 1625) - AXIOMA MS","og_description":"Kompaktais termohigrometrs testo 625 nodro\u0161ina \u0101trus, prec\u012bzus un lietot\u0101jam \u0113rtus gaisa temperat\u016bras un relat\u012bv\u0101 mitruma m\u0113r\u012bjumus, t\u0101p\u0113c tas ir ide\u0101li piem\u0113rots iek\u0161telpu gaisa kvalit\u0101tes nov\u0113rt\u0113\u0161anai vai atbilsto\u0161u vides apst\u0101k\u013cu uztur\u0113\u0161anai noliktav\u0101s. termohigrometra testo 625 galven\u0101s funkcijas: &#8211; Prec\u012bzi un \u0101tri m\u0113ra gaisa temperat\u016bru un relat\u012bvo mitrumu. &#8211; Autom\u0101tiski apr\u0113\u0137ina rasas punktu un mitr\u0101 termometra temperat\u016bru...","og_url":"https:\/\/www.axiomams.eu\/lv\/produktas\/testo-625-termohigrometrs-0563-1625","og_site_name":"AXIOMA MS","article_publisher":"https:\/\/www.facebook.com\/AxiomaMS","article_modified_time":"2026-03-25T14:58:55+00:00","og_image":[{"width":800,"height":800,"url":"https:\/\/www.axiomams.eu\/wp-content\/uploads\/2025\/09\/4668-6169.jpg","type":"image\/jpeg"}],"twitter_card":"summary_large_image","twitter_misc":{"Est. reading time":"1 minute"},"schema":{"@context":"https:\/\/schema.org","@graph":[{"@type":"WebPage","@id":"https:\/\/www.axiomams.eu\/lv\/produktas\/testo-625-termohigrometrs-0563-1625","url":"https:\/\/www.axiomams.eu\/lv\/produktas\/testo-625-termohigrometrs-0563-1625","name":"Testo 625 termohigrometrs (0563 1625) - AXIOMA MS","isPartOf":{"@id":"https:\/\/www.axiomams.eu\/lv#website"},"primaryImageOfPage":{"@id":"https:\/\/www.axiomams.eu\/lv\/produktas\/testo-625-termohigrometrs-0563-1625#primaryimage"},"image":{"@id":"https:\/\/www.axiomams.eu\/lv\/produktas\/testo-625-termohigrometrs-0563-1625#primaryimage"},"thumbnailUrl":"https:\/\/www.axiomams.eu\/wp-content\/uploads\/2025\/09\/4668-6169.jpg","datePublished":"2025-09-12T23:00:45+00:00","dateModified":"2026-03-25T14:58:55+00:00","breadcrumb":{"@id":"https:\/\/www.axiomams.eu\/lv\/produktas\/testo-625-termohigrometrs-0563-1625#breadcrumb"},"inLanguage":"lv-LV","potentialAction":[{"@type":"ReadAction","target":["https:\/\/www.axiomams.eu\/lv\/produktas\/testo-625-termohigrometrs-0563-1625"]}]},{"@type":"ImageObject","inLanguage":"lv-LV","@id":"https:\/\/www.axiomams.eu\/lv\/produktas\/testo-625-termohigrometrs-0563-1625#primaryimage","url":"https:\/\/www.axiomams.eu\/wp-content\/uploads\/2025\/09\/4668-6169.jpg","contentUrl":"https:\/\/www.axiomams.eu\/wp-content\/uploads\/2025\/09\/4668-6169.jpg","width":800,"height":800},{"@type":"BreadcrumbList","@id":"https:\/\/www.axiomams.eu\/lv\/produktas\/testo-625-termohigrometrs-0563-1625#breadcrumb","itemListElement":[{"@type":"ListItem","position":1,"name":"Home","item":"https:\/\/www.axiomams.eu\/lv"},{"@type":"ListItem","position":2,"name":"Produkti","item":"https:\/\/www.axiomams.eu\/lv\/produkti"},{"@type":"ListItem","position":3,"name":"Testo 625 termohigrometrs (0563 1625)"}]},{"@type":"WebSite","@id":"https:\/\/www.axiomams.eu\/lv#website","url":"https:\/\/www.axiomams.eu\/lv","name":"AXIOMA MS","description":"Terrmovizoriai ir matavimo \u012franga","publisher":{"@id":"https:\/\/www.axiomams.eu\/lv#organization"},"potentialAction":[{"@type":"SearchAction","target":{"@type":"EntryPoint","urlTemplate":"https:\/\/www.axiomams.eu\/lv?s={search_term_string}"},"query-input":{"@type":"PropertyValueSpecification","valueRequired":true,"valueName":"search_term_string"}}],"inLanguage":"lv-LV"},{"@type":"Organization","@id":"https:\/\/www.axiomams.eu\/lv#organization","name":"AXIOMA MS","url":"https:\/\/www.axiomams.eu\/lv","logo":{"@type":"ImageObject","inLanguage":"lv-LV","@id":"https:\/\/www.axiomams.eu\/lv#\/schema\/logo\/image\/","url":"https:\/\/www.axiomams.eu\/wp-content\/uploads\/2025\/06\/axioma-logo-2.png","contentUrl":"https:\/\/www.axiomams.eu\/wp-content\/uploads\/2025\/06\/axioma-logo-2.png","width":1200,"height":1200,"caption":"AXIOMA MS"},"image":{"@id":"https:\/\/www.axiomams.eu\/lv#\/schema\/logo\/image\/"},"sameAs":["https:\/\/www.facebook.com\/AxiomaMS","https:\/\/www.linkedin.com\/company\/axiomams\/"]}]}},"_links":{"self":[{"href":"https:\/\/www.axiomams.eu\/lv\/wp-json\/wp\/v2\/product\/38898","targetHints":{"allow":["GET"]}}],"collection":[{"href":"https:\/\/www.axiomams.eu\/lv\/wp-json\/wp\/v2\/product"}],"about":[{"href":"https:\/\/www.axiomams.eu\/lv\/wp-json\/wp\/v2\/types\/product"}],"replies":[{"embeddable":true,"href":"https:\/\/www.axiomams.eu\/lv\/wp-json\/wp\/v2\/comments?post=38898"}],"wp:featuredmedia":[{"embeddable":true,"href":"https:\/\/www.axiomams.eu\/lv\/wp-json\/wp\/v2\/media\/41500"}],"wp:attachment":[{"href":"https:\/\/www.axiomams.eu\/lv\/wp-json\/wp\/v2\/media?parent=38898"}],"wp:term":[{"taxonomy":"product_brand","embeddable":true,"href":"https:\/\/www.axiomams.eu\/lv\/wp-json\/wp\/v2\/product_brand?post=38898"},{"taxonomy":"product_cat","embeddable":true,"href":"https:\/\/www.axiomams.eu\/lv\/wp-json\/wp\/v2\/product_cat?post=38898"},{"taxonomy":"product_tag","embeddable":true,"href":"https:\/\/www.axiomams.eu\/lv\/wp-json\/wp\/v2\/product_tag?post=38898"}],"curies":[{"name":"wp","href":"https:\/\/api.w.org\/{rel}","templated":true}]}}