{"id":38902,"date":"2025-05-15T17:56:06","date_gmt":"2025-05-15T15:56:06","guid":{"rendered":"https:\/\/www.axiomams.eu\/produktas\/tr-750adm-mk3-primaras-stravas-iesmidzinasanas-sistema"},"modified":"2026-03-25T16:58:56","modified_gmt":"2026-03-25T14:58:56","slug":"tr-750adm-mk3-primaras-stravas-iesmidzinasanas-sistema","status":"publish","type":"product","link":"https:\/\/www.axiomams.eu\/lv\/produktas\/tr-750adm-mk3-primaras-stravas-iesmidzinasanas-sistema","title":{"rendered":"T&#038;R 750ADM Mk3 prim\u0101r\u0101s str\u0101vas iesmidzin\u0101\u0161anas sist\u0113ma"},"content":{"rendered":"<p>T&#038;R 750ADM Mk3 ir kompakta, iztur\u012bga prim\u0101r\u0101s str\u0101vas iesmidzin\u0101\u0161anas sist\u0113ma ar 750 A izejas jaudu. 750ADM Mk3 maksim\u0101lais spriegums ir 5 V. Ier\u012bce ir ide\u0101li piem\u0113rota visiem mazjaudas prim\u0101r\u0101s str\u0101vas iesmidzin\u0101\u0161anas uzdevumiem, kur \u012bslaic\u012bgi nepiecie\u0161ams l\u012bdz 750 A. Ja prim\u0101rajai iesmidzin\u0101\u0161anai ir nepiecie\u0161amas liel\u0101kas str\u0101vas un jaudas, ir pieejamas 7kVA un 20kVA prim\u0101r\u0101s iesmidzin\u0101\u0161anas sist\u0113mas.<\/p>\n<p>750ADM MK3 ir divas izejas, kas \u013cauj iesmidzin\u0101t str\u0101vu no da\u017eiem simtiem miliamp\u0113ru l\u012bdz pat 750 A. Uz 40 A izejas ir pieejams spriegums l\u012bdz 16 V, kas \u013cauj test\u0113t liel\u0101kas pretest\u012bbas iesl\u0113gumus. Ir nodro\u0161in\u0101ti \u010detri paties\u0101s efekt\u012bv\u0101s kvadr\u0101tisk\u0101s v\u0113rt\u012bbas m\u0113r\u012b\u0161anas diapazoni, kas \u013cauj neatkar\u012bgi no izv\u0113l\u0113t\u0101s izejas iestat\u012bt m\u0113r\u012bt\u0101ja pilno skalu un izsl\u0113g\u0161an\u0101s l\u012bmeni. M\u0113r\u012b\u0161anas laiks ir maz\u0101ks par 20 ms, kas \u013cauj prec\u012bzi izm\u0113r\u012bt viena cikla RMS. Vis\u0101m ieej\u0101m un izej\u0101m ir izmantoti nozares standarta savienot\u0101ji, kas nodro\u0161ina \u0113rt\u012bbu, uzticam\u012bbu un dro\u0161\u012bbu.<\/p>\n<p>750ADM MK3 ir visaptvero\u0161i aizsarg\u0101ts ar elektroniskiem p\u0101rslodzes un termiskiem sl\u0113d\u017eiem. Laika noteik\u0161anas sist\u0113ma ir \u013coti elast\u012bga, neapdraudot lieto\u0161anas \u0113rtumu, \u013caujot \u0101tri un ar augstu precizit\u0101ti izm\u0113r\u012bt iesl\u0113g\u0161an\u0101s, atiestat\u012b\u0161anas un atk\u0101rtotas iesl\u0113g\u0161an\u0101s laikus. Ir nodro\u0161in\u0101tas divas kontaktieejas, no kur\u0101m katru var aktiviz\u0113t ar bezsprieguma kontaktu vai l\u012bdzstr\u0101vas spriegumu. Kontaktu ieejas autom\u0101tiski nosaka, vai kontakts ir norm\u0101li atv\u0113rts vai norm\u0101li aizv\u0113rts.<\/p>\n<p>750ADM-H MK3 prim\u0101ro str\u0101vas iesmidzin\u0101\u0161anas testu komplektu var izmantot daudzu ier\u012b\u010du test\u0113\u0161anai, tostarp:<br \/>\n&#8211; \u0137\u0113des p\u0101rtrauc\u0113jus<br \/>\n&#8211; p\u0101rslodzes releju prim\u0101ro iesmidzin\u0101\u0161anu<br \/>\n&#8211; autom\u0101tiskie sl\u0113d\u017ei<br \/>\n&#8211; MCB<br \/>\n&#8211; CT koeficientu (ar \u0101r\u0113jo sekund\u0101r\u0101s str\u0101vas m\u0113r\u012bt\u0101ju)<\/p>\n<p><b>Tehniskie dati:<\/b><br \/>\n&#8211; Displejs: LCD displejs ar apgaismojumu<br \/>\n&#8211; Str\u0101vas kan\u0101li: 2 (1 x 40 A un 1 x 750 A)<br \/>\n&#8211; Maksim\u0101l\u0101 izejas str\u0101va: 0 A &#8230; 750 A<br \/>\n&#8211; Atv\u0113rt\u0101s \u0137\u0113des spriegums: 5 V @ 750 A un 16 V @ 40 A<br \/>\n&#8211; Darb\u012bbas proced\u016bras: 5 min. iesl\u0113g\u0161ana, 1 min. OFF<br \/>\n&#8211; Str\u0101vas m\u0113r\u012b\u0161anas diapazons: 0 A &#8230; 750 A<br \/>\n&#8211; Iz\u0161\u0137irtsp\u0113ja: 0,01 A \/ 0,1 A \/ 1 A.<br \/>\n&#8211; Precizit\u0101te: \u00b10,5 % no r\u0101d\u012bjuma + 5 dgt<br \/>\n&#8211; Laika sist\u0113mas diapazons: 0 &#8230; 99999,9 s.<br \/>\n&#8211; Iz\u0161\u0137irtsp\u0113ja: 1 ms \/ 10 ms \/ 100 ms<br \/>\n&#8211; Precizit\u0101te: \u00b10,01% no r\u0101d\u012bjuma + 2 dgt<br \/>\n&#8211; Kontaktu ievadi: norm\u0101li atv\u0113rts vai norm\u0101li aizv\u0113rts<br \/>\n&#8211; Kontaktu baro\u0161anas spriegums: 24 &#8230; 240 V DC<br \/>\n&#8211; Darb\u012bbas re\u017e\u012bmi: neakt\u012bvs taimeris, iek\u0161\u0113jais palai\u0161anas re\u017e\u012bms, viens kontakts, divi kontakti un str\u0101vas vad\u012bba<br \/>\n&#8211; Aizsardz\u012bba pret p\u0101rslodzi<\/p>\n<p><b>Visp\u0101r\u0113jie dati:<\/b><br \/>\n&#8211; Savienojums: SAVIENOJUMS: RS232<br \/>\n&#8211; Baro\u0161anas spriegums: 230 V, 50 Hz. Maksim\u0101lais ener\u0123ijas pat\u0113ri\u0146\u0161: 3,9 kVA<br \/>\n&#8211; Darba temperat\u016bra: 0\u00b0C &#8230; 45\u00b0C<br \/>\n&#8211; Svars: 27,4 kg<\/p>\n<p><b>Standarta komplekts:<\/b> ier\u012bce, str\u0101vas vads, n\u0113s\u0101\u0161anas siksna, rokasgr\u0101mata, rezerves dro\u0161in\u0101t\u0101js.<\/p>\n<h3>Tehnisk\u0101 inform\u0101cija:<\/h3>\n<ul>\n<li><a href=\"https:\/\/axiomams.eu\/importer\/export\/attachments\/en\/t-r-750adm-mk3.pdf\" target=\"_blank\">T&#038;R 750ADM Mk3.pdf<\/a><\/li>\n<\/ul>\n","protected":false},"excerpt":{"rendered":"<p>T&#038;R 750ADM Mk3 ir kompakta, iztur\u012bga prim\u0101r\u0101s str\u0101vas iesmidzin\u0101\u0161anas sist\u0113ma ar 750 A izejas jaudu. 750ADM Mk3 maksim\u0101lais spriegums ir 5 V. Ier\u012bce ir ide\u0101li piem\u0113rota visiem mazjaudas prim\u0101r\u0101s str\u0101vas iesmidzin\u0101\u0161anas uzdevumiem, kur \u012bslaic\u012bgi nepiecie\u0161ams l\u012bdz 750 A. Ja prim\u0101rajai iesmidzin\u0101\u0161anai ir nepiecie\u0161amas liel\u0101kas str\u0101vas un jaudas, ir pieejamas 7kVA un 20kVA prim\u0101r\u0101s iesmidzin\u0101\u0161anas sist\u0113mas&#8230;.<\/p>\n","protected":false},"featured_media":41508,"comment_status":"open","ping_status":"closed","template":"","meta":{"_acf_changed":false},"product_brand":[17685],"product_cat":[17713],"product_tag":[],"class_list":{"0":"post-38902","1":"product","2":"type-product","3":"status-publish","4":"has-post-thumbnail","6":"product_brand-tr","7":"product_cat-elektroiekartu-testesanai-un-parbaudei","9":"first","10":"instock","11":"taxable","12":"shipping-taxable","13":"product-type-simple"},"acf":[],"yoast_head":"<!-- This site is optimized with the Yoast SEO plugin v27.0 - https:\/\/yoast.com\/product\/yoast-seo-wordpress\/ -->\n<title>T&amp;R 750ADM Mk3 prim\u0101r\u0101s str\u0101vas iesmidzin\u0101\u0161anas sist\u0113ma - AXIOMA MS<\/title>\n<meta name=\"robots\" content=\"index, follow, max-snippet:-1, max-image-preview:large, max-video-preview:-1\" \/>\n<link rel=\"canonical\" href=\"https:\/\/www.axiomams.eu\/lv\/produktas\/tr-750adm-mk3-primaras-stravas-iesmidzinasanas-sistema\" \/>\n<meta property=\"og:locale\" content=\"lv_LV\" \/>\n<meta property=\"og:type\" content=\"article\" \/>\n<meta property=\"og:title\" content=\"T&amp;R 750ADM Mk3 prim\u0101r\u0101s str\u0101vas iesmidzin\u0101\u0161anas sist\u0113ma - AXIOMA MS\" \/>\n<meta property=\"og:description\" content=\"T&#038;R 750ADM Mk3 ir kompakta, iztur\u012bga prim\u0101r\u0101s str\u0101vas iesmidzin\u0101\u0161anas sist\u0113ma ar 750 A izejas jaudu. 750ADM Mk3 maksim\u0101lais spriegums ir 5 V. Ier\u012bce ir ide\u0101li piem\u0113rota visiem mazjaudas prim\u0101r\u0101s str\u0101vas iesmidzin\u0101\u0161anas uzdevumiem, kur \u012bslaic\u012bgi nepiecie\u0161ams l\u012bdz 750 A. Ja prim\u0101rajai iesmidzin\u0101\u0161anai ir nepiecie\u0161amas liel\u0101kas str\u0101vas un jaudas, ir pieejamas 7kVA un 20kVA prim\u0101r\u0101s iesmidzin\u0101\u0161anas sist\u0113mas....\" \/>\n<meta property=\"og:url\" content=\"https:\/\/www.axiomams.eu\/lv\/produktas\/tr-750adm-mk3-primaras-stravas-iesmidzinasanas-sistema\" \/>\n<meta property=\"og:site_name\" content=\"AXIOMA MS\" \/>\n<meta property=\"article:publisher\" content=\"https:\/\/www.facebook.com\/AxiomaMS\" \/>\n<meta property=\"article:modified_time\" content=\"2026-03-25T14:58:56+00:00\" \/>\n<meta property=\"og:image\" content=\"https:\/\/www.axiomams.eu\/wp-content\/uploads\/2025\/07\/3124-4119.jpg\" \/>\n\t<meta property=\"og:image:width\" content=\"727\" \/>\n\t<meta property=\"og:image:height\" content=\"1020\" \/>\n\t<meta property=\"og:image:type\" content=\"image\/jpeg\" \/>\n<meta name=\"twitter:card\" content=\"summary_large_image\" \/>\n<meta name=\"twitter:label1\" content=\"Est. reading time\" \/>\n\t<meta name=\"twitter:data1\" content=\"3 minutes\" \/>\n<script type=\"application\/ld+json\" class=\"yoast-schema-graph\">{\"@context\":\"https:\/\/schema.org\",\"@graph\":[{\"@type\":\"WebPage\",\"@id\":\"https:\/\/www.axiomams.eu\/lv\/produktas\/tr-750adm-mk3-primaras-stravas-iesmidzinasanas-sistema\",\"url\":\"https:\/\/www.axiomams.eu\/lv\/produktas\/tr-750adm-mk3-primaras-stravas-iesmidzinasanas-sistema\",\"name\":\"T&R 750ADM Mk3 prim\u0101r\u0101s str\u0101vas iesmidzin\u0101\u0161anas sist\u0113ma - AXIOMA MS\",\"isPartOf\":{\"@id\":\"https:\/\/www.axiomams.eu\/lv#website\"},\"primaryImageOfPage\":{\"@id\":\"https:\/\/www.axiomams.eu\/lv\/produktas\/tr-750adm-mk3-primaras-stravas-iesmidzinasanas-sistema#primaryimage\"},\"image\":{\"@id\":\"https:\/\/www.axiomams.eu\/lv\/produktas\/tr-750adm-mk3-primaras-stravas-iesmidzinasanas-sistema#primaryimage\"},\"thumbnailUrl\":\"https:\/\/www.axiomams.eu\/wp-content\/uploads\/2025\/07\/3124-4119.jpg\",\"datePublished\":\"2025-05-15T15:56:06+00:00\",\"dateModified\":\"2026-03-25T14:58:56+00:00\",\"breadcrumb\":{\"@id\":\"https:\/\/www.axiomams.eu\/lv\/produktas\/tr-750adm-mk3-primaras-stravas-iesmidzinasanas-sistema#breadcrumb\"},\"inLanguage\":\"lv-LV\",\"potentialAction\":[{\"@type\":\"ReadAction\",\"target\":[\"https:\/\/www.axiomams.eu\/lv\/produktas\/tr-750adm-mk3-primaras-stravas-iesmidzinasanas-sistema\"]}]},{\"@type\":\"ImageObject\",\"inLanguage\":\"lv-LV\",\"@id\":\"https:\/\/www.axiomams.eu\/lv\/produktas\/tr-750adm-mk3-primaras-stravas-iesmidzinasanas-sistema#primaryimage\",\"url\":\"https:\/\/www.axiomams.eu\/wp-content\/uploads\/2025\/07\/3124-4119.jpg\",\"contentUrl\":\"https:\/\/www.axiomams.eu\/wp-content\/uploads\/2025\/07\/3124-4119.jpg\",\"width\":727,\"height\":1020},{\"@type\":\"BreadcrumbList\",\"@id\":\"https:\/\/www.axiomams.eu\/lv\/produktas\/tr-750adm-mk3-primaras-stravas-iesmidzinasanas-sistema#breadcrumb\",\"itemListElement\":[{\"@type\":\"ListItem\",\"position\":1,\"name\":\"Home\",\"item\":\"https:\/\/www.axiomams.eu\/lv\"},{\"@type\":\"ListItem\",\"position\":2,\"name\":\"Produkti\",\"item\":\"https:\/\/www.axiomams.eu\/lv\/produkti\"},{\"@type\":\"ListItem\",\"position\":3,\"name\":\"T&#038;R 750ADM Mk3 prim\u0101r\u0101s str\u0101vas iesmidzin\u0101\u0161anas sist\u0113ma\"}]},{\"@type\":\"WebSite\",\"@id\":\"https:\/\/www.axiomams.eu\/lv#website\",\"url\":\"https:\/\/www.axiomams.eu\/lv\",\"name\":\"AXIOMA MS\",\"description\":\"Terrmovizoriai ir matavimo \u012franga\",\"publisher\":{\"@id\":\"https:\/\/www.axiomams.eu\/lv#organization\"},\"potentialAction\":[{\"@type\":\"SearchAction\",\"target\":{\"@type\":\"EntryPoint\",\"urlTemplate\":\"https:\/\/www.axiomams.eu\/lv?s={search_term_string}\"},\"query-input\":{\"@type\":\"PropertyValueSpecification\",\"valueRequired\":true,\"valueName\":\"search_term_string\"}}],\"inLanguage\":\"lv-LV\"},{\"@type\":\"Organization\",\"@id\":\"https:\/\/www.axiomams.eu\/lv#organization\",\"name\":\"AXIOMA MS\",\"url\":\"https:\/\/www.axiomams.eu\/lv\",\"logo\":{\"@type\":\"ImageObject\",\"inLanguage\":\"lv-LV\",\"@id\":\"https:\/\/www.axiomams.eu\/lv#\/schema\/logo\/image\/\",\"url\":\"https:\/\/www.axiomams.eu\/wp-content\/uploads\/2025\/06\/axioma-logo-2.png\",\"contentUrl\":\"https:\/\/www.axiomams.eu\/wp-content\/uploads\/2025\/06\/axioma-logo-2.png\",\"width\":1200,\"height\":1200,\"caption\":\"AXIOMA MS\"},\"image\":{\"@id\":\"https:\/\/www.axiomams.eu\/lv#\/schema\/logo\/image\/\"},\"sameAs\":[\"https:\/\/www.facebook.com\/AxiomaMS\",\"https:\/\/www.linkedin.com\/company\/axiomams\/\"]}]}<\/script>\n<!-- \/ Yoast SEO plugin. -->","yoast_head_json":{"title":"T&R 750ADM Mk3 prim\u0101r\u0101s str\u0101vas iesmidzin\u0101\u0161anas sist\u0113ma - AXIOMA MS","robots":{"index":"index","follow":"follow","max-snippet":"max-snippet:-1","max-image-preview":"max-image-preview:large","max-video-preview":"max-video-preview:-1"},"canonical":"https:\/\/www.axiomams.eu\/lv\/produktas\/tr-750adm-mk3-primaras-stravas-iesmidzinasanas-sistema","og_locale":"lv_LV","og_type":"article","og_title":"T&R 750ADM Mk3 prim\u0101r\u0101s str\u0101vas iesmidzin\u0101\u0161anas sist\u0113ma - AXIOMA MS","og_description":"T&#038;R 750ADM Mk3 ir kompakta, iztur\u012bga prim\u0101r\u0101s str\u0101vas iesmidzin\u0101\u0161anas sist\u0113ma ar 750 A izejas jaudu. 750ADM Mk3 maksim\u0101lais spriegums ir 5 V. Ier\u012bce ir ide\u0101li piem\u0113rota visiem mazjaudas prim\u0101r\u0101s str\u0101vas iesmidzin\u0101\u0161anas uzdevumiem, kur \u012bslaic\u012bgi nepiecie\u0161ams l\u012bdz 750 A. Ja prim\u0101rajai iesmidzin\u0101\u0161anai ir nepiecie\u0161amas liel\u0101kas str\u0101vas un jaudas, ir pieejamas 7kVA un 20kVA prim\u0101r\u0101s iesmidzin\u0101\u0161anas sist\u0113mas....","og_url":"https:\/\/www.axiomams.eu\/lv\/produktas\/tr-750adm-mk3-primaras-stravas-iesmidzinasanas-sistema","og_site_name":"AXIOMA MS","article_publisher":"https:\/\/www.facebook.com\/AxiomaMS","article_modified_time":"2026-03-25T14:58:56+00:00","og_image":[{"width":727,"height":1020,"url":"https:\/\/www.axiomams.eu\/wp-content\/uploads\/2025\/07\/3124-4119.jpg","type":"image\/jpeg"}],"twitter_card":"summary_large_image","twitter_misc":{"Est. reading time":"3 minutes"},"schema":{"@context":"https:\/\/schema.org","@graph":[{"@type":"WebPage","@id":"https:\/\/www.axiomams.eu\/lv\/produktas\/tr-750adm-mk3-primaras-stravas-iesmidzinasanas-sistema","url":"https:\/\/www.axiomams.eu\/lv\/produktas\/tr-750adm-mk3-primaras-stravas-iesmidzinasanas-sistema","name":"T&R 750ADM Mk3 prim\u0101r\u0101s str\u0101vas iesmidzin\u0101\u0161anas sist\u0113ma - AXIOMA MS","isPartOf":{"@id":"https:\/\/www.axiomams.eu\/lv#website"},"primaryImageOfPage":{"@id":"https:\/\/www.axiomams.eu\/lv\/produktas\/tr-750adm-mk3-primaras-stravas-iesmidzinasanas-sistema#primaryimage"},"image":{"@id":"https:\/\/www.axiomams.eu\/lv\/produktas\/tr-750adm-mk3-primaras-stravas-iesmidzinasanas-sistema#primaryimage"},"thumbnailUrl":"https:\/\/www.axiomams.eu\/wp-content\/uploads\/2025\/07\/3124-4119.jpg","datePublished":"2025-05-15T15:56:06+00:00","dateModified":"2026-03-25T14:58:56+00:00","breadcrumb":{"@id":"https:\/\/www.axiomams.eu\/lv\/produktas\/tr-750adm-mk3-primaras-stravas-iesmidzinasanas-sistema#breadcrumb"},"inLanguage":"lv-LV","potentialAction":[{"@type":"ReadAction","target":["https:\/\/www.axiomams.eu\/lv\/produktas\/tr-750adm-mk3-primaras-stravas-iesmidzinasanas-sistema"]}]},{"@type":"ImageObject","inLanguage":"lv-LV","@id":"https:\/\/www.axiomams.eu\/lv\/produktas\/tr-750adm-mk3-primaras-stravas-iesmidzinasanas-sistema#primaryimage","url":"https:\/\/www.axiomams.eu\/wp-content\/uploads\/2025\/07\/3124-4119.jpg","contentUrl":"https:\/\/www.axiomams.eu\/wp-content\/uploads\/2025\/07\/3124-4119.jpg","width":727,"height":1020},{"@type":"BreadcrumbList","@id":"https:\/\/www.axiomams.eu\/lv\/produktas\/tr-750adm-mk3-primaras-stravas-iesmidzinasanas-sistema#breadcrumb","itemListElement":[{"@type":"ListItem","position":1,"name":"Home","item":"https:\/\/www.axiomams.eu\/lv"},{"@type":"ListItem","position":2,"name":"Produkti","item":"https:\/\/www.axiomams.eu\/lv\/produkti"},{"@type":"ListItem","position":3,"name":"T&#038;R 750ADM Mk3 prim\u0101r\u0101s str\u0101vas iesmidzin\u0101\u0161anas sist\u0113ma"}]},{"@type":"WebSite","@id":"https:\/\/www.axiomams.eu\/lv#website","url":"https:\/\/www.axiomams.eu\/lv","name":"AXIOMA MS","description":"Terrmovizoriai ir matavimo \u012franga","publisher":{"@id":"https:\/\/www.axiomams.eu\/lv#organization"},"potentialAction":[{"@type":"SearchAction","target":{"@type":"EntryPoint","urlTemplate":"https:\/\/www.axiomams.eu\/lv?s={search_term_string}"},"query-input":{"@type":"PropertyValueSpecification","valueRequired":true,"valueName":"search_term_string"}}],"inLanguage":"lv-LV"},{"@type":"Organization","@id":"https:\/\/www.axiomams.eu\/lv#organization","name":"AXIOMA MS","url":"https:\/\/www.axiomams.eu\/lv","logo":{"@type":"ImageObject","inLanguage":"lv-LV","@id":"https:\/\/www.axiomams.eu\/lv#\/schema\/logo\/image\/","url":"https:\/\/www.axiomams.eu\/wp-content\/uploads\/2025\/06\/axioma-logo-2.png","contentUrl":"https:\/\/www.axiomams.eu\/wp-content\/uploads\/2025\/06\/axioma-logo-2.png","width":1200,"height":1200,"caption":"AXIOMA MS"},"image":{"@id":"https:\/\/www.axiomams.eu\/lv#\/schema\/logo\/image\/"},"sameAs":["https:\/\/www.facebook.com\/AxiomaMS","https:\/\/www.linkedin.com\/company\/axiomams\/"]}]}},"_links":{"self":[{"href":"https:\/\/www.axiomams.eu\/lv\/wp-json\/wp\/v2\/product\/38902","targetHints":{"allow":["GET"]}}],"collection":[{"href":"https:\/\/www.axiomams.eu\/lv\/wp-json\/wp\/v2\/product"}],"about":[{"href":"https:\/\/www.axiomams.eu\/lv\/wp-json\/wp\/v2\/types\/product"}],"replies":[{"embeddable":true,"href":"https:\/\/www.axiomams.eu\/lv\/wp-json\/wp\/v2\/comments?post=38902"}],"wp:featuredmedia":[{"embeddable":true,"href":"https:\/\/www.axiomams.eu\/lv\/wp-json\/wp\/v2\/media\/41508"}],"wp:attachment":[{"href":"https:\/\/www.axiomams.eu\/lv\/wp-json\/wp\/v2\/media?parent=38902"}],"wp:term":[{"taxonomy":"product_brand","embeddable":true,"href":"https:\/\/www.axiomams.eu\/lv\/wp-json\/wp\/v2\/product_brand?post=38902"},{"taxonomy":"product_cat","embeddable":true,"href":"https:\/\/www.axiomams.eu\/lv\/wp-json\/wp\/v2\/product_cat?post=38902"},{"taxonomy":"product_tag","embeddable":true,"href":"https:\/\/www.axiomams.eu\/lv\/wp-json\/wp\/v2\/product_tag?post=38902"}],"curies":[{"name":"wp","href":"https:\/\/api.w.org\/{rel}","templated":true}]}}