{"id":38903,"date":"2025-07-29T01:00:37","date_gmt":"2025-07-28T23:00:37","guid":{"rendered":"https:\/\/www.axiomams.eu\/produktas\/testo-760-1-digitalais-multimetrs-0590-7601"},"modified":"2026-03-25T16:58:56","modified_gmt":"2026-03-25T14:58:56","slug":"testo-760-1-digitalais-multimetrs-0590-7601","status":"publish","type":"product","link":"https:\/\/www.axiomams.eu\/lv\/produktas\/testo-760-1-digitalais-multimetrs-0590-7601","title":{"rendered":"Testo 760-1 digit\u0101lais multimetrs (0590 7601)"},"content":{"rendered":"<p>Testo 760-1 digit\u0101lais multimetrs ir uzticams instruments elektrisko parametru, piem\u0113ram, str\u0101vas, sprieguma vai pretest\u012bbas m\u0113r\u012b\u0161anai.<\/p>\n<p>Digit\u0101lais multimetrs Testo 760-1:<br \/>\n    Ir viegli lietojams<br \/>\n    Ar pog\u0101m, kas \u013cauj lietot ier\u012bci tikai ar vienu roku.<br \/>\n    ir liels, spilgts displejs, kur\u0101 visi r\u0101d\u012bjumi ir skaidri redzami.<br \/>\n    ietver svar\u012bg\u0101k\u0101s funkcijas ikdienas m\u0113r\u012bjumu veik\u0161anai<\/p>\n<p>Standarta komplekts: Testo 760-2 TRMS multimetrs, ieskaitot baterijas, 1 m\u0113r\u012b\u0161anas kabe\u013cu komplekts (0590 0010), 1 x adapteris K tipa termop\u0101riem un lieto\u0161anas instrukcija.<br \/>\nProdukta kods: 0590 7601<\/p>\n<p><iframe loading=\"lazy\" width=\"560\" height=\"315\" src=\"https:\/\/www.youtube.com\/embed\/whUXwiPBv-w?si=vb_bAeU8px9JFrjI\" title=\"YouTube video atska\u0146ot\u0101js\" frameborder=\"0\" allow=\"accelerometer; autoplay; clipboard-write; encrypted-media; gyroscope; picture-in-picture; web-share\" referrerpolicy=\"strict-origin-when-cross-origin\" allowfullscreen><\/iframe><\/p>\n<h3>Tehnisk\u0101 inform\u0101cija:<\/h3>\n<ul>\n<li><a href=\"https:\/\/axiomams.eu\/importer\/export\/attachments\/en\/testo-760.pdf\" target=\"_blank\">testo 760.pdf<\/a><\/li>\n<\/ul>\n","protected":false},"excerpt":{"rendered":"<p>Testo 760-1 digit\u0101lais multimetrs ir uzticams instruments elektrisko parametru, piem\u0113ram, str\u0101vas, sprieguma vai pretest\u012bbas m\u0113r\u012b\u0161anai. Digit\u0101lais multimetrs Testo 760-1: Ir viegli lietojams Ar pog\u0101m, kas \u013cauj lietot ier\u012bci tikai ar vienu roku. ir liels, spilgts displejs, kur\u0101 visi r\u0101d\u012bjumi ir skaidri redzami. ietver svar\u012bg\u0101k\u0101s funkcijas ikdienas m\u0113r\u012bjumu veik\u0161anai Standarta komplekts: Testo 760-2 TRMS multimetrs, ieskaitot&#8230;<\/p>\n","protected":false},"featured_media":41510,"comment_status":"open","ping_status":"closed","template":"","meta":{"_acf_changed":false},"product_brand":[735],"product_cat":[17719],"product_tag":[],"class_list":{"0":"post-38903","1":"product","2":"type-product","3":"status-publish","4":"has-post-thumbnail","6":"product_brand-testo","7":"product_cat-elektrikiem-un-energetikas-inzenieriem","9":"first","10":"instock","11":"taxable","12":"shipping-taxable","13":"purchasable","14":"product-type-simple"},"acf":[],"yoast_head":"<!-- This site is optimized with the Yoast SEO plugin v27.0 - https:\/\/yoast.com\/product\/yoast-seo-wordpress\/ -->\n<title>Testo 760-1 digit\u0101lais multimetrs (0590 7601) - AXIOMA MS<\/title>\n<meta name=\"robots\" content=\"index, follow, max-snippet:-1, max-image-preview:large, max-video-preview:-1\" \/>\n<link rel=\"canonical\" href=\"https:\/\/www.axiomams.eu\/lv\/produktas\/testo-760-1-digitalais-multimetrs-0590-7601\" \/>\n<meta property=\"og:locale\" content=\"lv_LV\" \/>\n<meta property=\"og:type\" content=\"article\" \/>\n<meta property=\"og:title\" content=\"Testo 760-1 digit\u0101lais multimetrs (0590 7601) - AXIOMA MS\" \/>\n<meta property=\"og:description\" content=\"Testo 760-1 digit\u0101lais multimetrs ir uzticams instruments elektrisko parametru, piem\u0113ram, str\u0101vas, sprieguma vai pretest\u012bbas m\u0113r\u012b\u0161anai. Digit\u0101lais multimetrs Testo 760-1: Ir viegli lietojams Ar pog\u0101m, kas \u013cauj lietot ier\u012bci tikai ar vienu roku. ir liels, spilgts displejs, kur\u0101 visi r\u0101d\u012bjumi ir skaidri redzami. ietver svar\u012bg\u0101k\u0101s funkcijas ikdienas m\u0113r\u012bjumu veik\u0161anai Standarta komplekts: Testo 760-2 TRMS multimetrs, ieskaitot...\" \/>\n<meta property=\"og:url\" content=\"https:\/\/www.axiomams.eu\/lv\/produktas\/testo-760-1-digitalais-multimetrs-0590-7601\" \/>\n<meta property=\"og:site_name\" content=\"AXIOMA MS\" \/>\n<meta property=\"article:publisher\" content=\"https:\/\/www.facebook.com\/AxiomaMS\" \/>\n<meta property=\"article:modified_time\" content=\"2026-03-25T14:58:56+00:00\" \/>\n<meta property=\"og:image\" content=\"https:\/\/www.axiomams.eu\/wp-content\/uploads\/2025\/07\/4650-6131.png\" \/>\n\t<meta property=\"og:image:width\" content=\"1000\" \/>\n\t<meta property=\"og:image:height\" content=\"880\" \/>\n\t<meta property=\"og:image:type\" content=\"image\/png\" \/>\n<meta name=\"twitter:card\" content=\"summary_large_image\" \/>\n<script type=\"application\/ld+json\" class=\"yoast-schema-graph\">{\"@context\":\"https:\/\/schema.org\",\"@graph\":[{\"@type\":\"WebPage\",\"@id\":\"https:\/\/www.axiomams.eu\/lv\/produktas\/testo-760-1-digitalais-multimetrs-0590-7601\",\"url\":\"https:\/\/www.axiomams.eu\/lv\/produktas\/testo-760-1-digitalais-multimetrs-0590-7601\",\"name\":\"Testo 760-1 digit\u0101lais multimetrs (0590 7601) - AXIOMA MS\",\"isPartOf\":{\"@id\":\"https:\/\/www.axiomams.eu\/lv#website\"},\"primaryImageOfPage\":{\"@id\":\"https:\/\/www.axiomams.eu\/lv\/produktas\/testo-760-1-digitalais-multimetrs-0590-7601#primaryimage\"},\"image\":{\"@id\":\"https:\/\/www.axiomams.eu\/lv\/produktas\/testo-760-1-digitalais-multimetrs-0590-7601#primaryimage\"},\"thumbnailUrl\":\"https:\/\/www.axiomams.eu\/wp-content\/uploads\/2025\/07\/4650-6131.png\",\"datePublished\":\"2025-07-28T23:00:37+00:00\",\"dateModified\":\"2026-03-25T14:58:56+00:00\",\"breadcrumb\":{\"@id\":\"https:\/\/www.axiomams.eu\/lv\/produktas\/testo-760-1-digitalais-multimetrs-0590-7601#breadcrumb\"},\"inLanguage\":\"lv-LV\",\"potentialAction\":[{\"@type\":\"ReadAction\",\"target\":[\"https:\/\/www.axiomams.eu\/lv\/produktas\/testo-760-1-digitalais-multimetrs-0590-7601\"]}]},{\"@type\":\"ImageObject\",\"inLanguage\":\"lv-LV\",\"@id\":\"https:\/\/www.axiomams.eu\/lv\/produktas\/testo-760-1-digitalais-multimetrs-0590-7601#primaryimage\",\"url\":\"https:\/\/www.axiomams.eu\/wp-content\/uploads\/2025\/07\/4650-6131.png\",\"contentUrl\":\"https:\/\/www.axiomams.eu\/wp-content\/uploads\/2025\/07\/4650-6131.png\",\"width\":1000,\"height\":880},{\"@type\":\"BreadcrumbList\",\"@id\":\"https:\/\/www.axiomams.eu\/lv\/produktas\/testo-760-1-digitalais-multimetrs-0590-7601#breadcrumb\",\"itemListElement\":[{\"@type\":\"ListItem\",\"position\":1,\"name\":\"Home\",\"item\":\"https:\/\/www.axiomams.eu\/lv\"},{\"@type\":\"ListItem\",\"position\":2,\"name\":\"Produkti\",\"item\":\"https:\/\/www.axiomams.eu\/lv\/produkti\"},{\"@type\":\"ListItem\",\"position\":3,\"name\":\"Testo 760-1 digit\u0101lais multimetrs (0590 7601)\"}]},{\"@type\":\"WebSite\",\"@id\":\"https:\/\/www.axiomams.eu\/lv#website\",\"url\":\"https:\/\/www.axiomams.eu\/lv\",\"name\":\"AXIOMA MS\",\"description\":\"Terrmovizoriai ir matavimo \u012franga\",\"publisher\":{\"@id\":\"https:\/\/www.axiomams.eu\/lv#organization\"},\"potentialAction\":[{\"@type\":\"SearchAction\",\"target\":{\"@type\":\"EntryPoint\",\"urlTemplate\":\"https:\/\/www.axiomams.eu\/lv?s={search_term_string}\"},\"query-input\":{\"@type\":\"PropertyValueSpecification\",\"valueRequired\":true,\"valueName\":\"search_term_string\"}}],\"inLanguage\":\"lv-LV\"},{\"@type\":\"Organization\",\"@id\":\"https:\/\/www.axiomams.eu\/lv#organization\",\"name\":\"AXIOMA MS\",\"url\":\"https:\/\/www.axiomams.eu\/lv\",\"logo\":{\"@type\":\"ImageObject\",\"inLanguage\":\"lv-LV\",\"@id\":\"https:\/\/www.axiomams.eu\/lv#\/schema\/logo\/image\/\",\"url\":\"https:\/\/www.axiomams.eu\/wp-content\/uploads\/2025\/06\/axioma-logo-2.png\",\"contentUrl\":\"https:\/\/www.axiomams.eu\/wp-content\/uploads\/2025\/06\/axioma-logo-2.png\",\"width\":1200,\"height\":1200,\"caption\":\"AXIOMA MS\"},\"image\":{\"@id\":\"https:\/\/www.axiomams.eu\/lv#\/schema\/logo\/image\/\"},\"sameAs\":[\"https:\/\/www.facebook.com\/AxiomaMS\",\"https:\/\/www.linkedin.com\/company\/axiomams\/\"]}]}<\/script>\n<!-- \/ Yoast SEO plugin. -->","yoast_head_json":{"title":"Testo 760-1 digit\u0101lais multimetrs (0590 7601) - AXIOMA MS","robots":{"index":"index","follow":"follow","max-snippet":"max-snippet:-1","max-image-preview":"max-image-preview:large","max-video-preview":"max-video-preview:-1"},"canonical":"https:\/\/www.axiomams.eu\/lv\/produktas\/testo-760-1-digitalais-multimetrs-0590-7601","og_locale":"lv_LV","og_type":"article","og_title":"Testo 760-1 digit\u0101lais multimetrs (0590 7601) - AXIOMA MS","og_description":"Testo 760-1 digit\u0101lais multimetrs ir uzticams instruments elektrisko parametru, piem\u0113ram, str\u0101vas, sprieguma vai pretest\u012bbas m\u0113r\u012b\u0161anai. Digit\u0101lais multimetrs Testo 760-1: Ir viegli lietojams Ar pog\u0101m, kas \u013cauj lietot ier\u012bci tikai ar vienu roku. ir liels, spilgts displejs, kur\u0101 visi r\u0101d\u012bjumi ir skaidri redzami. ietver svar\u012bg\u0101k\u0101s funkcijas ikdienas m\u0113r\u012bjumu veik\u0161anai Standarta komplekts: Testo 760-2 TRMS multimetrs, ieskaitot...","og_url":"https:\/\/www.axiomams.eu\/lv\/produktas\/testo-760-1-digitalais-multimetrs-0590-7601","og_site_name":"AXIOMA MS","article_publisher":"https:\/\/www.facebook.com\/AxiomaMS","article_modified_time":"2026-03-25T14:58:56+00:00","og_image":[{"width":1000,"height":880,"url":"https:\/\/www.axiomams.eu\/wp-content\/uploads\/2025\/07\/4650-6131.png","type":"image\/png"}],"twitter_card":"summary_large_image","schema":{"@context":"https:\/\/schema.org","@graph":[{"@type":"WebPage","@id":"https:\/\/www.axiomams.eu\/lv\/produktas\/testo-760-1-digitalais-multimetrs-0590-7601","url":"https:\/\/www.axiomams.eu\/lv\/produktas\/testo-760-1-digitalais-multimetrs-0590-7601","name":"Testo 760-1 digit\u0101lais multimetrs (0590 7601) - AXIOMA MS","isPartOf":{"@id":"https:\/\/www.axiomams.eu\/lv#website"},"primaryImageOfPage":{"@id":"https:\/\/www.axiomams.eu\/lv\/produktas\/testo-760-1-digitalais-multimetrs-0590-7601#primaryimage"},"image":{"@id":"https:\/\/www.axiomams.eu\/lv\/produktas\/testo-760-1-digitalais-multimetrs-0590-7601#primaryimage"},"thumbnailUrl":"https:\/\/www.axiomams.eu\/wp-content\/uploads\/2025\/07\/4650-6131.png","datePublished":"2025-07-28T23:00:37+00:00","dateModified":"2026-03-25T14:58:56+00:00","breadcrumb":{"@id":"https:\/\/www.axiomams.eu\/lv\/produktas\/testo-760-1-digitalais-multimetrs-0590-7601#breadcrumb"},"inLanguage":"lv-LV","potentialAction":[{"@type":"ReadAction","target":["https:\/\/www.axiomams.eu\/lv\/produktas\/testo-760-1-digitalais-multimetrs-0590-7601"]}]},{"@type":"ImageObject","inLanguage":"lv-LV","@id":"https:\/\/www.axiomams.eu\/lv\/produktas\/testo-760-1-digitalais-multimetrs-0590-7601#primaryimage","url":"https:\/\/www.axiomams.eu\/wp-content\/uploads\/2025\/07\/4650-6131.png","contentUrl":"https:\/\/www.axiomams.eu\/wp-content\/uploads\/2025\/07\/4650-6131.png","width":1000,"height":880},{"@type":"BreadcrumbList","@id":"https:\/\/www.axiomams.eu\/lv\/produktas\/testo-760-1-digitalais-multimetrs-0590-7601#breadcrumb","itemListElement":[{"@type":"ListItem","position":1,"name":"Home","item":"https:\/\/www.axiomams.eu\/lv"},{"@type":"ListItem","position":2,"name":"Produkti","item":"https:\/\/www.axiomams.eu\/lv\/produkti"},{"@type":"ListItem","position":3,"name":"Testo 760-1 digit\u0101lais multimetrs (0590 7601)"}]},{"@type":"WebSite","@id":"https:\/\/www.axiomams.eu\/lv#website","url":"https:\/\/www.axiomams.eu\/lv","name":"AXIOMA MS","description":"Terrmovizoriai ir matavimo \u012franga","publisher":{"@id":"https:\/\/www.axiomams.eu\/lv#organization"},"potentialAction":[{"@type":"SearchAction","target":{"@type":"EntryPoint","urlTemplate":"https:\/\/www.axiomams.eu\/lv?s={search_term_string}"},"query-input":{"@type":"PropertyValueSpecification","valueRequired":true,"valueName":"search_term_string"}}],"inLanguage":"lv-LV"},{"@type":"Organization","@id":"https:\/\/www.axiomams.eu\/lv#organization","name":"AXIOMA MS","url":"https:\/\/www.axiomams.eu\/lv","logo":{"@type":"ImageObject","inLanguage":"lv-LV","@id":"https:\/\/www.axiomams.eu\/lv#\/schema\/logo\/image\/","url":"https:\/\/www.axiomams.eu\/wp-content\/uploads\/2025\/06\/axioma-logo-2.png","contentUrl":"https:\/\/www.axiomams.eu\/wp-content\/uploads\/2025\/06\/axioma-logo-2.png","width":1200,"height":1200,"caption":"AXIOMA MS"},"image":{"@id":"https:\/\/www.axiomams.eu\/lv#\/schema\/logo\/image\/"},"sameAs":["https:\/\/www.facebook.com\/AxiomaMS","https:\/\/www.linkedin.com\/company\/axiomams\/"]}]}},"_links":{"self":[{"href":"https:\/\/www.axiomams.eu\/lv\/wp-json\/wp\/v2\/product\/38903","targetHints":{"allow":["GET"]}}],"collection":[{"href":"https:\/\/www.axiomams.eu\/lv\/wp-json\/wp\/v2\/product"}],"about":[{"href":"https:\/\/www.axiomams.eu\/lv\/wp-json\/wp\/v2\/types\/product"}],"replies":[{"embeddable":true,"href":"https:\/\/www.axiomams.eu\/lv\/wp-json\/wp\/v2\/comments?post=38903"}],"wp:featuredmedia":[{"embeddable":true,"href":"https:\/\/www.axiomams.eu\/lv\/wp-json\/wp\/v2\/media\/41510"}],"wp:attachment":[{"href":"https:\/\/www.axiomams.eu\/lv\/wp-json\/wp\/v2\/media?parent=38903"}],"wp:term":[{"taxonomy":"product_brand","embeddable":true,"href":"https:\/\/www.axiomams.eu\/lv\/wp-json\/wp\/v2\/product_brand?post=38903"},{"taxonomy":"product_cat","embeddable":true,"href":"https:\/\/www.axiomams.eu\/lv\/wp-json\/wp\/v2\/product_cat?post=38903"},{"taxonomy":"product_tag","embeddable":true,"href":"https:\/\/www.axiomams.eu\/lv\/wp-json\/wp\/v2\/product_tag?post=38903"}],"curies":[{"name":"wp","href":"https:\/\/api.w.org\/{rel}","templated":true}]}}