{"id":38906,"date":"2025-05-15T17:56:09","date_gmt":"2025-05-15T15:56:09","guid":{"rendered":"https:\/\/www.axiomams.eu\/produktas\/pro8-813-123-issavienojumu-komplekts"},"modified":"2026-03-25T16:58:58","modified_gmt":"2026-03-25T14:58:58","slug":"pro8-813-123-issavienojumu-komplekts","status":"publish","type":"product","link":"https:\/\/www.axiomams.eu\/lv\/produktas\/pro8-813-123-issavienojumu-komplekts","title":{"rendered":"PRO8 813.123 \u012bssavienojumu komplekts"},"content":{"rendered":"<p>\u012assavienojumu (zem\u0113juma) iek\u0101rta ir paredz\u0113ta \u012bssavienojumu veik\u0161anai un iezem\u0113\u0161anai t\u012bklos ar iezem\u0113tu mezglu, kuru nomin\u0101lais spriegums ir l\u012bdz 110 kV. \u012assavienojumu komplekts sast\u0101v no fiks\u0113t\u0101m vadu skav\u0101m, kas paredz\u0113tas piestiprin\u0101\u0161anai pie apa\u013ca \u0161\u0137\u0113rsgriezuma vadiem ar diametru l\u012bdz 55 mm, un trim \u012bssavienojumu kabe\u013ciem, kas apr\u012bkoti ar univers\u0101l\u0101m iezem\u0113\u0161anas skav\u0101m.<\/p>\n<h3>Tehnisk\u0101 inform\u0101cija:<\/h3>\n<ul>\n<li><a href=\"https:\/\/axiomams.eu\/importer\/export\/attachments\/en\/813.123en.pdf\" target=\"_blank\">813.123EN.pdf<\/a><\/li>\n<\/ul>\n","protected":false},"excerpt":{"rendered":"<p>\u012assavienojumu (zem\u0113juma) iek\u0101rta ir paredz\u0113ta \u012bssavienojumu veik\u0161anai un iezem\u0113\u0161anai t\u012bklos ar iezem\u0113tu mezglu, kuru nomin\u0101lais spriegums ir l\u012bdz 110 kV. \u012assavienojumu komplekts sast\u0101v no fiks\u0113t\u0101m vadu skav\u0101m, kas paredz\u0113tas piestiprin\u0101\u0161anai pie apa\u013ca \u0161\u0137\u0113rsgriezuma vadiem ar diametru l\u012bdz 55 mm, un trim \u012bssavienojumu kabe\u013ciem, kas apr\u012bkoti ar univers\u0101l\u0101m iezem\u0113\u0161anas skav\u0101m. Tehnisk\u0101 inform\u0101cija: 813.123EN.pdf<\/p>\n","protected":false},"featured_media":41516,"comment_status":"open","ping_status":"closed","template":"","meta":{"_acf_changed":false},"product_brand":[739],"product_cat":[17718],"product_tag":[],"class_list":{"0":"post-38906","1":"product","2":"type-product","3":"status-publish","4":"has-post-thumbnail","6":"product_brand-pro8","7":"product_cat-par-elektrisko-drosibu","9":"first","10":"instock","11":"taxable","12":"shipping-taxable","13":"purchasable","14":"product-type-simple"},"acf":[],"yoast_head":"<!-- This site is optimized with the Yoast SEO plugin v27.0 - https:\/\/yoast.com\/product\/yoast-seo-wordpress\/ -->\n<title>PRO8 813.123 \u012bssavienojumu komplekts - AXIOMA MS<\/title>\n<meta name=\"robots\" content=\"index, follow, max-snippet:-1, max-image-preview:large, max-video-preview:-1\" \/>\n<link rel=\"canonical\" href=\"https:\/\/www.axiomams.eu\/lv\/produktas\/pro8-813-123-issavienojumu-komplekts\" \/>\n<meta property=\"og:locale\" content=\"lv_LV\" \/>\n<meta property=\"og:type\" content=\"article\" \/>\n<meta property=\"og:title\" content=\"PRO8 813.123 \u012bssavienojumu komplekts - AXIOMA MS\" \/>\n<meta property=\"og:description\" content=\"\u012assavienojumu (zem\u0113juma) iek\u0101rta ir paredz\u0113ta \u012bssavienojumu veik\u0161anai un iezem\u0113\u0161anai t\u012bklos ar iezem\u0113tu mezglu, kuru nomin\u0101lais spriegums ir l\u012bdz 110 kV. \u012assavienojumu komplekts sast\u0101v no fiks\u0113t\u0101m vadu skav\u0101m, kas paredz\u0113tas piestiprin\u0101\u0161anai pie apa\u013ca \u0161\u0137\u0113rsgriezuma vadiem ar diametru l\u012bdz 55 mm, un trim \u012bssavienojumu kabe\u013ciem, kas apr\u012bkoti ar univers\u0101l\u0101m iezem\u0113\u0161anas skav\u0101m. Tehnisk\u0101 inform\u0101cija: 813.123EN.pdf\" \/>\n<meta property=\"og:url\" content=\"https:\/\/www.axiomams.eu\/lv\/produktas\/pro8-813-123-issavienojumu-komplekts\" \/>\n<meta property=\"og:site_name\" content=\"AXIOMA MS\" \/>\n<meta property=\"article:publisher\" content=\"https:\/\/www.facebook.com\/AxiomaMS\" \/>\n<meta property=\"article:modified_time\" content=\"2026-03-25T14:58:58+00:00\" \/>\n<meta property=\"og:image\" content=\"https:\/\/www.axiomams.eu\/wp-content\/uploads\/2025\/07\/3533-4790.jpg\" \/>\n\t<meta property=\"og:image:width\" content=\"499\" \/>\n\t<meta property=\"og:image:height\" content=\"700\" \/>\n\t<meta property=\"og:image:type\" content=\"image\/jpeg\" \/>\n<meta name=\"twitter:card\" content=\"summary_large_image\" \/>\n<script type=\"application\/ld+json\" class=\"yoast-schema-graph\">{\"@context\":\"https:\/\/schema.org\",\"@graph\":[{\"@type\":\"WebPage\",\"@id\":\"https:\/\/www.axiomams.eu\/lv\/produktas\/pro8-813-123-issavienojumu-komplekts\",\"url\":\"https:\/\/www.axiomams.eu\/lv\/produktas\/pro8-813-123-issavienojumu-komplekts\",\"name\":\"PRO8 813.123 \u012bssavienojumu komplekts - AXIOMA MS\",\"isPartOf\":{\"@id\":\"https:\/\/www.axiomams.eu\/lv#website\"},\"primaryImageOfPage\":{\"@id\":\"https:\/\/www.axiomams.eu\/lv\/produktas\/pro8-813-123-issavienojumu-komplekts#primaryimage\"},\"image\":{\"@id\":\"https:\/\/www.axiomams.eu\/lv\/produktas\/pro8-813-123-issavienojumu-komplekts#primaryimage\"},\"thumbnailUrl\":\"https:\/\/www.axiomams.eu\/wp-content\/uploads\/2025\/07\/3533-4790.jpg\",\"datePublished\":\"2025-05-15T15:56:09+00:00\",\"dateModified\":\"2026-03-25T14:58:58+00:00\",\"breadcrumb\":{\"@id\":\"https:\/\/www.axiomams.eu\/lv\/produktas\/pro8-813-123-issavienojumu-komplekts#breadcrumb\"},\"inLanguage\":\"lv-LV\",\"potentialAction\":[{\"@type\":\"ReadAction\",\"target\":[\"https:\/\/www.axiomams.eu\/lv\/produktas\/pro8-813-123-issavienojumu-komplekts\"]}]},{\"@type\":\"ImageObject\",\"inLanguage\":\"lv-LV\",\"@id\":\"https:\/\/www.axiomams.eu\/lv\/produktas\/pro8-813-123-issavienojumu-komplekts#primaryimage\",\"url\":\"https:\/\/www.axiomams.eu\/wp-content\/uploads\/2025\/07\/3533-4790.jpg\",\"contentUrl\":\"https:\/\/www.axiomams.eu\/wp-content\/uploads\/2025\/07\/3533-4790.jpg\",\"width\":499,\"height\":700},{\"@type\":\"BreadcrumbList\",\"@id\":\"https:\/\/www.axiomams.eu\/lv\/produktas\/pro8-813-123-issavienojumu-komplekts#breadcrumb\",\"itemListElement\":[{\"@type\":\"ListItem\",\"position\":1,\"name\":\"Home\",\"item\":\"https:\/\/www.axiomams.eu\/lv\"},{\"@type\":\"ListItem\",\"position\":2,\"name\":\"Produkti\",\"item\":\"https:\/\/www.axiomams.eu\/lv\/produkti\"},{\"@type\":\"ListItem\",\"position\":3,\"name\":\"PRO8 813.123 \u012bssavienojumu komplekts\"}]},{\"@type\":\"WebSite\",\"@id\":\"https:\/\/www.axiomams.eu\/lv#website\",\"url\":\"https:\/\/www.axiomams.eu\/lv\",\"name\":\"AXIOMA MS\",\"description\":\"Terrmovizoriai ir matavimo \u012franga\",\"publisher\":{\"@id\":\"https:\/\/www.axiomams.eu\/lv#organization\"},\"potentialAction\":[{\"@type\":\"SearchAction\",\"target\":{\"@type\":\"EntryPoint\",\"urlTemplate\":\"https:\/\/www.axiomams.eu\/lv?s={search_term_string}\"},\"query-input\":{\"@type\":\"PropertyValueSpecification\",\"valueRequired\":true,\"valueName\":\"search_term_string\"}}],\"inLanguage\":\"lv-LV\"},{\"@type\":\"Organization\",\"@id\":\"https:\/\/www.axiomams.eu\/lv#organization\",\"name\":\"AXIOMA MS\",\"url\":\"https:\/\/www.axiomams.eu\/lv\",\"logo\":{\"@type\":\"ImageObject\",\"inLanguage\":\"lv-LV\",\"@id\":\"https:\/\/www.axiomams.eu\/lv#\/schema\/logo\/image\/\",\"url\":\"https:\/\/www.axiomams.eu\/wp-content\/uploads\/2025\/06\/axioma-logo-2.png\",\"contentUrl\":\"https:\/\/www.axiomams.eu\/wp-content\/uploads\/2025\/06\/axioma-logo-2.png\",\"width\":1200,\"height\":1200,\"caption\":\"AXIOMA MS\"},\"image\":{\"@id\":\"https:\/\/www.axiomams.eu\/lv#\/schema\/logo\/image\/\"},\"sameAs\":[\"https:\/\/www.facebook.com\/AxiomaMS\",\"https:\/\/www.linkedin.com\/company\/axiomams\/\"]}]}<\/script>\n<!-- \/ Yoast SEO plugin. -->","yoast_head_json":{"title":"PRO8 813.123 \u012bssavienojumu komplekts - AXIOMA MS","robots":{"index":"index","follow":"follow","max-snippet":"max-snippet:-1","max-image-preview":"max-image-preview:large","max-video-preview":"max-video-preview:-1"},"canonical":"https:\/\/www.axiomams.eu\/lv\/produktas\/pro8-813-123-issavienojumu-komplekts","og_locale":"lv_LV","og_type":"article","og_title":"PRO8 813.123 \u012bssavienojumu komplekts - AXIOMA MS","og_description":"\u012assavienojumu (zem\u0113juma) iek\u0101rta ir paredz\u0113ta \u012bssavienojumu veik\u0161anai un iezem\u0113\u0161anai t\u012bklos ar iezem\u0113tu mezglu, kuru nomin\u0101lais spriegums ir l\u012bdz 110 kV. \u012assavienojumu komplekts sast\u0101v no fiks\u0113t\u0101m vadu skav\u0101m, kas paredz\u0113tas piestiprin\u0101\u0161anai pie apa\u013ca \u0161\u0137\u0113rsgriezuma vadiem ar diametru l\u012bdz 55 mm, un trim \u012bssavienojumu kabe\u013ciem, kas apr\u012bkoti ar univers\u0101l\u0101m iezem\u0113\u0161anas skav\u0101m. Tehnisk\u0101 inform\u0101cija: 813.123EN.pdf","og_url":"https:\/\/www.axiomams.eu\/lv\/produktas\/pro8-813-123-issavienojumu-komplekts","og_site_name":"AXIOMA MS","article_publisher":"https:\/\/www.facebook.com\/AxiomaMS","article_modified_time":"2026-03-25T14:58:58+00:00","og_image":[{"width":499,"height":700,"url":"https:\/\/www.axiomams.eu\/wp-content\/uploads\/2025\/07\/3533-4790.jpg","type":"image\/jpeg"}],"twitter_card":"summary_large_image","schema":{"@context":"https:\/\/schema.org","@graph":[{"@type":"WebPage","@id":"https:\/\/www.axiomams.eu\/lv\/produktas\/pro8-813-123-issavienojumu-komplekts","url":"https:\/\/www.axiomams.eu\/lv\/produktas\/pro8-813-123-issavienojumu-komplekts","name":"PRO8 813.123 \u012bssavienojumu komplekts - AXIOMA MS","isPartOf":{"@id":"https:\/\/www.axiomams.eu\/lv#website"},"primaryImageOfPage":{"@id":"https:\/\/www.axiomams.eu\/lv\/produktas\/pro8-813-123-issavienojumu-komplekts#primaryimage"},"image":{"@id":"https:\/\/www.axiomams.eu\/lv\/produktas\/pro8-813-123-issavienojumu-komplekts#primaryimage"},"thumbnailUrl":"https:\/\/www.axiomams.eu\/wp-content\/uploads\/2025\/07\/3533-4790.jpg","datePublished":"2025-05-15T15:56:09+00:00","dateModified":"2026-03-25T14:58:58+00:00","breadcrumb":{"@id":"https:\/\/www.axiomams.eu\/lv\/produktas\/pro8-813-123-issavienojumu-komplekts#breadcrumb"},"inLanguage":"lv-LV","potentialAction":[{"@type":"ReadAction","target":["https:\/\/www.axiomams.eu\/lv\/produktas\/pro8-813-123-issavienojumu-komplekts"]}]},{"@type":"ImageObject","inLanguage":"lv-LV","@id":"https:\/\/www.axiomams.eu\/lv\/produktas\/pro8-813-123-issavienojumu-komplekts#primaryimage","url":"https:\/\/www.axiomams.eu\/wp-content\/uploads\/2025\/07\/3533-4790.jpg","contentUrl":"https:\/\/www.axiomams.eu\/wp-content\/uploads\/2025\/07\/3533-4790.jpg","width":499,"height":700},{"@type":"BreadcrumbList","@id":"https:\/\/www.axiomams.eu\/lv\/produktas\/pro8-813-123-issavienojumu-komplekts#breadcrumb","itemListElement":[{"@type":"ListItem","position":1,"name":"Home","item":"https:\/\/www.axiomams.eu\/lv"},{"@type":"ListItem","position":2,"name":"Produkti","item":"https:\/\/www.axiomams.eu\/lv\/produkti"},{"@type":"ListItem","position":3,"name":"PRO8 813.123 \u012bssavienojumu komplekts"}]},{"@type":"WebSite","@id":"https:\/\/www.axiomams.eu\/lv#website","url":"https:\/\/www.axiomams.eu\/lv","name":"AXIOMA MS","description":"Terrmovizoriai ir matavimo \u012franga","publisher":{"@id":"https:\/\/www.axiomams.eu\/lv#organization"},"potentialAction":[{"@type":"SearchAction","target":{"@type":"EntryPoint","urlTemplate":"https:\/\/www.axiomams.eu\/lv?s={search_term_string}"},"query-input":{"@type":"PropertyValueSpecification","valueRequired":true,"valueName":"search_term_string"}}],"inLanguage":"lv-LV"},{"@type":"Organization","@id":"https:\/\/www.axiomams.eu\/lv#organization","name":"AXIOMA MS","url":"https:\/\/www.axiomams.eu\/lv","logo":{"@type":"ImageObject","inLanguage":"lv-LV","@id":"https:\/\/www.axiomams.eu\/lv#\/schema\/logo\/image\/","url":"https:\/\/www.axiomams.eu\/wp-content\/uploads\/2025\/06\/axioma-logo-2.png","contentUrl":"https:\/\/www.axiomams.eu\/wp-content\/uploads\/2025\/06\/axioma-logo-2.png","width":1200,"height":1200,"caption":"AXIOMA MS"},"image":{"@id":"https:\/\/www.axiomams.eu\/lv#\/schema\/logo\/image\/"},"sameAs":["https:\/\/www.facebook.com\/AxiomaMS","https:\/\/www.linkedin.com\/company\/axiomams\/"]}]}},"_links":{"self":[{"href":"https:\/\/www.axiomams.eu\/lv\/wp-json\/wp\/v2\/product\/38906","targetHints":{"allow":["GET"]}}],"collection":[{"href":"https:\/\/www.axiomams.eu\/lv\/wp-json\/wp\/v2\/product"}],"about":[{"href":"https:\/\/www.axiomams.eu\/lv\/wp-json\/wp\/v2\/types\/product"}],"replies":[{"embeddable":true,"href":"https:\/\/www.axiomams.eu\/lv\/wp-json\/wp\/v2\/comments?post=38906"}],"wp:featuredmedia":[{"embeddable":true,"href":"https:\/\/www.axiomams.eu\/lv\/wp-json\/wp\/v2\/media\/41516"}],"wp:attachment":[{"href":"https:\/\/www.axiomams.eu\/lv\/wp-json\/wp\/v2\/media?parent=38906"}],"wp:term":[{"taxonomy":"product_brand","embeddable":true,"href":"https:\/\/www.axiomams.eu\/lv\/wp-json\/wp\/v2\/product_brand?post=38906"},{"taxonomy":"product_cat","embeddable":true,"href":"https:\/\/www.axiomams.eu\/lv\/wp-json\/wp\/v2\/product_cat?post=38906"},{"taxonomy":"product_tag","embeddable":true,"href":"https:\/\/www.axiomams.eu\/lv\/wp-json\/wp\/v2\/product_tag?post=38906"}],"curies":[{"name":"wp","href":"https:\/\/api.w.org\/{rel}","templated":true}]}}