{"id":38909,"date":"2025-05-15T18:01:26","date_gmt":"2025-05-15T16:01:26","guid":{"rendered":"https:\/\/www.axiomams.eu\/produktas\/pro8-823-040-issavienojumu-komplekts"},"modified":"2026-03-25T16:58:59","modified_gmt":"2026-03-25T14:58:59","slug":"pro8-823-040-issavienojumu-komplekts","status":"publish","type":"product","link":"https:\/\/www.axiomams.eu\/lv\/produktas\/pro8-823-040-issavienojumu-komplekts","title":{"rendered":"PRO8 823.040 \u012assavienojumu komplekts"},"content":{"rendered":"<p>\u012assavienojumu komplekts kalpo \u012bssavienojumu veik\u0161anai un iezem\u0113\u0161anai \u0137\u0113d\u0113, parasti tr\u012bs f\u0101zu pie izol\u0113tas neitr\u0101les sist\u0113mas, maksim\u0101lajam spriegumam l\u012bdz 38,5 kV. \u012assavienojumu komplekts tiek pieg\u0101d\u0101ts kop\u0101 ar vienu izol\u0113jo\u0161u stabu (atdal\u0101mu) un tr\u012bs vadu skav\u0101m, kas savienotas ar Cu kabe\u013ciem caursp\u012bd\u012bg\u0101 izol\u0101cij\u0101 mezgl\u0101 un nosl\u0113gtas ar kabe\u013ca un zem\u0113juma skavu. Vad\u012bt\u0101ju skavas ir univers\u0101las, t. i., savieno\u0161anai ar apa\u013ca \u0161\u0137\u0113rsgriezuma vad\u012bt\u0101ju, sf\u0113risku savienojuma punktu, &#8220;T&#8221; formas savienojuma punktu vai ar plakanu vad\u012bt\u0101ju. Zem\u0113juma skava tiek savienota ar iezem\u0113tu plakanu vad\u012bt\u0101ju vai apa\u013ca \u0161\u0137\u0113rsgriezuma vad\u012bt\u0101ju. Izol\u0101cijas stabs ir izgatavots no stikla auduma lamin\u0101ta, kas ir piem\u0113rots t\u0101 augst\u0101s elektrisk\u0101s un meh\u0101nisk\u0101s iztur\u012bbas un stabilit\u0101tes d\u0113\u013c. Polis ir apr\u012bkots ar kontaktligzdu, kas paredz\u0113ta vadu skavas lieto\u0161anai. Tas atbilst pras\u012bb\u0101m, kas attiecas uz aizsardz\u012bbas iek\u0101rt\u0101m izmanto\u0161anai \u0101rpus telp\u0101m. Komplektu var izmantot gan iek\u0161telp\u0101s, gan \u0101rpus telp\u0101m norm\u0101los klimatiskajos apst\u0101k\u013cos. Rokturis ir apr\u012bkots ar aizsarggredzenu (roku aizsargu).<\/p>\n<h3>Tehnisk\u0101 inform\u0101cija:<\/h3>\n<ul>\n<li><a href=\"https:\/\/axiomams.eu\/importer\/export\/attachments\/en\/pro8-823.040.pdf\" target=\"_blank\">PRO8 823.040.pdf<\/a><\/li>\n<\/ul>\n","protected":false},"excerpt":{"rendered":"<p>\u012assavienojumu komplekts kalpo \u012bssavienojumu veik\u0161anai un iezem\u0113\u0161anai \u0137\u0113d\u0113, parasti tr\u012bs f\u0101zu pie izol\u0113tas neitr\u0101les sist\u0113mas, maksim\u0101lajam spriegumam l\u012bdz 38,5 kV. \u012assavienojumu komplekts tiek pieg\u0101d\u0101ts kop\u0101 ar vienu izol\u0113jo\u0161u stabu (atdal\u0101mu) un tr\u012bs vadu skav\u0101m, kas savienotas ar Cu kabe\u013ciem caursp\u012bd\u012bg\u0101 izol\u0101cij\u0101 mezgl\u0101 un nosl\u0113gtas ar kabe\u013ca un zem\u0113juma skavu. Vad\u012bt\u0101ju skavas ir univers\u0101las, t. i.,&#8230;<\/p>\n","protected":false},"featured_media":41522,"comment_status":"open","ping_status":"closed","template":"","meta":{"_acf_changed":false},"product_brand":[739],"product_cat":[17718],"product_tag":[],"class_list":{"0":"post-38909","1":"product","2":"type-product","3":"status-publish","4":"has-post-thumbnail","6":"product_brand-pro8","7":"product_cat-par-elektrisko-drosibu","9":"first","10":"instock","11":"taxable","12":"shipping-taxable","13":"purchasable","14":"product-type-simple"},"acf":[],"yoast_head":"<!-- This site is optimized with the Yoast SEO plugin v27.0 - https:\/\/yoast.com\/product\/yoast-seo-wordpress\/ -->\n<title>PRO8 823.040 \u012assavienojumu komplekts - AXIOMA MS<\/title>\n<meta name=\"robots\" content=\"index, follow, max-snippet:-1, max-image-preview:large, max-video-preview:-1\" \/>\n<link rel=\"canonical\" href=\"https:\/\/www.axiomams.eu\/lv\/produktas\/pro8-823-040-issavienojumu-komplekts\" \/>\n<meta property=\"og:locale\" content=\"lv_LV\" \/>\n<meta property=\"og:type\" content=\"article\" \/>\n<meta property=\"og:title\" content=\"PRO8 823.040 \u012assavienojumu komplekts - AXIOMA MS\" \/>\n<meta property=\"og:description\" content=\"\u012assavienojumu komplekts kalpo \u012bssavienojumu veik\u0161anai un iezem\u0113\u0161anai \u0137\u0113d\u0113, parasti tr\u012bs f\u0101zu pie izol\u0113tas neitr\u0101les sist\u0113mas, maksim\u0101lajam spriegumam l\u012bdz 38,5 kV. \u012assavienojumu komplekts tiek pieg\u0101d\u0101ts kop\u0101 ar vienu izol\u0113jo\u0161u stabu (atdal\u0101mu) un tr\u012bs vadu skav\u0101m, kas savienotas ar Cu kabe\u013ciem caursp\u012bd\u012bg\u0101 izol\u0101cij\u0101 mezgl\u0101 un nosl\u0113gtas ar kabe\u013ca un zem\u0113juma skavu. Vad\u012bt\u0101ju skavas ir univers\u0101las, t. i.,...\" \/>\n<meta property=\"og:url\" content=\"https:\/\/www.axiomams.eu\/lv\/produktas\/pro8-823-040-issavienojumu-komplekts\" \/>\n<meta property=\"og:site_name\" content=\"AXIOMA MS\" \/>\n<meta property=\"article:publisher\" content=\"https:\/\/www.facebook.com\/AxiomaMS\" \/>\n<meta property=\"article:modified_time\" content=\"2026-03-25T14:58:59+00:00\" \/>\n<meta property=\"og:image\" content=\"https:\/\/www.axiomams.eu\/wp-content\/uploads\/2025\/07\/2398-3091.jpg\" \/>\n\t<meta property=\"og:image:width\" content=\"1122\" \/>\n\t<meta property=\"og:image:height\" content=\"1020\" \/>\n\t<meta property=\"og:image:type\" content=\"image\/jpeg\" \/>\n<meta name=\"twitter:card\" content=\"summary_large_image\" \/>\n<meta name=\"twitter:label1\" content=\"Est. reading time\" \/>\n\t<meta name=\"twitter:data1\" content=\"1 minute\" \/>\n<script type=\"application\/ld+json\" class=\"yoast-schema-graph\">{\"@context\":\"https:\/\/schema.org\",\"@graph\":[{\"@type\":\"WebPage\",\"@id\":\"https:\/\/www.axiomams.eu\/lv\/produktas\/pro8-823-040-issavienojumu-komplekts\",\"url\":\"https:\/\/www.axiomams.eu\/lv\/produktas\/pro8-823-040-issavienojumu-komplekts\",\"name\":\"PRO8 823.040 \u012assavienojumu komplekts - AXIOMA MS\",\"isPartOf\":{\"@id\":\"https:\/\/www.axiomams.eu\/lv#website\"},\"primaryImageOfPage\":{\"@id\":\"https:\/\/www.axiomams.eu\/lv\/produktas\/pro8-823-040-issavienojumu-komplekts#primaryimage\"},\"image\":{\"@id\":\"https:\/\/www.axiomams.eu\/lv\/produktas\/pro8-823-040-issavienojumu-komplekts#primaryimage\"},\"thumbnailUrl\":\"https:\/\/www.axiomams.eu\/wp-content\/uploads\/2025\/07\/2398-3091.jpg\",\"datePublished\":\"2025-05-15T16:01:26+00:00\",\"dateModified\":\"2026-03-25T14:58:59+00:00\",\"breadcrumb\":{\"@id\":\"https:\/\/www.axiomams.eu\/lv\/produktas\/pro8-823-040-issavienojumu-komplekts#breadcrumb\"},\"inLanguage\":\"lv-LV\",\"potentialAction\":[{\"@type\":\"ReadAction\",\"target\":[\"https:\/\/www.axiomams.eu\/lv\/produktas\/pro8-823-040-issavienojumu-komplekts\"]}]},{\"@type\":\"ImageObject\",\"inLanguage\":\"lv-LV\",\"@id\":\"https:\/\/www.axiomams.eu\/lv\/produktas\/pro8-823-040-issavienojumu-komplekts#primaryimage\",\"url\":\"https:\/\/www.axiomams.eu\/wp-content\/uploads\/2025\/07\/2398-3091.jpg\",\"contentUrl\":\"https:\/\/www.axiomams.eu\/wp-content\/uploads\/2025\/07\/2398-3091.jpg\",\"width\":1122,\"height\":1020},{\"@type\":\"BreadcrumbList\",\"@id\":\"https:\/\/www.axiomams.eu\/lv\/produktas\/pro8-823-040-issavienojumu-komplekts#breadcrumb\",\"itemListElement\":[{\"@type\":\"ListItem\",\"position\":1,\"name\":\"Home\",\"item\":\"https:\/\/www.axiomams.eu\/lv\"},{\"@type\":\"ListItem\",\"position\":2,\"name\":\"Produkti\",\"item\":\"https:\/\/www.axiomams.eu\/lv\/produkti\"},{\"@type\":\"ListItem\",\"position\":3,\"name\":\"PRO8 823.040 \u012assavienojumu komplekts\"}]},{\"@type\":\"WebSite\",\"@id\":\"https:\/\/www.axiomams.eu\/lv#website\",\"url\":\"https:\/\/www.axiomams.eu\/lv\",\"name\":\"AXIOMA MS\",\"description\":\"Terrmovizoriai ir matavimo \u012franga\",\"publisher\":{\"@id\":\"https:\/\/www.axiomams.eu\/lv#organization\"},\"potentialAction\":[{\"@type\":\"SearchAction\",\"target\":{\"@type\":\"EntryPoint\",\"urlTemplate\":\"https:\/\/www.axiomams.eu\/lv?s={search_term_string}\"},\"query-input\":{\"@type\":\"PropertyValueSpecification\",\"valueRequired\":true,\"valueName\":\"search_term_string\"}}],\"inLanguage\":\"lv-LV\"},{\"@type\":\"Organization\",\"@id\":\"https:\/\/www.axiomams.eu\/lv#organization\",\"name\":\"AXIOMA MS\",\"url\":\"https:\/\/www.axiomams.eu\/lv\",\"logo\":{\"@type\":\"ImageObject\",\"inLanguage\":\"lv-LV\",\"@id\":\"https:\/\/www.axiomams.eu\/lv#\/schema\/logo\/image\/\",\"url\":\"https:\/\/www.axiomams.eu\/wp-content\/uploads\/2025\/06\/axioma-logo-2.png\",\"contentUrl\":\"https:\/\/www.axiomams.eu\/wp-content\/uploads\/2025\/06\/axioma-logo-2.png\",\"width\":1200,\"height\":1200,\"caption\":\"AXIOMA MS\"},\"image\":{\"@id\":\"https:\/\/www.axiomams.eu\/lv#\/schema\/logo\/image\/\"},\"sameAs\":[\"https:\/\/www.facebook.com\/AxiomaMS\",\"https:\/\/www.linkedin.com\/company\/axiomams\/\"]}]}<\/script>\n<!-- \/ Yoast SEO plugin. -->","yoast_head_json":{"title":"PRO8 823.040 \u012assavienojumu komplekts - AXIOMA MS","robots":{"index":"index","follow":"follow","max-snippet":"max-snippet:-1","max-image-preview":"max-image-preview:large","max-video-preview":"max-video-preview:-1"},"canonical":"https:\/\/www.axiomams.eu\/lv\/produktas\/pro8-823-040-issavienojumu-komplekts","og_locale":"lv_LV","og_type":"article","og_title":"PRO8 823.040 \u012assavienojumu komplekts - AXIOMA MS","og_description":"\u012assavienojumu komplekts kalpo \u012bssavienojumu veik\u0161anai un iezem\u0113\u0161anai \u0137\u0113d\u0113, parasti tr\u012bs f\u0101zu pie izol\u0113tas neitr\u0101les sist\u0113mas, maksim\u0101lajam spriegumam l\u012bdz 38,5 kV. \u012assavienojumu komplekts tiek pieg\u0101d\u0101ts kop\u0101 ar vienu izol\u0113jo\u0161u stabu (atdal\u0101mu) un tr\u012bs vadu skav\u0101m, kas savienotas ar Cu kabe\u013ciem caursp\u012bd\u012bg\u0101 izol\u0101cij\u0101 mezgl\u0101 un nosl\u0113gtas ar kabe\u013ca un zem\u0113juma skavu. Vad\u012bt\u0101ju skavas ir univers\u0101las, t. i.,...","og_url":"https:\/\/www.axiomams.eu\/lv\/produktas\/pro8-823-040-issavienojumu-komplekts","og_site_name":"AXIOMA MS","article_publisher":"https:\/\/www.facebook.com\/AxiomaMS","article_modified_time":"2026-03-25T14:58:59+00:00","og_image":[{"width":1122,"height":1020,"url":"https:\/\/www.axiomams.eu\/wp-content\/uploads\/2025\/07\/2398-3091.jpg","type":"image\/jpeg"}],"twitter_card":"summary_large_image","twitter_misc":{"Est. reading time":"1 minute"},"schema":{"@context":"https:\/\/schema.org","@graph":[{"@type":"WebPage","@id":"https:\/\/www.axiomams.eu\/lv\/produktas\/pro8-823-040-issavienojumu-komplekts","url":"https:\/\/www.axiomams.eu\/lv\/produktas\/pro8-823-040-issavienojumu-komplekts","name":"PRO8 823.040 \u012assavienojumu komplekts - AXIOMA MS","isPartOf":{"@id":"https:\/\/www.axiomams.eu\/lv#website"},"primaryImageOfPage":{"@id":"https:\/\/www.axiomams.eu\/lv\/produktas\/pro8-823-040-issavienojumu-komplekts#primaryimage"},"image":{"@id":"https:\/\/www.axiomams.eu\/lv\/produktas\/pro8-823-040-issavienojumu-komplekts#primaryimage"},"thumbnailUrl":"https:\/\/www.axiomams.eu\/wp-content\/uploads\/2025\/07\/2398-3091.jpg","datePublished":"2025-05-15T16:01:26+00:00","dateModified":"2026-03-25T14:58:59+00:00","breadcrumb":{"@id":"https:\/\/www.axiomams.eu\/lv\/produktas\/pro8-823-040-issavienojumu-komplekts#breadcrumb"},"inLanguage":"lv-LV","potentialAction":[{"@type":"ReadAction","target":["https:\/\/www.axiomams.eu\/lv\/produktas\/pro8-823-040-issavienojumu-komplekts"]}]},{"@type":"ImageObject","inLanguage":"lv-LV","@id":"https:\/\/www.axiomams.eu\/lv\/produktas\/pro8-823-040-issavienojumu-komplekts#primaryimage","url":"https:\/\/www.axiomams.eu\/wp-content\/uploads\/2025\/07\/2398-3091.jpg","contentUrl":"https:\/\/www.axiomams.eu\/wp-content\/uploads\/2025\/07\/2398-3091.jpg","width":1122,"height":1020},{"@type":"BreadcrumbList","@id":"https:\/\/www.axiomams.eu\/lv\/produktas\/pro8-823-040-issavienojumu-komplekts#breadcrumb","itemListElement":[{"@type":"ListItem","position":1,"name":"Home","item":"https:\/\/www.axiomams.eu\/lv"},{"@type":"ListItem","position":2,"name":"Produkti","item":"https:\/\/www.axiomams.eu\/lv\/produkti"},{"@type":"ListItem","position":3,"name":"PRO8 823.040 \u012assavienojumu komplekts"}]},{"@type":"WebSite","@id":"https:\/\/www.axiomams.eu\/lv#website","url":"https:\/\/www.axiomams.eu\/lv","name":"AXIOMA MS","description":"Terrmovizoriai ir matavimo \u012franga","publisher":{"@id":"https:\/\/www.axiomams.eu\/lv#organization"},"potentialAction":[{"@type":"SearchAction","target":{"@type":"EntryPoint","urlTemplate":"https:\/\/www.axiomams.eu\/lv?s={search_term_string}"},"query-input":{"@type":"PropertyValueSpecification","valueRequired":true,"valueName":"search_term_string"}}],"inLanguage":"lv-LV"},{"@type":"Organization","@id":"https:\/\/www.axiomams.eu\/lv#organization","name":"AXIOMA MS","url":"https:\/\/www.axiomams.eu\/lv","logo":{"@type":"ImageObject","inLanguage":"lv-LV","@id":"https:\/\/www.axiomams.eu\/lv#\/schema\/logo\/image\/","url":"https:\/\/www.axiomams.eu\/wp-content\/uploads\/2025\/06\/axioma-logo-2.png","contentUrl":"https:\/\/www.axiomams.eu\/wp-content\/uploads\/2025\/06\/axioma-logo-2.png","width":1200,"height":1200,"caption":"AXIOMA MS"},"image":{"@id":"https:\/\/www.axiomams.eu\/lv#\/schema\/logo\/image\/"},"sameAs":["https:\/\/www.facebook.com\/AxiomaMS","https:\/\/www.linkedin.com\/company\/axiomams\/"]}]}},"_links":{"self":[{"href":"https:\/\/www.axiomams.eu\/lv\/wp-json\/wp\/v2\/product\/38909","targetHints":{"allow":["GET"]}}],"collection":[{"href":"https:\/\/www.axiomams.eu\/lv\/wp-json\/wp\/v2\/product"}],"about":[{"href":"https:\/\/www.axiomams.eu\/lv\/wp-json\/wp\/v2\/types\/product"}],"replies":[{"embeddable":true,"href":"https:\/\/www.axiomams.eu\/lv\/wp-json\/wp\/v2\/comments?post=38909"}],"wp:featuredmedia":[{"embeddable":true,"href":"https:\/\/www.axiomams.eu\/lv\/wp-json\/wp\/v2\/media\/41522"}],"wp:attachment":[{"href":"https:\/\/www.axiomams.eu\/lv\/wp-json\/wp\/v2\/media?parent=38909"}],"wp:term":[{"taxonomy":"product_brand","embeddable":true,"href":"https:\/\/www.axiomams.eu\/lv\/wp-json\/wp\/v2\/product_brand?post=38909"},{"taxonomy":"product_cat","embeddable":true,"href":"https:\/\/www.axiomams.eu\/lv\/wp-json\/wp\/v2\/product_cat?post=38909"},{"taxonomy":"product_tag","embeddable":true,"href":"https:\/\/www.axiomams.eu\/lv\/wp-json\/wp\/v2\/product_tag?post=38909"}],"curies":[{"name":"wp","href":"https:\/\/api.w.org\/{rel}","templated":true}]}}