{"id":38914,"date":"2025-05-15T17:56:13","date_gmt":"2025-05-15T15:56:13","guid":{"rendered":"https:\/\/www.axiomams.eu\/produktas\/pro8-840-040-augstsprieguma-indikators"},"modified":"2026-03-25T16:59:00","modified_gmt":"2026-03-25T14:59:00","slug":"pro8-840-040-augstsprieguma-indikators","status":"publish","type":"product","link":"https:\/\/www.axiomams.eu\/lv\/produktas\/pro8-840-040-augstsprieguma-indikators","title":{"rendered":"PRO8 840.040 augstsprieguma indikators"},"content":{"rendered":"<p>PRO8 840.040 &#8211; Augstsprieguma indikators. PRO8 840.040 izol\u0101cijas stabs ir izgatavots no stikla \u0161\u0137iedras lamin\u0101ta, kam ir augsta elektrisk\u0101 un meh\u0101nisk\u0101 iztur\u012bba un stabilit\u0101te. PRO8 840.040 ir piem\u0113rots lieto\u0161anai \u0101rpus telp\u0101m norm\u0101los klimatiskajos apst\u0101k\u013cos &#8211; indikatora galvi\u0146a ir \u016bdensiztur\u012bga, rokturis ir apr\u012bkots ar aizsarg\u0101jo\u0161u gumijas roku aizsargu un izol\u0101cijas da\u013cai ir gumijas gredzeni (lietus nojumes), kas aiztur \u016bdeni.<br \/>\nTie\u0161as saskares laik\u0101 ar karstu da\u013cu sprieguma noteik\u0161anu signaliz\u0113 ska\u0146as sign\u0101ls un vizu\u0101ls LED sign\u0101ls.<\/p>\n<h3>Tehnisk\u0101 inform\u0101cija:<\/h3>\n<ul>\n<li><a href=\"https:\/\/axiomams.eu\/importer\/export\/attachments\/en\/pro8-840.040.pdf\" target=\"_blank\">PRO8 840.040.pdf<\/a><\/li>\n<\/ul>\n","protected":false},"excerpt":{"rendered":"<p>PRO8 840.040 &#8211; Augstsprieguma indikators. PRO8 840.040 izol\u0101cijas stabs ir izgatavots no stikla \u0161\u0137iedras lamin\u0101ta, kam ir augsta elektrisk\u0101 un meh\u0101nisk\u0101 iztur\u012bba un stabilit\u0101te. PRO8 840.040 ir piem\u0113rots lieto\u0161anai \u0101rpus telp\u0101m norm\u0101los klimatiskajos apst\u0101k\u013cos &#8211; indikatora galvi\u0146a ir \u016bdensiztur\u012bga, rokturis ir apr\u012bkots ar aizsarg\u0101jo\u0161u gumijas roku aizsargu un izol\u0101cijas da\u013cai ir gumijas gredzeni (lietus nojumes),&#8230;<\/p>\n","protected":false},"featured_media":41532,"comment_status":"open","ping_status":"closed","template":"","meta":{"_acf_changed":false},"product_brand":[739],"product_cat":[17718],"product_tag":[],"class_list":{"0":"post-38914","1":"product","2":"type-product","3":"status-publish","4":"has-post-thumbnail","6":"product_brand-pro8","7":"product_cat-par-elektrisko-drosibu","9":"first","10":"instock","11":"taxable","12":"shipping-taxable","13":"purchasable","14":"product-type-simple"},"acf":[],"yoast_head":"<!-- This site is optimized with the Yoast SEO plugin v27.0 - https:\/\/yoast.com\/product\/yoast-seo-wordpress\/ -->\n<title>PRO8 840.040 augstsprieguma indikators - AXIOMA MS<\/title>\n<meta name=\"robots\" content=\"index, follow, max-snippet:-1, max-image-preview:large, max-video-preview:-1\" \/>\n<link rel=\"canonical\" href=\"https:\/\/www.axiomams.eu\/lv\/produktas\/pro8-840-040-augstsprieguma-indikators\" \/>\n<meta property=\"og:locale\" content=\"lv_LV\" \/>\n<meta property=\"og:type\" content=\"article\" \/>\n<meta property=\"og:title\" content=\"PRO8 840.040 augstsprieguma indikators - AXIOMA MS\" \/>\n<meta property=\"og:description\" content=\"PRO8 840.040 &#8211; Augstsprieguma indikators. PRO8 840.040 izol\u0101cijas stabs ir izgatavots no stikla \u0161\u0137iedras lamin\u0101ta, kam ir augsta elektrisk\u0101 un meh\u0101nisk\u0101 iztur\u012bba un stabilit\u0101te. PRO8 840.040 ir piem\u0113rots lieto\u0161anai \u0101rpus telp\u0101m norm\u0101los klimatiskajos apst\u0101k\u013cos &#8211; indikatora galvi\u0146a ir \u016bdensiztur\u012bga, rokturis ir apr\u012bkots ar aizsarg\u0101jo\u0161u gumijas roku aizsargu un izol\u0101cijas da\u013cai ir gumijas gredzeni (lietus nojumes),...\" \/>\n<meta property=\"og:url\" content=\"https:\/\/www.axiomams.eu\/lv\/produktas\/pro8-840-040-augstsprieguma-indikators\" \/>\n<meta property=\"og:site_name\" content=\"AXIOMA MS\" \/>\n<meta property=\"article:publisher\" content=\"https:\/\/www.facebook.com\/AxiomaMS\" \/>\n<meta property=\"article:modified_time\" content=\"2026-03-25T14:59:00+00:00\" \/>\n<meta property=\"og:image\" content=\"https:\/\/www.axiomams.eu\/wp-content\/uploads\/2025\/07\/3040-4624.jpg\" \/>\n\t<meta property=\"og:image:width\" content=\"390\" \/>\n\t<meta property=\"og:image:height\" content=\"557\" \/>\n\t<meta property=\"og:image:type\" content=\"image\/jpeg\" \/>\n<meta name=\"twitter:card\" content=\"summary_large_image\" \/>\n<meta name=\"twitter:label1\" content=\"Est. reading time\" \/>\n\t<meta name=\"twitter:data1\" content=\"1 minute\" \/>\n<script type=\"application\/ld+json\" class=\"yoast-schema-graph\">{\"@context\":\"https:\/\/schema.org\",\"@graph\":[{\"@type\":\"WebPage\",\"@id\":\"https:\/\/www.axiomams.eu\/lv\/produktas\/pro8-840-040-augstsprieguma-indikators\",\"url\":\"https:\/\/www.axiomams.eu\/lv\/produktas\/pro8-840-040-augstsprieguma-indikators\",\"name\":\"PRO8 840.040 augstsprieguma indikators - AXIOMA MS\",\"isPartOf\":{\"@id\":\"https:\/\/www.axiomams.eu\/lv#website\"},\"primaryImageOfPage\":{\"@id\":\"https:\/\/www.axiomams.eu\/lv\/produktas\/pro8-840-040-augstsprieguma-indikators#primaryimage\"},\"image\":{\"@id\":\"https:\/\/www.axiomams.eu\/lv\/produktas\/pro8-840-040-augstsprieguma-indikators#primaryimage\"},\"thumbnailUrl\":\"https:\/\/www.axiomams.eu\/wp-content\/uploads\/2025\/07\/3040-4624.jpg\",\"datePublished\":\"2025-05-15T15:56:13+00:00\",\"dateModified\":\"2026-03-25T14:59:00+00:00\",\"breadcrumb\":{\"@id\":\"https:\/\/www.axiomams.eu\/lv\/produktas\/pro8-840-040-augstsprieguma-indikators#breadcrumb\"},\"inLanguage\":\"lv-LV\",\"potentialAction\":[{\"@type\":\"ReadAction\",\"target\":[\"https:\/\/www.axiomams.eu\/lv\/produktas\/pro8-840-040-augstsprieguma-indikators\"]}]},{\"@type\":\"ImageObject\",\"inLanguage\":\"lv-LV\",\"@id\":\"https:\/\/www.axiomams.eu\/lv\/produktas\/pro8-840-040-augstsprieguma-indikators#primaryimage\",\"url\":\"https:\/\/www.axiomams.eu\/wp-content\/uploads\/2025\/07\/3040-4624.jpg\",\"contentUrl\":\"https:\/\/www.axiomams.eu\/wp-content\/uploads\/2025\/07\/3040-4624.jpg\",\"width\":390,\"height\":557},{\"@type\":\"BreadcrumbList\",\"@id\":\"https:\/\/www.axiomams.eu\/lv\/produktas\/pro8-840-040-augstsprieguma-indikators#breadcrumb\",\"itemListElement\":[{\"@type\":\"ListItem\",\"position\":1,\"name\":\"Home\",\"item\":\"https:\/\/www.axiomams.eu\/lv\"},{\"@type\":\"ListItem\",\"position\":2,\"name\":\"Produkti\",\"item\":\"https:\/\/www.axiomams.eu\/lv\/produkti\"},{\"@type\":\"ListItem\",\"position\":3,\"name\":\"PRO8 840.040 augstsprieguma indikators\"}]},{\"@type\":\"WebSite\",\"@id\":\"https:\/\/www.axiomams.eu\/lv#website\",\"url\":\"https:\/\/www.axiomams.eu\/lv\",\"name\":\"AXIOMA MS\",\"description\":\"Terrmovizoriai ir matavimo \u012franga\",\"publisher\":{\"@id\":\"https:\/\/www.axiomams.eu\/lv#organization\"},\"potentialAction\":[{\"@type\":\"SearchAction\",\"target\":{\"@type\":\"EntryPoint\",\"urlTemplate\":\"https:\/\/www.axiomams.eu\/lv?s={search_term_string}\"},\"query-input\":{\"@type\":\"PropertyValueSpecification\",\"valueRequired\":true,\"valueName\":\"search_term_string\"}}],\"inLanguage\":\"lv-LV\"},{\"@type\":\"Organization\",\"@id\":\"https:\/\/www.axiomams.eu\/lv#organization\",\"name\":\"AXIOMA MS\",\"url\":\"https:\/\/www.axiomams.eu\/lv\",\"logo\":{\"@type\":\"ImageObject\",\"inLanguage\":\"lv-LV\",\"@id\":\"https:\/\/www.axiomams.eu\/lv#\/schema\/logo\/image\/\",\"url\":\"https:\/\/www.axiomams.eu\/wp-content\/uploads\/2025\/06\/axioma-logo-2.png\",\"contentUrl\":\"https:\/\/www.axiomams.eu\/wp-content\/uploads\/2025\/06\/axioma-logo-2.png\",\"width\":1200,\"height\":1200,\"caption\":\"AXIOMA MS\"},\"image\":{\"@id\":\"https:\/\/www.axiomams.eu\/lv#\/schema\/logo\/image\/\"},\"sameAs\":[\"https:\/\/www.facebook.com\/AxiomaMS\",\"https:\/\/www.linkedin.com\/company\/axiomams\/\"]}]}<\/script>\n<!-- \/ Yoast SEO plugin. -->","yoast_head_json":{"title":"PRO8 840.040 augstsprieguma indikators - AXIOMA MS","robots":{"index":"index","follow":"follow","max-snippet":"max-snippet:-1","max-image-preview":"max-image-preview:large","max-video-preview":"max-video-preview:-1"},"canonical":"https:\/\/www.axiomams.eu\/lv\/produktas\/pro8-840-040-augstsprieguma-indikators","og_locale":"lv_LV","og_type":"article","og_title":"PRO8 840.040 augstsprieguma indikators - AXIOMA MS","og_description":"PRO8 840.040 &#8211; Augstsprieguma indikators. PRO8 840.040 izol\u0101cijas stabs ir izgatavots no stikla \u0161\u0137iedras lamin\u0101ta, kam ir augsta elektrisk\u0101 un meh\u0101nisk\u0101 iztur\u012bba un stabilit\u0101te. PRO8 840.040 ir piem\u0113rots lieto\u0161anai \u0101rpus telp\u0101m norm\u0101los klimatiskajos apst\u0101k\u013cos &#8211; indikatora galvi\u0146a ir \u016bdensiztur\u012bga, rokturis ir apr\u012bkots ar aizsarg\u0101jo\u0161u gumijas roku aizsargu un izol\u0101cijas da\u013cai ir gumijas gredzeni (lietus nojumes),...","og_url":"https:\/\/www.axiomams.eu\/lv\/produktas\/pro8-840-040-augstsprieguma-indikators","og_site_name":"AXIOMA MS","article_publisher":"https:\/\/www.facebook.com\/AxiomaMS","article_modified_time":"2026-03-25T14:59:00+00:00","og_image":[{"width":390,"height":557,"url":"https:\/\/www.axiomams.eu\/wp-content\/uploads\/2025\/07\/3040-4624.jpg","type":"image\/jpeg"}],"twitter_card":"summary_large_image","twitter_misc":{"Est. reading time":"1 minute"},"schema":{"@context":"https:\/\/schema.org","@graph":[{"@type":"WebPage","@id":"https:\/\/www.axiomams.eu\/lv\/produktas\/pro8-840-040-augstsprieguma-indikators","url":"https:\/\/www.axiomams.eu\/lv\/produktas\/pro8-840-040-augstsprieguma-indikators","name":"PRO8 840.040 augstsprieguma indikators - AXIOMA MS","isPartOf":{"@id":"https:\/\/www.axiomams.eu\/lv#website"},"primaryImageOfPage":{"@id":"https:\/\/www.axiomams.eu\/lv\/produktas\/pro8-840-040-augstsprieguma-indikators#primaryimage"},"image":{"@id":"https:\/\/www.axiomams.eu\/lv\/produktas\/pro8-840-040-augstsprieguma-indikators#primaryimage"},"thumbnailUrl":"https:\/\/www.axiomams.eu\/wp-content\/uploads\/2025\/07\/3040-4624.jpg","datePublished":"2025-05-15T15:56:13+00:00","dateModified":"2026-03-25T14:59:00+00:00","breadcrumb":{"@id":"https:\/\/www.axiomams.eu\/lv\/produktas\/pro8-840-040-augstsprieguma-indikators#breadcrumb"},"inLanguage":"lv-LV","potentialAction":[{"@type":"ReadAction","target":["https:\/\/www.axiomams.eu\/lv\/produktas\/pro8-840-040-augstsprieguma-indikators"]}]},{"@type":"ImageObject","inLanguage":"lv-LV","@id":"https:\/\/www.axiomams.eu\/lv\/produktas\/pro8-840-040-augstsprieguma-indikators#primaryimage","url":"https:\/\/www.axiomams.eu\/wp-content\/uploads\/2025\/07\/3040-4624.jpg","contentUrl":"https:\/\/www.axiomams.eu\/wp-content\/uploads\/2025\/07\/3040-4624.jpg","width":390,"height":557},{"@type":"BreadcrumbList","@id":"https:\/\/www.axiomams.eu\/lv\/produktas\/pro8-840-040-augstsprieguma-indikators#breadcrumb","itemListElement":[{"@type":"ListItem","position":1,"name":"Home","item":"https:\/\/www.axiomams.eu\/lv"},{"@type":"ListItem","position":2,"name":"Produkti","item":"https:\/\/www.axiomams.eu\/lv\/produkti"},{"@type":"ListItem","position":3,"name":"PRO8 840.040 augstsprieguma indikators"}]},{"@type":"WebSite","@id":"https:\/\/www.axiomams.eu\/lv#website","url":"https:\/\/www.axiomams.eu\/lv","name":"AXIOMA MS","description":"Terrmovizoriai ir matavimo \u012franga","publisher":{"@id":"https:\/\/www.axiomams.eu\/lv#organization"},"potentialAction":[{"@type":"SearchAction","target":{"@type":"EntryPoint","urlTemplate":"https:\/\/www.axiomams.eu\/lv?s={search_term_string}"},"query-input":{"@type":"PropertyValueSpecification","valueRequired":true,"valueName":"search_term_string"}}],"inLanguage":"lv-LV"},{"@type":"Organization","@id":"https:\/\/www.axiomams.eu\/lv#organization","name":"AXIOMA MS","url":"https:\/\/www.axiomams.eu\/lv","logo":{"@type":"ImageObject","inLanguage":"lv-LV","@id":"https:\/\/www.axiomams.eu\/lv#\/schema\/logo\/image\/","url":"https:\/\/www.axiomams.eu\/wp-content\/uploads\/2025\/06\/axioma-logo-2.png","contentUrl":"https:\/\/www.axiomams.eu\/wp-content\/uploads\/2025\/06\/axioma-logo-2.png","width":1200,"height":1200,"caption":"AXIOMA MS"},"image":{"@id":"https:\/\/www.axiomams.eu\/lv#\/schema\/logo\/image\/"},"sameAs":["https:\/\/www.facebook.com\/AxiomaMS","https:\/\/www.linkedin.com\/company\/axiomams\/"]}]}},"_links":{"self":[{"href":"https:\/\/www.axiomams.eu\/lv\/wp-json\/wp\/v2\/product\/38914","targetHints":{"allow":["GET"]}}],"collection":[{"href":"https:\/\/www.axiomams.eu\/lv\/wp-json\/wp\/v2\/product"}],"about":[{"href":"https:\/\/www.axiomams.eu\/lv\/wp-json\/wp\/v2\/types\/product"}],"replies":[{"embeddable":true,"href":"https:\/\/www.axiomams.eu\/lv\/wp-json\/wp\/v2\/comments?post=38914"}],"wp:featuredmedia":[{"embeddable":true,"href":"https:\/\/www.axiomams.eu\/lv\/wp-json\/wp\/v2\/media\/41532"}],"wp:attachment":[{"href":"https:\/\/www.axiomams.eu\/lv\/wp-json\/wp\/v2\/media?parent=38914"}],"wp:term":[{"taxonomy":"product_brand","embeddable":true,"href":"https:\/\/www.axiomams.eu\/lv\/wp-json\/wp\/v2\/product_brand?post=38914"},{"taxonomy":"product_cat","embeddable":true,"href":"https:\/\/www.axiomams.eu\/lv\/wp-json\/wp\/v2\/product_cat?post=38914"},{"taxonomy":"product_tag","embeddable":true,"href":"https:\/\/www.axiomams.eu\/lv\/wp-json\/wp\/v2\/product_tag?post=38914"}],"curies":[{"name":"wp","href":"https:\/\/api.w.org\/{rel}","templated":true}]}}