{"id":38917,"date":"2025-10-31T01:01:07","date_gmt":"2025-10-30T23:01:07","guid":{"rendered":"https:\/\/www.axiomams.eu\/produktas\/pro8-855-007-fazes-komparators"},"modified":"2026-03-25T16:59:02","modified_gmt":"2026-03-25T14:59:02","slug":"pro8-855-007-fazes-komparators","status":"publish","type":"product","link":"https:\/\/www.axiomams.eu\/lv\/produktas\/pro8-855-007-fazes-komparators","title":{"rendered":"PRO8 855.007 F\u0101zes komparators"},"content":{"rendered":"<p>F\u0101\u017eu komparators ir specializ\u0113ta ier\u012bce, ko izmanto, lai p\u0101rbaud\u012btu, vai f\u0101zes elektroietais\u0113s ir f\u0101z\u0113 vai \u0101rpusf\u0101z\u0113, ja t\u0101s darbojas ar vien\u0101du nomin\u0101lo spriegumu un frekvenci. Tas ir \u012bpa\u0161i noder\u012bgs p\u0113c tehnisk\u0101s apkopes proced\u016br\u0101m vai tad, kad elektrot\u012bklam tiek piesl\u0113gtas jaunas iek\u0101rtas.<\/p>\n<p><b>Konstrukcija un sast\u0101vda\u013cas<\/b><br \/>\nIer\u012bc\u0113 ietilpst divi izol\u0101cijas stabi, kas savienoti ar augstsprieguma kabeli. Vien\u0101 pol\u0101 ir integr\u0113ts indikators un elektrods, bet otr\u0101 ir tikai elektrods. \u0160ie stabi ir izgatavoti no stikla \u0161\u0137iedras lamin\u0101ta &#8211; materi\u0101la, kas ir nov\u0113rt\u0113ts k\u0101 lieliski elektrisk\u0101s izol\u0101cijas, meh\u0101nisk\u0101s iztur\u012bbas un ilgtermi\u0146a stabilit\u0101tes materi\u0101ls.<\/p>\n<h3>Tehnisk\u0101 inform\u0101cija:<\/h3>\n<ul>\n<li><a href=\"https:\/\/axiomams.eu\/importer\/export\/attachments\/en\/pro8-855.007.pdf\" target=\"_blank\">PRO8 855.007.pdf<\/a><\/li>\n<\/ul>\n","protected":false},"excerpt":{"rendered":"<p>F\u0101\u017eu komparators ir specializ\u0113ta ier\u012bce, ko izmanto, lai p\u0101rbaud\u012btu, vai f\u0101zes elektroietais\u0113s ir f\u0101z\u0113 vai \u0101rpusf\u0101z\u0113, ja t\u0101s darbojas ar vien\u0101du nomin\u0101lo spriegumu un frekvenci. Tas ir \u012bpa\u0161i noder\u012bgs p\u0113c tehnisk\u0101s apkopes proced\u016br\u0101m vai tad, kad elektrot\u012bklam tiek piesl\u0113gtas jaunas iek\u0101rtas. Konstrukcija un sast\u0101vda\u013cas Ier\u012bc\u0113 ietilpst divi izol\u0101cijas stabi, kas savienoti ar augstsprieguma kabeli. Vien\u0101&#8230;<\/p>\n","protected":false},"featured_media":41538,"comment_status":"open","ping_status":"closed","template":"","meta":{"_acf_changed":false},"product_brand":[739],"product_cat":[17718],"product_tag":[],"class_list":{"0":"post-38917","1":"product","2":"type-product","3":"status-publish","4":"has-post-thumbnail","6":"product_brand-pro8","7":"product_cat-par-elektrisko-drosibu","9":"first","10":"instock","11":"taxable","12":"shipping-taxable","13":"purchasable","14":"product-type-simple"},"acf":[],"yoast_head":"<!-- This site is optimized with the Yoast SEO plugin v27.0 - https:\/\/yoast.com\/product\/yoast-seo-wordpress\/ -->\n<title>PRO8 855.007 F\u0101zes komparators - AXIOMA MS<\/title>\n<meta name=\"robots\" content=\"index, follow, max-snippet:-1, max-image-preview:large, max-video-preview:-1\" \/>\n<link rel=\"canonical\" href=\"https:\/\/www.axiomams.eu\/lv\/produktas\/pro8-855-007-fazes-komparators\" \/>\n<meta property=\"og:locale\" content=\"lv_LV\" \/>\n<meta property=\"og:type\" content=\"article\" \/>\n<meta property=\"og:title\" content=\"PRO8 855.007 F\u0101zes komparators - AXIOMA MS\" \/>\n<meta property=\"og:description\" content=\"F\u0101\u017eu komparators ir specializ\u0113ta ier\u012bce, ko izmanto, lai p\u0101rbaud\u012btu, vai f\u0101zes elektroietais\u0113s ir f\u0101z\u0113 vai \u0101rpusf\u0101z\u0113, ja t\u0101s darbojas ar vien\u0101du nomin\u0101lo spriegumu un frekvenci. Tas ir \u012bpa\u0161i noder\u012bgs p\u0113c tehnisk\u0101s apkopes proced\u016br\u0101m vai tad, kad elektrot\u012bklam tiek piesl\u0113gtas jaunas iek\u0101rtas. Konstrukcija un sast\u0101vda\u013cas Ier\u012bc\u0113 ietilpst divi izol\u0101cijas stabi, kas savienoti ar augstsprieguma kabeli. Vien\u0101...\" \/>\n<meta property=\"og:url\" content=\"https:\/\/www.axiomams.eu\/lv\/produktas\/pro8-855-007-fazes-komparators\" \/>\n<meta property=\"og:site_name\" content=\"AXIOMA MS\" \/>\n<meta property=\"article:publisher\" content=\"https:\/\/www.facebook.com\/AxiomaMS\" \/>\n<meta property=\"article:modified_time\" content=\"2026-03-25T14:59:02+00:00\" \/>\n<meta property=\"og:image\" content=\"https:\/\/www.axiomams.eu\/wp-content\/uploads\/2025\/10\/4689-6200.jpg\" \/>\n\t<meta property=\"og:image:width\" content=\"467\" \/>\n\t<meta property=\"og:image:height\" content=\"641\" \/>\n\t<meta property=\"og:image:type\" content=\"image\/jpeg\" \/>\n<meta name=\"twitter:card\" content=\"summary_large_image\" \/>\n<meta name=\"twitter:label1\" content=\"Est. reading time\" \/>\n\t<meta name=\"twitter:data1\" content=\"1 minute\" \/>\n<script type=\"application\/ld+json\" class=\"yoast-schema-graph\">{\"@context\":\"https:\/\/schema.org\",\"@graph\":[{\"@type\":\"WebPage\",\"@id\":\"https:\/\/www.axiomams.eu\/lv\/produktas\/pro8-855-007-fazes-komparators\",\"url\":\"https:\/\/www.axiomams.eu\/lv\/produktas\/pro8-855-007-fazes-komparators\",\"name\":\"PRO8 855.007 F\u0101zes komparators - AXIOMA MS\",\"isPartOf\":{\"@id\":\"https:\/\/www.axiomams.eu\/lv#website\"},\"primaryImageOfPage\":{\"@id\":\"https:\/\/www.axiomams.eu\/lv\/produktas\/pro8-855-007-fazes-komparators#primaryimage\"},\"image\":{\"@id\":\"https:\/\/www.axiomams.eu\/lv\/produktas\/pro8-855-007-fazes-komparators#primaryimage\"},\"thumbnailUrl\":\"https:\/\/www.axiomams.eu\/wp-content\/uploads\/2025\/10\/4689-6200.jpg\",\"datePublished\":\"2025-10-30T23:01:07+00:00\",\"dateModified\":\"2026-03-25T14:59:02+00:00\",\"breadcrumb\":{\"@id\":\"https:\/\/www.axiomams.eu\/lv\/produktas\/pro8-855-007-fazes-komparators#breadcrumb\"},\"inLanguage\":\"lv-LV\",\"potentialAction\":[{\"@type\":\"ReadAction\",\"target\":[\"https:\/\/www.axiomams.eu\/lv\/produktas\/pro8-855-007-fazes-komparators\"]}]},{\"@type\":\"ImageObject\",\"inLanguage\":\"lv-LV\",\"@id\":\"https:\/\/www.axiomams.eu\/lv\/produktas\/pro8-855-007-fazes-komparators#primaryimage\",\"url\":\"https:\/\/www.axiomams.eu\/wp-content\/uploads\/2025\/10\/4689-6200.jpg\",\"contentUrl\":\"https:\/\/www.axiomams.eu\/wp-content\/uploads\/2025\/10\/4689-6200.jpg\",\"width\":467,\"height\":641},{\"@type\":\"BreadcrumbList\",\"@id\":\"https:\/\/www.axiomams.eu\/lv\/produktas\/pro8-855-007-fazes-komparators#breadcrumb\",\"itemListElement\":[{\"@type\":\"ListItem\",\"position\":1,\"name\":\"Home\",\"item\":\"https:\/\/www.axiomams.eu\/lv\"},{\"@type\":\"ListItem\",\"position\":2,\"name\":\"Produkti\",\"item\":\"https:\/\/www.axiomams.eu\/lv\/produkti\"},{\"@type\":\"ListItem\",\"position\":3,\"name\":\"PRO8 855.007 F\u0101zes komparators\"}]},{\"@type\":\"WebSite\",\"@id\":\"https:\/\/www.axiomams.eu\/lv#website\",\"url\":\"https:\/\/www.axiomams.eu\/lv\",\"name\":\"AXIOMA MS\",\"description\":\"Terrmovizoriai ir matavimo \u012franga\",\"publisher\":{\"@id\":\"https:\/\/www.axiomams.eu\/lv#organization\"},\"potentialAction\":[{\"@type\":\"SearchAction\",\"target\":{\"@type\":\"EntryPoint\",\"urlTemplate\":\"https:\/\/www.axiomams.eu\/lv?s={search_term_string}\"},\"query-input\":{\"@type\":\"PropertyValueSpecification\",\"valueRequired\":true,\"valueName\":\"search_term_string\"}}],\"inLanguage\":\"lv-LV\"},{\"@type\":\"Organization\",\"@id\":\"https:\/\/www.axiomams.eu\/lv#organization\",\"name\":\"AXIOMA MS\",\"url\":\"https:\/\/www.axiomams.eu\/lv\",\"logo\":{\"@type\":\"ImageObject\",\"inLanguage\":\"lv-LV\",\"@id\":\"https:\/\/www.axiomams.eu\/lv#\/schema\/logo\/image\/\",\"url\":\"https:\/\/www.axiomams.eu\/wp-content\/uploads\/2025\/06\/axioma-logo-2.png\",\"contentUrl\":\"https:\/\/www.axiomams.eu\/wp-content\/uploads\/2025\/06\/axioma-logo-2.png\",\"width\":1200,\"height\":1200,\"caption\":\"AXIOMA MS\"},\"image\":{\"@id\":\"https:\/\/www.axiomams.eu\/lv#\/schema\/logo\/image\/\"},\"sameAs\":[\"https:\/\/www.facebook.com\/AxiomaMS\",\"https:\/\/www.linkedin.com\/company\/axiomams\/\"]}]}<\/script>\n<!-- \/ Yoast SEO plugin. -->","yoast_head_json":{"title":"PRO8 855.007 F\u0101zes komparators - AXIOMA MS","robots":{"index":"index","follow":"follow","max-snippet":"max-snippet:-1","max-image-preview":"max-image-preview:large","max-video-preview":"max-video-preview:-1"},"canonical":"https:\/\/www.axiomams.eu\/lv\/produktas\/pro8-855-007-fazes-komparators","og_locale":"lv_LV","og_type":"article","og_title":"PRO8 855.007 F\u0101zes komparators - AXIOMA MS","og_description":"F\u0101\u017eu komparators ir specializ\u0113ta ier\u012bce, ko izmanto, lai p\u0101rbaud\u012btu, vai f\u0101zes elektroietais\u0113s ir f\u0101z\u0113 vai \u0101rpusf\u0101z\u0113, ja t\u0101s darbojas ar vien\u0101du nomin\u0101lo spriegumu un frekvenci. Tas ir \u012bpa\u0161i noder\u012bgs p\u0113c tehnisk\u0101s apkopes proced\u016br\u0101m vai tad, kad elektrot\u012bklam tiek piesl\u0113gtas jaunas iek\u0101rtas. Konstrukcija un sast\u0101vda\u013cas Ier\u012bc\u0113 ietilpst divi izol\u0101cijas stabi, kas savienoti ar augstsprieguma kabeli. Vien\u0101...","og_url":"https:\/\/www.axiomams.eu\/lv\/produktas\/pro8-855-007-fazes-komparators","og_site_name":"AXIOMA MS","article_publisher":"https:\/\/www.facebook.com\/AxiomaMS","article_modified_time":"2026-03-25T14:59:02+00:00","og_image":[{"width":467,"height":641,"url":"https:\/\/www.axiomams.eu\/wp-content\/uploads\/2025\/10\/4689-6200.jpg","type":"image\/jpeg"}],"twitter_card":"summary_large_image","twitter_misc":{"Est. reading time":"1 minute"},"schema":{"@context":"https:\/\/schema.org","@graph":[{"@type":"WebPage","@id":"https:\/\/www.axiomams.eu\/lv\/produktas\/pro8-855-007-fazes-komparators","url":"https:\/\/www.axiomams.eu\/lv\/produktas\/pro8-855-007-fazes-komparators","name":"PRO8 855.007 F\u0101zes komparators - AXIOMA MS","isPartOf":{"@id":"https:\/\/www.axiomams.eu\/lv#website"},"primaryImageOfPage":{"@id":"https:\/\/www.axiomams.eu\/lv\/produktas\/pro8-855-007-fazes-komparators#primaryimage"},"image":{"@id":"https:\/\/www.axiomams.eu\/lv\/produktas\/pro8-855-007-fazes-komparators#primaryimage"},"thumbnailUrl":"https:\/\/www.axiomams.eu\/wp-content\/uploads\/2025\/10\/4689-6200.jpg","datePublished":"2025-10-30T23:01:07+00:00","dateModified":"2026-03-25T14:59:02+00:00","breadcrumb":{"@id":"https:\/\/www.axiomams.eu\/lv\/produktas\/pro8-855-007-fazes-komparators#breadcrumb"},"inLanguage":"lv-LV","potentialAction":[{"@type":"ReadAction","target":["https:\/\/www.axiomams.eu\/lv\/produktas\/pro8-855-007-fazes-komparators"]}]},{"@type":"ImageObject","inLanguage":"lv-LV","@id":"https:\/\/www.axiomams.eu\/lv\/produktas\/pro8-855-007-fazes-komparators#primaryimage","url":"https:\/\/www.axiomams.eu\/wp-content\/uploads\/2025\/10\/4689-6200.jpg","contentUrl":"https:\/\/www.axiomams.eu\/wp-content\/uploads\/2025\/10\/4689-6200.jpg","width":467,"height":641},{"@type":"BreadcrumbList","@id":"https:\/\/www.axiomams.eu\/lv\/produktas\/pro8-855-007-fazes-komparators#breadcrumb","itemListElement":[{"@type":"ListItem","position":1,"name":"Home","item":"https:\/\/www.axiomams.eu\/lv"},{"@type":"ListItem","position":2,"name":"Produkti","item":"https:\/\/www.axiomams.eu\/lv\/produkti"},{"@type":"ListItem","position":3,"name":"PRO8 855.007 F\u0101zes komparators"}]},{"@type":"WebSite","@id":"https:\/\/www.axiomams.eu\/lv#website","url":"https:\/\/www.axiomams.eu\/lv","name":"AXIOMA MS","description":"Terrmovizoriai ir matavimo \u012franga","publisher":{"@id":"https:\/\/www.axiomams.eu\/lv#organization"},"potentialAction":[{"@type":"SearchAction","target":{"@type":"EntryPoint","urlTemplate":"https:\/\/www.axiomams.eu\/lv?s={search_term_string}"},"query-input":{"@type":"PropertyValueSpecification","valueRequired":true,"valueName":"search_term_string"}}],"inLanguage":"lv-LV"},{"@type":"Organization","@id":"https:\/\/www.axiomams.eu\/lv#organization","name":"AXIOMA MS","url":"https:\/\/www.axiomams.eu\/lv","logo":{"@type":"ImageObject","inLanguage":"lv-LV","@id":"https:\/\/www.axiomams.eu\/lv#\/schema\/logo\/image\/","url":"https:\/\/www.axiomams.eu\/wp-content\/uploads\/2025\/06\/axioma-logo-2.png","contentUrl":"https:\/\/www.axiomams.eu\/wp-content\/uploads\/2025\/06\/axioma-logo-2.png","width":1200,"height":1200,"caption":"AXIOMA MS"},"image":{"@id":"https:\/\/www.axiomams.eu\/lv#\/schema\/logo\/image\/"},"sameAs":["https:\/\/www.facebook.com\/AxiomaMS","https:\/\/www.linkedin.com\/company\/axiomams\/"]}]}},"_links":{"self":[{"href":"https:\/\/www.axiomams.eu\/lv\/wp-json\/wp\/v2\/product\/38917","targetHints":{"allow":["GET"]}}],"collection":[{"href":"https:\/\/www.axiomams.eu\/lv\/wp-json\/wp\/v2\/product"}],"about":[{"href":"https:\/\/www.axiomams.eu\/lv\/wp-json\/wp\/v2\/types\/product"}],"replies":[{"embeddable":true,"href":"https:\/\/www.axiomams.eu\/lv\/wp-json\/wp\/v2\/comments?post=38917"}],"wp:featuredmedia":[{"embeddable":true,"href":"https:\/\/www.axiomams.eu\/lv\/wp-json\/wp\/v2\/media\/41538"}],"wp:attachment":[{"href":"https:\/\/www.axiomams.eu\/lv\/wp-json\/wp\/v2\/media?parent=38917"}],"wp:term":[{"taxonomy":"product_brand","embeddable":true,"href":"https:\/\/www.axiomams.eu\/lv\/wp-json\/wp\/v2\/product_brand?post=38917"},{"taxonomy":"product_cat","embeddable":true,"href":"https:\/\/www.axiomams.eu\/lv\/wp-json\/wp\/v2\/product_cat?post=38917"},{"taxonomy":"product_tag","embeddable":true,"href":"https:\/\/www.axiomams.eu\/lv\/wp-json\/wp\/v2\/product_tag?post=38917"}],"curies":[{"name":"wp","href":"https:\/\/api.w.org\/{rel}","templated":true}]}}