{"id":38922,"date":"2025-05-15T17:56:16","date_gmt":"2025-05-15T15:56:16","guid":{"rendered":"https:\/\/www.axiomams.eu\/produktas\/qnix-9500-premium-parklajuma-biezuma-meritajs"},"modified":"2026-03-25T16:59:03","modified_gmt":"2026-03-25T14:59:03","slug":"qnix-9500-premium-parklajuma-biezuma-meritajs","status":"publish","type":"product","link":"https:\/\/www.axiomams.eu\/lv\/produktas\/qnix-9500-premium-parklajuma-biezuma-meritajs","title":{"rendered":"Qnix 9500 Premium+ p\u0101rkl\u0101juma biezuma m\u0113r\u012bt\u0101js"},"content":{"rendered":"<p>QNix 9500 p\u0101rkl\u0101juma biezuma m\u0113r\u012bt\u0101js nodro\u0161ina prec\u012bzus m\u0113r\u012bjumus ar augstu atk\u0101rtojam\u012bbu un ir iztur\u012bgs, ar IP65 putek\u013cu un \u0161\u013cakatu iztur\u012bbu. Funkcijas ietver ergonomisku dizainu ar spilgtu, pret skr\u0101p\u0113jumiem iztur\u012bgu LCD displeju, modul\u0101rus zondes elast\u012bbai un vienk\u0101r\u0161u, intuit\u012bvu darb\u012bbu. Ier\u012bce nodro\u0161ina ar\u012b vieglu kalibr\u0113\u0161anu, zondes nomai\u0146u un ir apr\u012bkota ar programmat\u016bru efekt\u012bvai atskai\u0161u sagatavo\u0161anai. Tas ir ide\u0101li piem\u0113rots lieto\u0161anai sare\u017e\u0123\u012bt\u0101 vid\u0113, nodro\u0161inot prec\u012bzus un uzticamus rezult\u0101tus pat skarbos apst\u0101k\u013cos.<\/p>\n<p>Standarta komplekts: QNix 9500 p\u0101rkl\u0101juma biezuma m\u0113r\u012bt\u0101js, programmat\u016bra QN9, atskaites plate, 2 testa folijas, lieto\u0161anas instrukcija, USB kabelis, baterijas, plastmasas futr\u0101lis, zonde, testa sertifik\u0101ts, zondes tur\u0113t\u0101js, zondes kabelis.<\/p>\n<h3>Tehnisk\u0101 inform\u0101cija:<\/h3>\n<ul>\n<li><a href=\"https:\/\/axiomams.eu\/importer\/export\/attachments\/en\/qnix-9500.pdf\" target=\"_blank\">QNix 9500.pdf<\/a><\/li>\n<\/ul>\n","protected":false},"excerpt":{"rendered":"<p>QNix 9500 p\u0101rkl\u0101juma biezuma m\u0113r\u012bt\u0101js nodro\u0161ina prec\u012bzus m\u0113r\u012bjumus ar augstu atk\u0101rtojam\u012bbu un ir iztur\u012bgs, ar IP65 putek\u013cu un \u0161\u013cakatu iztur\u012bbu. Funkcijas ietver ergonomisku dizainu ar spilgtu, pret skr\u0101p\u0113jumiem iztur\u012bgu LCD displeju, modul\u0101rus zondes elast\u012bbai un vienk\u0101r\u0161u, intuit\u012bvu darb\u012bbu. Ier\u012bce nodro\u0161ina ar\u012b vieglu kalibr\u0113\u0161anu, zondes nomai\u0146u un ir apr\u012bkota ar programmat\u016bru efekt\u012bvai atskai\u0161u sagatavo\u0161anai. Tas ir&#8230;<\/p>\n","protected":false},"featured_media":41548,"comment_status":"open","ping_status":"closed","template":"","meta":{"_acf_changed":false},"product_brand":[7405],"product_cat":[17748],"product_tag":[],"class_list":{"0":"post-38922","1":"product","2":"type-product","3":"status-publish","4":"has-post-thumbnail","6":"product_brand-qnix","7":"product_cat-parklajuma-un-sienas-biezuma-merisanai","9":"first","10":"instock","11":"taxable","12":"shipping-taxable","13":"product-type-simple"},"acf":[],"yoast_head":"<!-- This site is optimized with the Yoast SEO plugin v27.0 - https:\/\/yoast.com\/product\/yoast-seo-wordpress\/ -->\n<title>Qnix 9500 Premium+ p\u0101rkl\u0101juma biezuma m\u0113r\u012bt\u0101js - AXIOMA MS<\/title>\n<meta name=\"robots\" content=\"index, follow, max-snippet:-1, max-image-preview:large, max-video-preview:-1\" \/>\n<link rel=\"canonical\" href=\"https:\/\/www.axiomams.eu\/lv\/produktas\/qnix-9500-premium-parklajuma-biezuma-meritajs\" \/>\n<meta property=\"og:locale\" content=\"lv_LV\" \/>\n<meta property=\"og:type\" content=\"article\" \/>\n<meta property=\"og:title\" content=\"Qnix 9500 Premium+ p\u0101rkl\u0101juma biezuma m\u0113r\u012bt\u0101js - AXIOMA MS\" \/>\n<meta property=\"og:description\" content=\"QNix 9500 p\u0101rkl\u0101juma biezuma m\u0113r\u012bt\u0101js nodro\u0161ina prec\u012bzus m\u0113r\u012bjumus ar augstu atk\u0101rtojam\u012bbu un ir iztur\u012bgs, ar IP65 putek\u013cu un \u0161\u013cakatu iztur\u012bbu. Funkcijas ietver ergonomisku dizainu ar spilgtu, pret skr\u0101p\u0113jumiem iztur\u012bgu LCD displeju, modul\u0101rus zondes elast\u012bbai un vienk\u0101r\u0161u, intuit\u012bvu darb\u012bbu. Ier\u012bce nodro\u0161ina ar\u012b vieglu kalibr\u0113\u0161anu, zondes nomai\u0146u un ir apr\u012bkota ar programmat\u016bru efekt\u012bvai atskai\u0161u sagatavo\u0161anai. Tas ir...\" \/>\n<meta property=\"og:url\" content=\"https:\/\/www.axiomams.eu\/lv\/produktas\/qnix-9500-premium-parklajuma-biezuma-meritajs\" \/>\n<meta property=\"og:site_name\" content=\"AXIOMA MS\" \/>\n<meta property=\"article:publisher\" content=\"https:\/\/www.facebook.com\/AxiomaMS\" \/>\n<meta property=\"article:modified_time\" content=\"2026-03-25T14:59:03+00:00\" \/>\n<meta property=\"og:image\" content=\"https:\/\/www.axiomams.eu\/wp-content\/uploads\/2025\/08\/4594-6158.png\" \/>\n\t<meta property=\"og:image:width\" content=\"1020\" \/>\n\t<meta property=\"og:image:height\" content=\"1020\" \/>\n\t<meta property=\"og:image:type\" content=\"image\/png\" \/>\n<meta name=\"twitter:card\" content=\"summary_large_image\" \/>\n<meta name=\"twitter:label1\" content=\"Est. reading time\" \/>\n\t<meta name=\"twitter:data1\" content=\"1 minute\" \/>\n<script type=\"application\/ld+json\" class=\"yoast-schema-graph\">{\"@context\":\"https:\/\/schema.org\",\"@graph\":[{\"@type\":\"WebPage\",\"@id\":\"https:\/\/www.axiomams.eu\/lv\/produktas\/qnix-9500-premium-parklajuma-biezuma-meritajs\",\"url\":\"https:\/\/www.axiomams.eu\/lv\/produktas\/qnix-9500-premium-parklajuma-biezuma-meritajs\",\"name\":\"Qnix 9500 Premium+ p\u0101rkl\u0101juma biezuma m\u0113r\u012bt\u0101js - AXIOMA MS\",\"isPartOf\":{\"@id\":\"https:\/\/www.axiomams.eu\/lv#website\"},\"primaryImageOfPage\":{\"@id\":\"https:\/\/www.axiomams.eu\/lv\/produktas\/qnix-9500-premium-parklajuma-biezuma-meritajs#primaryimage\"},\"image\":{\"@id\":\"https:\/\/www.axiomams.eu\/lv\/produktas\/qnix-9500-premium-parklajuma-biezuma-meritajs#primaryimage\"},\"thumbnailUrl\":\"https:\/\/www.axiomams.eu\/wp-content\/uploads\/2025\/08\/4594-6158.png\",\"datePublished\":\"2025-05-15T15:56:16+00:00\",\"dateModified\":\"2026-03-25T14:59:03+00:00\",\"breadcrumb\":{\"@id\":\"https:\/\/www.axiomams.eu\/lv\/produktas\/qnix-9500-premium-parklajuma-biezuma-meritajs#breadcrumb\"},\"inLanguage\":\"lv-LV\",\"potentialAction\":[{\"@type\":\"ReadAction\",\"target\":[\"https:\/\/www.axiomams.eu\/lv\/produktas\/qnix-9500-premium-parklajuma-biezuma-meritajs\"]}]},{\"@type\":\"ImageObject\",\"inLanguage\":\"lv-LV\",\"@id\":\"https:\/\/www.axiomams.eu\/lv\/produktas\/qnix-9500-premium-parklajuma-biezuma-meritajs#primaryimage\",\"url\":\"https:\/\/www.axiomams.eu\/wp-content\/uploads\/2025\/08\/4594-6158.png\",\"contentUrl\":\"https:\/\/www.axiomams.eu\/wp-content\/uploads\/2025\/08\/4594-6158.png\",\"width\":1020,\"height\":1020},{\"@type\":\"BreadcrumbList\",\"@id\":\"https:\/\/www.axiomams.eu\/lv\/produktas\/qnix-9500-premium-parklajuma-biezuma-meritajs#breadcrumb\",\"itemListElement\":[{\"@type\":\"ListItem\",\"position\":1,\"name\":\"Home\",\"item\":\"https:\/\/www.axiomams.eu\/lv\"},{\"@type\":\"ListItem\",\"position\":2,\"name\":\"Produkti\",\"item\":\"https:\/\/www.axiomams.eu\/lv\/produkti\"},{\"@type\":\"ListItem\",\"position\":3,\"name\":\"Qnix 9500 Premium+ p\u0101rkl\u0101juma biezuma m\u0113r\u012bt\u0101js\"}]},{\"@type\":\"WebSite\",\"@id\":\"https:\/\/www.axiomams.eu\/lv#website\",\"url\":\"https:\/\/www.axiomams.eu\/lv\",\"name\":\"AXIOMA MS\",\"description\":\"Terrmovizoriai ir matavimo \u012franga\",\"publisher\":{\"@id\":\"https:\/\/www.axiomams.eu\/lv#organization\"},\"potentialAction\":[{\"@type\":\"SearchAction\",\"target\":{\"@type\":\"EntryPoint\",\"urlTemplate\":\"https:\/\/www.axiomams.eu\/lv?s={search_term_string}\"},\"query-input\":{\"@type\":\"PropertyValueSpecification\",\"valueRequired\":true,\"valueName\":\"search_term_string\"}}],\"inLanguage\":\"lv-LV\"},{\"@type\":\"Organization\",\"@id\":\"https:\/\/www.axiomams.eu\/lv#organization\",\"name\":\"AXIOMA MS\",\"url\":\"https:\/\/www.axiomams.eu\/lv\",\"logo\":{\"@type\":\"ImageObject\",\"inLanguage\":\"lv-LV\",\"@id\":\"https:\/\/www.axiomams.eu\/lv#\/schema\/logo\/image\/\",\"url\":\"https:\/\/www.axiomams.eu\/wp-content\/uploads\/2025\/06\/axioma-logo-2.png\",\"contentUrl\":\"https:\/\/www.axiomams.eu\/wp-content\/uploads\/2025\/06\/axioma-logo-2.png\",\"width\":1200,\"height\":1200,\"caption\":\"AXIOMA MS\"},\"image\":{\"@id\":\"https:\/\/www.axiomams.eu\/lv#\/schema\/logo\/image\/\"},\"sameAs\":[\"https:\/\/www.facebook.com\/AxiomaMS\",\"https:\/\/www.linkedin.com\/company\/axiomams\/\"]}]}<\/script>\n<!-- \/ Yoast SEO plugin. -->","yoast_head_json":{"title":"Qnix 9500 Premium+ p\u0101rkl\u0101juma biezuma m\u0113r\u012bt\u0101js - AXIOMA MS","robots":{"index":"index","follow":"follow","max-snippet":"max-snippet:-1","max-image-preview":"max-image-preview:large","max-video-preview":"max-video-preview:-1"},"canonical":"https:\/\/www.axiomams.eu\/lv\/produktas\/qnix-9500-premium-parklajuma-biezuma-meritajs","og_locale":"lv_LV","og_type":"article","og_title":"Qnix 9500 Premium+ p\u0101rkl\u0101juma biezuma m\u0113r\u012bt\u0101js - AXIOMA MS","og_description":"QNix 9500 p\u0101rkl\u0101juma biezuma m\u0113r\u012bt\u0101js nodro\u0161ina prec\u012bzus m\u0113r\u012bjumus ar augstu atk\u0101rtojam\u012bbu un ir iztur\u012bgs, ar IP65 putek\u013cu un \u0161\u013cakatu iztur\u012bbu. Funkcijas ietver ergonomisku dizainu ar spilgtu, pret skr\u0101p\u0113jumiem iztur\u012bgu LCD displeju, modul\u0101rus zondes elast\u012bbai un vienk\u0101r\u0161u, intuit\u012bvu darb\u012bbu. Ier\u012bce nodro\u0161ina ar\u012b vieglu kalibr\u0113\u0161anu, zondes nomai\u0146u un ir apr\u012bkota ar programmat\u016bru efekt\u012bvai atskai\u0161u sagatavo\u0161anai. Tas ir...","og_url":"https:\/\/www.axiomams.eu\/lv\/produktas\/qnix-9500-premium-parklajuma-biezuma-meritajs","og_site_name":"AXIOMA MS","article_publisher":"https:\/\/www.facebook.com\/AxiomaMS","article_modified_time":"2026-03-25T14:59:03+00:00","og_image":[{"width":1020,"height":1020,"url":"https:\/\/www.axiomams.eu\/wp-content\/uploads\/2025\/08\/4594-6158.png","type":"image\/png"}],"twitter_card":"summary_large_image","twitter_misc":{"Est. reading time":"1 minute"},"schema":{"@context":"https:\/\/schema.org","@graph":[{"@type":"WebPage","@id":"https:\/\/www.axiomams.eu\/lv\/produktas\/qnix-9500-premium-parklajuma-biezuma-meritajs","url":"https:\/\/www.axiomams.eu\/lv\/produktas\/qnix-9500-premium-parklajuma-biezuma-meritajs","name":"Qnix 9500 Premium+ p\u0101rkl\u0101juma biezuma m\u0113r\u012bt\u0101js - AXIOMA MS","isPartOf":{"@id":"https:\/\/www.axiomams.eu\/lv#website"},"primaryImageOfPage":{"@id":"https:\/\/www.axiomams.eu\/lv\/produktas\/qnix-9500-premium-parklajuma-biezuma-meritajs#primaryimage"},"image":{"@id":"https:\/\/www.axiomams.eu\/lv\/produktas\/qnix-9500-premium-parklajuma-biezuma-meritajs#primaryimage"},"thumbnailUrl":"https:\/\/www.axiomams.eu\/wp-content\/uploads\/2025\/08\/4594-6158.png","datePublished":"2025-05-15T15:56:16+00:00","dateModified":"2026-03-25T14:59:03+00:00","breadcrumb":{"@id":"https:\/\/www.axiomams.eu\/lv\/produktas\/qnix-9500-premium-parklajuma-biezuma-meritajs#breadcrumb"},"inLanguage":"lv-LV","potentialAction":[{"@type":"ReadAction","target":["https:\/\/www.axiomams.eu\/lv\/produktas\/qnix-9500-premium-parklajuma-biezuma-meritajs"]}]},{"@type":"ImageObject","inLanguage":"lv-LV","@id":"https:\/\/www.axiomams.eu\/lv\/produktas\/qnix-9500-premium-parklajuma-biezuma-meritajs#primaryimage","url":"https:\/\/www.axiomams.eu\/wp-content\/uploads\/2025\/08\/4594-6158.png","contentUrl":"https:\/\/www.axiomams.eu\/wp-content\/uploads\/2025\/08\/4594-6158.png","width":1020,"height":1020},{"@type":"BreadcrumbList","@id":"https:\/\/www.axiomams.eu\/lv\/produktas\/qnix-9500-premium-parklajuma-biezuma-meritajs#breadcrumb","itemListElement":[{"@type":"ListItem","position":1,"name":"Home","item":"https:\/\/www.axiomams.eu\/lv"},{"@type":"ListItem","position":2,"name":"Produkti","item":"https:\/\/www.axiomams.eu\/lv\/produkti"},{"@type":"ListItem","position":3,"name":"Qnix 9500 Premium+ p\u0101rkl\u0101juma biezuma m\u0113r\u012bt\u0101js"}]},{"@type":"WebSite","@id":"https:\/\/www.axiomams.eu\/lv#website","url":"https:\/\/www.axiomams.eu\/lv","name":"AXIOMA MS","description":"Terrmovizoriai ir matavimo \u012franga","publisher":{"@id":"https:\/\/www.axiomams.eu\/lv#organization"},"potentialAction":[{"@type":"SearchAction","target":{"@type":"EntryPoint","urlTemplate":"https:\/\/www.axiomams.eu\/lv?s={search_term_string}"},"query-input":{"@type":"PropertyValueSpecification","valueRequired":true,"valueName":"search_term_string"}}],"inLanguage":"lv-LV"},{"@type":"Organization","@id":"https:\/\/www.axiomams.eu\/lv#organization","name":"AXIOMA MS","url":"https:\/\/www.axiomams.eu\/lv","logo":{"@type":"ImageObject","inLanguage":"lv-LV","@id":"https:\/\/www.axiomams.eu\/lv#\/schema\/logo\/image\/","url":"https:\/\/www.axiomams.eu\/wp-content\/uploads\/2025\/06\/axioma-logo-2.png","contentUrl":"https:\/\/www.axiomams.eu\/wp-content\/uploads\/2025\/06\/axioma-logo-2.png","width":1200,"height":1200,"caption":"AXIOMA MS"},"image":{"@id":"https:\/\/www.axiomams.eu\/lv#\/schema\/logo\/image\/"},"sameAs":["https:\/\/www.facebook.com\/AxiomaMS","https:\/\/www.linkedin.com\/company\/axiomams\/"]}]}},"_links":{"self":[{"href":"https:\/\/www.axiomams.eu\/lv\/wp-json\/wp\/v2\/product\/38922","targetHints":{"allow":["GET"]}}],"collection":[{"href":"https:\/\/www.axiomams.eu\/lv\/wp-json\/wp\/v2\/product"}],"about":[{"href":"https:\/\/www.axiomams.eu\/lv\/wp-json\/wp\/v2\/types\/product"}],"replies":[{"embeddable":true,"href":"https:\/\/www.axiomams.eu\/lv\/wp-json\/wp\/v2\/comments?post=38922"}],"wp:featuredmedia":[{"embeddable":true,"href":"https:\/\/www.axiomams.eu\/lv\/wp-json\/wp\/v2\/media\/41548"}],"wp:attachment":[{"href":"https:\/\/www.axiomams.eu\/lv\/wp-json\/wp\/v2\/media?parent=38922"}],"wp:term":[{"taxonomy":"product_brand","embeddable":true,"href":"https:\/\/www.axiomams.eu\/lv\/wp-json\/wp\/v2\/product_brand?post=38922"},{"taxonomy":"product_cat","embeddable":true,"href":"https:\/\/www.axiomams.eu\/lv\/wp-json\/wp\/v2\/product_cat?post=38922"},{"taxonomy":"product_tag","embeddable":true,"href":"https:\/\/www.axiomams.eu\/lv\/wp-json\/wp\/v2\/product_tag?post=38922"}],"curies":[{"name":"wp","href":"https:\/\/api.w.org\/{rel}","templated":true}]}}