{"id":38925,"date":"2025-05-15T17:56:21","date_gmt":"2025-05-15T15:56:21","guid":{"rendered":"https:\/\/www.axiomams.eu\/produktas\/flir-a400-ass-termokamera"},"modified":"2026-03-25T16:59:03","modified_gmt":"2026-03-25T14:59:03","slug":"flir-a400-ass-termokamera","status":"publish","type":"product","link":"https:\/\/www.axiomams.eu\/lv\/produktas\/flir-a400-ass-termokamera","title":{"rendered":"Flir A400 ASS termokamera"},"content":{"rendered":"<p>Flir A400 ASS, konfigur\u0113ts att\u0113lu straum\u0113\u0161anai, pied\u0101v\u0101 automatiz\u0101cijas risin\u0101jumu sniedz\u0113jiem un ieinteres\u0113taj\u0101m pus\u0113m r\u016bpniec\u012bb\u0101 nepiecie\u0161am\u0101s iesp\u0113jas, lai prec\u012bzi noteiktu siltuma probl\u0113mas ra\u017eo\u0161anas procesos. Ar motoriz\u0113tu fokusa kontroli un saspiestu radiometrisko att\u0113lu straum\u0113\u0161anu \u0161\u012bs automatiz\u0101cijas kameras var risin\u0101t vissare\u017e\u0123\u012bt\u0101kos att\u0101lin\u0101tas uzraudz\u012bbas un temperat\u016bras m\u0113r\u012b\u0161anas uzdevumus. Optimiz\u0113jiet procesu kontroli un uzlabojiet kvalit\u0101tes nodro\u0161in\u0101\u0161anu, veicot termisku p\u0101rbaudi uz l\u012bnijas, vai identific\u0113jiet neparastus apst\u0101k\u013cus, pirms k\u013c\u016bme izraisa ra\u017eo\u0161anas aptur\u0113\u0161anu. Flir A400 ASS var ar\u012b nodro\u0161in\u0101t agr\u012bnu atkl\u0101\u0161anu, lai \u0101tr\u0101k rea\u0123\u0113tu uz iesp\u0113jamiem ugunsgr\u0113kiem, pal\u012bdzot samazin\u0101t ievainojumus un iek\u0101rtu boj\u0101jumus. Flir A400 AS kameras pied\u0101v\u0101 nep\u0101rsp\u0113jamu jaudu un elast\u012bbu termisk\u0101s uzraudz\u012bbas jom\u0101, lai uzlabotu produktu kvalit\u0101ti, produktivit\u0101ti, apkopi un dro\u0161\u012bbu.<\/p>\n<p>Standarta komplekts: Komplekt\u0101: infrasarkan\u0101 kamera 400 Advanced Smart Sensor ar 42\u00b0 un WiFi, Ethernet kabelis M12 l\u012bdz RJ45F (0,3 m), druk\u0101t\u0101 dokument\u0101cija, objekt\u012bvs, priek\u0161\u0113jais objekt\u012bva v\u0101ci\u0146\u0161, aizmugur\u0113jais objekt\u012bva v\u0101ci\u0146\u0161.<\/p>\n<h3>Tehnisk\u0101 inform\u0101cija:<\/h3>\n<ul>\n<li><a href=\"https:\/\/axiomams.eu\/importer\/export\/attachments\/en\/flir-a400-smart-sensor.pdf\" target=\"_blank\">FLIR A400 Smart Sensor.pdf<\/a><\/li>\n<\/ul>\n","protected":false},"excerpt":{"rendered":"<p>Flir A400 ASS, konfigur\u0113ts att\u0113lu straum\u0113\u0161anai, pied\u0101v\u0101 automatiz\u0101cijas risin\u0101jumu sniedz\u0113jiem un ieinteres\u0113taj\u0101m pus\u0113m r\u016bpniec\u012bb\u0101 nepiecie\u0161am\u0101s iesp\u0113jas, lai prec\u012bzi noteiktu siltuma probl\u0113mas ra\u017eo\u0161anas procesos. Ar motoriz\u0113tu fokusa kontroli un saspiestu radiometrisko att\u0113lu straum\u0113\u0161anu \u0161\u012bs automatiz\u0101cijas kameras var risin\u0101t vissare\u017e\u0123\u012bt\u0101kos att\u0101lin\u0101tas uzraudz\u012bbas un temperat\u016bras m\u0113r\u012b\u0161anas uzdevumus. Optimiz\u0113jiet procesu kontroli un uzlabojiet kvalit\u0101tes nodro\u0161in\u0101\u0161anu, veicot termisku p\u0101rbaudi uz&#8230;<\/p>\n","protected":false},"featured_media":41554,"comment_status":"open","ping_status":"closed","template":"","meta":{"_acf_changed":false},"product_brand":[734],"product_cat":[17734],"product_tag":[],"class_list":{"0":"post-38925","1":"product","2":"type-product","3":"status-publish","4":"has-post-thumbnail","6":"product_brand-flir","7":"product_cat-automatizacija","9":"first","10":"instock","11":"taxable","12":"shipping-taxable","13":"product-type-simple"},"acf":[],"yoast_head":"<!-- This site is optimized with the Yoast SEO plugin v27.0 - https:\/\/yoast.com\/product\/yoast-seo-wordpress\/ -->\n<title>Flir A400 ASS termokamera - AXIOMA MS<\/title>\n<meta name=\"robots\" content=\"index, follow, max-snippet:-1, max-image-preview:large, max-video-preview:-1\" \/>\n<link rel=\"canonical\" href=\"https:\/\/www.axiomams.eu\/lv\/produktas\/flir-a400-ass-termokamera\" \/>\n<meta property=\"og:locale\" content=\"lv_LV\" \/>\n<meta property=\"og:type\" content=\"article\" \/>\n<meta property=\"og:title\" content=\"Flir A400 ASS termokamera - AXIOMA MS\" \/>\n<meta property=\"og:description\" content=\"Flir A400 ASS, konfigur\u0113ts att\u0113lu straum\u0113\u0161anai, pied\u0101v\u0101 automatiz\u0101cijas risin\u0101jumu sniedz\u0113jiem un ieinteres\u0113taj\u0101m pus\u0113m r\u016bpniec\u012bb\u0101 nepiecie\u0161am\u0101s iesp\u0113jas, lai prec\u012bzi noteiktu siltuma probl\u0113mas ra\u017eo\u0161anas procesos. Ar motoriz\u0113tu fokusa kontroli un saspiestu radiometrisko att\u0113lu straum\u0113\u0161anu \u0161\u012bs automatiz\u0101cijas kameras var risin\u0101t vissare\u017e\u0123\u012bt\u0101kos att\u0101lin\u0101tas uzraudz\u012bbas un temperat\u016bras m\u0113r\u012b\u0161anas uzdevumus. Optimiz\u0113jiet procesu kontroli un uzlabojiet kvalit\u0101tes nodro\u0161in\u0101\u0161anu, veicot termisku p\u0101rbaudi uz...\" \/>\n<meta property=\"og:url\" content=\"https:\/\/www.axiomams.eu\/lv\/produktas\/flir-a400-ass-termokamera\" \/>\n<meta property=\"og:site_name\" content=\"AXIOMA MS\" \/>\n<meta property=\"article:publisher\" content=\"https:\/\/www.facebook.com\/AxiomaMS\" \/>\n<meta property=\"article:modified_time\" content=\"2026-03-25T14:59:03+00:00\" \/>\n<meta property=\"og:image\" content=\"https:\/\/www.axiomams.eu\/wp-content\/uploads\/2025\/07\/3232-4283.jpg\" \/>\n\t<meta property=\"og:image:width\" content=\"1358\" \/>\n\t<meta property=\"og:image:height\" content=\"1020\" \/>\n\t<meta property=\"og:image:type\" content=\"image\/jpeg\" \/>\n<meta name=\"twitter:card\" content=\"summary_large_image\" \/>\n<meta name=\"twitter:label1\" content=\"Est. reading time\" \/>\n\t<meta name=\"twitter:data1\" content=\"1 minute\" \/>\n<script type=\"application\/ld+json\" class=\"yoast-schema-graph\">{\"@context\":\"https:\/\/schema.org\",\"@graph\":[{\"@type\":\"WebPage\",\"@id\":\"https:\/\/www.axiomams.eu\/lv\/produktas\/flir-a400-ass-termokamera\",\"url\":\"https:\/\/www.axiomams.eu\/lv\/produktas\/flir-a400-ass-termokamera\",\"name\":\"Flir A400 ASS termokamera - AXIOMA MS\",\"isPartOf\":{\"@id\":\"https:\/\/www.axiomams.eu\/lv#website\"},\"primaryImageOfPage\":{\"@id\":\"https:\/\/www.axiomams.eu\/lv\/produktas\/flir-a400-ass-termokamera#primaryimage\"},\"image\":{\"@id\":\"https:\/\/www.axiomams.eu\/lv\/produktas\/flir-a400-ass-termokamera#primaryimage\"},\"thumbnailUrl\":\"https:\/\/www.axiomams.eu\/wp-content\/uploads\/2025\/07\/3232-4283.jpg\",\"datePublished\":\"2025-05-15T15:56:21+00:00\",\"dateModified\":\"2026-03-25T14:59:03+00:00\",\"breadcrumb\":{\"@id\":\"https:\/\/www.axiomams.eu\/lv\/produktas\/flir-a400-ass-termokamera#breadcrumb\"},\"inLanguage\":\"lv-LV\",\"potentialAction\":[{\"@type\":\"ReadAction\",\"target\":[\"https:\/\/www.axiomams.eu\/lv\/produktas\/flir-a400-ass-termokamera\"]}]},{\"@type\":\"ImageObject\",\"inLanguage\":\"lv-LV\",\"@id\":\"https:\/\/www.axiomams.eu\/lv\/produktas\/flir-a400-ass-termokamera#primaryimage\",\"url\":\"https:\/\/www.axiomams.eu\/wp-content\/uploads\/2025\/07\/3232-4283.jpg\",\"contentUrl\":\"https:\/\/www.axiomams.eu\/wp-content\/uploads\/2025\/07\/3232-4283.jpg\",\"width\":1358,\"height\":1020},{\"@type\":\"BreadcrumbList\",\"@id\":\"https:\/\/www.axiomams.eu\/lv\/produktas\/flir-a400-ass-termokamera#breadcrumb\",\"itemListElement\":[{\"@type\":\"ListItem\",\"position\":1,\"name\":\"Home\",\"item\":\"https:\/\/www.axiomams.eu\/lv\"},{\"@type\":\"ListItem\",\"position\":2,\"name\":\"Produkti\",\"item\":\"https:\/\/www.axiomams.eu\/lv\/produkti\"},{\"@type\":\"ListItem\",\"position\":3,\"name\":\"Flir A400 ASS termokamera\"}]},{\"@type\":\"WebSite\",\"@id\":\"https:\/\/www.axiomams.eu\/lv#website\",\"url\":\"https:\/\/www.axiomams.eu\/lv\",\"name\":\"AXIOMA MS\",\"description\":\"\",\"publisher\":{\"@id\":\"https:\/\/www.axiomams.eu\/lv#organization\"},\"potentialAction\":[{\"@type\":\"SearchAction\",\"target\":{\"@type\":\"EntryPoint\",\"urlTemplate\":\"https:\/\/www.axiomams.eu\/lv?s={search_term_string}\"},\"query-input\":{\"@type\":\"PropertyValueSpecification\",\"valueRequired\":true,\"valueName\":\"search_term_string\"}}],\"inLanguage\":\"lv-LV\"},{\"@type\":\"Organization\",\"@id\":\"https:\/\/www.axiomams.eu\/lv#organization\",\"name\":\"AXIOMA MS\",\"url\":\"https:\/\/www.axiomams.eu\/lv\",\"logo\":{\"@type\":\"ImageObject\",\"inLanguage\":\"lv-LV\",\"@id\":\"https:\/\/www.axiomams.eu\/lv#\/schema\/logo\/image\/\",\"url\":\"https:\/\/www.axiomams.eu\/wp-content\/uploads\/2025\/06\/axioma-logo-2.png\",\"contentUrl\":\"https:\/\/www.axiomams.eu\/wp-content\/uploads\/2025\/06\/axioma-logo-2.png\",\"width\":1200,\"height\":1200,\"caption\":\"AXIOMA MS\"},\"image\":{\"@id\":\"https:\/\/www.axiomams.eu\/lv#\/schema\/logo\/image\/\"},\"sameAs\":[\"https:\/\/www.facebook.com\/AxiomaMS\",\"https:\/\/www.linkedin.com\/company\/axiomams\/\"]}]}<\/script>\n<!-- \/ Yoast SEO plugin. -->","yoast_head_json":{"title":"Flir A400 ASS termokamera - AXIOMA MS","robots":{"index":"index","follow":"follow","max-snippet":"max-snippet:-1","max-image-preview":"max-image-preview:large","max-video-preview":"max-video-preview:-1"},"canonical":"https:\/\/www.axiomams.eu\/lv\/produktas\/flir-a400-ass-termokamera","og_locale":"lv_LV","og_type":"article","og_title":"Flir A400 ASS termokamera - AXIOMA MS","og_description":"Flir A400 ASS, konfigur\u0113ts att\u0113lu straum\u0113\u0161anai, pied\u0101v\u0101 automatiz\u0101cijas risin\u0101jumu sniedz\u0113jiem un ieinteres\u0113taj\u0101m pus\u0113m r\u016bpniec\u012bb\u0101 nepiecie\u0161am\u0101s iesp\u0113jas, lai prec\u012bzi noteiktu siltuma probl\u0113mas ra\u017eo\u0161anas procesos. Ar motoriz\u0113tu fokusa kontroli un saspiestu radiometrisko att\u0113lu straum\u0113\u0161anu \u0161\u012bs automatiz\u0101cijas kameras var risin\u0101t vissare\u017e\u0123\u012bt\u0101kos att\u0101lin\u0101tas uzraudz\u012bbas un temperat\u016bras m\u0113r\u012b\u0161anas uzdevumus. Optimiz\u0113jiet procesu kontroli un uzlabojiet kvalit\u0101tes nodro\u0161in\u0101\u0161anu, veicot termisku p\u0101rbaudi uz...","og_url":"https:\/\/www.axiomams.eu\/lv\/produktas\/flir-a400-ass-termokamera","og_site_name":"AXIOMA MS","article_publisher":"https:\/\/www.facebook.com\/AxiomaMS","article_modified_time":"2026-03-25T14:59:03+00:00","og_image":[{"width":1358,"height":1020,"url":"https:\/\/www.axiomams.eu\/wp-content\/uploads\/2025\/07\/3232-4283.jpg","type":"image\/jpeg"}],"twitter_card":"summary_large_image","twitter_misc":{"Est. reading time":"1 minute"},"schema":{"@context":"https:\/\/schema.org","@graph":[{"@type":"WebPage","@id":"https:\/\/www.axiomams.eu\/lv\/produktas\/flir-a400-ass-termokamera","url":"https:\/\/www.axiomams.eu\/lv\/produktas\/flir-a400-ass-termokamera","name":"Flir A400 ASS termokamera - AXIOMA MS","isPartOf":{"@id":"https:\/\/www.axiomams.eu\/lv#website"},"primaryImageOfPage":{"@id":"https:\/\/www.axiomams.eu\/lv\/produktas\/flir-a400-ass-termokamera#primaryimage"},"image":{"@id":"https:\/\/www.axiomams.eu\/lv\/produktas\/flir-a400-ass-termokamera#primaryimage"},"thumbnailUrl":"https:\/\/www.axiomams.eu\/wp-content\/uploads\/2025\/07\/3232-4283.jpg","datePublished":"2025-05-15T15:56:21+00:00","dateModified":"2026-03-25T14:59:03+00:00","breadcrumb":{"@id":"https:\/\/www.axiomams.eu\/lv\/produktas\/flir-a400-ass-termokamera#breadcrumb"},"inLanguage":"lv-LV","potentialAction":[{"@type":"ReadAction","target":["https:\/\/www.axiomams.eu\/lv\/produktas\/flir-a400-ass-termokamera"]}]},{"@type":"ImageObject","inLanguage":"lv-LV","@id":"https:\/\/www.axiomams.eu\/lv\/produktas\/flir-a400-ass-termokamera#primaryimage","url":"https:\/\/www.axiomams.eu\/wp-content\/uploads\/2025\/07\/3232-4283.jpg","contentUrl":"https:\/\/www.axiomams.eu\/wp-content\/uploads\/2025\/07\/3232-4283.jpg","width":1358,"height":1020},{"@type":"BreadcrumbList","@id":"https:\/\/www.axiomams.eu\/lv\/produktas\/flir-a400-ass-termokamera#breadcrumb","itemListElement":[{"@type":"ListItem","position":1,"name":"Home","item":"https:\/\/www.axiomams.eu\/lv"},{"@type":"ListItem","position":2,"name":"Produkti","item":"https:\/\/www.axiomams.eu\/lv\/produkti"},{"@type":"ListItem","position":3,"name":"Flir A400 ASS termokamera"}]},{"@type":"WebSite","@id":"https:\/\/www.axiomams.eu\/lv#website","url":"https:\/\/www.axiomams.eu\/lv","name":"AXIOMA MS","description":"","publisher":{"@id":"https:\/\/www.axiomams.eu\/lv#organization"},"potentialAction":[{"@type":"SearchAction","target":{"@type":"EntryPoint","urlTemplate":"https:\/\/www.axiomams.eu\/lv?s={search_term_string}"},"query-input":{"@type":"PropertyValueSpecification","valueRequired":true,"valueName":"search_term_string"}}],"inLanguage":"lv-LV"},{"@type":"Organization","@id":"https:\/\/www.axiomams.eu\/lv#organization","name":"AXIOMA MS","url":"https:\/\/www.axiomams.eu\/lv","logo":{"@type":"ImageObject","inLanguage":"lv-LV","@id":"https:\/\/www.axiomams.eu\/lv#\/schema\/logo\/image\/","url":"https:\/\/www.axiomams.eu\/wp-content\/uploads\/2025\/06\/axioma-logo-2.png","contentUrl":"https:\/\/www.axiomams.eu\/wp-content\/uploads\/2025\/06\/axioma-logo-2.png","width":1200,"height":1200,"caption":"AXIOMA MS"},"image":{"@id":"https:\/\/www.axiomams.eu\/lv#\/schema\/logo\/image\/"},"sameAs":["https:\/\/www.facebook.com\/AxiomaMS","https:\/\/www.linkedin.com\/company\/axiomams\/"]}]}},"_links":{"self":[{"href":"https:\/\/www.axiomams.eu\/lv\/wp-json\/wp\/v2\/product\/38925","targetHints":{"allow":["GET"]}}],"collection":[{"href":"https:\/\/www.axiomams.eu\/lv\/wp-json\/wp\/v2\/product"}],"about":[{"href":"https:\/\/www.axiomams.eu\/lv\/wp-json\/wp\/v2\/types\/product"}],"replies":[{"embeddable":true,"href":"https:\/\/www.axiomams.eu\/lv\/wp-json\/wp\/v2\/comments?post=38925"}],"wp:featuredmedia":[{"embeddable":true,"href":"https:\/\/www.axiomams.eu\/lv\/wp-json\/wp\/v2\/media\/41554"}],"wp:attachment":[{"href":"https:\/\/www.axiomams.eu\/lv\/wp-json\/wp\/v2\/media?parent=38925"}],"wp:term":[{"taxonomy":"product_brand","embeddable":true,"href":"https:\/\/www.axiomams.eu\/lv\/wp-json\/wp\/v2\/product_brand?post=38925"},{"taxonomy":"product_cat","embeddable":true,"href":"https:\/\/www.axiomams.eu\/lv\/wp-json\/wp\/v2\/product_cat?post=38925"},{"taxonomy":"product_tag","embeddable":true,"href":"https:\/\/www.axiomams.eu\/lv\/wp-json\/wp\/v2\/product_tag?post=38925"}],"curies":[{"name":"wp","href":"https:\/\/api.w.org\/{rel}","templated":true}]}}